{"id":64272,"date":"2025-11-11T21:59:30","date_gmt":"2025-11-11T21:59:30","guid":{"rendered":"http:\/\/alekeskus.eu\/product\/aiamoobel-sanne18-sugavimmutatud-lopumuuk\/"},"modified":"2026-01-08T12:34:55","modified_gmt":"2026-01-08T12:34:55","slug":"aiamoobel-sanne18-alekeskus","status":"publish","type":"product","link":"https:\/\/alekeskus.eu\/et\/toode\/aiamoobel-sanne18-alekeskus\/","title":{"rendered":"Aiam\u00f6\u00f6bel Sanne18 s\u00fcgavimmutatud"},"content":{"rendered":"","protected":false},"excerpt":{"rendered":"<p>M\u00f5\u00f5dud: aialaud 1800 x 740 x H=750 mm<\/p>\n<p>kaks pinki 1800 x 368 x H=420 mm<\/p>\n<p>Jalad 70x70mm. P\u00f5hjamaine okaspuit.<\/p>\n<p>Roheline s\u00fcvaimmutus HC3. Eesti toode.<\/p>\n<p>Kaasas kinnitusvahendid ja koostejuhis.<\/p>\n","protected":false},"featured_media":75366,"template":"","meta":{"_monsterinsights_skip_tracking":false,"_monsterinsights_sitenote_active":false,"_monsterinsights_sitenote_note":"","_monsterinsights_sitenote_category":0},"pwb-brand":[],"product_brand":[],"product_cat":[13564,13538,13530],"product_tag":[14025,17336,14139,18838,18839,14256,14347,14603,14605,14606,14648],"class_list":{"0":"post-64272","1":"product","2":"type-product","3":"status-publish","4":"has-post-thumbnail","6":"product_cat-aiamoobel","7":"product_cat-ale","8":"product_cat-aed-ja-kodu","9":"product_tag-aiamoobel","10":"product_tag-sanne","11":"product_tag-ulkokaluste","12":"product_tag-terrassimoobel","13":"product_tag-eestis-tehtud-moobel","14":"product_tag-aed","15":"product_tag-puit","16":"product_tag-laud","17":"product_tag-pink","18":"product_tag-aiapink","19":"product_tag-pihasomistus","20":"product_shipping_class-30-300kg","21":"pa_garantii-2-aastat","22":"pa_kohaletoimetamine-veohind-mandri-eestis-alekeskus","23":"pa_laoasukoht-poltsamaa","24":"pa_tellimisaeg-2-10-toopaeva","25":"pa_veame-eesti-ja-soome","27":"first","28":"instock","29":"sale","30":"featured","31":"taxable","32":"shipping-taxable","33":"purchasable","34":"product-type-simple"},"yoast_head":"<!-- This site is optimized with the Yoast SEO plugin v27.3 - https:\/\/yoast.com\/product\/yoast-seo-wordpress\/ -->\n<title>Aiam\u00f6\u00f6bel Sanne18 s\u00fcgavimmutatud - Alekeskus<\/title>\n<meta name=\"description\" content=\"Eestis tehtud puidust aiam\u00f6\u00f6bel\" \/>\n<meta name=\"robots\" content=\"index, follow, max-snippet:-1, max-image-preview:large, max-video-preview:-1\" \/>\n<link rel=\"canonical\" href=\"https:\/\/alekeskus.eu\/toode\/aiamoobel-sanne18-alekeskus\/\" \/>\n<meta property=\"og:locale\" content=\"et_EE\" \/>\n<meta property=\"og:type\" content=\"article\" \/>\n<meta property=\"og:title\" content=\"Aiam\u00f6\u00f6bel Sanne18 s\u00fcgavimmutatud - Alekeskus\" \/>\n<meta property=\"og:description\" content=\"Eestis tehtud puidust aiam\u00f6\u00f6bel\" \/>\n<meta property=\"og:url\" content=\"https:\/\/alekeskus.eu\/toode\/aiamoobel-sanne18-alekeskus\/\" \/>\n<meta property=\"og:site_name\" content=\"Alekeskus\" \/>\n<meta property=\"article:modified_time\" content=\"2026-01-08T12:34:55+00:00\" \/>\n<meta property=\"og:image\" content=\"https:\/\/alekeskus.eu\/wp-content\/uploads\/2021\/11\/Sanne18-roheline-looduses.jpg\" \/>\n\t<meta property=\"og:image:width\" content=\"1020\" \/>\n\t<meta property=\"og:image:height\" content=\"671\" \/>\n\t<meta property=\"og:image:type\" content=\"image\/jpeg\" \/>\n<meta name=\"twitter:card\" content=\"summary_large_image\" \/>\n<meta name=\"twitter:label1\" content=\"Est. reading time\" \/>\n\t<meta name=\"twitter:data1\" content=\"1 minut\" \/>\n<script type=\"application\/ld+json\" class=\"yoast-schema-graph\">{\"@context\":\"https:\\\/\\\/schema.org\",\"@graph\":[{\"@type\":\"WebPage\",\"@id\":\"https:\\\/\\\/alekeskus.eu\\\/toode\\\/aiamoobel-sanne18-alekeskus\\\/\",\"url\":\"https:\\\/\\\/alekeskus.eu\\\/toode\\\/aiamoobel-sanne18-alekeskus\\\/\",\"name\":\"Aiam\u00f6\u00f6bel Sanne18 s\u00fcgavimmutatud - Alekeskus\",\"isPartOf\":{\"@id\":\"https:\\\/\\\/alekeskus.eu\\\/#website\"},\"primaryImageOfPage\":{\"@id\":\"https:\\\/\\\/alekeskus.eu\\\/toode\\\/aiamoobel-sanne18-alekeskus\\\/#primaryimage\"},\"image\":{\"@id\":\"https:\\\/\\\/alekeskus.eu\\\/toode\\\/aiamoobel-sanne18-alekeskus\\\/#primaryimage\"},\"thumbnailUrl\":\"https:\\\/\\\/alekeskus.eu\\\/wp-content\\\/uploads\\\/2021\\\/11\\\/Sanne18-roheline-looduses.jpg\",\"datePublished\":\"2025-11-11T21:59:30+00:00\",\"dateModified\":\"2026-01-08T12:34:55+00:00\",\"description\":\"Eestis tehtud puidust aiam\u00f6\u00f6bel\",\"breadcrumb\":{\"@id\":\"https:\\\/\\\/alekeskus.eu\\\/toode\\\/aiamoobel-sanne18-alekeskus\\\/#breadcrumb\"},\"inLanguage\":\"et\",\"potentialAction\":[{\"@type\":\"ReadAction\",\"target\":[\"https:\\\/\\\/alekeskus.eu\\\/toode\\\/aiamoobel-sanne18-alekeskus\\\/\"]}]},{\"@type\":\"ImageObject\",\"inLanguage\":\"et\",\"@id\":\"https:\\\/\\\/alekeskus.eu\\\/toode\\\/aiamoobel-sanne18-alekeskus\\\/#primaryimage\",\"url\":\"https:\\\/\\\/alekeskus.eu\\\/wp-content\\\/uploads\\\/2021\\\/11\\\/Sanne18-roheline-looduses.jpg\",\"contentUrl\":\"https:\\\/\\\/alekeskus.eu\\\/wp-content\\\/uploads\\\/2021\\\/11\\\/Sanne18-roheline-looduses.jpg\",\"width\":1020,\"height\":671},{\"@type\":\"BreadcrumbList\",\"@id\":\"https:\\\/\\\/alekeskus.eu\\\/toode\\\/aiamoobel-sanne18-alekeskus\\\/#breadcrumb\",\"itemListElement\":[{\"@type\":\"ListItem\",\"position\":1,\"name\":\"Avaleht\",\"item\":\"https:\\\/\\\/alekeskus.eu\\\/et\\\/\"},{\"@type\":\"ListItem\",\"position\":2,\"name\":\"Pood\",\"item\":\"https:\\\/\\\/alekeskus.eu\\\/pood\\\/\"},{\"@type\":\"ListItem\",\"position\":3,\"name\":\"Aiam\u00f6\u00f6bel Sanne18 s\u00fcgavimmutatud\"}]},{\"@type\":\"WebSite\",\"@id\":\"https:\\\/\\\/alekeskus.eu\\\/#website\",\"url\":\"https:\\\/\\\/alekeskus.eu\\\/\",\"name\":\"Alekeskus\",\"description\":\"Alekeskus.eu\",\"potentialAction\":[{\"@type\":\"SearchAction\",\"target\":{\"@type\":\"EntryPoint\",\"urlTemplate\":\"https:\\\/\\\/alekeskus.eu\\\/?s={search_term_string}\"},\"query-input\":{\"@type\":\"PropertyValueSpecification\",\"valueRequired\":true,\"valueName\":\"search_term_string\"}}],\"inLanguage\":\"et\"}]}<\/script>\n<!-- \/ Yoast SEO plugin. -->","yoast_head_json":{"title":"Aiam\u00f6\u00f6bel Sanne18 s\u00fcgavimmutatud - Alekeskus","description":"Eestis tehtud puidust aiam\u00f6\u00f6bel","robots":{"index":"index","follow":"follow","max-snippet":"max-snippet:-1","max-image-preview":"max-image-preview:large","max-video-preview":"max-video-preview:-1"},"canonical":"https:\/\/alekeskus.eu\/toode\/aiamoobel-sanne18-alekeskus\/","og_locale":"et_EE","og_type":"article","og_title":"Aiam\u00f6\u00f6bel Sanne18 s\u00fcgavimmutatud - Alekeskus","og_description":"Eestis tehtud puidust aiam\u00f6\u00f6bel","og_url":"https:\/\/alekeskus.eu\/toode\/aiamoobel-sanne18-alekeskus\/","og_site_name":"Alekeskus","article_modified_time":"2026-01-08T12:34:55+00:00","og_image":[{"width":1020,"height":671,"url":"https:\/\/alekeskus.eu\/wp-content\/uploads\/2021\/11\/Sanne18-roheline-looduses.jpg","type":"image\/jpeg"}],"twitter_card":"summary_large_image","twitter_misc":{"Est. reading time":"1 minut"},"schema":{"@context":"https:\/\/schema.org","@graph":[{"@type":"WebPage","@id":"https:\/\/alekeskus.eu\/toode\/aiamoobel-sanne18-alekeskus\/","url":"https:\/\/alekeskus.eu\/toode\/aiamoobel-sanne18-alekeskus\/","name":"Aiam\u00f6\u00f6bel Sanne18 s\u00fcgavimmutatud - Alekeskus","isPartOf":{"@id":"https:\/\/alekeskus.eu\/#website"},"primaryImageOfPage":{"@id":"https:\/\/alekeskus.eu\/toode\/aiamoobel-sanne18-alekeskus\/#primaryimage"},"image":{"@id":"https:\/\/alekeskus.eu\/toode\/aiamoobel-sanne18-alekeskus\/#primaryimage"},"thumbnailUrl":"https:\/\/alekeskus.eu\/wp-content\/uploads\/2021\/11\/Sanne18-roheline-looduses.jpg","datePublished":"2025-11-11T21:59:30+00:00","dateModified":"2026-01-08T12:34:55+00:00","description":"Eestis tehtud puidust aiam\u00f6\u00f6bel","breadcrumb":{"@id":"https:\/\/alekeskus.eu\/toode\/aiamoobel-sanne18-alekeskus\/#breadcrumb"},"inLanguage":"et","potentialAction":[{"@type":"ReadAction","target":["https:\/\/alekeskus.eu\/toode\/aiamoobel-sanne18-alekeskus\/"]}]},{"@type":"ImageObject","inLanguage":"et","@id":"https:\/\/alekeskus.eu\/toode\/aiamoobel-sanne18-alekeskus\/#primaryimage","url":"https:\/\/alekeskus.eu\/wp-content\/uploads\/2021\/11\/Sanne18-roheline-looduses.jpg","contentUrl":"https:\/\/alekeskus.eu\/wp-content\/uploads\/2021\/11\/Sanne18-roheline-looduses.jpg","width":1020,"height":671},{"@type":"BreadcrumbList","@id":"https:\/\/alekeskus.eu\/toode\/aiamoobel-sanne18-alekeskus\/#breadcrumb","itemListElement":[{"@type":"ListItem","position":1,"name":"Avaleht","item":"https:\/\/alekeskus.eu\/et\/"},{"@type":"ListItem","position":2,"name":"Pood","item":"https:\/\/alekeskus.eu\/pood\/"},{"@type":"ListItem","position":3,"name":"Aiam\u00f6\u00f6bel Sanne18 s\u00fcgavimmutatud"}]},{"@type":"WebSite","@id":"https:\/\/alekeskus.eu\/#website","url":"https:\/\/alekeskus.eu\/","name":"Alekeskus","description":"Alekeskus.eu","potentialAction":[{"@type":"SearchAction","target":{"@type":"EntryPoint","urlTemplate":"https:\/\/alekeskus.eu\/?s={search_term_string}"},"query-input":{"@type":"PropertyValueSpecification","valueRequired":true,"valueName":"search_term_string"}}],"inLanguage":"et"}]}},"brands":[],"_links":{"self":[{"href":"https:\/\/alekeskus.eu\/et\/wp-json\/wp\/v2\/product\/64272","targetHints":{"allow":["GET"]}}],"collection":[{"href":"https:\/\/alekeskus.eu\/et\/wp-json\/wp\/v2\/product"}],"about":[{"href":"https:\/\/alekeskus.eu\/et\/wp-json\/wp\/v2\/types\/product"}],"wp:featuredmedia":[{"embeddable":true,"href":"https:\/\/alekeskus.eu\/et\/wp-json\/wp\/v2\/media\/75366"}],"wp:attachment":[{"href":"https:\/\/alekeskus.eu\/et\/wp-json\/wp\/v2\/media?parent=64272"}],"wp:term":[{"taxonomy":"pwb-brand","embeddable":true,"href":"https:\/\/alekeskus.eu\/et\/wp-json\/wp\/v2\/pwb-brand?post=64272"},{"taxonomy":"product_brand","embeddable":true,"href":"https:\/\/alekeskus.eu\/et\/wp-json\/wp\/v2\/product_brand?post=64272"},{"taxonomy":"product_cat","embeddable":true,"href":"https:\/\/alekeskus.eu\/et\/wp-json\/wp\/v2\/product_cat?post=64272"},{"taxonomy":"product_tag","embeddable":true,"href":"https:\/\/alekeskus.eu\/et\/wp-json\/wp\/v2\/product_tag?post=64272"}],"curies":[{"name":"wp","href":"https:\/\/api.w.org\/{rel}","templated":true}]}}