{"id":64410,"date":"2025-10-20T22:02:12","date_gmt":"2025-10-20T22:02:12","guid":{"rendered":"http:\/\/alekeskus.eu\/product\/lille-ja-peenrakast-immutatud-240x120x30cm\/"},"modified":"2026-03-27T16:51:01","modified_gmt":"2026-03-27T16:51:01","slug":"peenrakast-immutatud-240x120x30cm-alekeskus","status":"publish","type":"product","link":"https:\/\/alekeskus.eu\/et\/toode\/peenrakast-immutatud-240x120x30cm-alekeskus\/","title":{"rendered":"Peenrakast s\u00fcvaimmutatud puidust 240 x 120 x 30 cm"},"content":{"rendered":"","protected":false},"excerpt":{"rendered":"<p>Kestev s\u00fcgavimmutatud poolitatud \u00fcmarpuit (v\u00e4rvus roheline).<\/p>\n<p>Pakendis kaasas pikik\u00fclgede p\u00f5\u00f5nad, koostejuhend ja kruvid. Pakendi m\u00f5\u00f5t 2,4 x 0,3 x 0,2 m, kaal 40 kg.<\/p>\n<p>Eesti toode. Peenrakast mahutab u 800 l mulda.<\/p>\n<p>Tellimisel toode, toimetusaeg u 1 kuu.<\/p>\n<p>Vedu mandri Eestis 49\u20ac (suursaartele 80\u20ac).<\/p>\n","protected":false},"featured_media":95716,"template":"","meta":{"_monsterinsights_skip_tracking":false,"_monsterinsights_sitenote_active":false,"_monsterinsights_sitenote_note":"","_monsterinsights_sitenote_category":0},"pwb-brand":[],"product_brand":[],"product_cat":[13566,13530],"product_tag":[14622,14732,14733,14735,14740,14141,14147,14148,14250],"class_list":{"0":"post-64410","1":"product","2":"type-product","3":"status-publish","4":"has-post-thumbnail","6":"product_cat-iluaiandus","7":"product_cat-aed-ja-kodu","8":"product_tag-immutatud-puit","9":"product_tag-peenrakast","10":"product_tag-kasvatuskast","11":"product_tag-istutuskast","12":"product_tag-istutuslaatikko","13":"product_tag-lillekast","14":"product_tag-kukkalaatikko","15":"product_tag-istutus","16":"product_tag-painekyllastetty","17":"product_shipping_class-30-300kg","18":"pa_kohaletoimetamine-veohind-mandri-eestis-alekeskus","19":"pa_tellimisaeg-kuni-4-nadalat","20":"pa_varv-roheline","21":"pa_veame-eesti-ja-soome","23":"first","24":"onbackorder","25":"taxable","26":"shipping-taxable","27":"purchasable","28":"product-type-simple"},"yoast_head":"<!-- This site is optimized with the Yoast SEO plugin v27.3 - https:\/\/yoast.com\/product\/yoast-seo-wordpress\/ -->\n<title>Peenrakast s\u00fcvaimmutatud puidust 240 x 120 x 30 cm - Alekeskus<\/title>\n<meta name=\"description\" content=\"peenrakast s\u00fcvaimmutatud puidust\" \/>\n<meta name=\"robots\" content=\"index, follow, max-snippet:-1, max-image-preview:large, max-video-preview:-1\" \/>\n<link rel=\"canonical\" href=\"https:\/\/alekeskus.eu\/et\/toode\/peenrakast-immutatud-240x120x30cm-alekeskus\/\" \/>\n<meta property=\"og:locale\" content=\"et_EE\" \/>\n<meta property=\"og:type\" content=\"article\" \/>\n<meta property=\"og:title\" content=\"Peenrakast s\u00fcvaimmutatud puidust 240 x 120 x 30 cm - Alekeskus\" \/>\n<meta property=\"og:description\" content=\"peenrakast s\u00fcvaimmutatud puidust\" \/>\n<meta property=\"og:url\" content=\"https:\/\/alekeskus.eu\/et\/toode\/peenrakast-immutatud-240x120x30cm-alekeskus\/\" \/>\n<meta property=\"og:site_name\" content=\"Alekeskus\" \/>\n<meta property=\"article:modified_time\" content=\"2026-03-27T16:51:01+00:00\" \/>\n<meta property=\"og:image\" content=\"https:\/\/alekeskus.eu\/wp-content\/uploads\/2025\/10\/Peenrakast_rohelin.jpg\" \/>\n\t<meta property=\"og:image:width\" content=\"1180\" \/>\n\t<meta property=\"og:image:height\" content=\"787\" \/>\n\t<meta property=\"og:image:type\" content=\"image\/jpeg\" \/>\n<meta name=\"twitter:card\" content=\"summary_large_image\" \/>\n<meta name=\"twitter:label1\" content=\"Est. reading time\" \/>\n\t<meta name=\"twitter:data1\" content=\"1 minut\" \/>\n<script type=\"application\/ld+json\" class=\"yoast-schema-graph\">{\"@context\":\"https:\\\/\\\/schema.org\",\"@graph\":[{\"@type\":\"WebPage\",\"@id\":\"https:\\\/\\\/alekeskus.eu\\\/et\\\/toode\\\/peenrakast-immutatud-240x120x30cm-alekeskus\\\/\",\"url\":\"https:\\\/\\\/alekeskus.eu\\\/et\\\/toode\\\/peenrakast-immutatud-240x120x30cm-alekeskus\\\/\",\"name\":\"Peenrakast s\u00fcvaimmutatud puidust 240 x 120 x 30 cm - Alekeskus\",\"isPartOf\":{\"@id\":\"https:\\\/\\\/alekeskus.eu\\\/#website\"},\"primaryImageOfPage\":{\"@id\":\"https:\\\/\\\/alekeskus.eu\\\/et\\\/toode\\\/peenrakast-immutatud-240x120x30cm-alekeskus\\\/#primaryimage\"},\"image\":{\"@id\":\"https:\\\/\\\/alekeskus.eu\\\/et\\\/toode\\\/peenrakast-immutatud-240x120x30cm-alekeskus\\\/#primaryimage\"},\"thumbnailUrl\":\"https:\\\/\\\/alekeskus.eu\\\/wp-content\\\/uploads\\\/2025\\\/10\\\/Peenrakast_rohelin.jpg\",\"datePublished\":\"2025-10-20T22:02:12+00:00\",\"dateModified\":\"2026-03-27T16:51:01+00:00\",\"description\":\"peenrakast s\u00fcvaimmutatud puidust\",\"breadcrumb\":{\"@id\":\"https:\\\/\\\/alekeskus.eu\\\/et\\\/toode\\\/peenrakast-immutatud-240x120x30cm-alekeskus\\\/#breadcrumb\"},\"inLanguage\":\"et\",\"potentialAction\":[{\"@type\":\"ReadAction\",\"target\":[\"https:\\\/\\\/alekeskus.eu\\\/et\\\/toode\\\/peenrakast-immutatud-240x120x30cm-alekeskus\\\/\"]}]},{\"@type\":\"ImageObject\",\"inLanguage\":\"et\",\"@id\":\"https:\\\/\\\/alekeskus.eu\\\/et\\\/toode\\\/peenrakast-immutatud-240x120x30cm-alekeskus\\\/#primaryimage\",\"url\":\"https:\\\/\\\/alekeskus.eu\\\/wp-content\\\/uploads\\\/2025\\\/10\\\/Peenrakast_rohelin.jpg\",\"contentUrl\":\"https:\\\/\\\/alekeskus.eu\\\/wp-content\\\/uploads\\\/2025\\\/10\\\/Peenrakast_rohelin.jpg\",\"width\":1180,\"height\":787},{\"@type\":\"BreadcrumbList\",\"@id\":\"https:\\\/\\\/alekeskus.eu\\\/et\\\/toode\\\/peenrakast-immutatud-240x120x30cm-alekeskus\\\/#breadcrumb\",\"itemListElement\":[{\"@type\":\"ListItem\",\"position\":1,\"name\":\"Avaleht\",\"item\":\"https:\\\/\\\/alekeskus.eu\\\/et\\\/\"},{\"@type\":\"ListItem\",\"position\":2,\"name\":\"Pood\",\"item\":\"https:\\\/\\\/alekeskus.eu\\\/pood\\\/\"},{\"@type\":\"ListItem\",\"position\":3,\"name\":\"Peenrakast s\u00fcvaimmutatud puidust 240 x 120 x 30 cm\"}]},{\"@type\":\"WebSite\",\"@id\":\"https:\\\/\\\/alekeskus.eu\\\/#website\",\"url\":\"https:\\\/\\\/alekeskus.eu\\\/\",\"name\":\"Alekeskus\",\"description\":\"Alekeskus.eu\",\"potentialAction\":[{\"@type\":\"SearchAction\",\"target\":{\"@type\":\"EntryPoint\",\"urlTemplate\":\"https:\\\/\\\/alekeskus.eu\\\/?s={search_term_string}\"},\"query-input\":{\"@type\":\"PropertyValueSpecification\",\"valueRequired\":true,\"valueName\":\"search_term_string\"}}],\"inLanguage\":\"et\"}]}<\/script>\n<!-- \/ Yoast SEO plugin. -->","yoast_head_json":{"title":"Peenrakast s\u00fcvaimmutatud puidust 240 x 120 x 30 cm - Alekeskus","description":"peenrakast s\u00fcvaimmutatud puidust","robots":{"index":"index","follow":"follow","max-snippet":"max-snippet:-1","max-image-preview":"max-image-preview:large","max-video-preview":"max-video-preview:-1"},"canonical":"https:\/\/alekeskus.eu\/et\/toode\/peenrakast-immutatud-240x120x30cm-alekeskus\/","og_locale":"et_EE","og_type":"article","og_title":"Peenrakast s\u00fcvaimmutatud puidust 240 x 120 x 30 cm - Alekeskus","og_description":"peenrakast s\u00fcvaimmutatud puidust","og_url":"https:\/\/alekeskus.eu\/et\/toode\/peenrakast-immutatud-240x120x30cm-alekeskus\/","og_site_name":"Alekeskus","article_modified_time":"2026-03-27T16:51:01+00:00","og_image":[{"width":1180,"height":787,"url":"https:\/\/alekeskus.eu\/wp-content\/uploads\/2025\/10\/Peenrakast_rohelin.jpg","type":"image\/jpeg"}],"twitter_card":"summary_large_image","twitter_misc":{"Est. reading time":"1 minut"},"schema":{"@context":"https:\/\/schema.org","@graph":[{"@type":"WebPage","@id":"https:\/\/alekeskus.eu\/et\/toode\/peenrakast-immutatud-240x120x30cm-alekeskus\/","url":"https:\/\/alekeskus.eu\/et\/toode\/peenrakast-immutatud-240x120x30cm-alekeskus\/","name":"Peenrakast s\u00fcvaimmutatud puidust 240 x 120 x 30 cm - Alekeskus","isPartOf":{"@id":"https:\/\/alekeskus.eu\/#website"},"primaryImageOfPage":{"@id":"https:\/\/alekeskus.eu\/et\/toode\/peenrakast-immutatud-240x120x30cm-alekeskus\/#primaryimage"},"image":{"@id":"https:\/\/alekeskus.eu\/et\/toode\/peenrakast-immutatud-240x120x30cm-alekeskus\/#primaryimage"},"thumbnailUrl":"https:\/\/alekeskus.eu\/wp-content\/uploads\/2025\/10\/Peenrakast_rohelin.jpg","datePublished":"2025-10-20T22:02:12+00:00","dateModified":"2026-03-27T16:51:01+00:00","description":"peenrakast s\u00fcvaimmutatud puidust","breadcrumb":{"@id":"https:\/\/alekeskus.eu\/et\/toode\/peenrakast-immutatud-240x120x30cm-alekeskus\/#breadcrumb"},"inLanguage":"et","potentialAction":[{"@type":"ReadAction","target":["https:\/\/alekeskus.eu\/et\/toode\/peenrakast-immutatud-240x120x30cm-alekeskus\/"]}]},{"@type":"ImageObject","inLanguage":"et","@id":"https:\/\/alekeskus.eu\/et\/toode\/peenrakast-immutatud-240x120x30cm-alekeskus\/#primaryimage","url":"https:\/\/alekeskus.eu\/wp-content\/uploads\/2025\/10\/Peenrakast_rohelin.jpg","contentUrl":"https:\/\/alekeskus.eu\/wp-content\/uploads\/2025\/10\/Peenrakast_rohelin.jpg","width":1180,"height":787},{"@type":"BreadcrumbList","@id":"https:\/\/alekeskus.eu\/et\/toode\/peenrakast-immutatud-240x120x30cm-alekeskus\/#breadcrumb","itemListElement":[{"@type":"ListItem","position":1,"name":"Avaleht","item":"https:\/\/alekeskus.eu\/et\/"},{"@type":"ListItem","position":2,"name":"Pood","item":"https:\/\/alekeskus.eu\/pood\/"},{"@type":"ListItem","position":3,"name":"Peenrakast s\u00fcvaimmutatud puidust 240 x 120 x 30 cm"}]},{"@type":"WebSite","@id":"https:\/\/alekeskus.eu\/#website","url":"https:\/\/alekeskus.eu\/","name":"Alekeskus","description":"Alekeskus.eu","potentialAction":[{"@type":"SearchAction","target":{"@type":"EntryPoint","urlTemplate":"https:\/\/alekeskus.eu\/?s={search_term_string}"},"query-input":{"@type":"PropertyValueSpecification","valueRequired":true,"valueName":"search_term_string"}}],"inLanguage":"et"}]}},"brands":[],"_links":{"self":[{"href":"https:\/\/alekeskus.eu\/et\/wp-json\/wp\/v2\/product\/64410","targetHints":{"allow":["GET"]}}],"collection":[{"href":"https:\/\/alekeskus.eu\/et\/wp-json\/wp\/v2\/product"}],"about":[{"href":"https:\/\/alekeskus.eu\/et\/wp-json\/wp\/v2\/types\/product"}],"wp:featuredmedia":[{"embeddable":true,"href":"https:\/\/alekeskus.eu\/et\/wp-json\/wp\/v2\/media\/95716"}],"wp:attachment":[{"href":"https:\/\/alekeskus.eu\/et\/wp-json\/wp\/v2\/media?parent=64410"}],"wp:term":[{"taxonomy":"pwb-brand","embeddable":true,"href":"https:\/\/alekeskus.eu\/et\/wp-json\/wp\/v2\/pwb-brand?post=64410"},{"taxonomy":"product_brand","embeddable":true,"href":"https:\/\/alekeskus.eu\/et\/wp-json\/wp\/v2\/product_brand?post=64410"},{"taxonomy":"product_cat","embeddable":true,"href":"https:\/\/alekeskus.eu\/et\/wp-json\/wp\/v2\/product_cat?post=64410"},{"taxonomy":"product_tag","embeddable":true,"href":"https:\/\/alekeskus.eu\/et\/wp-json\/wp\/v2\/product_tag?post=64410"}],"curies":[{"name":"wp","href":"https:\/\/api.w.org\/{rel}","templated":true}]}}