{"id":64640,"date":"2022-11-11T22:08:42","date_gmt":"2022-11-11T22:08:42","guid":{"rendered":"http:\/\/alekeskus.eu\/product\/aiaelement-kelda-180x100cm\/"},"modified":"2026-01-05T16:58:49","modified_gmt":"2026-01-05T16:58:49","slug":"aiaelement-kelda-180x100cm-alekeskus","status":"publish","type":"product","link":"https:\/\/alekeskus.eu\/et\/toode\/aiaelement-kelda-180x100cm-alekeskus\/","title":{"rendered":"Aiaelement Kelda 180&#215;100 cm"},"content":{"rendered":"","protected":false},"excerpt":{"rendered":"<p>Puidust viimistletud aiaelemendid on h\u00f5lpsasti paigaldatavad ja annavad eraldatust.<\/p>\n<p>Lipid 16 x 95 mm. R\u00f5htlati paksus 35 mm.<\/p>\n<p>M\u00f5\u00f5dud: 180 x 100 cm<\/p>\n<p>Valge v\u00e4rv(krunt + 2 kihti v\u00e4rvi)<\/p>\n<p>Eesti toode.<\/p>\n","protected":false},"featured_media":95903,"template":"","meta":{"_monsterinsights_skip_tracking":false,"_monsterinsights_sitenote_active":false,"_monsterinsights_sitenote_note":"","_monsterinsights_sitenote_category":0},"pwb-brand":[18577],"product_brand":[],"product_cat":[13570,13566,13532,13530],"product_tag":[14836,14256,14257,14258,14615,14676,14835],"class_list":{"0":"post-64640","1":"product","2":"type-product","3":"status-publish","4":"has-post-thumbnail","6":"pwb-brand-eesti","7":"product_cat-aiapaneelid-valmispiirded-ja-varavad","8":"product_cat-iluaiandus","9":"product_cat-postid-ja-aiad","10":"product_cat-aed-ja-kodu","11":"product_tag-kelda","12":"product_tag-aed","13":"product_tag-piire","14":"product_tag-aiaelement","15":"product_tag-varav","16":"product_tag-lippaed","17":"product_tag-aiakilp","18":"product_shipping_class-30-300kg","19":"pa_kohaletoimetamine-veohind-mandri-eestis-alekeskus","20":"pa_laoasukoht-poltsamaa","21":"pa_tellimisaeg-tilausaika-alekeskus","22":"pa_varv-valge","23":"pa_veame-eesti-ja-soome","25":"first","26":"instock","27":"taxable","28":"shipping-taxable","29":"purchasable","30":"product-type-simple"},"yoast_head":"<!-- This site is optimized with the Yoast SEO plugin v27.3 - https:\/\/yoast.com\/product\/yoast-seo-wordpress\/ -->\n<title>Aiaelement Kelda 180x100 cm - Alekeskus<\/title>\n<meta name=\"robots\" content=\"index, follow, max-snippet:-1, max-image-preview:large, max-video-preview:-1\" \/>\n<link rel=\"canonical\" href=\"https:\/\/alekeskus.eu\/toode\/aiaelement-kelda-180x100cm-alekeskus\/\" \/>\n<meta property=\"og:locale\" content=\"et_EE\" \/>\n<meta property=\"og:type\" content=\"article\" \/>\n<meta property=\"og:title\" content=\"Aiaelement Kelda 180x100 cm - Alekeskus\" \/>\n<meta property=\"og:description\" content=\"Puidust viimistletud aiaelemendid on h\u00f5lpsasti paigaldatavad ja annavad eraldatust.  Lipid 16 x 95 mm. R\u00f5htlati paksus 35 mm.  M\u00f5\u00f5dud: 180 x 100 cm  Valge v\u00e4rv(krunt + 2 kihti v\u00e4rvi)  Eesti toode.\" \/>\n<meta property=\"og:url\" content=\"https:\/\/alekeskus.eu\/toode\/aiaelement-kelda-180x100cm-alekeskus\/\" \/>\n<meta property=\"og:site_name\" content=\"Alekeskus\" \/>\n<meta property=\"article:modified_time\" content=\"2026-01-05T16:58:49+00:00\" \/>\n<meta property=\"og:image\" content=\"https:\/\/alekeskus.eu\/wp-content\/uploads\/2022\/11\/images-3.jpeg\" \/>\n\t<meta property=\"og:image:width\" content=\"299\" \/>\n\t<meta property=\"og:image:height\" content=\"168\" \/>\n\t<meta property=\"og:image:type\" content=\"image\/jpeg\" \/>\n<meta name=\"twitter:card\" content=\"summary_large_image\" \/>\n<meta name=\"twitter:label1\" content=\"Est. reading time\" \/>\n\t<meta name=\"twitter:data1\" content=\"1 minut\" \/>\n<script type=\"application\/ld+json\" class=\"yoast-schema-graph\">{\"@context\":\"https:\\\/\\\/schema.org\",\"@graph\":[{\"@type\":\"WebPage\",\"@id\":\"https:\\\/\\\/alekeskus.eu\\\/toode\\\/aiaelement-kelda-180x100cm-alekeskus\\\/\",\"url\":\"https:\\\/\\\/alekeskus.eu\\\/toode\\\/aiaelement-kelda-180x100cm-alekeskus\\\/\",\"name\":\"Aiaelement Kelda 180x100 cm - Alekeskus\",\"isPartOf\":{\"@id\":\"https:\\\/\\\/alekeskus.eu\\\/#website\"},\"primaryImageOfPage\":{\"@id\":\"https:\\\/\\\/alekeskus.eu\\\/toode\\\/aiaelement-kelda-180x100cm-alekeskus\\\/#primaryimage\"},\"image\":{\"@id\":\"https:\\\/\\\/alekeskus.eu\\\/toode\\\/aiaelement-kelda-180x100cm-alekeskus\\\/#primaryimage\"},\"thumbnailUrl\":\"https:\\\/\\\/alekeskus.eu\\\/wp-content\\\/uploads\\\/2022\\\/11\\\/images-3.jpeg\",\"datePublished\":\"2022-11-11T22:08:42+00:00\",\"dateModified\":\"2026-01-05T16:58:49+00:00\",\"breadcrumb\":{\"@id\":\"https:\\\/\\\/alekeskus.eu\\\/toode\\\/aiaelement-kelda-180x100cm-alekeskus\\\/#breadcrumb\"},\"inLanguage\":\"et\",\"potentialAction\":[{\"@type\":\"ReadAction\",\"target\":[\"https:\\\/\\\/alekeskus.eu\\\/toode\\\/aiaelement-kelda-180x100cm-alekeskus\\\/\"]}]},{\"@type\":\"ImageObject\",\"inLanguage\":\"et\",\"@id\":\"https:\\\/\\\/alekeskus.eu\\\/toode\\\/aiaelement-kelda-180x100cm-alekeskus\\\/#primaryimage\",\"url\":\"https:\\\/\\\/alekeskus.eu\\\/wp-content\\\/uploads\\\/2022\\\/11\\\/images-3.jpeg\",\"contentUrl\":\"https:\\\/\\\/alekeskus.eu\\\/wp-content\\\/uploads\\\/2022\\\/11\\\/images-3.jpeg\",\"width\":299,\"height\":168},{\"@type\":\"BreadcrumbList\",\"@id\":\"https:\\\/\\\/alekeskus.eu\\\/toode\\\/aiaelement-kelda-180x100cm-alekeskus\\\/#breadcrumb\",\"itemListElement\":[{\"@type\":\"ListItem\",\"position\":1,\"name\":\"Avaleht\",\"item\":\"https:\\\/\\\/alekeskus.eu\\\/et\\\/\"},{\"@type\":\"ListItem\",\"position\":2,\"name\":\"Pood\",\"item\":\"https:\\\/\\\/alekeskus.eu\\\/pood\\\/\"},{\"@type\":\"ListItem\",\"position\":3,\"name\":\"Aiaelement Kelda 180&#215;100 cm\"}]},{\"@type\":\"WebSite\",\"@id\":\"https:\\\/\\\/alekeskus.eu\\\/#website\",\"url\":\"https:\\\/\\\/alekeskus.eu\\\/\",\"name\":\"Alekeskus\",\"description\":\"Alekeskus.eu\",\"potentialAction\":[{\"@type\":\"SearchAction\",\"target\":{\"@type\":\"EntryPoint\",\"urlTemplate\":\"https:\\\/\\\/alekeskus.eu\\\/?s={search_term_string}\"},\"query-input\":{\"@type\":\"PropertyValueSpecification\",\"valueRequired\":true,\"valueName\":\"search_term_string\"}}],\"inLanguage\":\"et\"}]}<\/script>\n<!-- \/ Yoast SEO plugin. -->","yoast_head_json":{"title":"Aiaelement Kelda 180x100 cm - Alekeskus","robots":{"index":"index","follow":"follow","max-snippet":"max-snippet:-1","max-image-preview":"max-image-preview:large","max-video-preview":"max-video-preview:-1"},"canonical":"https:\/\/alekeskus.eu\/toode\/aiaelement-kelda-180x100cm-alekeskus\/","og_locale":"et_EE","og_type":"article","og_title":"Aiaelement Kelda 180x100 cm - Alekeskus","og_description":"Puidust viimistletud aiaelemendid on h\u00f5lpsasti paigaldatavad ja annavad eraldatust.  Lipid 16 x 95 mm. R\u00f5htlati paksus 35 mm.  M\u00f5\u00f5dud: 180 x 100 cm  Valge v\u00e4rv(krunt + 2 kihti v\u00e4rvi)  Eesti toode.","og_url":"https:\/\/alekeskus.eu\/toode\/aiaelement-kelda-180x100cm-alekeskus\/","og_site_name":"Alekeskus","article_modified_time":"2026-01-05T16:58:49+00:00","og_image":[{"width":299,"height":168,"url":"https:\/\/alekeskus.eu\/wp-content\/uploads\/2022\/11\/images-3.jpeg","type":"image\/jpeg"}],"twitter_card":"summary_large_image","twitter_misc":{"Est. reading time":"1 minut"},"schema":{"@context":"https:\/\/schema.org","@graph":[{"@type":"WebPage","@id":"https:\/\/alekeskus.eu\/toode\/aiaelement-kelda-180x100cm-alekeskus\/","url":"https:\/\/alekeskus.eu\/toode\/aiaelement-kelda-180x100cm-alekeskus\/","name":"Aiaelement Kelda 180x100 cm - Alekeskus","isPartOf":{"@id":"https:\/\/alekeskus.eu\/#website"},"primaryImageOfPage":{"@id":"https:\/\/alekeskus.eu\/toode\/aiaelement-kelda-180x100cm-alekeskus\/#primaryimage"},"image":{"@id":"https:\/\/alekeskus.eu\/toode\/aiaelement-kelda-180x100cm-alekeskus\/#primaryimage"},"thumbnailUrl":"https:\/\/alekeskus.eu\/wp-content\/uploads\/2022\/11\/images-3.jpeg","datePublished":"2022-11-11T22:08:42+00:00","dateModified":"2026-01-05T16:58:49+00:00","breadcrumb":{"@id":"https:\/\/alekeskus.eu\/toode\/aiaelement-kelda-180x100cm-alekeskus\/#breadcrumb"},"inLanguage":"et","potentialAction":[{"@type":"ReadAction","target":["https:\/\/alekeskus.eu\/toode\/aiaelement-kelda-180x100cm-alekeskus\/"]}]},{"@type":"ImageObject","inLanguage":"et","@id":"https:\/\/alekeskus.eu\/toode\/aiaelement-kelda-180x100cm-alekeskus\/#primaryimage","url":"https:\/\/alekeskus.eu\/wp-content\/uploads\/2022\/11\/images-3.jpeg","contentUrl":"https:\/\/alekeskus.eu\/wp-content\/uploads\/2022\/11\/images-3.jpeg","width":299,"height":168},{"@type":"BreadcrumbList","@id":"https:\/\/alekeskus.eu\/toode\/aiaelement-kelda-180x100cm-alekeskus\/#breadcrumb","itemListElement":[{"@type":"ListItem","position":1,"name":"Avaleht","item":"https:\/\/alekeskus.eu\/et\/"},{"@type":"ListItem","position":2,"name":"Pood","item":"https:\/\/alekeskus.eu\/pood\/"},{"@type":"ListItem","position":3,"name":"Aiaelement Kelda 180&#215;100 cm"}]},{"@type":"WebSite","@id":"https:\/\/alekeskus.eu\/#website","url":"https:\/\/alekeskus.eu\/","name":"Alekeskus","description":"Alekeskus.eu","potentialAction":[{"@type":"SearchAction","target":{"@type":"EntryPoint","urlTemplate":"https:\/\/alekeskus.eu\/?s={search_term_string}"},"query-input":{"@type":"PropertyValueSpecification","valueRequired":true,"valueName":"search_term_string"}}],"inLanguage":"et"}]}},"brands":[{"id":18577,"name":"Eesti","slug":"eesti"}],"_links":{"self":[{"href":"https:\/\/alekeskus.eu\/et\/wp-json\/wp\/v2\/product\/64640","targetHints":{"allow":["GET"]}}],"collection":[{"href":"https:\/\/alekeskus.eu\/et\/wp-json\/wp\/v2\/product"}],"about":[{"href":"https:\/\/alekeskus.eu\/et\/wp-json\/wp\/v2\/types\/product"}],"wp:featuredmedia":[{"embeddable":true,"href":"https:\/\/alekeskus.eu\/et\/wp-json\/wp\/v2\/media\/95903"}],"wp:attachment":[{"href":"https:\/\/alekeskus.eu\/et\/wp-json\/wp\/v2\/media?parent=64640"}],"wp:term":[{"taxonomy":"pwb-brand","embeddable":true,"href":"https:\/\/alekeskus.eu\/et\/wp-json\/wp\/v2\/pwb-brand?post=64640"},{"taxonomy":"product_brand","embeddable":true,"href":"https:\/\/alekeskus.eu\/et\/wp-json\/wp\/v2\/product_brand?post=64640"},{"taxonomy":"product_cat","embeddable":true,"href":"https:\/\/alekeskus.eu\/et\/wp-json\/wp\/v2\/product_cat?post=64640"},{"taxonomy":"product_tag","embeddable":true,"href":"https:\/\/alekeskus.eu\/et\/wp-json\/wp\/v2\/product_tag?post=64640"}],"curies":[{"name":"wp","href":"https:\/\/api.w.org\/{rel}","templated":true}]}}