{"id":64700,"date":"2024-11-11T22:09:51","date_gmt":"2024-11-11T22:09:51","guid":{"rendered":"http:\/\/alekeskus.eu\/product\/terrassipiire-klaasiga-1108x890mm\/"},"modified":"2026-01-25T07:20:50","modified_gmt":"2026-01-25T07:20:50","slug":"terrassipiire-klaasiga-1108x890-alekeskus","status":"publish","type":"product","link":"https:\/\/alekeskus.eu\/et\/toode\/terrassipiire-klaasiga-1108x890-alekeskus\/","title":{"rendered":"Terrassipiire Siiri klaasiga 1108 x 890 mm"},"content":{"rendered":"","protected":false},"excerpt":{"rendered":"<p>Kaasaegne ja tuult takistav r\u00f5du- ning terrassipiire klaasiga. M\u00f5\u00f5dud 1108 x h=890 mm.<\/p>\n<p>Viimistlus 1 kiht alusv\u00e4rvi + 2 kihti valge v\u00e4rviga. H\u00f6\u00f6velpuit 45&#215;45 mm. Vali juurde terrassipiirdepostid.<\/p>\n<p>Eesti toode.<\/p>\n","protected":false},"featured_media":97305,"template":"","meta":{"_monsterinsights_skip_tracking":false,"_monsterinsights_sitenote_active":false,"_monsterinsights_sitenote_note":"","_monsterinsights_sitenote_category":0},"pwb-brand":[],"product_brand":[],"product_cat":[13570,13538,13566,13532,13530],"product_tag":[14641,14643,14842,14843,14844,14845,14220,14257],"class_list":{"0":"post-64700","1":"product","2":"type-product","3":"status-publish","4":"has-post-thumbnail","6":"product_cat-aiapaneelid-valmispiirded-ja-varavad","7":"product_cat-ale","8":"product_cat-iluaiandus","9":"product_cat-postid-ja-aiad","10":"product_cat-aed-ja-kodu","11":"product_tag-veranda","12":"product_tag-terrass","13":"product_tag-rodupiire","14":"product_tag-rodu","15":"product_tag-klaasist-piire","16":"product_tag-siri","17":"product_tag-talveaed","18":"product_tag-piire","19":"product_shipping_class-30-300kg","20":"pa_garantii-2-aastat","21":"pa_kohaletoimetamine-veohind-mandri-eestis-alekeskus","22":"pa_laoasukoht-poltsamaa","23":"pa_tellimisaeg-tilausaika-alekeskus","24":"pa_varv-valge","25":"pa_veame-eesti-ja-soome","27":"first","28":"instock","29":"sale","30":"taxable","31":"shipping-taxable","32":"purchasable","33":"product-type-simple"},"yoast_head":"<!-- This site is optimized with the Yoast SEO plugin v27.3 - https:\/\/yoast.com\/product\/yoast-seo-wordpress\/ -->\n<title>Terrassipiire Siiri klaasiga 1108 x 890 mm - Alekeskus<\/title>\n<meta name=\"description\" content=\"klaasiga terrassipiire\" \/>\n<meta name=\"robots\" content=\"index, follow, max-snippet:-1, max-image-preview:large, max-video-preview:-1\" \/>\n<link rel=\"canonical\" href=\"https:\/\/alekeskus.eu\/et\/toode\/terrassipiire-klaasiga-1108x890-alekeskus\/\" \/>\n<meta property=\"og:locale\" content=\"et_EE\" \/>\n<meta property=\"og:type\" content=\"article\" \/>\n<meta property=\"og:title\" content=\"Terrassipiire Siiri klaasiga 1108 x 890 mm - Alekeskus\" \/>\n<meta property=\"og:description\" content=\"klaasiga terrassipiire\" \/>\n<meta property=\"og:url\" content=\"https:\/\/alekeskus.eu\/et\/toode\/terrassipiire-klaasiga-1108x890-alekeskus\/\" \/>\n<meta property=\"og:site_name\" content=\"Alekeskus\" \/>\n<meta property=\"article:modified_time\" content=\"2026-01-25T07:20:50+00:00\" \/>\n<meta property=\"og:image\" content=\"https:\/\/alekeskus.eu\/wp-content\/uploads\/2021\/11\/Siri11_glass_WTPNT12-loodus.jpg\" \/>\n\t<meta property=\"og:image:width\" content=\"1600\" \/>\n\t<meta property=\"og:image:height\" content=\"772\" \/>\n\t<meta property=\"og:image:type\" content=\"image\/jpeg\" \/>\n<meta name=\"twitter:card\" content=\"summary_large_image\" \/>\n<meta name=\"twitter:label1\" content=\"Est. reading time\" \/>\n\t<meta name=\"twitter:data1\" content=\"1 minut\" \/>\n<script type=\"application\/ld+json\" class=\"yoast-schema-graph\">{\"@context\":\"https:\\\/\\\/schema.org\",\"@graph\":[{\"@type\":\"WebPage\",\"@id\":\"https:\\\/\\\/alekeskus.eu\\\/et\\\/toode\\\/terrassipiire-klaasiga-1108x890-alekeskus\\\/\",\"url\":\"https:\\\/\\\/alekeskus.eu\\\/et\\\/toode\\\/terrassipiire-klaasiga-1108x890-alekeskus\\\/\",\"name\":\"Terrassipiire Siiri klaasiga 1108 x 890 mm - Alekeskus\",\"isPartOf\":{\"@id\":\"https:\\\/\\\/alekeskus.eu\\\/#website\"},\"primaryImageOfPage\":{\"@id\":\"https:\\\/\\\/alekeskus.eu\\\/et\\\/toode\\\/terrassipiire-klaasiga-1108x890-alekeskus\\\/#primaryimage\"},\"image\":{\"@id\":\"https:\\\/\\\/alekeskus.eu\\\/et\\\/toode\\\/terrassipiire-klaasiga-1108x890-alekeskus\\\/#primaryimage\"},\"thumbnailUrl\":\"https:\\\/\\\/alekeskus.eu\\\/wp-content\\\/uploads\\\/2021\\\/11\\\/Siri11_glass_WTPNT12-loodus.jpg\",\"datePublished\":\"2024-11-11T22:09:51+00:00\",\"dateModified\":\"2026-01-25T07:20:50+00:00\",\"description\":\"klaasiga terrassipiire\",\"breadcrumb\":{\"@id\":\"https:\\\/\\\/alekeskus.eu\\\/et\\\/toode\\\/terrassipiire-klaasiga-1108x890-alekeskus\\\/#breadcrumb\"},\"inLanguage\":\"et\",\"potentialAction\":[{\"@type\":\"ReadAction\",\"target\":[\"https:\\\/\\\/alekeskus.eu\\\/et\\\/toode\\\/terrassipiire-klaasiga-1108x890-alekeskus\\\/\"]}]},{\"@type\":\"ImageObject\",\"inLanguage\":\"et\",\"@id\":\"https:\\\/\\\/alekeskus.eu\\\/et\\\/toode\\\/terrassipiire-klaasiga-1108x890-alekeskus\\\/#primaryimage\",\"url\":\"https:\\\/\\\/alekeskus.eu\\\/wp-content\\\/uploads\\\/2021\\\/11\\\/Siri11_glass_WTPNT12-loodus.jpg\",\"contentUrl\":\"https:\\\/\\\/alekeskus.eu\\\/wp-content\\\/uploads\\\/2021\\\/11\\\/Siri11_glass_WTPNT12-loodus.jpg\",\"width\":1600,\"height\":772,\"caption\":\"Modern house with patio and functional outdoor furniture\"},{\"@type\":\"BreadcrumbList\",\"@id\":\"https:\\\/\\\/alekeskus.eu\\\/et\\\/toode\\\/terrassipiire-klaasiga-1108x890-alekeskus\\\/#breadcrumb\",\"itemListElement\":[{\"@type\":\"ListItem\",\"position\":1,\"name\":\"Avaleht\",\"item\":\"https:\\\/\\\/alekeskus.eu\\\/et\\\/\"},{\"@type\":\"ListItem\",\"position\":2,\"name\":\"Pood\",\"item\":\"https:\\\/\\\/alekeskus.eu\\\/pood\\\/\"},{\"@type\":\"ListItem\",\"position\":3,\"name\":\"Terrassipiire Siiri klaasiga 1108 x 890 mm\"}]},{\"@type\":\"WebSite\",\"@id\":\"https:\\\/\\\/alekeskus.eu\\\/#website\",\"url\":\"https:\\\/\\\/alekeskus.eu\\\/\",\"name\":\"Alekeskus\",\"description\":\"Alekeskus.eu\",\"potentialAction\":[{\"@type\":\"SearchAction\",\"target\":{\"@type\":\"EntryPoint\",\"urlTemplate\":\"https:\\\/\\\/alekeskus.eu\\\/?s={search_term_string}\"},\"query-input\":{\"@type\":\"PropertyValueSpecification\",\"valueRequired\":true,\"valueName\":\"search_term_string\"}}],\"inLanguage\":\"et\"}]}<\/script>\n<!-- \/ Yoast SEO plugin. -->","yoast_head_json":{"title":"Terrassipiire Siiri klaasiga 1108 x 890 mm - Alekeskus","description":"klaasiga terrassipiire","robots":{"index":"index","follow":"follow","max-snippet":"max-snippet:-1","max-image-preview":"max-image-preview:large","max-video-preview":"max-video-preview:-1"},"canonical":"https:\/\/alekeskus.eu\/et\/toode\/terrassipiire-klaasiga-1108x890-alekeskus\/","og_locale":"et_EE","og_type":"article","og_title":"Terrassipiire Siiri klaasiga 1108 x 890 mm - Alekeskus","og_description":"klaasiga terrassipiire","og_url":"https:\/\/alekeskus.eu\/et\/toode\/terrassipiire-klaasiga-1108x890-alekeskus\/","og_site_name":"Alekeskus","article_modified_time":"2026-01-25T07:20:50+00:00","og_image":[{"width":1600,"height":772,"url":"https:\/\/alekeskus.eu\/wp-content\/uploads\/2021\/11\/Siri11_glass_WTPNT12-loodus.jpg","type":"image\/jpeg"}],"twitter_card":"summary_large_image","twitter_misc":{"Est. reading time":"1 minut"},"schema":{"@context":"https:\/\/schema.org","@graph":[{"@type":"WebPage","@id":"https:\/\/alekeskus.eu\/et\/toode\/terrassipiire-klaasiga-1108x890-alekeskus\/","url":"https:\/\/alekeskus.eu\/et\/toode\/terrassipiire-klaasiga-1108x890-alekeskus\/","name":"Terrassipiire Siiri klaasiga 1108 x 890 mm - Alekeskus","isPartOf":{"@id":"https:\/\/alekeskus.eu\/#website"},"primaryImageOfPage":{"@id":"https:\/\/alekeskus.eu\/et\/toode\/terrassipiire-klaasiga-1108x890-alekeskus\/#primaryimage"},"image":{"@id":"https:\/\/alekeskus.eu\/et\/toode\/terrassipiire-klaasiga-1108x890-alekeskus\/#primaryimage"},"thumbnailUrl":"https:\/\/alekeskus.eu\/wp-content\/uploads\/2021\/11\/Siri11_glass_WTPNT12-loodus.jpg","datePublished":"2024-11-11T22:09:51+00:00","dateModified":"2026-01-25T07:20:50+00:00","description":"klaasiga terrassipiire","breadcrumb":{"@id":"https:\/\/alekeskus.eu\/et\/toode\/terrassipiire-klaasiga-1108x890-alekeskus\/#breadcrumb"},"inLanguage":"et","potentialAction":[{"@type":"ReadAction","target":["https:\/\/alekeskus.eu\/et\/toode\/terrassipiire-klaasiga-1108x890-alekeskus\/"]}]},{"@type":"ImageObject","inLanguage":"et","@id":"https:\/\/alekeskus.eu\/et\/toode\/terrassipiire-klaasiga-1108x890-alekeskus\/#primaryimage","url":"https:\/\/alekeskus.eu\/wp-content\/uploads\/2021\/11\/Siri11_glass_WTPNT12-loodus.jpg","contentUrl":"https:\/\/alekeskus.eu\/wp-content\/uploads\/2021\/11\/Siri11_glass_WTPNT12-loodus.jpg","width":1600,"height":772,"caption":"Modern house with patio and functional outdoor furniture"},{"@type":"BreadcrumbList","@id":"https:\/\/alekeskus.eu\/et\/toode\/terrassipiire-klaasiga-1108x890-alekeskus\/#breadcrumb","itemListElement":[{"@type":"ListItem","position":1,"name":"Avaleht","item":"https:\/\/alekeskus.eu\/et\/"},{"@type":"ListItem","position":2,"name":"Pood","item":"https:\/\/alekeskus.eu\/pood\/"},{"@type":"ListItem","position":3,"name":"Terrassipiire Siiri klaasiga 1108 x 890 mm"}]},{"@type":"WebSite","@id":"https:\/\/alekeskus.eu\/#website","url":"https:\/\/alekeskus.eu\/","name":"Alekeskus","description":"Alekeskus.eu","potentialAction":[{"@type":"SearchAction","target":{"@type":"EntryPoint","urlTemplate":"https:\/\/alekeskus.eu\/?s={search_term_string}"},"query-input":{"@type":"PropertyValueSpecification","valueRequired":true,"valueName":"search_term_string"}}],"inLanguage":"et"}]}},"brands":[],"_links":{"self":[{"href":"https:\/\/alekeskus.eu\/et\/wp-json\/wp\/v2\/product\/64700","targetHints":{"allow":["GET"]}}],"collection":[{"href":"https:\/\/alekeskus.eu\/et\/wp-json\/wp\/v2\/product"}],"about":[{"href":"https:\/\/alekeskus.eu\/et\/wp-json\/wp\/v2\/types\/product"}],"wp:featuredmedia":[{"embeddable":true,"href":"https:\/\/alekeskus.eu\/et\/wp-json\/wp\/v2\/media\/97305"}],"wp:attachment":[{"href":"https:\/\/alekeskus.eu\/et\/wp-json\/wp\/v2\/media?parent=64700"}],"wp:term":[{"taxonomy":"pwb-brand","embeddable":true,"href":"https:\/\/alekeskus.eu\/et\/wp-json\/wp\/v2\/pwb-brand?post=64700"},{"taxonomy":"product_brand","embeddable":true,"href":"https:\/\/alekeskus.eu\/et\/wp-json\/wp\/v2\/product_brand?post=64700"},{"taxonomy":"product_cat","embeddable":true,"href":"https:\/\/alekeskus.eu\/et\/wp-json\/wp\/v2\/product_cat?post=64700"},{"taxonomy":"product_tag","embeddable":true,"href":"https:\/\/alekeskus.eu\/et\/wp-json\/wp\/v2\/product_tag?post=64700"}],"curies":[{"name":"wp","href":"https:\/\/api.w.org\/{rel}","templated":true}]}}