{"id":64722,"date":"2024-11-11T22:10:04","date_gmt":"2024-11-11T22:10:04","guid":{"rendered":"http:\/\/alekeskus.eu\/product\/aiaelement-loviisa-180x100cm\/"},"modified":"2026-02-03T17:19:10","modified_gmt":"2026-02-03T17:19:10","slug":"aiaelement-loviisa-180x100cm-alekeskus","status":"publish","type":"product","link":"https:\/\/alekeskus.eu\/et\/toode\/aiaelement-loviisa-180x100cm-alekeskus\/","title":{"rendered":"Aiaelement Loviisa 180 x 100 cm valge"},"content":{"rendered":"","protected":false},"excerpt":{"rendered":"<p>Puidust viimistletud aiaelemendid on h\u00f5lpsasti paigaldatavad ja peavad ilmastikule kaua vastu.<\/p>\n<p>Lipid 19 x 70 mm. P\u00f5\u00f5na paksus 38 mm.<\/p>\n<p>M\u00f5\u00f5dud: 180 x 100 cm. Valge v\u00e4rv (krunt + 2 kihti v\u00e4rvi)<\/p>\n<p>Eesti toode.<\/p>\n","protected":false},"featured_media":97672,"template":"","meta":{"_monsterinsights_skip_tracking":false,"_monsterinsights_sitenote_active":false,"_monsterinsights_sitenote_note":"","_monsterinsights_sitenote_category":0},"pwb-brand":[],"product_brand":[],"product_cat":[13570,13532],"product_tag":[14835,14256,14257,14258],"class_list":{"0":"post-64722","1":"product","2":"type-product","3":"status-publish","4":"has-post-thumbnail","6":"product_cat-aiapaneelid-valmispiirded-ja-varavad","7":"product_cat-postid-ja-aiad","8":"product_tag-aiakilp","9":"product_tag-aed","10":"product_tag-piire","11":"product_tag-aiaelement","12":"product_shipping_class-30-300kg","13":"pa_kohaletoimetamine-veohind-mandri-eestis-alekeskus","14":"pa_laoasukoht-poltsamaa","15":"pa_varv-valge","16":"pa_veame-eesti-ja-soome","18":"first","19":"instock","20":"taxable","21":"shipping-taxable","22":"purchasable","23":"product-type-simple"},"yoast_head":"<!-- This site is optimized with the Yoast SEO plugin v27.3 - https:\/\/yoast.com\/product\/yoast-seo-wordpress\/ -->\n<title>Aiaelement Loviisa 180 x 100 cm valge - Alekeskus<\/title>\n<meta name=\"description\" content=\"Aiaelement valgeks v\u00e4rvitud\" \/>\n<meta name=\"robots\" content=\"index, follow, max-snippet:-1, max-image-preview:large, max-video-preview:-1\" \/>\n<link rel=\"canonical\" href=\"https:\/\/alekeskus.eu\/et\/toode\/aiaelement-loviisa-180x100cm-alekeskus\/\" \/>\n<meta property=\"og:locale\" content=\"et_EE\" \/>\n<meta property=\"og:type\" content=\"article\" \/>\n<meta property=\"og:title\" content=\"Aiaelement Loviisa 180 x 100 cm valge - Alekeskus\" \/>\n<meta property=\"og:description\" content=\"Aiaelement valgeks v\u00e4rvitud\" \/>\n<meta property=\"og:url\" content=\"https:\/\/alekeskus.eu\/et\/toode\/aiaelement-loviisa-180x100cm-alekeskus\/\" \/>\n<meta property=\"og:site_name\" content=\"Alekeskus\" \/>\n<meta property=\"article:modified_time\" content=\"2026-02-03T17:19:10+00:00\" \/>\n<meta property=\"og:image\" content=\"https:\/\/alekeskus.eu\/wp-content\/uploads\/2021\/11\/Loovisa10gate_WTPNT12-scaled.jpg\" \/>\n\t<meta property=\"og:image:width\" content=\"2560\" \/>\n\t<meta property=\"og:image:height\" content=\"1709\" \/>\n\t<meta property=\"og:image:type\" content=\"image\/jpeg\" \/>\n<meta name=\"twitter:card\" content=\"summary_large_image\" \/>\n<meta name=\"twitter:label1\" content=\"Est. reading time\" \/>\n\t<meta name=\"twitter:data1\" content=\"1 minut\" \/>\n<script type=\"application\/ld+json\" class=\"yoast-schema-graph\">{\"@context\":\"https:\\\/\\\/schema.org\",\"@graph\":[{\"@type\":\"WebPage\",\"@id\":\"https:\\\/\\\/alekeskus.eu\\\/et\\\/toode\\\/aiaelement-loviisa-180x100cm-alekeskus\\\/\",\"url\":\"https:\\\/\\\/alekeskus.eu\\\/et\\\/toode\\\/aiaelement-loviisa-180x100cm-alekeskus\\\/\",\"name\":\"Aiaelement Loviisa 180 x 100 cm valge - Alekeskus\",\"isPartOf\":{\"@id\":\"https:\\\/\\\/alekeskus.eu\\\/#website\"},\"primaryImageOfPage\":{\"@id\":\"https:\\\/\\\/alekeskus.eu\\\/et\\\/toode\\\/aiaelement-loviisa-180x100cm-alekeskus\\\/#primaryimage\"},\"image\":{\"@id\":\"https:\\\/\\\/alekeskus.eu\\\/et\\\/toode\\\/aiaelement-loviisa-180x100cm-alekeskus\\\/#primaryimage\"},\"thumbnailUrl\":\"https:\\\/\\\/alekeskus.eu\\\/wp-content\\\/uploads\\\/2021\\\/11\\\/Loovisa10gate_WTPNT12-scaled.jpg\",\"datePublished\":\"2024-11-11T22:10:04+00:00\",\"dateModified\":\"2026-02-03T17:19:10+00:00\",\"description\":\"Aiaelement valgeks v\u00e4rvitud\",\"breadcrumb\":{\"@id\":\"https:\\\/\\\/alekeskus.eu\\\/et\\\/toode\\\/aiaelement-loviisa-180x100cm-alekeskus\\\/#breadcrumb\"},\"inLanguage\":\"et\",\"potentialAction\":[{\"@type\":\"ReadAction\",\"target\":[\"https:\\\/\\\/alekeskus.eu\\\/et\\\/toode\\\/aiaelement-loviisa-180x100cm-alekeskus\\\/\"]}]},{\"@type\":\"ImageObject\",\"inLanguage\":\"et\",\"@id\":\"https:\\\/\\\/alekeskus.eu\\\/et\\\/toode\\\/aiaelement-loviisa-180x100cm-alekeskus\\\/#primaryimage\",\"url\":\"https:\\\/\\\/alekeskus.eu\\\/wp-content\\\/uploads\\\/2021\\\/11\\\/Loovisa10gate_WTPNT12-scaled.jpg\",\"contentUrl\":\"https:\\\/\\\/alekeskus.eu\\\/wp-content\\\/uploads\\\/2021\\\/11\\\/Loovisa10gate_WTPNT12-scaled.jpg\",\"width\":2560,\"height\":1709,\"caption\":\"Back yard of a modern Pacific Northwest home featuring a deck spanning a creek-like water feature with a landscaped lawn and two inviting lawn chairs in the background.\"},{\"@type\":\"BreadcrumbList\",\"@id\":\"https:\\\/\\\/alekeskus.eu\\\/et\\\/toode\\\/aiaelement-loviisa-180x100cm-alekeskus\\\/#breadcrumb\",\"itemListElement\":[{\"@type\":\"ListItem\",\"position\":1,\"name\":\"Avaleht\",\"item\":\"https:\\\/\\\/alekeskus.eu\\\/et\\\/\"},{\"@type\":\"ListItem\",\"position\":2,\"name\":\"Pood\",\"item\":\"https:\\\/\\\/alekeskus.eu\\\/pood\\\/\"},{\"@type\":\"ListItem\",\"position\":3,\"name\":\"Aiaelement Loviisa 180 x 100 cm valge\"}]},{\"@type\":\"WebSite\",\"@id\":\"https:\\\/\\\/alekeskus.eu\\\/#website\",\"url\":\"https:\\\/\\\/alekeskus.eu\\\/\",\"name\":\"Alekeskus\",\"description\":\"Alekeskus.eu\",\"potentialAction\":[{\"@type\":\"SearchAction\",\"target\":{\"@type\":\"EntryPoint\",\"urlTemplate\":\"https:\\\/\\\/alekeskus.eu\\\/?s={search_term_string}\"},\"query-input\":{\"@type\":\"PropertyValueSpecification\",\"valueRequired\":true,\"valueName\":\"search_term_string\"}}],\"inLanguage\":\"et\"}]}<\/script>\n<!-- \/ Yoast SEO plugin. -->","yoast_head_json":{"title":"Aiaelement Loviisa 180 x 100 cm valge - Alekeskus","description":"Aiaelement valgeks v\u00e4rvitud","robots":{"index":"index","follow":"follow","max-snippet":"max-snippet:-1","max-image-preview":"max-image-preview:large","max-video-preview":"max-video-preview:-1"},"canonical":"https:\/\/alekeskus.eu\/et\/toode\/aiaelement-loviisa-180x100cm-alekeskus\/","og_locale":"et_EE","og_type":"article","og_title":"Aiaelement Loviisa 180 x 100 cm valge - Alekeskus","og_description":"Aiaelement valgeks v\u00e4rvitud","og_url":"https:\/\/alekeskus.eu\/et\/toode\/aiaelement-loviisa-180x100cm-alekeskus\/","og_site_name":"Alekeskus","article_modified_time":"2026-02-03T17:19:10+00:00","og_image":[{"width":2560,"height":1709,"url":"https:\/\/alekeskus.eu\/wp-content\/uploads\/2021\/11\/Loovisa10gate_WTPNT12-scaled.jpg","type":"image\/jpeg"}],"twitter_card":"summary_large_image","twitter_misc":{"Est. reading time":"1 minut"},"schema":{"@context":"https:\/\/schema.org","@graph":[{"@type":"WebPage","@id":"https:\/\/alekeskus.eu\/et\/toode\/aiaelement-loviisa-180x100cm-alekeskus\/","url":"https:\/\/alekeskus.eu\/et\/toode\/aiaelement-loviisa-180x100cm-alekeskus\/","name":"Aiaelement Loviisa 180 x 100 cm valge - Alekeskus","isPartOf":{"@id":"https:\/\/alekeskus.eu\/#website"},"primaryImageOfPage":{"@id":"https:\/\/alekeskus.eu\/et\/toode\/aiaelement-loviisa-180x100cm-alekeskus\/#primaryimage"},"image":{"@id":"https:\/\/alekeskus.eu\/et\/toode\/aiaelement-loviisa-180x100cm-alekeskus\/#primaryimage"},"thumbnailUrl":"https:\/\/alekeskus.eu\/wp-content\/uploads\/2021\/11\/Loovisa10gate_WTPNT12-scaled.jpg","datePublished":"2024-11-11T22:10:04+00:00","dateModified":"2026-02-03T17:19:10+00:00","description":"Aiaelement valgeks v\u00e4rvitud","breadcrumb":{"@id":"https:\/\/alekeskus.eu\/et\/toode\/aiaelement-loviisa-180x100cm-alekeskus\/#breadcrumb"},"inLanguage":"et","potentialAction":[{"@type":"ReadAction","target":["https:\/\/alekeskus.eu\/et\/toode\/aiaelement-loviisa-180x100cm-alekeskus\/"]}]},{"@type":"ImageObject","inLanguage":"et","@id":"https:\/\/alekeskus.eu\/et\/toode\/aiaelement-loviisa-180x100cm-alekeskus\/#primaryimage","url":"https:\/\/alekeskus.eu\/wp-content\/uploads\/2021\/11\/Loovisa10gate_WTPNT12-scaled.jpg","contentUrl":"https:\/\/alekeskus.eu\/wp-content\/uploads\/2021\/11\/Loovisa10gate_WTPNT12-scaled.jpg","width":2560,"height":1709,"caption":"Back yard of a modern Pacific Northwest home featuring a deck spanning a creek-like water feature with a landscaped lawn and two inviting lawn chairs in the background."},{"@type":"BreadcrumbList","@id":"https:\/\/alekeskus.eu\/et\/toode\/aiaelement-loviisa-180x100cm-alekeskus\/#breadcrumb","itemListElement":[{"@type":"ListItem","position":1,"name":"Avaleht","item":"https:\/\/alekeskus.eu\/et\/"},{"@type":"ListItem","position":2,"name":"Pood","item":"https:\/\/alekeskus.eu\/pood\/"},{"@type":"ListItem","position":3,"name":"Aiaelement Loviisa 180 x 100 cm valge"}]},{"@type":"WebSite","@id":"https:\/\/alekeskus.eu\/#website","url":"https:\/\/alekeskus.eu\/","name":"Alekeskus","description":"Alekeskus.eu","potentialAction":[{"@type":"SearchAction","target":{"@type":"EntryPoint","urlTemplate":"https:\/\/alekeskus.eu\/?s={search_term_string}"},"query-input":{"@type":"PropertyValueSpecification","valueRequired":true,"valueName":"search_term_string"}}],"inLanguage":"et"}]}},"brands":[],"_links":{"self":[{"href":"https:\/\/alekeskus.eu\/et\/wp-json\/wp\/v2\/product\/64722","targetHints":{"allow":["GET"]}}],"collection":[{"href":"https:\/\/alekeskus.eu\/et\/wp-json\/wp\/v2\/product"}],"about":[{"href":"https:\/\/alekeskus.eu\/et\/wp-json\/wp\/v2\/types\/product"}],"wp:featuredmedia":[{"embeddable":true,"href":"https:\/\/alekeskus.eu\/et\/wp-json\/wp\/v2\/media\/97672"}],"wp:attachment":[{"href":"https:\/\/alekeskus.eu\/et\/wp-json\/wp\/v2\/media?parent=64722"}],"wp:term":[{"taxonomy":"pwb-brand","embeddable":true,"href":"https:\/\/alekeskus.eu\/et\/wp-json\/wp\/v2\/pwb-brand?post=64722"},{"taxonomy":"product_brand","embeddable":true,"href":"https:\/\/alekeskus.eu\/et\/wp-json\/wp\/v2\/product_brand?post=64722"},{"taxonomy":"product_cat","embeddable":true,"href":"https:\/\/alekeskus.eu\/et\/wp-json\/wp\/v2\/product_cat?post=64722"},{"taxonomy":"product_tag","embeddable":true,"href":"https:\/\/alekeskus.eu\/et\/wp-json\/wp\/v2\/product_tag?post=64722"}],"curies":[{"name":"wp","href":"https:\/\/api.w.org\/{rel}","templated":true}]}}