{"id":65086,"date":"2022-11-11T22:13:57","date_gmt":"2022-11-11T22:13:57","guid":{"rendered":"http:\/\/alekeskus.eu\/product\/liimpuidust-aiapost-90x90mm-immutatud-voi-valge-varv\/"},"modified":"2024-04-07T11:11:14","modified_gmt":"2024-04-07T11:11:14","slug":"liimpuidust-aiapost-90x90mm-immutatud-voi-valge-varv","status":"publish","type":"product","link":"https:\/\/alekeskus.eu\/et\/toode\/liimpuidust-aiapost-90x90mm-immutatud-voi-valge-varv\/","title":{"rendered":"Liimpuidust aiapost 90&#215;90 mm s\u00fcvaimmutatud v\u00f5i v\u00e4rv"},"content":{"rendered":"","protected":false},"excerpt":{"rendered":"<p><strong>Faasitud nurkadega liimpuidust postid 90&#215;90 mm.<\/strong><\/p>\n<p>Pikkused: 1000 mm (v\u00e4him kogus 6 tk), 1300 mm (v\u00e4him kogus 6 tk), 1600 mm ja\u00a01900 mm<\/p>\n<p>Valikus on halli v\u00f5i rohelise s\u00fcvaimmutusega ning valgeks v\u00f5i halliks v\u00e4rvitud postid.<\/p>\n<p>Eesti toode.<\/p>\n","protected":false},"featured_media":82360,"template":"","meta":{"_monsterinsights_skip_tracking":false,"_monsterinsights_sitenote_active":false,"_monsterinsights_sitenote_note":"","_monsterinsights_sitenote_category":0},"pwb-brand":[],"product_brand":[],"product_cat":[13570,13572,13532],"product_tag":[13877,14000,14244,14246,18495,14256,18496,14294,14351,14901],"class_list":{"0":"post-65086","1":"product","2":"type-product","3":"status-publish","4":"has-post-thumbnail","6":"product_cat-aiapaneelid-valmispiirded-ja-varavad","7":"product_cat-aiapostid","8":"product_cat-postid-ja-aiad","9":"product_tag-suvaimmutus","10":"product_tag-palmako","11":"product_tag-aiapost","12":"product_tag-aitatolppa","13":"product_tag-liimpuidust-postid","14":"product_tag-aed","15":"product_tag-liimapuiset-tolpat","16":"product_tag-liimpuit","17":"product_tag-imprest","18":"product_tag-puitaed","19":"product_shipping_class-30-300kg","20":"pa_kohaletoimetamine-veohind-mandri-eestis-alekeskus","21":"pa_laoasukoht-poltsamaa","22":"pa_pikkus-1000-mm","23":"pa_pikkus-1300-mm","24":"pa_pikkus-1600-mm","25":"pa_pikkus-1900-mm","26":"pa_tellimisaeg-tilausaika-alekeskus","27":"pa_varv-roheline-suvaimmutus","28":"pa_varv-valge","29":"pa_varv-hall","30":"pa_varv-hall-suvaimmutus","31":"pa_veame-eesti-ja-soome","33":"first","34":"instock","35":"taxable","36":"shipping-taxable","37":"purchasable","38":"product-type-variable"},"yoast_head":"<!-- This site is optimized with the Yoast SEO plugin v27.3 - https:\/\/yoast.com\/product\/yoast-seo-wordpress\/ -->\n<title>Liimpuidust aiapost 90x90 mm s\u00fcvaimmutatud v\u00f5i v\u00e4rv - Alekeskus<\/title>\n<meta name=\"description\" content=\"liimpuidust aiapost\" \/>\n<meta name=\"robots\" content=\"index, follow, max-snippet:-1, max-image-preview:large, max-video-preview:-1\" \/>\n<link rel=\"canonical\" href=\"https:\/\/alekeskus.eu\/toode\/liimpuidust-aiapost-90x90mm-immutatud-voi-valge-varv\/\" \/>\n<meta property=\"og:locale\" content=\"et_EE\" \/>\n<meta property=\"og:type\" content=\"article\" \/>\n<meta property=\"og:title\" content=\"Liimpuidust aiapost 90x90 mm s\u00fcvaimmutatud v\u00f5i v\u00e4rv - Alekeskus\" \/>\n<meta property=\"og:description\" content=\"liimpuidust aiapost\" \/>\n<meta property=\"og:url\" content=\"https:\/\/alekeskus.eu\/toode\/liimpuidust-aiapost-90x90mm-immutatud-voi-valge-varv\/\" \/>\n<meta property=\"og:site_name\" content=\"Alekeskus\" \/>\n<meta property=\"article:modified_time\" content=\"2024-04-07T11:11:14+00:00\" \/>\n<meta property=\"og:image\" content=\"https:\/\/alekeskus.eu\/wp-content\/uploads\/2021\/11\/post_90x90mm_WTPNT12_extra.jpg\" \/>\n\t<meta property=\"og:image:width\" content=\"2000\" \/>\n\t<meta property=\"og:image:height\" content=\"1500\" \/>\n\t<meta property=\"og:image:type\" content=\"image\/jpeg\" \/>\n<meta name=\"twitter:card\" content=\"summary_large_image\" \/>\n<meta name=\"twitter:label1\" content=\"Est. reading time\" \/>\n\t<meta name=\"twitter:data1\" content=\"1 minut\" \/>\n<script type=\"application\/ld+json\" class=\"yoast-schema-graph\">{\"@context\":\"https:\\\/\\\/schema.org\",\"@graph\":[{\"@type\":\"WebPage\",\"@id\":\"https:\\\/\\\/alekeskus.eu\\\/toode\\\/liimpuidust-aiapost-90x90mm-immutatud-voi-valge-varv\\\/\",\"url\":\"https:\\\/\\\/alekeskus.eu\\\/toode\\\/liimpuidust-aiapost-90x90mm-immutatud-voi-valge-varv\\\/\",\"name\":\"Liimpuidust aiapost 90x90 mm s\u00fcvaimmutatud v\u00f5i v\u00e4rv - Alekeskus\",\"isPartOf\":{\"@id\":\"https:\\\/\\\/alekeskus.eu\\\/#website\"},\"primaryImageOfPage\":{\"@id\":\"https:\\\/\\\/alekeskus.eu\\\/toode\\\/liimpuidust-aiapost-90x90mm-immutatud-voi-valge-varv\\\/#primaryimage\"},\"image\":{\"@id\":\"https:\\\/\\\/alekeskus.eu\\\/toode\\\/liimpuidust-aiapost-90x90mm-immutatud-voi-valge-varv\\\/#primaryimage\"},\"thumbnailUrl\":\"https:\\\/\\\/alekeskus.eu\\\/wp-content\\\/uploads\\\/2021\\\/11\\\/post_90x90mm_WTPNT12_extra.jpg\",\"datePublished\":\"2022-11-11T22:13:57+00:00\",\"dateModified\":\"2024-04-07T11:11:14+00:00\",\"description\":\"liimpuidust aiapost\",\"breadcrumb\":{\"@id\":\"https:\\\/\\\/alekeskus.eu\\\/toode\\\/liimpuidust-aiapost-90x90mm-immutatud-voi-valge-varv\\\/#breadcrumb\"},\"inLanguage\":\"et\",\"potentialAction\":[{\"@type\":\"ReadAction\",\"target\":[\"https:\\\/\\\/alekeskus.eu\\\/toode\\\/liimpuidust-aiapost-90x90mm-immutatud-voi-valge-varv\\\/\"]}]},{\"@type\":\"ImageObject\",\"inLanguage\":\"et\",\"@id\":\"https:\\\/\\\/alekeskus.eu\\\/toode\\\/liimpuidust-aiapost-90x90mm-immutatud-voi-valge-varv\\\/#primaryimage\",\"url\":\"https:\\\/\\\/alekeskus.eu\\\/wp-content\\\/uploads\\\/2021\\\/11\\\/post_90x90mm_WTPNT12_extra.jpg\",\"contentUrl\":\"https:\\\/\\\/alekeskus.eu\\\/wp-content\\\/uploads\\\/2021\\\/11\\\/post_90x90mm_WTPNT12_extra.jpg\",\"width\":1600,\"height\":1200},{\"@type\":\"BreadcrumbList\",\"@id\":\"https:\\\/\\\/alekeskus.eu\\\/toode\\\/liimpuidust-aiapost-90x90mm-immutatud-voi-valge-varv\\\/#breadcrumb\",\"itemListElement\":[{\"@type\":\"ListItem\",\"position\":1,\"name\":\"Avaleht\",\"item\":\"https:\\\/\\\/alekeskus.eu\\\/et\\\/\"},{\"@type\":\"ListItem\",\"position\":2,\"name\":\"Pood\",\"item\":\"https:\\\/\\\/alekeskus.eu\\\/pood\\\/\"},{\"@type\":\"ListItem\",\"position\":3,\"name\":\"Liimpuidust aiapost 90&#215;90 mm s\u00fcvaimmutatud v\u00f5i v\u00e4rv\"}]},{\"@type\":\"WebSite\",\"@id\":\"https:\\\/\\\/alekeskus.eu\\\/#website\",\"url\":\"https:\\\/\\\/alekeskus.eu\\\/\",\"name\":\"Alekeskus\",\"description\":\"Alekeskus.eu\",\"potentialAction\":[{\"@type\":\"SearchAction\",\"target\":{\"@type\":\"EntryPoint\",\"urlTemplate\":\"https:\\\/\\\/alekeskus.eu\\\/?s={search_term_string}\"},\"query-input\":{\"@type\":\"PropertyValueSpecification\",\"valueRequired\":true,\"valueName\":\"search_term_string\"}}],\"inLanguage\":\"et\"}]}<\/script>\n<!-- \/ Yoast SEO plugin. -->","yoast_head_json":{"title":"Liimpuidust aiapost 90x90 mm s\u00fcvaimmutatud v\u00f5i v\u00e4rv - Alekeskus","description":"liimpuidust aiapost","robots":{"index":"index","follow":"follow","max-snippet":"max-snippet:-1","max-image-preview":"max-image-preview:large","max-video-preview":"max-video-preview:-1"},"canonical":"https:\/\/alekeskus.eu\/toode\/liimpuidust-aiapost-90x90mm-immutatud-voi-valge-varv\/","og_locale":"et_EE","og_type":"article","og_title":"Liimpuidust aiapost 90x90 mm s\u00fcvaimmutatud v\u00f5i v\u00e4rv - Alekeskus","og_description":"liimpuidust aiapost","og_url":"https:\/\/alekeskus.eu\/toode\/liimpuidust-aiapost-90x90mm-immutatud-voi-valge-varv\/","og_site_name":"Alekeskus","article_modified_time":"2024-04-07T11:11:14+00:00","og_image":[{"width":2000,"height":1500,"url":"https:\/\/alekeskus.eu\/wp-content\/uploads\/2021\/11\/post_90x90mm_WTPNT12_extra.jpg","type":"image\/jpeg"}],"twitter_card":"summary_large_image","twitter_misc":{"Est. reading time":"1 minut"},"schema":{"@context":"https:\/\/schema.org","@graph":[{"@type":"WebPage","@id":"https:\/\/alekeskus.eu\/toode\/liimpuidust-aiapost-90x90mm-immutatud-voi-valge-varv\/","url":"https:\/\/alekeskus.eu\/toode\/liimpuidust-aiapost-90x90mm-immutatud-voi-valge-varv\/","name":"Liimpuidust aiapost 90x90 mm s\u00fcvaimmutatud v\u00f5i v\u00e4rv - Alekeskus","isPartOf":{"@id":"https:\/\/alekeskus.eu\/#website"},"primaryImageOfPage":{"@id":"https:\/\/alekeskus.eu\/toode\/liimpuidust-aiapost-90x90mm-immutatud-voi-valge-varv\/#primaryimage"},"image":{"@id":"https:\/\/alekeskus.eu\/toode\/liimpuidust-aiapost-90x90mm-immutatud-voi-valge-varv\/#primaryimage"},"thumbnailUrl":"https:\/\/alekeskus.eu\/wp-content\/uploads\/2021\/11\/post_90x90mm_WTPNT12_extra.jpg","datePublished":"2022-11-11T22:13:57+00:00","dateModified":"2024-04-07T11:11:14+00:00","description":"liimpuidust aiapost","breadcrumb":{"@id":"https:\/\/alekeskus.eu\/toode\/liimpuidust-aiapost-90x90mm-immutatud-voi-valge-varv\/#breadcrumb"},"inLanguage":"et","potentialAction":[{"@type":"ReadAction","target":["https:\/\/alekeskus.eu\/toode\/liimpuidust-aiapost-90x90mm-immutatud-voi-valge-varv\/"]}]},{"@type":"ImageObject","inLanguage":"et","@id":"https:\/\/alekeskus.eu\/toode\/liimpuidust-aiapost-90x90mm-immutatud-voi-valge-varv\/#primaryimage","url":"https:\/\/alekeskus.eu\/wp-content\/uploads\/2021\/11\/post_90x90mm_WTPNT12_extra.jpg","contentUrl":"https:\/\/alekeskus.eu\/wp-content\/uploads\/2021\/11\/post_90x90mm_WTPNT12_extra.jpg","width":1600,"height":1200},{"@type":"BreadcrumbList","@id":"https:\/\/alekeskus.eu\/toode\/liimpuidust-aiapost-90x90mm-immutatud-voi-valge-varv\/#breadcrumb","itemListElement":[{"@type":"ListItem","position":1,"name":"Avaleht","item":"https:\/\/alekeskus.eu\/et\/"},{"@type":"ListItem","position":2,"name":"Pood","item":"https:\/\/alekeskus.eu\/pood\/"},{"@type":"ListItem","position":3,"name":"Liimpuidust aiapost 90&#215;90 mm s\u00fcvaimmutatud v\u00f5i v\u00e4rv"}]},{"@type":"WebSite","@id":"https:\/\/alekeskus.eu\/#website","url":"https:\/\/alekeskus.eu\/","name":"Alekeskus","description":"Alekeskus.eu","potentialAction":[{"@type":"SearchAction","target":{"@type":"EntryPoint","urlTemplate":"https:\/\/alekeskus.eu\/?s={search_term_string}"},"query-input":{"@type":"PropertyValueSpecification","valueRequired":true,"valueName":"search_term_string"}}],"inLanguage":"et"}]}},"brands":[],"_links":{"self":[{"href":"https:\/\/alekeskus.eu\/et\/wp-json\/wp\/v2\/product\/65086","targetHints":{"allow":["GET"]}}],"collection":[{"href":"https:\/\/alekeskus.eu\/et\/wp-json\/wp\/v2\/product"}],"about":[{"href":"https:\/\/alekeskus.eu\/et\/wp-json\/wp\/v2\/types\/product"}],"wp:featuredmedia":[{"embeddable":true,"href":"https:\/\/alekeskus.eu\/et\/wp-json\/wp\/v2\/media\/82360"}],"wp:attachment":[{"href":"https:\/\/alekeskus.eu\/et\/wp-json\/wp\/v2\/media?parent=65086"}],"wp:term":[{"taxonomy":"pwb-brand","embeddable":true,"href":"https:\/\/alekeskus.eu\/et\/wp-json\/wp\/v2\/pwb-brand?post=65086"},{"taxonomy":"product_brand","embeddable":true,"href":"https:\/\/alekeskus.eu\/et\/wp-json\/wp\/v2\/product_brand?post=65086"},{"taxonomy":"product_cat","embeddable":true,"href":"https:\/\/alekeskus.eu\/et\/wp-json\/wp\/v2\/product_cat?post=65086"},{"taxonomy":"product_tag","embeddable":true,"href":"https:\/\/alekeskus.eu\/et\/wp-json\/wp\/v2\/product_tag?post=65086"}],"curies":[{"name":"wp","href":"https:\/\/api.w.org\/{rel}","templated":true}]}}