{"id":65142,"date":"2023-11-11T22:19:36","date_gmt":"2023-11-11T22:19:36","guid":{"rendered":"http:\/\/alekeskus.eu\/product\/aiapost-tugikepp-suvaimmutatud-35x1500mm\/"},"modified":"2026-01-02T17:43:36","modified_gmt":"2026-01-02T17:43:36","slug":"aiapost-tugikepp-suvaimmutatud-35x1500mm-alekeskus","status":"publish","type":"product","link":"https:\/\/alekeskus.eu\/et\/toode\/aiapost-tugikepp-suvaimmutatud-35x1500mm-alekeskus\/","title":{"rendered":"Aiapost-tugikepp s\u00fcvaimmutatud 35 x 1500 mm"},"content":{"rendered":"<p>Postid ja latid toodetakse kvaliteetsest Eesti metsadest p\u00e4rit puidust. Karmide ilmastikuolude t\u00f5ttu on puu kasvanud aeglaselt ja seega on puit tugev ja vastupidav. Koos k\u00f5rgekvaliteedilise s\u00fcvaimmutusega suureneb m\u00e4rgatavalt postide eluiga!<\/p>\n<p>Enne tootmisliinile j\u00f5udmist l\u00e4bivad k\u00f5ik t\u00fcved mitmekordse hoolika kontrolli &#8211; esimene kord metsas \u00fclest\u00f6\u00f6taja poolt ja teine kord sorteerliinil operaatori valvsa silma all. L\u00f5plik kontroll teostatakse vahetult peale freesimist ja enne l\u00f5pptoote pakkimist. Mitmekordne kontroll tagab, et kliendini j\u00f5udev kaup on kena v\u00e4ljan\u00e4gemisega ja kvaliteetne.<\/p>\n<table border=\"0\">\n<tbody>\n<tr>\n<td>Pakid on kokku pandud nii, et nad hoiavad oma vormi ka siis, kui pakk on avatud. Seega ei &#8220;p\u00f5gene&#8221; \u00fcmarad postid lintide avades.<\/td>\n<\/tr>\n<\/tbody>\n<\/table>\n<p><img decoding=\"async\" src=\"http:\/\/www.imprest.ee\/pics\/drypack.jpg\" alt=\"\" \/><\/p>\n","protected":false},"excerpt":{"rendered":"<p>\u00dclemine ots faasitud, alumine teritatud.<\/p>\n<p>Puuliik: kuusk<\/p>\n<p>Immutusklass HC3. Eesti toode.<\/p>\n<p>Alusel 372 tk. M\u00dc\u00dcAKSE ALUSE KAUPA! Vedu tasuta \u00fcle Eesti (ka suursaartele) !<\/p>\n","protected":false},"featured_media":95646,"template":"","meta":{"_monsterinsights_skip_tracking":false,"_monsterinsights_sitenote_active":false,"_monsterinsights_sitenote_note":"","_monsterinsights_sitenote_category":0},"pwb-brand":[],"product_brand":[],"product_cat":[13572,13532],"product_tag":[14250,14256,14257,14324,14346,14351,14352,14832,14862,14883],"class_list":{"0":"post-65142","1":"product","2":"type-product","3":"status-publish","4":"has-post-thumbnail","6":"product_cat-aiapostid","7":"product_cat-postid-ja-aiad","8":"product_tag-painekyllastetty","9":"product_tag-aed","10":"product_tag-piire","11":"product_tag-sugavimmutus","12":"product_tag-immutatud","13":"product_tag-imprest","14":"product_tag-kestopuu","15":"product_tag-aitaus","16":"product_tag-post","17":"product_tag-postitants","18":"product_shipping_class-tasuta-transport-kuni-1000kg","19":"pa_kohaletoimetamine-veohind-mandri-eestis-alekeskus","20":"pa_laoasukoht-laane-virumaa-eesti","21":"pa_tellimisaeg-2-10-toopaeva","22":"pa_varv-roheline","23":"pa_veame-eesti-ja-soome","25":"first","26":"instock","27":"taxable","28":"shipping-taxable","29":"purchasable","30":"product-type-simple"},"yoast_head":"<!-- This site is optimized with the Yoast SEO plugin v27.3 - https:\/\/yoast.com\/product\/yoast-seo-wordpress\/ -->\n<title>Aiapost-tugikepp s\u00fcvaimmutatud 35 x 1500 mm - Alekeskus<\/title>\n<meta name=\"description\" content=\"aiapost tugikepp\" \/>\n<meta name=\"robots\" content=\"index, follow, max-snippet:-1, max-image-preview:large, max-video-preview:-1\" \/>\n<link rel=\"canonical\" href=\"https:\/\/alekeskus.eu\/toode\/aiapost-tugikepp-suvaimmutatud-35x1500mm-alekeskus\/\" \/>\n<meta property=\"og:locale\" content=\"et_EE\" \/>\n<meta property=\"og:type\" content=\"article\" \/>\n<meta property=\"og:title\" content=\"Aiapost-tugikepp s\u00fcvaimmutatud 35 x 1500 mm - Alekeskus\" \/>\n<meta property=\"og:description\" content=\"aiapost tugikepp\" \/>\n<meta property=\"og:url\" content=\"https:\/\/alekeskus.eu\/toode\/aiapost-tugikepp-suvaimmutatud-35x1500mm-alekeskus\/\" \/>\n<meta property=\"og:site_name\" content=\"Alekeskus\" \/>\n<meta property=\"article:modified_time\" content=\"2026-01-02T17:43:36+00:00\" \/>\n<meta property=\"og:image\" content=\"https:\/\/alekeskus.eu\/wp-content\/uploads\/2023\/11\/Premium-machine-rounded-posts-pallet.jpg\" \/>\n\t<meta property=\"og:image:width\" content=\"1600\" \/>\n\t<meta property=\"og:image:height\" content=\"1067\" \/>\n\t<meta property=\"og:image:type\" content=\"image\/jpeg\" \/>\n<meta name=\"twitter:card\" content=\"summary_large_image\" \/>\n<meta name=\"twitter:label1\" content=\"Est. reading time\" \/>\n\t<meta name=\"twitter:data1\" content=\"1 minut\" \/>\n<script type=\"application\/ld+json\" class=\"yoast-schema-graph\">{\"@context\":\"https:\\\/\\\/schema.org\",\"@graph\":[{\"@type\":\"WebPage\",\"@id\":\"https:\\\/\\\/alekeskus.eu\\\/toode\\\/aiapost-tugikepp-suvaimmutatud-35x1500mm-alekeskus\\\/\",\"url\":\"https:\\\/\\\/alekeskus.eu\\\/toode\\\/aiapost-tugikepp-suvaimmutatud-35x1500mm-alekeskus\\\/\",\"name\":\"Aiapost-tugikepp s\u00fcvaimmutatud 35 x 1500 mm - Alekeskus\",\"isPartOf\":{\"@id\":\"https:\\\/\\\/alekeskus.eu\\\/#website\"},\"primaryImageOfPage\":{\"@id\":\"https:\\\/\\\/alekeskus.eu\\\/toode\\\/aiapost-tugikepp-suvaimmutatud-35x1500mm-alekeskus\\\/#primaryimage\"},\"image\":{\"@id\":\"https:\\\/\\\/alekeskus.eu\\\/toode\\\/aiapost-tugikepp-suvaimmutatud-35x1500mm-alekeskus\\\/#primaryimage\"},\"thumbnailUrl\":\"https:\\\/\\\/alekeskus.eu\\\/wp-content\\\/uploads\\\/2023\\\/11\\\/Premium-machine-rounded-posts-pallet.jpg\",\"datePublished\":\"2023-11-11T22:19:36+00:00\",\"dateModified\":\"2026-01-02T17:43:36+00:00\",\"description\":\"aiapost tugikepp\",\"breadcrumb\":{\"@id\":\"https:\\\/\\\/alekeskus.eu\\\/toode\\\/aiapost-tugikepp-suvaimmutatud-35x1500mm-alekeskus\\\/#breadcrumb\"},\"inLanguage\":\"et\",\"potentialAction\":[{\"@type\":\"ReadAction\",\"target\":[\"https:\\\/\\\/alekeskus.eu\\\/toode\\\/aiapost-tugikepp-suvaimmutatud-35x1500mm-alekeskus\\\/\"]}]},{\"@type\":\"ImageObject\",\"inLanguage\":\"et\",\"@id\":\"https:\\\/\\\/alekeskus.eu\\\/toode\\\/aiapost-tugikepp-suvaimmutatud-35x1500mm-alekeskus\\\/#primaryimage\",\"url\":\"https:\\\/\\\/alekeskus.eu\\\/wp-content\\\/uploads\\\/2023\\\/11\\\/Premium-machine-rounded-posts-pallet.jpg\",\"contentUrl\":\"https:\\\/\\\/alekeskus.eu\\\/wp-content\\\/uploads\\\/2023\\\/11\\\/Premium-machine-rounded-posts-pallet.jpg\",\"width\":1600,\"height\":1067},{\"@type\":\"BreadcrumbList\",\"@id\":\"https:\\\/\\\/alekeskus.eu\\\/toode\\\/aiapost-tugikepp-suvaimmutatud-35x1500mm-alekeskus\\\/#breadcrumb\",\"itemListElement\":[{\"@type\":\"ListItem\",\"position\":1,\"name\":\"Avaleht\",\"item\":\"https:\\\/\\\/alekeskus.eu\\\/et\\\/\"},{\"@type\":\"ListItem\",\"position\":2,\"name\":\"Pood\",\"item\":\"https:\\\/\\\/alekeskus.eu\\\/pood\\\/\"},{\"@type\":\"ListItem\",\"position\":3,\"name\":\"Aiapost-tugikepp s\u00fcvaimmutatud 35 x 1500 mm\"}]},{\"@type\":\"WebSite\",\"@id\":\"https:\\\/\\\/alekeskus.eu\\\/#website\",\"url\":\"https:\\\/\\\/alekeskus.eu\\\/\",\"name\":\"Alekeskus\",\"description\":\"Alekeskus.eu\",\"potentialAction\":[{\"@type\":\"SearchAction\",\"target\":{\"@type\":\"EntryPoint\",\"urlTemplate\":\"https:\\\/\\\/alekeskus.eu\\\/?s={search_term_string}\"},\"query-input\":{\"@type\":\"PropertyValueSpecification\",\"valueRequired\":true,\"valueName\":\"search_term_string\"}}],\"inLanguage\":\"et\"}]}<\/script>\n<!-- \/ Yoast SEO plugin. -->","yoast_head_json":{"title":"Aiapost-tugikepp s\u00fcvaimmutatud 35 x 1500 mm - Alekeskus","description":"aiapost tugikepp","robots":{"index":"index","follow":"follow","max-snippet":"max-snippet:-1","max-image-preview":"max-image-preview:large","max-video-preview":"max-video-preview:-1"},"canonical":"https:\/\/alekeskus.eu\/toode\/aiapost-tugikepp-suvaimmutatud-35x1500mm-alekeskus\/","og_locale":"et_EE","og_type":"article","og_title":"Aiapost-tugikepp s\u00fcvaimmutatud 35 x 1500 mm - Alekeskus","og_description":"aiapost tugikepp","og_url":"https:\/\/alekeskus.eu\/toode\/aiapost-tugikepp-suvaimmutatud-35x1500mm-alekeskus\/","og_site_name":"Alekeskus","article_modified_time":"2026-01-02T17:43:36+00:00","og_image":[{"width":1600,"height":1067,"url":"https:\/\/alekeskus.eu\/wp-content\/uploads\/2023\/11\/Premium-machine-rounded-posts-pallet.jpg","type":"image\/jpeg"}],"twitter_card":"summary_large_image","twitter_misc":{"Est. reading time":"1 minut"},"schema":{"@context":"https:\/\/schema.org","@graph":[{"@type":"WebPage","@id":"https:\/\/alekeskus.eu\/toode\/aiapost-tugikepp-suvaimmutatud-35x1500mm-alekeskus\/","url":"https:\/\/alekeskus.eu\/toode\/aiapost-tugikepp-suvaimmutatud-35x1500mm-alekeskus\/","name":"Aiapost-tugikepp s\u00fcvaimmutatud 35 x 1500 mm - Alekeskus","isPartOf":{"@id":"https:\/\/alekeskus.eu\/#website"},"primaryImageOfPage":{"@id":"https:\/\/alekeskus.eu\/toode\/aiapost-tugikepp-suvaimmutatud-35x1500mm-alekeskus\/#primaryimage"},"image":{"@id":"https:\/\/alekeskus.eu\/toode\/aiapost-tugikepp-suvaimmutatud-35x1500mm-alekeskus\/#primaryimage"},"thumbnailUrl":"https:\/\/alekeskus.eu\/wp-content\/uploads\/2023\/11\/Premium-machine-rounded-posts-pallet.jpg","datePublished":"2023-11-11T22:19:36+00:00","dateModified":"2026-01-02T17:43:36+00:00","description":"aiapost tugikepp","breadcrumb":{"@id":"https:\/\/alekeskus.eu\/toode\/aiapost-tugikepp-suvaimmutatud-35x1500mm-alekeskus\/#breadcrumb"},"inLanguage":"et","potentialAction":[{"@type":"ReadAction","target":["https:\/\/alekeskus.eu\/toode\/aiapost-tugikepp-suvaimmutatud-35x1500mm-alekeskus\/"]}]},{"@type":"ImageObject","inLanguage":"et","@id":"https:\/\/alekeskus.eu\/toode\/aiapost-tugikepp-suvaimmutatud-35x1500mm-alekeskus\/#primaryimage","url":"https:\/\/alekeskus.eu\/wp-content\/uploads\/2023\/11\/Premium-machine-rounded-posts-pallet.jpg","contentUrl":"https:\/\/alekeskus.eu\/wp-content\/uploads\/2023\/11\/Premium-machine-rounded-posts-pallet.jpg","width":1600,"height":1067},{"@type":"BreadcrumbList","@id":"https:\/\/alekeskus.eu\/toode\/aiapost-tugikepp-suvaimmutatud-35x1500mm-alekeskus\/#breadcrumb","itemListElement":[{"@type":"ListItem","position":1,"name":"Avaleht","item":"https:\/\/alekeskus.eu\/et\/"},{"@type":"ListItem","position":2,"name":"Pood","item":"https:\/\/alekeskus.eu\/pood\/"},{"@type":"ListItem","position":3,"name":"Aiapost-tugikepp s\u00fcvaimmutatud 35 x 1500 mm"}]},{"@type":"WebSite","@id":"https:\/\/alekeskus.eu\/#website","url":"https:\/\/alekeskus.eu\/","name":"Alekeskus","description":"Alekeskus.eu","potentialAction":[{"@type":"SearchAction","target":{"@type":"EntryPoint","urlTemplate":"https:\/\/alekeskus.eu\/?s={search_term_string}"},"query-input":{"@type":"PropertyValueSpecification","valueRequired":true,"valueName":"search_term_string"}}],"inLanguage":"et"}]}},"brands":[],"_links":{"self":[{"href":"https:\/\/alekeskus.eu\/et\/wp-json\/wp\/v2\/product\/65142","targetHints":{"allow":["GET"]}}],"collection":[{"href":"https:\/\/alekeskus.eu\/et\/wp-json\/wp\/v2\/product"}],"about":[{"href":"https:\/\/alekeskus.eu\/et\/wp-json\/wp\/v2\/types\/product"}],"wp:featuredmedia":[{"embeddable":true,"href":"https:\/\/alekeskus.eu\/et\/wp-json\/wp\/v2\/media\/95646"}],"wp:attachment":[{"href":"https:\/\/alekeskus.eu\/et\/wp-json\/wp\/v2\/media?parent=65142"}],"wp:term":[{"taxonomy":"pwb-brand","embeddable":true,"href":"https:\/\/alekeskus.eu\/et\/wp-json\/wp\/v2\/pwb-brand?post=65142"},{"taxonomy":"product_brand","embeddable":true,"href":"https:\/\/alekeskus.eu\/et\/wp-json\/wp\/v2\/product_brand?post=65142"},{"taxonomy":"product_cat","embeddable":true,"href":"https:\/\/alekeskus.eu\/et\/wp-json\/wp\/v2\/product_cat?post=65142"},{"taxonomy":"product_tag","embeddable":true,"href":"https:\/\/alekeskus.eu\/et\/wp-json\/wp\/v2\/product_tag?post=65142"}],"curies":[{"name":"wp","href":"https:\/\/api.w.org\/{rel}","templated":true}]}}