{"id":65244,"date":"2023-11-11T22:20:16","date_gmt":"2023-11-11T22:20:16","guid":{"rendered":"http:\/\/alekeskus.eu\/product\/aiapost-70x70mm-immutatud-voi-valge-varv\/"},"modified":"2025-12-30T19:34:21","modified_gmt":"2025-12-30T19:34:21","slug":"aiapost-70x70mm-immutatud-voi-valge-varv-alekeskus","status":"publish","type":"product","link":"https:\/\/alekeskus.eu\/et\/toode\/aiapost-70x70mm-immutatud-voi-valge-varv-alekeskus\/","title":{"rendered":"Aiapost 70&#215;70 mm s\u00fcvaimmutatud v\u00f5i v\u00e4rvitud"},"content":{"rendered":"","protected":false},"excerpt":{"rendered":"<p><strong>Faasitud nurkadega okaspuidust postid 70 x 70 mm.<\/strong><\/p>\n<p>Pikkused: 1000, 1300, 1600 ja 1900 mm<\/p>\n<p>Valikus on rohelise v\u00f5i halli s\u00fcvaimmutusega ning valgeks v\u00e4rvitud postid.<\/p>\n<p>Eesti toode.<\/p>\n","protected":false},"featured_media":95215,"template":"","meta":{"_monsterinsights_skip_tracking":false,"_monsterinsights_sitenote_active":false,"_monsterinsights_sitenote_note":"","_monsterinsights_sitenote_category":0},"pwb-brand":[],"product_brand":[],"product_cat":[13570,13572,13532],"product_tag":[14246,14256,14351,14818,14862,14901,14926,18807,18808,14244,18809],"class_list":{"0":"post-65244","1":"product","2":"type-product","3":"status-publish","4":"has-post-thumbnail","6":"product_cat-aiapaneelid-valmispiirded-ja-varavad","7":"product_cat-aiapostid","8":"product_cat-postid-ja-aiad","9":"product_tag-aitatolppa","10":"product_tag-aed","11":"product_tag-imprest","12":"product_tag-kilp","13":"product_tag-post","14":"product_tag-puitaed","15":"product_tag-nelikant","16":"product_tag-puupost","17":"product_tag-raia-aita","18":"product_tag-aiapost","19":"product_tag-puinen-tolppa","20":"product_shipping_class-30-300kg","21":"pa_kohaletoimetamine-veohind-mandri-eestis-alekeskus","22":"pa_laoasukoht-poltsamaa","23":"pa_post_-1300mm-valge-varv","24":"pa_post_-1000mm-roheline","25":"pa_post_-1600mm-roheline","26":"pa_post_-1900mm-roheline","27":"pa_post_-1000mm-valge-varv","28":"pa_post_-1300mm-roheline","29":"pa_post_-1600mm-hall","30":"pa_post_-1600mm-valge-varv","31":"pa_post_-1900mm-hall","32":"pa_post_-1900mm-valge-varv","33":"pa_post_-1000mm-hall","34":"pa_post_-1300mm-hall","35":"pa_tellimisaeg-tilausaika-alekeskus","36":"pa_veame-eesti-ja-soome","38":"first","39":"instock","40":"taxable","41":"shipping-taxable","42":"purchasable","43":"product-type-variable","44":"has-default-attributes"},"yoast_head":"<!-- This site is optimized with the Yoast SEO plugin v27.5 - https:\/\/yoast.com\/product\/yoast-seo-wordpress\/ -->\n<title>Aiapost 70x70 mm s\u00fcvaimmutatud v\u00f5i v\u00e4rvitud - Alekeskus<\/title>\n<meta name=\"description\" content=\"aiapost 70x70 mm\" \/>\n<meta name=\"robots\" content=\"index, follow, max-snippet:-1, max-image-preview:large, max-video-preview:-1\" \/>\n<link rel=\"canonical\" href=\"https:\/\/alekeskus.eu\/toode\/aiapost-70x70mm-immutatud-voi-valge-varv-alekeskus\/\" \/>\n<meta property=\"og:locale\" content=\"et_EE\" \/>\n<meta property=\"og:type\" content=\"article\" \/>\n<meta property=\"og:title\" content=\"Aiapost 70x70 mm s\u00fcvaimmutatud v\u00f5i v\u00e4rvitud - Alekeskus\" \/>\n<meta property=\"og:description\" content=\"aiapost 70x70 mm\" \/>\n<meta property=\"og:url\" content=\"https:\/\/alekeskus.eu\/toode\/aiapost-70x70mm-immutatud-voi-valge-varv-alekeskus\/\" \/>\n<meta property=\"og:site_name\" content=\"Alekeskus\" \/>\n<meta property=\"article:modified_time\" content=\"2025-12-30T19:34:21+00:00\" \/>\n<meta property=\"og:image\" content=\"https:\/\/alekeskus.eu\/wp-content\/uploads\/2022\/11\/post_70x70mm-WTPNT12-pikkused.jpg\" \/>\n\t<meta property=\"og:image:width\" content=\"1600\" \/>\n\t<meta property=\"og:image:height\" content=\"1200\" \/>\n\t<meta property=\"og:image:type\" content=\"image\/jpeg\" \/>\n<meta name=\"twitter:card\" content=\"summary_large_image\" \/>\n<meta name=\"twitter:label1\" content=\"Est. reading time\" \/>\n\t<meta name=\"twitter:data1\" content=\"1 minut\" \/>\n<script type=\"application\/ld+json\" class=\"yoast-schema-graph\">{\"@context\":\"https:\\\/\\\/schema.org\",\"@graph\":[{\"@type\":\"WebPage\",\"@id\":\"https:\\\/\\\/alekeskus.eu\\\/toode\\\/aiapost-70x70mm-immutatud-voi-valge-varv-alekeskus\\\/\",\"url\":\"https:\\\/\\\/alekeskus.eu\\\/toode\\\/aiapost-70x70mm-immutatud-voi-valge-varv-alekeskus\\\/\",\"name\":\"Aiapost 70x70 mm s\u00fcvaimmutatud v\u00f5i v\u00e4rvitud - Alekeskus\",\"isPartOf\":{\"@id\":\"https:\\\/\\\/alekeskus.eu\\\/#website\"},\"primaryImageOfPage\":{\"@id\":\"https:\\\/\\\/alekeskus.eu\\\/toode\\\/aiapost-70x70mm-immutatud-voi-valge-varv-alekeskus\\\/#primaryimage\"},\"image\":{\"@id\":\"https:\\\/\\\/alekeskus.eu\\\/toode\\\/aiapost-70x70mm-immutatud-voi-valge-varv-alekeskus\\\/#primaryimage\"},\"thumbnailUrl\":\"https:\\\/\\\/alekeskus.eu\\\/wp-content\\\/uploads\\\/2022\\\/11\\\/post_70x70mm-WTPNT12-pikkused.jpg\",\"datePublished\":\"2023-11-11T22:20:16+00:00\",\"dateModified\":\"2025-12-30T19:34:21+00:00\",\"description\":\"aiapost 70x70 mm\",\"breadcrumb\":{\"@id\":\"https:\\\/\\\/alekeskus.eu\\\/toode\\\/aiapost-70x70mm-immutatud-voi-valge-varv-alekeskus\\\/#breadcrumb\"},\"inLanguage\":\"et\",\"potentialAction\":[{\"@type\":\"ReadAction\",\"target\":[\"https:\\\/\\\/alekeskus.eu\\\/toode\\\/aiapost-70x70mm-immutatud-voi-valge-varv-alekeskus\\\/\"]}]},{\"@type\":\"ImageObject\",\"inLanguage\":\"et\",\"@id\":\"https:\\\/\\\/alekeskus.eu\\\/toode\\\/aiapost-70x70mm-immutatud-voi-valge-varv-alekeskus\\\/#primaryimage\",\"url\":\"https:\\\/\\\/alekeskus.eu\\\/wp-content\\\/uploads\\\/2022\\\/11\\\/post_70x70mm-WTPNT12-pikkused.jpg\",\"contentUrl\":\"https:\\\/\\\/alekeskus.eu\\\/wp-content\\\/uploads\\\/2022\\\/11\\\/post_70x70mm-WTPNT12-pikkused.jpg\",\"width\":1600,\"height\":1200},{\"@type\":\"BreadcrumbList\",\"@id\":\"https:\\\/\\\/alekeskus.eu\\\/toode\\\/aiapost-70x70mm-immutatud-voi-valge-varv-alekeskus\\\/#breadcrumb\",\"itemListElement\":[{\"@type\":\"ListItem\",\"position\":1,\"name\":\"Avaleht\",\"item\":\"https:\\\/\\\/alekeskus.eu\\\/et\\\/\"},{\"@type\":\"ListItem\",\"position\":2,\"name\":\"Pood\",\"item\":\"https:\\\/\\\/alekeskus.eu\\\/pood\\\/\"},{\"@type\":\"ListItem\",\"position\":3,\"name\":\"Aiapost 70&#215;70 mm s\u00fcvaimmutatud v\u00f5i v\u00e4rvitud\"}]},{\"@type\":\"WebSite\",\"@id\":\"https:\\\/\\\/alekeskus.eu\\\/#website\",\"url\":\"https:\\\/\\\/alekeskus.eu\\\/\",\"name\":\"Alekeskus\",\"description\":\"Alekeskus.eu\",\"potentialAction\":[{\"@type\":\"SearchAction\",\"target\":{\"@type\":\"EntryPoint\",\"urlTemplate\":\"https:\\\/\\\/alekeskus.eu\\\/?s={search_term_string}\"},\"query-input\":{\"@type\":\"PropertyValueSpecification\",\"valueRequired\":true,\"valueName\":\"search_term_string\"}}],\"inLanguage\":\"et\"}]}<\/script>\n<!-- \/ Yoast SEO plugin. -->","yoast_head_json":{"title":"Aiapost 70x70 mm s\u00fcvaimmutatud v\u00f5i v\u00e4rvitud - Alekeskus","description":"aiapost 70x70 mm","robots":{"index":"index","follow":"follow","max-snippet":"max-snippet:-1","max-image-preview":"max-image-preview:large","max-video-preview":"max-video-preview:-1"},"canonical":"https:\/\/alekeskus.eu\/toode\/aiapost-70x70mm-immutatud-voi-valge-varv-alekeskus\/","og_locale":"et_EE","og_type":"article","og_title":"Aiapost 70x70 mm s\u00fcvaimmutatud v\u00f5i v\u00e4rvitud - Alekeskus","og_description":"aiapost 70x70 mm","og_url":"https:\/\/alekeskus.eu\/toode\/aiapost-70x70mm-immutatud-voi-valge-varv-alekeskus\/","og_site_name":"Alekeskus","article_modified_time":"2025-12-30T19:34:21+00:00","og_image":[{"width":1600,"height":1200,"url":"https:\/\/alekeskus.eu\/wp-content\/uploads\/2022\/11\/post_70x70mm-WTPNT12-pikkused.jpg","type":"image\/jpeg"}],"twitter_card":"summary_large_image","twitter_misc":{"Est. reading time":"1 minut"},"schema":{"@context":"https:\/\/schema.org","@graph":[{"@type":"WebPage","@id":"https:\/\/alekeskus.eu\/toode\/aiapost-70x70mm-immutatud-voi-valge-varv-alekeskus\/","url":"https:\/\/alekeskus.eu\/toode\/aiapost-70x70mm-immutatud-voi-valge-varv-alekeskus\/","name":"Aiapost 70x70 mm s\u00fcvaimmutatud v\u00f5i v\u00e4rvitud - Alekeskus","isPartOf":{"@id":"https:\/\/alekeskus.eu\/#website"},"primaryImageOfPage":{"@id":"https:\/\/alekeskus.eu\/toode\/aiapost-70x70mm-immutatud-voi-valge-varv-alekeskus\/#primaryimage"},"image":{"@id":"https:\/\/alekeskus.eu\/toode\/aiapost-70x70mm-immutatud-voi-valge-varv-alekeskus\/#primaryimage"},"thumbnailUrl":"https:\/\/alekeskus.eu\/wp-content\/uploads\/2022\/11\/post_70x70mm-WTPNT12-pikkused.jpg","datePublished":"2023-11-11T22:20:16+00:00","dateModified":"2025-12-30T19:34:21+00:00","description":"aiapost 70x70 mm","breadcrumb":{"@id":"https:\/\/alekeskus.eu\/toode\/aiapost-70x70mm-immutatud-voi-valge-varv-alekeskus\/#breadcrumb"},"inLanguage":"et","potentialAction":[{"@type":"ReadAction","target":["https:\/\/alekeskus.eu\/toode\/aiapost-70x70mm-immutatud-voi-valge-varv-alekeskus\/"]}]},{"@type":"ImageObject","inLanguage":"et","@id":"https:\/\/alekeskus.eu\/toode\/aiapost-70x70mm-immutatud-voi-valge-varv-alekeskus\/#primaryimage","url":"https:\/\/alekeskus.eu\/wp-content\/uploads\/2022\/11\/post_70x70mm-WTPNT12-pikkused.jpg","contentUrl":"https:\/\/alekeskus.eu\/wp-content\/uploads\/2022\/11\/post_70x70mm-WTPNT12-pikkused.jpg","width":1600,"height":1200},{"@type":"BreadcrumbList","@id":"https:\/\/alekeskus.eu\/toode\/aiapost-70x70mm-immutatud-voi-valge-varv-alekeskus\/#breadcrumb","itemListElement":[{"@type":"ListItem","position":1,"name":"Avaleht","item":"https:\/\/alekeskus.eu\/et\/"},{"@type":"ListItem","position":2,"name":"Pood","item":"https:\/\/alekeskus.eu\/pood\/"},{"@type":"ListItem","position":3,"name":"Aiapost 70&#215;70 mm s\u00fcvaimmutatud v\u00f5i v\u00e4rvitud"}]},{"@type":"WebSite","@id":"https:\/\/alekeskus.eu\/#website","url":"https:\/\/alekeskus.eu\/","name":"Alekeskus","description":"Alekeskus.eu","potentialAction":[{"@type":"SearchAction","target":{"@type":"EntryPoint","urlTemplate":"https:\/\/alekeskus.eu\/?s={search_term_string}"},"query-input":{"@type":"PropertyValueSpecification","valueRequired":true,"valueName":"search_term_string"}}],"inLanguage":"et"}]}},"brands":[],"_links":{"self":[{"href":"https:\/\/alekeskus.eu\/et\/wp-json\/wp\/v2\/product\/65244","targetHints":{"allow":["GET"]}}],"collection":[{"href":"https:\/\/alekeskus.eu\/et\/wp-json\/wp\/v2\/product"}],"about":[{"href":"https:\/\/alekeskus.eu\/et\/wp-json\/wp\/v2\/types\/product"}],"wp:featuredmedia":[{"embeddable":true,"href":"https:\/\/alekeskus.eu\/et\/wp-json\/wp\/v2\/media\/95215"}],"wp:attachment":[{"href":"https:\/\/alekeskus.eu\/et\/wp-json\/wp\/v2\/media?parent=65244"}],"wp:term":[{"taxonomy":"pwb-brand","embeddable":true,"href":"https:\/\/alekeskus.eu\/et\/wp-json\/wp\/v2\/pwb-brand?post=65244"},{"taxonomy":"product_brand","embeddable":true,"href":"https:\/\/alekeskus.eu\/et\/wp-json\/wp\/v2\/product_brand?post=65244"},{"taxonomy":"product_cat","embeddable":true,"href":"https:\/\/alekeskus.eu\/et\/wp-json\/wp\/v2\/product_cat?post=65244"},{"taxonomy":"product_tag","embeddable":true,"href":"https:\/\/alekeskus.eu\/et\/wp-json\/wp\/v2\/product_tag?post=65244"}],"curies":[{"name":"wp","href":"https:\/\/api.w.org\/{rel}","templated":true}]}}