{"id":65322,"date":"2024-11-11T22:21:08","date_gmt":"2024-11-11T22:21:08","guid":{"rendered":"http:\/\/alekeskus.eu\/product\/aialipp-immutatud-poolitatud-60mm\/"},"modified":"2026-04-21T19:06:06","modified_gmt":"2026-04-21T19:06:06","slug":"aialipp-immutatud-poolitatud-60mm-alekeskus","status":"publish","type":"product","link":"https:\/\/alekeskus.eu\/et\/toode\/aialipp-immutatud-poolitatud-60mm-alekeskus\/","title":{"rendered":"Aialipp s\u00fcvaimmutatud poolitatud 60 mm"},"content":{"rendered":"","protected":false},"excerpt":{"rendered":"<p>Soodne, pikaealine ja kaunis aiaehitusmaterjal. L\u00e4bim\u00f5\u00f5t 60mm(poolitatud).<\/p>\n<p>2 erineva pikkusega:\u00a0 1,15 m ja 1,45 m.<\/p>\n<p>Pikisuunas poolitatud, otsad faasitud.<\/p>\n<p>Puuliik: s\u00fcvaimmutatud kuusk, immutusklass HC3. Eesti toode.<\/p>\n<p>T\u00e4isalusega TASUTA VEDU mandri Eestis (alusel 596tk).<\/p>\n","protected":false},"featured_media":65316,"template":"","meta":{"_monsterinsights_skip_tracking":false,"_monsterinsights_sitenote_active":false,"_monsterinsights_sitenote_note":"","_monsterinsights_sitenote_category":0},"pwb-brand":[],"product_brand":[],"product_cat":[13576,13532],"product_tag":[14257,14323,14346,14352,14476,14600,14676,14940,14250,14256],"class_list":{"0":"post-65322","1":"product","2":"type-product","3":"status-publish","4":"has-post-thumbnail","6":"product_cat-aialatid-aialipid","7":"product_cat-postid-ja-aiad","8":"product_tag-piire","9":"product_tag-suvaimmutatud","10":"product_tag-immutatud","11":"product_tag-kestopuu","12":"product_tag-hc3","13":"product_tag-aita","14":"product_tag-lippaed","15":"product_tag-aialipp","16":"product_tag-painekyllastetty","17":"product_tag-aed","18":"product_shipping_class-30-300kg","19":"pa_kohaletoimetamine-veohind-mandri-eestis-alekeskus","20":"pa_laoasukoht-laane-virumaa-eesti","21":"pa_pikkus-145m","22":"pa_pikkus-115m","23":"pa_tellimisaeg-2-10-toopaeva","24":"pa_varv-roheline","25":"pa_veame-eesti-ja-soome","27":"first","28":"instock","29":"taxable","30":"shipping-taxable","31":"purchasable","32":"product-type-variable","33":"has-default-attributes"},"yoast_head":"<!-- This site is optimized with the Yoast SEO plugin v27.3 - https:\/\/yoast.com\/product\/yoast-seo-wordpress\/ -->\n<title>Aialipp s\u00fcvaimmutatud poolitatud 60 mm - Alekeskus<\/title>\n<meta name=\"description\" content=\"aialipp s\u00fcvaimmutatud ja poolitatud \u00fcmarpuidust\" \/>\n<meta name=\"robots\" content=\"index, follow, max-snippet:-1, max-image-preview:large, max-video-preview:-1\" \/>\n<link rel=\"canonical\" href=\"https:\/\/alekeskus.eu\/et\/toode\/aialipp-immutatud-poolitatud-60mm-alekeskus\/\" \/>\n<meta property=\"og:locale\" content=\"et_EE\" \/>\n<meta property=\"og:type\" content=\"article\" \/>\n<meta property=\"og:title\" content=\"Aialipp s\u00fcvaimmutatud poolitatud 60 mm - Alekeskus\" \/>\n<meta property=\"og:description\" content=\"aialipp s\u00fcvaimmutatud ja poolitatud \u00fcmarpuidust\" \/>\n<meta property=\"og:url\" content=\"https:\/\/alekeskus.eu\/et\/toode\/aialipp-immutatud-poolitatud-60mm-alekeskus\/\" \/>\n<meta property=\"og:site_name\" content=\"Alekeskus\" \/>\n<meta property=\"article:modified_time\" content=\"2026-04-21T19:06:06+00:00\" \/>\n<meta property=\"og:image\" content=\"https:\/\/alekeskus.eu\/wp-content\/uploads\/2021\/11\/628aialipp-immutatud-poolitatud-60mm-0.jpg\" \/>\n\t<meta property=\"og:image:width\" content=\"500\" \/>\n\t<meta property=\"og:image:height\" content=\"330\" \/>\n\t<meta property=\"og:image:type\" content=\"image\/jpeg\" \/>\n<meta name=\"twitter:card\" content=\"summary_large_image\" \/>\n<meta name=\"twitter:label1\" content=\"Est. reading time\" \/>\n\t<meta name=\"twitter:data1\" content=\"1 minut\" \/>\n<script type=\"application\/ld+json\" class=\"yoast-schema-graph\">{\"@context\":\"https:\\\/\\\/schema.org\",\"@graph\":[{\"@type\":\"WebPage\",\"@id\":\"https:\\\/\\\/alekeskus.eu\\\/et\\\/toode\\\/aialipp-immutatud-poolitatud-60mm-alekeskus\\\/\",\"url\":\"https:\\\/\\\/alekeskus.eu\\\/et\\\/toode\\\/aialipp-immutatud-poolitatud-60mm-alekeskus\\\/\",\"name\":\"Aialipp s\u00fcvaimmutatud poolitatud 60 mm - Alekeskus\",\"isPartOf\":{\"@id\":\"https:\\\/\\\/alekeskus.eu\\\/#website\"},\"primaryImageOfPage\":{\"@id\":\"https:\\\/\\\/alekeskus.eu\\\/et\\\/toode\\\/aialipp-immutatud-poolitatud-60mm-alekeskus\\\/#primaryimage\"},\"image\":{\"@id\":\"https:\\\/\\\/alekeskus.eu\\\/et\\\/toode\\\/aialipp-immutatud-poolitatud-60mm-alekeskus\\\/#primaryimage\"},\"thumbnailUrl\":\"https:\\\/\\\/alekeskus.eu\\\/wp-content\\\/uploads\\\/2021\\\/11\\\/628aialipp-immutatud-poolitatud-60mm-0.jpg\",\"datePublished\":\"2024-11-11T22:21:08+00:00\",\"dateModified\":\"2026-04-21T19:06:06+00:00\",\"description\":\"aialipp s\u00fcvaimmutatud ja poolitatud \u00fcmarpuidust\",\"breadcrumb\":{\"@id\":\"https:\\\/\\\/alekeskus.eu\\\/et\\\/toode\\\/aialipp-immutatud-poolitatud-60mm-alekeskus\\\/#breadcrumb\"},\"inLanguage\":\"et\",\"potentialAction\":[{\"@type\":\"ReadAction\",\"target\":[\"https:\\\/\\\/alekeskus.eu\\\/et\\\/toode\\\/aialipp-immutatud-poolitatud-60mm-alekeskus\\\/\"]}]},{\"@type\":\"ImageObject\",\"inLanguage\":\"et\",\"@id\":\"https:\\\/\\\/alekeskus.eu\\\/et\\\/toode\\\/aialipp-immutatud-poolitatud-60mm-alekeskus\\\/#primaryimage\",\"url\":\"https:\\\/\\\/alekeskus.eu\\\/wp-content\\\/uploads\\\/2021\\\/11\\\/628aialipp-immutatud-poolitatud-60mm-0.jpg\",\"contentUrl\":\"https:\\\/\\\/alekeskus.eu\\\/wp-content\\\/uploads\\\/2021\\\/11\\\/628aialipp-immutatud-poolitatud-60mm-0.jpg\",\"width\":500,\"height\":330},{\"@type\":\"BreadcrumbList\",\"@id\":\"https:\\\/\\\/alekeskus.eu\\\/et\\\/toode\\\/aialipp-immutatud-poolitatud-60mm-alekeskus\\\/#breadcrumb\",\"itemListElement\":[{\"@type\":\"ListItem\",\"position\":1,\"name\":\"Avaleht\",\"item\":\"https:\\\/\\\/alekeskus.eu\\\/et\\\/\"},{\"@type\":\"ListItem\",\"position\":2,\"name\":\"Pood\",\"item\":\"https:\\\/\\\/alekeskus.eu\\\/pood\\\/\"},{\"@type\":\"ListItem\",\"position\":3,\"name\":\"Aialipp s\u00fcvaimmutatud poolitatud 60 mm\"}]},{\"@type\":\"WebSite\",\"@id\":\"https:\\\/\\\/alekeskus.eu\\\/#website\",\"url\":\"https:\\\/\\\/alekeskus.eu\\\/\",\"name\":\"Alekeskus\",\"description\":\"Alekeskus.eu\",\"potentialAction\":[{\"@type\":\"SearchAction\",\"target\":{\"@type\":\"EntryPoint\",\"urlTemplate\":\"https:\\\/\\\/alekeskus.eu\\\/?s={search_term_string}\"},\"query-input\":{\"@type\":\"PropertyValueSpecification\",\"valueRequired\":true,\"valueName\":\"search_term_string\"}}],\"inLanguage\":\"et\"}]}<\/script>\n<!-- \/ Yoast SEO plugin. -->","yoast_head_json":{"title":"Aialipp s\u00fcvaimmutatud poolitatud 60 mm - Alekeskus","description":"aialipp s\u00fcvaimmutatud ja poolitatud \u00fcmarpuidust","robots":{"index":"index","follow":"follow","max-snippet":"max-snippet:-1","max-image-preview":"max-image-preview:large","max-video-preview":"max-video-preview:-1"},"canonical":"https:\/\/alekeskus.eu\/et\/toode\/aialipp-immutatud-poolitatud-60mm-alekeskus\/","og_locale":"et_EE","og_type":"article","og_title":"Aialipp s\u00fcvaimmutatud poolitatud 60 mm - Alekeskus","og_description":"aialipp s\u00fcvaimmutatud ja poolitatud \u00fcmarpuidust","og_url":"https:\/\/alekeskus.eu\/et\/toode\/aialipp-immutatud-poolitatud-60mm-alekeskus\/","og_site_name":"Alekeskus","article_modified_time":"2026-04-21T19:06:06+00:00","og_image":[{"width":500,"height":330,"url":"https:\/\/alekeskus.eu\/wp-content\/uploads\/2021\/11\/628aialipp-immutatud-poolitatud-60mm-0.jpg","type":"image\/jpeg"}],"twitter_card":"summary_large_image","twitter_misc":{"Est. reading time":"1 minut"},"schema":{"@context":"https:\/\/schema.org","@graph":[{"@type":"WebPage","@id":"https:\/\/alekeskus.eu\/et\/toode\/aialipp-immutatud-poolitatud-60mm-alekeskus\/","url":"https:\/\/alekeskus.eu\/et\/toode\/aialipp-immutatud-poolitatud-60mm-alekeskus\/","name":"Aialipp s\u00fcvaimmutatud poolitatud 60 mm - Alekeskus","isPartOf":{"@id":"https:\/\/alekeskus.eu\/#website"},"primaryImageOfPage":{"@id":"https:\/\/alekeskus.eu\/et\/toode\/aialipp-immutatud-poolitatud-60mm-alekeskus\/#primaryimage"},"image":{"@id":"https:\/\/alekeskus.eu\/et\/toode\/aialipp-immutatud-poolitatud-60mm-alekeskus\/#primaryimage"},"thumbnailUrl":"https:\/\/alekeskus.eu\/wp-content\/uploads\/2021\/11\/628aialipp-immutatud-poolitatud-60mm-0.jpg","datePublished":"2024-11-11T22:21:08+00:00","dateModified":"2026-04-21T19:06:06+00:00","description":"aialipp s\u00fcvaimmutatud ja poolitatud \u00fcmarpuidust","breadcrumb":{"@id":"https:\/\/alekeskus.eu\/et\/toode\/aialipp-immutatud-poolitatud-60mm-alekeskus\/#breadcrumb"},"inLanguage":"et","potentialAction":[{"@type":"ReadAction","target":["https:\/\/alekeskus.eu\/et\/toode\/aialipp-immutatud-poolitatud-60mm-alekeskus\/"]}]},{"@type":"ImageObject","inLanguage":"et","@id":"https:\/\/alekeskus.eu\/et\/toode\/aialipp-immutatud-poolitatud-60mm-alekeskus\/#primaryimage","url":"https:\/\/alekeskus.eu\/wp-content\/uploads\/2021\/11\/628aialipp-immutatud-poolitatud-60mm-0.jpg","contentUrl":"https:\/\/alekeskus.eu\/wp-content\/uploads\/2021\/11\/628aialipp-immutatud-poolitatud-60mm-0.jpg","width":500,"height":330},{"@type":"BreadcrumbList","@id":"https:\/\/alekeskus.eu\/et\/toode\/aialipp-immutatud-poolitatud-60mm-alekeskus\/#breadcrumb","itemListElement":[{"@type":"ListItem","position":1,"name":"Avaleht","item":"https:\/\/alekeskus.eu\/et\/"},{"@type":"ListItem","position":2,"name":"Pood","item":"https:\/\/alekeskus.eu\/pood\/"},{"@type":"ListItem","position":3,"name":"Aialipp s\u00fcvaimmutatud poolitatud 60 mm"}]},{"@type":"WebSite","@id":"https:\/\/alekeskus.eu\/#website","url":"https:\/\/alekeskus.eu\/","name":"Alekeskus","description":"Alekeskus.eu","potentialAction":[{"@type":"SearchAction","target":{"@type":"EntryPoint","urlTemplate":"https:\/\/alekeskus.eu\/?s={search_term_string}"},"query-input":{"@type":"PropertyValueSpecification","valueRequired":true,"valueName":"search_term_string"}}],"inLanguage":"et"}]}},"brands":[],"_links":{"self":[{"href":"https:\/\/alekeskus.eu\/et\/wp-json\/wp\/v2\/product\/65322","targetHints":{"allow":["GET"]}}],"collection":[{"href":"https:\/\/alekeskus.eu\/et\/wp-json\/wp\/v2\/product"}],"about":[{"href":"https:\/\/alekeskus.eu\/et\/wp-json\/wp\/v2\/types\/product"}],"wp:featuredmedia":[{"embeddable":true,"href":"https:\/\/alekeskus.eu\/et\/wp-json\/wp\/v2\/media\/65316"}],"wp:attachment":[{"href":"https:\/\/alekeskus.eu\/et\/wp-json\/wp\/v2\/media?parent=65322"}],"wp:term":[{"taxonomy":"pwb-brand","embeddable":true,"href":"https:\/\/alekeskus.eu\/et\/wp-json\/wp\/v2\/pwb-brand?post=65322"},{"taxonomy":"product_brand","embeddable":true,"href":"https:\/\/alekeskus.eu\/et\/wp-json\/wp\/v2\/product_brand?post=65322"},{"taxonomy":"product_cat","embeddable":true,"href":"https:\/\/alekeskus.eu\/et\/wp-json\/wp\/v2\/product_cat?post=65322"},{"taxonomy":"product_tag","embeddable":true,"href":"https:\/\/alekeskus.eu\/et\/wp-json\/wp\/v2\/product_tag?post=65322"}],"curies":[{"name":"wp","href":"https:\/\/api.w.org\/{rel}","templated":true}]}}