{"id":65406,"date":"2022-11-11T22:21:58","date_gmt":"2022-11-11T22:21:58","guid":{"rendered":"http:\/\/alekeskus.eu\/product\/kumblustunn-plastsisuga-8-nurkne-valisahjuga\/"},"modified":"2024-02-13T13:11:27","modified_gmt":"2024-02-13T13:11:27","slug":"kumblustunn-plastsisuga-18x18-alekeskus","status":"publish","type":"product","link":"https:\/\/alekeskus.eu\/et\/toode\/kumblustunn-plastsisuga-18x18-alekeskus\/","title":{"rendered":"K\u00fcmblust\u00fcnn plastsisuga 1,8 x1,8 m v\u00e4lisahjuga"},"content":{"rendered":"<p>Hinnas sisalduvad klaasplastist sisu, puidust \u00fcmbris, viimistlemine v\u00e4ljast puidu\u00f5liga, p\u00f5hjatalad, 2 roostevabast terasest vitsa, merealumiiniumist v\u00e4lisahi 2m korstnaga, \u00e4ravool kraaniga ja trepp.<\/p>\n","protected":false},"excerpt":{"rendered":"<ul id=\"&quot;&quot;&quot;ahjud&quot;&quot;&quot;\">\n<li>V\u00e4lism\u00f5\u00f5dud 180 x 180 cm<\/li>\n<li>Sisem\u00f5\u00f5dud 160 x 160 cm<\/li>\n<li>K\u00f5rgus 114 cm<\/li>\n<li>S\u00fcgavus seest 98 cm<\/li>\n<li>Kaal 240 kg<\/li>\n<li>Maht 1200 liitrit<\/li>\n<li>Mahutab 5-6 k\u00fcmblejat<\/li>\n<li>K\u00fctteaeg 5-38\u00b0 1-2 tundi<\/li>\n<li>Puuvooder 42 mm \u00f5litatud kuusk pruun v\u00f5i must(termopuidust vooder 20 mm musta v\u00f5i pruuni \u00f5liga +150\u20ac)<\/li>\n<li>Terasvitsad, p\u00f5hjatalad, trepp, 2 m korsten<\/li>\n<li>Merealumiiniumist tagavooluga v\u00e4lisahjud 30, 35 ja 40 kW(35 ja 40 kW on klaasuksega), paremale v\u00f5i vasakule \u00fchendatav klaasuksega 45 kW ahi<\/li>\n<li>H\u00f5lpsasti hooldatav klaasplastist sisu, 3 v\u00e4rvi: sinine, valge v\u00f5i hall(tellides kirjuta soovitud v\u00e4rv m\u00e4rkusse)<\/li>\n<li>Eesti toode<\/li>\n<\/ul>\n<p>Telli lisad: jalavann, m\u00f5la, korstnapikendus, s\u00e4demep\u00fc\u00fcdja, joogiriiul, soojustus, PVC kate, termokate, kuppelkate, mullis\u00fcsteem, LED tuled.<\/p>\n","protected":false},"featured_media":65400,"template":"","meta":{"_monsterinsights_skip_tracking":false,"_monsterinsights_sitenote_active":false,"_monsterinsights_sitenote_note":"","_monsterinsights_sitenote_category":0},"pwb-brand":[],"product_brand":[],"product_cat":[13578,13536],"product_tag":[15018,15019,15070,18276,14996,14997,15006,15011],"class_list":{"0":"post-65406","1":"product","2":"type-product","3":"status-publish","4":"has-post-thumbnail","6":"product_cat-kumblustunnid","7":"product_cat-saun-ja-kumblus","8":"product_tag-loogastus","9":"product_tag-kumblemine","10":"product_tag-palju","11":"product_tag-sisaallas","12":"product_tag-kumblus","13":"product_tag-saun","14":"product_tag-kylpytynnyri","15":"product_tag-kumblustunn","16":"product_shipping_class-30-300kg","17":"pa_ahjuliikjavoimsus-valine-ahi-30","18":"pa_ahjuliikjavoimsus-valine-ahi-45kw","19":"pa_ahjuliikjavoimsus-valine-ahi-40-kw","20":"pa_ahjuliikjavoimsus-valine-ahi-35kw","21":"pa_garantii-2-aastat","22":"pa_kohaletoimetamine-veohind-mandri-eestis-alekeskus","23":"pa_laoasukoht-viljandimaa","24":"pa_tellimisaeg-2-10-toopaeva","25":"pa_veame-eesti-ja-soome","27":"first","28":"instock","29":"taxable","30":"shipping-taxable","31":"purchasable","32":"product-type-variable","33":"has-default-attributes"},"yoast_head":"<!-- This site is optimized with the Yoast SEO plugin v27.3 - https:\/\/yoast.com\/product\/yoast-seo-wordpress\/ -->\n<title>K\u00fcmblust\u00fcnn plastsisuga 1,8 x1,8 m v\u00e4lisahjuga - Alekeskus<\/title>\n<meta name=\"description\" content=\"K\u00fcmblust\u00fcnn mitut v\u00e4rvi plastsisuga ja erinevate v\u00f5imsustega v\u00e4lisahjudega. K\u00fcmblust\u00fcnni komplekti kuulub klaasplastist sisu, puidust \u00fcmbris, viimistlemine v\u00e4ljast puidu\u00f5liga, p\u00f5hjatalad, 2 roostevabast terasest vitsa, merealumiiniumist v\u00e4lisahi 2m korstnaga, \u00e4ravool kraaniga ja trepp.\" \/>\n<meta name=\"robots\" content=\"index, follow, max-snippet:-1, max-image-preview:large, max-video-preview:-1\" \/>\n<link rel=\"canonical\" href=\"https:\/\/alekeskus.eu\/toode\/kumblustunn-plastsisuga-18x18-alekeskus\/\" \/>\n<meta property=\"og:locale\" content=\"et_EE\" \/>\n<meta property=\"og:type\" content=\"article\" \/>\n<meta property=\"og:title\" content=\"K\u00fcmblust\u00fcnn plastsisuga 1,8 x1,8 m v\u00e4lisahjuga - Alekeskus\" \/>\n<meta property=\"og:description\" content=\"K\u00fcmblust\u00fcnn mitut v\u00e4rvi plastsisuga ja erinevate v\u00f5imsustega v\u00e4lisahjudega. K\u00fcmblust\u00fcnni komplekti kuulub klaasplastist sisu, puidust \u00fcmbris, viimistlemine v\u00e4ljast puidu\u00f5liga, p\u00f5hjatalad, 2 roostevabast terasest vitsa, merealumiiniumist v\u00e4lisahi 2m korstnaga, \u00e4ravool kraaniga ja trepp.\" \/>\n<meta property=\"og:url\" content=\"https:\/\/alekeskus.eu\/toode\/kumblustunn-plastsisuga-18x18-alekeskus\/\" \/>\n<meta property=\"og:site_name\" content=\"Alekeskus\" \/>\n<meta property=\"article:modified_time\" content=\"2024-02-13T13:11:27+00:00\" \/>\n<meta property=\"og:image\" content=\"https:\/\/alekeskus.eu\/wp-content\/uploads\/2021\/11\/533k-mblust-nn-plastsisuga-8-nurkne-v-lisahjuga-0-scaled.jpg\" \/>\n\t<meta property=\"og:image:width\" content=\"2560\" \/>\n\t<meta property=\"og:image:height\" content=\"1707\" \/>\n\t<meta property=\"og:image:type\" content=\"image\/jpeg\" \/>\n<meta name=\"twitter:card\" content=\"summary_large_image\" \/>\n<meta name=\"twitter:label1\" content=\"Est. reading time\" \/>\n\t<meta name=\"twitter:data1\" content=\"1 minut\" \/>\n<script type=\"application\/ld+json\" class=\"yoast-schema-graph\">{\"@context\":\"https:\\\/\\\/schema.org\",\"@graph\":[{\"@type\":\"WebPage\",\"@id\":\"https:\\\/\\\/alekeskus.eu\\\/toode\\\/kumblustunn-plastsisuga-18x18-alekeskus\\\/\",\"url\":\"https:\\\/\\\/alekeskus.eu\\\/toode\\\/kumblustunn-plastsisuga-18x18-alekeskus\\\/\",\"name\":\"K\u00fcmblust\u00fcnn plastsisuga 1,8 x1,8 m v\u00e4lisahjuga - Alekeskus\",\"isPartOf\":{\"@id\":\"https:\\\/\\\/alekeskus.eu\\\/#website\"},\"primaryImageOfPage\":{\"@id\":\"https:\\\/\\\/alekeskus.eu\\\/toode\\\/kumblustunn-plastsisuga-18x18-alekeskus\\\/#primaryimage\"},\"image\":{\"@id\":\"https:\\\/\\\/alekeskus.eu\\\/toode\\\/kumblustunn-plastsisuga-18x18-alekeskus\\\/#primaryimage\"},\"thumbnailUrl\":\"https:\\\/\\\/alekeskus.eu\\\/wp-content\\\/uploads\\\/2021\\\/11\\\/533k-mblust-nn-plastsisuga-8-nurkne-v-lisahjuga-0-scaled.jpg\",\"datePublished\":\"2022-11-11T22:21:58+00:00\",\"dateModified\":\"2024-02-13T13:11:27+00:00\",\"description\":\"K\u00fcmblust\u00fcnn mitut v\u00e4rvi plastsisuga ja erinevate v\u00f5imsustega v\u00e4lisahjudega. K\u00fcmblust\u00fcnni komplekti kuulub klaasplastist sisu, puidust \u00fcmbris, viimistlemine v\u00e4ljast puidu\u00f5liga, p\u00f5hjatalad, 2 roostevabast terasest vitsa, merealumiiniumist v\u00e4lisahi 2m korstnaga, \u00e4ravool kraaniga ja trepp.\",\"breadcrumb\":{\"@id\":\"https:\\\/\\\/alekeskus.eu\\\/toode\\\/kumblustunn-plastsisuga-18x18-alekeskus\\\/#breadcrumb\"},\"inLanguage\":\"et\",\"potentialAction\":[{\"@type\":\"ReadAction\",\"target\":[\"https:\\\/\\\/alekeskus.eu\\\/toode\\\/kumblustunn-plastsisuga-18x18-alekeskus\\\/\"]}]},{\"@type\":\"ImageObject\",\"inLanguage\":\"et\",\"@id\":\"https:\\\/\\\/alekeskus.eu\\\/toode\\\/kumblustunn-plastsisuga-18x18-alekeskus\\\/#primaryimage\",\"url\":\"https:\\\/\\\/alekeskus.eu\\\/wp-content\\\/uploads\\\/2021\\\/11\\\/533k-mblust-nn-plastsisuga-8-nurkne-v-lisahjuga-0-scaled.jpg\",\"contentUrl\":\"https:\\\/\\\/alekeskus.eu\\\/wp-content\\\/uploads\\\/2021\\\/11\\\/533k-mblust-nn-plastsisuga-8-nurkne-v-lisahjuga-0-scaled.jpg\",\"width\":1600,\"height\":1067},{\"@type\":\"BreadcrumbList\",\"@id\":\"https:\\\/\\\/alekeskus.eu\\\/toode\\\/kumblustunn-plastsisuga-18x18-alekeskus\\\/#breadcrumb\",\"itemListElement\":[{\"@type\":\"ListItem\",\"position\":1,\"name\":\"Avaleht\",\"item\":\"https:\\\/\\\/alekeskus.eu\\\/et\\\/\"},{\"@type\":\"ListItem\",\"position\":2,\"name\":\"Pood\",\"item\":\"https:\\\/\\\/alekeskus.eu\\\/pood\\\/\"},{\"@type\":\"ListItem\",\"position\":3,\"name\":\"K\u00fcmblust\u00fcnn plastsisuga 1,8 x1,8 m v\u00e4lisahjuga\"}]},{\"@type\":\"WebSite\",\"@id\":\"https:\\\/\\\/alekeskus.eu\\\/#website\",\"url\":\"https:\\\/\\\/alekeskus.eu\\\/\",\"name\":\"Alekeskus\",\"description\":\"Alekeskus.eu\",\"potentialAction\":[{\"@type\":\"SearchAction\",\"target\":{\"@type\":\"EntryPoint\",\"urlTemplate\":\"https:\\\/\\\/alekeskus.eu\\\/?s={search_term_string}\"},\"query-input\":{\"@type\":\"PropertyValueSpecification\",\"valueRequired\":true,\"valueName\":\"search_term_string\"}}],\"inLanguage\":\"et\"}]}<\/script>\n<!-- \/ Yoast SEO plugin. -->","yoast_head_json":{"title":"K\u00fcmblust\u00fcnn plastsisuga 1,8 x1,8 m v\u00e4lisahjuga - Alekeskus","description":"K\u00fcmblust\u00fcnn mitut v\u00e4rvi plastsisuga ja erinevate v\u00f5imsustega v\u00e4lisahjudega. K\u00fcmblust\u00fcnni komplekti kuulub klaasplastist sisu, puidust \u00fcmbris, viimistlemine v\u00e4ljast puidu\u00f5liga, p\u00f5hjatalad, 2 roostevabast terasest vitsa, merealumiiniumist v\u00e4lisahi 2m korstnaga, \u00e4ravool kraaniga ja trepp.","robots":{"index":"index","follow":"follow","max-snippet":"max-snippet:-1","max-image-preview":"max-image-preview:large","max-video-preview":"max-video-preview:-1"},"canonical":"https:\/\/alekeskus.eu\/toode\/kumblustunn-plastsisuga-18x18-alekeskus\/","og_locale":"et_EE","og_type":"article","og_title":"K\u00fcmblust\u00fcnn plastsisuga 1,8 x1,8 m v\u00e4lisahjuga - Alekeskus","og_description":"K\u00fcmblust\u00fcnn mitut v\u00e4rvi plastsisuga ja erinevate v\u00f5imsustega v\u00e4lisahjudega. K\u00fcmblust\u00fcnni komplekti kuulub klaasplastist sisu, puidust \u00fcmbris, viimistlemine v\u00e4ljast puidu\u00f5liga, p\u00f5hjatalad, 2 roostevabast terasest vitsa, merealumiiniumist v\u00e4lisahi 2m korstnaga, \u00e4ravool kraaniga ja trepp.","og_url":"https:\/\/alekeskus.eu\/toode\/kumblustunn-plastsisuga-18x18-alekeskus\/","og_site_name":"Alekeskus","article_modified_time":"2024-02-13T13:11:27+00:00","og_image":[{"width":2560,"height":1707,"url":"https:\/\/alekeskus.eu\/wp-content\/uploads\/2021\/11\/533k-mblust-nn-plastsisuga-8-nurkne-v-lisahjuga-0-scaled.jpg","type":"image\/jpeg"}],"twitter_card":"summary_large_image","twitter_misc":{"Est. reading time":"1 minut"},"schema":{"@context":"https:\/\/schema.org","@graph":[{"@type":"WebPage","@id":"https:\/\/alekeskus.eu\/toode\/kumblustunn-plastsisuga-18x18-alekeskus\/","url":"https:\/\/alekeskus.eu\/toode\/kumblustunn-plastsisuga-18x18-alekeskus\/","name":"K\u00fcmblust\u00fcnn plastsisuga 1,8 x1,8 m v\u00e4lisahjuga - Alekeskus","isPartOf":{"@id":"https:\/\/alekeskus.eu\/#website"},"primaryImageOfPage":{"@id":"https:\/\/alekeskus.eu\/toode\/kumblustunn-plastsisuga-18x18-alekeskus\/#primaryimage"},"image":{"@id":"https:\/\/alekeskus.eu\/toode\/kumblustunn-plastsisuga-18x18-alekeskus\/#primaryimage"},"thumbnailUrl":"https:\/\/alekeskus.eu\/wp-content\/uploads\/2021\/11\/533k-mblust-nn-plastsisuga-8-nurkne-v-lisahjuga-0-scaled.jpg","datePublished":"2022-11-11T22:21:58+00:00","dateModified":"2024-02-13T13:11:27+00:00","description":"K\u00fcmblust\u00fcnn mitut v\u00e4rvi plastsisuga ja erinevate v\u00f5imsustega v\u00e4lisahjudega. K\u00fcmblust\u00fcnni komplekti kuulub klaasplastist sisu, puidust \u00fcmbris, viimistlemine v\u00e4ljast puidu\u00f5liga, p\u00f5hjatalad, 2 roostevabast terasest vitsa, merealumiiniumist v\u00e4lisahi 2m korstnaga, \u00e4ravool kraaniga ja trepp.","breadcrumb":{"@id":"https:\/\/alekeskus.eu\/toode\/kumblustunn-plastsisuga-18x18-alekeskus\/#breadcrumb"},"inLanguage":"et","potentialAction":[{"@type":"ReadAction","target":["https:\/\/alekeskus.eu\/toode\/kumblustunn-plastsisuga-18x18-alekeskus\/"]}]},{"@type":"ImageObject","inLanguage":"et","@id":"https:\/\/alekeskus.eu\/toode\/kumblustunn-plastsisuga-18x18-alekeskus\/#primaryimage","url":"https:\/\/alekeskus.eu\/wp-content\/uploads\/2021\/11\/533k-mblust-nn-plastsisuga-8-nurkne-v-lisahjuga-0-scaled.jpg","contentUrl":"https:\/\/alekeskus.eu\/wp-content\/uploads\/2021\/11\/533k-mblust-nn-plastsisuga-8-nurkne-v-lisahjuga-0-scaled.jpg","width":1600,"height":1067},{"@type":"BreadcrumbList","@id":"https:\/\/alekeskus.eu\/toode\/kumblustunn-plastsisuga-18x18-alekeskus\/#breadcrumb","itemListElement":[{"@type":"ListItem","position":1,"name":"Avaleht","item":"https:\/\/alekeskus.eu\/et\/"},{"@type":"ListItem","position":2,"name":"Pood","item":"https:\/\/alekeskus.eu\/pood\/"},{"@type":"ListItem","position":3,"name":"K\u00fcmblust\u00fcnn plastsisuga 1,8 x1,8 m v\u00e4lisahjuga"}]},{"@type":"WebSite","@id":"https:\/\/alekeskus.eu\/#website","url":"https:\/\/alekeskus.eu\/","name":"Alekeskus","description":"Alekeskus.eu","potentialAction":[{"@type":"SearchAction","target":{"@type":"EntryPoint","urlTemplate":"https:\/\/alekeskus.eu\/?s={search_term_string}"},"query-input":{"@type":"PropertyValueSpecification","valueRequired":true,"valueName":"search_term_string"}}],"inLanguage":"et"}]}},"brands":[],"_links":{"self":[{"href":"https:\/\/alekeskus.eu\/et\/wp-json\/wp\/v2\/product\/65406","targetHints":{"allow":["GET"]}}],"collection":[{"href":"https:\/\/alekeskus.eu\/et\/wp-json\/wp\/v2\/product"}],"about":[{"href":"https:\/\/alekeskus.eu\/et\/wp-json\/wp\/v2\/types\/product"}],"wp:featuredmedia":[{"embeddable":true,"href":"https:\/\/alekeskus.eu\/et\/wp-json\/wp\/v2\/media\/65400"}],"wp:attachment":[{"href":"https:\/\/alekeskus.eu\/et\/wp-json\/wp\/v2\/media?parent=65406"}],"wp:term":[{"taxonomy":"pwb-brand","embeddable":true,"href":"https:\/\/alekeskus.eu\/et\/wp-json\/wp\/v2\/pwb-brand?post=65406"},{"taxonomy":"product_brand","embeddable":true,"href":"https:\/\/alekeskus.eu\/et\/wp-json\/wp\/v2\/product_brand?post=65406"},{"taxonomy":"product_cat","embeddable":true,"href":"https:\/\/alekeskus.eu\/et\/wp-json\/wp\/v2\/product_cat?post=65406"},{"taxonomy":"product_tag","embeddable":true,"href":"https:\/\/alekeskus.eu\/et\/wp-json\/wp\/v2\/product_tag?post=65406"}],"curies":[{"name":"wp","href":"https:\/\/api.w.org\/{rel}","templated":true}]}}