{"id":65424,"date":"2021-11-11T22:22:09","date_gmt":"2021-11-11T22:22:09","guid":{"rendered":"http:\/\/alekeskus.eu\/product\/kumblustunn-22m-plastsisuga-valisahjuga\/"},"modified":"2024-02-13T13:22:35","modified_gmt":"2024-02-13T13:22:35","slug":"kumblustunn-22m-plastsisuga-alekeskus","status":"publish","type":"product","link":"https:\/\/alekeskus.eu\/et\/toode\/kumblustunn-22m-plastsisuga-alekeskus\/","title":{"rendered":"K\u00fcmblust\u00fcnn 2,2 m plastsisuga v\u00e4lisahjuga"},"content":{"rendered":"<p>K\u00fcmblust\u00fcnni komplekti kuulub klaasplastist sisu, puidust \u00fcmbris, viimistlemine v\u00e4ljast puidu\u00f5liga, p\u00f5hjatalad, 2 roostevabast terasest vitsa, merealumiiniumist v\u00e4lisahi 30, 35, 40 v\u00f5i 45kW 2 m korstnaga, \u00e4ravool kraaniga ja trepp.<\/p>\n","protected":false},"excerpt":{"rendered":"<ul id=\"&quot;ahjud&quot;\">\n<li>V\u00e4lis \u00d8 220 cm<\/li>\n<li>Sise \u00d8 200 cm<\/li>\n<li>K\u00f5rgus 116 cm<\/li>\n<li>S\u00fcgavus seest 100 cm<\/li>\n<li>Kaal 310 kg<\/li>\n<li>Maht 1600 liitrit<\/li>\n<li>Mahutab 7-9 k\u00fcmblejat<\/li>\n<li>K\u00fctteaeg 5-38\u00b0 2-3 tundi<\/li>\n<li>Puuvooder \u00f5litatud(pruun v\u00f5i must) kuusk 42 mm<\/li>\n<li>Terasvitsad, p\u00f5hjatalad, trepp<\/li>\n<li>Merealumiiniumist tagavooluga v\u00e4lisahjud 30, 35 ja 40 kW(35 ja 40 kW on klaasuksega), paremale v\u00f5i vasakule \u00fchendatav klaasuksega 45 kW ahi<\/li>\n<li>H\u00f5lpsasti hooldatav klaasplastist sisu, 3 v\u00e4rvi: sinine, helehall v\u00f5i tumehall(tellides kirjuta soovitud v\u00e4rv m\u00e4rkusse)<\/li>\n<li>Eesti toode<\/li>\n<\/ul>\n<p>Telli lisad: jalavann, m\u00f5la, korstnapikendus, kuumakaitse, s\u00e4demep\u00fc\u00fcdja, soojustus, joogiriiul, PVC kate, termokate.<\/p>\n","protected":false},"featured_media":84505,"template":"","meta":{"_monsterinsights_skip_tracking":false,"_monsterinsights_sitenote_active":false,"_monsterinsights_sitenote_note":"","_monsterinsights_sitenote_category":0},"pwb-brand":[],"product_brand":[],"product_cat":[13578,13536],"product_tag":[14996,14997,14998,15006,15011,15070,17880,18276,14643,18285],"class_list":{"0":"post-65424","1":"product","2":"type-product","3":"status-publish","4":"has-post-thumbnail","6":"product_cat-kumblustunnid","7":"product_cat-saun-ja-kumblus","8":"product_tag-kumblus","9":"product_tag-saun","10":"product_tag-tunn","11":"product_tag-kylpytynnyri","12":"product_tag-kumblustunn","13":"product_tag-palju","14":"product_tag-tunnisaun","15":"product_tag-sisaallas","16":"product_tag-terrass","17":"product_tag-lasikuitusta-sisaallas","18":"product_shipping_class-kuni-1000kg","19":"pa_ahjuliikjavoimsus-valine-ahi-40kw","20":"pa_ahjuliikjavoimsus-valine-ahi-35kw","21":"pa_ahjuliikjavoimsus-valine-ahi-30","22":"pa_ahjuliikjavoimsus-valine-ahi-45kw","23":"pa_garantii-2-aastat","24":"pa_kohaletoimetamine-veohind-mandri-eestis-alekeskus","25":"pa_laoasukoht-viljandimaa","26":"pa_tellimisaeg-2-10-toopaeva","27":"pa_veame-eesti-ja-soome","29":"first","30":"instock","31":"taxable","32":"shipping-taxable","33":"purchasable","34":"product-type-variable","35":"has-default-attributes"},"yoast_head":"<!-- This site is optimized with the Yoast SEO plugin v27.3 - https:\/\/yoast.com\/product\/yoast-seo-wordpress\/ -->\n<title>K\u00fcmblust\u00fcnn 2,2 m plastsisuga v\u00e4lisahjuga - Alekeskus<\/title>\n<meta name=\"description\" content=\"K\u00fcmblust\u00fcnn 2,2m plastsisuga ja v\u00e4lisahjuga\" \/>\n<meta name=\"robots\" content=\"index, follow, max-snippet:-1, max-image-preview:large, max-video-preview:-1\" \/>\n<link rel=\"canonical\" href=\"https:\/\/alekeskus.eu\/toode\/kumblustunn-22m-plastsisuga-alekeskus\/\" \/>\n<meta property=\"og:locale\" content=\"et_EE\" \/>\n<meta property=\"og:type\" content=\"article\" \/>\n<meta property=\"og:title\" content=\"K\u00fcmblust\u00fcnn 2,2 m plastsisuga v\u00e4lisahjuga - Alekeskus\" \/>\n<meta property=\"og:description\" content=\"K\u00fcmblust\u00fcnn 2,2m plastsisuga ja v\u00e4lisahjuga\" \/>\n<meta property=\"og:url\" content=\"https:\/\/alekeskus.eu\/toode\/kumblustunn-22m-plastsisuga-alekeskus\/\" \/>\n<meta property=\"og:site_name\" content=\"Alekeskus\" \/>\n<meta property=\"article:modified_time\" content=\"2024-02-13T13:22:35+00:00\" \/>\n<meta property=\"og:image\" content=\"https:\/\/alekeskus.eu\/wp-content\/uploads\/2023\/11\/22m-th-1024x1024.png\" \/>\n\t<meta property=\"og:image:width\" content=\"1024\" \/>\n\t<meta property=\"og:image:height\" content=\"1024\" \/>\n\t<meta property=\"og:image:type\" content=\"image\/png\" \/>\n<meta name=\"twitter:card\" content=\"summary_large_image\" \/>\n<meta name=\"twitter:label1\" content=\"Est. reading time\" \/>\n\t<meta name=\"twitter:data1\" content=\"1 minut\" \/>\n<script type=\"application\/ld+json\" class=\"yoast-schema-graph\">{\"@context\":\"https:\\\/\\\/schema.org\",\"@graph\":[{\"@type\":\"WebPage\",\"@id\":\"https:\\\/\\\/alekeskus.eu\\\/toode\\\/kumblustunn-22m-plastsisuga-alekeskus\\\/\",\"url\":\"https:\\\/\\\/alekeskus.eu\\\/toode\\\/kumblustunn-22m-plastsisuga-alekeskus\\\/\",\"name\":\"K\u00fcmblust\u00fcnn 2,2 m plastsisuga v\u00e4lisahjuga - Alekeskus\",\"isPartOf\":{\"@id\":\"https:\\\/\\\/alekeskus.eu\\\/#website\"},\"primaryImageOfPage\":{\"@id\":\"https:\\\/\\\/alekeskus.eu\\\/toode\\\/kumblustunn-22m-plastsisuga-alekeskus\\\/#primaryimage\"},\"image\":{\"@id\":\"https:\\\/\\\/alekeskus.eu\\\/toode\\\/kumblustunn-22m-plastsisuga-alekeskus\\\/#primaryimage\"},\"thumbnailUrl\":\"https:\\\/\\\/alekeskus.eu\\\/wp-content\\\/uploads\\\/2023\\\/11\\\/22m-th.png\",\"datePublished\":\"2021-11-11T22:22:09+00:00\",\"dateModified\":\"2024-02-13T13:22:35+00:00\",\"description\":\"K\u00fcmblust\u00fcnn 2,2m plastsisuga ja v\u00e4lisahjuga\",\"breadcrumb\":{\"@id\":\"https:\\\/\\\/alekeskus.eu\\\/toode\\\/kumblustunn-22m-plastsisuga-alekeskus\\\/#breadcrumb\"},\"inLanguage\":\"et\",\"potentialAction\":[{\"@type\":\"ReadAction\",\"target\":[\"https:\\\/\\\/alekeskus.eu\\\/toode\\\/kumblustunn-22m-plastsisuga-alekeskus\\\/\"]}]},{\"@type\":\"ImageObject\",\"inLanguage\":\"et\",\"@id\":\"https:\\\/\\\/alekeskus.eu\\\/toode\\\/kumblustunn-22m-plastsisuga-alekeskus\\\/#primaryimage\",\"url\":\"https:\\\/\\\/alekeskus.eu\\\/wp-content\\\/uploads\\\/2023\\\/11\\\/22m-th.png\",\"contentUrl\":\"https:\\\/\\\/alekeskus.eu\\\/wp-content\\\/uploads\\\/2023\\\/11\\\/22m-th.png\",\"width\":1600,\"height\":1200},{\"@type\":\"BreadcrumbList\",\"@id\":\"https:\\\/\\\/alekeskus.eu\\\/toode\\\/kumblustunn-22m-plastsisuga-alekeskus\\\/#breadcrumb\",\"itemListElement\":[{\"@type\":\"ListItem\",\"position\":1,\"name\":\"Avaleht\",\"item\":\"https:\\\/\\\/alekeskus.eu\\\/et\\\/\"},{\"@type\":\"ListItem\",\"position\":2,\"name\":\"Pood\",\"item\":\"https:\\\/\\\/alekeskus.eu\\\/pood\\\/\"},{\"@type\":\"ListItem\",\"position\":3,\"name\":\"K\u00fcmblust\u00fcnn 2,2 m plastsisuga v\u00e4lisahjuga\"}]},{\"@type\":\"WebSite\",\"@id\":\"https:\\\/\\\/alekeskus.eu\\\/#website\",\"url\":\"https:\\\/\\\/alekeskus.eu\\\/\",\"name\":\"Alekeskus\",\"description\":\"Alekeskus.eu\",\"potentialAction\":[{\"@type\":\"SearchAction\",\"target\":{\"@type\":\"EntryPoint\",\"urlTemplate\":\"https:\\\/\\\/alekeskus.eu\\\/?s={search_term_string}\"},\"query-input\":{\"@type\":\"PropertyValueSpecification\",\"valueRequired\":true,\"valueName\":\"search_term_string\"}}],\"inLanguage\":\"et\"}]}<\/script>\n<!-- \/ Yoast SEO plugin. -->","yoast_head_json":{"title":"K\u00fcmblust\u00fcnn 2,2 m plastsisuga v\u00e4lisahjuga - Alekeskus","description":"K\u00fcmblust\u00fcnn 2,2m plastsisuga ja v\u00e4lisahjuga","robots":{"index":"index","follow":"follow","max-snippet":"max-snippet:-1","max-image-preview":"max-image-preview:large","max-video-preview":"max-video-preview:-1"},"canonical":"https:\/\/alekeskus.eu\/toode\/kumblustunn-22m-plastsisuga-alekeskus\/","og_locale":"et_EE","og_type":"article","og_title":"K\u00fcmblust\u00fcnn 2,2 m plastsisuga v\u00e4lisahjuga - Alekeskus","og_description":"K\u00fcmblust\u00fcnn 2,2m plastsisuga ja v\u00e4lisahjuga","og_url":"https:\/\/alekeskus.eu\/toode\/kumblustunn-22m-plastsisuga-alekeskus\/","og_site_name":"Alekeskus","article_modified_time":"2024-02-13T13:22:35+00:00","og_image":[{"width":1024,"height":1024,"url":"https:\/\/alekeskus.eu\/wp-content\/uploads\/2023\/11\/22m-th-1024x1024.png","type":"image\/png"}],"twitter_card":"summary_large_image","twitter_misc":{"Est. reading time":"1 minut"},"schema":{"@context":"https:\/\/schema.org","@graph":[{"@type":"WebPage","@id":"https:\/\/alekeskus.eu\/toode\/kumblustunn-22m-plastsisuga-alekeskus\/","url":"https:\/\/alekeskus.eu\/toode\/kumblustunn-22m-plastsisuga-alekeskus\/","name":"K\u00fcmblust\u00fcnn 2,2 m plastsisuga v\u00e4lisahjuga - Alekeskus","isPartOf":{"@id":"https:\/\/alekeskus.eu\/#website"},"primaryImageOfPage":{"@id":"https:\/\/alekeskus.eu\/toode\/kumblustunn-22m-plastsisuga-alekeskus\/#primaryimage"},"image":{"@id":"https:\/\/alekeskus.eu\/toode\/kumblustunn-22m-plastsisuga-alekeskus\/#primaryimage"},"thumbnailUrl":"https:\/\/alekeskus.eu\/wp-content\/uploads\/2023\/11\/22m-th.png","datePublished":"2021-11-11T22:22:09+00:00","dateModified":"2024-02-13T13:22:35+00:00","description":"K\u00fcmblust\u00fcnn 2,2m plastsisuga ja v\u00e4lisahjuga","breadcrumb":{"@id":"https:\/\/alekeskus.eu\/toode\/kumblustunn-22m-plastsisuga-alekeskus\/#breadcrumb"},"inLanguage":"et","potentialAction":[{"@type":"ReadAction","target":["https:\/\/alekeskus.eu\/toode\/kumblustunn-22m-plastsisuga-alekeskus\/"]}]},{"@type":"ImageObject","inLanguage":"et","@id":"https:\/\/alekeskus.eu\/toode\/kumblustunn-22m-plastsisuga-alekeskus\/#primaryimage","url":"https:\/\/alekeskus.eu\/wp-content\/uploads\/2023\/11\/22m-th.png","contentUrl":"https:\/\/alekeskus.eu\/wp-content\/uploads\/2023\/11\/22m-th.png","width":1600,"height":1200},{"@type":"BreadcrumbList","@id":"https:\/\/alekeskus.eu\/toode\/kumblustunn-22m-plastsisuga-alekeskus\/#breadcrumb","itemListElement":[{"@type":"ListItem","position":1,"name":"Avaleht","item":"https:\/\/alekeskus.eu\/et\/"},{"@type":"ListItem","position":2,"name":"Pood","item":"https:\/\/alekeskus.eu\/pood\/"},{"@type":"ListItem","position":3,"name":"K\u00fcmblust\u00fcnn 2,2 m plastsisuga v\u00e4lisahjuga"}]},{"@type":"WebSite","@id":"https:\/\/alekeskus.eu\/#website","url":"https:\/\/alekeskus.eu\/","name":"Alekeskus","description":"Alekeskus.eu","potentialAction":[{"@type":"SearchAction","target":{"@type":"EntryPoint","urlTemplate":"https:\/\/alekeskus.eu\/?s={search_term_string}"},"query-input":{"@type":"PropertyValueSpecification","valueRequired":true,"valueName":"search_term_string"}}],"inLanguage":"et"}]}},"brands":[],"_links":{"self":[{"href":"https:\/\/alekeskus.eu\/et\/wp-json\/wp\/v2\/product\/65424","targetHints":{"allow":["GET"]}}],"collection":[{"href":"https:\/\/alekeskus.eu\/et\/wp-json\/wp\/v2\/product"}],"about":[{"href":"https:\/\/alekeskus.eu\/et\/wp-json\/wp\/v2\/types\/product"}],"wp:featuredmedia":[{"embeddable":true,"href":"https:\/\/alekeskus.eu\/et\/wp-json\/wp\/v2\/media\/84505"}],"wp:attachment":[{"href":"https:\/\/alekeskus.eu\/et\/wp-json\/wp\/v2\/media?parent=65424"}],"wp:term":[{"taxonomy":"pwb-brand","embeddable":true,"href":"https:\/\/alekeskus.eu\/et\/wp-json\/wp\/v2\/pwb-brand?post=65424"},{"taxonomy":"product_brand","embeddable":true,"href":"https:\/\/alekeskus.eu\/et\/wp-json\/wp\/v2\/product_brand?post=65424"},{"taxonomy":"product_cat","embeddable":true,"href":"https:\/\/alekeskus.eu\/et\/wp-json\/wp\/v2\/product_cat?post=65424"},{"taxonomy":"product_tag","embeddable":true,"href":"https:\/\/alekeskus.eu\/et\/wp-json\/wp\/v2\/product_tag?post=65424"}],"curies":[{"name":"wp","href":"https:\/\/api.w.org\/{rel}","templated":true}]}}