{"id":65531,"date":"2023-04-11T22:23:10","date_gmt":"2021-11-11T22:23:11","guid":{"rendered":"http:\/\/alekeskus.eu\/product\/kylpytynnyri-20m-ulkokamiinalla\/"},"modified":"2023-07-07T11:22:35","modified_gmt":"2023-07-07T11:22:35","slug":"kylpytynnyri-20m-ulkokamiinalla-2","status":"publish","type":"product","link":"https:\/\/alekeskus.eu\/et\/toode\/kylpytynnyri-20m-ulkokamiinalla-2\/","title":{"rendered":"Kylpytynnyri 2,0m ulkokamiinalla"},"content":{"rendered":"<p><img decoding=\"async\" src=\"http:\/\/alekeskus.eu\/img\/cms\/Sisu helehall.jpg\" alt=\"\" width=\"143\" height=\"107\" \/>\u00a0 \u00a0<img decoding=\"async\" src=\"http:\/\/alekeskus.eu\/img\/cms\/sisu tumehall.jpg\" alt=\"\" width=\"140\" height=\"105\" \/><\/p>\n","protected":false},"excerpt":{"rendered":"<p>Muovisustainen kylpytynnyri 7-8 henkil\u00f6lle.<\/p>\n<ul id=\"&quot;ahjud&quot;\">\n<li>Ulko \u00d8 208 cm<\/li>\n<li>Sis\u00e4 \u00d8 190 cm<\/li>\n<li>Korkeus 103 cm, syvyys 86 cm<\/li>\n<li>Sein\u00e4 43 mm, pohja 33 mm<\/li>\n<li>Paino 240 kg<\/li>\n<li>Tilavuus 1500 l<\/li>\n<li>Tilavuus 7-8 henkil\u00f6\u00e4<\/li>\n<li>L\u00e4mmitysaika 5-38\u00b0 2-3h<\/li>\n<li>Verhoiluna \u00f6ljytty kuusi<\/li>\n<li>Kiristysvanteet, rappuset<\/li>\n<li>Ulkokamiinat merialumiinista 30, 35ja 40 kW. Sisustan v\u00e4rit: vaalean-, tummanharmaa tai sininen. L\u00e4mp\u00f6eriste ja tarvikkeet lis\u00e4hintaan.<\/li>\n<\/ul>\n","protected":false},"featured_media":83152,"template":"","meta":{"_monsterinsights_skip_tracking":false,"_monsterinsights_sitenote_active":false,"_monsterinsights_sitenote_note":"","_monsterinsights_sitenote_category":0},"pwb-brand":[],"product_brand":[],"product_cat":[13579,13537],"product_tag":[17228,17612,17477,17478,17479,17480,17481,17482,17483,17484,17208,17488],"class_list":{"0":"post-65531","1":"product","2":"type-product","3":"status-publish","4":"has-post-thumbnail","6":"product_cat-kylpytynnyrit","7":"product_cat-sauna-kylpy","8":"product_tag-terassi-fi","9":"product_tag-kylpynautinnot","10":"product_tag-vesi-fi","11":"product_tag-sauna-fi","12":"product_tag-tynnyri-fi","13":"product_tag-kylpytynnyri-fi-2","14":"product_tag-spa-fi","15":"product_tag-amme-fi","16":"product_tag-suihku","17":"product_tag-pesu-fi","18":"product_tag-kylpytynnyri-fi","19":"product_tag-palju-fi","20":"product_shipping_class-paino-0-1000kg","21":"pa_ahjuliikjavoimsus-ulkokamiina-30-kw-fi","22":"pa_ahjuliikjavoimsus-ulkokamiina-40kw","23":"pa_ahjuliikjavoimsus-ulkokamiina-35kw","24":"pa_garantii-2-vuotta-fi","25":"pa_kaalkg-283-fi","26":"pa_laoasukoht-viljandimaa-fi","27":"pa_veame-eesti-ja-suomi","29":"first","30":"instock","31":"taxable","32":"shipping-taxable","33":"purchasable","34":"product-type-variable","35":"has-default-attributes"},"yoast_head":"<!-- This site is optimized with the Yoast SEO plugin v27.3 - https:\/\/yoast.com\/product\/yoast-seo-wordpress\/ -->\n<title>Kylpytynnyri 2,0m ulkokamiinalla - Alekeskus<\/title>\n<meta name=\"description\" content=\"kylpytynnyri 2m pest\u00e4v\u00e4ll\u00e4 muovisisustalla ja ulkokamiinalla\" \/>\n<meta name=\"robots\" content=\"index, follow, max-snippet:-1, max-image-preview:large, max-video-preview:-1\" \/>\n<link rel=\"canonical\" href=\"https:\/\/alekeskus.eu\/fi\/tuote\/kylpytynnyri-20m-ulkokamiinalla-2\/\" \/>\n<meta property=\"og:locale\" content=\"et_EE\" \/>\n<meta property=\"og:type\" content=\"article\" \/>\n<meta property=\"og:title\" content=\"Kylpytynnyri 2,0m ulkokamiinalla - Alekeskus\" \/>\n<meta property=\"og:description\" content=\"kylpytynnyri 2m pest\u00e4v\u00e4ll\u00e4 muovisisustalla ja ulkokamiinalla\" \/>\n<meta property=\"og:url\" content=\"https:\/\/alekeskus.eu\/fi\/tuote\/kylpytynnyri-20m-ulkokamiinalla-2\/\" \/>\n<meta property=\"og:site_name\" content=\"Alekeskus\" \/>\n<meta property=\"article:modified_time\" content=\"2023-07-07T11:22:35+00:00\" \/>\n<meta property=\"og:image\" content=\"https:\/\/alekeskus.eu\/wp-content\/uploads\/2021\/11\/1059k-mblust-nn-2-0m-plastsisuga-v-lisahjuga-0.jpg\" \/>\n\t<meta property=\"og:image:width\" content=\"352\" \/>\n\t<meta property=\"og:image:height\" content=\"250\" \/>\n\t<meta property=\"og:image:type\" content=\"image\/jpeg\" \/>\n<meta name=\"twitter:card\" content=\"summary_large_image\" \/>\n<meta name=\"twitter:label1\" content=\"Est. reading time\" \/>\n\t<meta name=\"twitter:data1\" content=\"1 minut\" \/>\n<script type=\"application\/ld+json\" class=\"yoast-schema-graph\">{\"@context\":\"https:\\\/\\\/schema.org\",\"@graph\":[{\"@type\":\"WebPage\",\"@id\":\"https:\\\/\\\/alekeskus.eu\\\/fi\\\/tuote\\\/kylpytynnyri-20m-ulkokamiinalla-2\\\/\",\"url\":\"https:\\\/\\\/alekeskus.eu\\\/fi\\\/tuote\\\/kylpytynnyri-20m-ulkokamiinalla-2\\\/\",\"name\":\"Kylpytynnyri 2,0m ulkokamiinalla - Alekeskus\",\"isPartOf\":{\"@id\":\"https:\\\/\\\/alekeskus.eu\\\/#website\"},\"primaryImageOfPage\":{\"@id\":\"https:\\\/\\\/alekeskus.eu\\\/fi\\\/tuote\\\/kylpytynnyri-20m-ulkokamiinalla-2\\\/#primaryimage\"},\"image\":{\"@id\":\"https:\\\/\\\/alekeskus.eu\\\/fi\\\/tuote\\\/kylpytynnyri-20m-ulkokamiinalla-2\\\/#primaryimage\"},\"thumbnailUrl\":\"https:\\\/\\\/alekeskus.eu\\\/wp-content\\\/uploads\\\/2021\\\/11\\\/1059k-mblust-nn-2-0m-plastsisuga-v-lisahjuga-0.jpg\",\"datePublished\":\"2021-11-11T22:23:11+00:00\",\"dateModified\":\"2023-07-07T11:22:35+00:00\",\"description\":\"kylpytynnyri 2m pest\u00e4v\u00e4ll\u00e4 muovisisustalla ja ulkokamiinalla\",\"breadcrumb\":{\"@id\":\"https:\\\/\\\/alekeskus.eu\\\/fi\\\/tuote\\\/kylpytynnyri-20m-ulkokamiinalla-2\\\/#breadcrumb\"},\"inLanguage\":\"et\",\"potentialAction\":[{\"@type\":\"ReadAction\",\"target\":[\"https:\\\/\\\/alekeskus.eu\\\/fi\\\/tuote\\\/kylpytynnyri-20m-ulkokamiinalla-2\\\/\"]}]},{\"@type\":\"ImageObject\",\"inLanguage\":\"et\",\"@id\":\"https:\\\/\\\/alekeskus.eu\\\/fi\\\/tuote\\\/kylpytynnyri-20m-ulkokamiinalla-2\\\/#primaryimage\",\"url\":\"https:\\\/\\\/alekeskus.eu\\\/wp-content\\\/uploads\\\/2021\\\/11\\\/1059k-mblust-nn-2-0m-plastsisuga-v-lisahjuga-0.jpg\",\"contentUrl\":\"https:\\\/\\\/alekeskus.eu\\\/wp-content\\\/uploads\\\/2021\\\/11\\\/1059k-mblust-nn-2-0m-plastsisuga-v-lisahjuga-0.jpg\",\"width\":352,\"height\":250},{\"@type\":\"BreadcrumbList\",\"@id\":\"https:\\\/\\\/alekeskus.eu\\\/fi\\\/tuote\\\/kylpytynnyri-20m-ulkokamiinalla-2\\\/#breadcrumb\",\"itemListElement\":[{\"@type\":\"ListItem\",\"position\":1,\"name\":\"Avaleht\",\"item\":\"https:\\\/\\\/alekeskus.eu\\\/et\\\/\"},{\"@type\":\"ListItem\",\"position\":2,\"name\":\"Pood\",\"item\":\"https:\\\/\\\/alekeskus.eu\\\/pood\\\/\"},{\"@type\":\"ListItem\",\"position\":3,\"name\":\"Kylpytynnyri 2,0m ulkokamiinalla\"}]},{\"@type\":\"WebSite\",\"@id\":\"https:\\\/\\\/alekeskus.eu\\\/#website\",\"url\":\"https:\\\/\\\/alekeskus.eu\\\/\",\"name\":\"Alekeskus\",\"description\":\"Alekeskus.eu\",\"potentialAction\":[{\"@type\":\"SearchAction\",\"target\":{\"@type\":\"EntryPoint\",\"urlTemplate\":\"https:\\\/\\\/alekeskus.eu\\\/?s={search_term_string}\"},\"query-input\":{\"@type\":\"PropertyValueSpecification\",\"valueRequired\":true,\"valueName\":\"search_term_string\"}}],\"inLanguage\":\"et\"}]}<\/script>\n<!-- \/ Yoast SEO plugin. -->","yoast_head_json":{"title":"Kylpytynnyri 2,0m ulkokamiinalla - Alekeskus","description":"kylpytynnyri 2m pest\u00e4v\u00e4ll\u00e4 muovisisustalla ja ulkokamiinalla","robots":{"index":"index","follow":"follow","max-snippet":"max-snippet:-1","max-image-preview":"max-image-preview:large","max-video-preview":"max-video-preview:-1"},"canonical":"https:\/\/alekeskus.eu\/fi\/tuote\/kylpytynnyri-20m-ulkokamiinalla-2\/","og_locale":"et_EE","og_type":"article","og_title":"Kylpytynnyri 2,0m ulkokamiinalla - Alekeskus","og_description":"kylpytynnyri 2m pest\u00e4v\u00e4ll\u00e4 muovisisustalla ja ulkokamiinalla","og_url":"https:\/\/alekeskus.eu\/fi\/tuote\/kylpytynnyri-20m-ulkokamiinalla-2\/","og_site_name":"Alekeskus","article_modified_time":"2023-07-07T11:22:35+00:00","og_image":[{"width":352,"height":250,"url":"https:\/\/alekeskus.eu\/wp-content\/uploads\/2021\/11\/1059k-mblust-nn-2-0m-plastsisuga-v-lisahjuga-0.jpg","type":"image\/jpeg"}],"twitter_card":"summary_large_image","twitter_misc":{"Est. reading time":"1 minut"},"schema":{"@context":"https:\/\/schema.org","@graph":[{"@type":"WebPage","@id":"https:\/\/alekeskus.eu\/fi\/tuote\/kylpytynnyri-20m-ulkokamiinalla-2\/","url":"https:\/\/alekeskus.eu\/fi\/tuote\/kylpytynnyri-20m-ulkokamiinalla-2\/","name":"Kylpytynnyri 2,0m ulkokamiinalla - Alekeskus","isPartOf":{"@id":"https:\/\/alekeskus.eu\/#website"},"primaryImageOfPage":{"@id":"https:\/\/alekeskus.eu\/fi\/tuote\/kylpytynnyri-20m-ulkokamiinalla-2\/#primaryimage"},"image":{"@id":"https:\/\/alekeskus.eu\/fi\/tuote\/kylpytynnyri-20m-ulkokamiinalla-2\/#primaryimage"},"thumbnailUrl":"https:\/\/alekeskus.eu\/wp-content\/uploads\/2021\/11\/1059k-mblust-nn-2-0m-plastsisuga-v-lisahjuga-0.jpg","datePublished":"2021-11-11T22:23:11+00:00","dateModified":"2023-07-07T11:22:35+00:00","description":"kylpytynnyri 2m pest\u00e4v\u00e4ll\u00e4 muovisisustalla ja ulkokamiinalla","breadcrumb":{"@id":"https:\/\/alekeskus.eu\/fi\/tuote\/kylpytynnyri-20m-ulkokamiinalla-2\/#breadcrumb"},"inLanguage":"et","potentialAction":[{"@type":"ReadAction","target":["https:\/\/alekeskus.eu\/fi\/tuote\/kylpytynnyri-20m-ulkokamiinalla-2\/"]}]},{"@type":"ImageObject","inLanguage":"et","@id":"https:\/\/alekeskus.eu\/fi\/tuote\/kylpytynnyri-20m-ulkokamiinalla-2\/#primaryimage","url":"https:\/\/alekeskus.eu\/wp-content\/uploads\/2021\/11\/1059k-mblust-nn-2-0m-plastsisuga-v-lisahjuga-0.jpg","contentUrl":"https:\/\/alekeskus.eu\/wp-content\/uploads\/2021\/11\/1059k-mblust-nn-2-0m-plastsisuga-v-lisahjuga-0.jpg","width":352,"height":250},{"@type":"BreadcrumbList","@id":"https:\/\/alekeskus.eu\/fi\/tuote\/kylpytynnyri-20m-ulkokamiinalla-2\/#breadcrumb","itemListElement":[{"@type":"ListItem","position":1,"name":"Avaleht","item":"https:\/\/alekeskus.eu\/et\/"},{"@type":"ListItem","position":2,"name":"Pood","item":"https:\/\/alekeskus.eu\/pood\/"},{"@type":"ListItem","position":3,"name":"Kylpytynnyri 2,0m ulkokamiinalla"}]},{"@type":"WebSite","@id":"https:\/\/alekeskus.eu\/#website","url":"https:\/\/alekeskus.eu\/","name":"Alekeskus","description":"Alekeskus.eu","potentialAction":[{"@type":"SearchAction","target":{"@type":"EntryPoint","urlTemplate":"https:\/\/alekeskus.eu\/?s={search_term_string}"},"query-input":{"@type":"PropertyValueSpecification","valueRequired":true,"valueName":"search_term_string"}}],"inLanguage":"et"}]}},"brands":[],"_links":{"self":[{"href":"https:\/\/alekeskus.eu\/et\/wp-json\/wp\/v2\/product\/65531","targetHints":{"allow":["GET"]}}],"collection":[{"href":"https:\/\/alekeskus.eu\/et\/wp-json\/wp\/v2\/product"}],"about":[{"href":"https:\/\/alekeskus.eu\/et\/wp-json\/wp\/v2\/types\/product"}],"wp:featuredmedia":[{"embeddable":true,"href":"https:\/\/alekeskus.eu\/et\/wp-json\/wp\/v2\/media\/83152"}],"wp:attachment":[{"href":"https:\/\/alekeskus.eu\/et\/wp-json\/wp\/v2\/media?parent=65531"}],"wp:term":[{"taxonomy":"pwb-brand","embeddable":true,"href":"https:\/\/alekeskus.eu\/et\/wp-json\/wp\/v2\/pwb-brand?post=65531"},{"taxonomy":"product_brand","embeddable":true,"href":"https:\/\/alekeskus.eu\/et\/wp-json\/wp\/v2\/product_brand?post=65531"},{"taxonomy":"product_cat","embeddable":true,"href":"https:\/\/alekeskus.eu\/et\/wp-json\/wp\/v2\/product_cat?post=65531"},{"taxonomy":"product_tag","embeddable":true,"href":"https:\/\/alekeskus.eu\/et\/wp-json\/wp\/v2\/product_tag?post=65531"}],"curies":[{"name":"wp","href":"https:\/\/api.w.org\/{rel}","templated":true}]}}