{"id":65542,"date":"2024-03-11T22:23:17","date_gmt":"2024-03-11T22:23:17","guid":{"rendered":"http:\/\/alekeskus.eu\/product\/kumblustunn-24x18m-plastsisuga-valisahjuga\/"},"modified":"2025-02-28T15:43:38","modified_gmt":"2025-02-28T15:43:38","slug":"kumblustunn-24x18m-plastsisuga-valisahjuga","status":"publish","type":"product","link":"https:\/\/alekeskus.eu\/et\/toode\/kumblustunn-24x18m-plastsisuga-valisahjuga\/","title":{"rendered":"K\u00fcmblust\u00fcnn 2,4 x 1,8 m plastsisuga v\u00e4lisahjuga"},"content":{"rendered":"<h4><strong>Hinnas sisalduvad klaasplastist sisu, puidust \u00fcmbris, viimistlemine v\u00e4ljast puidu\u00f5liga, p\u00f5hjatalad, merealumiiniumist v\u00e4lisahi 2 m korstnaga, \u00e4ravool kraaniga ja trepp.<\/strong><\/h4>\n","protected":false},"excerpt":{"rendered":"<ul id=\"&quot;ahjud&quot;\">\n<li>V\u00e4lism\u00f5\u00f5dud 240 x 180 cm, sisem\u00f5\u00f5dud 220 x 160 cm<\/li>\n<li>K\u00f5rgus 114 cm<\/li>\n<li>S\u00fcgavus 98 cm<\/li>\n<li>P\u00f5hja paksus 33 mm<\/li>\n<li>Kaal 220 kg, maht 1600 l<\/li>\n<li>Mahutab kuni 7-9 k\u00fcmblejat<\/li>\n<li>K\u00fctteaeg 5-38\u00b0 2-3 tundi<\/li>\n<li>\u00d5litatud kuusepuidust vooder 20 mm (pruun v\u00f5i must) (\u00f5litatud termopuidust pruun v\u00f5i must +150\u20ac)<\/li>\n<li>P\u00f5hjatalad, trepp<\/li>\n<li>Merealumiiniumist tagavooluga v\u00e4lisahjud 30, 35 ja 40 kW(35 ja 40 kW on klaasuksega), paremale v\u00f5i vasakule \u00fchendatav klaasuksega 45 kW ahi<\/li>\n<li>H\u00f5lpsasti hooldatav klaasplastist sisu, 3 v\u00e4rvi: sinine, valge v\u00f5i hall(tellides kirjuta soovitud v\u00e4rv m\u00e4rkusse)<\/li>\n<li>Eesti toode<\/li>\n<\/ul>\n<p>Telli lisaks: jalavann, m\u00f5la, korstnapikendus, s\u00e4demep\u00fc\u00fcdja, kate, LED valgustus, mullis\u00fcsteem, jookide riiul, joogilaud, PVC-kate, termokate, ujuv Bluetooth termomeeter, kaelatugi.<\/p>\n<p>&nbsp;<\/p>\n","protected":false},"featured_media":84472,"template":"","meta":{"_monsterinsights_skip_tracking":false,"_monsterinsights_sitenote_active":false,"_monsterinsights_sitenote_note":"","_monsterinsights_sitenote_category":0},"pwb-brand":[],"product_brand":[],"product_cat":[13578,13536],"product_tag":[15070,16099,18276,14643,18285,14997,18286,15006,18287,15008,15011,15013],"class_list":{"0":"post-65542","1":"product","2":"type-product","3":"status-publish","4":"has-post-thumbnail","6":"product_cat-kumblustunnid","7":"product_cat-saun-ja-kumblus","8":"product_tag-palju","9":"product_tag-kylpytynnyrin-juomateline","10":"product_tag-sisaallas","11":"product_tag-terrass","12":"product_tag-lasikuitusta-sisaallas","13":"product_tag-saun","14":"product_tag-plastsisuga-kumblustunn","15":"product_tag-kylpytynnyri","16":"product_tag-valisahjuga-kumblustunn","17":"product_tag-ulkokamiina","18":"product_tag-kumblustunn","19":"product_tag-spa","20":"product_shipping_class-kuni-1000kg","21":"pa_ahjuliikjavoimsus-valine-ahi-45kw","22":"pa_ahjuliikjavoimsus-valine-ahi-40-kw","23":"pa_ahjuliikjavoimsus-valine-ahi-35kw","24":"pa_ahjuliikjavoimsus-valine-ahi-30","25":"pa_garantii-2-aastat","26":"pa_kaalkg-14110","27":"pa_kohaletoimetamine-100e-mandri-eestis","28":"pa_laoasukoht-viljandimaa","29":"pa_tellimisaeg-2-10-toopaeva","30":"pa_veame-eesti-ja-soome","32":"first","33":"instock","34":"taxable","35":"shipping-taxable","36":"purchasable","37":"product-type-variable","38":"has-default-attributes"},"yoast_head":"<!-- This site is optimized with the Yoast SEO plugin v27.5 - https:\/\/yoast.com\/product\/yoast-seo-wordpress\/ -->\n<title>K\u00fcmblust\u00fcnn 2,4 x 1,8 m plastsisuga v\u00e4lisahjuga - Alekeskus<\/title>\n<meta name=\"description\" content=\"K\u00fcmblust\u00fcnn plastsisuga v\u00e4lisahjuga, mille komplekti kuulub klaasplastist sisu, puidust \u00fcmbris, viimistlemine v\u00e4ljast puidu\u00f5liga, p\u00f5hjatalad, merealumiiniumist v\u00e4lisahi 2m korstnaga, \u00e4ravool kraaniga ja trepp.\" \/>\n<meta name=\"robots\" content=\"index, follow, max-snippet:-1, max-image-preview:large, max-video-preview:-1\" \/>\n<link rel=\"canonical\" href=\"https:\/\/alekeskus.eu\/toode\/kumblustunn-24x18m-plastsisuga-valisahjuga\/\" \/>\n<meta property=\"og:locale\" content=\"et_EE\" \/>\n<meta property=\"og:type\" content=\"article\" \/>\n<meta property=\"og:title\" content=\"K\u00fcmblust\u00fcnn 2,4 x 1,8 m plastsisuga v\u00e4lisahjuga - Alekeskus\" \/>\n<meta property=\"og:description\" content=\"K\u00fcmblust\u00fcnn plastsisuga v\u00e4lisahjuga, mille komplekti kuulub klaasplastist sisu, puidust \u00fcmbris, viimistlemine v\u00e4ljast puidu\u00f5liga, p\u00f5hjatalad, merealumiiniumist v\u00e4lisahi 2m korstnaga, \u00e4ravool kraaniga ja trepp.\" \/>\n<meta property=\"og:url\" content=\"https:\/\/alekeskus.eu\/toode\/kumblustunn-24x18m-plastsisuga-valisahjuga\/\" \/>\n<meta property=\"og:site_name\" content=\"Alekeskus\" \/>\n<meta property=\"article:modified_time\" content=\"2025-02-28T15:43:38+00:00\" \/>\n<meta property=\"og:image\" content=\"https:\/\/alekeskus.eu\/wp-content\/uploads\/2021\/11\/18x24m-sinine-1024x1024.png\" \/>\n\t<meta property=\"og:image:width\" content=\"1024\" \/>\n\t<meta property=\"og:image:height\" content=\"1024\" \/>\n\t<meta property=\"og:image:type\" content=\"image\/png\" \/>\n<meta name=\"twitter:card\" content=\"summary_large_image\" \/>\n<meta name=\"twitter:label1\" content=\"Est. reading time\" \/>\n\t<meta name=\"twitter:data1\" content=\"1 minut\" \/>\n<script type=\"application\/ld+json\" class=\"yoast-schema-graph\">{\"@context\":\"https:\\\/\\\/schema.org\",\"@graph\":[{\"@type\":\"WebPage\",\"@id\":\"https:\\\/\\\/alekeskus.eu\\\/toode\\\/kumblustunn-24x18m-plastsisuga-valisahjuga\\\/\",\"url\":\"https:\\\/\\\/alekeskus.eu\\\/toode\\\/kumblustunn-24x18m-plastsisuga-valisahjuga\\\/\",\"name\":\"K\u00fcmblust\u00fcnn 2,4 x 1,8 m plastsisuga v\u00e4lisahjuga - Alekeskus\",\"isPartOf\":{\"@id\":\"https:\\\/\\\/alekeskus.eu\\\/#website\"},\"primaryImageOfPage\":{\"@id\":\"https:\\\/\\\/alekeskus.eu\\\/toode\\\/kumblustunn-24x18m-plastsisuga-valisahjuga\\\/#primaryimage\"},\"image\":{\"@id\":\"https:\\\/\\\/alekeskus.eu\\\/toode\\\/kumblustunn-24x18m-plastsisuga-valisahjuga\\\/#primaryimage\"},\"thumbnailUrl\":\"https:\\\/\\\/alekeskus.eu\\\/wp-content\\\/uploads\\\/2021\\\/11\\\/18x24m-sinine.png\",\"datePublished\":\"2024-03-11T22:23:17+00:00\",\"dateModified\":\"2025-02-28T15:43:38+00:00\",\"description\":\"K\u00fcmblust\u00fcnn plastsisuga v\u00e4lisahjuga, mille komplekti kuulub klaasplastist sisu, puidust \u00fcmbris, viimistlemine v\u00e4ljast puidu\u00f5liga, p\u00f5hjatalad, merealumiiniumist v\u00e4lisahi 2m korstnaga, \u00e4ravool kraaniga ja trepp.\",\"breadcrumb\":{\"@id\":\"https:\\\/\\\/alekeskus.eu\\\/toode\\\/kumblustunn-24x18m-plastsisuga-valisahjuga\\\/#breadcrumb\"},\"inLanguage\":\"et\",\"potentialAction\":[{\"@type\":\"ReadAction\",\"target\":[\"https:\\\/\\\/alekeskus.eu\\\/toode\\\/kumblustunn-24x18m-plastsisuga-valisahjuga\\\/\"]}]},{\"@type\":\"ImageObject\",\"inLanguage\":\"et\",\"@id\":\"https:\\\/\\\/alekeskus.eu\\\/toode\\\/kumblustunn-24x18m-plastsisuga-valisahjuga\\\/#primaryimage\",\"url\":\"https:\\\/\\\/alekeskus.eu\\\/wp-content\\\/uploads\\\/2021\\\/11\\\/18x24m-sinine.png\",\"contentUrl\":\"https:\\\/\\\/alekeskus.eu\\\/wp-content\\\/uploads\\\/2021\\\/11\\\/18x24m-sinine.png\",\"width\":1600,\"height\":1200},{\"@type\":\"BreadcrumbList\",\"@id\":\"https:\\\/\\\/alekeskus.eu\\\/toode\\\/kumblustunn-24x18m-plastsisuga-valisahjuga\\\/#breadcrumb\",\"itemListElement\":[{\"@type\":\"ListItem\",\"position\":1,\"name\":\"Avaleht\",\"item\":\"https:\\\/\\\/alekeskus.eu\\\/et\\\/\"},{\"@type\":\"ListItem\",\"position\":2,\"name\":\"Pood\",\"item\":\"https:\\\/\\\/alekeskus.eu\\\/pood\\\/\"},{\"@type\":\"ListItem\",\"position\":3,\"name\":\"K\u00fcmblust\u00fcnn 2,4 x 1,8 m plastsisuga v\u00e4lisahjuga\"}]},{\"@type\":\"WebSite\",\"@id\":\"https:\\\/\\\/alekeskus.eu\\\/#website\",\"url\":\"https:\\\/\\\/alekeskus.eu\\\/\",\"name\":\"Alekeskus\",\"description\":\"Alekeskus.eu\",\"potentialAction\":[{\"@type\":\"SearchAction\",\"target\":{\"@type\":\"EntryPoint\",\"urlTemplate\":\"https:\\\/\\\/alekeskus.eu\\\/?s={search_term_string}\"},\"query-input\":{\"@type\":\"PropertyValueSpecification\",\"valueRequired\":true,\"valueName\":\"search_term_string\"}}],\"inLanguage\":\"et\"}]}<\/script>\n<!-- \/ Yoast SEO plugin. -->","yoast_head_json":{"title":"K\u00fcmblust\u00fcnn 2,4 x 1,8 m plastsisuga v\u00e4lisahjuga - Alekeskus","description":"K\u00fcmblust\u00fcnn plastsisuga v\u00e4lisahjuga, mille komplekti kuulub klaasplastist sisu, puidust \u00fcmbris, viimistlemine v\u00e4ljast puidu\u00f5liga, p\u00f5hjatalad, merealumiiniumist v\u00e4lisahi 2m korstnaga, \u00e4ravool kraaniga ja trepp.","robots":{"index":"index","follow":"follow","max-snippet":"max-snippet:-1","max-image-preview":"max-image-preview:large","max-video-preview":"max-video-preview:-1"},"canonical":"https:\/\/alekeskus.eu\/toode\/kumblustunn-24x18m-plastsisuga-valisahjuga\/","og_locale":"et_EE","og_type":"article","og_title":"K\u00fcmblust\u00fcnn 2,4 x 1,8 m plastsisuga v\u00e4lisahjuga - Alekeskus","og_description":"K\u00fcmblust\u00fcnn plastsisuga v\u00e4lisahjuga, mille komplekti kuulub klaasplastist sisu, puidust \u00fcmbris, viimistlemine v\u00e4ljast puidu\u00f5liga, p\u00f5hjatalad, merealumiiniumist v\u00e4lisahi 2m korstnaga, \u00e4ravool kraaniga ja trepp.","og_url":"https:\/\/alekeskus.eu\/toode\/kumblustunn-24x18m-plastsisuga-valisahjuga\/","og_site_name":"Alekeskus","article_modified_time":"2025-02-28T15:43:38+00:00","og_image":[{"width":1024,"height":1024,"url":"https:\/\/alekeskus.eu\/wp-content\/uploads\/2021\/11\/18x24m-sinine-1024x1024.png","type":"image\/png"}],"twitter_card":"summary_large_image","twitter_misc":{"Est. reading time":"1 minut"},"schema":{"@context":"https:\/\/schema.org","@graph":[{"@type":"WebPage","@id":"https:\/\/alekeskus.eu\/toode\/kumblustunn-24x18m-plastsisuga-valisahjuga\/","url":"https:\/\/alekeskus.eu\/toode\/kumblustunn-24x18m-plastsisuga-valisahjuga\/","name":"K\u00fcmblust\u00fcnn 2,4 x 1,8 m plastsisuga v\u00e4lisahjuga - Alekeskus","isPartOf":{"@id":"https:\/\/alekeskus.eu\/#website"},"primaryImageOfPage":{"@id":"https:\/\/alekeskus.eu\/toode\/kumblustunn-24x18m-plastsisuga-valisahjuga\/#primaryimage"},"image":{"@id":"https:\/\/alekeskus.eu\/toode\/kumblustunn-24x18m-plastsisuga-valisahjuga\/#primaryimage"},"thumbnailUrl":"https:\/\/alekeskus.eu\/wp-content\/uploads\/2021\/11\/18x24m-sinine.png","datePublished":"2024-03-11T22:23:17+00:00","dateModified":"2025-02-28T15:43:38+00:00","description":"K\u00fcmblust\u00fcnn plastsisuga v\u00e4lisahjuga, mille komplekti kuulub klaasplastist sisu, puidust \u00fcmbris, viimistlemine v\u00e4ljast puidu\u00f5liga, p\u00f5hjatalad, merealumiiniumist v\u00e4lisahi 2m korstnaga, \u00e4ravool kraaniga ja trepp.","breadcrumb":{"@id":"https:\/\/alekeskus.eu\/toode\/kumblustunn-24x18m-plastsisuga-valisahjuga\/#breadcrumb"},"inLanguage":"et","potentialAction":[{"@type":"ReadAction","target":["https:\/\/alekeskus.eu\/toode\/kumblustunn-24x18m-plastsisuga-valisahjuga\/"]}]},{"@type":"ImageObject","inLanguage":"et","@id":"https:\/\/alekeskus.eu\/toode\/kumblustunn-24x18m-plastsisuga-valisahjuga\/#primaryimage","url":"https:\/\/alekeskus.eu\/wp-content\/uploads\/2021\/11\/18x24m-sinine.png","contentUrl":"https:\/\/alekeskus.eu\/wp-content\/uploads\/2021\/11\/18x24m-sinine.png","width":1600,"height":1200},{"@type":"BreadcrumbList","@id":"https:\/\/alekeskus.eu\/toode\/kumblustunn-24x18m-plastsisuga-valisahjuga\/#breadcrumb","itemListElement":[{"@type":"ListItem","position":1,"name":"Avaleht","item":"https:\/\/alekeskus.eu\/et\/"},{"@type":"ListItem","position":2,"name":"Pood","item":"https:\/\/alekeskus.eu\/pood\/"},{"@type":"ListItem","position":3,"name":"K\u00fcmblust\u00fcnn 2,4 x 1,8 m plastsisuga v\u00e4lisahjuga"}]},{"@type":"WebSite","@id":"https:\/\/alekeskus.eu\/#website","url":"https:\/\/alekeskus.eu\/","name":"Alekeskus","description":"Alekeskus.eu","potentialAction":[{"@type":"SearchAction","target":{"@type":"EntryPoint","urlTemplate":"https:\/\/alekeskus.eu\/?s={search_term_string}"},"query-input":{"@type":"PropertyValueSpecification","valueRequired":true,"valueName":"search_term_string"}}],"inLanguage":"et"}]}},"brands":[],"_links":{"self":[{"href":"https:\/\/alekeskus.eu\/et\/wp-json\/wp\/v2\/product\/65542","targetHints":{"allow":["GET"]}}],"collection":[{"href":"https:\/\/alekeskus.eu\/et\/wp-json\/wp\/v2\/product"}],"about":[{"href":"https:\/\/alekeskus.eu\/et\/wp-json\/wp\/v2\/types\/product"}],"wp:featuredmedia":[{"embeddable":true,"href":"https:\/\/alekeskus.eu\/et\/wp-json\/wp\/v2\/media\/84472"}],"wp:attachment":[{"href":"https:\/\/alekeskus.eu\/et\/wp-json\/wp\/v2\/media?parent=65542"}],"wp:term":[{"taxonomy":"pwb-brand","embeddable":true,"href":"https:\/\/alekeskus.eu\/et\/wp-json\/wp\/v2\/pwb-brand?post=65542"},{"taxonomy":"product_brand","embeddable":true,"href":"https:\/\/alekeskus.eu\/et\/wp-json\/wp\/v2\/product_brand?post=65542"},{"taxonomy":"product_cat","embeddable":true,"href":"https:\/\/alekeskus.eu\/et\/wp-json\/wp\/v2\/product_cat?post=65542"},{"taxonomy":"product_tag","embeddable":true,"href":"https:\/\/alekeskus.eu\/et\/wp-json\/wp\/v2\/product_tag?post=65542"}],"curies":[{"name":"wp","href":"https:\/\/api.w.org\/{rel}","templated":true}]}}