{"id":65559,"date":"2023-11-11T22:23:25","date_gmt":"2023-11-11T22:23:25","guid":{"rendered":"http:\/\/alekeskus.eu\/product\/termokate-kumblustunnile\/"},"modified":"2025-06-25T18:59:32","modified_gmt":"2025-06-25T18:59:32","slug":"termokate-kumblustunnile-alekeskus","status":"publish","type":"product","link":"https:\/\/alekeskus.eu\/et\/toode\/termokate-kumblustunnile-alekeskus\/","title":{"rendered":"Termokate k\u00fcmblust\u00fcnnile"},"content":{"rendered":"","protected":false},"excerpt":{"rendered":"<p><span style=\"text-decoration: underline;\">V\u00e4hendab k\u00fclmal ajal k\u00fctmisaega ja s\u00e4\u00e4stab k\u00fcttepuid.<\/span><\/p>\n<p>Pol\u00fcuretaansoojustuse paksus 10 cm. Kannab keskmist lumekihti. Ei pea vastu inimese raskusele.<\/p>\n<p>3 erinevat hinnataset. Vali sobiv termokate k\u00fcmblust\u00fcnni suuruse j\u00e4rgi.<\/p>\n","protected":false},"featured_media":92655,"template":"","meta":{"_monsterinsights_skip_tracking":false,"_monsterinsights_sitenote_active":false,"_monsterinsights_sitenote_note":"","_monsterinsights_sitenote_category":0},"pwb-brand":[],"product_brand":[],"product_cat":[13582,13536],"product_tag":[15063,16100,17493,14267,14471,15056,15057,15058],"class_list":{"0":"post-65559","1":"product","2":"type-product","3":"status-publish","4":"has-post-thumbnail","6":"product_cat-tarvikud-saun-ja-kumblus","7":"product_cat-saun-ja-kumblus","8":"product_tag-lampokansi","9":"product_tag-kumblustunni-lisa","10":"product_tag-termokate","11":"product_tag-kate","12":"product_tag-kaas","13":"product_tag-kumblustunni-tarvik","14":"product_tag-kaan","15":"product_tag-soojahoidev","16":"product_shipping_class-30-300kg","17":"pa_laoasukoht-viljandimaa","18":"pa_tellimisaeg-2-10-toopaeva","19":"pa_valilisad-termokate-kumblustunnile-21x28m-24x24m-alekeskus","20":"pa_valilisad-termokate-kumblustunnile-165m-ovaalne","21":"pa_valilisad-termokate-kumblustunnidele-175-19-20-18x18m-alekeskus","22":"pa_valilisad-termokate-kumblustunnile-22m18x24m-20x24m","23":"pa_veame-eesti-ja-soome","25":"first","26":"instock","27":"taxable","28":"shipping-taxable","29":"purchasable","30":"product-type-variable","31":"has-default-attributes"},"yoast_head":"<!-- This site is optimized with the Yoast SEO plugin v27.3 - https:\/\/yoast.com\/product\/yoast-seo-wordpress\/ -->\n<title>Termokate k\u00fcmblust\u00fcnnile - Alekeskus<\/title>\n<meta name=\"description\" content=\"Termokate v\u00e4hendab talvel k\u00fcmblust\u00fcnni k\u00fctmise aega.\" \/>\n<meta name=\"robots\" content=\"index, follow, max-snippet:-1, max-image-preview:large, max-video-preview:-1\" \/>\n<link rel=\"canonical\" href=\"https:\/\/alekeskus.eu\/toode\/termokate-kumblustunnile-alekeskus\/\" \/>\n<meta property=\"og:locale\" content=\"et_EE\" \/>\n<meta property=\"og:type\" content=\"article\" \/>\n<meta property=\"og:title\" content=\"Termokate k\u00fcmblust\u00fcnnile - Alekeskus\" \/>\n<meta property=\"og:description\" content=\"Termokate v\u00e4hendab talvel k\u00fcmblust\u00fcnni k\u00fctmise aega.\" \/>\n<meta property=\"og:url\" content=\"https:\/\/alekeskus.eu\/toode\/termokate-kumblustunnile-alekeskus\/\" \/>\n<meta property=\"og:site_name\" content=\"Alekeskus\" \/>\n<meta property=\"article:modified_time\" content=\"2025-06-25T18:59:32+00:00\" \/>\n<meta property=\"og:image\" content=\"https:\/\/alekeskus.eu\/wp-content\/uploads\/2023\/11\/Termokate-int-peal.jpg\" \/>\n\t<meta property=\"og:image:width\" content=\"1200\" \/>\n\t<meta property=\"og:image:height\" content=\"900\" \/>\n\t<meta property=\"og:image:type\" content=\"image\/jpeg\" \/>\n<meta name=\"twitter:card\" content=\"summary_large_image\" \/>\n<meta name=\"twitter:label1\" content=\"Est. reading time\" \/>\n\t<meta name=\"twitter:data1\" content=\"1 minut\" \/>\n<script type=\"application\/ld+json\" class=\"yoast-schema-graph\">{\"@context\":\"https:\\\/\\\/schema.org\",\"@graph\":[{\"@type\":\"WebPage\",\"@id\":\"https:\\\/\\\/alekeskus.eu\\\/toode\\\/termokate-kumblustunnile-alekeskus\\\/\",\"url\":\"https:\\\/\\\/alekeskus.eu\\\/toode\\\/termokate-kumblustunnile-alekeskus\\\/\",\"name\":\"Termokate k\u00fcmblust\u00fcnnile - Alekeskus\",\"isPartOf\":{\"@id\":\"https:\\\/\\\/alekeskus.eu\\\/#website\"},\"primaryImageOfPage\":{\"@id\":\"https:\\\/\\\/alekeskus.eu\\\/toode\\\/termokate-kumblustunnile-alekeskus\\\/#primaryimage\"},\"image\":{\"@id\":\"https:\\\/\\\/alekeskus.eu\\\/toode\\\/termokate-kumblustunnile-alekeskus\\\/#primaryimage\"},\"thumbnailUrl\":\"https:\\\/\\\/alekeskus.eu\\\/wp-content\\\/uploads\\\/2023\\\/11\\\/Termokate-int-peal.jpg\",\"datePublished\":\"2023-11-11T22:23:25+00:00\",\"dateModified\":\"2025-06-25T18:59:32+00:00\",\"description\":\"Termokate v\u00e4hendab talvel k\u00fcmblust\u00fcnni k\u00fctmise aega.\",\"breadcrumb\":{\"@id\":\"https:\\\/\\\/alekeskus.eu\\\/toode\\\/termokate-kumblustunnile-alekeskus\\\/#breadcrumb\"},\"inLanguage\":\"et\",\"potentialAction\":[{\"@type\":\"ReadAction\",\"target\":[\"https:\\\/\\\/alekeskus.eu\\\/toode\\\/termokate-kumblustunnile-alekeskus\\\/\"]}]},{\"@type\":\"ImageObject\",\"inLanguage\":\"et\",\"@id\":\"https:\\\/\\\/alekeskus.eu\\\/toode\\\/termokate-kumblustunnile-alekeskus\\\/#primaryimage\",\"url\":\"https:\\\/\\\/alekeskus.eu\\\/wp-content\\\/uploads\\\/2023\\\/11\\\/Termokate-int-peal.jpg\",\"contentUrl\":\"https:\\\/\\\/alekeskus.eu\\\/wp-content\\\/uploads\\\/2023\\\/11\\\/Termokate-int-peal.jpg\",\"width\":1200,\"height\":900},{\"@type\":\"BreadcrumbList\",\"@id\":\"https:\\\/\\\/alekeskus.eu\\\/toode\\\/termokate-kumblustunnile-alekeskus\\\/#breadcrumb\",\"itemListElement\":[{\"@type\":\"ListItem\",\"position\":1,\"name\":\"Avaleht\",\"item\":\"https:\\\/\\\/alekeskus.eu\\\/et\\\/\"},{\"@type\":\"ListItem\",\"position\":2,\"name\":\"Pood\",\"item\":\"https:\\\/\\\/alekeskus.eu\\\/pood\\\/\"},{\"@type\":\"ListItem\",\"position\":3,\"name\":\"Termokate k\u00fcmblust\u00fcnnile\"}]},{\"@type\":\"WebSite\",\"@id\":\"https:\\\/\\\/alekeskus.eu\\\/#website\",\"url\":\"https:\\\/\\\/alekeskus.eu\\\/\",\"name\":\"Alekeskus\",\"description\":\"Alekeskus.eu\",\"potentialAction\":[{\"@type\":\"SearchAction\",\"target\":{\"@type\":\"EntryPoint\",\"urlTemplate\":\"https:\\\/\\\/alekeskus.eu\\\/?s={search_term_string}\"},\"query-input\":{\"@type\":\"PropertyValueSpecification\",\"valueRequired\":true,\"valueName\":\"search_term_string\"}}],\"inLanguage\":\"et\"}]}<\/script>\n<!-- \/ Yoast SEO plugin. -->","yoast_head_json":{"title":"Termokate k\u00fcmblust\u00fcnnile - Alekeskus","description":"Termokate v\u00e4hendab talvel k\u00fcmblust\u00fcnni k\u00fctmise aega.","robots":{"index":"index","follow":"follow","max-snippet":"max-snippet:-1","max-image-preview":"max-image-preview:large","max-video-preview":"max-video-preview:-1"},"canonical":"https:\/\/alekeskus.eu\/toode\/termokate-kumblustunnile-alekeskus\/","og_locale":"et_EE","og_type":"article","og_title":"Termokate k\u00fcmblust\u00fcnnile - Alekeskus","og_description":"Termokate v\u00e4hendab talvel k\u00fcmblust\u00fcnni k\u00fctmise aega.","og_url":"https:\/\/alekeskus.eu\/toode\/termokate-kumblustunnile-alekeskus\/","og_site_name":"Alekeskus","article_modified_time":"2025-06-25T18:59:32+00:00","og_image":[{"width":1200,"height":900,"url":"https:\/\/alekeskus.eu\/wp-content\/uploads\/2023\/11\/Termokate-int-peal.jpg","type":"image\/jpeg"}],"twitter_card":"summary_large_image","twitter_misc":{"Est. reading time":"1 minut"},"schema":{"@context":"https:\/\/schema.org","@graph":[{"@type":"WebPage","@id":"https:\/\/alekeskus.eu\/toode\/termokate-kumblustunnile-alekeskus\/","url":"https:\/\/alekeskus.eu\/toode\/termokate-kumblustunnile-alekeskus\/","name":"Termokate k\u00fcmblust\u00fcnnile - Alekeskus","isPartOf":{"@id":"https:\/\/alekeskus.eu\/#website"},"primaryImageOfPage":{"@id":"https:\/\/alekeskus.eu\/toode\/termokate-kumblustunnile-alekeskus\/#primaryimage"},"image":{"@id":"https:\/\/alekeskus.eu\/toode\/termokate-kumblustunnile-alekeskus\/#primaryimage"},"thumbnailUrl":"https:\/\/alekeskus.eu\/wp-content\/uploads\/2023\/11\/Termokate-int-peal.jpg","datePublished":"2023-11-11T22:23:25+00:00","dateModified":"2025-06-25T18:59:32+00:00","description":"Termokate v\u00e4hendab talvel k\u00fcmblust\u00fcnni k\u00fctmise aega.","breadcrumb":{"@id":"https:\/\/alekeskus.eu\/toode\/termokate-kumblustunnile-alekeskus\/#breadcrumb"},"inLanguage":"et","potentialAction":[{"@type":"ReadAction","target":["https:\/\/alekeskus.eu\/toode\/termokate-kumblustunnile-alekeskus\/"]}]},{"@type":"ImageObject","inLanguage":"et","@id":"https:\/\/alekeskus.eu\/toode\/termokate-kumblustunnile-alekeskus\/#primaryimage","url":"https:\/\/alekeskus.eu\/wp-content\/uploads\/2023\/11\/Termokate-int-peal.jpg","contentUrl":"https:\/\/alekeskus.eu\/wp-content\/uploads\/2023\/11\/Termokate-int-peal.jpg","width":1200,"height":900},{"@type":"BreadcrumbList","@id":"https:\/\/alekeskus.eu\/toode\/termokate-kumblustunnile-alekeskus\/#breadcrumb","itemListElement":[{"@type":"ListItem","position":1,"name":"Avaleht","item":"https:\/\/alekeskus.eu\/et\/"},{"@type":"ListItem","position":2,"name":"Pood","item":"https:\/\/alekeskus.eu\/pood\/"},{"@type":"ListItem","position":3,"name":"Termokate k\u00fcmblust\u00fcnnile"}]},{"@type":"WebSite","@id":"https:\/\/alekeskus.eu\/#website","url":"https:\/\/alekeskus.eu\/","name":"Alekeskus","description":"Alekeskus.eu","potentialAction":[{"@type":"SearchAction","target":{"@type":"EntryPoint","urlTemplate":"https:\/\/alekeskus.eu\/?s={search_term_string}"},"query-input":{"@type":"PropertyValueSpecification","valueRequired":true,"valueName":"search_term_string"}}],"inLanguage":"et"}]}},"brands":[],"_links":{"self":[{"href":"https:\/\/alekeskus.eu\/et\/wp-json\/wp\/v2\/product\/65559","targetHints":{"allow":["GET"]}}],"collection":[{"href":"https:\/\/alekeskus.eu\/et\/wp-json\/wp\/v2\/product"}],"about":[{"href":"https:\/\/alekeskus.eu\/et\/wp-json\/wp\/v2\/types\/product"}],"wp:featuredmedia":[{"embeddable":true,"href":"https:\/\/alekeskus.eu\/et\/wp-json\/wp\/v2\/media\/92655"}],"wp:attachment":[{"href":"https:\/\/alekeskus.eu\/et\/wp-json\/wp\/v2\/media?parent=65559"}],"wp:term":[{"taxonomy":"pwb-brand","embeddable":true,"href":"https:\/\/alekeskus.eu\/et\/wp-json\/wp\/v2\/pwb-brand?post=65559"},{"taxonomy":"product_brand","embeddable":true,"href":"https:\/\/alekeskus.eu\/et\/wp-json\/wp\/v2\/product_brand?post=65559"},{"taxonomy":"product_cat","embeddable":true,"href":"https:\/\/alekeskus.eu\/et\/wp-json\/wp\/v2\/product_cat?post=65559"},{"taxonomy":"product_tag","embeddable":true,"href":"https:\/\/alekeskus.eu\/et\/wp-json\/wp\/v2\/product_tag?post=65559"}],"curies":[{"name":"wp","href":"https:\/\/api.w.org\/{rel}","templated":true}]}}