{"id":65665,"date":"2023-04-11T22:24:43","date_gmt":"2023-04-11T22:24:43","guid":{"rendered":"http:\/\/alekeskus.eu\/product\/kumblustunn-20x24m-plastsisuga-valisahjuga\/"},"modified":"2025-08-12T18:07:51","modified_gmt":"2025-08-12T18:07:51","slug":"kumblustunn-20x24m-ovaal-alekeskus","status":"publish","type":"product","link":"https:\/\/alekeskus.eu\/et\/toode\/kumblustunn-20x24m-ovaal-alekeskus\/","title":{"rendered":"K\u00fcmblust\u00fcnn ovaalne 2,0 x 2,4 m v\u00e4lisahjuga"},"content":{"rendered":"","protected":false},"excerpt":{"rendered":"<ul id=\"&quot;ahjud&quot;\">\n<li>V\u00e4lism\u00f5\u00f5dud 200 x 240 cm, sisem\u00f5\u00f5dud 182 x 222 cm<\/li>\n<li>K\u00f5rgus 112 cm<\/li>\n<li>S\u00fcgavus 98 cm<\/li>\n<li>P\u00f5hi veekindel vineer<\/li>\n<li>Kaal 220 kg<\/li>\n<li>Maht 1700 l<\/li>\n<li>Merealumiiniumist tagavooluga v\u00e4lisahjud 30, 35 ja 40 kW(35 ja 40 kW on klaasuksega), parem- v\u00f5i vasakvooluga klaasuksega 45 kW<\/li>\n<li>K\u00fctteaeg 5-38\u00b0 2-3h<\/li>\n<li>H\u00f5lpsasti hooldatav klaasplastist sisu, 3 v\u00e4rvi: sinine, helehall v\u00f5i tumehall(tellides kirjuta soovitud v\u00e4rv m\u00e4rkusse)<\/li>\n<li>Okaspuidust \u00fcmbris 20 mm \u00f5litatud(must v\u00f5i pruun) v\u00f5i termom\u00e4nnist vooder +100\u20ac<\/li>\n<li>P\u00f5hjatalad, \u00e4ravool kraaniga, trepp<\/li>\n<li>Eesti toode<\/li>\n<\/ul>\n<p>Telli ka lisad: jalavann, m\u00f5la, korstnapikendus, kuumakaitse, s\u00e4demep\u00fc\u00fcdja, LED-tuled, mullis\u00fcsteem, soojustus, joogiriiul, PVC kate, termokate.<\/p>\n","protected":false},"featured_media":84447,"template":"","meta":{"_monsterinsights_skip_tracking":false,"_monsterinsights_sitenote_active":false,"_monsterinsights_sitenote_note":"","_monsterinsights_sitenote_category":0},"pwb-brand":[],"product_brand":[],"product_cat":[13578,13536],"product_tag":[16099,14643,14997,14998,18276,15006,18277,15008,15011,15013,15070,15087],"class_list":{"0":"post-65665","1":"product","2":"type-product","3":"status-publish","4":"has-post-thumbnail","6":"product_cat-kumblustunnid","7":"product_cat-saun-ja-kumblus","8":"product_tag-kylpytynnyrin-juomateline","9":"product_tag-terrass","10":"product_tag-saun","11":"product_tag-tunn","12":"product_tag-sisaallas","13":"product_tag-kylpytynnyri","14":"product_tag-lasikuitu","15":"product_tag-ulkokamiina","16":"product_tag-kumblustunn","17":"product_tag-spa","18":"product_tag-palju","19":"product_tag-veemonud","20":"product_shipping_class-kuni-1000kg","21":"pa_ahjuliikjavoimsus-valine-ahi-45kw","22":"pa_ahjuliikjavoimsus-valine-ahi-40kw","23":"pa_ahjuliikjavoimsus-valine-ahi-35kw","24":"pa_ahjuliikjavoimsus-valine-ahi-30","25":"pa_garantii-2-aastat","26":"pa_kaalkg-15069","27":"pa_kohaletoimetamine-veohind-mandri-eestis-alekeskus","28":"pa_laoasukoht-viljandimaa","29":"pa_tellimisaeg-tilausaika-alekeskus","30":"pa_veame-eesti-ja-soome","32":"first","33":"instock","34":"taxable","35":"shipping-taxable","36":"purchasable","37":"product-type-variable","38":"has-default-attributes"},"yoast_head":"<!-- This site is optimized with the Yoast SEO plugin v27.3 - https:\/\/yoast.com\/product\/yoast-seo-wordpress\/ -->\n<title>K\u00fcmblust\u00fcnn ovaalne 2,0 x 2,4 m v\u00e4lisahjuga - Alekeskus<\/title>\n<meta name=\"description\" content=\"K\u00fcmblust\u00fcnn ovaalse 2,4m plastsisuga ja v\u00e4lisahjuga, mille komplekti kuulub klaasplastist sisu, puidust \u00fcmbris, viimistlemine v\u00e4ljast puidu\u00f5liga, p\u00f5hjatalad, merealumiiniumist v\u00e4lisahi 2m korstnaga, \u00e4ravool kraaniga ja trepp.\" \/>\n<meta name=\"robots\" content=\"index, follow, max-snippet:-1, max-image-preview:large, max-video-preview:-1\" \/>\n<link rel=\"canonical\" href=\"https:\/\/alekeskus.eu\/toode\/kumblustunn-20x24m-ovaal-alekeskus\/\" \/>\n<meta property=\"og:locale\" content=\"et_EE\" \/>\n<meta property=\"og:type\" content=\"article\" \/>\n<meta property=\"og:title\" content=\"K\u00fcmblust\u00fcnn ovaalne 2,0 x 2,4 m v\u00e4lisahjuga - Alekeskus\" \/>\n<meta property=\"og:description\" content=\"K\u00fcmblust\u00fcnn ovaalse 2,4m plastsisuga ja v\u00e4lisahjuga, mille komplekti kuulub klaasplastist sisu, puidust \u00fcmbris, viimistlemine v\u00e4ljast puidu\u00f5liga, p\u00f5hjatalad, merealumiiniumist v\u00e4lisahi 2m korstnaga, \u00e4ravool kraaniga ja trepp.\" \/>\n<meta property=\"og:url\" content=\"https:\/\/alekeskus.eu\/toode\/kumblustunn-20x24m-ovaal-alekeskus\/\" \/>\n<meta property=\"og:site_name\" content=\"Alekeskus\" \/>\n<meta property=\"article:modified_time\" content=\"2025-08-12T18:07:51+00:00\" \/>\n<meta property=\"og:image\" content=\"https:\/\/alekeskus.eu\/wp-content\/uploads\/2023\/11\/20x24m-ovaal-th-1024x1024.png\" \/>\n\t<meta property=\"og:image:width\" content=\"1024\" \/>\n\t<meta property=\"og:image:height\" content=\"1024\" \/>\n\t<meta property=\"og:image:type\" content=\"image\/png\" \/>\n<meta name=\"twitter:card\" content=\"summary_large_image\" \/>\n<meta name=\"twitter:label1\" content=\"Est. reading time\" \/>\n\t<meta name=\"twitter:data1\" content=\"1 minut\" \/>\n<script type=\"application\/ld+json\" class=\"yoast-schema-graph\">{\"@context\":\"https:\\\/\\\/schema.org\",\"@graph\":[{\"@type\":\"WebPage\",\"@id\":\"https:\\\/\\\/alekeskus.eu\\\/toode\\\/kumblustunn-20x24m-ovaal-alekeskus\\\/\",\"url\":\"https:\\\/\\\/alekeskus.eu\\\/toode\\\/kumblustunn-20x24m-ovaal-alekeskus\\\/\",\"name\":\"K\u00fcmblust\u00fcnn ovaalne 2,0 x 2,4 m v\u00e4lisahjuga - Alekeskus\",\"isPartOf\":{\"@id\":\"https:\\\/\\\/alekeskus.eu\\\/#website\"},\"primaryImageOfPage\":{\"@id\":\"https:\\\/\\\/alekeskus.eu\\\/toode\\\/kumblustunn-20x24m-ovaal-alekeskus\\\/#primaryimage\"},\"image\":{\"@id\":\"https:\\\/\\\/alekeskus.eu\\\/toode\\\/kumblustunn-20x24m-ovaal-alekeskus\\\/#primaryimage\"},\"thumbnailUrl\":\"https:\\\/\\\/alekeskus.eu\\\/wp-content\\\/uploads\\\/2023\\\/11\\\/20x24m-ovaal-th.png\",\"datePublished\":\"2023-04-11T22:24:43+00:00\",\"dateModified\":\"2025-08-12T18:07:51+00:00\",\"description\":\"K\u00fcmblust\u00fcnn ovaalse 2,4m plastsisuga ja v\u00e4lisahjuga, mille komplekti kuulub klaasplastist sisu, puidust \u00fcmbris, viimistlemine v\u00e4ljast puidu\u00f5liga, p\u00f5hjatalad, merealumiiniumist v\u00e4lisahi 2m korstnaga, \u00e4ravool kraaniga ja trepp.\",\"breadcrumb\":{\"@id\":\"https:\\\/\\\/alekeskus.eu\\\/toode\\\/kumblustunn-20x24m-ovaal-alekeskus\\\/#breadcrumb\"},\"inLanguage\":\"et\",\"potentialAction\":[{\"@type\":\"ReadAction\",\"target\":[\"https:\\\/\\\/alekeskus.eu\\\/toode\\\/kumblustunn-20x24m-ovaal-alekeskus\\\/\"]}]},{\"@type\":\"ImageObject\",\"inLanguage\":\"et\",\"@id\":\"https:\\\/\\\/alekeskus.eu\\\/toode\\\/kumblustunn-20x24m-ovaal-alekeskus\\\/#primaryimage\",\"url\":\"https:\\\/\\\/alekeskus.eu\\\/wp-content\\\/uploads\\\/2023\\\/11\\\/20x24m-ovaal-th.png\",\"contentUrl\":\"https:\\\/\\\/alekeskus.eu\\\/wp-content\\\/uploads\\\/2023\\\/11\\\/20x24m-ovaal-th.png\",\"width\":1600,\"height\":1200},{\"@type\":\"BreadcrumbList\",\"@id\":\"https:\\\/\\\/alekeskus.eu\\\/toode\\\/kumblustunn-20x24m-ovaal-alekeskus\\\/#breadcrumb\",\"itemListElement\":[{\"@type\":\"ListItem\",\"position\":1,\"name\":\"Avaleht\",\"item\":\"https:\\\/\\\/alekeskus.eu\\\/et\\\/\"},{\"@type\":\"ListItem\",\"position\":2,\"name\":\"Pood\",\"item\":\"https:\\\/\\\/alekeskus.eu\\\/pood\\\/\"},{\"@type\":\"ListItem\",\"position\":3,\"name\":\"K\u00fcmblust\u00fcnn ovaalne 2,0 x 2,4 m v\u00e4lisahjuga\"}]},{\"@type\":\"WebSite\",\"@id\":\"https:\\\/\\\/alekeskus.eu\\\/#website\",\"url\":\"https:\\\/\\\/alekeskus.eu\\\/\",\"name\":\"Alekeskus\",\"description\":\"Alekeskus.eu\",\"potentialAction\":[{\"@type\":\"SearchAction\",\"target\":{\"@type\":\"EntryPoint\",\"urlTemplate\":\"https:\\\/\\\/alekeskus.eu\\\/?s={search_term_string}\"},\"query-input\":{\"@type\":\"PropertyValueSpecification\",\"valueRequired\":true,\"valueName\":\"search_term_string\"}}],\"inLanguage\":\"et\"}]}<\/script>\n<!-- \/ Yoast SEO plugin. -->","yoast_head_json":{"title":"K\u00fcmblust\u00fcnn ovaalne 2,0 x 2,4 m v\u00e4lisahjuga - Alekeskus","description":"K\u00fcmblust\u00fcnn ovaalse 2,4m plastsisuga ja v\u00e4lisahjuga, mille komplekti kuulub klaasplastist sisu, puidust \u00fcmbris, viimistlemine v\u00e4ljast puidu\u00f5liga, p\u00f5hjatalad, merealumiiniumist v\u00e4lisahi 2m korstnaga, \u00e4ravool kraaniga ja trepp.","robots":{"index":"index","follow":"follow","max-snippet":"max-snippet:-1","max-image-preview":"max-image-preview:large","max-video-preview":"max-video-preview:-1"},"canonical":"https:\/\/alekeskus.eu\/toode\/kumblustunn-20x24m-ovaal-alekeskus\/","og_locale":"et_EE","og_type":"article","og_title":"K\u00fcmblust\u00fcnn ovaalne 2,0 x 2,4 m v\u00e4lisahjuga - Alekeskus","og_description":"K\u00fcmblust\u00fcnn ovaalse 2,4m plastsisuga ja v\u00e4lisahjuga, mille komplekti kuulub klaasplastist sisu, puidust \u00fcmbris, viimistlemine v\u00e4ljast puidu\u00f5liga, p\u00f5hjatalad, merealumiiniumist v\u00e4lisahi 2m korstnaga, \u00e4ravool kraaniga ja trepp.","og_url":"https:\/\/alekeskus.eu\/toode\/kumblustunn-20x24m-ovaal-alekeskus\/","og_site_name":"Alekeskus","article_modified_time":"2025-08-12T18:07:51+00:00","og_image":[{"width":1024,"height":1024,"url":"https:\/\/alekeskus.eu\/wp-content\/uploads\/2023\/11\/20x24m-ovaal-th-1024x1024.png","type":"image\/png"}],"twitter_card":"summary_large_image","twitter_misc":{"Est. reading time":"1 minut"},"schema":{"@context":"https:\/\/schema.org","@graph":[{"@type":"WebPage","@id":"https:\/\/alekeskus.eu\/toode\/kumblustunn-20x24m-ovaal-alekeskus\/","url":"https:\/\/alekeskus.eu\/toode\/kumblustunn-20x24m-ovaal-alekeskus\/","name":"K\u00fcmblust\u00fcnn ovaalne 2,0 x 2,4 m v\u00e4lisahjuga - Alekeskus","isPartOf":{"@id":"https:\/\/alekeskus.eu\/#website"},"primaryImageOfPage":{"@id":"https:\/\/alekeskus.eu\/toode\/kumblustunn-20x24m-ovaal-alekeskus\/#primaryimage"},"image":{"@id":"https:\/\/alekeskus.eu\/toode\/kumblustunn-20x24m-ovaal-alekeskus\/#primaryimage"},"thumbnailUrl":"https:\/\/alekeskus.eu\/wp-content\/uploads\/2023\/11\/20x24m-ovaal-th.png","datePublished":"2023-04-11T22:24:43+00:00","dateModified":"2025-08-12T18:07:51+00:00","description":"K\u00fcmblust\u00fcnn ovaalse 2,4m plastsisuga ja v\u00e4lisahjuga, mille komplekti kuulub klaasplastist sisu, puidust \u00fcmbris, viimistlemine v\u00e4ljast puidu\u00f5liga, p\u00f5hjatalad, merealumiiniumist v\u00e4lisahi 2m korstnaga, \u00e4ravool kraaniga ja trepp.","breadcrumb":{"@id":"https:\/\/alekeskus.eu\/toode\/kumblustunn-20x24m-ovaal-alekeskus\/#breadcrumb"},"inLanguage":"et","potentialAction":[{"@type":"ReadAction","target":["https:\/\/alekeskus.eu\/toode\/kumblustunn-20x24m-ovaal-alekeskus\/"]}]},{"@type":"ImageObject","inLanguage":"et","@id":"https:\/\/alekeskus.eu\/toode\/kumblustunn-20x24m-ovaal-alekeskus\/#primaryimage","url":"https:\/\/alekeskus.eu\/wp-content\/uploads\/2023\/11\/20x24m-ovaal-th.png","contentUrl":"https:\/\/alekeskus.eu\/wp-content\/uploads\/2023\/11\/20x24m-ovaal-th.png","width":1600,"height":1200},{"@type":"BreadcrumbList","@id":"https:\/\/alekeskus.eu\/toode\/kumblustunn-20x24m-ovaal-alekeskus\/#breadcrumb","itemListElement":[{"@type":"ListItem","position":1,"name":"Avaleht","item":"https:\/\/alekeskus.eu\/et\/"},{"@type":"ListItem","position":2,"name":"Pood","item":"https:\/\/alekeskus.eu\/pood\/"},{"@type":"ListItem","position":3,"name":"K\u00fcmblust\u00fcnn ovaalne 2,0 x 2,4 m v\u00e4lisahjuga"}]},{"@type":"WebSite","@id":"https:\/\/alekeskus.eu\/#website","url":"https:\/\/alekeskus.eu\/","name":"Alekeskus","description":"Alekeskus.eu","potentialAction":[{"@type":"SearchAction","target":{"@type":"EntryPoint","urlTemplate":"https:\/\/alekeskus.eu\/?s={search_term_string}"},"query-input":{"@type":"PropertyValueSpecification","valueRequired":true,"valueName":"search_term_string"}}],"inLanguage":"et"}]}},"brands":[],"_links":{"self":[{"href":"https:\/\/alekeskus.eu\/et\/wp-json\/wp\/v2\/product\/65665","targetHints":{"allow":["GET"]}}],"collection":[{"href":"https:\/\/alekeskus.eu\/et\/wp-json\/wp\/v2\/product"}],"about":[{"href":"https:\/\/alekeskus.eu\/et\/wp-json\/wp\/v2\/types\/product"}],"wp:featuredmedia":[{"embeddable":true,"href":"https:\/\/alekeskus.eu\/et\/wp-json\/wp\/v2\/media\/84447"}],"wp:attachment":[{"href":"https:\/\/alekeskus.eu\/et\/wp-json\/wp\/v2\/media?parent=65665"}],"wp:term":[{"taxonomy":"pwb-brand","embeddable":true,"href":"https:\/\/alekeskus.eu\/et\/wp-json\/wp\/v2\/pwb-brand?post=65665"},{"taxonomy":"product_brand","embeddable":true,"href":"https:\/\/alekeskus.eu\/et\/wp-json\/wp\/v2\/product_brand?post=65665"},{"taxonomy":"product_cat","embeddable":true,"href":"https:\/\/alekeskus.eu\/et\/wp-json\/wp\/v2\/product_cat?post=65665"},{"taxonomy":"product_tag","embeddable":true,"href":"https:\/\/alekeskus.eu\/et\/wp-json\/wp\/v2\/product_tag?post=65665"}],"curies":[{"name":"wp","href":"https:\/\/api.w.org\/{rel}","templated":true}]}}