{"id":65723,"date":"2021-11-11T22:25:08","date_gmt":"2021-11-11T22:25:08","guid":{"rendered":"http:\/\/alekeskus.eu\/product\/kylpytynnyri-18m\/"},"modified":"2021-11-12T07:48:51","modified_gmt":"2021-11-12T07:48:51","slug":"kylpytynnyri-18m","status":"publish","type":"product","link":"https:\/\/alekeskus.eu\/et\/toode\/kylpytynnyri-18m\/","title":{"rendered":"Kylpytynnyri 1,8m"},"content":{"rendered":"","protected":false},"excerpt":{"rendered":"<p>Perinteinen kylpytynnyri ilman muovisisustaa, kamiinaa ja rappusia.<\/p>\n<ul>\n<li>Kuusi puu\u00f6ljyll\u00e4 k\u00e4sitelty(ulkopuolelta)<\/li>\n<li>Ulkohalkaisija \u00d8 183 cm<\/li>\n<li>Korkeus 113 cm<\/li>\n<li>Syvyys 98 cm<\/li>\n<li>Sein\u00e4n paksuus 4,3 cm<\/li>\n<li>Pohjan paksuus 3,3 cm<\/li>\n<li>Paino 205kg<\/li>\n<li>Tilavuus ca 2000l<\/li>\n<\/ul>\n","protected":false},"featured_media":65721,"template":"","meta":{"_monsterinsights_skip_tracking":false,"_monsterinsights_sitenote_active":false,"_monsterinsights_sitenote_note":"","_monsterinsights_sitenote_category":0},"pwb-brand":[],"product_brand":[],"product_cat":[13579,13537],"product_tag":[],"class_list":{"0":"post-65723","1":"product","2":"type-product","3":"status-publish","4":"has-post-thumbnail","6":"product_cat-kylpytynnyrit","7":"product_cat-sauna-kylpy","8":"pa_garantii-2-vuotta-fi","9":"pa_laoasukoht-viljandimaa-fi","10":"pa_tellimisaeg-2-10-arkipaivaa","11":"pa_veame-eesti-ja-suomi","13":"first","14":"outofstock","15":"taxable","16":"shipping-taxable","17":"purchasable","18":"product-type-simple"},"yoast_head":"<!-- This site is optimized with the Yoast SEO plugin v27.3 - https:\/\/yoast.com\/product\/yoast-seo-wordpress\/ -->\n<title>Kylpytynnyri 1,8m - Alekeskus<\/title>\n<meta name=\"robots\" content=\"index, follow, max-snippet:-1, max-image-preview:large, max-video-preview:-1\" \/>\n<link rel=\"canonical\" href=\"https:\/\/alekeskus.eu\/fi\/tuote\/kylpytynnyri-18m\/\" \/>\n<meta property=\"og:locale\" content=\"et_EE\" \/>\n<meta property=\"og:type\" content=\"article\" \/>\n<meta property=\"og:title\" content=\"Kylpytynnyri 1,8m - Alekeskus\" \/>\n<meta property=\"og:description\" content=\"Perinteinen kylpytynnyri ilman muovisisustaa, kamiinaa ja rappusia.  Kuusi puu\u00f6ljyll\u00e4 k\u00e4sitelty(ulkopuolelta) Ulkohalkaisija \u00d8 183 cm Korkeus 113 cm Syvyys 98 cm Sein\u00e4n paksuus 4,3 cm Pohjan paksuus 3,3 cm Paino 205kg Tilavuus ca 2000l\" \/>\n<meta property=\"og:url\" content=\"https:\/\/alekeskus.eu\/fi\/tuote\/kylpytynnyri-18m\/\" \/>\n<meta property=\"og:site_name\" content=\"Alekeskus\" \/>\n<meta property=\"article:modified_time\" content=\"2021-11-12T07:48:51+00:00\" \/>\n<meta property=\"og:image\" content=\"https:\/\/alekeskus.eu\/wp-content\/uploads\/2021\/11\/423k-mblust-nn-1-8m-0.jpg\" \/>\n\t<meta property=\"og:image:width\" content=\"1911\" \/>\n\t<meta property=\"og:image:height\" content=\"1728\" \/>\n\t<meta property=\"og:image:type\" content=\"image\/jpeg\" \/>\n<meta name=\"twitter:card\" content=\"summary_large_image\" \/>\n<script type=\"application\/ld+json\" class=\"yoast-schema-graph\">{\"@context\":\"https:\\\/\\\/schema.org\",\"@graph\":[{\"@type\":\"WebPage\",\"@id\":\"https:\\\/\\\/alekeskus.eu\\\/fi\\\/tuote\\\/kylpytynnyri-18m\\\/\",\"url\":\"https:\\\/\\\/alekeskus.eu\\\/fi\\\/tuote\\\/kylpytynnyri-18m\\\/\",\"name\":\"Kylpytynnyri 1,8m - Alekeskus\",\"isPartOf\":{\"@id\":\"https:\\\/\\\/alekeskus.eu\\\/#website\"},\"primaryImageOfPage\":{\"@id\":\"https:\\\/\\\/alekeskus.eu\\\/fi\\\/tuote\\\/kylpytynnyri-18m\\\/#primaryimage\"},\"image\":{\"@id\":\"https:\\\/\\\/alekeskus.eu\\\/fi\\\/tuote\\\/kylpytynnyri-18m\\\/#primaryimage\"},\"thumbnailUrl\":\"https:\\\/\\\/alekeskus.eu\\\/wp-content\\\/uploads\\\/2021\\\/11\\\/423k-mblust-nn-1-8m-0.jpg\",\"datePublished\":\"2021-11-11T22:25:08+00:00\",\"dateModified\":\"2021-11-12T07:48:51+00:00\",\"breadcrumb\":{\"@id\":\"https:\\\/\\\/alekeskus.eu\\\/fi\\\/tuote\\\/kylpytynnyri-18m\\\/#breadcrumb\"},\"inLanguage\":\"et\",\"potentialAction\":[{\"@type\":\"ReadAction\",\"target\":[\"https:\\\/\\\/alekeskus.eu\\\/fi\\\/tuote\\\/kylpytynnyri-18m\\\/\"]}]},{\"@type\":\"ImageObject\",\"inLanguage\":\"et\",\"@id\":\"https:\\\/\\\/alekeskus.eu\\\/fi\\\/tuote\\\/kylpytynnyri-18m\\\/#primaryimage\",\"url\":\"https:\\\/\\\/alekeskus.eu\\\/wp-content\\\/uploads\\\/2021\\\/11\\\/423k-mblust-nn-1-8m-0.jpg\",\"contentUrl\":\"https:\\\/\\\/alekeskus.eu\\\/wp-content\\\/uploads\\\/2021\\\/11\\\/423k-mblust-nn-1-8m-0.jpg\",\"width\":1911,\"height\":1728},{\"@type\":\"BreadcrumbList\",\"@id\":\"https:\\\/\\\/alekeskus.eu\\\/fi\\\/tuote\\\/kylpytynnyri-18m\\\/#breadcrumb\",\"itemListElement\":[{\"@type\":\"ListItem\",\"position\":1,\"name\":\"Avaleht\",\"item\":\"https:\\\/\\\/alekeskus.eu\\\/et\\\/\"},{\"@type\":\"ListItem\",\"position\":2,\"name\":\"Pood\",\"item\":\"https:\\\/\\\/alekeskus.eu\\\/pood\\\/\"},{\"@type\":\"ListItem\",\"position\":3,\"name\":\"Kylpytynnyri 1,8m\"}]},{\"@type\":\"WebSite\",\"@id\":\"https:\\\/\\\/alekeskus.eu\\\/#website\",\"url\":\"https:\\\/\\\/alekeskus.eu\\\/\",\"name\":\"Alekeskus\",\"description\":\"Alekeskus.eu\",\"potentialAction\":[{\"@type\":\"SearchAction\",\"target\":{\"@type\":\"EntryPoint\",\"urlTemplate\":\"https:\\\/\\\/alekeskus.eu\\\/?s={search_term_string}\"},\"query-input\":{\"@type\":\"PropertyValueSpecification\",\"valueRequired\":true,\"valueName\":\"search_term_string\"}}],\"inLanguage\":\"et\"}]}<\/script>\n<!-- \/ Yoast SEO plugin. -->","yoast_head_json":{"title":"Kylpytynnyri 1,8m - Alekeskus","robots":{"index":"index","follow":"follow","max-snippet":"max-snippet:-1","max-image-preview":"max-image-preview:large","max-video-preview":"max-video-preview:-1"},"canonical":"https:\/\/alekeskus.eu\/fi\/tuote\/kylpytynnyri-18m\/","og_locale":"et_EE","og_type":"article","og_title":"Kylpytynnyri 1,8m - Alekeskus","og_description":"Perinteinen kylpytynnyri ilman muovisisustaa, kamiinaa ja rappusia.  Kuusi puu\u00f6ljyll\u00e4 k\u00e4sitelty(ulkopuolelta) Ulkohalkaisija \u00d8 183 cm Korkeus 113 cm Syvyys 98 cm Sein\u00e4n paksuus 4,3 cm Pohjan paksuus 3,3 cm Paino 205kg Tilavuus ca 2000l","og_url":"https:\/\/alekeskus.eu\/fi\/tuote\/kylpytynnyri-18m\/","og_site_name":"Alekeskus","article_modified_time":"2021-11-12T07:48:51+00:00","og_image":[{"width":1911,"height":1728,"url":"https:\/\/alekeskus.eu\/wp-content\/uploads\/2021\/11\/423k-mblust-nn-1-8m-0.jpg","type":"image\/jpeg"}],"twitter_card":"summary_large_image","schema":{"@context":"https:\/\/schema.org","@graph":[{"@type":"WebPage","@id":"https:\/\/alekeskus.eu\/fi\/tuote\/kylpytynnyri-18m\/","url":"https:\/\/alekeskus.eu\/fi\/tuote\/kylpytynnyri-18m\/","name":"Kylpytynnyri 1,8m - Alekeskus","isPartOf":{"@id":"https:\/\/alekeskus.eu\/#website"},"primaryImageOfPage":{"@id":"https:\/\/alekeskus.eu\/fi\/tuote\/kylpytynnyri-18m\/#primaryimage"},"image":{"@id":"https:\/\/alekeskus.eu\/fi\/tuote\/kylpytynnyri-18m\/#primaryimage"},"thumbnailUrl":"https:\/\/alekeskus.eu\/wp-content\/uploads\/2021\/11\/423k-mblust-nn-1-8m-0.jpg","datePublished":"2021-11-11T22:25:08+00:00","dateModified":"2021-11-12T07:48:51+00:00","breadcrumb":{"@id":"https:\/\/alekeskus.eu\/fi\/tuote\/kylpytynnyri-18m\/#breadcrumb"},"inLanguage":"et","potentialAction":[{"@type":"ReadAction","target":["https:\/\/alekeskus.eu\/fi\/tuote\/kylpytynnyri-18m\/"]}]},{"@type":"ImageObject","inLanguage":"et","@id":"https:\/\/alekeskus.eu\/fi\/tuote\/kylpytynnyri-18m\/#primaryimage","url":"https:\/\/alekeskus.eu\/wp-content\/uploads\/2021\/11\/423k-mblust-nn-1-8m-0.jpg","contentUrl":"https:\/\/alekeskus.eu\/wp-content\/uploads\/2021\/11\/423k-mblust-nn-1-8m-0.jpg","width":1911,"height":1728},{"@type":"BreadcrumbList","@id":"https:\/\/alekeskus.eu\/fi\/tuote\/kylpytynnyri-18m\/#breadcrumb","itemListElement":[{"@type":"ListItem","position":1,"name":"Avaleht","item":"https:\/\/alekeskus.eu\/et\/"},{"@type":"ListItem","position":2,"name":"Pood","item":"https:\/\/alekeskus.eu\/pood\/"},{"@type":"ListItem","position":3,"name":"Kylpytynnyri 1,8m"}]},{"@type":"WebSite","@id":"https:\/\/alekeskus.eu\/#website","url":"https:\/\/alekeskus.eu\/","name":"Alekeskus","description":"Alekeskus.eu","potentialAction":[{"@type":"SearchAction","target":{"@type":"EntryPoint","urlTemplate":"https:\/\/alekeskus.eu\/?s={search_term_string}"},"query-input":{"@type":"PropertyValueSpecification","valueRequired":true,"valueName":"search_term_string"}}],"inLanguage":"et"}]}},"brands":[],"_links":{"self":[{"href":"https:\/\/alekeskus.eu\/et\/wp-json\/wp\/v2\/product\/65723","targetHints":{"allow":["GET"]}}],"collection":[{"href":"https:\/\/alekeskus.eu\/et\/wp-json\/wp\/v2\/product"}],"about":[{"href":"https:\/\/alekeskus.eu\/et\/wp-json\/wp\/v2\/types\/product"}],"wp:featuredmedia":[{"embeddable":true,"href":"https:\/\/alekeskus.eu\/et\/wp-json\/wp\/v2\/media\/65721"}],"wp:attachment":[{"href":"https:\/\/alekeskus.eu\/et\/wp-json\/wp\/v2\/media?parent=65723"}],"wp:term":[{"taxonomy":"pwb-brand","embeddable":true,"href":"https:\/\/alekeskus.eu\/et\/wp-json\/wp\/v2\/pwb-brand?post=65723"},{"taxonomy":"product_brand","embeddable":true,"href":"https:\/\/alekeskus.eu\/et\/wp-json\/wp\/v2\/product_brand?post=65723"},{"taxonomy":"product_cat","embeddable":true,"href":"https:\/\/alekeskus.eu\/et\/wp-json\/wp\/v2\/product_cat?post=65723"},{"taxonomy":"product_tag","embeddable":true,"href":"https:\/\/alekeskus.eu\/et\/wp-json\/wp\/v2\/product_tag?post=65723"}],"curies":[{"name":"wp","href":"https:\/\/api.w.org\/{rel}","templated":true}]}}