{"id":65807,"date":"2023-11-11T22:26:09","date_gmt":"2023-11-11T22:26:09","guid":{"rendered":"http:\/\/alekeskus.eu\/product\/kumblustunn-ovaalne-165m-valisahjuga\/"},"modified":"2024-02-13T13:05:31","modified_gmt":"2024-02-13T13:05:31","slug":"kumblustunn-ovaalne-165m-alekeskus","status":"publish","type":"product","link":"https:\/\/alekeskus.eu\/et\/toode\/kumblustunn-ovaalne-165m-alekeskus\/","title":{"rendered":"K\u00fcmblust\u00fcnn ovaalne 1,65 m v\u00e4lisahjuga"},"content":{"rendered":"<p>K\u00fcmblust\u00fcnni komplekti kuulub klaasplastist sisu, puidust \u00fcmbris, viimistlemine v\u00e4ljast puidu\u00f5liga, p\u00f5hjatalad, 2 roostevabast terasest vitsa, v\u00e4lisahi 2m korstnaga, \u00e4ravool kraaniga ja trepp.<\/p>\n","protected":false},"excerpt":{"rendered":"<p>Plastsisuga k\u00fcmblust\u00fcnn 2-le inimesele.<\/p>\n<ul id=\"&quot;&quot;ahjud&quot;&quot;\">\n<li>V\u00e4lism\u00f5\u00f5dus 165 x 115 cm<\/li>\n<li>Sisem\u00f5\u00f5dus 150 x 100 cm<\/li>\n<li>K\u00f5rgus 112 cm<\/li>\n<li>S\u00fcgavus seest 95 cm<\/li>\n<li>Kaal 170 kg<\/li>\n<li>Maht 800 liitrit<\/li>\n<li>K\u00fctteaeg 5-38\u00b0 1,5-2 tundi<\/li>\n<li>Puuvooder \u00f5litatud kuusest<\/li>\n<li>Roostevabast terasest vitsad, p\u00f5hjatalad, trepp, 2 m korsten<\/li>\n<li>Tagavooluga merealumiiniumist v\u00e4lisahjud\u00a0 30, 35 ja 40 kW<\/li>\n<li>H\u00f5lpsasti hooldatav klaasplastist sisu, v\u00e4rvid: valge, hall v\u00f5i sinine(kirjuta tellides m\u00e4rkustesse)<\/li>\n<\/ul>\n<p>Telli lisad: jalavann, m\u00f5la, korstnapikendus, s\u00e4demep\u00fc\u00fcdja, LED valgustus, soojustus, termomeeter, PVC \u00a0kate, termokate.<\/p>\n","protected":false},"featured_media":84429,"template":"","meta":{"_monsterinsights_skip_tracking":false,"_monsterinsights_sitenote_active":false,"_monsterinsights_sitenote_note":"","_monsterinsights_sitenote_category":0},"pwb-brand":[],"product_brand":[],"product_cat":[13578,13536],"product_tag":[15006,15070,15074,15096,18276,14996,14997,14998],"class_list":{"0":"post-65807","1":"product","2":"type-product","3":"status-publish","4":"has-post-thumbnail","6":"product_cat-kumblustunnid","7":"product_cat-saun-ja-kumblus","8":"product_tag-kylpytynnyri","9":"product_tag-palju","10":"product_tag-soojus","11":"product_tag-klaasplast","12":"product_tag-sisaallas","13":"product_tag-kumblus","14":"product_tag-saun","15":"product_tag-tunn","16":"product_shipping_class-30-300kg","17":"pa_ahjuliikjavoimsus-valine-ahi-35kw","18":"pa_ahjuliikjavoimsus-valine-ahi-30","19":"pa_ahjuliikjavoimsus-valine-ahi-40kw","20":"pa_garantii-2-aastat","21":"pa_kohaletoimetamine-veohind-mandri-eestis-alekeskus","22":"pa_laoasukoht-viljandimaa","23":"pa_tellimisaeg-2-10-toopaeva","24":"pa_veame-eesti-ja-soome","26":"first","27":"instock","28":"taxable","29":"shipping-taxable","30":"purchasable","31":"product-type-variable","32":"has-default-attributes"},"yoast_head":"<!-- This site is optimized with the Yoast SEO plugin v27.3 - https:\/\/yoast.com\/product\/yoast-seo-wordpress\/ -->\n<title>K\u00fcmblust\u00fcnn ovaalne 1,65 m v\u00e4lisahjuga - Alekeskus<\/title>\n<meta name=\"description\" content=\"2 inimese ovaalne k\u00fcmblust\u00fcnn\" \/>\n<meta name=\"robots\" content=\"index, follow, max-snippet:-1, max-image-preview:large, max-video-preview:-1\" \/>\n<link rel=\"canonical\" href=\"https:\/\/alekeskus.eu\/toode\/kumblustunn-ovaalne-165m-alekeskus\/\" \/>\n<meta property=\"og:locale\" content=\"et_EE\" \/>\n<meta property=\"og:type\" content=\"article\" \/>\n<meta property=\"og:title\" content=\"K\u00fcmblust\u00fcnn ovaalne 1,65 m v\u00e4lisahjuga - Alekeskus\" \/>\n<meta property=\"og:description\" content=\"2 inimese ovaalne k\u00fcmblust\u00fcnn\" \/>\n<meta property=\"og:url\" content=\"https:\/\/alekeskus.eu\/toode\/kumblustunn-ovaalne-165m-alekeskus\/\" \/>\n<meta property=\"og:site_name\" content=\"Alekeskus\" \/>\n<meta property=\"article:modified_time\" content=\"2024-02-13T13:05:31+00:00\" \/>\n<meta property=\"og:image\" content=\"https:\/\/alekeskus.eu\/wp-content\/uploads\/2022\/11\/165m-ovaal-1024x1024.png\" \/>\n\t<meta property=\"og:image:width\" content=\"1024\" \/>\n\t<meta property=\"og:image:height\" content=\"1024\" \/>\n\t<meta property=\"og:image:type\" content=\"image\/png\" \/>\n<meta name=\"twitter:card\" content=\"summary_large_image\" \/>\n<meta name=\"twitter:label1\" content=\"Est. reading time\" \/>\n\t<meta name=\"twitter:data1\" content=\"1 minut\" \/>\n<script type=\"application\/ld+json\" class=\"yoast-schema-graph\">{\"@context\":\"https:\\\/\\\/schema.org\",\"@graph\":[{\"@type\":\"WebPage\",\"@id\":\"https:\\\/\\\/alekeskus.eu\\\/toode\\\/kumblustunn-ovaalne-165m-alekeskus\\\/\",\"url\":\"https:\\\/\\\/alekeskus.eu\\\/toode\\\/kumblustunn-ovaalne-165m-alekeskus\\\/\",\"name\":\"K\u00fcmblust\u00fcnn ovaalne 1,65 m v\u00e4lisahjuga - Alekeskus\",\"isPartOf\":{\"@id\":\"https:\\\/\\\/alekeskus.eu\\\/#website\"},\"primaryImageOfPage\":{\"@id\":\"https:\\\/\\\/alekeskus.eu\\\/toode\\\/kumblustunn-ovaalne-165m-alekeskus\\\/#primaryimage\"},\"image\":{\"@id\":\"https:\\\/\\\/alekeskus.eu\\\/toode\\\/kumblustunn-ovaalne-165m-alekeskus\\\/#primaryimage\"},\"thumbnailUrl\":\"https:\\\/\\\/alekeskus.eu\\\/wp-content\\\/uploads\\\/2022\\\/11\\\/165m-ovaal.png\",\"datePublished\":\"2023-11-11T22:26:09+00:00\",\"dateModified\":\"2024-02-13T13:05:31+00:00\",\"description\":\"2 inimese ovaalne k\u00fcmblust\u00fcnn\",\"breadcrumb\":{\"@id\":\"https:\\\/\\\/alekeskus.eu\\\/toode\\\/kumblustunn-ovaalne-165m-alekeskus\\\/#breadcrumb\"},\"inLanguage\":\"et\",\"potentialAction\":[{\"@type\":\"ReadAction\",\"target\":[\"https:\\\/\\\/alekeskus.eu\\\/toode\\\/kumblustunn-ovaalne-165m-alekeskus\\\/\"]}]},{\"@type\":\"ImageObject\",\"inLanguage\":\"et\",\"@id\":\"https:\\\/\\\/alekeskus.eu\\\/toode\\\/kumblustunn-ovaalne-165m-alekeskus\\\/#primaryimage\",\"url\":\"https:\\\/\\\/alekeskus.eu\\\/wp-content\\\/uploads\\\/2022\\\/11\\\/165m-ovaal.png\",\"contentUrl\":\"https:\\\/\\\/alekeskus.eu\\\/wp-content\\\/uploads\\\/2022\\\/11\\\/165m-ovaal.png\",\"width\":1600,\"height\":1200},{\"@type\":\"BreadcrumbList\",\"@id\":\"https:\\\/\\\/alekeskus.eu\\\/toode\\\/kumblustunn-ovaalne-165m-alekeskus\\\/#breadcrumb\",\"itemListElement\":[{\"@type\":\"ListItem\",\"position\":1,\"name\":\"Avaleht\",\"item\":\"https:\\\/\\\/alekeskus.eu\\\/et\\\/\"},{\"@type\":\"ListItem\",\"position\":2,\"name\":\"Pood\",\"item\":\"https:\\\/\\\/alekeskus.eu\\\/pood\\\/\"},{\"@type\":\"ListItem\",\"position\":3,\"name\":\"K\u00fcmblust\u00fcnn ovaalne 1,65 m v\u00e4lisahjuga\"}]},{\"@type\":\"WebSite\",\"@id\":\"https:\\\/\\\/alekeskus.eu\\\/#website\",\"url\":\"https:\\\/\\\/alekeskus.eu\\\/\",\"name\":\"Alekeskus\",\"description\":\"Alekeskus.eu\",\"potentialAction\":[{\"@type\":\"SearchAction\",\"target\":{\"@type\":\"EntryPoint\",\"urlTemplate\":\"https:\\\/\\\/alekeskus.eu\\\/?s={search_term_string}\"},\"query-input\":{\"@type\":\"PropertyValueSpecification\",\"valueRequired\":true,\"valueName\":\"search_term_string\"}}],\"inLanguage\":\"et\"}]}<\/script>\n<!-- \/ Yoast SEO plugin. -->","yoast_head_json":{"title":"K\u00fcmblust\u00fcnn ovaalne 1,65 m v\u00e4lisahjuga - Alekeskus","description":"2 inimese ovaalne k\u00fcmblust\u00fcnn","robots":{"index":"index","follow":"follow","max-snippet":"max-snippet:-1","max-image-preview":"max-image-preview:large","max-video-preview":"max-video-preview:-1"},"canonical":"https:\/\/alekeskus.eu\/toode\/kumblustunn-ovaalne-165m-alekeskus\/","og_locale":"et_EE","og_type":"article","og_title":"K\u00fcmblust\u00fcnn ovaalne 1,65 m v\u00e4lisahjuga - Alekeskus","og_description":"2 inimese ovaalne k\u00fcmblust\u00fcnn","og_url":"https:\/\/alekeskus.eu\/toode\/kumblustunn-ovaalne-165m-alekeskus\/","og_site_name":"Alekeskus","article_modified_time":"2024-02-13T13:05:31+00:00","og_image":[{"width":1024,"height":1024,"url":"https:\/\/alekeskus.eu\/wp-content\/uploads\/2022\/11\/165m-ovaal-1024x1024.png","type":"image\/png"}],"twitter_card":"summary_large_image","twitter_misc":{"Est. reading time":"1 minut"},"schema":{"@context":"https:\/\/schema.org","@graph":[{"@type":"WebPage","@id":"https:\/\/alekeskus.eu\/toode\/kumblustunn-ovaalne-165m-alekeskus\/","url":"https:\/\/alekeskus.eu\/toode\/kumblustunn-ovaalne-165m-alekeskus\/","name":"K\u00fcmblust\u00fcnn ovaalne 1,65 m v\u00e4lisahjuga - Alekeskus","isPartOf":{"@id":"https:\/\/alekeskus.eu\/#website"},"primaryImageOfPage":{"@id":"https:\/\/alekeskus.eu\/toode\/kumblustunn-ovaalne-165m-alekeskus\/#primaryimage"},"image":{"@id":"https:\/\/alekeskus.eu\/toode\/kumblustunn-ovaalne-165m-alekeskus\/#primaryimage"},"thumbnailUrl":"https:\/\/alekeskus.eu\/wp-content\/uploads\/2022\/11\/165m-ovaal.png","datePublished":"2023-11-11T22:26:09+00:00","dateModified":"2024-02-13T13:05:31+00:00","description":"2 inimese ovaalne k\u00fcmblust\u00fcnn","breadcrumb":{"@id":"https:\/\/alekeskus.eu\/toode\/kumblustunn-ovaalne-165m-alekeskus\/#breadcrumb"},"inLanguage":"et","potentialAction":[{"@type":"ReadAction","target":["https:\/\/alekeskus.eu\/toode\/kumblustunn-ovaalne-165m-alekeskus\/"]}]},{"@type":"ImageObject","inLanguage":"et","@id":"https:\/\/alekeskus.eu\/toode\/kumblustunn-ovaalne-165m-alekeskus\/#primaryimage","url":"https:\/\/alekeskus.eu\/wp-content\/uploads\/2022\/11\/165m-ovaal.png","contentUrl":"https:\/\/alekeskus.eu\/wp-content\/uploads\/2022\/11\/165m-ovaal.png","width":1600,"height":1200},{"@type":"BreadcrumbList","@id":"https:\/\/alekeskus.eu\/toode\/kumblustunn-ovaalne-165m-alekeskus\/#breadcrumb","itemListElement":[{"@type":"ListItem","position":1,"name":"Avaleht","item":"https:\/\/alekeskus.eu\/et\/"},{"@type":"ListItem","position":2,"name":"Pood","item":"https:\/\/alekeskus.eu\/pood\/"},{"@type":"ListItem","position":3,"name":"K\u00fcmblust\u00fcnn ovaalne 1,65 m v\u00e4lisahjuga"}]},{"@type":"WebSite","@id":"https:\/\/alekeskus.eu\/#website","url":"https:\/\/alekeskus.eu\/","name":"Alekeskus","description":"Alekeskus.eu","potentialAction":[{"@type":"SearchAction","target":{"@type":"EntryPoint","urlTemplate":"https:\/\/alekeskus.eu\/?s={search_term_string}"},"query-input":{"@type":"PropertyValueSpecification","valueRequired":true,"valueName":"search_term_string"}}],"inLanguage":"et"}]}},"brands":[],"_links":{"self":[{"href":"https:\/\/alekeskus.eu\/et\/wp-json\/wp\/v2\/product\/65807","targetHints":{"allow":["GET"]}}],"collection":[{"href":"https:\/\/alekeskus.eu\/et\/wp-json\/wp\/v2\/product"}],"about":[{"href":"https:\/\/alekeskus.eu\/et\/wp-json\/wp\/v2\/types\/product"}],"wp:featuredmedia":[{"embeddable":true,"href":"https:\/\/alekeskus.eu\/et\/wp-json\/wp\/v2\/media\/84429"}],"wp:attachment":[{"href":"https:\/\/alekeskus.eu\/et\/wp-json\/wp\/v2\/media?parent=65807"}],"wp:term":[{"taxonomy":"pwb-brand","embeddable":true,"href":"https:\/\/alekeskus.eu\/et\/wp-json\/wp\/v2\/pwb-brand?post=65807"},{"taxonomy":"product_brand","embeddable":true,"href":"https:\/\/alekeskus.eu\/et\/wp-json\/wp\/v2\/product_brand?post=65807"},{"taxonomy":"product_cat","embeddable":true,"href":"https:\/\/alekeskus.eu\/et\/wp-json\/wp\/v2\/product_cat?post=65807"},{"taxonomy":"product_tag","embeddable":true,"href":"https:\/\/alekeskus.eu\/et\/wp-json\/wp\/v2\/product_tag?post=65807"}],"curies":[{"name":"wp","href":"https:\/\/api.w.org\/{rel}","templated":true}]}}