{"id":66081,"date":"2021-11-11T22:28:09","date_gmt":"2021-11-11T22:28:09","guid":{"rendered":"http:\/\/alekeskus.eu\/product\/jatkankynttilat-6-pakkaus\/"},"modified":"2021-11-12T07:48:59","modified_gmt":"2021-11-12T07:48:59","slug":"jatkankynttilat-6-pakkaus","status":"publish","type":"product","link":"https:\/\/alekeskus.eu\/et\/toode\/jatkankynttilat-6-pakkaus\/","title":{"rendered":"J\u00e4tk\u00e4nkynttil\u00e4t 6-pakkaus"},"content":{"rendered":"<\/p>\n","protected":false},"excerpt":{"rendered":"<p>Halkkaisija 6-12cm, korkeus 10cm. Paloaika 6 x 30cm. Helppo sytytys 1 tikulla. Kannetaan mukavasti narusta.<\/p>\n<p>Tehty Eestiss&auml;.<\/p>\n","protected":false},"featured_media":66073,"template":"","meta":{"_monsterinsights_skip_tracking":false,"_monsterinsights_sitenote_active":false,"_monsterinsights_sitenote_note":"","_monsterinsights_sitenote_category":0},"pwb-brand":[],"product_brand":[],"product_cat":[13569,13531,13543],"product_tag":[],"class_list":{"0":"post-66081","1":"product","2":"type-product","3":"status-publish","4":"has-post-thumbnail","6":"product_cat-grilli-ja-tuli","7":"product_cat-koti-piha","8":"product_cat-lammitys","9":"pa_kaalkg-2-kg-fi","10":"pa_korgus-10-cm-fi","11":"pa_laoasukoht-parnu-maakond-fi","12":"pa_tellimisaeg-1-3-viikossa","13":"pa_veame-eesti-ja-suomi","15":"first","16":"outofstock","17":"sale","18":"taxable","19":"shipping-taxable","20":"purchasable","21":"product-type-simple"},"yoast_head":"<!-- This site is optimized with the Yoast SEO plugin v27.3 - https:\/\/yoast.com\/product\/yoast-seo-wordpress\/ -->\n<title>J\u00e4tk\u00e4nkynttil\u00e4t 6-pakkaus - Alekeskus<\/title>\n<meta name=\"robots\" content=\"index, follow, max-snippet:-1, max-image-preview:large, max-video-preview:-1\" \/>\n<link rel=\"canonical\" href=\"https:\/\/alekeskus.eu\/fi\/tuote\/jatkankynttilat-6-pakkaus\/\" \/>\n<meta property=\"og:locale\" content=\"et_EE\" \/>\n<meta property=\"og:type\" content=\"article\" \/>\n<meta property=\"og:title\" content=\"J\u00e4tk\u00e4nkynttil\u00e4t 6-pakkaus - Alekeskus\" \/>\n<meta property=\"og:description\" content=\"Halkkaisija 6-12cm, korkeus 10cm. Paloaika 6 x 30cm. Helppo sytytys 1 tikulla. Kannetaan mukavasti narusta. Tehty Eestiss&auml;.\" \/>\n<meta property=\"og:url\" content=\"https:\/\/alekeskus.eu\/fi\/tuote\/jatkankynttilat-6-pakkaus\/\" \/>\n<meta property=\"og:site_name\" content=\"Alekeskus\" \/>\n<meta property=\"article:modified_time\" content=\"2021-11-12T07:48:59+00:00\" \/>\n<meta property=\"og:image\" content=\"https:\/\/alekeskus.eu\/wp-content\/uploads\/2021\/11\/450v-ikeste-tulepakkude-6-pakk-0-scaled.jpg\" \/>\n\t<meta property=\"og:image:width\" content=\"2560\" \/>\n\t<meta property=\"og:image:height\" content=\"1438\" \/>\n\t<meta property=\"og:image:type\" content=\"image\/jpeg\" \/>\n<meta name=\"twitter:card\" content=\"summary_large_image\" \/>\n<script type=\"application\/ld+json\" class=\"yoast-schema-graph\">{\"@context\":\"https:\\\/\\\/schema.org\",\"@graph\":[{\"@type\":\"WebPage\",\"@id\":\"https:\\\/\\\/alekeskus.eu\\\/fi\\\/tuote\\\/jatkankynttilat-6-pakkaus\\\/\",\"url\":\"https:\\\/\\\/alekeskus.eu\\\/fi\\\/tuote\\\/jatkankynttilat-6-pakkaus\\\/\",\"name\":\"J\u00e4tk\u00e4nkynttil\u00e4t 6-pakkaus - Alekeskus\",\"isPartOf\":{\"@id\":\"https:\\\/\\\/alekeskus.eu\\\/#website\"},\"primaryImageOfPage\":{\"@id\":\"https:\\\/\\\/alekeskus.eu\\\/fi\\\/tuote\\\/jatkankynttilat-6-pakkaus\\\/#primaryimage\"},\"image\":{\"@id\":\"https:\\\/\\\/alekeskus.eu\\\/fi\\\/tuote\\\/jatkankynttilat-6-pakkaus\\\/#primaryimage\"},\"thumbnailUrl\":\"https:\\\/\\\/alekeskus.eu\\\/wp-content\\\/uploads\\\/2021\\\/11\\\/450v-ikeste-tulepakkude-6-pakk-0-scaled.jpg\",\"datePublished\":\"2021-11-11T22:28:09+00:00\",\"dateModified\":\"2021-11-12T07:48:59+00:00\",\"breadcrumb\":{\"@id\":\"https:\\\/\\\/alekeskus.eu\\\/fi\\\/tuote\\\/jatkankynttilat-6-pakkaus\\\/#breadcrumb\"},\"inLanguage\":\"et\",\"potentialAction\":[{\"@type\":\"ReadAction\",\"target\":[\"https:\\\/\\\/alekeskus.eu\\\/fi\\\/tuote\\\/jatkankynttilat-6-pakkaus\\\/\"]}]},{\"@type\":\"ImageObject\",\"inLanguage\":\"et\",\"@id\":\"https:\\\/\\\/alekeskus.eu\\\/fi\\\/tuote\\\/jatkankynttilat-6-pakkaus\\\/#primaryimage\",\"url\":\"https:\\\/\\\/alekeskus.eu\\\/wp-content\\\/uploads\\\/2021\\\/11\\\/450v-ikeste-tulepakkude-6-pakk-0-scaled.jpg\",\"contentUrl\":\"https:\\\/\\\/alekeskus.eu\\\/wp-content\\\/uploads\\\/2021\\\/11\\\/450v-ikeste-tulepakkude-6-pakk-0-scaled.jpg\",\"width\":2560,\"height\":1438},{\"@type\":\"BreadcrumbList\",\"@id\":\"https:\\\/\\\/alekeskus.eu\\\/fi\\\/tuote\\\/jatkankynttilat-6-pakkaus\\\/#breadcrumb\",\"itemListElement\":[{\"@type\":\"ListItem\",\"position\":1,\"name\":\"Avaleht\",\"item\":\"https:\\\/\\\/alekeskus.eu\\\/et\\\/\"},{\"@type\":\"ListItem\",\"position\":2,\"name\":\"Pood\",\"item\":\"https:\\\/\\\/alekeskus.eu\\\/pood\\\/\"},{\"@type\":\"ListItem\",\"position\":3,\"name\":\"J\u00e4tk\u00e4nkynttil\u00e4t 6-pakkaus\"}]},{\"@type\":\"WebSite\",\"@id\":\"https:\\\/\\\/alekeskus.eu\\\/#website\",\"url\":\"https:\\\/\\\/alekeskus.eu\\\/\",\"name\":\"Alekeskus\",\"description\":\"Alekeskus.eu\",\"potentialAction\":[{\"@type\":\"SearchAction\",\"target\":{\"@type\":\"EntryPoint\",\"urlTemplate\":\"https:\\\/\\\/alekeskus.eu\\\/?s={search_term_string}\"},\"query-input\":{\"@type\":\"PropertyValueSpecification\",\"valueRequired\":true,\"valueName\":\"search_term_string\"}}],\"inLanguage\":\"et\"}]}<\/script>\n<!-- \/ Yoast SEO plugin. -->","yoast_head_json":{"title":"J\u00e4tk\u00e4nkynttil\u00e4t 6-pakkaus - Alekeskus","robots":{"index":"index","follow":"follow","max-snippet":"max-snippet:-1","max-image-preview":"max-image-preview:large","max-video-preview":"max-video-preview:-1"},"canonical":"https:\/\/alekeskus.eu\/fi\/tuote\/jatkankynttilat-6-pakkaus\/","og_locale":"et_EE","og_type":"article","og_title":"J\u00e4tk\u00e4nkynttil\u00e4t 6-pakkaus - Alekeskus","og_description":"Halkkaisija 6-12cm, korkeus 10cm. Paloaika 6 x 30cm. Helppo sytytys 1 tikulla. Kannetaan mukavasti narusta. Tehty Eestiss&auml;.","og_url":"https:\/\/alekeskus.eu\/fi\/tuote\/jatkankynttilat-6-pakkaus\/","og_site_name":"Alekeskus","article_modified_time":"2021-11-12T07:48:59+00:00","og_image":[{"width":2560,"height":1438,"url":"https:\/\/alekeskus.eu\/wp-content\/uploads\/2021\/11\/450v-ikeste-tulepakkude-6-pakk-0-scaled.jpg","type":"image\/jpeg"}],"twitter_card":"summary_large_image","schema":{"@context":"https:\/\/schema.org","@graph":[{"@type":"WebPage","@id":"https:\/\/alekeskus.eu\/fi\/tuote\/jatkankynttilat-6-pakkaus\/","url":"https:\/\/alekeskus.eu\/fi\/tuote\/jatkankynttilat-6-pakkaus\/","name":"J\u00e4tk\u00e4nkynttil\u00e4t 6-pakkaus - Alekeskus","isPartOf":{"@id":"https:\/\/alekeskus.eu\/#website"},"primaryImageOfPage":{"@id":"https:\/\/alekeskus.eu\/fi\/tuote\/jatkankynttilat-6-pakkaus\/#primaryimage"},"image":{"@id":"https:\/\/alekeskus.eu\/fi\/tuote\/jatkankynttilat-6-pakkaus\/#primaryimage"},"thumbnailUrl":"https:\/\/alekeskus.eu\/wp-content\/uploads\/2021\/11\/450v-ikeste-tulepakkude-6-pakk-0-scaled.jpg","datePublished":"2021-11-11T22:28:09+00:00","dateModified":"2021-11-12T07:48:59+00:00","breadcrumb":{"@id":"https:\/\/alekeskus.eu\/fi\/tuote\/jatkankynttilat-6-pakkaus\/#breadcrumb"},"inLanguage":"et","potentialAction":[{"@type":"ReadAction","target":["https:\/\/alekeskus.eu\/fi\/tuote\/jatkankynttilat-6-pakkaus\/"]}]},{"@type":"ImageObject","inLanguage":"et","@id":"https:\/\/alekeskus.eu\/fi\/tuote\/jatkankynttilat-6-pakkaus\/#primaryimage","url":"https:\/\/alekeskus.eu\/wp-content\/uploads\/2021\/11\/450v-ikeste-tulepakkude-6-pakk-0-scaled.jpg","contentUrl":"https:\/\/alekeskus.eu\/wp-content\/uploads\/2021\/11\/450v-ikeste-tulepakkude-6-pakk-0-scaled.jpg","width":2560,"height":1438},{"@type":"BreadcrumbList","@id":"https:\/\/alekeskus.eu\/fi\/tuote\/jatkankynttilat-6-pakkaus\/#breadcrumb","itemListElement":[{"@type":"ListItem","position":1,"name":"Avaleht","item":"https:\/\/alekeskus.eu\/et\/"},{"@type":"ListItem","position":2,"name":"Pood","item":"https:\/\/alekeskus.eu\/pood\/"},{"@type":"ListItem","position":3,"name":"J\u00e4tk\u00e4nkynttil\u00e4t 6-pakkaus"}]},{"@type":"WebSite","@id":"https:\/\/alekeskus.eu\/#website","url":"https:\/\/alekeskus.eu\/","name":"Alekeskus","description":"Alekeskus.eu","potentialAction":[{"@type":"SearchAction","target":{"@type":"EntryPoint","urlTemplate":"https:\/\/alekeskus.eu\/?s={search_term_string}"},"query-input":{"@type":"PropertyValueSpecification","valueRequired":true,"valueName":"search_term_string"}}],"inLanguage":"et"}]}},"brands":[],"_links":{"self":[{"href":"https:\/\/alekeskus.eu\/et\/wp-json\/wp\/v2\/product\/66081","targetHints":{"allow":["GET"]}}],"collection":[{"href":"https:\/\/alekeskus.eu\/et\/wp-json\/wp\/v2\/product"}],"about":[{"href":"https:\/\/alekeskus.eu\/et\/wp-json\/wp\/v2\/types\/product"}],"wp:featuredmedia":[{"embeddable":true,"href":"https:\/\/alekeskus.eu\/et\/wp-json\/wp\/v2\/media\/66073"}],"wp:attachment":[{"href":"https:\/\/alekeskus.eu\/et\/wp-json\/wp\/v2\/media?parent=66081"}],"wp:term":[{"taxonomy":"pwb-brand","embeddable":true,"href":"https:\/\/alekeskus.eu\/et\/wp-json\/wp\/v2\/pwb-brand?post=66081"},{"taxonomy":"product_brand","embeddable":true,"href":"https:\/\/alekeskus.eu\/et\/wp-json\/wp\/v2\/product_brand?post=66081"},{"taxonomy":"product_cat","embeddable":true,"href":"https:\/\/alekeskus.eu\/et\/wp-json\/wp\/v2\/product_cat?post=66081"},{"taxonomy":"product_tag","embeddable":true,"href":"https:\/\/alekeskus.eu\/et\/wp-json\/wp\/v2\/product_tag?post=66081"}],"curies":[{"name":"wp","href":"https:\/\/api.w.org\/{rel}","templated":true}]}}