{"id":66170,"date":"2022-11-11T22:31:00","date_gmt":"2022-11-11T22:31:00","guid":{"rendered":"http:\/\/alekeskus.eu\/?post_type=product&#038;p=66170"},"modified":"2023-12-11T11:41:02","modified_gmt":"2023-12-11T11:41:02","slug":"matkaloke-40cm-kaasaskantav","status":"publish","type":"product","link":"https:\/\/alekeskus.eu\/et\/toode\/matkaloke-40cm-kaasaskantav\/","title":{"rendered":"Matkal\u00f5ke kaasaskantav"},"content":{"rendered":"","protected":false},"excerpt":{"rendered":"<p>Matkal\u00f5ke, mida on hea kaasa haarata ja prahti ajamata autos vedada. P\u00f5leb t\u00e4ielikult loodust risustamata. Lehtpuu halud v\u00f5imaldavad ka liha k\u00fcpsetada.<\/p>\n<p>M\u00f5\u00f5dud 20x20x27 cm. Kaal 2,5 kg.<\/p>\n<p><strong>P\u00f5lemisaeg u 1 tund! Imelihtne s\u00fc\u00fctamine vahaga immutatud s\u00fc\u00fcten\u00f6\u00f6rist.<\/strong><\/p>\n<p>TASUTA VEDU!<\/p>\n<p>Eesti toode. K\u00fcsi pakkumist kogustele alates 50tk.<\/p>\n","protected":false},"featured_media":75078,"template":"","meta":{"_monsterinsights_skip_tracking":false,"_monsterinsights_sitenote_active":false,"_monsterinsights_sitenote_note":"","_monsterinsights_sitenote_category":0},"pwb-brand":[],"product_brand":[],"product_cat":[13538,13568,13530,13534,13542],"product_tag":[14153,14158,15144,15183,15184,13909,17313,13910,17314,14136],"class_list":{"0":"post-66170","1":"product","2":"type-product","3":"status-publish","4":"has-post-thumbnail","6":"product_cat-ale","7":"product_cat-grill-ja-tuli","8":"product_cat-aed-ja-kodu","9":"product_cat-jahindus","10":"product_cat-kute","11":"product_tag-loke","12":"product_tag-nuotio","13":"product_tag-matk","14":"product_tag-loodus","15":"product_tag-telkimine","16":"product_tag-kamping","17":"product_tag-pilkkikaveri","18":"product_tag-majutus","19":"product_tag-ulkotuli","20":"product_tag-pidu","21":"product_shipping_class-tasuta-transport-kuni-300kg","22":"pa_kaalkg-17306","23":"pa_kohaletoimetamine-eestis-tasuta-soome-kusi-hinda","24":"pa_laoasukoht-parnu-maakond","25":"pa_tellimisaeg-tilausaika-alekeskus","26":"pa_veame-eesti-ja-soome","28":"first","29":"instock","30":"featured","31":"taxable","32":"shipping-taxable","33":"purchasable","34":"product-type-simple"},"yoast_head":"<!-- This site is optimized with the Yoast SEO plugin v27.3 - https:\/\/yoast.com\/product\/yoast-seo-wordpress\/ -->\n<title>Matkal\u00f5ke kaasaskantav - Alekeskus<\/title>\n<meta name=\"description\" content=\"Mugav ja prahivaba kaasaskantav matkal\u00f5ke jahile v\u00f5i kalale\" \/>\n<meta name=\"robots\" content=\"index, follow, max-snippet:-1, max-image-preview:large, max-video-preview:-1\" \/>\n<link rel=\"canonical\" href=\"https:\/\/alekeskus.eu\/toode\/matkaloke-40cm-kaasaskantav\/\" \/>\n<meta property=\"og:locale\" content=\"et_EE\" \/>\n<meta property=\"og:type\" content=\"article\" \/>\n<meta property=\"og:title\" content=\"Matkal\u00f5ke kaasaskantav - Alekeskus\" \/>\n<meta property=\"og:description\" content=\"Mugav ja prahivaba kaasaskantav matkal\u00f5ke jahile v\u00f5i kalale\" \/>\n<meta property=\"og:url\" content=\"https:\/\/alekeskus.eu\/toode\/matkaloke-40cm-kaasaskantav\/\" \/>\n<meta property=\"og:site_name\" content=\"Alekeskus\" \/>\n<meta property=\"article:modified_time\" content=\"2023-12-11T11:41:02+00:00\" \/>\n<meta property=\"og:image\" content=\"https:\/\/alekeskus.eu\/wp-content\/uploads\/2021\/11\/Matkaloke-2022-valgel.png\" \/>\n\t<meta property=\"og:image:width\" content=\"1000\" \/>\n\t<meta property=\"og:image:height\" content=\"1043\" \/>\n\t<meta property=\"og:image:type\" content=\"image\/png\" \/>\n<meta name=\"twitter:card\" content=\"summary_large_image\" \/>\n<script type=\"application\/ld+json\" class=\"yoast-schema-graph\">{\"@context\":\"https:\\\/\\\/schema.org\",\"@graph\":[{\"@type\":\"WebPage\",\"@id\":\"https:\\\/\\\/alekeskus.eu\\\/toode\\\/matkaloke-40cm-kaasaskantav\\\/\",\"url\":\"https:\\\/\\\/alekeskus.eu\\\/toode\\\/matkaloke-40cm-kaasaskantav\\\/\",\"name\":\"Matkal\u00f5ke kaasaskantav - Alekeskus\",\"isPartOf\":{\"@id\":\"https:\\\/\\\/alekeskus.eu\\\/#website\"},\"primaryImageOfPage\":{\"@id\":\"https:\\\/\\\/alekeskus.eu\\\/toode\\\/matkaloke-40cm-kaasaskantav\\\/#primaryimage\"},\"image\":{\"@id\":\"https:\\\/\\\/alekeskus.eu\\\/toode\\\/matkaloke-40cm-kaasaskantav\\\/#primaryimage\"},\"thumbnailUrl\":\"https:\\\/\\\/alekeskus.eu\\\/wp-content\\\/uploads\\\/2021\\\/11\\\/Matkaloke-2022-valgel.png\",\"datePublished\":\"2022-11-11T22:31:00+00:00\",\"dateModified\":\"2023-12-11T11:41:02+00:00\",\"description\":\"Mugav ja prahivaba kaasaskantav matkal\u00f5ke jahile v\u00f5i kalale\",\"breadcrumb\":{\"@id\":\"https:\\\/\\\/alekeskus.eu\\\/toode\\\/matkaloke-40cm-kaasaskantav\\\/#breadcrumb\"},\"inLanguage\":\"et\",\"potentialAction\":[{\"@type\":\"ReadAction\",\"target\":[\"https:\\\/\\\/alekeskus.eu\\\/toode\\\/matkaloke-40cm-kaasaskantav\\\/\"]}]},{\"@type\":\"ImageObject\",\"inLanguage\":\"et\",\"@id\":\"https:\\\/\\\/alekeskus.eu\\\/toode\\\/matkaloke-40cm-kaasaskantav\\\/#primaryimage\",\"url\":\"https:\\\/\\\/alekeskus.eu\\\/wp-content\\\/uploads\\\/2021\\\/11\\\/Matkaloke-2022-valgel.png\",\"contentUrl\":\"https:\\\/\\\/alekeskus.eu\\\/wp-content\\\/uploads\\\/2021\\\/11\\\/Matkaloke-2022-valgel.png\",\"width\":1000,\"height\":1043},{\"@type\":\"BreadcrumbList\",\"@id\":\"https:\\\/\\\/alekeskus.eu\\\/toode\\\/matkaloke-40cm-kaasaskantav\\\/#breadcrumb\",\"itemListElement\":[{\"@type\":\"ListItem\",\"position\":1,\"name\":\"Avaleht\",\"item\":\"https:\\\/\\\/alekeskus.eu\\\/et\\\/\"},{\"@type\":\"ListItem\",\"position\":2,\"name\":\"Pood\",\"item\":\"https:\\\/\\\/alekeskus.eu\\\/pood\\\/\"},{\"@type\":\"ListItem\",\"position\":3,\"name\":\"Matkal\u00f5ke kaasaskantav\"}]},{\"@type\":\"WebSite\",\"@id\":\"https:\\\/\\\/alekeskus.eu\\\/#website\",\"url\":\"https:\\\/\\\/alekeskus.eu\\\/\",\"name\":\"Alekeskus\",\"description\":\"Alekeskus.eu\",\"potentialAction\":[{\"@type\":\"SearchAction\",\"target\":{\"@type\":\"EntryPoint\",\"urlTemplate\":\"https:\\\/\\\/alekeskus.eu\\\/?s={search_term_string}\"},\"query-input\":{\"@type\":\"PropertyValueSpecification\",\"valueRequired\":true,\"valueName\":\"search_term_string\"}}],\"inLanguage\":\"et\"}]}<\/script>\n<!-- \/ Yoast SEO plugin. -->","yoast_head_json":{"title":"Matkal\u00f5ke kaasaskantav - Alekeskus","description":"Mugav ja prahivaba kaasaskantav matkal\u00f5ke jahile v\u00f5i kalale","robots":{"index":"index","follow":"follow","max-snippet":"max-snippet:-1","max-image-preview":"max-image-preview:large","max-video-preview":"max-video-preview:-1"},"canonical":"https:\/\/alekeskus.eu\/toode\/matkaloke-40cm-kaasaskantav\/","og_locale":"et_EE","og_type":"article","og_title":"Matkal\u00f5ke kaasaskantav - Alekeskus","og_description":"Mugav ja prahivaba kaasaskantav matkal\u00f5ke jahile v\u00f5i kalale","og_url":"https:\/\/alekeskus.eu\/toode\/matkaloke-40cm-kaasaskantav\/","og_site_name":"Alekeskus","article_modified_time":"2023-12-11T11:41:02+00:00","og_image":[{"width":1000,"height":1043,"url":"https:\/\/alekeskus.eu\/wp-content\/uploads\/2021\/11\/Matkaloke-2022-valgel.png","type":"image\/png"}],"twitter_card":"summary_large_image","schema":{"@context":"https:\/\/schema.org","@graph":[{"@type":"WebPage","@id":"https:\/\/alekeskus.eu\/toode\/matkaloke-40cm-kaasaskantav\/","url":"https:\/\/alekeskus.eu\/toode\/matkaloke-40cm-kaasaskantav\/","name":"Matkal\u00f5ke kaasaskantav - Alekeskus","isPartOf":{"@id":"https:\/\/alekeskus.eu\/#website"},"primaryImageOfPage":{"@id":"https:\/\/alekeskus.eu\/toode\/matkaloke-40cm-kaasaskantav\/#primaryimage"},"image":{"@id":"https:\/\/alekeskus.eu\/toode\/matkaloke-40cm-kaasaskantav\/#primaryimage"},"thumbnailUrl":"https:\/\/alekeskus.eu\/wp-content\/uploads\/2021\/11\/Matkaloke-2022-valgel.png","datePublished":"2022-11-11T22:31:00+00:00","dateModified":"2023-12-11T11:41:02+00:00","description":"Mugav ja prahivaba kaasaskantav matkal\u00f5ke jahile v\u00f5i kalale","breadcrumb":{"@id":"https:\/\/alekeskus.eu\/toode\/matkaloke-40cm-kaasaskantav\/#breadcrumb"},"inLanguage":"et","potentialAction":[{"@type":"ReadAction","target":["https:\/\/alekeskus.eu\/toode\/matkaloke-40cm-kaasaskantav\/"]}]},{"@type":"ImageObject","inLanguage":"et","@id":"https:\/\/alekeskus.eu\/toode\/matkaloke-40cm-kaasaskantav\/#primaryimage","url":"https:\/\/alekeskus.eu\/wp-content\/uploads\/2021\/11\/Matkaloke-2022-valgel.png","contentUrl":"https:\/\/alekeskus.eu\/wp-content\/uploads\/2021\/11\/Matkaloke-2022-valgel.png","width":1000,"height":1043},{"@type":"BreadcrumbList","@id":"https:\/\/alekeskus.eu\/toode\/matkaloke-40cm-kaasaskantav\/#breadcrumb","itemListElement":[{"@type":"ListItem","position":1,"name":"Avaleht","item":"https:\/\/alekeskus.eu\/et\/"},{"@type":"ListItem","position":2,"name":"Pood","item":"https:\/\/alekeskus.eu\/pood\/"},{"@type":"ListItem","position":3,"name":"Matkal\u00f5ke kaasaskantav"}]},{"@type":"WebSite","@id":"https:\/\/alekeskus.eu\/#website","url":"https:\/\/alekeskus.eu\/","name":"Alekeskus","description":"Alekeskus.eu","potentialAction":[{"@type":"SearchAction","target":{"@type":"EntryPoint","urlTemplate":"https:\/\/alekeskus.eu\/?s={search_term_string}"},"query-input":{"@type":"PropertyValueSpecification","valueRequired":true,"valueName":"search_term_string"}}],"inLanguage":"et"}]}},"brands":[],"_links":{"self":[{"href":"https:\/\/alekeskus.eu\/et\/wp-json\/wp\/v2\/product\/66170","targetHints":{"allow":["GET"]}}],"collection":[{"href":"https:\/\/alekeskus.eu\/et\/wp-json\/wp\/v2\/product"}],"about":[{"href":"https:\/\/alekeskus.eu\/et\/wp-json\/wp\/v2\/types\/product"}],"wp:featuredmedia":[{"embeddable":true,"href":"https:\/\/alekeskus.eu\/et\/wp-json\/wp\/v2\/media\/75078"}],"wp:attachment":[{"href":"https:\/\/alekeskus.eu\/et\/wp-json\/wp\/v2\/media?parent=66170"}],"wp:term":[{"taxonomy":"pwb-brand","embeddable":true,"href":"https:\/\/alekeskus.eu\/et\/wp-json\/wp\/v2\/pwb-brand?post=66170"},{"taxonomy":"product_brand","embeddable":true,"href":"https:\/\/alekeskus.eu\/et\/wp-json\/wp\/v2\/product_brand?post=66170"},{"taxonomy":"product_cat","embeddable":true,"href":"https:\/\/alekeskus.eu\/et\/wp-json\/wp\/v2\/product_cat?post=66170"},{"taxonomy":"product_tag","embeddable":true,"href":"https:\/\/alekeskus.eu\/et\/wp-json\/wp\/v2\/product_tag?post=66170"}],"curies":[{"name":"wp","href":"https:\/\/api.w.org\/{rel}","templated":true}]}}