{"id":66196,"date":"2022-11-11T22:31:08","date_gmt":"2022-11-11T22:31:08","guid":{"rendered":"http:\/\/alekeskus.eu\/product\/aiatuli-kasekuunal\/"},"modified":"2023-11-28T08:18:15","modified_gmt":"2023-11-28T08:18:15","slug":"aiatuli-kasekuunal-alekeskus","status":"publish","type":"product","link":"https:\/\/alekeskus.eu\/et\/toode\/aiatuli-kasekuunal-alekeskus\/","title":{"rendered":"Aiatuli Kasek\u00fc\u00fcnal"},"content":{"rendered":"","protected":false},"excerpt":{"rendered":"<p>Aias v\u00f5i looduses \u00f5dusat valgust eraldav tulepakk p\u00f5leva k\u00fc\u00fcnlaga.<\/p>\n<p><strong>P\u00f5lemisaeg 3,5 tundi!<\/strong> Lihtne s\u00fc\u00fctamine! K\u00fc\u00fcnlaleek s\u00fc\u00fctab kasest paku.<\/p>\n<p>L\u00e4bim\u00f5\u00f5t 12-15 cm, k\u00f5rgus 30 cm.<\/p>\n<p><span style=\"text-decoration: underline;\">M\u00fc\u00fcakse kasti(12tk) kaupa. Kohaletoimetamine kulleriga 12\u20ac.<\/span><\/p>\n<p>Eesti toode.<\/p>\n<p>Tellimusele alates 96 tk ALE -20%.<\/p>\n","protected":false},"featured_media":66190,"template":"","meta":{"_monsterinsights_skip_tracking":false,"_monsterinsights_sitenote_active":false,"_monsterinsights_sitenote_note":"","_monsterinsights_sitenote_category":0},"pwb-brand":[],"product_brand":[],"product_cat":[13568,13530,13534],"product_tag":[18296,14153,18304,14256,15129,15144,13799,18295,14136],"class_list":{"0":"post-66196","1":"product","2":"type-product","3":"status-publish","4":"has-post-thumbnail","6":"product_cat-grill-ja-tuli","7":"product_cat-aed-ja-kodu","8":"product_cat-jahindus","9":"product_tag-lapikuunal","10":"product_tag-loke","11":"product_tag-lapi-kuunal","12":"product_tag-aed","13":"product_tag-valgus","14":"product_tag-matk","15":"product_tag-kuunal","16":"product_tag-kasekuunal","17":"product_tag-pidu","18":"product_shipping_class-pakiautomaat","19":"pa_kaalkg-15191","20":"pa_kohaletoimetamine-kulleriga-12e","21":"pa_laoasukoht-saadaval-paslepa-laos-5015483-alekeskus","22":"pa_tellimisaeg-tilausaika-alekeskus","23":"pa_veame-eesti-ja-soome","25":"first","26":"instock","27":"featured","28":"taxable","29":"shipping-taxable","30":"purchasable","31":"product-type-simple"},"yoast_head":"<!-- This site is optimized with the Yoast SEO plugin v27.3 - https:\/\/yoast.com\/product\/yoast-seo-wordpress\/ -->\n<title>Aiatuli Kasek\u00fc\u00fcnal - Alekeskus<\/title>\n<meta name=\"description\" content=\"Aiatuli kasepaku sees oleva k\u00fc\u00fcnlaga\" \/>\n<meta name=\"robots\" content=\"index, follow, max-snippet:-1, max-image-preview:large, max-video-preview:-1\" \/>\n<link rel=\"canonical\" href=\"https:\/\/alekeskus.eu\/toode\/aiatuli-kasekuunal-alekeskus\/\" \/>\n<meta property=\"og:locale\" content=\"et_EE\" \/>\n<meta property=\"og:type\" content=\"article\" \/>\n<meta property=\"og:title\" content=\"Aiatuli Kasek\u00fc\u00fcnal - Alekeskus\" \/>\n<meta property=\"og:description\" content=\"Aiatuli kasepaku sees oleva k\u00fc\u00fcnlaga\" \/>\n<meta property=\"og:url\" content=\"https:\/\/alekeskus.eu\/toode\/aiatuli-kasekuunal-alekeskus\/\" \/>\n<meta property=\"og:site_name\" content=\"Alekeskus\" \/>\n<meta property=\"article:modified_time\" content=\"2023-11-28T08:18:15+00:00\" \/>\n<meta property=\"og:image\" content=\"https:\/\/alekeskus.eu\/wp-content\/uploads\/2021\/11\/937aiatuli-kasek-nal-0.jpg\" \/>\n\t<meta property=\"og:image:width\" content=\"2000\" \/>\n\t<meta property=\"og:image:height\" content=\"2000\" \/>\n\t<meta property=\"og:image:type\" content=\"image\/jpeg\" \/>\n<meta name=\"twitter:card\" content=\"summary_large_image\" \/>\n<script type=\"application\/ld+json\" class=\"yoast-schema-graph\">{\"@context\":\"https:\\\/\\\/schema.org\",\"@graph\":[{\"@type\":\"WebPage\",\"@id\":\"https:\\\/\\\/alekeskus.eu\\\/toode\\\/aiatuli-kasekuunal-alekeskus\\\/\",\"url\":\"https:\\\/\\\/alekeskus.eu\\\/toode\\\/aiatuli-kasekuunal-alekeskus\\\/\",\"name\":\"Aiatuli Kasek\u00fc\u00fcnal - Alekeskus\",\"isPartOf\":{\"@id\":\"https:\\\/\\\/alekeskus.eu\\\/#website\"},\"primaryImageOfPage\":{\"@id\":\"https:\\\/\\\/alekeskus.eu\\\/toode\\\/aiatuli-kasekuunal-alekeskus\\\/#primaryimage\"},\"image\":{\"@id\":\"https:\\\/\\\/alekeskus.eu\\\/toode\\\/aiatuli-kasekuunal-alekeskus\\\/#primaryimage\"},\"thumbnailUrl\":\"https:\\\/\\\/alekeskus.eu\\\/wp-content\\\/uploads\\\/2021\\\/11\\\/937aiatuli-kasek-nal-0.jpg\",\"datePublished\":\"2022-11-11T22:31:08+00:00\",\"dateModified\":\"2023-11-28T08:18:15+00:00\",\"description\":\"Aiatuli kasepaku sees oleva k\u00fc\u00fcnlaga\",\"breadcrumb\":{\"@id\":\"https:\\\/\\\/alekeskus.eu\\\/toode\\\/aiatuli-kasekuunal-alekeskus\\\/#breadcrumb\"},\"inLanguage\":\"et\",\"potentialAction\":[{\"@type\":\"ReadAction\",\"target\":[\"https:\\\/\\\/alekeskus.eu\\\/toode\\\/aiatuli-kasekuunal-alekeskus\\\/\"]}]},{\"@type\":\"ImageObject\",\"inLanguage\":\"et\",\"@id\":\"https:\\\/\\\/alekeskus.eu\\\/toode\\\/aiatuli-kasekuunal-alekeskus\\\/#primaryimage\",\"url\":\"https:\\\/\\\/alekeskus.eu\\\/wp-content\\\/uploads\\\/2021\\\/11\\\/937aiatuli-kasek-nal-0.jpg\",\"contentUrl\":\"https:\\\/\\\/alekeskus.eu\\\/wp-content\\\/uploads\\\/2021\\\/11\\\/937aiatuli-kasek-nal-0.jpg\",\"width\":1600,\"height\":1600},{\"@type\":\"BreadcrumbList\",\"@id\":\"https:\\\/\\\/alekeskus.eu\\\/toode\\\/aiatuli-kasekuunal-alekeskus\\\/#breadcrumb\",\"itemListElement\":[{\"@type\":\"ListItem\",\"position\":1,\"name\":\"Avaleht\",\"item\":\"https:\\\/\\\/alekeskus.eu\\\/et\\\/\"},{\"@type\":\"ListItem\",\"position\":2,\"name\":\"Pood\",\"item\":\"https:\\\/\\\/alekeskus.eu\\\/pood\\\/\"},{\"@type\":\"ListItem\",\"position\":3,\"name\":\"Aiatuli Kasek\u00fc\u00fcnal\"}]},{\"@type\":\"WebSite\",\"@id\":\"https:\\\/\\\/alekeskus.eu\\\/#website\",\"url\":\"https:\\\/\\\/alekeskus.eu\\\/\",\"name\":\"Alekeskus\",\"description\":\"Alekeskus.eu\",\"potentialAction\":[{\"@type\":\"SearchAction\",\"target\":{\"@type\":\"EntryPoint\",\"urlTemplate\":\"https:\\\/\\\/alekeskus.eu\\\/?s={search_term_string}\"},\"query-input\":{\"@type\":\"PropertyValueSpecification\",\"valueRequired\":true,\"valueName\":\"search_term_string\"}}],\"inLanguage\":\"et\"}]}<\/script>\n<!-- \/ Yoast SEO plugin. -->","yoast_head_json":{"title":"Aiatuli Kasek\u00fc\u00fcnal - Alekeskus","description":"Aiatuli kasepaku sees oleva k\u00fc\u00fcnlaga","robots":{"index":"index","follow":"follow","max-snippet":"max-snippet:-1","max-image-preview":"max-image-preview:large","max-video-preview":"max-video-preview:-1"},"canonical":"https:\/\/alekeskus.eu\/toode\/aiatuli-kasekuunal-alekeskus\/","og_locale":"et_EE","og_type":"article","og_title":"Aiatuli Kasek\u00fc\u00fcnal - Alekeskus","og_description":"Aiatuli kasepaku sees oleva k\u00fc\u00fcnlaga","og_url":"https:\/\/alekeskus.eu\/toode\/aiatuli-kasekuunal-alekeskus\/","og_site_name":"Alekeskus","article_modified_time":"2023-11-28T08:18:15+00:00","og_image":[{"width":2000,"height":2000,"url":"https:\/\/alekeskus.eu\/wp-content\/uploads\/2021\/11\/937aiatuli-kasek-nal-0.jpg","type":"image\/jpeg"}],"twitter_card":"summary_large_image","schema":{"@context":"https:\/\/schema.org","@graph":[{"@type":"WebPage","@id":"https:\/\/alekeskus.eu\/toode\/aiatuli-kasekuunal-alekeskus\/","url":"https:\/\/alekeskus.eu\/toode\/aiatuli-kasekuunal-alekeskus\/","name":"Aiatuli Kasek\u00fc\u00fcnal - Alekeskus","isPartOf":{"@id":"https:\/\/alekeskus.eu\/#website"},"primaryImageOfPage":{"@id":"https:\/\/alekeskus.eu\/toode\/aiatuli-kasekuunal-alekeskus\/#primaryimage"},"image":{"@id":"https:\/\/alekeskus.eu\/toode\/aiatuli-kasekuunal-alekeskus\/#primaryimage"},"thumbnailUrl":"https:\/\/alekeskus.eu\/wp-content\/uploads\/2021\/11\/937aiatuli-kasek-nal-0.jpg","datePublished":"2022-11-11T22:31:08+00:00","dateModified":"2023-11-28T08:18:15+00:00","description":"Aiatuli kasepaku sees oleva k\u00fc\u00fcnlaga","breadcrumb":{"@id":"https:\/\/alekeskus.eu\/toode\/aiatuli-kasekuunal-alekeskus\/#breadcrumb"},"inLanguage":"et","potentialAction":[{"@type":"ReadAction","target":["https:\/\/alekeskus.eu\/toode\/aiatuli-kasekuunal-alekeskus\/"]}]},{"@type":"ImageObject","inLanguage":"et","@id":"https:\/\/alekeskus.eu\/toode\/aiatuli-kasekuunal-alekeskus\/#primaryimage","url":"https:\/\/alekeskus.eu\/wp-content\/uploads\/2021\/11\/937aiatuli-kasek-nal-0.jpg","contentUrl":"https:\/\/alekeskus.eu\/wp-content\/uploads\/2021\/11\/937aiatuli-kasek-nal-0.jpg","width":1600,"height":1600},{"@type":"BreadcrumbList","@id":"https:\/\/alekeskus.eu\/toode\/aiatuli-kasekuunal-alekeskus\/#breadcrumb","itemListElement":[{"@type":"ListItem","position":1,"name":"Avaleht","item":"https:\/\/alekeskus.eu\/et\/"},{"@type":"ListItem","position":2,"name":"Pood","item":"https:\/\/alekeskus.eu\/pood\/"},{"@type":"ListItem","position":3,"name":"Aiatuli Kasek\u00fc\u00fcnal"}]},{"@type":"WebSite","@id":"https:\/\/alekeskus.eu\/#website","url":"https:\/\/alekeskus.eu\/","name":"Alekeskus","description":"Alekeskus.eu","potentialAction":[{"@type":"SearchAction","target":{"@type":"EntryPoint","urlTemplate":"https:\/\/alekeskus.eu\/?s={search_term_string}"},"query-input":{"@type":"PropertyValueSpecification","valueRequired":true,"valueName":"search_term_string"}}],"inLanguage":"et"}]}},"brands":[],"_links":{"self":[{"href":"https:\/\/alekeskus.eu\/et\/wp-json\/wp\/v2\/product\/66196","targetHints":{"allow":["GET"]}}],"collection":[{"href":"https:\/\/alekeskus.eu\/et\/wp-json\/wp\/v2\/product"}],"about":[{"href":"https:\/\/alekeskus.eu\/et\/wp-json\/wp\/v2\/types\/product"}],"wp:featuredmedia":[{"embeddable":true,"href":"https:\/\/alekeskus.eu\/et\/wp-json\/wp\/v2\/media\/66190"}],"wp:attachment":[{"href":"https:\/\/alekeskus.eu\/et\/wp-json\/wp\/v2\/media?parent=66196"}],"wp:term":[{"taxonomy":"pwb-brand","embeddable":true,"href":"https:\/\/alekeskus.eu\/et\/wp-json\/wp\/v2\/pwb-brand?post=66196"},{"taxonomy":"product_brand","embeddable":true,"href":"https:\/\/alekeskus.eu\/et\/wp-json\/wp\/v2\/product_brand?post=66196"},{"taxonomy":"product_cat","embeddable":true,"href":"https:\/\/alekeskus.eu\/et\/wp-json\/wp\/v2\/product_cat?post=66196"},{"taxonomy":"product_tag","embeddable":true,"href":"https:\/\/alekeskus.eu\/et\/wp-json\/wp\/v2\/product_tag?post=66196"}],"curies":[{"name":"wp","href":"https:\/\/api.w.org\/{rel}","templated":true}]}}