{"id":66276,"date":"2022-11-11T22:31:32","date_gmt":"2022-11-11T22:31:32","guid":{"rendered":"http:\/\/alekeskus.eu\/product\/aiamaja-vivian-38m%c2%b2\/"},"modified":"2025-04-29T17:09:30","modified_gmt":"2025-04-29T17:09:30","slug":"aiakuur-vivian-38m-alekeskus","status":"publish","type":"product","link":"https:\/\/alekeskus.eu\/et\/toode\/aiakuur-vivian-38m-alekeskus\/","title":{"rendered":"Aiakuur Vivian 3,8 m\u00b2"},"content":{"rendered":"<div class=\"&quot;pictogram\">\n<div class=\"pictogram qtip-additional-element\">\n<div class=\"image\">\n<p><strong>Lisahinnaga:<\/strong><\/p>\n<ul>\n<li><strong>3 pakki bituumensindlit\u00a0<\/strong><\/li>\n<li><strong>1 rull SBS-bituumenkatusekatet<\/strong><\/li>\n<li><strong>puitosa kastmine puidukaitseainesse:\u00a0<strong> pruun<strong>, hall, valkjas v\u00f5i v\u00e4ljast v\u00e4rvituna<\/strong><\/strong><\/strong><\/li>\n<\/ul>\n<\/div>\n<\/div>\n<div class=\"pictogram qtip-additional-element\">\n<div class=\"description\">Pakend: 2,6&#215;1,2&#215;0,5 m ; kaal 420 kg<\/div>\n<\/div>\n<div class=\"clearfix\"><\/div>\n<div class=\"pictogram qtip-additional-element\"><\/div>\n<\/div>\n<div class=\"&quot;pictogram\"><\/div>\n","protected":false},"excerpt":{"rendered":"<p>V\u00e4lism\u00f5\u00f5dud:<strong> 2,0 x 2,0 m.\u00a0<\/strong><\/p>\n<p><strong>TASUTA VEDU EESTIS (ka suursaared)!<\/strong><\/p>\n<ul>\n<li>tuuletapiga freespalksein <strong>28 mm<\/strong>, tormikinnitused<\/li>\n<li>seina k\u00f5rgus 194 cm, harja k\u00f5rgus 229 cm<\/li>\n<li>puidukaitsega t\u00f6\u00f6deldud p\u00f5randatalad, punnsoonega p\u00f5randa- ja katuselaudis 19 mm<\/li>\n<li>katuse pindala 6,2 m\u00b2 ja kalle 16,3\u00ba<\/li>\n<li>silinderlukuga ja klaasiga uks(ava 73 x 175 cm), liimpuidust ukseleng, madal metalliga kaetud l\u00e4vepakk<\/li>\n<li>katusekate lisahinnaga(tarve 1 rull SBS-bituumenkatet v\u00f5i 3 pakki bituumensindlit)<\/li>\n<li>tellitav puidukaitsevahendisse kastetuna +250\u20ac (pruun, hall v\u00f5i valkjas)<strong><img decoding=\"async\" class=\"\" src=\"https:\/\/www.palmako.ee\/sites\/default\/files\/styles\/product_list_item\/public\/2020-06\/BNDIP.jpg?itok=_LQkkeHM\" width=\"66\" height=\"66\" \/><img decoding=\"async\" class=\"\" src=\"https:\/\/www.palmako.ee\/sites\/default\/files\/styles\/product_list_item\/public\/2020-06\/GYDIP.jpg?itok=RrYf7KTV\" width=\"66\" height=\"66\" \/><img decoding=\"async\" class=\"\" src=\"https:\/\/www.palmako.ee\/sites\/default\/files\/styles\/product_list_item\/public\/2020-06\/WTDIP.jpg?itok=D9U46coI\" width=\"67\" height=\"67\" \/> <\/strong>v\u00f5i v\u00e4ljast v\u00e4rvituna(4 v\u00e4rvilahendust) +500\u20ac, tellimisaeg 2-4 n\u00e4dalat pikem<\/li>\n<li>kinnitusvahendid ja koostejuhend<\/li>\n<li>Eesti toode<\/li>\n<li>ilmastikukindel pakend<\/li>\n<\/ul>\n<p>K\u00fcsi ka paigaldust!<\/p>\n","protected":false},"featured_media":92305,"template":"","meta":{"_monsterinsights_skip_tracking":false,"_monsterinsights_sitenote_active":false,"_monsterinsights_sitenote_note":"","_monsterinsights_sitenote_category":0},"pwb-brand":[18577],"product_brand":[],"product_cat":[13592,13540,13600],"product_tag":[17936,13899,13938,14264,14265,15207,13813,17443],"class_list":{"0":"post-66276","1":"product","2":"type-product","3":"status-publish","4":"has-post-thumbnail","6":"pwb-brand-eesti","7":"product_cat-aia-ja-grillmajad","8":"product_cat-hooned-alekeskus","9":"product_cat-kuurid-aidad-kioskid","10":"product_tag-pihavarasto","11":"product_tag-garden-house","12":"product_tag-mangumaja","13":"product_tag-aiakuur","14":"product_tag-pihavaja","15":"product_tag-vivian","16":"product_tag-aiamaja","17":"product_tag-tyokaluvaja","18":"product_shipping_class-tasuta-transport-kuni-300kg","19":"pa_garantii-5-aastat","20":"pa_kohaletoimetamine-tasuta-ule-eesti-soome-alates-160e-alekeskus","21":"pa_laoasukoht-tartumaa","22":"pa_pindalam-14111","23":"pa_seinapaksus-28-mm","24":"pa_tellimisaeg-tilausaika-alekeskus","25":"pa_varv-viimistlemata","26":"pa_varv-pruunikas-puidukaitse","27":"pa_varv-hallikas-puidukaitse","28":"pa_varv-valkjas-puidukaitse","29":"pa_veame-eesti-ja-soome","31":"first","32":"instock","33":"taxable","34":"shipping-taxable","35":"purchasable","36":"product-type-variable","37":"has-default-attributes"},"yoast_head":"<!-- This site is optimized with the Yoast SEO plugin v27.3 - https:\/\/yoast.com\/product\/yoast-seo-wordpress\/ -->\n<title>Aiakuur Vivian 3,8 m\u00b2 - Alekeskus<\/title>\n<meta name=\"description\" content=\"freespalgist aiamaja Vivian\" \/>\n<meta name=\"robots\" content=\"index, follow, max-snippet:-1, max-image-preview:large, max-video-preview:-1\" \/>\n<link rel=\"canonical\" href=\"https:\/\/alekeskus.eu\/toode\/aiakuur-vivian-38m-alekeskus\/\" \/>\n<meta property=\"og:locale\" content=\"et_EE\" \/>\n<meta property=\"og:type\" content=\"article\" \/>\n<meta property=\"og:title\" content=\"Aiakuur Vivian 3,8 m\u00b2 - Alekeskus\" \/>\n<meta property=\"og:description\" content=\"freespalgist aiamaja Vivian\" \/>\n<meta property=\"og:url\" content=\"https:\/\/alekeskus.eu\/toode\/aiakuur-vivian-38m-alekeskus\/\" \/>\n<meta property=\"og:site_name\" content=\"Alekeskus\" \/>\n<meta property=\"article:modified_time\" content=\"2025-04-29T17:09:30+00:00\" \/>\n<meta property=\"og:image\" content=\"https:\/\/alekeskus.eu\/wp-content\/uploads\/2021\/11\/Vivian_3.8_m2_NATURAL_wb2025.jpg\" \/>\n\t<meta property=\"og:image:width\" content=\"2500\" \/>\n\t<meta property=\"og:image:height\" content=\"1875\" \/>\n\t<meta property=\"og:image:type\" content=\"image\/jpeg\" \/>\n<meta name=\"twitter:card\" content=\"summary_large_image\" \/>\n<meta name=\"twitter:label1\" content=\"Est. reading time\" \/>\n\t<meta name=\"twitter:data1\" content=\"1 minut\" \/>\n<script type=\"application\/ld+json\" class=\"yoast-schema-graph\">{\"@context\":\"https:\\\/\\\/schema.org\",\"@graph\":[{\"@type\":\"WebPage\",\"@id\":\"https:\\\/\\\/alekeskus.eu\\\/toode\\\/aiakuur-vivian-38m-alekeskus\\\/\",\"url\":\"https:\\\/\\\/alekeskus.eu\\\/toode\\\/aiakuur-vivian-38m-alekeskus\\\/\",\"name\":\"Aiakuur Vivian 3,8 m\u00b2 - Alekeskus\",\"isPartOf\":{\"@id\":\"https:\\\/\\\/alekeskus.eu\\\/#website\"},\"primaryImageOfPage\":{\"@id\":\"https:\\\/\\\/alekeskus.eu\\\/toode\\\/aiakuur-vivian-38m-alekeskus\\\/#primaryimage\"},\"image\":{\"@id\":\"https:\\\/\\\/alekeskus.eu\\\/toode\\\/aiakuur-vivian-38m-alekeskus\\\/#primaryimage\"},\"thumbnailUrl\":\"https:\\\/\\\/alekeskus.eu\\\/wp-content\\\/uploads\\\/2021\\\/11\\\/Vivian_3.8_m2_NATURAL_wb2025.jpg\",\"datePublished\":\"2022-11-11T22:31:32+00:00\",\"dateModified\":\"2025-04-29T17:09:30+00:00\",\"description\":\"freespalgist aiamaja Vivian\",\"breadcrumb\":{\"@id\":\"https:\\\/\\\/alekeskus.eu\\\/toode\\\/aiakuur-vivian-38m-alekeskus\\\/#breadcrumb\"},\"inLanguage\":\"et\",\"potentialAction\":[{\"@type\":\"ReadAction\",\"target\":[\"https:\\\/\\\/alekeskus.eu\\\/toode\\\/aiakuur-vivian-38m-alekeskus\\\/\"]}]},{\"@type\":\"ImageObject\",\"inLanguage\":\"et\",\"@id\":\"https:\\\/\\\/alekeskus.eu\\\/toode\\\/aiakuur-vivian-38m-alekeskus\\\/#primaryimage\",\"url\":\"https:\\\/\\\/alekeskus.eu\\\/wp-content\\\/uploads\\\/2021\\\/11\\\/Vivian_3.8_m2_NATURAL_wb2025.jpg\",\"contentUrl\":\"https:\\\/\\\/alekeskus.eu\\\/wp-content\\\/uploads\\\/2021\\\/11\\\/Vivian_3.8_m2_NATURAL_wb2025.jpg\",\"width\":1600,\"height\":1200},{\"@type\":\"BreadcrumbList\",\"@id\":\"https:\\\/\\\/alekeskus.eu\\\/toode\\\/aiakuur-vivian-38m-alekeskus\\\/#breadcrumb\",\"itemListElement\":[{\"@type\":\"ListItem\",\"position\":1,\"name\":\"Avaleht\",\"item\":\"https:\\\/\\\/alekeskus.eu\\\/et\\\/\"},{\"@type\":\"ListItem\",\"position\":2,\"name\":\"Pood\",\"item\":\"https:\\\/\\\/alekeskus.eu\\\/pood\\\/\"},{\"@type\":\"ListItem\",\"position\":3,\"name\":\"Aiakuur Vivian 3,8 m\u00b2\"}]},{\"@type\":\"WebSite\",\"@id\":\"https:\\\/\\\/alekeskus.eu\\\/#website\",\"url\":\"https:\\\/\\\/alekeskus.eu\\\/\",\"name\":\"Alekeskus\",\"description\":\"Alekeskus.eu\",\"potentialAction\":[{\"@type\":\"SearchAction\",\"target\":{\"@type\":\"EntryPoint\",\"urlTemplate\":\"https:\\\/\\\/alekeskus.eu\\\/?s={search_term_string}\"},\"query-input\":{\"@type\":\"PropertyValueSpecification\",\"valueRequired\":true,\"valueName\":\"search_term_string\"}}],\"inLanguage\":\"et\"}]}<\/script>\n<!-- \/ Yoast SEO plugin. -->","yoast_head_json":{"title":"Aiakuur Vivian 3,8 m\u00b2 - Alekeskus","description":"freespalgist aiamaja Vivian","robots":{"index":"index","follow":"follow","max-snippet":"max-snippet:-1","max-image-preview":"max-image-preview:large","max-video-preview":"max-video-preview:-1"},"canonical":"https:\/\/alekeskus.eu\/toode\/aiakuur-vivian-38m-alekeskus\/","og_locale":"et_EE","og_type":"article","og_title":"Aiakuur Vivian 3,8 m\u00b2 - Alekeskus","og_description":"freespalgist aiamaja Vivian","og_url":"https:\/\/alekeskus.eu\/toode\/aiakuur-vivian-38m-alekeskus\/","og_site_name":"Alekeskus","article_modified_time":"2025-04-29T17:09:30+00:00","og_image":[{"width":2500,"height":1875,"url":"https:\/\/alekeskus.eu\/wp-content\/uploads\/2021\/11\/Vivian_3.8_m2_NATURAL_wb2025.jpg","type":"image\/jpeg"}],"twitter_card":"summary_large_image","twitter_misc":{"Est. reading time":"1 minut"},"schema":{"@context":"https:\/\/schema.org","@graph":[{"@type":"WebPage","@id":"https:\/\/alekeskus.eu\/toode\/aiakuur-vivian-38m-alekeskus\/","url":"https:\/\/alekeskus.eu\/toode\/aiakuur-vivian-38m-alekeskus\/","name":"Aiakuur Vivian 3,8 m\u00b2 - Alekeskus","isPartOf":{"@id":"https:\/\/alekeskus.eu\/#website"},"primaryImageOfPage":{"@id":"https:\/\/alekeskus.eu\/toode\/aiakuur-vivian-38m-alekeskus\/#primaryimage"},"image":{"@id":"https:\/\/alekeskus.eu\/toode\/aiakuur-vivian-38m-alekeskus\/#primaryimage"},"thumbnailUrl":"https:\/\/alekeskus.eu\/wp-content\/uploads\/2021\/11\/Vivian_3.8_m2_NATURAL_wb2025.jpg","datePublished":"2022-11-11T22:31:32+00:00","dateModified":"2025-04-29T17:09:30+00:00","description":"freespalgist aiamaja Vivian","breadcrumb":{"@id":"https:\/\/alekeskus.eu\/toode\/aiakuur-vivian-38m-alekeskus\/#breadcrumb"},"inLanguage":"et","potentialAction":[{"@type":"ReadAction","target":["https:\/\/alekeskus.eu\/toode\/aiakuur-vivian-38m-alekeskus\/"]}]},{"@type":"ImageObject","inLanguage":"et","@id":"https:\/\/alekeskus.eu\/toode\/aiakuur-vivian-38m-alekeskus\/#primaryimage","url":"https:\/\/alekeskus.eu\/wp-content\/uploads\/2021\/11\/Vivian_3.8_m2_NATURAL_wb2025.jpg","contentUrl":"https:\/\/alekeskus.eu\/wp-content\/uploads\/2021\/11\/Vivian_3.8_m2_NATURAL_wb2025.jpg","width":1600,"height":1200},{"@type":"BreadcrumbList","@id":"https:\/\/alekeskus.eu\/toode\/aiakuur-vivian-38m-alekeskus\/#breadcrumb","itemListElement":[{"@type":"ListItem","position":1,"name":"Avaleht","item":"https:\/\/alekeskus.eu\/et\/"},{"@type":"ListItem","position":2,"name":"Pood","item":"https:\/\/alekeskus.eu\/pood\/"},{"@type":"ListItem","position":3,"name":"Aiakuur Vivian 3,8 m\u00b2"}]},{"@type":"WebSite","@id":"https:\/\/alekeskus.eu\/#website","url":"https:\/\/alekeskus.eu\/","name":"Alekeskus","description":"Alekeskus.eu","potentialAction":[{"@type":"SearchAction","target":{"@type":"EntryPoint","urlTemplate":"https:\/\/alekeskus.eu\/?s={search_term_string}"},"query-input":{"@type":"PropertyValueSpecification","valueRequired":true,"valueName":"search_term_string"}}],"inLanguage":"et"}]}},"brands":[{"id":18577,"name":"Eesti","slug":"eesti"}],"_links":{"self":[{"href":"https:\/\/alekeskus.eu\/et\/wp-json\/wp\/v2\/product\/66276","targetHints":{"allow":["GET"]}}],"collection":[{"href":"https:\/\/alekeskus.eu\/et\/wp-json\/wp\/v2\/product"}],"about":[{"href":"https:\/\/alekeskus.eu\/et\/wp-json\/wp\/v2\/types\/product"}],"wp:featuredmedia":[{"embeddable":true,"href":"https:\/\/alekeskus.eu\/et\/wp-json\/wp\/v2\/media\/92305"}],"wp:attachment":[{"href":"https:\/\/alekeskus.eu\/et\/wp-json\/wp\/v2\/media?parent=66276"}],"wp:term":[{"taxonomy":"pwb-brand","embeddable":true,"href":"https:\/\/alekeskus.eu\/et\/wp-json\/wp\/v2\/pwb-brand?post=66276"},{"taxonomy":"product_brand","embeddable":true,"href":"https:\/\/alekeskus.eu\/et\/wp-json\/wp\/v2\/product_brand?post=66276"},{"taxonomy":"product_cat","embeddable":true,"href":"https:\/\/alekeskus.eu\/et\/wp-json\/wp\/v2\/product_cat?post=66276"},{"taxonomy":"product_tag","embeddable":true,"href":"https:\/\/alekeskus.eu\/et\/wp-json\/wp\/v2\/product_tag?post=66276"}],"curies":[{"name":"wp","href":"https:\/\/api.w.org\/{rel}","templated":true}]}}