{"id":66302,"date":"2023-11-11T22:31:42","date_gmt":"2023-11-11T22:31:42","guid":{"rendered":"http:\/\/alekeskus.eu\/product\/aiamaja-vivian-69m%c2%b2\/"},"modified":"2024-11-29T15:57:42","modified_gmt":"2024-11-29T15:57:42","slug":"aiamaja-vivian-69m-alekeskus","status":"publish","type":"product","link":"https:\/\/alekeskus.eu\/et\/toode\/aiamaja-vivian-69m-alekeskus\/","title":{"rendered":"Aiamaja Vivian 6,9 m\u00b2"},"content":{"rendered":"<div class=\"pictogram qtip-additional-element\">\n<div class=\"image\">\n<p><strong>Telli juurde:<\/strong><\/p>\n<ul>\n<li><strong>5 pk bituumensindlit\u00a0<\/strong><\/li>\n<li><strong>2 rulli SBS rullkatusekatet<\/strong><\/li>\n<li><strong>puitosa kastmine puidukaitseainesse:\u00a0<strong> pruun, <strong>hall , valkjas\u00a0<\/strong><\/strong><\/strong><\/li>\n<\/ul>\n<\/div>\n<\/div>\n<div class=\"pictogram qtip-additional-element\">\n<div class=\"image\">Pakend: 3,2&#215;1,2&#215;0,7 m , kaal 700 kg<\/div>\n<\/div>\n<div class=\"clearfix\"><\/div>\n<div class=\"pictogram qtip-additional-element\"><\/div>\n","protected":false},"excerpt":{"rendered":"<p>V\u00e4lism\u00f5\u00f5dud:<strong> 3,0 x 2,4 m.\u00a0<\/strong><\/p>\n<p><strong>TASUTA VEDU EESTIS (ka suursaared)!<\/strong><\/p>\n<ul>\n<li>tuuletapiga freespalksein\u00a0<strong>28 mm<\/strong>, tormikinnitused<\/li>\n<li>seina k\u00f5rgus 194 cm, harja k\u00f5rgus 251 cm<\/li>\n<li>puidukaitsega t\u00f6\u00f6deldud p\u00f5randatalad, punnsoonega p\u00f5randa- ja katuselaudis 19 mm<\/li>\n<li>katuse pindala 11 m\u00b2 ja kalle 19\u00ba, r\u00e4\u00e4stas ees 42 cm<\/li>\n<li>klaasiga paarisuks(ava 151 x 175 cm), liimpuidust ukseleng, madal metalliga kaetud l\u00e4vepakk, silinderlukk<\/li>\n<li>katusekate ei sisaldu hinnas( tarve 5 pakki sindlit v\u00f5i 2 rullkatet)<\/li>\n<li>tellitav puitosa kastmine puidukaitseainesse: pruun, hall v\u00f5i valkjas<\/li>\n<li>kinnitusvahendid ja koostejuhend<\/li>\n<li>tehase garantii 5 aastat<\/li>\n<li>Eesti toode<\/li>\n<\/ul>\n<p>K\u00fcsi ka paigaldust!<\/p>\n","protected":false},"featured_media":77922,"template":"","meta":{"_monsterinsights_skip_tracking":false,"_monsterinsights_sitenote_active":false,"_monsterinsights_sitenote_note":"","_monsterinsights_sitenote_category":0},"pwb-brand":[],"product_brand":[],"product_cat":[13592,13540,13600],"product_tag":[14265,15207,13813,13913,14264],"class_list":{"0":"post-66302","1":"product","2":"type-product","3":"status-publish","4":"has-post-thumbnail","6":"product_cat-aia-ja-grillmajad","7":"product_cat-hooned-alekeskus","8":"product_cat-kuurid-aidad-kioskid","9":"product_tag-pihavaja","10":"product_tag-vivian","11":"product_tag-aiamaja","12":"product_tag-vierasmaja","13":"product_tag-aiakuur","14":"product_shipping_class-tasuta-transport-kuni-1000kg","15":"pa_garantii-5-aastat","16":"pa_kaalkg-14231","17":"pa_kohaletoimetamine-eestis-tasuta-alekeskus","18":"pa_laoasukoht-tartumaa","19":"pa_pindalam-17890","20":"pa_seinapaksus-28-mm","21":"pa_tellimisaeg-tilausaika-alekeskus","22":"pa_varv-hallikas-puidukaitse","23":"pa_varv-valkjas-puidukaitse","24":"pa_varv-viimistlemata","25":"pa_varv-pruunikas-puidukaitse","26":"pa_veame-eesti-ja-soome","28":"first","29":"instock","30":"taxable","31":"shipping-taxable","32":"purchasable","33":"product-type-variable","34":"has-default-attributes"},"yoast_head":"<!-- This site is optimized with the Yoast SEO plugin v27.3 - https:\/\/yoast.com\/product\/yoast-seo-wordpress\/ -->\n<title>Aiamaja Vivian 6,9 m\u00b2 - Alekeskus<\/title>\n<meta name=\"description\" content=\"aiamaja Vivian freespalgist\" \/>\n<meta name=\"robots\" content=\"index, follow, max-snippet:-1, max-image-preview:large, max-video-preview:-1\" \/>\n<link rel=\"canonical\" href=\"https:\/\/alekeskus.eu\/toode\/aiamaja-vivian-69m-alekeskus\/\" \/>\n<meta property=\"og:locale\" content=\"et_EE\" \/>\n<meta property=\"og:type\" content=\"article\" \/>\n<meta property=\"og:title\" content=\"Aiamaja Vivian 6,9 m\u00b2 - Alekeskus\" \/>\n<meta property=\"og:description\" content=\"aiamaja Vivian freespalgist\" \/>\n<meta property=\"og:url\" content=\"https:\/\/alekeskus.eu\/toode\/aiamaja-vivian-69m-alekeskus\/\" \/>\n<meta property=\"og:site_name\" content=\"Alekeskus\" \/>\n<meta property=\"article:modified_time\" content=\"2024-11-29T15:57:42+00:00\" \/>\n<meta property=\"og:image\" content=\"https:\/\/alekeskus.eu\/wp-content\/uploads\/2021\/11\/Vivian-69-looduses.jpg\" \/>\n\t<meta property=\"og:image:width\" content=\"900\" \/>\n\t<meta property=\"og:image:height\" content=\"598\" \/>\n\t<meta property=\"og:image:type\" content=\"image\/jpeg\" \/>\n<meta name=\"twitter:card\" content=\"summary_large_image\" \/>\n<meta name=\"twitter:label1\" content=\"Est. reading time\" \/>\n\t<meta name=\"twitter:data1\" content=\"1 minut\" \/>\n<script type=\"application\/ld+json\" class=\"yoast-schema-graph\">{\"@context\":\"https:\\\/\\\/schema.org\",\"@graph\":[{\"@type\":\"WebPage\",\"@id\":\"https:\\\/\\\/alekeskus.eu\\\/toode\\\/aiamaja-vivian-69m-alekeskus\\\/\",\"url\":\"https:\\\/\\\/alekeskus.eu\\\/toode\\\/aiamaja-vivian-69m-alekeskus\\\/\",\"name\":\"Aiamaja Vivian 6,9 m\u00b2 - Alekeskus\",\"isPartOf\":{\"@id\":\"https:\\\/\\\/alekeskus.eu\\\/#website\"},\"primaryImageOfPage\":{\"@id\":\"https:\\\/\\\/alekeskus.eu\\\/toode\\\/aiamaja-vivian-69m-alekeskus\\\/#primaryimage\"},\"image\":{\"@id\":\"https:\\\/\\\/alekeskus.eu\\\/toode\\\/aiamaja-vivian-69m-alekeskus\\\/#primaryimage\"},\"thumbnailUrl\":\"https:\\\/\\\/alekeskus.eu\\\/wp-content\\\/uploads\\\/2021\\\/11\\\/Vivian-69-looduses.jpg\",\"datePublished\":\"2023-11-11T22:31:42+00:00\",\"dateModified\":\"2024-11-29T15:57:42+00:00\",\"description\":\"aiamaja Vivian freespalgist\",\"breadcrumb\":{\"@id\":\"https:\\\/\\\/alekeskus.eu\\\/toode\\\/aiamaja-vivian-69m-alekeskus\\\/#breadcrumb\"},\"inLanguage\":\"et\",\"potentialAction\":[{\"@type\":\"ReadAction\",\"target\":[\"https:\\\/\\\/alekeskus.eu\\\/toode\\\/aiamaja-vivian-69m-alekeskus\\\/\"]}]},{\"@type\":\"ImageObject\",\"inLanguage\":\"et\",\"@id\":\"https:\\\/\\\/alekeskus.eu\\\/toode\\\/aiamaja-vivian-69m-alekeskus\\\/#primaryimage\",\"url\":\"https:\\\/\\\/alekeskus.eu\\\/wp-content\\\/uploads\\\/2021\\\/11\\\/Vivian-69-looduses.jpg\",\"contentUrl\":\"https:\\\/\\\/alekeskus.eu\\\/wp-content\\\/uploads\\\/2021\\\/11\\\/Vivian-69-looduses.jpg\",\"width\":900,\"height\":598},{\"@type\":\"BreadcrumbList\",\"@id\":\"https:\\\/\\\/alekeskus.eu\\\/toode\\\/aiamaja-vivian-69m-alekeskus\\\/#breadcrumb\",\"itemListElement\":[{\"@type\":\"ListItem\",\"position\":1,\"name\":\"Avaleht\",\"item\":\"https:\\\/\\\/alekeskus.eu\\\/et\\\/\"},{\"@type\":\"ListItem\",\"position\":2,\"name\":\"Pood\",\"item\":\"https:\\\/\\\/alekeskus.eu\\\/pood\\\/\"},{\"@type\":\"ListItem\",\"position\":3,\"name\":\"Aiamaja Vivian 6,9 m\u00b2\"}]},{\"@type\":\"WebSite\",\"@id\":\"https:\\\/\\\/alekeskus.eu\\\/#website\",\"url\":\"https:\\\/\\\/alekeskus.eu\\\/\",\"name\":\"Alekeskus\",\"description\":\"Alekeskus.eu\",\"potentialAction\":[{\"@type\":\"SearchAction\",\"target\":{\"@type\":\"EntryPoint\",\"urlTemplate\":\"https:\\\/\\\/alekeskus.eu\\\/?s={search_term_string}\"},\"query-input\":{\"@type\":\"PropertyValueSpecification\",\"valueRequired\":true,\"valueName\":\"search_term_string\"}}],\"inLanguage\":\"et\"}]}<\/script>\n<!-- \/ Yoast SEO plugin. -->","yoast_head_json":{"title":"Aiamaja Vivian 6,9 m\u00b2 - Alekeskus","description":"aiamaja Vivian freespalgist","robots":{"index":"index","follow":"follow","max-snippet":"max-snippet:-1","max-image-preview":"max-image-preview:large","max-video-preview":"max-video-preview:-1"},"canonical":"https:\/\/alekeskus.eu\/toode\/aiamaja-vivian-69m-alekeskus\/","og_locale":"et_EE","og_type":"article","og_title":"Aiamaja Vivian 6,9 m\u00b2 - Alekeskus","og_description":"aiamaja Vivian freespalgist","og_url":"https:\/\/alekeskus.eu\/toode\/aiamaja-vivian-69m-alekeskus\/","og_site_name":"Alekeskus","article_modified_time":"2024-11-29T15:57:42+00:00","og_image":[{"width":900,"height":598,"url":"https:\/\/alekeskus.eu\/wp-content\/uploads\/2021\/11\/Vivian-69-looduses.jpg","type":"image\/jpeg"}],"twitter_card":"summary_large_image","twitter_misc":{"Est. reading time":"1 minut"},"schema":{"@context":"https:\/\/schema.org","@graph":[{"@type":"WebPage","@id":"https:\/\/alekeskus.eu\/toode\/aiamaja-vivian-69m-alekeskus\/","url":"https:\/\/alekeskus.eu\/toode\/aiamaja-vivian-69m-alekeskus\/","name":"Aiamaja Vivian 6,9 m\u00b2 - Alekeskus","isPartOf":{"@id":"https:\/\/alekeskus.eu\/#website"},"primaryImageOfPage":{"@id":"https:\/\/alekeskus.eu\/toode\/aiamaja-vivian-69m-alekeskus\/#primaryimage"},"image":{"@id":"https:\/\/alekeskus.eu\/toode\/aiamaja-vivian-69m-alekeskus\/#primaryimage"},"thumbnailUrl":"https:\/\/alekeskus.eu\/wp-content\/uploads\/2021\/11\/Vivian-69-looduses.jpg","datePublished":"2023-11-11T22:31:42+00:00","dateModified":"2024-11-29T15:57:42+00:00","description":"aiamaja Vivian freespalgist","breadcrumb":{"@id":"https:\/\/alekeskus.eu\/toode\/aiamaja-vivian-69m-alekeskus\/#breadcrumb"},"inLanguage":"et","potentialAction":[{"@type":"ReadAction","target":["https:\/\/alekeskus.eu\/toode\/aiamaja-vivian-69m-alekeskus\/"]}]},{"@type":"ImageObject","inLanguage":"et","@id":"https:\/\/alekeskus.eu\/toode\/aiamaja-vivian-69m-alekeskus\/#primaryimage","url":"https:\/\/alekeskus.eu\/wp-content\/uploads\/2021\/11\/Vivian-69-looduses.jpg","contentUrl":"https:\/\/alekeskus.eu\/wp-content\/uploads\/2021\/11\/Vivian-69-looduses.jpg","width":900,"height":598},{"@type":"BreadcrumbList","@id":"https:\/\/alekeskus.eu\/toode\/aiamaja-vivian-69m-alekeskus\/#breadcrumb","itemListElement":[{"@type":"ListItem","position":1,"name":"Avaleht","item":"https:\/\/alekeskus.eu\/et\/"},{"@type":"ListItem","position":2,"name":"Pood","item":"https:\/\/alekeskus.eu\/pood\/"},{"@type":"ListItem","position":3,"name":"Aiamaja Vivian 6,9 m\u00b2"}]},{"@type":"WebSite","@id":"https:\/\/alekeskus.eu\/#website","url":"https:\/\/alekeskus.eu\/","name":"Alekeskus","description":"Alekeskus.eu","potentialAction":[{"@type":"SearchAction","target":{"@type":"EntryPoint","urlTemplate":"https:\/\/alekeskus.eu\/?s={search_term_string}"},"query-input":{"@type":"PropertyValueSpecification","valueRequired":true,"valueName":"search_term_string"}}],"inLanguage":"et"}]}},"brands":[],"_links":{"self":[{"href":"https:\/\/alekeskus.eu\/et\/wp-json\/wp\/v2\/product\/66302","targetHints":{"allow":["GET"]}}],"collection":[{"href":"https:\/\/alekeskus.eu\/et\/wp-json\/wp\/v2\/product"}],"about":[{"href":"https:\/\/alekeskus.eu\/et\/wp-json\/wp\/v2\/types\/product"}],"wp:featuredmedia":[{"embeddable":true,"href":"https:\/\/alekeskus.eu\/et\/wp-json\/wp\/v2\/media\/77922"}],"wp:attachment":[{"href":"https:\/\/alekeskus.eu\/et\/wp-json\/wp\/v2\/media?parent=66302"}],"wp:term":[{"taxonomy":"pwb-brand","embeddable":true,"href":"https:\/\/alekeskus.eu\/et\/wp-json\/wp\/v2\/pwb-brand?post=66302"},{"taxonomy":"product_brand","embeddable":true,"href":"https:\/\/alekeskus.eu\/et\/wp-json\/wp\/v2\/product_brand?post=66302"},{"taxonomy":"product_cat","embeddable":true,"href":"https:\/\/alekeskus.eu\/et\/wp-json\/wp\/v2\/product_cat?post=66302"},{"taxonomy":"product_tag","embeddable":true,"href":"https:\/\/alekeskus.eu\/et\/wp-json\/wp\/v2\/product_tag?post=66302"}],"curies":[{"name":"wp","href":"https:\/\/api.w.org\/{rel}","templated":true}]}}