{"id":66364,"date":"2025-01-07T22:32:05","date_gmt":"2025-01-07T22:32:05","guid":{"rendered":"http:\/\/alekeskus.eu\/product\/aiamaja-iris-191m%c2%b2\/"},"modified":"2026-01-06T16:55:52","modified_gmt":"2026-01-06T16:55:52","slug":"aiamaja-iiris-191m-alekeskus","status":"publish","type":"product","link":"https:\/\/alekeskus.eu\/et\/toode\/aiamaja-iiris-191m-alekeskus\/","title":{"rendered":"Aiamaja Iiris 19,1 m\u00b2 sein 44 mm, pakettaknad"},"content":{"rendered":"<div class=\"pictogram qtip-additional-element\">\n<div class=\"image\">\n<div class=\"pictogram qtip-additional-element\">Pakend: 6,0&#215;1,2&#215;0,8 m, kaal 1550 kg<\/div>\n<\/div>\n<\/div>\n<div class=\"clearfix\"><\/div>\n<div class=\"pictogram qtip-additional-element\"><\/div>\n","protected":false},"excerpt":{"rendered":"<p>V\u00e4lism\u00f5\u00f5dud: <strong>5,1 x 3,9 m<\/strong>.<\/p>\n<p><strong>TASUTA VEDU EESTIS (ka suursaared)!\u00a0<\/strong><\/p>\n<ul>\n<li>tuuletapiga<strong>\u00a0freespalk 44 mm<\/strong>, tormikinnitused<\/li>\n<li>seina k\u00f5rgus 211 cm, harja k\u00f5rgus 262 cm<\/li>\n<li>punnsoonega katuselauad 19 mm, katuse pindala 26 m\u00b2 ja kalle 15\u00ba; r\u00e4\u00e4stad ees ja taga 29 cm<\/li>\n<li>katusekate lisahinnaga(11 pakki bituumensindlit, 7 rulli SBS-bituumenkatet)<\/li>\n<li>katusekandurid 70 x 140 mm<\/li>\n<li>punnsoonega p\u00f5randalauad 19 mm, puidukaitsega t\u00f6\u00f6deldud p\u00f5randatalad 45 x 70 mm<\/li>\n<li><strong>karastatud pakettklaasiga<\/strong>\u00a0paarisuks 151 x 175 cm, liimpuidust ukseleng, madal metalliga kaetud l\u00e4vepakk, silinderlukk, klaasi iluliistud<\/li>\n<li>3 p\u00f6\u00f6rd-kaldavanevat puidust tilganinaga <strong>karastatud pakettakent<\/strong>\u00a060 x 111 cm; klaasi iluliistud<\/li>\n<li>tellitav puidukaitsevahendisse kastetuna +1000\u20ac (pruun, hall v\u00f5i valkjas)<strong><img decoding=\"async\" class=\"\" src=\"https:\/\/www.palmako.ee\/sites\/default\/files\/styles\/product_list_item\/public\/2020-06\/BNDIP.jpg?itok=_LQkkeHM\" width=\"66\" height=\"66\" \/><img decoding=\"async\" class=\"\" src=\"https:\/\/www.palmako.ee\/sites\/default\/files\/styles\/product_list_item\/public\/2020-06\/GYDIP.jpg?itok=RrYf7KTV\" width=\"66\" height=\"66\" \/><img decoding=\"async\" class=\"\" src=\"https:\/\/www.palmako.ee\/sites\/default\/files\/styles\/product_list_item\/public\/2020-06\/WTDIP.jpg?itok=D9U46coI\" width=\"67\" height=\"67\" \/> <\/strong>v\u00f5i v\u00e4ljast v\u00e4rvituna(helehall v\u00f5i tumehall sein mustade v\u00f5i valgete liistudega) +2000\u20ac; tellimisaeg 2-4 n\u00e4dalat pikem<\/li>\n<li>kinnitusvahendid ja koostejuhend<\/li>\n<li>5-aastane tehase garantii<\/li>\n<li>Eesti toode<\/li>\n<li>vihmakindel pakend<\/li>\n<li>peegelpildis paigaldatav<\/li>\n<\/ul>\n<p>K\u00fcsi ka paigaldust!<\/p>\n","protected":false},"featured_media":96025,"template":"","meta":{"_monsterinsights_skip_tracking":false,"_monsterinsights_sitenote_active":false,"_monsterinsights_sitenote_note":"","_monsterinsights_sitenote_category":0},"pwb-brand":[18577],"product_brand":[],"product_cat":[17182,13592,13540,13608,13610],"product_tag":[13926,13978,18033,14252,18330,14310,15276,18565,15285,13813,18578,13899,13913,17515],"class_list":{"0":"post-66364","1":"product","2":"type-product","3":"status-publish","4":"has-post-thumbnail","6":"pwb-brand-eesti","7":"product_cat-suvekoogid-alekeskus","8":"product_cat-aia-ja-grillmajad","9":"product_cat-hooned-alekeskus","10":"product_cat-kontorid","11":"product_cat-suvilad","12":"product_tag-putka","13":"product_tag-huvila","14":"product_tag-rantamokki-2","15":"product_tag-suvemaja","16":"product_tag-palmako-vierasmaja","17":"product_tag-kodukontor","18":"product_tag-pihatoimisto","19":"product_tag-etatyotila-2","20":"product_tag-kesamokki","21":"product_tag-aiamaja","22":"product_tag-palksuvila","23":"product_tag-garden-house","24":"product_tag-vierasmaja","25":"product_tag-saunamokki","26":"product_shipping_class-tasuta-transport-alates-1000kg","27":"pa_garantii-5-aastat","28":"pa_kohaletoimetamine-tasuta-mandri-eestis-ja-suursaartel-soome-alates-699e","29":"pa_laoasukoht-tartumaa","30":"pa_pindalam-17809","31":"pa_seinapaksus-17405","32":"pa_varv-viimistlemata","33":"pa_varv-pruunikas-puidukaitse","34":"pa_varv-hallikas-puidukaitse","35":"pa_varv-valkjas-puidukaitse","36":"pa_varv-helehall-sein-mustad-avataited-ja-liistud","37":"pa_varv-tumehall-sein-mustad-avataited-ja-liistud","38":"pa_varv-helehall-sein-valged-avataited-liistud","39":"pa_varv-tumehall-sein-valged-avataited-ja-liistud-alekeskus","40":"pa_veame-eesti-ja-soome","42":"first","43":"instock","44":"taxable","45":"shipping-taxable","46":"purchasable","47":"product-type-variable","48":"has-default-attributes"},"yoast_head":"<!-- This site is optimized with the Yoast SEO plugin v27.3 - https:\/\/yoast.com\/product\/yoast-seo-wordpress\/ -->\n<title>Aiamaja Iiris 19,1 m\u00b2 sein 44 mm, pakettaknad - Alekeskus<\/title>\n<meta name=\"description\" content=\"kodukontor 44 mm freespalgist\" \/>\n<meta name=\"robots\" content=\"index, follow, max-snippet:-1, max-image-preview:large, max-video-preview:-1\" \/>\n<link rel=\"canonical\" href=\"https:\/\/alekeskus.eu\/toode\/aiamaja-iiris-191m-alekeskus\/\" \/>\n<meta property=\"og:locale\" content=\"et_EE\" \/>\n<meta property=\"og:type\" content=\"article\" \/>\n<meta property=\"og:title\" content=\"Aiamaja Iiris 19,1 m\u00b2 sein 44 mm, pakettaknad - Alekeskus\" \/>\n<meta property=\"og:description\" content=\"kodukontor 44 mm freespalgist\" \/>\n<meta property=\"og:url\" content=\"https:\/\/alekeskus.eu\/toode\/aiamaja-iiris-191m-alekeskus\/\" \/>\n<meta property=\"og:site_name\" content=\"Alekeskus\" \/>\n<meta property=\"article:modified_time\" content=\"2026-01-06T16:55:52+00:00\" \/>\n<meta property=\"og:image\" content=\"https:\/\/alekeskus.eu\/wp-content\/uploads\/2025\/01\/Iris_19.1_NATURALaias2025.jpg\" \/>\n\t<meta property=\"og:image:width\" content=\"1600\" \/>\n\t<meta property=\"og:image:height\" content=\"1200\" \/>\n\t<meta property=\"og:image:type\" content=\"image\/jpeg\" \/>\n<meta name=\"twitter:card\" content=\"summary_large_image\" \/>\n<meta name=\"twitter:label1\" content=\"Est. reading time\" \/>\n\t<meta name=\"twitter:data1\" content=\"1 minut\" \/>\n<script type=\"application\/ld+json\" class=\"yoast-schema-graph\">{\"@context\":\"https:\\\/\\\/schema.org\",\"@graph\":[{\"@type\":\"WebPage\",\"@id\":\"https:\\\/\\\/alekeskus.eu\\\/toode\\\/aiamaja-iiris-191m-alekeskus\\\/\",\"url\":\"https:\\\/\\\/alekeskus.eu\\\/toode\\\/aiamaja-iiris-191m-alekeskus\\\/\",\"name\":\"Aiamaja Iiris 19,1 m\u00b2 sein 44 mm, pakettaknad - Alekeskus\",\"isPartOf\":{\"@id\":\"https:\\\/\\\/alekeskus.eu\\\/#website\"},\"primaryImageOfPage\":{\"@id\":\"https:\\\/\\\/alekeskus.eu\\\/toode\\\/aiamaja-iiris-191m-alekeskus\\\/#primaryimage\"},\"image\":{\"@id\":\"https:\\\/\\\/alekeskus.eu\\\/toode\\\/aiamaja-iiris-191m-alekeskus\\\/#primaryimage\"},\"thumbnailUrl\":\"https:\\\/\\\/alekeskus.eu\\\/wp-content\\\/uploads\\\/2025\\\/01\\\/Iris_19.1_NATURALaias2025.jpg\",\"datePublished\":\"2025-01-07T22:32:05+00:00\",\"dateModified\":\"2026-01-06T16:55:52+00:00\",\"description\":\"kodukontor 44 mm freespalgist\",\"breadcrumb\":{\"@id\":\"https:\\\/\\\/alekeskus.eu\\\/toode\\\/aiamaja-iiris-191m-alekeskus\\\/#breadcrumb\"},\"inLanguage\":\"et\",\"potentialAction\":[{\"@type\":\"ReadAction\",\"target\":[\"https:\\\/\\\/alekeskus.eu\\\/toode\\\/aiamaja-iiris-191m-alekeskus\\\/\"]}]},{\"@type\":\"ImageObject\",\"inLanguage\":\"et\",\"@id\":\"https:\\\/\\\/alekeskus.eu\\\/toode\\\/aiamaja-iiris-191m-alekeskus\\\/#primaryimage\",\"url\":\"https:\\\/\\\/alekeskus.eu\\\/wp-content\\\/uploads\\\/2025\\\/01\\\/Iris_19.1_NATURALaias2025.jpg\",\"contentUrl\":\"https:\\\/\\\/alekeskus.eu\\\/wp-content\\\/uploads\\\/2025\\\/01\\\/Iris_19.1_NATURALaias2025.jpg\",\"width\":1600,\"height\":1200},{\"@type\":\"BreadcrumbList\",\"@id\":\"https:\\\/\\\/alekeskus.eu\\\/toode\\\/aiamaja-iiris-191m-alekeskus\\\/#breadcrumb\",\"itemListElement\":[{\"@type\":\"ListItem\",\"position\":1,\"name\":\"Avaleht\",\"item\":\"https:\\\/\\\/alekeskus.eu\\\/et\\\/\"},{\"@type\":\"ListItem\",\"position\":2,\"name\":\"Pood\",\"item\":\"https:\\\/\\\/alekeskus.eu\\\/pood\\\/\"},{\"@type\":\"ListItem\",\"position\":3,\"name\":\"Aiamaja Iiris 19,1 m\u00b2 sein 44 mm, pakettaknad\"}]},{\"@type\":\"WebSite\",\"@id\":\"https:\\\/\\\/alekeskus.eu\\\/#website\",\"url\":\"https:\\\/\\\/alekeskus.eu\\\/\",\"name\":\"Alekeskus\",\"description\":\"Alekeskus.eu\",\"potentialAction\":[{\"@type\":\"SearchAction\",\"target\":{\"@type\":\"EntryPoint\",\"urlTemplate\":\"https:\\\/\\\/alekeskus.eu\\\/?s={search_term_string}\"},\"query-input\":{\"@type\":\"PropertyValueSpecification\",\"valueRequired\":true,\"valueName\":\"search_term_string\"}}],\"inLanguage\":\"et\"}]}<\/script>\n<!-- \/ Yoast SEO plugin. -->","yoast_head_json":{"title":"Aiamaja Iiris 19,1 m\u00b2 sein 44 mm, pakettaknad - Alekeskus","description":"kodukontor 44 mm freespalgist","robots":{"index":"index","follow":"follow","max-snippet":"max-snippet:-1","max-image-preview":"max-image-preview:large","max-video-preview":"max-video-preview:-1"},"canonical":"https:\/\/alekeskus.eu\/toode\/aiamaja-iiris-191m-alekeskus\/","og_locale":"et_EE","og_type":"article","og_title":"Aiamaja Iiris 19,1 m\u00b2 sein 44 mm, pakettaknad - Alekeskus","og_description":"kodukontor 44 mm freespalgist","og_url":"https:\/\/alekeskus.eu\/toode\/aiamaja-iiris-191m-alekeskus\/","og_site_name":"Alekeskus","article_modified_time":"2026-01-06T16:55:52+00:00","og_image":[{"width":1600,"height":1200,"url":"https:\/\/alekeskus.eu\/wp-content\/uploads\/2025\/01\/Iris_19.1_NATURALaias2025.jpg","type":"image\/jpeg"}],"twitter_card":"summary_large_image","twitter_misc":{"Est. reading time":"1 minut"},"schema":{"@context":"https:\/\/schema.org","@graph":[{"@type":"WebPage","@id":"https:\/\/alekeskus.eu\/toode\/aiamaja-iiris-191m-alekeskus\/","url":"https:\/\/alekeskus.eu\/toode\/aiamaja-iiris-191m-alekeskus\/","name":"Aiamaja Iiris 19,1 m\u00b2 sein 44 mm, pakettaknad - Alekeskus","isPartOf":{"@id":"https:\/\/alekeskus.eu\/#website"},"primaryImageOfPage":{"@id":"https:\/\/alekeskus.eu\/toode\/aiamaja-iiris-191m-alekeskus\/#primaryimage"},"image":{"@id":"https:\/\/alekeskus.eu\/toode\/aiamaja-iiris-191m-alekeskus\/#primaryimage"},"thumbnailUrl":"https:\/\/alekeskus.eu\/wp-content\/uploads\/2025\/01\/Iris_19.1_NATURALaias2025.jpg","datePublished":"2025-01-07T22:32:05+00:00","dateModified":"2026-01-06T16:55:52+00:00","description":"kodukontor 44 mm freespalgist","breadcrumb":{"@id":"https:\/\/alekeskus.eu\/toode\/aiamaja-iiris-191m-alekeskus\/#breadcrumb"},"inLanguage":"et","potentialAction":[{"@type":"ReadAction","target":["https:\/\/alekeskus.eu\/toode\/aiamaja-iiris-191m-alekeskus\/"]}]},{"@type":"ImageObject","inLanguage":"et","@id":"https:\/\/alekeskus.eu\/toode\/aiamaja-iiris-191m-alekeskus\/#primaryimage","url":"https:\/\/alekeskus.eu\/wp-content\/uploads\/2025\/01\/Iris_19.1_NATURALaias2025.jpg","contentUrl":"https:\/\/alekeskus.eu\/wp-content\/uploads\/2025\/01\/Iris_19.1_NATURALaias2025.jpg","width":1600,"height":1200},{"@type":"BreadcrumbList","@id":"https:\/\/alekeskus.eu\/toode\/aiamaja-iiris-191m-alekeskus\/#breadcrumb","itemListElement":[{"@type":"ListItem","position":1,"name":"Avaleht","item":"https:\/\/alekeskus.eu\/et\/"},{"@type":"ListItem","position":2,"name":"Pood","item":"https:\/\/alekeskus.eu\/pood\/"},{"@type":"ListItem","position":3,"name":"Aiamaja Iiris 19,1 m\u00b2 sein 44 mm, pakettaknad"}]},{"@type":"WebSite","@id":"https:\/\/alekeskus.eu\/#website","url":"https:\/\/alekeskus.eu\/","name":"Alekeskus","description":"Alekeskus.eu","potentialAction":[{"@type":"SearchAction","target":{"@type":"EntryPoint","urlTemplate":"https:\/\/alekeskus.eu\/?s={search_term_string}"},"query-input":{"@type":"PropertyValueSpecification","valueRequired":true,"valueName":"search_term_string"}}],"inLanguage":"et"}]}},"brands":[{"id":18577,"name":"Eesti","slug":"eesti"}],"_links":{"self":[{"href":"https:\/\/alekeskus.eu\/et\/wp-json\/wp\/v2\/product\/66364","targetHints":{"allow":["GET"]}}],"collection":[{"href":"https:\/\/alekeskus.eu\/et\/wp-json\/wp\/v2\/product"}],"about":[{"href":"https:\/\/alekeskus.eu\/et\/wp-json\/wp\/v2\/types\/product"}],"wp:featuredmedia":[{"embeddable":true,"href":"https:\/\/alekeskus.eu\/et\/wp-json\/wp\/v2\/media\/96025"}],"wp:attachment":[{"href":"https:\/\/alekeskus.eu\/et\/wp-json\/wp\/v2\/media?parent=66364"}],"wp:term":[{"taxonomy":"pwb-brand","embeddable":true,"href":"https:\/\/alekeskus.eu\/et\/wp-json\/wp\/v2\/pwb-brand?post=66364"},{"taxonomy":"product_brand","embeddable":true,"href":"https:\/\/alekeskus.eu\/et\/wp-json\/wp\/v2\/product_brand?post=66364"},{"taxonomy":"product_cat","embeddable":true,"href":"https:\/\/alekeskus.eu\/et\/wp-json\/wp\/v2\/product_cat?post=66364"},{"taxonomy":"product_tag","embeddable":true,"href":"https:\/\/alekeskus.eu\/et\/wp-json\/wp\/v2\/product_tag?post=66364"}],"curies":[{"name":"wp","href":"https:\/\/api.w.org\/{rel}","templated":true}]}}