{"id":66394,"date":"2024-12-30T22:32:18","date_gmt":"2024-12-30T22:32:18","guid":{"rendered":"http:\/\/alekeskus.eu\/product\/aiamaja-klara-17m%c2%b2\/"},"modified":"2025-04-18T04:01:04","modified_gmt":"2025-04-18T04:01:04","slug":"aiamaja-klaara-17m%c2%b2","status":"publish","type":"product","link":"https:\/\/alekeskus.eu\/et\/toode\/aiamaja-klaara-17m%c2%b2\/","title":{"rendered":"Aiamaja Klaara 17 m\u00b2"},"content":{"rendered":"<div class=\"pictogram qtip-additional-element\"><\/div>\n<div class=\"pictogram qtip-additional-element\">\n<div class=\"description\">Pakend:<\/div>\n<div class=\"description\">\n<div class=\"pictogram qtip-additional-element\">\n<div class=\"description\">6,0&#215;1,2&#215;0,5 m, kaal 800 kg<\/div>\n<\/div>\n<div class=\"pictogram qtip-additional-element\">\n<div class=\"image\"><\/div>\n<div class=\"description\"><strong>Telli juurde:<\/strong><\/div>\n<div class=\"description\"><strong><strong>&#8211; puidukaitsevahendisse kastmine: pruun <\/strong><strong>, hall <\/strong><strong>, valge<\/strong>\u00a0<\/strong><\/div>\n<div><strong>&#8211; v\u00e4ljastpoolt v\u00e4rvimine (4 v\u00e4rvi)<\/strong><\/div>\n<div class=\"description\"><\/div>\n<div class=\"description\"><strong>&#8211; vihmaveerennid\u00a0 \u00a0<\/strong><\/div>\n<div class=\"description\">\n<p><strong>&#8211; immutatud p\u00f5hjaprussid p\u00f5randalaudadega\u00a0<\/strong><\/p>\n<p><strong>&#8211; 4 rulli t\u00f5rvapappi\u00a0<\/strong><\/p>\n<p><strong>&#8211; SBS-bituumenkate 4 rulli\u00a0<\/strong><\/p>\n<p><strong>&#8211; bituumensindel 10 pakki\u00a0<\/strong><\/p>\n<\/div>\n<\/div>\n<\/div>\n<\/div>\n","protected":false},"excerpt":{"rendered":"<p><strong>V\u00e4lism\u00f5\u00f5dud: 4,84 x 3,60 m.<\/strong><\/p>\n<p><strong>TASUTA VEDU JA MAHALAADIMINE (ka suursaartel)!<\/strong><\/p>\n<ul>\n<li>tuuletapiga sein <strong>28 mm<\/strong>, tormikinnitused<\/li>\n<li>harja k\u00f5rgus 247 cm, r\u00e4\u00e4sta k\u00f5rgus 182 cm<\/li>\n<li>r\u00e4\u00e4stas ees 52 cm<\/li>\n<li>p\u00f6\u00f6rd- ja kaldavanevad veeninaga aknad 66 x 89 cm<\/li>\n<li>punnitud katuselaudis 16 mm<\/li>\n<li>tellitav puidukaitsevahendisse kastetuna +600\u20ac (pruun, hall v\u00f5i valkjas)<strong><img decoding=\"async\" class=\"\" src=\"https:\/\/www.palmako.ee\/sites\/default\/files\/styles\/product_list_item\/public\/2020-06\/BNDIP.jpg?itok=_LQkkeHM\" width=\"66\" height=\"66\" \/><img decoding=\"async\" class=\"\" src=\"https:\/\/www.palmako.ee\/sites\/default\/files\/styles\/product_list_item\/public\/2020-06\/GYDIP.jpg?itok=RrYf7KTV\" width=\"66\" height=\"66\" \/><img decoding=\"async\" class=\"\" src=\"https:\/\/www.palmako.ee\/sites\/default\/files\/styles\/product_list_item\/public\/2020-06\/WTDIP.jpg?itok=D9U46coI\" width=\"67\" height=\"67\" \/>\u00a0<\/strong>v\u00f5i v\u00e4ljast v\u00e4rvituna +900\u20ac (4 v\u00e4rvi), tellimisaeg 2-4 n\u00e4dalat pikem<\/li>\n<li>ukse m\u00f5\u00f5t 139 x 175 cm, liimpuidust ukseleng, metalliga kaetud k\u00fcnnis, silinderlukk<\/li>\n<li>p\u00f5rand ja katusekate(tarve 10 pakki bituumensindlit v\u00f5i 4 rulli ajutist katusepappi v\u00f5i kestvat SBS-bituumenkatet) ei sisaldu hinnas<\/li>\n<li>kinnitusvahendid \u00a0ja koostejuhend<\/li>\n<li>garantii 5 aastat<\/li>\n<li>Eesti toode<\/li>\n<li>ilmastikukindel pakend<\/li>\n<\/ul>\n<p>K\u00fcsi ka paigaldust!<\/p>\n","protected":false},"featured_media":91985,"template":"","meta":{"_monsterinsights_skip_tracking":false,"_monsterinsights_sitenote_active":false,"_monsterinsights_sitenote_note":"","_monsterinsights_sitenote_category":0},"pwb-brand":[18577],"product_brand":[],"product_cat":[17182,13592,13540,13600],"product_tag":[13864,18330,13899,13913,13970,14000,13813,14252,13815,15222,13831,13838],"class_list":{"0":"post-66394","1":"product","2":"type-product","3":"status-publish","4":"has-post-thumbnail","6":"pwb-brand-eesti","7":"product_cat-suvekoogid-alekeskus","8":"product_cat-aia-ja-grillmajad","9":"product_cat-hooned-alekeskus","10":"product_cat-kuurid-aidad-kioskid","11":"product_tag-huvimaja","12":"product_tag-palmako-vierasmaja","13":"product_tag-garden-house","14":"product_tag-vierasmaja","15":"product_tag-suvila","16":"product_tag-palmako","17":"product_tag-aiamaja","18":"product_tag-suvemaja","19":"product_tag-kuur","20":"product_tag-klara","21":"product_tag-mokki","22":"product_tag-vierasaitta","23":"product_shipping_class-tasuta-transport-alates-1000kg","24":"pa_garantii-5-aastat","25":"pa_kohaletoimetamine-tasuta-mandri-eestis-ja-suursaartel-soome-alates-699e","26":"pa_laoasukoht-tartumaa","27":"pa_pindalam-15230","28":"pa_seinapaksus-28-mm","29":"pa_tellimisaeg-2-10-toopaeva","30":"pa_varv-valkjas-puidukaitse","31":"pa_varv-viimistlemata","32":"pa_varv-pruunikas-puidukaitse","33":"pa_varv-hallikas-puidukaitse","34":"pa_veame-eesti-ja-soome","36":"first","37":"instock","38":"taxable","39":"shipping-taxable","40":"purchasable","41":"product-type-variable","42":"has-default-attributes"},"yoast_head":"<!-- This site is optimized with the Yoast SEO plugin v27.3 - https:\/\/yoast.com\/product\/yoast-seo-wordpress\/ -->\n<title>Aiamaja Klaara 17 m\u00b2 - Alekeskus<\/title>\n<meta name=\"description\" content=\"aiamaja Klaara 17\" \/>\n<meta name=\"robots\" content=\"index, follow, max-snippet:-1, max-image-preview:large, max-video-preview:-1\" \/>\n<link rel=\"canonical\" href=\"https:\/\/alekeskus.eu\/toode\/aiamaja-klaara-17m\u00b2\/\" \/>\n<meta property=\"og:locale\" content=\"et_EE\" \/>\n<meta property=\"og:type\" content=\"article\" \/>\n<meta property=\"og:title\" content=\"Aiamaja Klaara 17 m\u00b2 - Alekeskus\" \/>\n<meta property=\"og:description\" content=\"aiamaja Klaara 17\" \/>\n<meta property=\"og:url\" content=\"https:\/\/alekeskus.eu\/toode\/aiamaja-klaara-17m\u00b2\/\" \/>\n<meta property=\"og:site_name\" content=\"Alekeskus\" \/>\n<meta property=\"article:modified_time\" content=\"2025-04-18T04:01:04+00:00\" \/>\n<meta property=\"og:image\" content=\"https:\/\/alekeskus.eu\/wp-content\/uploads\/2024\/07\/Klara_17.0_NATURAL_wb2025.jpg\" \/>\n\t<meta property=\"og:image:width\" content=\"2500\" \/>\n\t<meta property=\"og:image:height\" content=\"1875\" \/>\n\t<meta property=\"og:image:type\" content=\"image\/jpeg\" \/>\n<meta name=\"twitter:card\" content=\"summary_large_image\" \/>\n<meta name=\"twitter:label1\" content=\"Est. reading time\" \/>\n\t<meta name=\"twitter:data1\" content=\"1 minut\" \/>\n<script type=\"application\/ld+json\" class=\"yoast-schema-graph\">{\"@context\":\"https:\\\/\\\/schema.org\",\"@graph\":[{\"@type\":\"WebPage\",\"@id\":\"https:\\\/\\\/alekeskus.eu\\\/toode\\\/aiamaja-klaara-17m%c2%b2\\\/\",\"url\":\"https:\\\/\\\/alekeskus.eu\\\/toode\\\/aiamaja-klaara-17m%c2%b2\\\/\",\"name\":\"Aiamaja Klaara 17 m\u00b2 - Alekeskus\",\"isPartOf\":{\"@id\":\"https:\\\/\\\/alekeskus.eu\\\/#website\"},\"primaryImageOfPage\":{\"@id\":\"https:\\\/\\\/alekeskus.eu\\\/toode\\\/aiamaja-klaara-17m%c2%b2\\\/#primaryimage\"},\"image\":{\"@id\":\"https:\\\/\\\/alekeskus.eu\\\/toode\\\/aiamaja-klaara-17m%c2%b2\\\/#primaryimage\"},\"thumbnailUrl\":\"https:\\\/\\\/alekeskus.eu\\\/wp-content\\\/uploads\\\/2024\\\/07\\\/Klara_17.0_NATURAL_wb2025.jpg\",\"datePublished\":\"2024-12-30T22:32:18+00:00\",\"dateModified\":\"2025-04-18T04:01:04+00:00\",\"description\":\"aiamaja Klaara 17\",\"breadcrumb\":{\"@id\":\"https:\\\/\\\/alekeskus.eu\\\/toode\\\/aiamaja-klaara-17m%c2%b2\\\/#breadcrumb\"},\"inLanguage\":\"et\",\"potentialAction\":[{\"@type\":\"ReadAction\",\"target\":[\"https:\\\/\\\/alekeskus.eu\\\/toode\\\/aiamaja-klaara-17m%c2%b2\\\/\"]}]},{\"@type\":\"ImageObject\",\"inLanguage\":\"et\",\"@id\":\"https:\\\/\\\/alekeskus.eu\\\/toode\\\/aiamaja-klaara-17m%c2%b2\\\/#primaryimage\",\"url\":\"https:\\\/\\\/alekeskus.eu\\\/wp-content\\\/uploads\\\/2024\\\/07\\\/Klara_17.0_NATURAL_wb2025.jpg\",\"contentUrl\":\"https:\\\/\\\/alekeskus.eu\\\/wp-content\\\/uploads\\\/2024\\\/07\\\/Klara_17.0_NATURAL_wb2025.jpg\",\"width\":1600,\"height\":1200},{\"@type\":\"BreadcrumbList\",\"@id\":\"https:\\\/\\\/alekeskus.eu\\\/toode\\\/aiamaja-klaara-17m%c2%b2\\\/#breadcrumb\",\"itemListElement\":[{\"@type\":\"ListItem\",\"position\":1,\"name\":\"Avaleht\",\"item\":\"https:\\\/\\\/alekeskus.eu\\\/et\\\/\"},{\"@type\":\"ListItem\",\"position\":2,\"name\":\"Pood\",\"item\":\"https:\\\/\\\/alekeskus.eu\\\/pood\\\/\"},{\"@type\":\"ListItem\",\"position\":3,\"name\":\"Aiamaja Klaara 17 m\u00b2\"}]},{\"@type\":\"WebSite\",\"@id\":\"https:\\\/\\\/alekeskus.eu\\\/#website\",\"url\":\"https:\\\/\\\/alekeskus.eu\\\/\",\"name\":\"Alekeskus\",\"description\":\"Alekeskus.eu\",\"potentialAction\":[{\"@type\":\"SearchAction\",\"target\":{\"@type\":\"EntryPoint\",\"urlTemplate\":\"https:\\\/\\\/alekeskus.eu\\\/?s={search_term_string}\"},\"query-input\":{\"@type\":\"PropertyValueSpecification\",\"valueRequired\":true,\"valueName\":\"search_term_string\"}}],\"inLanguage\":\"et\"}]}<\/script>\n<!-- \/ Yoast SEO plugin. -->","yoast_head_json":{"title":"Aiamaja Klaara 17 m\u00b2 - Alekeskus","description":"aiamaja Klaara 17","robots":{"index":"index","follow":"follow","max-snippet":"max-snippet:-1","max-image-preview":"max-image-preview:large","max-video-preview":"max-video-preview:-1"},"canonical":"https:\/\/alekeskus.eu\/toode\/aiamaja-klaara-17m\u00b2\/","og_locale":"et_EE","og_type":"article","og_title":"Aiamaja Klaara 17 m\u00b2 - Alekeskus","og_description":"aiamaja Klaara 17","og_url":"https:\/\/alekeskus.eu\/toode\/aiamaja-klaara-17m\u00b2\/","og_site_name":"Alekeskus","article_modified_time":"2025-04-18T04:01:04+00:00","og_image":[{"width":2500,"height":1875,"url":"https:\/\/alekeskus.eu\/wp-content\/uploads\/2024\/07\/Klara_17.0_NATURAL_wb2025.jpg","type":"image\/jpeg"}],"twitter_card":"summary_large_image","twitter_misc":{"Est. reading time":"1 minut"},"schema":{"@context":"https:\/\/schema.org","@graph":[{"@type":"WebPage","@id":"https:\/\/alekeskus.eu\/toode\/aiamaja-klaara-17m%c2%b2\/","url":"https:\/\/alekeskus.eu\/toode\/aiamaja-klaara-17m%c2%b2\/","name":"Aiamaja Klaara 17 m\u00b2 - Alekeskus","isPartOf":{"@id":"https:\/\/alekeskus.eu\/#website"},"primaryImageOfPage":{"@id":"https:\/\/alekeskus.eu\/toode\/aiamaja-klaara-17m%c2%b2\/#primaryimage"},"image":{"@id":"https:\/\/alekeskus.eu\/toode\/aiamaja-klaara-17m%c2%b2\/#primaryimage"},"thumbnailUrl":"https:\/\/alekeskus.eu\/wp-content\/uploads\/2024\/07\/Klara_17.0_NATURAL_wb2025.jpg","datePublished":"2024-12-30T22:32:18+00:00","dateModified":"2025-04-18T04:01:04+00:00","description":"aiamaja Klaara 17","breadcrumb":{"@id":"https:\/\/alekeskus.eu\/toode\/aiamaja-klaara-17m%c2%b2\/#breadcrumb"},"inLanguage":"et","potentialAction":[{"@type":"ReadAction","target":["https:\/\/alekeskus.eu\/toode\/aiamaja-klaara-17m%c2%b2\/"]}]},{"@type":"ImageObject","inLanguage":"et","@id":"https:\/\/alekeskus.eu\/toode\/aiamaja-klaara-17m%c2%b2\/#primaryimage","url":"https:\/\/alekeskus.eu\/wp-content\/uploads\/2024\/07\/Klara_17.0_NATURAL_wb2025.jpg","contentUrl":"https:\/\/alekeskus.eu\/wp-content\/uploads\/2024\/07\/Klara_17.0_NATURAL_wb2025.jpg","width":1600,"height":1200},{"@type":"BreadcrumbList","@id":"https:\/\/alekeskus.eu\/toode\/aiamaja-klaara-17m%c2%b2\/#breadcrumb","itemListElement":[{"@type":"ListItem","position":1,"name":"Avaleht","item":"https:\/\/alekeskus.eu\/et\/"},{"@type":"ListItem","position":2,"name":"Pood","item":"https:\/\/alekeskus.eu\/pood\/"},{"@type":"ListItem","position":3,"name":"Aiamaja Klaara 17 m\u00b2"}]},{"@type":"WebSite","@id":"https:\/\/alekeskus.eu\/#website","url":"https:\/\/alekeskus.eu\/","name":"Alekeskus","description":"Alekeskus.eu","potentialAction":[{"@type":"SearchAction","target":{"@type":"EntryPoint","urlTemplate":"https:\/\/alekeskus.eu\/?s={search_term_string}"},"query-input":{"@type":"PropertyValueSpecification","valueRequired":true,"valueName":"search_term_string"}}],"inLanguage":"et"}]}},"brands":[{"id":18577,"name":"Eesti","slug":"eesti"}],"_links":{"self":[{"href":"https:\/\/alekeskus.eu\/et\/wp-json\/wp\/v2\/product\/66394","targetHints":{"allow":["GET"]}}],"collection":[{"href":"https:\/\/alekeskus.eu\/et\/wp-json\/wp\/v2\/product"}],"about":[{"href":"https:\/\/alekeskus.eu\/et\/wp-json\/wp\/v2\/types\/product"}],"wp:featuredmedia":[{"embeddable":true,"href":"https:\/\/alekeskus.eu\/et\/wp-json\/wp\/v2\/media\/91985"}],"wp:attachment":[{"href":"https:\/\/alekeskus.eu\/et\/wp-json\/wp\/v2\/media?parent=66394"}],"wp:term":[{"taxonomy":"pwb-brand","embeddable":true,"href":"https:\/\/alekeskus.eu\/et\/wp-json\/wp\/v2\/pwb-brand?post=66394"},{"taxonomy":"product_brand","embeddable":true,"href":"https:\/\/alekeskus.eu\/et\/wp-json\/wp\/v2\/product_brand?post=66394"},{"taxonomy":"product_cat","embeddable":true,"href":"https:\/\/alekeskus.eu\/et\/wp-json\/wp\/v2\/product_cat?post=66394"},{"taxonomy":"product_tag","embeddable":true,"href":"https:\/\/alekeskus.eu\/et\/wp-json\/wp\/v2\/product_tag?post=66394"}],"curies":[{"name":"wp","href":"https:\/\/api.w.org\/{rel}","templated":true}]}}