{"id":66428,"date":"2024-06-11T22:32:30","date_gmt":"2024-06-11T22:32:30","guid":{"rendered":"http:\/\/alekeskus.eu\/product\/aiamaja-heidy-228-m%c2%b2-2-toaga\/"},"modified":"2026-01-08T13:34:00","modified_gmt":"2026-01-08T13:34:00","slug":"aiamaja-heidy-228-alekeskus","status":"publish","type":"product","link":"https:\/\/alekeskus.eu\/et\/toode\/aiamaja-heidy-228-alekeskus\/","title":{"rendered":"Aiamaja Heidy 22,8 m\u00b2 2-toaline, 70mm freespalk"},"content":{"rendered":"<div class=\"&quot;pictogram\">\n<div class=\"description\">\n<p><strong>Telli juurde:<\/strong><\/p>\n<ul>\n<li><strong>SBS bituumenkate 6 rulli\u00a0<\/strong><\/li>\n<li><strong>vihmavees\u00fcsteem\u00a0\u00a0<\/strong><\/li>\n<\/ul>\n<\/div>\n<div class=\"description\">\n<div class=\"pictogram qtip-additional-element\">\n<div><strong>Paigaldusohje:<\/strong>\u00a0 <a href=\"https:\/\/alekeskus.eu\/wp-content\/uploads\/2022\/07\/Heidy228ohje.pdf\">Heidy22,8ohje<\/a><\/div>\n<div class=\"description\"><strong>Garantii alla kuuluvate kaebuste rahuldamine piirdub puuduva\/vigase materjali v\u00e4ljavahetamisega. K\u00f5ik muud n\u00f5udmised on v\u00e4listatud!\u00a0<\/strong><\/div>\n<\/div>\n<\/div>\n<div class=\"pictogram qtip-additional-element\">\n<div class=\"image\">\n<div class=\"pictogram qtip-additional-element\"><\/div>\n<div class=\"pictogram qtip-additional-element\">\n<div class=\"description\"><\/div>\n<\/div>\n<div class=\"pictogram qtip-additional-element\">\n<div class=\"description\"><\/div>\n<\/div>\n<div class=\"pictogram qtip-additional-element\"><\/div>\n<div class=\"pictogram qtip-additional-element\"><\/div>\n<\/div>\n<\/div>\n<\/div>\n","protected":false},"excerpt":{"rendered":"<p>V\u00e4lism\u00f5\u00f5dud: <strong>8,2 x 3,0 m<\/strong>.<\/p>\n<p><strong>TASUTA VEDU JA MAHALAADIMINE(ka suursaared)!<\/strong><\/p>\n<ul>\n<li>tuuletapiga<strong> freespalk<\/strong> <strong>70 mm<\/strong>, keermelatt tormikinnitused<\/li>\n<li>seinte k\u00f5rgused 236 cm ja 270 cm<\/li>\n<li>puidukaitsega t\u00f6\u00f6deldud alusprussid 45 x 70 mm ja 45 x 95 mm<\/li>\n<li>punniga 28 mm p\u00f5randalauad<\/li>\n<li><strong>karastatud pakettklaasiga <\/strong>mitteavanevad aknad\u00a02 tk 155 x 206 cm ja avatav aken 155 x 54 cm; alumiiniumist tilganinad<\/li>\n<li><strong>karastatud pakettklaasiga<\/strong> silinderlukuga v\u00e4lisuks 148 x 202 cm , siseuks 74 x 194 cm, liimpuidust ukseleng, madal metalliga kaetud l\u00e4vepakk<\/li>\n<li>katuse pindala 34,6 m\u00b2 ja kalle 9,0\u00ba, <strong>r\u00e4\u00e4stas ees 79 cm<\/strong><\/li>\n<li>katusetalad 44 x 195 mm, punniga 19 mm katuselauad<\/li>\n<li>katusekate lisahinnaga (tarve 6 rulli SBS-bituumenkatet)<\/li>\n<li>vahesein 70 mm<\/li>\n<li>kinnitusvahendid ja koostejuhend<\/li>\n<li>Eesti toode<\/li>\n<li>vihmakindel pakend<\/li>\n<\/ul>\n<p>K\u00fcsi ka paigaldust!<\/p>\n","protected":false},"featured_media":96138,"template":"","meta":{"_monsterinsights_skip_tracking":false,"_monsterinsights_sitenote_active":false,"_monsterinsights_sitenote_note":"","_monsterinsights_sitenote_category":0},"pwb-brand":[18577],"product_brand":[],"product_cat":[17182,13592,13540,13604,13608,13610],"product_tag":[13913,17866,13970,18229,13999,14310,18565,13813,15276,13832,15285,13833,13834,15914],"class_list":{"0":"post-66428","1":"product","2":"type-product","3":"status-publish","4":"has-post-thumbnail","6":"pwb-brand-eesti","7":"product_cat-suvekoogid-alekeskus","8":"product_cat-aia-ja-grillmajad","9":"product_cat-hooned-alekeskus","10":"product_cat-saunad","11":"product_cat-kontorid","12":"product_cat-suvilad","13":"product_tag-vierasmaja","14":"product_tag-hirsimokki","15":"product_tag-suvila","16":"product_tag-pulpettikatto","17":"product_tag-hoylahirsi","18":"product_tag-kodukontor","19":"product_tag-etatyotila-2","20":"product_tag-aiamaja","21":"product_tag-pihatoimisto","22":"product_tag-kesakeittio","23":"product_tag-kesamokki","24":"product_tag-pihamaja","25":"product_tag-toimisto","26":"product_tag-pihasauna","27":"product_shipping_class-tasuta-transport-alates-1000kg","28":"pa_garantii-5-aastat","29":"pa_kohaletoimetamine-tasuta-mandri-eestis-ja-suursaartel-soome-alates-699e","30":"pa_laoasukoht-tartumaa","31":"pa_pindalam-15345","32":"pa_seinapaksus-70-mm","33":"pa_tellimisaeg-1-8-nadalat","34":"pa_varv-viimistlemata","35":"pa_veame-eesti-ja-soome","37":"first","38":"instock","39":"taxable","40":"shipping-taxable","41":"purchasable","42":"product-type-simple"},"yoast_head":"<!-- This site is optimized with the Yoast SEO plugin v27.3 - https:\/\/yoast.com\/product\/yoast-seo-wordpress\/ -->\n<title>Aiamaja Heidy 22,8 m\u00b2 2-toaline, 70mm freespalk - Alekeskus<\/title>\n<meta name=\"description\" content=\"aiamaja kodukontor\" \/>\n<meta name=\"robots\" content=\"index, follow, max-snippet:-1, max-image-preview:large, max-video-preview:-1\" \/>\n<link rel=\"canonical\" href=\"https:\/\/alekeskus.eu\/toode\/aiamaja-heidy-228-alekeskus\/\" \/>\n<meta property=\"og:locale\" content=\"et_EE\" \/>\n<meta property=\"og:type\" content=\"article\" \/>\n<meta property=\"og:title\" content=\"Aiamaja Heidy 22,8 m\u00b2 2-toaline, 70mm freespalk - Alekeskus\" \/>\n<meta property=\"og:description\" content=\"aiamaja kodukontor\" \/>\n<meta property=\"og:url\" content=\"https:\/\/alekeskus.eu\/toode\/aiamaja-heidy-228-alekeskus\/\" \/>\n<meta property=\"og:site_name\" content=\"Alekeskus\" \/>\n<meta property=\"article:modified_time\" content=\"2026-01-08T13:34:00+00:00\" \/>\n<meta property=\"og:image\" content=\"https:\/\/alekeskus.eu\/wp-content\/uploads\/2024\/06\/Heidi_22.8_m2_NATURAL_wb2026.jpg\" \/>\n\t<meta property=\"og:image:width\" content=\"1600\" \/>\n\t<meta property=\"og:image:height\" content=\"1200\" \/>\n\t<meta property=\"og:image:type\" content=\"image\/jpeg\" \/>\n<meta name=\"twitter:card\" content=\"summary_large_image\" \/>\n<meta name=\"twitter:label1\" content=\"Est. reading time\" \/>\n\t<meta name=\"twitter:data1\" content=\"1 minut\" \/>\n<script type=\"application\/ld+json\" class=\"yoast-schema-graph\">{\"@context\":\"https:\\\/\\\/schema.org\",\"@graph\":[{\"@type\":\"WebPage\",\"@id\":\"https:\\\/\\\/alekeskus.eu\\\/toode\\\/aiamaja-heidy-228-alekeskus\\\/\",\"url\":\"https:\\\/\\\/alekeskus.eu\\\/toode\\\/aiamaja-heidy-228-alekeskus\\\/\",\"name\":\"Aiamaja Heidy 22,8 m\u00b2 2-toaline, 70mm freespalk - Alekeskus\",\"isPartOf\":{\"@id\":\"https:\\\/\\\/alekeskus.eu\\\/#website\"},\"primaryImageOfPage\":{\"@id\":\"https:\\\/\\\/alekeskus.eu\\\/toode\\\/aiamaja-heidy-228-alekeskus\\\/#primaryimage\"},\"image\":{\"@id\":\"https:\\\/\\\/alekeskus.eu\\\/toode\\\/aiamaja-heidy-228-alekeskus\\\/#primaryimage\"},\"thumbnailUrl\":\"https:\\\/\\\/alekeskus.eu\\\/wp-content\\\/uploads\\\/2024\\\/06\\\/Heidi_22.8_m2_NATURAL_wb2026.jpg\",\"datePublished\":\"2024-06-11T22:32:30+00:00\",\"dateModified\":\"2026-01-08T13:34:00+00:00\",\"description\":\"aiamaja kodukontor\",\"breadcrumb\":{\"@id\":\"https:\\\/\\\/alekeskus.eu\\\/toode\\\/aiamaja-heidy-228-alekeskus\\\/#breadcrumb\"},\"inLanguage\":\"et\",\"potentialAction\":[{\"@type\":\"ReadAction\",\"target\":[\"https:\\\/\\\/alekeskus.eu\\\/toode\\\/aiamaja-heidy-228-alekeskus\\\/\"]}]},{\"@type\":\"ImageObject\",\"inLanguage\":\"et\",\"@id\":\"https:\\\/\\\/alekeskus.eu\\\/toode\\\/aiamaja-heidy-228-alekeskus\\\/#primaryimage\",\"url\":\"https:\\\/\\\/alekeskus.eu\\\/wp-content\\\/uploads\\\/2024\\\/06\\\/Heidi_22.8_m2_NATURAL_wb2026.jpg\",\"contentUrl\":\"https:\\\/\\\/alekeskus.eu\\\/wp-content\\\/uploads\\\/2024\\\/06\\\/Heidi_22.8_m2_NATURAL_wb2026.jpg\",\"width\":1600,\"height\":1200},{\"@type\":\"BreadcrumbList\",\"@id\":\"https:\\\/\\\/alekeskus.eu\\\/toode\\\/aiamaja-heidy-228-alekeskus\\\/#breadcrumb\",\"itemListElement\":[{\"@type\":\"ListItem\",\"position\":1,\"name\":\"Avaleht\",\"item\":\"https:\\\/\\\/alekeskus.eu\\\/et\\\/\"},{\"@type\":\"ListItem\",\"position\":2,\"name\":\"Pood\",\"item\":\"https:\\\/\\\/alekeskus.eu\\\/pood\\\/\"},{\"@type\":\"ListItem\",\"position\":3,\"name\":\"Aiamaja Heidy 22,8 m\u00b2 2-toaline, 70mm freespalk\"}]},{\"@type\":\"WebSite\",\"@id\":\"https:\\\/\\\/alekeskus.eu\\\/#website\",\"url\":\"https:\\\/\\\/alekeskus.eu\\\/\",\"name\":\"Alekeskus\",\"description\":\"Alekeskus.eu\",\"potentialAction\":[{\"@type\":\"SearchAction\",\"target\":{\"@type\":\"EntryPoint\",\"urlTemplate\":\"https:\\\/\\\/alekeskus.eu\\\/?s={search_term_string}\"},\"query-input\":{\"@type\":\"PropertyValueSpecification\",\"valueRequired\":true,\"valueName\":\"search_term_string\"}}],\"inLanguage\":\"et\"}]}<\/script>\n<!-- \/ Yoast SEO plugin. -->","yoast_head_json":{"title":"Aiamaja Heidy 22,8 m\u00b2 2-toaline, 70mm freespalk - Alekeskus","description":"aiamaja kodukontor","robots":{"index":"index","follow":"follow","max-snippet":"max-snippet:-1","max-image-preview":"max-image-preview:large","max-video-preview":"max-video-preview:-1"},"canonical":"https:\/\/alekeskus.eu\/toode\/aiamaja-heidy-228-alekeskus\/","og_locale":"et_EE","og_type":"article","og_title":"Aiamaja Heidy 22,8 m\u00b2 2-toaline, 70mm freespalk - Alekeskus","og_description":"aiamaja kodukontor","og_url":"https:\/\/alekeskus.eu\/toode\/aiamaja-heidy-228-alekeskus\/","og_site_name":"Alekeskus","article_modified_time":"2026-01-08T13:34:00+00:00","og_image":[{"width":1600,"height":1200,"url":"https:\/\/alekeskus.eu\/wp-content\/uploads\/2024\/06\/Heidi_22.8_m2_NATURAL_wb2026.jpg","type":"image\/jpeg"}],"twitter_card":"summary_large_image","twitter_misc":{"Est. reading time":"1 minut"},"schema":{"@context":"https:\/\/schema.org","@graph":[{"@type":"WebPage","@id":"https:\/\/alekeskus.eu\/toode\/aiamaja-heidy-228-alekeskus\/","url":"https:\/\/alekeskus.eu\/toode\/aiamaja-heidy-228-alekeskus\/","name":"Aiamaja Heidy 22,8 m\u00b2 2-toaline, 70mm freespalk - Alekeskus","isPartOf":{"@id":"https:\/\/alekeskus.eu\/#website"},"primaryImageOfPage":{"@id":"https:\/\/alekeskus.eu\/toode\/aiamaja-heidy-228-alekeskus\/#primaryimage"},"image":{"@id":"https:\/\/alekeskus.eu\/toode\/aiamaja-heidy-228-alekeskus\/#primaryimage"},"thumbnailUrl":"https:\/\/alekeskus.eu\/wp-content\/uploads\/2024\/06\/Heidi_22.8_m2_NATURAL_wb2026.jpg","datePublished":"2024-06-11T22:32:30+00:00","dateModified":"2026-01-08T13:34:00+00:00","description":"aiamaja kodukontor","breadcrumb":{"@id":"https:\/\/alekeskus.eu\/toode\/aiamaja-heidy-228-alekeskus\/#breadcrumb"},"inLanguage":"et","potentialAction":[{"@type":"ReadAction","target":["https:\/\/alekeskus.eu\/toode\/aiamaja-heidy-228-alekeskus\/"]}]},{"@type":"ImageObject","inLanguage":"et","@id":"https:\/\/alekeskus.eu\/toode\/aiamaja-heidy-228-alekeskus\/#primaryimage","url":"https:\/\/alekeskus.eu\/wp-content\/uploads\/2024\/06\/Heidi_22.8_m2_NATURAL_wb2026.jpg","contentUrl":"https:\/\/alekeskus.eu\/wp-content\/uploads\/2024\/06\/Heidi_22.8_m2_NATURAL_wb2026.jpg","width":1600,"height":1200},{"@type":"BreadcrumbList","@id":"https:\/\/alekeskus.eu\/toode\/aiamaja-heidy-228-alekeskus\/#breadcrumb","itemListElement":[{"@type":"ListItem","position":1,"name":"Avaleht","item":"https:\/\/alekeskus.eu\/et\/"},{"@type":"ListItem","position":2,"name":"Pood","item":"https:\/\/alekeskus.eu\/pood\/"},{"@type":"ListItem","position":3,"name":"Aiamaja Heidy 22,8 m\u00b2 2-toaline, 70mm freespalk"}]},{"@type":"WebSite","@id":"https:\/\/alekeskus.eu\/#website","url":"https:\/\/alekeskus.eu\/","name":"Alekeskus","description":"Alekeskus.eu","potentialAction":[{"@type":"SearchAction","target":{"@type":"EntryPoint","urlTemplate":"https:\/\/alekeskus.eu\/?s={search_term_string}"},"query-input":{"@type":"PropertyValueSpecification","valueRequired":true,"valueName":"search_term_string"}}],"inLanguage":"et"}]}},"brands":[{"id":18577,"name":"Eesti","slug":"eesti"}],"_links":{"self":[{"href":"https:\/\/alekeskus.eu\/et\/wp-json\/wp\/v2\/product\/66428","targetHints":{"allow":["GET"]}}],"collection":[{"href":"https:\/\/alekeskus.eu\/et\/wp-json\/wp\/v2\/product"}],"about":[{"href":"https:\/\/alekeskus.eu\/et\/wp-json\/wp\/v2\/types\/product"}],"wp:featuredmedia":[{"embeddable":true,"href":"https:\/\/alekeskus.eu\/et\/wp-json\/wp\/v2\/media\/96138"}],"wp:attachment":[{"href":"https:\/\/alekeskus.eu\/et\/wp-json\/wp\/v2\/media?parent=66428"}],"wp:term":[{"taxonomy":"pwb-brand","embeddable":true,"href":"https:\/\/alekeskus.eu\/et\/wp-json\/wp\/v2\/pwb-brand?post=66428"},{"taxonomy":"product_brand","embeddable":true,"href":"https:\/\/alekeskus.eu\/et\/wp-json\/wp\/v2\/product_brand?post=66428"},{"taxonomy":"product_cat","embeddable":true,"href":"https:\/\/alekeskus.eu\/et\/wp-json\/wp\/v2\/product_cat?post=66428"},{"taxonomy":"product_tag","embeddable":true,"href":"https:\/\/alekeskus.eu\/et\/wp-json\/wp\/v2\/product_tag?post=66428"}],"curies":[{"name":"wp","href":"https:\/\/api.w.org\/{rel}","templated":true}]}}