{"id":66468,"date":"2021-11-11T22:32:42","date_gmt":"2021-11-11T22:32:42","guid":{"rendered":"http:\/\/alekeskus.eu\/product\/sindelkatusekate-3m%c2%b2\/"},"modified":"2025-12-01T15:57:52","modified_gmt":"2025-12-01T15:57:52","slug":"sindelkatusekate-3m%c2%b2","status":"publish","type":"product","link":"https:\/\/alekeskus.eu\/et\/toode\/sindelkatusekate-3m%c2%b2\/","title":{"rendered":"Sindelkatusekate 3 m\u00b2"},"content":{"rendered":"","protected":false},"excerpt":{"rendered":"<p>Telli oma aiamajale ka naelutatav nelinurkne bituumenist katusekate.<\/p>\n<p>Valikus must, punane, pruun ja roheline.<\/p>\n<p>1 pakk katab u 3 m\u00b2. Katusekaldele alates 1:5 (11 kraadi).<\/p>\n<p>R\u00e4\u00e4stad ja harjad viimistle rullmaterjaliga v\u00f5i plekiga.<\/p>\n<p>Tasuta vedu hoonega koos tellides.<\/p>\n","protected":false},"featured_media":66466,"template":"","meta":{"_monsterinsights_skip_tracking":false,"_monsterinsights_sitenote_active":false,"_monsterinsights_sitenote_note":"","_monsterinsights_sitenote_category":0},"pwb-brand":[],"product_brand":[],"product_cat":[17182,13592,13540,13594,13596,13598,13600,13602,13604,13606,13608,13610],"product_tag":[13954,14267,14296,14297,14298,14299,14300,14301,14302],"class_list":{"0":"post-66468","1":"product","2":"type-product","3":"status-publish","4":"has-post-thumbnail","6":"product_cat-suvekoogid-alekeskus","7":"product_cat-aia-ja-grillmajad","8":"product_cat-hooned-alekeskus","9":"product_cat-mangumajad","10":"product_cat-varjualused-talveaiad-alekeskus","11":"product_cat-garaazid","12":"product_cat-kuurid-aidad-kioskid","13":"product_cat-elementmajad","14":"product_cat-saunad","15":"product_cat-koerakuudid-ja-loomapuurid","16":"product_cat-kontorid","17":"product_cat-suvilad","18":"product_tag-katus","19":"product_tag-kate","20":"product_tag-karg","21":"product_tag-icopal","22":"product_tag-katto","23":"product_tag-sindel","24":"product_tag-bituumen","25":"product_tag-hari-raastas","26":"product_tag-raastas","27":"product_shipping_class-tasuta-transport-kuni-300kg","28":"pa_kaalkg-20kg","29":"pa_laoasukoht-tartumaa","30":"pa_tellimisaeg-2-10-toopaeva","31":"pa_varv-roheline","32":"pa_varv-punane","33":"pa_varv-pruun","34":"pa_varv-must","35":"pa_veame-eesti-ja-soome","37":"first","38":"instock","39":"taxable","40":"shipping-taxable","41":"purchasable","42":"product-type-variable"},"yoast_head":"<!-- This site is optimized with the Yoast SEO plugin v27.3 - https:\/\/yoast.com\/product\/yoast-seo-wordpress\/ -->\n<title>Sindelkatusekate 3 m\u00b2 - Alekeskus<\/title>\n<meta name=\"description\" content=\"bituumensindel\" \/>\n<meta name=\"robots\" content=\"index, follow, max-snippet:-1, max-image-preview:large, max-video-preview:-1\" \/>\n<link rel=\"canonical\" href=\"https:\/\/alekeskus.eu\/et\/toode\/sindelkatusekate-3m\u00b2\/\" \/>\n<meta property=\"og:locale\" content=\"et_EE\" \/>\n<meta property=\"og:type\" content=\"article\" \/>\n<meta property=\"og:title\" content=\"Sindelkatusekate 3 m\u00b2 - Alekeskus\" \/>\n<meta property=\"og:description\" content=\"bituumensindel\" \/>\n<meta property=\"og:url\" content=\"https:\/\/alekeskus.eu\/et\/toode\/sindelkatusekate-3m\u00b2\/\" \/>\n<meta property=\"og:site_name\" content=\"Alekeskus\" \/>\n<meta property=\"article:modified_time\" content=\"2025-12-01T15:57:52+00:00\" \/>\n<meta property=\"og:image\" content=\"https:\/\/alekeskus.eu\/wp-content\/uploads\/2021\/11\/757sindelkatusekate-3m-0.jpg\" \/>\n\t<meta property=\"og:image:width\" content=\"180\" \/>\n\t<meta property=\"og:image:height\" content=\"120\" \/>\n\t<meta property=\"og:image:type\" content=\"image\/jpeg\" \/>\n<meta name=\"twitter:card\" content=\"summary_large_image\" \/>\n<meta name=\"twitter:label1\" content=\"Est. reading time\" \/>\n\t<meta name=\"twitter:data1\" content=\"1 minut\" \/>\n<script type=\"application\/ld+json\" class=\"yoast-schema-graph\">{\"@context\":\"https:\\\/\\\/schema.org\",\"@graph\":[{\"@type\":\"WebPage\",\"@id\":\"https:\\\/\\\/alekeskus.eu\\\/et\\\/toode\\\/sindelkatusekate-3m%c2%b2\\\/\",\"url\":\"https:\\\/\\\/alekeskus.eu\\\/et\\\/toode\\\/sindelkatusekate-3m%c2%b2\\\/\",\"name\":\"Sindelkatusekate 3 m\u00b2 - Alekeskus\",\"isPartOf\":{\"@id\":\"https:\\\/\\\/alekeskus.eu\\\/#website\"},\"primaryImageOfPage\":{\"@id\":\"https:\\\/\\\/alekeskus.eu\\\/et\\\/toode\\\/sindelkatusekate-3m%c2%b2\\\/#primaryimage\"},\"image\":{\"@id\":\"https:\\\/\\\/alekeskus.eu\\\/et\\\/toode\\\/sindelkatusekate-3m%c2%b2\\\/#primaryimage\"},\"thumbnailUrl\":\"https:\\\/\\\/alekeskus.eu\\\/wp-content\\\/uploads\\\/2021\\\/11\\\/757sindelkatusekate-3m-0.jpg\",\"datePublished\":\"2021-11-11T22:32:42+00:00\",\"dateModified\":\"2025-12-01T15:57:52+00:00\",\"description\":\"bituumensindel\",\"breadcrumb\":{\"@id\":\"https:\\\/\\\/alekeskus.eu\\\/et\\\/toode\\\/sindelkatusekate-3m%c2%b2\\\/#breadcrumb\"},\"inLanguage\":\"et\",\"potentialAction\":[{\"@type\":\"ReadAction\",\"target\":[\"https:\\\/\\\/alekeskus.eu\\\/et\\\/toode\\\/sindelkatusekate-3m%c2%b2\\\/\"]}]},{\"@type\":\"ImageObject\",\"inLanguage\":\"et\",\"@id\":\"https:\\\/\\\/alekeskus.eu\\\/et\\\/toode\\\/sindelkatusekate-3m%c2%b2\\\/#primaryimage\",\"url\":\"https:\\\/\\\/alekeskus.eu\\\/wp-content\\\/uploads\\\/2021\\\/11\\\/757sindelkatusekate-3m-0.jpg\",\"contentUrl\":\"https:\\\/\\\/alekeskus.eu\\\/wp-content\\\/uploads\\\/2021\\\/11\\\/757sindelkatusekate-3m-0.jpg\",\"width\":180,\"height\":120},{\"@type\":\"BreadcrumbList\",\"@id\":\"https:\\\/\\\/alekeskus.eu\\\/et\\\/toode\\\/sindelkatusekate-3m%c2%b2\\\/#breadcrumb\",\"itemListElement\":[{\"@type\":\"ListItem\",\"position\":1,\"name\":\"Avaleht\",\"item\":\"https:\\\/\\\/alekeskus.eu\\\/et\\\/\"},{\"@type\":\"ListItem\",\"position\":2,\"name\":\"Pood\",\"item\":\"https:\\\/\\\/alekeskus.eu\\\/pood\\\/\"},{\"@type\":\"ListItem\",\"position\":3,\"name\":\"Sindelkatusekate 3 m\u00b2\"}]},{\"@type\":\"WebSite\",\"@id\":\"https:\\\/\\\/alekeskus.eu\\\/#website\",\"url\":\"https:\\\/\\\/alekeskus.eu\\\/\",\"name\":\"Alekeskus\",\"description\":\"Alekeskus.eu\",\"potentialAction\":[{\"@type\":\"SearchAction\",\"target\":{\"@type\":\"EntryPoint\",\"urlTemplate\":\"https:\\\/\\\/alekeskus.eu\\\/?s={search_term_string}\"},\"query-input\":{\"@type\":\"PropertyValueSpecification\",\"valueRequired\":true,\"valueName\":\"search_term_string\"}}],\"inLanguage\":\"et\"}]}<\/script>\n<!-- \/ Yoast SEO plugin. -->","yoast_head_json":{"title":"Sindelkatusekate 3 m\u00b2 - Alekeskus","description":"bituumensindel","robots":{"index":"index","follow":"follow","max-snippet":"max-snippet:-1","max-image-preview":"max-image-preview:large","max-video-preview":"max-video-preview:-1"},"canonical":"https:\/\/alekeskus.eu\/et\/toode\/sindelkatusekate-3m\u00b2\/","og_locale":"et_EE","og_type":"article","og_title":"Sindelkatusekate 3 m\u00b2 - Alekeskus","og_description":"bituumensindel","og_url":"https:\/\/alekeskus.eu\/et\/toode\/sindelkatusekate-3m\u00b2\/","og_site_name":"Alekeskus","article_modified_time":"2025-12-01T15:57:52+00:00","og_image":[{"width":180,"height":120,"url":"https:\/\/alekeskus.eu\/wp-content\/uploads\/2021\/11\/757sindelkatusekate-3m-0.jpg","type":"image\/jpeg"}],"twitter_card":"summary_large_image","twitter_misc":{"Est. reading time":"1 minut"},"schema":{"@context":"https:\/\/schema.org","@graph":[{"@type":"WebPage","@id":"https:\/\/alekeskus.eu\/et\/toode\/sindelkatusekate-3m%c2%b2\/","url":"https:\/\/alekeskus.eu\/et\/toode\/sindelkatusekate-3m%c2%b2\/","name":"Sindelkatusekate 3 m\u00b2 - Alekeskus","isPartOf":{"@id":"https:\/\/alekeskus.eu\/#website"},"primaryImageOfPage":{"@id":"https:\/\/alekeskus.eu\/et\/toode\/sindelkatusekate-3m%c2%b2\/#primaryimage"},"image":{"@id":"https:\/\/alekeskus.eu\/et\/toode\/sindelkatusekate-3m%c2%b2\/#primaryimage"},"thumbnailUrl":"https:\/\/alekeskus.eu\/wp-content\/uploads\/2021\/11\/757sindelkatusekate-3m-0.jpg","datePublished":"2021-11-11T22:32:42+00:00","dateModified":"2025-12-01T15:57:52+00:00","description":"bituumensindel","breadcrumb":{"@id":"https:\/\/alekeskus.eu\/et\/toode\/sindelkatusekate-3m%c2%b2\/#breadcrumb"},"inLanguage":"et","potentialAction":[{"@type":"ReadAction","target":["https:\/\/alekeskus.eu\/et\/toode\/sindelkatusekate-3m%c2%b2\/"]}]},{"@type":"ImageObject","inLanguage":"et","@id":"https:\/\/alekeskus.eu\/et\/toode\/sindelkatusekate-3m%c2%b2\/#primaryimage","url":"https:\/\/alekeskus.eu\/wp-content\/uploads\/2021\/11\/757sindelkatusekate-3m-0.jpg","contentUrl":"https:\/\/alekeskus.eu\/wp-content\/uploads\/2021\/11\/757sindelkatusekate-3m-0.jpg","width":180,"height":120},{"@type":"BreadcrumbList","@id":"https:\/\/alekeskus.eu\/et\/toode\/sindelkatusekate-3m%c2%b2\/#breadcrumb","itemListElement":[{"@type":"ListItem","position":1,"name":"Avaleht","item":"https:\/\/alekeskus.eu\/et\/"},{"@type":"ListItem","position":2,"name":"Pood","item":"https:\/\/alekeskus.eu\/pood\/"},{"@type":"ListItem","position":3,"name":"Sindelkatusekate 3 m\u00b2"}]},{"@type":"WebSite","@id":"https:\/\/alekeskus.eu\/#website","url":"https:\/\/alekeskus.eu\/","name":"Alekeskus","description":"Alekeskus.eu","potentialAction":[{"@type":"SearchAction","target":{"@type":"EntryPoint","urlTemplate":"https:\/\/alekeskus.eu\/?s={search_term_string}"},"query-input":{"@type":"PropertyValueSpecification","valueRequired":true,"valueName":"search_term_string"}}],"inLanguage":"et"}]}},"brands":[],"_links":{"self":[{"href":"https:\/\/alekeskus.eu\/et\/wp-json\/wp\/v2\/product\/66468","targetHints":{"allow":["GET"]}}],"collection":[{"href":"https:\/\/alekeskus.eu\/et\/wp-json\/wp\/v2\/product"}],"about":[{"href":"https:\/\/alekeskus.eu\/et\/wp-json\/wp\/v2\/types\/product"}],"wp:featuredmedia":[{"embeddable":true,"href":"https:\/\/alekeskus.eu\/et\/wp-json\/wp\/v2\/media\/66466"}],"wp:attachment":[{"href":"https:\/\/alekeskus.eu\/et\/wp-json\/wp\/v2\/media?parent=66468"}],"wp:term":[{"taxonomy":"pwb-brand","embeddable":true,"href":"https:\/\/alekeskus.eu\/et\/wp-json\/wp\/v2\/pwb-brand?post=66468"},{"taxonomy":"product_brand","embeddable":true,"href":"https:\/\/alekeskus.eu\/et\/wp-json\/wp\/v2\/product_brand?post=66468"},{"taxonomy":"product_cat","embeddable":true,"href":"https:\/\/alekeskus.eu\/et\/wp-json\/wp\/v2\/product_cat?post=66468"},{"taxonomy":"product_tag","embeddable":true,"href":"https:\/\/alekeskus.eu\/et\/wp-json\/wp\/v2\/product_tag?post=66468"}],"curies":[{"name":"wp","href":"https:\/\/api.w.org\/{rel}","templated":true}]}}