{"id":66596,"date":"2025-11-05T22:33:38","date_gmt":"2025-11-05T22:33:38","guid":{"rendered":"http:\/\/alekeskus.eu\/product\/suvemaja-ore-398m%c2%b2\/"},"modified":"2026-02-20T19:02:11","modified_gmt":"2026-02-20T19:02:11","slug":"suvemaja-ore-398m-alekeskus","status":"publish","type":"product","link":"https:\/\/alekeskus.eu\/et\/toode\/suvemaja-ore-398m-alekeskus\/","title":{"rendered":"Freespalksuvila \u00d6re 39,8 m\u00b2 3 ruumi ja magamiskorrusega"},"content":{"rendered":"<p><a href=\"https:\/\/alekeskus.eu\/wp-content\/uploads\/2023\/05\/Ore-juhend.pdf\">\u00d6re juhend<\/a><\/p>\n","protected":false},"excerpt":{"rendered":"<p>V\u00e4lism\u00f5\u00f5dud: <strong>620<\/strong><b> x 520 cm<\/b><\/p>\n<ul>\n<li>tuuletapiga <strong>freespalk<\/strong>\u00a0<strong>70 mm <\/strong>keermelatt-tormikinnitustega<\/li>\n<li>harja k\u00f5rgus <strong>466 cm<\/strong> ja seina k\u00f5rgus <strong>258 cm<\/strong><\/li>\n<li>p\u00f5randalauad 28 x 137 mm, p\u00f5randatalad 45 x 70 mm<\/li>\n<li>punniga katuselauad 18 x 90 mm, katusetalad 45 x 140 mm ja 70 x 140 mm<\/li>\n<li>trepp-redel<\/li>\n<li>paarisuks pakettklaasiga 1580 x 1933, 2 siseust 827 x 1933 mm; silinderlukud<\/li>\n<li>kaldp\u00f6\u00f6rd sisseavanevad pakettaknad alumiiniumveeninadega 1595 x 1729 ja 3 tk 916 x 916 mm, 2 kinnist akent 1595 x 1448 mm<\/li>\n<li>katuse kalle 37\u00b0 ja pindala 53 m<sup>2 <\/sup>, r\u00e4\u00e4sta etteulatus 60 cm<\/li>\n<li>katusekate ei sisaldu hinnas<\/li>\n<li>kinnitusvahendid ja koostejuhend<\/li>\n<li>v\u00f5imalik teha m\u00f5\u00f5tudes ja avat\u00e4idetes muudatusi<\/li>\n<li>ehitusteatise jaoks vajalikud joonised<\/li>\n<li>tootmisse andmiseks piisab ka ettemaksust pool hinnast<\/li>\n<li>Eesti toode<\/li>\n<li>ilmastikukindel pakend<\/li>\n<li>vaata videot:<div style=\"width: 1140px;\" class=\"wp-video\"><video class=\"wp-video-shortcode\" id=\"video-66596-1\" width=\"1140\" height=\"641\" preload=\"metadata\" controls=\"controls\"><source type=\"video\/mp4\" src=\"https:\/\/alekeskus.eu\/wp-content\/uploads\/2024\/11\/Ore-klipp.mp4?_=1\" \/><a href=\"https:\/\/alekeskus.eu\/wp-content\/uploads\/2024\/11\/Ore-klipp.mp4\">https:\/\/alekeskus.eu\/wp-content\/uploads\/2024\/11\/Ore-klipp.mp4<\/a><\/video><\/div><\/li>\n<\/ul>\n<p>K\u00fcsi paigaldust!<\/p>\n","protected":false},"featured_media":66584,"template":"","meta":{"_monsterinsights_skip_tracking":false,"_monsterinsights_sitenote_active":false,"_monsterinsights_sitenote_note":"","_monsterinsights_sitenote_category":0},"pwb-brand":[],"product_brand":[],"product_cat":[13538,13592,13540,13604,13608,13610],"product_tag":[13970,14252,17390,17866,14310,17881,18033,13813,13831,15285,13840,13913],"class_list":{"0":"post-66596","1":"product","2":"type-product","3":"status-publish","4":"has-post-thumbnail","6":"product_cat-ale","7":"product_cat-aia-ja-grillmajad","8":"product_cat-hooned-alekeskus","9":"product_cat-saunad","10":"product_cat-kontorid","11":"product_cat-suvilad","12":"product_tag-suvila","13":"product_tag-suvemaja","14":"product_tag-freespalksuvila","15":"product_tag-hirsimokki","16":"product_tag-kodukontor","17":"product_tag-hirsihuvila","18":"product_tag-rantamokki-2","19":"product_tag-aiamaja","20":"product_tag-mokki","21":"product_tag-kesamokki","22":"product_tag-kontor","23":"product_tag-vierasmaja","24":"product_shipping_class-alates-1000kg","25":"pa_garantii-5-aastat","26":"pa_kaalkg-15286","27":"pa_kohaletoimetamine-alates-180e","28":"pa_laoasukoht-tartumaa","29":"pa_pakendimoodud-680x80x115-520x115x78-480x115x78-200x115x90-cm","30":"pa_pindalam-15283","31":"pa_seinapaksus-70-mm-2","32":"pa_tellimisaeg-6-8-nadalat","33":"pa_varv-viimistlemata","34":"pa_veame-eesti-ja-soome","36":"first","37":"onbackorder","38":"sale","39":"featured","40":"taxable","41":"shipping-taxable","42":"purchasable","43":"product-type-simple"},"yoast_head":"<!-- This site is optimized with the Yoast SEO plugin v27.3 - https:\/\/yoast.com\/product\/yoast-seo-wordpress\/ -->\n<title>Freespalksuvila \u00d6re 39,8 m\u00b2 3 ruumi ja magamiskorrusega - Alekeskus<\/title>\n<meta name=\"description\" content=\"freespalksuvemaja avarate otsaseina akendega\" \/>\n<meta name=\"robots\" content=\"index, follow, max-snippet:-1, max-image-preview:large, max-video-preview:-1\" \/>\n<link rel=\"canonical\" href=\"https:\/\/alekeskus.eu\/et\/toode\/suvemaja-ore-398m-alekeskus\/\" \/>\n<meta property=\"og:locale\" content=\"et_EE\" \/>\n<meta property=\"og:type\" content=\"article\" \/>\n<meta property=\"og:title\" content=\"Freespalksuvila \u00d6re 39,8 m\u00b2 3 ruumi ja magamiskorrusega - Alekeskus\" \/>\n<meta property=\"og:description\" content=\"freespalksuvemaja avarate otsaseina akendega\" \/>\n<meta property=\"og:url\" content=\"https:\/\/alekeskus.eu\/et\/toode\/suvemaja-ore-398m-alekeskus\/\" \/>\n<meta property=\"og:site_name\" content=\"Alekeskus\" \/>\n<meta property=\"article:modified_time\" content=\"2026-02-20T19:02:11+00:00\" \/>\n<meta property=\"og:image\" content=\"https:\/\/alekeskus.eu\/wp-content\/uploads\/2021\/11\/1260suvemaja-re-39-8m-0-scaled.jpg\" \/>\n\t<meta property=\"og:image:width\" content=\"1600\" \/>\n\t<meta property=\"og:image:height\" content=\"900\" \/>\n\t<meta property=\"og:image:type\" content=\"image\/jpeg\" \/>\n<meta name=\"twitter:card\" content=\"summary_large_image\" \/>\n<meta name=\"twitter:label1\" content=\"Est. reading time\" \/>\n\t<meta name=\"twitter:data1\" content=\"1 minut\" \/>\n<script type=\"application\/ld+json\" class=\"yoast-schema-graph\">{\"@context\":\"https:\\\/\\\/schema.org\",\"@graph\":[{\"@type\":\"WebPage\",\"@id\":\"https:\\\/\\\/alekeskus.eu\\\/et\\\/toode\\\/suvemaja-ore-398m-alekeskus\\\/\",\"url\":\"https:\\\/\\\/alekeskus.eu\\\/et\\\/toode\\\/suvemaja-ore-398m-alekeskus\\\/\",\"name\":\"Freespalksuvila \u00d6re 39,8 m\u00b2 3 ruumi ja magamiskorrusega - Alekeskus\",\"isPartOf\":{\"@id\":\"https:\\\/\\\/alekeskus.eu\\\/#website\"},\"primaryImageOfPage\":{\"@id\":\"https:\\\/\\\/alekeskus.eu\\\/et\\\/toode\\\/suvemaja-ore-398m-alekeskus\\\/#primaryimage\"},\"image\":{\"@id\":\"https:\\\/\\\/alekeskus.eu\\\/et\\\/toode\\\/suvemaja-ore-398m-alekeskus\\\/#primaryimage\"},\"thumbnailUrl\":\"https:\\\/\\\/alekeskus.eu\\\/wp-content\\\/uploads\\\/2021\\\/11\\\/1260suvemaja-re-39-8m-0-scaled.jpg\",\"datePublished\":\"2025-11-05T22:33:38+00:00\",\"dateModified\":\"2026-02-20T19:02:11+00:00\",\"description\":\"freespalksuvemaja avarate otsaseina akendega\",\"breadcrumb\":{\"@id\":\"https:\\\/\\\/alekeskus.eu\\\/et\\\/toode\\\/suvemaja-ore-398m-alekeskus\\\/#breadcrumb\"},\"inLanguage\":\"et\",\"potentialAction\":[{\"@type\":\"ReadAction\",\"target\":[\"https:\\\/\\\/alekeskus.eu\\\/et\\\/toode\\\/suvemaja-ore-398m-alekeskus\\\/\"]}]},{\"@type\":\"ImageObject\",\"inLanguage\":\"et\",\"@id\":\"https:\\\/\\\/alekeskus.eu\\\/et\\\/toode\\\/suvemaja-ore-398m-alekeskus\\\/#primaryimage\",\"url\":\"https:\\\/\\\/alekeskus.eu\\\/wp-content\\\/uploads\\\/2021\\\/11\\\/1260suvemaja-re-39-8m-0-scaled.jpg\",\"contentUrl\":\"https:\\\/\\\/alekeskus.eu\\\/wp-content\\\/uploads\\\/2021\\\/11\\\/1260suvemaja-re-39-8m-0-scaled.jpg\",\"width\":1600,\"height\":900},{\"@type\":\"BreadcrumbList\",\"@id\":\"https:\\\/\\\/alekeskus.eu\\\/et\\\/toode\\\/suvemaja-ore-398m-alekeskus\\\/#breadcrumb\",\"itemListElement\":[{\"@type\":\"ListItem\",\"position\":1,\"name\":\"Avaleht\",\"item\":\"https:\\\/\\\/alekeskus.eu\\\/et\\\/\"},{\"@type\":\"ListItem\",\"position\":2,\"name\":\"Pood\",\"item\":\"https:\\\/\\\/alekeskus.eu\\\/pood\\\/\"},{\"@type\":\"ListItem\",\"position\":3,\"name\":\"Freespalksuvila \u00d6re 39,8 m\u00b2 3 ruumi ja magamiskorrusega\"}]},{\"@type\":\"WebSite\",\"@id\":\"https:\\\/\\\/alekeskus.eu\\\/#website\",\"url\":\"https:\\\/\\\/alekeskus.eu\\\/\",\"name\":\"Alekeskus\",\"description\":\"Alekeskus.eu\",\"potentialAction\":[{\"@type\":\"SearchAction\",\"target\":{\"@type\":\"EntryPoint\",\"urlTemplate\":\"https:\\\/\\\/alekeskus.eu\\\/?s={search_term_string}\"},\"query-input\":{\"@type\":\"PropertyValueSpecification\",\"valueRequired\":true,\"valueName\":\"search_term_string\"}}],\"inLanguage\":\"et\"}]}<\/script>\n<!-- \/ Yoast SEO plugin. -->","yoast_head_json":{"title":"Freespalksuvila \u00d6re 39,8 m\u00b2 3 ruumi ja magamiskorrusega - Alekeskus","description":"freespalksuvemaja avarate otsaseina akendega","robots":{"index":"index","follow":"follow","max-snippet":"max-snippet:-1","max-image-preview":"max-image-preview:large","max-video-preview":"max-video-preview:-1"},"canonical":"https:\/\/alekeskus.eu\/et\/toode\/suvemaja-ore-398m-alekeskus\/","og_locale":"et_EE","og_type":"article","og_title":"Freespalksuvila \u00d6re 39,8 m\u00b2 3 ruumi ja magamiskorrusega - Alekeskus","og_description":"freespalksuvemaja avarate otsaseina akendega","og_url":"https:\/\/alekeskus.eu\/et\/toode\/suvemaja-ore-398m-alekeskus\/","og_site_name":"Alekeskus","article_modified_time":"2026-02-20T19:02:11+00:00","og_image":[{"width":1600,"height":900,"url":"https:\/\/alekeskus.eu\/wp-content\/uploads\/2021\/11\/1260suvemaja-re-39-8m-0-scaled.jpg","type":"image\/jpeg"}],"twitter_card":"summary_large_image","twitter_misc":{"Est. reading time":"1 minut"},"schema":{"@context":"https:\/\/schema.org","@graph":[{"@type":"WebPage","@id":"https:\/\/alekeskus.eu\/et\/toode\/suvemaja-ore-398m-alekeskus\/","url":"https:\/\/alekeskus.eu\/et\/toode\/suvemaja-ore-398m-alekeskus\/","name":"Freespalksuvila \u00d6re 39,8 m\u00b2 3 ruumi ja magamiskorrusega - Alekeskus","isPartOf":{"@id":"https:\/\/alekeskus.eu\/#website"},"primaryImageOfPage":{"@id":"https:\/\/alekeskus.eu\/et\/toode\/suvemaja-ore-398m-alekeskus\/#primaryimage"},"image":{"@id":"https:\/\/alekeskus.eu\/et\/toode\/suvemaja-ore-398m-alekeskus\/#primaryimage"},"thumbnailUrl":"https:\/\/alekeskus.eu\/wp-content\/uploads\/2021\/11\/1260suvemaja-re-39-8m-0-scaled.jpg","datePublished":"2025-11-05T22:33:38+00:00","dateModified":"2026-02-20T19:02:11+00:00","description":"freespalksuvemaja avarate otsaseina akendega","breadcrumb":{"@id":"https:\/\/alekeskus.eu\/et\/toode\/suvemaja-ore-398m-alekeskus\/#breadcrumb"},"inLanguage":"et","potentialAction":[{"@type":"ReadAction","target":["https:\/\/alekeskus.eu\/et\/toode\/suvemaja-ore-398m-alekeskus\/"]}]},{"@type":"ImageObject","inLanguage":"et","@id":"https:\/\/alekeskus.eu\/et\/toode\/suvemaja-ore-398m-alekeskus\/#primaryimage","url":"https:\/\/alekeskus.eu\/wp-content\/uploads\/2021\/11\/1260suvemaja-re-39-8m-0-scaled.jpg","contentUrl":"https:\/\/alekeskus.eu\/wp-content\/uploads\/2021\/11\/1260suvemaja-re-39-8m-0-scaled.jpg","width":1600,"height":900},{"@type":"BreadcrumbList","@id":"https:\/\/alekeskus.eu\/et\/toode\/suvemaja-ore-398m-alekeskus\/#breadcrumb","itemListElement":[{"@type":"ListItem","position":1,"name":"Avaleht","item":"https:\/\/alekeskus.eu\/et\/"},{"@type":"ListItem","position":2,"name":"Pood","item":"https:\/\/alekeskus.eu\/pood\/"},{"@type":"ListItem","position":3,"name":"Freespalksuvila \u00d6re 39,8 m\u00b2 3 ruumi ja magamiskorrusega"}]},{"@type":"WebSite","@id":"https:\/\/alekeskus.eu\/#website","url":"https:\/\/alekeskus.eu\/","name":"Alekeskus","description":"Alekeskus.eu","potentialAction":[{"@type":"SearchAction","target":{"@type":"EntryPoint","urlTemplate":"https:\/\/alekeskus.eu\/?s={search_term_string}"},"query-input":{"@type":"PropertyValueSpecification","valueRequired":true,"valueName":"search_term_string"}}],"inLanguage":"et"}]}},"brands":[],"_links":{"self":[{"href":"https:\/\/alekeskus.eu\/et\/wp-json\/wp\/v2\/product\/66596","targetHints":{"allow":["GET"]}}],"collection":[{"href":"https:\/\/alekeskus.eu\/et\/wp-json\/wp\/v2\/product"}],"about":[{"href":"https:\/\/alekeskus.eu\/et\/wp-json\/wp\/v2\/types\/product"}],"wp:featuredmedia":[{"embeddable":true,"href":"https:\/\/alekeskus.eu\/et\/wp-json\/wp\/v2\/media\/66584"}],"wp:attachment":[{"href":"https:\/\/alekeskus.eu\/et\/wp-json\/wp\/v2\/media?parent=66596"}],"wp:term":[{"taxonomy":"pwb-brand","embeddable":true,"href":"https:\/\/alekeskus.eu\/et\/wp-json\/wp\/v2\/pwb-brand?post=66596"},{"taxonomy":"product_brand","embeddable":true,"href":"https:\/\/alekeskus.eu\/et\/wp-json\/wp\/v2\/product_brand?post=66596"},{"taxonomy":"product_cat","embeddable":true,"href":"https:\/\/alekeskus.eu\/et\/wp-json\/wp\/v2\/product_cat?post=66596"},{"taxonomy":"product_tag","embeddable":true,"href":"https:\/\/alekeskus.eu\/et\/wp-json\/wp\/v2\/product_tag?post=66596"}],"curies":[{"name":"wp","href":"https:\/\/api.w.org\/{rel}","templated":true}]}}