{"id":66651,"date":"2025-06-11T22:34:24","date_gmt":"2025-06-11T22:34:24","guid":{"rendered":"http:\/\/alekeskus.eu\/product\/suvemaja-caroline-set1-2166m%c2%b2-3-toaga\/"},"modified":"2026-01-07T13:12:06","modified_gmt":"2026-01-07T13:12:06","slug":"suvemaja-karoliine1-alekeskus","status":"publish","type":"product","link":"https:\/\/alekeskus.eu\/et\/toode\/suvemaja-karoliine1-alekeskus\/","title":{"rendered":"Suvemaja Karoliine1 21,7 m\u00b2 magamiskorrusega"},"content":{"rendered":"<p>Sein v\u00e4rvitakse 3-st k\u00fcljest, ka punnsooned. 4 standardv\u00e4rvi: rootsi punane, s\u00fcsihall, helehall, roheline.\u00a0Sisepind j\u00e4\u00e4b naturaalseks. Maja nurgad on v\u00e4rvitud igast k\u00fcljest. V\u00e4rvi kantakse 2 kihti. \u27a2 P\u00f5randa- ja laelauad ning p\u00e4rlinid j\u00e4\u00e4vad v\u00e4rvimata. \u27a2 Aknad ja uksed v\u00e4rvitakse valgeks igast k\u00fcljest. \u27a2 K\u00f5ik v\u00e4lised liistud (viilulauad ja liistud) v\u00e4rvitakse valgeks. \u27a2 Kvaliteetme v\u00e4rv tuntud saksa ettev\u00f5ttelt OSMO<\/p>\n","protected":false},"excerpt":{"rendered":"<p>V\u00e4lism\u00f5\u00f5dud: <strong>575<\/strong><b>\u00a0x 390 cm. <\/b>Harja k\u00f5rgus<strong> 330 cm, <\/strong>seina k\u00f5rgus<strong> 240 cm.\u00a0<\/strong><\/p>\n<ul>\n<li>tuuletapiga freespalk <strong>40 mm <\/strong>tormikinnitustega<\/li>\n<li>3 ruumi ja magamisase 2.korrusel. Keskmist seina v\u00f5imalik paigaldamise k\u00e4igus ehitada nii, et k\u00e4igu ava oleks v\u00e4iksemal ruumil ning suuremale parempoolsele ruumile saab paigaldada \u00fcksikukse.<\/li>\n<li>pakettklaasiga v\u00e4lisuks silinderlukuga 266 x 196 cm; puidust siseuks 84 x 190 cm(asukoht ise valitav)<\/li>\n<li>kaldp\u00f6\u00f6rd-avatavad pakettaknad alumiiniumveeninadega 129 x 88; 88 x 88; 54 x 54 cm<\/li>\n<li>trepp-redel<\/li>\n<li>katuse kalle 27\u00b0 ja pindala 37 m2 , r\u00e4\u00e4stas 50 cm<\/li>\n<li>katusekate ei sisaldu hinnas<\/li>\n<li>kinnitusvahendid ja juhend<\/li>\n<li>lisahinnaga: v\u00e4ljast v\u00e4rvituna +2700\u20ac(hele-ja tumehall, punane, roheline, avat\u00e4ited ja liistud \u00fcleni valged, loe alt kirjeldust, tellimisaeg u 1 kuu pikem) ja terrass +550\u20ac<\/li>\n<li>Eesti toode<\/li>\n<\/ul>\n<p>Vedu mandril tellijapoolse mahalaadimisega 180\u20ac v\u00f5i kraana-autoga 350\u20ac(suursaartele vastavalt 280\u20ac ja 590\u20ac).<\/p>\n<p>K\u00fcsi paigaldust!<\/p>\n","protected":false},"featured_media":66635,"template":"","meta":{"_monsterinsights_skip_tracking":false,"_monsterinsights_sitenote_active":false,"_monsterinsights_sitenote_note":"","_monsterinsights_sitenote_category":0},"pwb-brand":[],"product_brand":[],"product_cat":[17182,13538,13592,13540,13604,13610],"product_tag":[13913,13970,14252,13813,14278,17866,13831,18033,13832,15285,15291,13864,13910],"class_list":{"0":"post-66651","1":"product","2":"type-product","3":"status-publish","4":"has-post-thumbnail","6":"product_cat-suvekoogid-alekeskus","7":"product_cat-ale","8":"product_cat-aia-ja-grillmajad","9":"product_cat-hooned-alekeskus","10":"product_cat-saunad","11":"product_cat-suvilad","12":"product_tag-vierasmaja","13":"product_tag-suvila","14":"product_tag-suvemaja","15":"product_tag-aiamaja","16":"product_tag-kulalistemaja","17":"product_tag-hirsimokki","18":"product_tag-mokki","19":"product_tag-rantamokki-2","20":"product_tag-kesakeittio","21":"product_tag-kesamokki","22":"product_tag-lisamajutus","23":"product_tag-huvimaja","24":"product_tag-majutus","25":"product_shipping_class-alates-1000kg","26":"pa_garantii-5-aastat","27":"pa_kaalkg-15292","28":"pa_kohaletoimetamine-alates-180e","29":"pa_laoasukoht-tartumaa","30":"pa_pakendimoodud-630x118x100-202x118x53-cm","31":"pa_pindalam-13985","32":"pa_seinapaksus-40-mm","33":"pa_tellimisaeg-6-8-nadalat","34":"pa_varv-viimistlemata","35":"pa_veame-eesti-ja-soome","37":"first","38":"instock","39":"sale","40":"featured","41":"taxable","42":"shipping-taxable","43":"purchasable","44":"product-type-simple"},"yoast_head":"<!-- This site is optimized with the Yoast SEO plugin v27.3 - https:\/\/yoast.com\/product\/yoast-seo-wordpress\/ -->\n<title>Suvemaja Karoliine1 21,7 m\u00b2 magamiskorrusega - Alekeskus<\/title>\n<meta name=\"description\" content=\"Suvemaja Karoliine 40 mm freespalgist\" \/>\n<meta name=\"robots\" content=\"index, follow, max-snippet:-1, max-image-preview:large, max-video-preview:-1\" \/>\n<link rel=\"canonical\" href=\"https:\/\/alekeskus.eu\/toode\/suvemaja-karoliine1-alekeskus\/\" \/>\n<meta property=\"og:locale\" content=\"et_EE\" \/>\n<meta property=\"og:type\" content=\"article\" \/>\n<meta property=\"og:title\" content=\"Suvemaja Karoliine1 21,7 m\u00b2 magamiskorrusega - Alekeskus\" \/>\n<meta property=\"og:description\" content=\"Suvemaja Karoliine 40 mm freespalgist\" \/>\n<meta property=\"og:url\" content=\"https:\/\/alekeskus.eu\/toode\/suvemaja-karoliine1-alekeskus\/\" \/>\n<meta property=\"og:site_name\" content=\"Alekeskus\" \/>\n<meta property=\"article:modified_time\" content=\"2026-01-07T13:12:06+00:00\" \/>\n<meta property=\"og:image\" content=\"https:\/\/alekeskus.eu\/wp-content\/uploads\/2021\/11\/1265suvemaja-caroline-set1-21-66m-3-toaga-0-scaled.jpg\" \/>\n\t<meta property=\"og:image:width\" content=\"1600\" \/>\n\t<meta property=\"og:image:height\" content=\"1067\" \/>\n\t<meta property=\"og:image:type\" content=\"image\/jpeg\" \/>\n<meta name=\"twitter:card\" content=\"summary_large_image\" \/>\n<meta name=\"twitter:label1\" content=\"Est. reading time\" \/>\n\t<meta name=\"twitter:data1\" content=\"1 minut\" \/>\n<script type=\"application\/ld+json\" class=\"yoast-schema-graph\">{\"@context\":\"https:\\\/\\\/schema.org\",\"@graph\":[{\"@type\":\"WebPage\",\"@id\":\"https:\\\/\\\/alekeskus.eu\\\/toode\\\/suvemaja-karoliine1-alekeskus\\\/\",\"url\":\"https:\\\/\\\/alekeskus.eu\\\/toode\\\/suvemaja-karoliine1-alekeskus\\\/\",\"name\":\"Suvemaja Karoliine1 21,7 m\u00b2 magamiskorrusega - Alekeskus\",\"isPartOf\":{\"@id\":\"https:\\\/\\\/alekeskus.eu\\\/#website\"},\"primaryImageOfPage\":{\"@id\":\"https:\\\/\\\/alekeskus.eu\\\/toode\\\/suvemaja-karoliine1-alekeskus\\\/#primaryimage\"},\"image\":{\"@id\":\"https:\\\/\\\/alekeskus.eu\\\/toode\\\/suvemaja-karoliine1-alekeskus\\\/#primaryimage\"},\"thumbnailUrl\":\"https:\\\/\\\/alekeskus.eu\\\/wp-content\\\/uploads\\\/2021\\\/11\\\/1265suvemaja-caroline-set1-21-66m-3-toaga-0-scaled.jpg\",\"datePublished\":\"2025-06-11T22:34:24+00:00\",\"dateModified\":\"2026-01-07T13:12:06+00:00\",\"description\":\"Suvemaja Karoliine 40 mm freespalgist\",\"breadcrumb\":{\"@id\":\"https:\\\/\\\/alekeskus.eu\\\/toode\\\/suvemaja-karoliine1-alekeskus\\\/#breadcrumb\"},\"inLanguage\":\"et\",\"potentialAction\":[{\"@type\":\"ReadAction\",\"target\":[\"https:\\\/\\\/alekeskus.eu\\\/toode\\\/suvemaja-karoliine1-alekeskus\\\/\"]}]},{\"@type\":\"ImageObject\",\"inLanguage\":\"et\",\"@id\":\"https:\\\/\\\/alekeskus.eu\\\/toode\\\/suvemaja-karoliine1-alekeskus\\\/#primaryimage\",\"url\":\"https:\\\/\\\/alekeskus.eu\\\/wp-content\\\/uploads\\\/2021\\\/11\\\/1265suvemaja-caroline-set1-21-66m-3-toaga-0-scaled.jpg\",\"contentUrl\":\"https:\\\/\\\/alekeskus.eu\\\/wp-content\\\/uploads\\\/2021\\\/11\\\/1265suvemaja-caroline-set1-21-66m-3-toaga-0-scaled.jpg\",\"width\":1600,\"height\":1067},{\"@type\":\"BreadcrumbList\",\"@id\":\"https:\\\/\\\/alekeskus.eu\\\/toode\\\/suvemaja-karoliine1-alekeskus\\\/#breadcrumb\",\"itemListElement\":[{\"@type\":\"ListItem\",\"position\":1,\"name\":\"Avaleht\",\"item\":\"https:\\\/\\\/alekeskus.eu\\\/et\\\/\"},{\"@type\":\"ListItem\",\"position\":2,\"name\":\"Pood\",\"item\":\"https:\\\/\\\/alekeskus.eu\\\/pood\\\/\"},{\"@type\":\"ListItem\",\"position\":3,\"name\":\"Suvemaja Karoliine1 21,7 m\u00b2 magamiskorrusega\"}]},{\"@type\":\"WebSite\",\"@id\":\"https:\\\/\\\/alekeskus.eu\\\/#website\",\"url\":\"https:\\\/\\\/alekeskus.eu\\\/\",\"name\":\"Alekeskus\",\"description\":\"Alekeskus.eu\",\"potentialAction\":[{\"@type\":\"SearchAction\",\"target\":{\"@type\":\"EntryPoint\",\"urlTemplate\":\"https:\\\/\\\/alekeskus.eu\\\/?s={search_term_string}\"},\"query-input\":{\"@type\":\"PropertyValueSpecification\",\"valueRequired\":true,\"valueName\":\"search_term_string\"}}],\"inLanguage\":\"et\"}]}<\/script>\n<!-- \/ Yoast SEO plugin. -->","yoast_head_json":{"title":"Suvemaja Karoliine1 21,7 m\u00b2 magamiskorrusega - Alekeskus","description":"Suvemaja Karoliine 40 mm freespalgist","robots":{"index":"index","follow":"follow","max-snippet":"max-snippet:-1","max-image-preview":"max-image-preview:large","max-video-preview":"max-video-preview:-1"},"canonical":"https:\/\/alekeskus.eu\/toode\/suvemaja-karoliine1-alekeskus\/","og_locale":"et_EE","og_type":"article","og_title":"Suvemaja Karoliine1 21,7 m\u00b2 magamiskorrusega - Alekeskus","og_description":"Suvemaja Karoliine 40 mm freespalgist","og_url":"https:\/\/alekeskus.eu\/toode\/suvemaja-karoliine1-alekeskus\/","og_site_name":"Alekeskus","article_modified_time":"2026-01-07T13:12:06+00:00","og_image":[{"width":1600,"height":1067,"url":"https:\/\/alekeskus.eu\/wp-content\/uploads\/2021\/11\/1265suvemaja-caroline-set1-21-66m-3-toaga-0-scaled.jpg","type":"image\/jpeg"}],"twitter_card":"summary_large_image","twitter_misc":{"Est. reading time":"1 minut"},"schema":{"@context":"https:\/\/schema.org","@graph":[{"@type":"WebPage","@id":"https:\/\/alekeskus.eu\/toode\/suvemaja-karoliine1-alekeskus\/","url":"https:\/\/alekeskus.eu\/toode\/suvemaja-karoliine1-alekeskus\/","name":"Suvemaja Karoliine1 21,7 m\u00b2 magamiskorrusega - Alekeskus","isPartOf":{"@id":"https:\/\/alekeskus.eu\/#website"},"primaryImageOfPage":{"@id":"https:\/\/alekeskus.eu\/toode\/suvemaja-karoliine1-alekeskus\/#primaryimage"},"image":{"@id":"https:\/\/alekeskus.eu\/toode\/suvemaja-karoliine1-alekeskus\/#primaryimage"},"thumbnailUrl":"https:\/\/alekeskus.eu\/wp-content\/uploads\/2021\/11\/1265suvemaja-caroline-set1-21-66m-3-toaga-0-scaled.jpg","datePublished":"2025-06-11T22:34:24+00:00","dateModified":"2026-01-07T13:12:06+00:00","description":"Suvemaja Karoliine 40 mm freespalgist","breadcrumb":{"@id":"https:\/\/alekeskus.eu\/toode\/suvemaja-karoliine1-alekeskus\/#breadcrumb"},"inLanguage":"et","potentialAction":[{"@type":"ReadAction","target":["https:\/\/alekeskus.eu\/toode\/suvemaja-karoliine1-alekeskus\/"]}]},{"@type":"ImageObject","inLanguage":"et","@id":"https:\/\/alekeskus.eu\/toode\/suvemaja-karoliine1-alekeskus\/#primaryimage","url":"https:\/\/alekeskus.eu\/wp-content\/uploads\/2021\/11\/1265suvemaja-caroline-set1-21-66m-3-toaga-0-scaled.jpg","contentUrl":"https:\/\/alekeskus.eu\/wp-content\/uploads\/2021\/11\/1265suvemaja-caroline-set1-21-66m-3-toaga-0-scaled.jpg","width":1600,"height":1067},{"@type":"BreadcrumbList","@id":"https:\/\/alekeskus.eu\/toode\/suvemaja-karoliine1-alekeskus\/#breadcrumb","itemListElement":[{"@type":"ListItem","position":1,"name":"Avaleht","item":"https:\/\/alekeskus.eu\/et\/"},{"@type":"ListItem","position":2,"name":"Pood","item":"https:\/\/alekeskus.eu\/pood\/"},{"@type":"ListItem","position":3,"name":"Suvemaja Karoliine1 21,7 m\u00b2 magamiskorrusega"}]},{"@type":"WebSite","@id":"https:\/\/alekeskus.eu\/#website","url":"https:\/\/alekeskus.eu\/","name":"Alekeskus","description":"Alekeskus.eu","potentialAction":[{"@type":"SearchAction","target":{"@type":"EntryPoint","urlTemplate":"https:\/\/alekeskus.eu\/?s={search_term_string}"},"query-input":{"@type":"PropertyValueSpecification","valueRequired":true,"valueName":"search_term_string"}}],"inLanguage":"et"}]}},"brands":[],"_links":{"self":[{"href":"https:\/\/alekeskus.eu\/et\/wp-json\/wp\/v2\/product\/66651","targetHints":{"allow":["GET"]}}],"collection":[{"href":"https:\/\/alekeskus.eu\/et\/wp-json\/wp\/v2\/product"}],"about":[{"href":"https:\/\/alekeskus.eu\/et\/wp-json\/wp\/v2\/types\/product"}],"wp:featuredmedia":[{"embeddable":true,"href":"https:\/\/alekeskus.eu\/et\/wp-json\/wp\/v2\/media\/66635"}],"wp:attachment":[{"href":"https:\/\/alekeskus.eu\/et\/wp-json\/wp\/v2\/media?parent=66651"}],"wp:term":[{"taxonomy":"pwb-brand","embeddable":true,"href":"https:\/\/alekeskus.eu\/et\/wp-json\/wp\/v2\/pwb-brand?post=66651"},{"taxonomy":"product_brand","embeddable":true,"href":"https:\/\/alekeskus.eu\/et\/wp-json\/wp\/v2\/product_brand?post=66651"},{"taxonomy":"product_cat","embeddable":true,"href":"https:\/\/alekeskus.eu\/et\/wp-json\/wp\/v2\/product_cat?post=66651"},{"taxonomy":"product_tag","embeddable":true,"href":"https:\/\/alekeskus.eu\/et\/wp-json\/wp\/v2\/product_tag?post=66651"}],"curies":[{"name":"wp","href":"https:\/\/api.w.org\/{rel}","templated":true}]}}