{"id":66667,"date":"2024-09-11T22:34:38","date_gmt":"2024-09-11T22:34:38","guid":{"rendered":"http:\/\/alekeskus.eu\/product\/suvemaja-caroline-set2-2166m%c2%b2-3-toaga\/"},"modified":"2026-01-07T13:28:59","modified_gmt":"2026-01-07T13:28:59","slug":"suvemaja-karoliine2-alekeskus","status":"publish","type":"product","link":"https:\/\/alekeskus.eu\/et\/toode\/suvemaja-karoliine2-alekeskus\/","title":{"rendered":"Suvemaja Karoliine2 21,7 m\u00b2 3 ruumi ja magamiskorrusega"},"content":{"rendered":"<p>V\u00c4RVIMISE TEENUSE KIRJELDUS:<\/p>\n<p>Sein v\u00e4rvitakse 3-st k\u00fcljest, ka punnsooned. 4 standardv\u00e4rvi: rootsi punane, s\u00fcsihall, helehall, roheline. Sisepind j\u00e4\u00e4b naturaalseks. Maja nurgad on v\u00e4rvitud igast k\u00fcljest. V\u00e4rvi kantakse detailidele 2 kihti. \u27a2 P\u00f5randa- ja laelauad ning p\u00e4rlinid j\u00e4\u00e4vad v\u00e4rvimata. \u27a2 Aknad ja uksed v\u00e4rvitakse valgeks igast k\u00fcljest. \u27a2 K\u00f5ik v\u00e4lised liistud (viilulauad ja liistud) v\u00e4rvitakse valgeks. \u27a2 Kvaliteetne v\u00e4rv tuntud Saksa tootjalt OSMO<\/p>\n<p>Tellimisaeg pikem v\u00e4rvimata tootest.<\/p>\n<p>Paigaldusjuhend: <a href=\"https:\/\/alekeskus.eu\/wp-content\/uploads\/2021\/11\/Karoliine2-9904400-ohje.pdf\">Karoliine2 9904400 ohje<\/a><\/p>\n","protected":false},"excerpt":{"rendered":"<p>V\u00e4lism\u00f5\u00f5dud: <strong>575<\/strong><b>\u00a0x 390 cm. <\/b>Harja k\u00f5rgus<strong> 331 cm, <\/strong>seina k\u00f5rgus<strong> 234 cm.\u00a0<\/strong><\/p>\n<ul>\n<li>tuuletapiga freespalk <strong>40 mm, <\/strong>tormikinnitused<\/li>\n<li>3 ruumi ja magamiskorrus<\/li>\n<li>v\u00e4lisuks pakettklaasiga ja silinderlukuga 266 x 196 cm(k\u00fcljeakendega); klaasitud silinderlukuga siseuks 83,5 x 190 cm<\/li>\n<li>maja keskmist seina v\u00f5imalik paigaldamise k\u00e4igus ehitada nii, et k\u00e4iguava oleks v\u00e4iksemal ruumil ning suuremale parempoolsele ruumile saab paigaldada siseukse<\/li>\n<li>kaldp\u00f6\u00f6rd-avatavad pakettaknad alumiiniumveeninadega 129 x 88 cm; 88 x 88 cm; 54 x 54 cm ; kinnine kolmnurkaken 150 x 51 cm<\/li>\n<li>uste ja akende asukoha saab ise valida ja sobivasse kohta saagida(joonisel on m\u00e4rgitud vajalik ava suurus katkendjoonega, keskmise suurusega toa ava ja magamiskorruse sissep\u00e4\u00e4s on ainsad valmis l\u00f5igatud avad)<\/li>\n<li>vihje: valmis l\u00f5igatud avadega(va siseuks) sarnased majad on Karoliine Kuld(pakettklaasidega) ja H\u00f5be(\u00fchekordsete klaasidega)<\/li>\n<li>redel<\/li>\n<li>s\u00fcgavimmutatud p\u00f5randatalad 45 x 70 mm<\/li>\n<li>punniga p\u00f5randa- ja katuselauad 18 x 90 mm<\/li>\n<li>katus 27\u00b0\/37 m<sup>2<\/sup> , r\u00e4\u00e4stad 50 cm<\/li>\n<li>katusekate lisahinnaga (tarve 14 pakki bituumensindlit)<\/li>\n<li>kinnitusvahendid ja koostejuhend<\/li>\n<li>lisahinnaga: v\u00e4ljast v\u00e4rvituna(loe alt t\u00e4psemalt)2500\u20ac, terrass 550\u20ac, lisapalgid 1. korruse v\u00f5i 2. korruse seina k\u00f5rgendamiseks 150\u20ac\/palgirida<\/li>\n<li>peegelpildis paigaldatav<\/li>\n<li>Eesti toode<\/li>\n<li>ilmastikukindel pakend<\/li>\n<li>tehase garantii 5 aastat<\/li>\n<\/ul>\n<p>Vedu mandril tellijapoolse mahalaadimisega 180\u20ac v\u00f5i kraana-autoga 350\u20ac(suursaartele vastavalt 280\u20ac ja 590\u20ac).<\/p>\n<p>K\u00fcsi paigaldust!<\/p>\n","protected":false},"featured_media":66653,"template":"","meta":{"_monsterinsights_skip_tracking":false,"_monsterinsights_sitenote_active":false,"_monsterinsights_sitenote_note":"","_monsterinsights_sitenote_category":0},"pwb-brand":[],"product_brand":[],"product_cat":[13592,13540,13604,13608,13610],"product_tag":[13970,14252,14278,13813,13831,13864,17866,13910,18033,13913],"class_list":{"0":"post-66667","1":"product","2":"type-product","3":"status-publish","4":"has-post-thumbnail","6":"product_cat-aia-ja-grillmajad","7":"product_cat-hooned-alekeskus","8":"product_cat-saunad","9":"product_cat-kontorid","10":"product_cat-suvilad","11":"product_tag-suvila","12":"product_tag-suvemaja","13":"product_tag-kulalistemaja","14":"product_tag-aiamaja","15":"product_tag-mokki","16":"product_tag-huvimaja","17":"product_tag-hirsimokki","18":"product_tag-majutus","19":"product_tag-rantamokki-2","20":"product_tag-vierasmaja","21":"product_shipping_class-alates-1000kg","22":"pa_garantii-5-aastat","23":"pa_kohaletoimetamine-alates-180e","24":"pa_laoasukoht-tartumaa","25":"pa_pakendimoodud-630x118x100-202x118x53-cm","26":"pa_pindalam-13985","27":"pa_tellimisaeg-4-nadalat-varvituna-pikem","28":"pa_varv-tumehall","29":"pa_varv-helehall","30":"pa_varv-roheline","31":"pa_varv-punane","32":"pa_varv-viimistlemata","33":"pa_veame-eesti-ja-soome","35":"first","36":"instock","37":"taxable","38":"shipping-taxable","39":"purchasable","40":"product-type-variable"},"yoast_head":"<!-- This site is optimized with the Yoast SEO plugin v27.3 - https:\/\/yoast.com\/product\/yoast-seo-wordpress\/ -->\n<title>Suvemaja Karoliine2 21,7 m\u00b2 3 ruumi ja magamiskorrusega - Alekeskus<\/title>\n<meta name=\"description\" content=\"Suvemaja freespalgist ja magamiskorrusega\" \/>\n<meta name=\"robots\" content=\"index, follow, max-snippet:-1, max-image-preview:large, max-video-preview:-1\" \/>\n<link rel=\"canonical\" href=\"https:\/\/alekeskus.eu\/toode\/suvemaja-karoliine2-alekeskus\/\" \/>\n<meta property=\"og:locale\" content=\"et_EE\" \/>\n<meta property=\"og:type\" content=\"article\" \/>\n<meta property=\"og:title\" content=\"Suvemaja Karoliine2 21,7 m\u00b2 3 ruumi ja magamiskorrusega - Alekeskus\" \/>\n<meta property=\"og:description\" content=\"Suvemaja freespalgist ja magamiskorrusega\" \/>\n<meta property=\"og:url\" content=\"https:\/\/alekeskus.eu\/toode\/suvemaja-karoliine2-alekeskus\/\" \/>\n<meta property=\"og:site_name\" content=\"Alekeskus\" \/>\n<meta property=\"article:modified_time\" content=\"2026-01-07T13:28:59+00:00\" \/>\n<meta property=\"og:image\" content=\"https:\/\/alekeskus.eu\/wp-content\/uploads\/2021\/11\/1266suvemaja-caroline-set2-21-66m-3-toaga-0-scaled.jpg\" \/>\n\t<meta property=\"og:image:width\" content=\"1600\" \/>\n\t<meta property=\"og:image:height\" content=\"1067\" \/>\n\t<meta property=\"og:image:type\" content=\"image\/jpeg\" \/>\n<meta name=\"twitter:card\" content=\"summary_large_image\" \/>\n<meta name=\"twitter:label1\" content=\"Est. reading time\" \/>\n\t<meta name=\"twitter:data1\" content=\"1 minut\" \/>\n<script type=\"application\/ld+json\" class=\"yoast-schema-graph\">{\"@context\":\"https:\\\/\\\/schema.org\",\"@graph\":[{\"@type\":\"WebPage\",\"@id\":\"https:\\\/\\\/alekeskus.eu\\\/toode\\\/suvemaja-karoliine2-alekeskus\\\/\",\"url\":\"https:\\\/\\\/alekeskus.eu\\\/toode\\\/suvemaja-karoliine2-alekeskus\\\/\",\"name\":\"Suvemaja Karoliine2 21,7 m\u00b2 3 ruumi ja magamiskorrusega - Alekeskus\",\"isPartOf\":{\"@id\":\"https:\\\/\\\/alekeskus.eu\\\/#website\"},\"primaryImageOfPage\":{\"@id\":\"https:\\\/\\\/alekeskus.eu\\\/toode\\\/suvemaja-karoliine2-alekeskus\\\/#primaryimage\"},\"image\":{\"@id\":\"https:\\\/\\\/alekeskus.eu\\\/toode\\\/suvemaja-karoliine2-alekeskus\\\/#primaryimage\"},\"thumbnailUrl\":\"https:\\\/\\\/alekeskus.eu\\\/wp-content\\\/uploads\\\/2021\\\/11\\\/1266suvemaja-caroline-set2-21-66m-3-toaga-0-scaled.jpg\",\"datePublished\":\"2024-09-11T22:34:38+00:00\",\"dateModified\":\"2026-01-07T13:28:59+00:00\",\"description\":\"Suvemaja freespalgist ja magamiskorrusega\",\"breadcrumb\":{\"@id\":\"https:\\\/\\\/alekeskus.eu\\\/toode\\\/suvemaja-karoliine2-alekeskus\\\/#breadcrumb\"},\"inLanguage\":\"et\",\"potentialAction\":[{\"@type\":\"ReadAction\",\"target\":[\"https:\\\/\\\/alekeskus.eu\\\/toode\\\/suvemaja-karoliine2-alekeskus\\\/\"]}]},{\"@type\":\"ImageObject\",\"inLanguage\":\"et\",\"@id\":\"https:\\\/\\\/alekeskus.eu\\\/toode\\\/suvemaja-karoliine2-alekeskus\\\/#primaryimage\",\"url\":\"https:\\\/\\\/alekeskus.eu\\\/wp-content\\\/uploads\\\/2021\\\/11\\\/1266suvemaja-caroline-set2-21-66m-3-toaga-0-scaled.jpg\",\"contentUrl\":\"https:\\\/\\\/alekeskus.eu\\\/wp-content\\\/uploads\\\/2021\\\/11\\\/1266suvemaja-caroline-set2-21-66m-3-toaga-0-scaled.jpg\",\"width\":1600,\"height\":1067},{\"@type\":\"BreadcrumbList\",\"@id\":\"https:\\\/\\\/alekeskus.eu\\\/toode\\\/suvemaja-karoliine2-alekeskus\\\/#breadcrumb\",\"itemListElement\":[{\"@type\":\"ListItem\",\"position\":1,\"name\":\"Avaleht\",\"item\":\"https:\\\/\\\/alekeskus.eu\\\/et\\\/\"},{\"@type\":\"ListItem\",\"position\":2,\"name\":\"Pood\",\"item\":\"https:\\\/\\\/alekeskus.eu\\\/pood\\\/\"},{\"@type\":\"ListItem\",\"position\":3,\"name\":\"Suvemaja Karoliine2 21,7 m\u00b2 3 ruumi ja magamiskorrusega\"}]},{\"@type\":\"WebSite\",\"@id\":\"https:\\\/\\\/alekeskus.eu\\\/#website\",\"url\":\"https:\\\/\\\/alekeskus.eu\\\/\",\"name\":\"Alekeskus\",\"description\":\"Alekeskus.eu\",\"potentialAction\":[{\"@type\":\"SearchAction\",\"target\":{\"@type\":\"EntryPoint\",\"urlTemplate\":\"https:\\\/\\\/alekeskus.eu\\\/?s={search_term_string}\"},\"query-input\":{\"@type\":\"PropertyValueSpecification\",\"valueRequired\":true,\"valueName\":\"search_term_string\"}}],\"inLanguage\":\"et\"}]}<\/script>\n<!-- \/ Yoast SEO plugin. -->","yoast_head_json":{"title":"Suvemaja Karoliine2 21,7 m\u00b2 3 ruumi ja magamiskorrusega - Alekeskus","description":"Suvemaja freespalgist ja magamiskorrusega","robots":{"index":"index","follow":"follow","max-snippet":"max-snippet:-1","max-image-preview":"max-image-preview:large","max-video-preview":"max-video-preview:-1"},"canonical":"https:\/\/alekeskus.eu\/toode\/suvemaja-karoliine2-alekeskus\/","og_locale":"et_EE","og_type":"article","og_title":"Suvemaja Karoliine2 21,7 m\u00b2 3 ruumi ja magamiskorrusega - Alekeskus","og_description":"Suvemaja freespalgist ja magamiskorrusega","og_url":"https:\/\/alekeskus.eu\/toode\/suvemaja-karoliine2-alekeskus\/","og_site_name":"Alekeskus","article_modified_time":"2026-01-07T13:28:59+00:00","og_image":[{"width":1600,"height":1067,"url":"https:\/\/alekeskus.eu\/wp-content\/uploads\/2021\/11\/1266suvemaja-caroline-set2-21-66m-3-toaga-0-scaled.jpg","type":"image\/jpeg"}],"twitter_card":"summary_large_image","twitter_misc":{"Est. reading time":"1 minut"},"schema":{"@context":"https:\/\/schema.org","@graph":[{"@type":"WebPage","@id":"https:\/\/alekeskus.eu\/toode\/suvemaja-karoliine2-alekeskus\/","url":"https:\/\/alekeskus.eu\/toode\/suvemaja-karoliine2-alekeskus\/","name":"Suvemaja Karoliine2 21,7 m\u00b2 3 ruumi ja magamiskorrusega - Alekeskus","isPartOf":{"@id":"https:\/\/alekeskus.eu\/#website"},"primaryImageOfPage":{"@id":"https:\/\/alekeskus.eu\/toode\/suvemaja-karoliine2-alekeskus\/#primaryimage"},"image":{"@id":"https:\/\/alekeskus.eu\/toode\/suvemaja-karoliine2-alekeskus\/#primaryimage"},"thumbnailUrl":"https:\/\/alekeskus.eu\/wp-content\/uploads\/2021\/11\/1266suvemaja-caroline-set2-21-66m-3-toaga-0-scaled.jpg","datePublished":"2024-09-11T22:34:38+00:00","dateModified":"2026-01-07T13:28:59+00:00","description":"Suvemaja freespalgist ja magamiskorrusega","breadcrumb":{"@id":"https:\/\/alekeskus.eu\/toode\/suvemaja-karoliine2-alekeskus\/#breadcrumb"},"inLanguage":"et","potentialAction":[{"@type":"ReadAction","target":["https:\/\/alekeskus.eu\/toode\/suvemaja-karoliine2-alekeskus\/"]}]},{"@type":"ImageObject","inLanguage":"et","@id":"https:\/\/alekeskus.eu\/toode\/suvemaja-karoliine2-alekeskus\/#primaryimage","url":"https:\/\/alekeskus.eu\/wp-content\/uploads\/2021\/11\/1266suvemaja-caroline-set2-21-66m-3-toaga-0-scaled.jpg","contentUrl":"https:\/\/alekeskus.eu\/wp-content\/uploads\/2021\/11\/1266suvemaja-caroline-set2-21-66m-3-toaga-0-scaled.jpg","width":1600,"height":1067},{"@type":"BreadcrumbList","@id":"https:\/\/alekeskus.eu\/toode\/suvemaja-karoliine2-alekeskus\/#breadcrumb","itemListElement":[{"@type":"ListItem","position":1,"name":"Avaleht","item":"https:\/\/alekeskus.eu\/et\/"},{"@type":"ListItem","position":2,"name":"Pood","item":"https:\/\/alekeskus.eu\/pood\/"},{"@type":"ListItem","position":3,"name":"Suvemaja Karoliine2 21,7 m\u00b2 3 ruumi ja magamiskorrusega"}]},{"@type":"WebSite","@id":"https:\/\/alekeskus.eu\/#website","url":"https:\/\/alekeskus.eu\/","name":"Alekeskus","description":"Alekeskus.eu","potentialAction":[{"@type":"SearchAction","target":{"@type":"EntryPoint","urlTemplate":"https:\/\/alekeskus.eu\/?s={search_term_string}"},"query-input":{"@type":"PropertyValueSpecification","valueRequired":true,"valueName":"search_term_string"}}],"inLanguage":"et"}]}},"brands":[],"_links":{"self":[{"href":"https:\/\/alekeskus.eu\/et\/wp-json\/wp\/v2\/product\/66667","targetHints":{"allow":["GET"]}}],"collection":[{"href":"https:\/\/alekeskus.eu\/et\/wp-json\/wp\/v2\/product"}],"about":[{"href":"https:\/\/alekeskus.eu\/et\/wp-json\/wp\/v2\/types\/product"}],"wp:featuredmedia":[{"embeddable":true,"href":"https:\/\/alekeskus.eu\/et\/wp-json\/wp\/v2\/media\/66653"}],"wp:attachment":[{"href":"https:\/\/alekeskus.eu\/et\/wp-json\/wp\/v2\/media?parent=66667"}],"wp:term":[{"taxonomy":"pwb-brand","embeddable":true,"href":"https:\/\/alekeskus.eu\/et\/wp-json\/wp\/v2\/pwb-brand?post=66667"},{"taxonomy":"product_brand","embeddable":true,"href":"https:\/\/alekeskus.eu\/et\/wp-json\/wp\/v2\/product_brand?post=66667"},{"taxonomy":"product_cat","embeddable":true,"href":"https:\/\/alekeskus.eu\/et\/wp-json\/wp\/v2\/product_cat?post=66667"},{"taxonomy":"product_tag","embeddable":true,"href":"https:\/\/alekeskus.eu\/et\/wp-json\/wp\/v2\/product_tag?post=66667"}],"curies":[{"name":"wp","href":"https:\/\/api.w.org\/{rel}","templated":true}]}}