{"id":66731,"date":"2026-01-11T22:35:28","date_gmt":"2026-01-11T22:35:28","guid":{"rendered":"http:\/\/alekeskus.eu\/product\/suvemaja-caroline-gold-2166m%c2%b2-3-toaga\/"},"modified":"2026-01-22T14:06:45","modified_gmt":"2026-01-22T14:06:45","slug":"suvemaja-karoliine-kuld-alekeskus","status":"publish","type":"product","link":"https:\/\/alekeskus.eu\/et\/toode\/suvemaja-karoliine-kuld-alekeskus\/","title":{"rendered":"Suvemaja Karoliine Kuld 21,7 m\u00b2 3 ruumi ja magamiskorrusega"},"content":{"rendered":"<p>Sein v\u00e4rvitakse 3-st k\u00fcljest, ka punnsooned. 4 standardv\u00e4rvi: rootsi punane, s\u00fcsihall, helehall, roheline. Sisepind j\u00e4\u00e4b naturaalseks. Maja nurgad on v\u00e4rvitud igast k\u00fcljest. V\u00e4rvi kantakse 2 kihti. \u27a2 P\u00f5randa- ja laelauad ning p\u00e4rlinid j\u00e4\u00e4vad v\u00e4rvimata. \u27a2 Aknad ja uksed v\u00e4rvitakse valgeks igast k\u00fcljest. \u27a2 K\u00f5ik v\u00e4lised liistud (viilulauad ja liistud) v\u00e4rvitakse valgeks. \u27a2 Kvaliteetme v\u00e4rv tuntud Saksa ettev\u00f5ttelt OSMO<\/p>\n<p>Paigaldusohje: <a href=\"https:\/\/alekeskus.eu\/wp-content\/uploads\/2023\/06\/Karoliine-Kuld-ohje.pdf\">Karoliine Kuld ohje<\/a><\/p>\n","protected":false},"excerpt":{"rendered":"<p>V\u00e4lism\u00f5\u00f5dud: <strong>575<\/strong><b> x 390 cm. <\/b>Harja k\u00f5rgus<strong> 331 cm, <\/strong>seina k\u00f5rgus<strong> 234 cm.\u00a0<\/strong><\/p>\n<ul>\n<li>tuuletapiga freespalk <strong>40 mm <\/strong>tormikinnitustega<\/li>\n<li>3 ruumi, magamiskorrus<\/li>\n<li>s\u00fcvaimmutatud alusraam 70 x 45 mm<\/li>\n<li>punnitud p\u00f5randa- ja katuselauad 18 x 90 mm<\/li>\n<li>pakettklaasiga silinderlukuga v\u00e4lisuks 149 x 196 cm; puidust siseuks 84 x 190 cm(siseukse asukoha saab ise valitada)<\/li>\n<li>kaldp\u00f6\u00f6rd avatavad pakettaknad 129 x 88; 88 x 88; 54 x 54 cm (sama maja \u00fchekordse klaasiga akende ja uksega Karoliine H\u00f5be)<\/li>\n<li>katus 27\u00b0\/37 m<sup>2<\/sup>, r\u00e4\u00e4stad 50 cm<\/li>\n<li>katusekate lisahinnaga (tarve 14 pakki bituumensindlit)<\/li>\n<li>magamiskorrusele viiv redel<\/li>\n<li>1. korruse v\u00e4ikeste ruumide k\u00f5rgus p\u00f5randast talade alla 197 cm<\/li>\n<li>kinnitusvahendid ja juhend<\/li>\n<li>lisahinnaga: v\u00e4ljast v\u00e4rvituna(loe alt kirjeldust)+2700\u20ac, terrass +550\u20ac, 1.korruse v\u00f5i 2.korruse seinak\u00f5rgendused +150\u20ac\/palgirida<\/li>\n<li>Eesti toodetud<\/li>\n<li>ilmastikukindel pakend<\/li>\n<li>peegelpildis paigaldatav<\/li>\n<\/ul>\n<p>Vedu mandril tellijapoolse mahalaadimisega 180\u20ac v\u00f5i kraana-autoga 350\u20ac(suursaartele vastavalt 280\u20ac ja 590\u20ac).<\/p>\n<p>K\u00fcsi paigaldust!<\/p>\n","protected":false},"featured_media":66711,"template":"","meta":{"_monsterinsights_skip_tracking":false,"_monsterinsights_sitenote_active":false,"_monsterinsights_sitenote_note":"","_monsterinsights_sitenote_category":0},"pwb-brand":[],"product_brand":[],"product_cat":[17182,13592,13538,13540,13604,13608,13610],"product_tag":[15291,13864,13910,13913,13970,14252,13813,14278,17515,13831,17866,13833,15285,18033],"class_list":{"0":"post-66731","1":"product","2":"type-product","3":"status-publish","4":"has-post-thumbnail","6":"product_cat-suvekoogid-alekeskus","7":"product_cat-aia-ja-grillmajad","8":"product_cat-ale","9":"product_cat-hooned-alekeskus","10":"product_cat-saunad","11":"product_cat-kontorid","12":"product_cat-suvilad","13":"product_tag-lisamajutus","14":"product_tag-huvimaja","15":"product_tag-majutus","16":"product_tag-vierasmaja","17":"product_tag-suvila","18":"product_tag-suvemaja","19":"product_tag-aiamaja","20":"product_tag-kulalistemaja","21":"product_tag-saunamokki","22":"product_tag-mokki","23":"product_tag-hirsimokki","24":"product_tag-pihamaja","25":"product_tag-kesamokki","26":"product_tag-rantamokki-2","27":"product_shipping_class-alates-1000kg","28":"pa_garantii-5-aastat","29":"pa_kaalkg-15300","30":"pa_kohaletoimetamine-alates-180e","31":"pa_laoasukoht-tartumaa","32":"pa_pakendimoodud-630x118x94-202x118x43-cm","33":"pa_pindalam-13985","34":"pa_seinapaksus-40-mm","35":"pa_tellimisaeg-6-8-nadalat","36":"pa_varv-viimistlemata","37":"pa_veame-eesti-ja-soome","39":"first","40":"instock","41":"sale","42":"featured","43":"taxable","44":"shipping-taxable","45":"purchasable","46":"product-type-simple"},"yoast_head":"<!-- This site is optimized with the Yoast SEO plugin v27.3 - https:\/\/yoast.com\/product\/yoast-seo-wordpress\/ -->\n<title>Suvemaja Karoliine Kuld 21,7 m\u00b2 3 ruumi ja magamiskorrusega - Alekeskus<\/title>\n<meta name=\"description\" content=\"Suvemaja Karoliine Kuld on pakettklaasid, kuid odavam Silver on \u00fchekordsete klaasidega.\" \/>\n<meta name=\"robots\" content=\"index, follow, max-snippet:-1, max-image-preview:large, max-video-preview:-1\" \/>\n<link rel=\"canonical\" href=\"https:\/\/alekeskus.eu\/toode\/suvemaja-karoliine-kuld-alekeskus\/\" \/>\n<meta property=\"og:locale\" content=\"et_EE\" \/>\n<meta property=\"og:type\" content=\"article\" \/>\n<meta property=\"og:title\" content=\"Suvemaja Karoliine Kuld 21,7 m\u00b2 3 ruumi ja magamiskorrusega - Alekeskus\" \/>\n<meta property=\"og:description\" content=\"Suvemaja Karoliine Kuld on pakettklaasid, kuid odavam Silver on \u00fchekordsete klaasidega.\" \/>\n<meta property=\"og:url\" content=\"https:\/\/alekeskus.eu\/toode\/suvemaja-karoliine-kuld-alekeskus\/\" \/>\n<meta property=\"og:site_name\" content=\"Alekeskus\" \/>\n<meta property=\"article:modified_time\" content=\"2026-01-22T14:06:45+00:00\" \/>\n<meta property=\"og:image\" content=\"https:\/\/alekeskus.eu\/wp-content\/uploads\/2021\/11\/1272suvemaja-caroline-gold-21-66m-3-toaga-0-scaled.jpg\" \/>\n\t<meta property=\"og:image:width\" content=\"1600\" \/>\n\t<meta property=\"og:image:height\" content=\"1067\" \/>\n\t<meta property=\"og:image:type\" content=\"image\/jpeg\" \/>\n<meta name=\"twitter:card\" content=\"summary_large_image\" \/>\n<meta name=\"twitter:label1\" content=\"Est. reading time\" \/>\n\t<meta name=\"twitter:data1\" content=\"1 minut\" \/>\n<script type=\"application\/ld+json\" class=\"yoast-schema-graph\">{\"@context\":\"https:\\\/\\\/schema.org\",\"@graph\":[{\"@type\":\"WebPage\",\"@id\":\"https:\\\/\\\/alekeskus.eu\\\/toode\\\/suvemaja-karoliine-kuld-alekeskus\\\/\",\"url\":\"https:\\\/\\\/alekeskus.eu\\\/toode\\\/suvemaja-karoliine-kuld-alekeskus\\\/\",\"name\":\"Suvemaja Karoliine Kuld 21,7 m\u00b2 3 ruumi ja magamiskorrusega - Alekeskus\",\"isPartOf\":{\"@id\":\"https:\\\/\\\/alekeskus.eu\\\/#website\"},\"primaryImageOfPage\":{\"@id\":\"https:\\\/\\\/alekeskus.eu\\\/toode\\\/suvemaja-karoliine-kuld-alekeskus\\\/#primaryimage\"},\"image\":{\"@id\":\"https:\\\/\\\/alekeskus.eu\\\/toode\\\/suvemaja-karoliine-kuld-alekeskus\\\/#primaryimage\"},\"thumbnailUrl\":\"https:\\\/\\\/alekeskus.eu\\\/wp-content\\\/uploads\\\/2021\\\/11\\\/1272suvemaja-caroline-gold-21-66m-3-toaga-0-scaled.jpg\",\"datePublished\":\"2026-01-11T22:35:28+00:00\",\"dateModified\":\"2026-01-22T14:06:45+00:00\",\"description\":\"Suvemaja Karoliine Kuld on pakettklaasid, kuid odavam Silver on \u00fchekordsete klaasidega.\",\"breadcrumb\":{\"@id\":\"https:\\\/\\\/alekeskus.eu\\\/toode\\\/suvemaja-karoliine-kuld-alekeskus\\\/#breadcrumb\"},\"inLanguage\":\"et\",\"potentialAction\":[{\"@type\":\"ReadAction\",\"target\":[\"https:\\\/\\\/alekeskus.eu\\\/toode\\\/suvemaja-karoliine-kuld-alekeskus\\\/\"]}]},{\"@type\":\"ImageObject\",\"inLanguage\":\"et\",\"@id\":\"https:\\\/\\\/alekeskus.eu\\\/toode\\\/suvemaja-karoliine-kuld-alekeskus\\\/#primaryimage\",\"url\":\"https:\\\/\\\/alekeskus.eu\\\/wp-content\\\/uploads\\\/2021\\\/11\\\/1272suvemaja-caroline-gold-21-66m-3-toaga-0-scaled.jpg\",\"contentUrl\":\"https:\\\/\\\/alekeskus.eu\\\/wp-content\\\/uploads\\\/2021\\\/11\\\/1272suvemaja-caroline-gold-21-66m-3-toaga-0-scaled.jpg\",\"width\":1600,\"height\":1067},{\"@type\":\"BreadcrumbList\",\"@id\":\"https:\\\/\\\/alekeskus.eu\\\/toode\\\/suvemaja-karoliine-kuld-alekeskus\\\/#breadcrumb\",\"itemListElement\":[{\"@type\":\"ListItem\",\"position\":1,\"name\":\"Avaleht\",\"item\":\"https:\\\/\\\/alekeskus.eu\\\/et\\\/\"},{\"@type\":\"ListItem\",\"position\":2,\"name\":\"Pood\",\"item\":\"https:\\\/\\\/alekeskus.eu\\\/pood\\\/\"},{\"@type\":\"ListItem\",\"position\":3,\"name\":\"Suvemaja Karoliine Kuld 21,7 m\u00b2 3 ruumi ja magamiskorrusega\"}]},{\"@type\":\"WebSite\",\"@id\":\"https:\\\/\\\/alekeskus.eu\\\/#website\",\"url\":\"https:\\\/\\\/alekeskus.eu\\\/\",\"name\":\"Alekeskus\",\"description\":\"Alekeskus.eu\",\"potentialAction\":[{\"@type\":\"SearchAction\",\"target\":{\"@type\":\"EntryPoint\",\"urlTemplate\":\"https:\\\/\\\/alekeskus.eu\\\/?s={search_term_string}\"},\"query-input\":{\"@type\":\"PropertyValueSpecification\",\"valueRequired\":true,\"valueName\":\"search_term_string\"}}],\"inLanguage\":\"et\"}]}<\/script>\n<!-- \/ Yoast SEO plugin. -->","yoast_head_json":{"title":"Suvemaja Karoliine Kuld 21,7 m\u00b2 3 ruumi ja magamiskorrusega - Alekeskus","description":"Suvemaja Karoliine Kuld on pakettklaasid, kuid odavam Silver on \u00fchekordsete klaasidega.","robots":{"index":"index","follow":"follow","max-snippet":"max-snippet:-1","max-image-preview":"max-image-preview:large","max-video-preview":"max-video-preview:-1"},"canonical":"https:\/\/alekeskus.eu\/toode\/suvemaja-karoliine-kuld-alekeskus\/","og_locale":"et_EE","og_type":"article","og_title":"Suvemaja Karoliine Kuld 21,7 m\u00b2 3 ruumi ja magamiskorrusega - Alekeskus","og_description":"Suvemaja Karoliine Kuld on pakettklaasid, kuid odavam Silver on \u00fchekordsete klaasidega.","og_url":"https:\/\/alekeskus.eu\/toode\/suvemaja-karoliine-kuld-alekeskus\/","og_site_name":"Alekeskus","article_modified_time":"2026-01-22T14:06:45+00:00","og_image":[{"width":1600,"height":1067,"url":"https:\/\/alekeskus.eu\/wp-content\/uploads\/2021\/11\/1272suvemaja-caroline-gold-21-66m-3-toaga-0-scaled.jpg","type":"image\/jpeg"}],"twitter_card":"summary_large_image","twitter_misc":{"Est. reading time":"1 minut"},"schema":{"@context":"https:\/\/schema.org","@graph":[{"@type":"WebPage","@id":"https:\/\/alekeskus.eu\/toode\/suvemaja-karoliine-kuld-alekeskus\/","url":"https:\/\/alekeskus.eu\/toode\/suvemaja-karoliine-kuld-alekeskus\/","name":"Suvemaja Karoliine Kuld 21,7 m\u00b2 3 ruumi ja magamiskorrusega - Alekeskus","isPartOf":{"@id":"https:\/\/alekeskus.eu\/#website"},"primaryImageOfPage":{"@id":"https:\/\/alekeskus.eu\/toode\/suvemaja-karoliine-kuld-alekeskus\/#primaryimage"},"image":{"@id":"https:\/\/alekeskus.eu\/toode\/suvemaja-karoliine-kuld-alekeskus\/#primaryimage"},"thumbnailUrl":"https:\/\/alekeskus.eu\/wp-content\/uploads\/2021\/11\/1272suvemaja-caroline-gold-21-66m-3-toaga-0-scaled.jpg","datePublished":"2026-01-11T22:35:28+00:00","dateModified":"2026-01-22T14:06:45+00:00","description":"Suvemaja Karoliine Kuld on pakettklaasid, kuid odavam Silver on \u00fchekordsete klaasidega.","breadcrumb":{"@id":"https:\/\/alekeskus.eu\/toode\/suvemaja-karoliine-kuld-alekeskus\/#breadcrumb"},"inLanguage":"et","potentialAction":[{"@type":"ReadAction","target":["https:\/\/alekeskus.eu\/toode\/suvemaja-karoliine-kuld-alekeskus\/"]}]},{"@type":"ImageObject","inLanguage":"et","@id":"https:\/\/alekeskus.eu\/toode\/suvemaja-karoliine-kuld-alekeskus\/#primaryimage","url":"https:\/\/alekeskus.eu\/wp-content\/uploads\/2021\/11\/1272suvemaja-caroline-gold-21-66m-3-toaga-0-scaled.jpg","contentUrl":"https:\/\/alekeskus.eu\/wp-content\/uploads\/2021\/11\/1272suvemaja-caroline-gold-21-66m-3-toaga-0-scaled.jpg","width":1600,"height":1067},{"@type":"BreadcrumbList","@id":"https:\/\/alekeskus.eu\/toode\/suvemaja-karoliine-kuld-alekeskus\/#breadcrumb","itemListElement":[{"@type":"ListItem","position":1,"name":"Avaleht","item":"https:\/\/alekeskus.eu\/et\/"},{"@type":"ListItem","position":2,"name":"Pood","item":"https:\/\/alekeskus.eu\/pood\/"},{"@type":"ListItem","position":3,"name":"Suvemaja Karoliine Kuld 21,7 m\u00b2 3 ruumi ja magamiskorrusega"}]},{"@type":"WebSite","@id":"https:\/\/alekeskus.eu\/#website","url":"https:\/\/alekeskus.eu\/","name":"Alekeskus","description":"Alekeskus.eu","potentialAction":[{"@type":"SearchAction","target":{"@type":"EntryPoint","urlTemplate":"https:\/\/alekeskus.eu\/?s={search_term_string}"},"query-input":{"@type":"PropertyValueSpecification","valueRequired":true,"valueName":"search_term_string"}}],"inLanguage":"et"}]}},"brands":[],"_links":{"self":[{"href":"https:\/\/alekeskus.eu\/et\/wp-json\/wp\/v2\/product\/66731","targetHints":{"allow":["GET"]}}],"collection":[{"href":"https:\/\/alekeskus.eu\/et\/wp-json\/wp\/v2\/product"}],"about":[{"href":"https:\/\/alekeskus.eu\/et\/wp-json\/wp\/v2\/types\/product"}],"wp:featuredmedia":[{"embeddable":true,"href":"https:\/\/alekeskus.eu\/et\/wp-json\/wp\/v2\/media\/66711"}],"wp:attachment":[{"href":"https:\/\/alekeskus.eu\/et\/wp-json\/wp\/v2\/media?parent=66731"}],"wp:term":[{"taxonomy":"pwb-brand","embeddable":true,"href":"https:\/\/alekeskus.eu\/et\/wp-json\/wp\/v2\/pwb-brand?post=66731"},{"taxonomy":"product_brand","embeddable":true,"href":"https:\/\/alekeskus.eu\/et\/wp-json\/wp\/v2\/product_brand?post=66731"},{"taxonomy":"product_cat","embeddable":true,"href":"https:\/\/alekeskus.eu\/et\/wp-json\/wp\/v2\/product_cat?post=66731"},{"taxonomy":"product_tag","embeddable":true,"href":"https:\/\/alekeskus.eu\/et\/wp-json\/wp\/v2\/product_tag?post=66731"}],"curies":[{"name":"wp","href":"https:\/\/api.w.org\/{rel}","templated":true}]}}