{"id":66806,"date":"2025-11-11T22:36:35","date_gmt":"2025-11-11T22:36:35","guid":{"rendered":"http:\/\/alekeskus.eu\/product\/aiamaja-niina-46m%c2%b2\/"},"modified":"2026-02-25T18:13:59","modified_gmt":"2026-02-25T18:13:59","slug":"aiamaja-niina-46m%c2%b2-alekeskus","status":"publish","type":"product","link":"https:\/\/alekeskus.eu\/et\/toode\/aiamaja-niina-46m%c2%b2-alekeskus\/","title":{"rendered":"Aiamaja Niina 4,6 m\u00b2"},"content":{"rendered":"<p>Sein v\u00e4rvitakse 3-st k\u00fcljest, ka punnsooned. 4 standardv\u00e4rvi: rootsi punane, s\u00fcsihall, helehall, roheline.\u00a0Sisepind j\u00e4\u00e4b naturaalseks. Maja nurgad on v\u00e4rvitud igast k\u00fcljest. V\u00e4rvi kantakse detailidele 2 kihti. \u27a2 P\u00f5randa- ja laelauad ning p\u00e4rlinid j\u00e4\u00e4vad v\u00e4rvimata. \u27a2 Aknad ja uksed v\u00e4rvitakse valgeks igast k\u00fcljest. \u27a2 K\u00f5ik v\u00e4lised liistud (viilulauad ja liistud) v\u00e4rvitakse valgeks. \u27a2 V\u00e4rvimiseks kasutame kvaliteetset v\u00e4rvi tuntud saksa ettev\u00f5ttelt OSMO<\/p>\n<p>V\u00e4rvimata tootel on pikem tellimisaeg.<\/p>\n","protected":false},"excerpt":{"rendered":"<p>V\u00e4lism\u00f5\u00f5dud: <strong>275<\/strong><b>\u00a0x 175 cm.\u00a0<\/b>Harja k\u00f5rgus<strong> 234 cm, <\/strong>r\u00e4\u00e4sta\u00a0k\u00f5rgus <strong>194 cm<\/strong>.<strong>\u00a0<\/strong><\/p>\n<ul>\n<li>tuuletapiga <strong>freespalk 28 mm<\/strong> tormikinnitustega<\/li>\n<li>punniga katuselauad 15 x 90 mm<\/li>\n<li>p\u00f5randat ei ole<\/li>\n<li>katusekate lisahinnaga<\/li>\n<li>klaasiga uks silinderlukuga 78 x 185 cm<\/li>\n<li>sisseavanev aken 69 x 88 cm<\/li>\n<li>\n<div class=\"spec-name\">katuse kalle 16\u00b0, pindala 6,2 m<sup>2<\/sup><\/div>\n<\/li>\n<li>\n<div class=\"spec-name\">kinnitusvahendid ja p\u00fcstitusjuhend<\/div>\n<\/li>\n<li>\n<div class=\"spec-name\">tellitav v\u00e4ljast v\u00e4rvituna(hele-ja tumehall, rootsi punane, roheline, avat\u00e4ited-liistud \u00fcleni valged) +800\u20ac, tellimisaeg 3-4 n\u00e4dalat pikem<\/div>\n<\/li>\n<li>\n<div class=\"spec-name\">ilmastikukindel pakend<\/div>\n<\/li>\n<li>\n<div class=\"spec-name\">Eesti toode<\/div>\n<\/li>\n<li>\n<div class=\"spec-name\">tehase 5-aastane garantii<\/div>\n<\/li>\n<li>\n<div class=\"spec-name\">paigaldatav peegelpildis<\/div>\n<\/li>\n<\/ul>\n<p>Vedu mandril tellijapoolse mahalaadimisega 100\u20ac v\u00f5i kraana-autoga 350\u20ac(suursaartele vastavalt 180\u20ac ja 590\u20ac).<\/p>\n<p>K\u00fcsi ka paigaldust!<\/p>\n","protected":false},"featured_media":66792,"template":"","meta":{"_monsterinsights_skip_tracking":false,"_monsterinsights_sitenote_active":false,"_monsterinsights_sitenote_note":"","_monsterinsights_sitenote_category":0},"pwb-brand":[],"product_brand":[],"product_cat":[13538,13592,13540,13594,13600],"product_tag":[15674,13813,13815,17936,14252,14264,14265,14277],"class_list":{"0":"post-66806","1":"product","2":"type-product","3":"status-publish","4":"has-post-thumbnail","6":"product_cat-ale","7":"product_cat-aia-ja-grillmajad","8":"product_cat-hooned-alekeskus","9":"product_cat-mangumajad","10":"product_cat-kuurid-aidad-kioskid","11":"product_tag-garden-shed","12":"product_tag-aiamaja","13":"product_tag-kuur","14":"product_tag-pihavarasto","15":"product_tag-suvemaja","16":"product_tag-aiakuur","17":"product_tag-pihavaja","18":"product_tag-freespalk","19":"product_shipping_class-kuni-1000kg","20":"pa_garantii-5-aastat","21":"pa_kohaletoimetamine-alates-100e","22":"pa_laoasukoht-tartumaa","23":"pa_pindalam-15317","24":"pa_seinapaksus-28-mm","25":"pa_varv-roheline","26":"pa_varv-punane","27":"pa_varv-viimistlemata","28":"pa_varv-tumehall","29":"pa_varv-helehall","30":"pa_veame-eesti-ja-soome","32":"first","33":"instock","34":"sale","35":"featured","36":"taxable","37":"shipping-taxable","38":"purchasable","39":"product-type-variable","40":"has-default-attributes"},"yoast_head":"<!-- This site is optimized with the Yoast SEO plugin v27.3 - https:\/\/yoast.com\/product\/yoast-seo-wordpress\/ -->\n<title>Aiamaja Niina 4,6 m\u00b2 - Alekeskus<\/title>\n<meta name=\"description\" content=\"puidust aiamaja niina\" \/>\n<meta name=\"robots\" content=\"index, follow, max-snippet:-1, max-image-preview:large, max-video-preview:-1\" \/>\n<link rel=\"canonical\" href=\"https:\/\/alekeskus.eu\/et\/toode\/aiamaja-niina-46m\u00b2-alekeskus\/\" \/>\n<meta property=\"og:locale\" content=\"et_EE\" \/>\n<meta property=\"og:type\" content=\"article\" \/>\n<meta property=\"og:title\" content=\"Aiamaja Niina 4,6 m\u00b2 - Alekeskus\" \/>\n<meta property=\"og:description\" content=\"puidust aiamaja niina\" \/>\n<meta property=\"og:url\" content=\"https:\/\/alekeskus.eu\/et\/toode\/aiamaja-niina-46m\u00b2-alekeskus\/\" \/>\n<meta property=\"og:site_name\" content=\"Alekeskus\" \/>\n<meta property=\"article:modified_time\" content=\"2026-02-25T18:13:59+00:00\" \/>\n<meta property=\"og:image\" content=\"https:\/\/alekeskus.eu\/wp-content\/uploads\/2021\/11\/1288aiamaja-niina-4-6m-0.jpg\" \/>\n\t<meta property=\"og:image:width\" content=\"1600\" \/>\n\t<meta property=\"og:image:height\" content=\"1067\" \/>\n\t<meta property=\"og:image:type\" content=\"image\/jpeg\" \/>\n<meta name=\"twitter:card\" content=\"summary_large_image\" \/>\n<meta name=\"twitter:label1\" content=\"Est. reading time\" \/>\n\t<meta name=\"twitter:data1\" content=\"1 minut\" \/>\n<script type=\"application\/ld+json\" class=\"yoast-schema-graph\">{\"@context\":\"https:\\\/\\\/schema.org\",\"@graph\":[{\"@type\":\"WebPage\",\"@id\":\"https:\\\/\\\/alekeskus.eu\\\/et\\\/toode\\\/aiamaja-niina-46m%c2%b2-alekeskus\\\/\",\"url\":\"https:\\\/\\\/alekeskus.eu\\\/et\\\/toode\\\/aiamaja-niina-46m%c2%b2-alekeskus\\\/\",\"name\":\"Aiamaja Niina 4,6 m\u00b2 - Alekeskus\",\"isPartOf\":{\"@id\":\"https:\\\/\\\/alekeskus.eu\\\/#website\"},\"primaryImageOfPage\":{\"@id\":\"https:\\\/\\\/alekeskus.eu\\\/et\\\/toode\\\/aiamaja-niina-46m%c2%b2-alekeskus\\\/#primaryimage\"},\"image\":{\"@id\":\"https:\\\/\\\/alekeskus.eu\\\/et\\\/toode\\\/aiamaja-niina-46m%c2%b2-alekeskus\\\/#primaryimage\"},\"thumbnailUrl\":\"https:\\\/\\\/alekeskus.eu\\\/wp-content\\\/uploads\\\/2021\\\/11\\\/1288aiamaja-niina-4-6m-0.jpg\",\"datePublished\":\"2025-11-11T22:36:35+00:00\",\"dateModified\":\"2026-02-25T18:13:59+00:00\",\"description\":\"puidust aiamaja niina\",\"breadcrumb\":{\"@id\":\"https:\\\/\\\/alekeskus.eu\\\/et\\\/toode\\\/aiamaja-niina-46m%c2%b2-alekeskus\\\/#breadcrumb\"},\"inLanguage\":\"et\",\"potentialAction\":[{\"@type\":\"ReadAction\",\"target\":[\"https:\\\/\\\/alekeskus.eu\\\/et\\\/toode\\\/aiamaja-niina-46m%c2%b2-alekeskus\\\/\"]}]},{\"@type\":\"ImageObject\",\"inLanguage\":\"et\",\"@id\":\"https:\\\/\\\/alekeskus.eu\\\/et\\\/toode\\\/aiamaja-niina-46m%c2%b2-alekeskus\\\/#primaryimage\",\"url\":\"https:\\\/\\\/alekeskus.eu\\\/wp-content\\\/uploads\\\/2021\\\/11\\\/1288aiamaja-niina-4-6m-0.jpg\",\"contentUrl\":\"https:\\\/\\\/alekeskus.eu\\\/wp-content\\\/uploads\\\/2021\\\/11\\\/1288aiamaja-niina-4-6m-0.jpg\",\"width\":1600,\"height\":1067},{\"@type\":\"BreadcrumbList\",\"@id\":\"https:\\\/\\\/alekeskus.eu\\\/et\\\/toode\\\/aiamaja-niina-46m%c2%b2-alekeskus\\\/#breadcrumb\",\"itemListElement\":[{\"@type\":\"ListItem\",\"position\":1,\"name\":\"Avaleht\",\"item\":\"https:\\\/\\\/alekeskus.eu\\\/et\\\/\"},{\"@type\":\"ListItem\",\"position\":2,\"name\":\"Pood\",\"item\":\"https:\\\/\\\/alekeskus.eu\\\/pood\\\/\"},{\"@type\":\"ListItem\",\"position\":3,\"name\":\"Aiamaja Niina 4,6 m\u00b2\"}]},{\"@type\":\"WebSite\",\"@id\":\"https:\\\/\\\/alekeskus.eu\\\/#website\",\"url\":\"https:\\\/\\\/alekeskus.eu\\\/\",\"name\":\"Alekeskus\",\"description\":\"Alekeskus.eu\",\"potentialAction\":[{\"@type\":\"SearchAction\",\"target\":{\"@type\":\"EntryPoint\",\"urlTemplate\":\"https:\\\/\\\/alekeskus.eu\\\/?s={search_term_string}\"},\"query-input\":{\"@type\":\"PropertyValueSpecification\",\"valueRequired\":true,\"valueName\":\"search_term_string\"}}],\"inLanguage\":\"et\"}]}<\/script>\n<!-- \/ Yoast SEO plugin. -->","yoast_head_json":{"title":"Aiamaja Niina 4,6 m\u00b2 - Alekeskus","description":"puidust aiamaja niina","robots":{"index":"index","follow":"follow","max-snippet":"max-snippet:-1","max-image-preview":"max-image-preview:large","max-video-preview":"max-video-preview:-1"},"canonical":"https:\/\/alekeskus.eu\/et\/toode\/aiamaja-niina-46m\u00b2-alekeskus\/","og_locale":"et_EE","og_type":"article","og_title":"Aiamaja Niina 4,6 m\u00b2 - Alekeskus","og_description":"puidust aiamaja niina","og_url":"https:\/\/alekeskus.eu\/et\/toode\/aiamaja-niina-46m\u00b2-alekeskus\/","og_site_name":"Alekeskus","article_modified_time":"2026-02-25T18:13:59+00:00","og_image":[{"width":1600,"height":1067,"url":"https:\/\/alekeskus.eu\/wp-content\/uploads\/2021\/11\/1288aiamaja-niina-4-6m-0.jpg","type":"image\/jpeg"}],"twitter_card":"summary_large_image","twitter_misc":{"Est. reading time":"1 minut"},"schema":{"@context":"https:\/\/schema.org","@graph":[{"@type":"WebPage","@id":"https:\/\/alekeskus.eu\/et\/toode\/aiamaja-niina-46m%c2%b2-alekeskus\/","url":"https:\/\/alekeskus.eu\/et\/toode\/aiamaja-niina-46m%c2%b2-alekeskus\/","name":"Aiamaja Niina 4,6 m\u00b2 - Alekeskus","isPartOf":{"@id":"https:\/\/alekeskus.eu\/#website"},"primaryImageOfPage":{"@id":"https:\/\/alekeskus.eu\/et\/toode\/aiamaja-niina-46m%c2%b2-alekeskus\/#primaryimage"},"image":{"@id":"https:\/\/alekeskus.eu\/et\/toode\/aiamaja-niina-46m%c2%b2-alekeskus\/#primaryimage"},"thumbnailUrl":"https:\/\/alekeskus.eu\/wp-content\/uploads\/2021\/11\/1288aiamaja-niina-4-6m-0.jpg","datePublished":"2025-11-11T22:36:35+00:00","dateModified":"2026-02-25T18:13:59+00:00","description":"puidust aiamaja niina","breadcrumb":{"@id":"https:\/\/alekeskus.eu\/et\/toode\/aiamaja-niina-46m%c2%b2-alekeskus\/#breadcrumb"},"inLanguage":"et","potentialAction":[{"@type":"ReadAction","target":["https:\/\/alekeskus.eu\/et\/toode\/aiamaja-niina-46m%c2%b2-alekeskus\/"]}]},{"@type":"ImageObject","inLanguage":"et","@id":"https:\/\/alekeskus.eu\/et\/toode\/aiamaja-niina-46m%c2%b2-alekeskus\/#primaryimage","url":"https:\/\/alekeskus.eu\/wp-content\/uploads\/2021\/11\/1288aiamaja-niina-4-6m-0.jpg","contentUrl":"https:\/\/alekeskus.eu\/wp-content\/uploads\/2021\/11\/1288aiamaja-niina-4-6m-0.jpg","width":1600,"height":1067},{"@type":"BreadcrumbList","@id":"https:\/\/alekeskus.eu\/et\/toode\/aiamaja-niina-46m%c2%b2-alekeskus\/#breadcrumb","itemListElement":[{"@type":"ListItem","position":1,"name":"Avaleht","item":"https:\/\/alekeskus.eu\/et\/"},{"@type":"ListItem","position":2,"name":"Pood","item":"https:\/\/alekeskus.eu\/pood\/"},{"@type":"ListItem","position":3,"name":"Aiamaja Niina 4,6 m\u00b2"}]},{"@type":"WebSite","@id":"https:\/\/alekeskus.eu\/#website","url":"https:\/\/alekeskus.eu\/","name":"Alekeskus","description":"Alekeskus.eu","potentialAction":[{"@type":"SearchAction","target":{"@type":"EntryPoint","urlTemplate":"https:\/\/alekeskus.eu\/?s={search_term_string}"},"query-input":{"@type":"PropertyValueSpecification","valueRequired":true,"valueName":"search_term_string"}}],"inLanguage":"et"}]}},"brands":[],"_links":{"self":[{"href":"https:\/\/alekeskus.eu\/et\/wp-json\/wp\/v2\/product\/66806","targetHints":{"allow":["GET"]}}],"collection":[{"href":"https:\/\/alekeskus.eu\/et\/wp-json\/wp\/v2\/product"}],"about":[{"href":"https:\/\/alekeskus.eu\/et\/wp-json\/wp\/v2\/types\/product"}],"wp:featuredmedia":[{"embeddable":true,"href":"https:\/\/alekeskus.eu\/et\/wp-json\/wp\/v2\/media\/66792"}],"wp:attachment":[{"href":"https:\/\/alekeskus.eu\/et\/wp-json\/wp\/v2\/media?parent=66806"}],"wp:term":[{"taxonomy":"pwb-brand","embeddable":true,"href":"https:\/\/alekeskus.eu\/et\/wp-json\/wp\/v2\/pwb-brand?post=66806"},{"taxonomy":"product_brand","embeddable":true,"href":"https:\/\/alekeskus.eu\/et\/wp-json\/wp\/v2\/product_brand?post=66806"},{"taxonomy":"product_cat","embeddable":true,"href":"https:\/\/alekeskus.eu\/et\/wp-json\/wp\/v2\/product_cat?post=66806"},{"taxonomy":"product_tag","embeddable":true,"href":"https:\/\/alekeskus.eu\/et\/wp-json\/wp\/v2\/product_tag?post=66806"}],"curies":[{"name":"wp","href":"https:\/\/api.w.org\/{rel}","templated":true}]}}