{"id":67028,"date":"2021-11-11T22:40:36","date_gmt":"2021-11-11T22:40:37","guid":{"rendered":"http:\/\/alekeskus.eu\/product\/pihamaja-grunland-124m%c2%b2-heti-saatavana\/"},"modified":"2021-12-07T13:36:01","modified_gmt":"2021-12-07T13:36:01","slug":"pihamaja-grunland-124m%c2%b2-heti-saatavana","status":"publish","type":"product","link":"https:\/\/alekeskus.eu\/et\/toode\/pihamaja-grunland-124m%c2%b2-heti-saatavana\/","title":{"rendered":"Pihamaja Gr\u00fcnland 12,4m\u00b2 HETI SAATAVANA"},"content":{"rendered":"","protected":false},"excerpt":{"rendered":"<p>Ulkosein\u00e4mitat:\u00a0<b>360 x 360 cm.\u00a0<\/b>Harjakorkeus<strong>\u00a0245 cm.\u00a0<\/strong><\/p>\n<div id=\"short_description_block\">\n<div class=\"rte align_justify\" id=\"short_description_content\">\n<ul>\n<li><strong>40 mm<\/strong> h\u00f6yl\u00e4hirsirakenne\u00a0<img decoding=\"async\" width=\"80\" height=\"63\" alt=\"\" src=\"http:\/\/pood.palmako.ee\/sites\/default\/files\/styles\/product_information_preview_thumbnail\/public\/field_product_information_image\/chalet-cut_180.jpg?itok=ftHmN2cJ\" \/>\u00a0<\/li>\n<li>pontatut kattolaudat 15x90mm\u00a0<img decoding=\"async\" width=\"77\" height=\"60\" alt=\"\" src=\"http:\/\/pood.palmako.ee\/sites\/default\/files\/styles\/product_information_thumbnail\/public\/field_product_information_image\/roof-floor-boards_180_0.jpg?itok=EiTA6QdF\" \/>\u00a0<\/li>\n<li>\n<div class=\"product-spec\">\n<div class=\"spec-name\">etulippa 122cm, katto 20\u00a0<span class=\"super-position\">m<sup>2<\/sup>\/<\/span>16<span>\u00b0<\/span><\/div>\n<\/div>\n<\/li>\n<li>lattialaudat ei sis\u00e4lly toimitukseen<\/li>\n<li>ovi\u00a0<span>149x185cm, sis\u00e4\u00e4n avattava ikkuna 69x88cm<\/span><\/li>\n<li>tehtaan takuu 2 vuotta\u00a0<\/li>\n<li>kiinnikkeet ja kasaususohje\u00a0<\/li>\n<li>s\u00e4\u00e4nkest\u00e4v\u00e4 pakkaus<\/li>\n<\/ul>\n<p>Rahti alkaen 490\u20ac (Uusimaa).<\/p><\/div>\n<\/div>\n","protected":false},"featured_media":67022,"template":"","meta":{"_monsterinsights_skip_tracking":false,"_monsterinsights_sitenote_active":false,"_monsterinsights_sitenote_note":"","_monsterinsights_sitenote_category":0},"pwb-brand":[],"product_brand":[],"product_cat":[13593,13539,13541,13601],"product_tag":[],"class_list":{"0":"post-67028","1":"product","2":"type-product","3":"status-publish","4":"has-post-thumbnail","6":"product_cat-vierasmajat-alekeskus","7":"product_cat-ale","8":"product_cat-rakennukset","9":"product_cat-vajat-aitat-kioskit","10":"pa_garantii-2-vuotta-fi","11":"pa_kaalkg-880-fi","12":"pa_kohaletoimetamine-alkaen-299e-fi","13":"pa_laoasukoht-tartumaa-fi","14":"pa_pakendimoodud-630x118x52-cm-fi","15":"pa_pindalam-124-fi","16":"pa_varv-puuvalmis-fi","17":"pa_veame-eesti-ja-suomi","19":"first","20":"outofstock","21":"sale","22":"taxable","23":"shipping-taxable","24":"purchasable","25":"product-type-simple"},"yoast_head":"<!-- This site is optimized with the Yoast SEO plugin v27.3 - https:\/\/yoast.com\/product\/yoast-seo-wordpress\/ -->\n<title>Pihamaja Gr\u00fcnland 12,4m\u00b2 HETI SAATAVANA - Alekeskus<\/title>\n<meta name=\"robots\" content=\"index, follow, max-snippet:-1, max-image-preview:large, max-video-preview:-1\" \/>\n<link rel=\"canonical\" href=\"https:\/\/alekeskus.eu\/fi\/tuote\/pihamaja-grunland-124m\u00b2-heti-saatavana\/\" \/>\n<meta property=\"og:locale\" content=\"et_EE\" \/>\n<meta property=\"og:type\" content=\"article\" \/>\n<meta property=\"og:title\" content=\"Pihamaja Gr\u00fcnland 12,4m\u00b2 HETI SAATAVANA - Alekeskus\" \/>\n<meta property=\"og:description\" content=\"Ulkosein\u00e4mitat:\u00a0360 x 360 cm.\u00a0Harjakorkeus\u00a0245 cm.\u00a0    40 mm h\u00f6yl\u00e4hirsirakenne\u00a0\u00a0 pontatut kattolaudat 15x90mm\u00a0\u00a0   etulippa 122cm, katto 20\u00a0m2\/16\u00b0   lattialaudat ei sis\u00e4lly toimitukseen ovi\u00a0149x185cm, sis\u00e4\u00e4n avattava ikkuna 69x88cm tehtaan takuu 2 vuotta\u00a0 kiinnikkeet ja kasaususohje\u00a0 s\u00e4\u00e4nkest\u00e4v\u00e4 pakkaus  Rahti alkaen 490\u20ac (Uusimaa).\" \/>\n<meta property=\"og:url\" content=\"https:\/\/alekeskus.eu\/fi\/tuote\/pihamaja-grunland-124m\u00b2-heti-saatavana\/\" \/>\n<meta property=\"og:site_name\" content=\"Alekeskus\" \/>\n<meta property=\"article:modified_time\" content=\"2021-12-07T13:36:01+00:00\" \/>\n<meta property=\"og:image\" content=\"https:\/\/alekeskus.eu\/wp-content\/uploads\/2021\/11\/1310aiamaja-gr-nland-12-4m-kohe-saadaval-0.jpg\" \/>\n\t<meta property=\"og:image:width\" content=\"2500\" \/>\n\t<meta property=\"og:image:height\" content=\"1667\" \/>\n\t<meta property=\"og:image:type\" content=\"image\/jpeg\" \/>\n<meta name=\"twitter:card\" content=\"summary_large_image\" \/>\n<script type=\"application\/ld+json\" class=\"yoast-schema-graph\">{\"@context\":\"https:\\\/\\\/schema.org\",\"@graph\":[{\"@type\":\"WebPage\",\"@id\":\"https:\\\/\\\/alekeskus.eu\\\/fi\\\/tuote\\\/pihamaja-grunland-124m%c2%b2-heti-saatavana\\\/\",\"url\":\"https:\\\/\\\/alekeskus.eu\\\/fi\\\/tuote\\\/pihamaja-grunland-124m%c2%b2-heti-saatavana\\\/\",\"name\":\"Pihamaja Gr\u00fcnland 12,4m\u00b2 HETI SAATAVANA - Alekeskus\",\"isPartOf\":{\"@id\":\"https:\\\/\\\/alekeskus.eu\\\/#website\"},\"primaryImageOfPage\":{\"@id\":\"https:\\\/\\\/alekeskus.eu\\\/fi\\\/tuote\\\/pihamaja-grunland-124m%c2%b2-heti-saatavana\\\/#primaryimage\"},\"image\":{\"@id\":\"https:\\\/\\\/alekeskus.eu\\\/fi\\\/tuote\\\/pihamaja-grunland-124m%c2%b2-heti-saatavana\\\/#primaryimage\"},\"thumbnailUrl\":\"https:\\\/\\\/alekeskus.eu\\\/wp-content\\\/uploads\\\/2021\\\/11\\\/1310aiamaja-gr-nland-12-4m-kohe-saadaval-0.jpg\",\"datePublished\":\"2021-11-11T22:40:37+00:00\",\"dateModified\":\"2021-12-07T13:36:01+00:00\",\"breadcrumb\":{\"@id\":\"https:\\\/\\\/alekeskus.eu\\\/fi\\\/tuote\\\/pihamaja-grunland-124m%c2%b2-heti-saatavana\\\/#breadcrumb\"},\"inLanguage\":\"et\",\"potentialAction\":[{\"@type\":\"ReadAction\",\"target\":[\"https:\\\/\\\/alekeskus.eu\\\/fi\\\/tuote\\\/pihamaja-grunland-124m%c2%b2-heti-saatavana\\\/\"]}]},{\"@type\":\"ImageObject\",\"inLanguage\":\"et\",\"@id\":\"https:\\\/\\\/alekeskus.eu\\\/fi\\\/tuote\\\/pihamaja-grunland-124m%c2%b2-heti-saatavana\\\/#primaryimage\",\"url\":\"https:\\\/\\\/alekeskus.eu\\\/wp-content\\\/uploads\\\/2021\\\/11\\\/1310aiamaja-gr-nland-12-4m-kohe-saadaval-0.jpg\",\"contentUrl\":\"https:\\\/\\\/alekeskus.eu\\\/wp-content\\\/uploads\\\/2021\\\/11\\\/1310aiamaja-gr-nland-12-4m-kohe-saadaval-0.jpg\",\"width\":2500,\"height\":1667},{\"@type\":\"BreadcrumbList\",\"@id\":\"https:\\\/\\\/alekeskus.eu\\\/fi\\\/tuote\\\/pihamaja-grunland-124m%c2%b2-heti-saatavana\\\/#breadcrumb\",\"itemListElement\":[{\"@type\":\"ListItem\",\"position\":1,\"name\":\"Avaleht\",\"item\":\"https:\\\/\\\/alekeskus.eu\\\/et\\\/\"},{\"@type\":\"ListItem\",\"position\":2,\"name\":\"Pood\",\"item\":\"https:\\\/\\\/alekeskus.eu\\\/pood\\\/\"},{\"@type\":\"ListItem\",\"position\":3,\"name\":\"Pihamaja Gr\u00fcnland 12,4m\u00b2 HETI SAATAVANA\"}]},{\"@type\":\"WebSite\",\"@id\":\"https:\\\/\\\/alekeskus.eu\\\/#website\",\"url\":\"https:\\\/\\\/alekeskus.eu\\\/\",\"name\":\"Alekeskus\",\"description\":\"Alekeskus.eu\",\"potentialAction\":[{\"@type\":\"SearchAction\",\"target\":{\"@type\":\"EntryPoint\",\"urlTemplate\":\"https:\\\/\\\/alekeskus.eu\\\/?s={search_term_string}\"},\"query-input\":{\"@type\":\"PropertyValueSpecification\",\"valueRequired\":true,\"valueName\":\"search_term_string\"}}],\"inLanguage\":\"et\"}]}<\/script>\n<!-- \/ Yoast SEO plugin. -->","yoast_head_json":{"title":"Pihamaja Gr\u00fcnland 12,4m\u00b2 HETI SAATAVANA - Alekeskus","robots":{"index":"index","follow":"follow","max-snippet":"max-snippet:-1","max-image-preview":"max-image-preview:large","max-video-preview":"max-video-preview:-1"},"canonical":"https:\/\/alekeskus.eu\/fi\/tuote\/pihamaja-grunland-124m\u00b2-heti-saatavana\/","og_locale":"et_EE","og_type":"article","og_title":"Pihamaja Gr\u00fcnland 12,4m\u00b2 HETI SAATAVANA - Alekeskus","og_description":"Ulkosein\u00e4mitat:\u00a0360 x 360 cm.\u00a0Harjakorkeus\u00a0245 cm.\u00a0    40 mm h\u00f6yl\u00e4hirsirakenne\u00a0\u00a0 pontatut kattolaudat 15x90mm\u00a0\u00a0   etulippa 122cm, katto 20\u00a0m2\/16\u00b0   lattialaudat ei sis\u00e4lly toimitukseen ovi\u00a0149x185cm, sis\u00e4\u00e4n avattava ikkuna 69x88cm tehtaan takuu 2 vuotta\u00a0 kiinnikkeet ja kasaususohje\u00a0 s\u00e4\u00e4nkest\u00e4v\u00e4 pakkaus  Rahti alkaen 490\u20ac (Uusimaa).","og_url":"https:\/\/alekeskus.eu\/fi\/tuote\/pihamaja-grunland-124m\u00b2-heti-saatavana\/","og_site_name":"Alekeskus","article_modified_time":"2021-12-07T13:36:01+00:00","og_image":[{"width":2500,"height":1667,"url":"https:\/\/alekeskus.eu\/wp-content\/uploads\/2021\/11\/1310aiamaja-gr-nland-12-4m-kohe-saadaval-0.jpg","type":"image\/jpeg"}],"twitter_card":"summary_large_image","schema":{"@context":"https:\/\/schema.org","@graph":[{"@type":"WebPage","@id":"https:\/\/alekeskus.eu\/fi\/tuote\/pihamaja-grunland-124m%c2%b2-heti-saatavana\/","url":"https:\/\/alekeskus.eu\/fi\/tuote\/pihamaja-grunland-124m%c2%b2-heti-saatavana\/","name":"Pihamaja Gr\u00fcnland 12,4m\u00b2 HETI SAATAVANA - Alekeskus","isPartOf":{"@id":"https:\/\/alekeskus.eu\/#website"},"primaryImageOfPage":{"@id":"https:\/\/alekeskus.eu\/fi\/tuote\/pihamaja-grunland-124m%c2%b2-heti-saatavana\/#primaryimage"},"image":{"@id":"https:\/\/alekeskus.eu\/fi\/tuote\/pihamaja-grunland-124m%c2%b2-heti-saatavana\/#primaryimage"},"thumbnailUrl":"https:\/\/alekeskus.eu\/wp-content\/uploads\/2021\/11\/1310aiamaja-gr-nland-12-4m-kohe-saadaval-0.jpg","datePublished":"2021-11-11T22:40:37+00:00","dateModified":"2021-12-07T13:36:01+00:00","breadcrumb":{"@id":"https:\/\/alekeskus.eu\/fi\/tuote\/pihamaja-grunland-124m%c2%b2-heti-saatavana\/#breadcrumb"},"inLanguage":"et","potentialAction":[{"@type":"ReadAction","target":["https:\/\/alekeskus.eu\/fi\/tuote\/pihamaja-grunland-124m%c2%b2-heti-saatavana\/"]}]},{"@type":"ImageObject","inLanguage":"et","@id":"https:\/\/alekeskus.eu\/fi\/tuote\/pihamaja-grunland-124m%c2%b2-heti-saatavana\/#primaryimage","url":"https:\/\/alekeskus.eu\/wp-content\/uploads\/2021\/11\/1310aiamaja-gr-nland-12-4m-kohe-saadaval-0.jpg","contentUrl":"https:\/\/alekeskus.eu\/wp-content\/uploads\/2021\/11\/1310aiamaja-gr-nland-12-4m-kohe-saadaval-0.jpg","width":2500,"height":1667},{"@type":"BreadcrumbList","@id":"https:\/\/alekeskus.eu\/fi\/tuote\/pihamaja-grunland-124m%c2%b2-heti-saatavana\/#breadcrumb","itemListElement":[{"@type":"ListItem","position":1,"name":"Avaleht","item":"https:\/\/alekeskus.eu\/et\/"},{"@type":"ListItem","position":2,"name":"Pood","item":"https:\/\/alekeskus.eu\/pood\/"},{"@type":"ListItem","position":3,"name":"Pihamaja Gr\u00fcnland 12,4m\u00b2 HETI SAATAVANA"}]},{"@type":"WebSite","@id":"https:\/\/alekeskus.eu\/#website","url":"https:\/\/alekeskus.eu\/","name":"Alekeskus","description":"Alekeskus.eu","potentialAction":[{"@type":"SearchAction","target":{"@type":"EntryPoint","urlTemplate":"https:\/\/alekeskus.eu\/?s={search_term_string}"},"query-input":{"@type":"PropertyValueSpecification","valueRequired":true,"valueName":"search_term_string"}}],"inLanguage":"et"}]}},"brands":[],"_links":{"self":[{"href":"https:\/\/alekeskus.eu\/et\/wp-json\/wp\/v2\/product\/67028","targetHints":{"allow":["GET"]}}],"collection":[{"href":"https:\/\/alekeskus.eu\/et\/wp-json\/wp\/v2\/product"}],"about":[{"href":"https:\/\/alekeskus.eu\/et\/wp-json\/wp\/v2\/types\/product"}],"wp:featuredmedia":[{"embeddable":true,"href":"https:\/\/alekeskus.eu\/et\/wp-json\/wp\/v2\/media\/67022"}],"wp:attachment":[{"href":"https:\/\/alekeskus.eu\/et\/wp-json\/wp\/v2\/media?parent=67028"}],"wp:term":[{"taxonomy":"pwb-brand","embeddable":true,"href":"https:\/\/alekeskus.eu\/et\/wp-json\/wp\/v2\/pwb-brand?post=67028"},{"taxonomy":"product_brand","embeddable":true,"href":"https:\/\/alekeskus.eu\/et\/wp-json\/wp\/v2\/product_brand?post=67028"},{"taxonomy":"product_cat","embeddable":true,"href":"https:\/\/alekeskus.eu\/et\/wp-json\/wp\/v2\/product_cat?post=67028"},{"taxonomy":"product_tag","embeddable":true,"href":"https:\/\/alekeskus.eu\/et\/wp-json\/wp\/v2\/product_tag?post=67028"}],"curies":[{"name":"wp","href":"https:\/\/api.w.org\/{rel}","templated":true}]}}