{"id":67084,"date":"2026-01-11T22:41:20","date_gmt":"2026-01-11T22:41:20","guid":{"rendered":"http:\/\/alekeskus.eu\/product\/aiakuur-karro2-1596m%c2%b2-kohe-saadaval\/"},"modified":"2026-03-24T20:19:21","modified_gmt":"2026-03-24T20:19:21","slug":"aiakuur-karro2-alekeskus","status":"publish","type":"product","link":"https:\/\/alekeskus.eu\/et\/toode\/aiakuur-karro2-alekeskus\/","title":{"rendered":"Aiakuur Karro2 16,0 m\u00b2 vaheseinaga"},"content":{"rendered":"<p>V\u00c4RVIMISE TEENUSE KIRJELDUS:<\/p>\n<p>Sein v\u00e4rvitakse 3-st k\u00fcljest, ka punnsooned. 4 standardv\u00e4rvi: rootsi punane, s\u00fcsihall, helehall, roheline. Sisepind j\u00e4\u00e4b naturaalseks. Maja nurgad on v\u00e4rvitud igast k\u00fcljest. V\u00e4rvitakse 2 kihti. \u27a2 P\u00f5randa- ja laelauad ning p\u00e4rlinid j\u00e4\u00e4vad v\u00e4rvimata. \u27a2 Aknad ja uksed v\u00e4rvitakse valgeks igast k\u00fcljest. \u27a2 K\u00f5ik v\u00e4lised liistud (viilulauad ja liistud) v\u00e4rvitakse valgeks. \u27a2 Kvaliteetne v\u00e4rv tuntud saksa tootjalt OSMO<\/p>\n","protected":false},"excerpt":{"rendered":"<p>V\u00e4lism\u00f5\u00f5dud: <strong>456<\/strong><b>\u00a0x 360 cm.\u00a0<\/b>Harja k\u00f5rgus<strong> 251 cm, <\/strong>r\u00e4\u00e4sta k\u00f5rgus<strong> 200 cm.<\/strong><\/p>\n<ul>\n<li>tuuletapiga freespalk <strong>28 mm, <\/strong>tormitugevdused<\/li>\n<li>p\u00f5randat ja katusekatet ei ole(soovi korral telli lisahinnaga 8 pakki bituumensindlit v\u00f5i 5 rulli SBS-bituumenkatet)<\/li>\n<li>silinderlukkudega ja klaasidega uksed 149 x 185 cm ja 78 x 185 cm; aken 46 x 178 cm<\/li>\n<li>\n<div class=\"spec-name\">punnitud katuselauad 15 x 90 mm<\/div>\n<\/li>\n<li>\n<div class=\"spec-name\">katuse kalle 16\u00b0, pindala 21 m<sup>2<\/sup><\/div>\n<\/li>\n<li>\n<div class=\"spec-name\">kinnitusvahendid ja koostejuhend<\/div>\n<\/li>\n<li>paigaldatav peegelpildis<\/li>\n<li>tellitav v\u00e4ljast v\u00e4rvituna +1200\u20ac(hele-ja tumehall, rootsi punane, roheline; avat\u00e4ited-liistud \u00fcleni valged; loe alt kirjeldust; tellimisaeg 3-4 n\u00e4dalat pikem)<\/li>\n<li>Eesti toode<\/li>\n<li>tehase garantii 2 aastat<\/li>\n<li>ilmastikukindel pakend<\/li>\n<\/ul>\n<p>Vedu mandril tellijapoolse mahalaadimisega 180\u20ac v\u00f5i kraana-autoga 350\u20ac(suursaartele vastavalt 280\u20ac ja 590\u20ac).<\/p>\n<p>K\u00fcsi ka paigaldust!<\/p>\n","protected":false},"featured_media":86405,"template":"","meta":{"_monsterinsights_skip_tracking":false,"_monsterinsights_sitenote_active":false,"_monsterinsights_sitenote_note":"","_monsterinsights_sitenote_category":0},"pwb-brand":[],"product_brand":[],"product_cat":[17182,13592,13538,13540,13600],"product_tag":[14265,18478,14277,15706,15842,13813,13832,13913,17349,14252,14264],"class_list":{"0":"post-67084","1":"product","2":"type-product","3":"status-publish","4":"has-post-thumbnail","6":"product_cat-suvekoogid-alekeskus","7":"product_cat-aia-ja-grillmajad","8":"product_cat-ale","9":"product_cat-hooned-alekeskus","10":"product_cat-kuurid-aidad-kioskid","11":"product_tag-pihavaja","12":"product_tag-kesahuone","13":"product_tag-freespalk","14":"product_tag-abihoone","15":"product_tag-tooriistakuur","16":"product_tag-aiamaja","17":"product_tag-kesakeittio","18":"product_tag-vierasmaja","19":"product_tag-soodushinnaga-kuur","20":"product_tag-suvemaja","21":"product_tag-aiakuur","22":"product_shipping_class-alates-1000kg-2-fi","23":"pa_kohaletoimetamine-alates-180e","24":"pa_laoasukoht-tartumaa","25":"pa_pindalam-15329","26":"pa_seinapaksus-28-mm","27":"pa_varv-viimistlemata","28":"pa_veame-eesti-ja-soome","30":"first","31":"instock","32":"sale","33":"featured","34":"taxable","35":"shipping-taxable","36":"purchasable","37":"product-type-simple"},"yoast_head":"<!-- This site is optimized with the Yoast SEO plugin v27.3 - https:\/\/yoast.com\/product\/yoast-seo-wordpress\/ -->\n<title>Aiakuur Karro2 16,0 m\u00b2 vaheseinaga - Alekeskus<\/title>\n<meta name=\"description\" content=\"aiakuur vaheseinaga ja 2 eraldi ruumiga\" \/>\n<meta name=\"robots\" content=\"index, follow, max-snippet:-1, max-image-preview:large, max-video-preview:-1\" \/>\n<link rel=\"canonical\" href=\"https:\/\/alekeskus.eu\/et\/toode\/aiakuur-karro2-alekeskus\/\" \/>\n<meta property=\"og:locale\" content=\"et_EE\" \/>\n<meta property=\"og:type\" content=\"article\" \/>\n<meta property=\"og:title\" content=\"Aiakuur Karro2 16,0 m\u00b2 vaheseinaga - Alekeskus\" \/>\n<meta property=\"og:description\" content=\"aiakuur vaheseinaga ja 2 eraldi ruumiga\" \/>\n<meta property=\"og:url\" content=\"https:\/\/alekeskus.eu\/et\/toode\/aiakuur-karro2-alekeskus\/\" \/>\n<meta property=\"og:site_name\" content=\"Alekeskus\" \/>\n<meta property=\"article:modified_time\" content=\"2026-03-24T20:19:21+00:00\" \/>\n<meta property=\"og:image\" content=\"https:\/\/alekeskus.eu\/wp-content\/uploads\/2023\/01\/Carroz2-loodus.jpg\" \/>\n\t<meta property=\"og:image:width\" content=\"1600\" \/>\n\t<meta property=\"og:image:height\" content=\"1067\" \/>\n\t<meta property=\"og:image:type\" content=\"image\/jpeg\" \/>\n<meta name=\"twitter:card\" content=\"summary_large_image\" \/>\n<meta name=\"twitter:label1\" content=\"Est. reading time\" \/>\n\t<meta name=\"twitter:data1\" content=\"1 minut\" \/>\n<script type=\"application\/ld+json\" class=\"yoast-schema-graph\">{\"@context\":\"https:\\\/\\\/schema.org\",\"@graph\":[{\"@type\":\"WebPage\",\"@id\":\"https:\\\/\\\/alekeskus.eu\\\/et\\\/toode\\\/aiakuur-karro2-alekeskus\\\/\",\"url\":\"https:\\\/\\\/alekeskus.eu\\\/et\\\/toode\\\/aiakuur-karro2-alekeskus\\\/\",\"name\":\"Aiakuur Karro2 16,0 m\u00b2 vaheseinaga - Alekeskus\",\"isPartOf\":{\"@id\":\"https:\\\/\\\/alekeskus.eu\\\/#website\"},\"primaryImageOfPage\":{\"@id\":\"https:\\\/\\\/alekeskus.eu\\\/et\\\/toode\\\/aiakuur-karro2-alekeskus\\\/#primaryimage\"},\"image\":{\"@id\":\"https:\\\/\\\/alekeskus.eu\\\/et\\\/toode\\\/aiakuur-karro2-alekeskus\\\/#primaryimage\"},\"thumbnailUrl\":\"https:\\\/\\\/alekeskus.eu\\\/wp-content\\\/uploads\\\/2023\\\/01\\\/Carroz2-loodus.jpg\",\"datePublished\":\"2026-01-11T22:41:20+00:00\",\"dateModified\":\"2026-03-24T20:19:21+00:00\",\"description\":\"aiakuur vaheseinaga ja 2 eraldi ruumiga\",\"breadcrumb\":{\"@id\":\"https:\\\/\\\/alekeskus.eu\\\/et\\\/toode\\\/aiakuur-karro2-alekeskus\\\/#breadcrumb\"},\"inLanguage\":\"et\",\"potentialAction\":[{\"@type\":\"ReadAction\",\"target\":[\"https:\\\/\\\/alekeskus.eu\\\/et\\\/toode\\\/aiakuur-karro2-alekeskus\\\/\"]}]},{\"@type\":\"ImageObject\",\"inLanguage\":\"et\",\"@id\":\"https:\\\/\\\/alekeskus.eu\\\/et\\\/toode\\\/aiakuur-karro2-alekeskus\\\/#primaryimage\",\"url\":\"https:\\\/\\\/alekeskus.eu\\\/wp-content\\\/uploads\\\/2023\\\/01\\\/Carroz2-loodus.jpg\",\"contentUrl\":\"https:\\\/\\\/alekeskus.eu\\\/wp-content\\\/uploads\\\/2023\\\/01\\\/Carroz2-loodus.jpg\",\"width\":1600,\"height\":1067},{\"@type\":\"BreadcrumbList\",\"@id\":\"https:\\\/\\\/alekeskus.eu\\\/et\\\/toode\\\/aiakuur-karro2-alekeskus\\\/#breadcrumb\",\"itemListElement\":[{\"@type\":\"ListItem\",\"position\":1,\"name\":\"Avaleht\",\"item\":\"https:\\\/\\\/alekeskus.eu\\\/et\\\/\"},{\"@type\":\"ListItem\",\"position\":2,\"name\":\"Pood\",\"item\":\"https:\\\/\\\/alekeskus.eu\\\/pood\\\/\"},{\"@type\":\"ListItem\",\"position\":3,\"name\":\"Aiakuur Karro2 16,0 m\u00b2 vaheseinaga\"}]},{\"@type\":\"WebSite\",\"@id\":\"https:\\\/\\\/alekeskus.eu\\\/#website\",\"url\":\"https:\\\/\\\/alekeskus.eu\\\/\",\"name\":\"Alekeskus\",\"description\":\"Alekeskus.eu\",\"potentialAction\":[{\"@type\":\"SearchAction\",\"target\":{\"@type\":\"EntryPoint\",\"urlTemplate\":\"https:\\\/\\\/alekeskus.eu\\\/?s={search_term_string}\"},\"query-input\":{\"@type\":\"PropertyValueSpecification\",\"valueRequired\":true,\"valueName\":\"search_term_string\"}}],\"inLanguage\":\"et\"}]}<\/script>\n<!-- \/ Yoast SEO plugin. -->","yoast_head_json":{"title":"Aiakuur Karro2 16,0 m\u00b2 vaheseinaga - Alekeskus","description":"aiakuur vaheseinaga ja 2 eraldi ruumiga","robots":{"index":"index","follow":"follow","max-snippet":"max-snippet:-1","max-image-preview":"max-image-preview:large","max-video-preview":"max-video-preview:-1"},"canonical":"https:\/\/alekeskus.eu\/et\/toode\/aiakuur-karro2-alekeskus\/","og_locale":"et_EE","og_type":"article","og_title":"Aiakuur Karro2 16,0 m\u00b2 vaheseinaga - Alekeskus","og_description":"aiakuur vaheseinaga ja 2 eraldi ruumiga","og_url":"https:\/\/alekeskus.eu\/et\/toode\/aiakuur-karro2-alekeskus\/","og_site_name":"Alekeskus","article_modified_time":"2026-03-24T20:19:21+00:00","og_image":[{"width":1600,"height":1067,"url":"https:\/\/alekeskus.eu\/wp-content\/uploads\/2023\/01\/Carroz2-loodus.jpg","type":"image\/jpeg"}],"twitter_card":"summary_large_image","twitter_misc":{"Est. reading time":"1 minut"},"schema":{"@context":"https:\/\/schema.org","@graph":[{"@type":"WebPage","@id":"https:\/\/alekeskus.eu\/et\/toode\/aiakuur-karro2-alekeskus\/","url":"https:\/\/alekeskus.eu\/et\/toode\/aiakuur-karro2-alekeskus\/","name":"Aiakuur Karro2 16,0 m\u00b2 vaheseinaga - Alekeskus","isPartOf":{"@id":"https:\/\/alekeskus.eu\/#website"},"primaryImageOfPage":{"@id":"https:\/\/alekeskus.eu\/et\/toode\/aiakuur-karro2-alekeskus\/#primaryimage"},"image":{"@id":"https:\/\/alekeskus.eu\/et\/toode\/aiakuur-karro2-alekeskus\/#primaryimage"},"thumbnailUrl":"https:\/\/alekeskus.eu\/wp-content\/uploads\/2023\/01\/Carroz2-loodus.jpg","datePublished":"2026-01-11T22:41:20+00:00","dateModified":"2026-03-24T20:19:21+00:00","description":"aiakuur vaheseinaga ja 2 eraldi ruumiga","breadcrumb":{"@id":"https:\/\/alekeskus.eu\/et\/toode\/aiakuur-karro2-alekeskus\/#breadcrumb"},"inLanguage":"et","potentialAction":[{"@type":"ReadAction","target":["https:\/\/alekeskus.eu\/et\/toode\/aiakuur-karro2-alekeskus\/"]}]},{"@type":"ImageObject","inLanguage":"et","@id":"https:\/\/alekeskus.eu\/et\/toode\/aiakuur-karro2-alekeskus\/#primaryimage","url":"https:\/\/alekeskus.eu\/wp-content\/uploads\/2023\/01\/Carroz2-loodus.jpg","contentUrl":"https:\/\/alekeskus.eu\/wp-content\/uploads\/2023\/01\/Carroz2-loodus.jpg","width":1600,"height":1067},{"@type":"BreadcrumbList","@id":"https:\/\/alekeskus.eu\/et\/toode\/aiakuur-karro2-alekeskus\/#breadcrumb","itemListElement":[{"@type":"ListItem","position":1,"name":"Avaleht","item":"https:\/\/alekeskus.eu\/et\/"},{"@type":"ListItem","position":2,"name":"Pood","item":"https:\/\/alekeskus.eu\/pood\/"},{"@type":"ListItem","position":3,"name":"Aiakuur Karro2 16,0 m\u00b2 vaheseinaga"}]},{"@type":"WebSite","@id":"https:\/\/alekeskus.eu\/#website","url":"https:\/\/alekeskus.eu\/","name":"Alekeskus","description":"Alekeskus.eu","potentialAction":[{"@type":"SearchAction","target":{"@type":"EntryPoint","urlTemplate":"https:\/\/alekeskus.eu\/?s={search_term_string}"},"query-input":{"@type":"PropertyValueSpecification","valueRequired":true,"valueName":"search_term_string"}}],"inLanguage":"et"}]}},"brands":[],"_links":{"self":[{"href":"https:\/\/alekeskus.eu\/et\/wp-json\/wp\/v2\/product\/67084","targetHints":{"allow":["GET"]}}],"collection":[{"href":"https:\/\/alekeskus.eu\/et\/wp-json\/wp\/v2\/product"}],"about":[{"href":"https:\/\/alekeskus.eu\/et\/wp-json\/wp\/v2\/types\/product"}],"wp:featuredmedia":[{"embeddable":true,"href":"https:\/\/alekeskus.eu\/et\/wp-json\/wp\/v2\/media\/86405"}],"wp:attachment":[{"href":"https:\/\/alekeskus.eu\/et\/wp-json\/wp\/v2\/media?parent=67084"}],"wp:term":[{"taxonomy":"pwb-brand","embeddable":true,"href":"https:\/\/alekeskus.eu\/et\/wp-json\/wp\/v2\/pwb-brand?post=67084"},{"taxonomy":"product_brand","embeddable":true,"href":"https:\/\/alekeskus.eu\/et\/wp-json\/wp\/v2\/product_brand?post=67084"},{"taxonomy":"product_cat","embeddable":true,"href":"https:\/\/alekeskus.eu\/et\/wp-json\/wp\/v2\/product_cat?post=67084"},{"taxonomy":"product_tag","embeddable":true,"href":"https:\/\/alekeskus.eu\/et\/wp-json\/wp\/v2\/product_tag?post=67084"}],"curies":[{"name":"wp","href":"https:\/\/api.w.org\/{rel}","templated":true}]}}