{"id":67130,"date":"2026-03-11T22:41:41","date_gmt":"2026-03-11T22:41:41","guid":{"rendered":"http:\/\/alekeskus.eu\/product\/aiamaja-claudia-115m%c2%b2\/"},"modified":"2026-03-30T10:46:23","modified_gmt":"2026-03-30T10:46:23","slug":"aiamaja-klaus-115m-alekeskus","status":"publish","type":"product","link":"https:\/\/alekeskus.eu\/et\/toode\/aiamaja-klaus-115m-alekeskus\/","title":{"rendered":"Aiamaja Klaus 11,5 m\u00b2  L\u00d5PUM\u00dc\u00dcGI ALE!"},"content":{"rendered":"<div class=\"pictogram qtip-additional-element\">\n<div class=\"image\">\n<p><strong>Telli juurde:<\/strong><\/p>\n<p><strong>&#8211; bituumensindel 9 pakki\u00a0<\/strong><\/p>\n<p><strong>&#8211; ajutine katusepapp<\/strong><strong>\u00a03 rulli\u00a0<\/strong><\/p>\n<p><strong>&#8211; SBS-bituumenkate 3 rulli\u00a0<\/strong><\/p>\n<p>&#8211;\u00a0<strong>puitosa kastmine puukaitseainesse : <strong>\u00a0pruun<strong>, hall, valge\u00a0<\/strong><\/strong><\/strong><\/p>\n<\/div>\n<\/div>\n<div class=\"pictogram qtip-additional-element\">Pakend: 4,5&#215;1,2&#215;0,8 m,\u00a0 kaal\u00a0 1100 kg<\/div>\n<div class=\"clearfix\"><\/div>\n<div class=\"pictogram qtip-additional-element\"><\/div>\n","protected":false},"excerpt":{"rendered":"<p>V\u00e4lism\u00f5\u00f5dud: <strong>4,0 x 3,0 m<\/strong>.<\/p>\n<p><strong>TASUTA VEDU JA MAHALAADIMINE(ka suursaartele)!<\/strong><\/p>\n<ul>\n<li>tuuletappidega freespalksein<strong> 34 mm<\/strong>, tormikinnitused<\/li>\n<li>seina k\u00f5rgus 234 cm, harja k\u00f5rgus 347 cm<\/li>\n<li>katusetalad 44 x 140 mm, punniga katuselauad 19 mm<\/li>\n<li>katuse pindala 21,0 m\u00b2 ja kalded 35\u00ba ja 41\u00ba, r\u00e4\u00e4stas 27 cm<\/li>\n<li>katusekate lisahinnaga(tarve 9 pakki sindlit, 3 rulli SBS-bituumenkatet v\u00f5i ajutist katusepappi)<\/li>\n<li>punniga p\u00f5randalauad 19 mm, puidukaitsega k\u00e4sitletud p\u00f5randatalad 60 x 80 mm<\/li>\n<li>liimpuidust ukseleng, metalliga kaetud k\u00fcnnis, silinderlukk, klaasiga uks 114 \u00d7 187 cm<\/li>\n<li>p\u00f6\u00f6rd-ja kaldavanemisega aknad 4 tk 90 x 124 cm tilganinaga<\/li>\n<li>tellitav puidukaitsevahendisse kastetuna +700\u20ac (pruun, hall v\u00f5i valkjas), tellimisaeg u 1 kuu<strong>\u00a0:\u00a0<img decoding=\"async\" class=\"\" src=\"https:\/\/www.palmako.ee\/sites\/default\/files\/styles\/product_list_item\/public\/2020-06\/BNDIP.jpg?itok=_LQkkeHM\" width=\"66\" height=\"66\" \/><img decoding=\"async\" class=\"\" src=\"https:\/\/www.palmako.ee\/sites\/default\/files\/styles\/product_list_item\/public\/2020-06\/GYDIP.jpg?itok=RrYf7KTV\" width=\"66\" height=\"66\" \/><img decoding=\"async\" class=\"\" src=\"https:\/\/www.palmako.ee\/sites\/default\/files\/styles\/product_list_item\/public\/2020-06\/WTDIP.jpg?itok=D9U46coI\" width=\"67\" height=\"67\" \/><\/strong><\/li>\n<li>kinnitusvahendid ja koostejuhend<\/li>\n<li>Eesti toode<\/li>\n<li>garantii 5 aastat<\/li>\n<li>vihmakindel pakend<\/li>\n<\/ul>\n<p>K\u00fcsi ka paigaldust!<\/p>\n","protected":false},"featured_media":67120,"template":"","meta":{"_monsterinsights_skip_tracking":false,"_monsterinsights_sitenote_active":false,"_monsterinsights_sitenote_note":"","_monsterinsights_sitenote_category":0},"pwb-brand":[18577],"product_brand":[],"product_cat":[18677,17182,13538,13592,13540,13594,13600,13608],"product_tag":[13913,18459,13938,18565,13970,14252,18582,13813,15276,15353,18909,13831,18910,13864,13899],"class_list":{"0":"post-67130","1":"product","2":"type-product","3":"status-publish","4":"has-post-thumbnail","6":"pwb-brand-eesti","7":"product_cat-lopumuuk","8":"product_cat-suvekoogid-alekeskus","9":"product_cat-ale","10":"product_cat-aia-ja-grillmajad","11":"product_cat-hooned-alekeskus","12":"product_cat-mangumajad","13":"product_cat-kuurid-aidad-kioskid","14":"product_cat-kontorid","15":"product_tag-vierasmaja","16":"product_tag-turukiosk","17":"product_tag-mangumaja","18":"product_tag-etatyotila-2","19":"product_tag-suvila","20":"product_tag-suvemaja","21":"product_tag-muugikiosk","22":"product_tag-aiamaja","23":"product_tag-pihatoimisto","24":"product_tag-pihamokki","25":"product_tag-aiamaja-soodus","26":"product_tag-mokki","27":"product_tag-aiamaja-ale","28":"product_tag-huvimaja","29":"product_tag-garden-house","30":"product_shipping_class-tasuta-transport-alates-1000kg","31":"pa_garantii-5-aastat","32":"pa_kohaletoimetamine-tasuta-mandri-eestis-ja-suursaartel-soome-alates-699e","33":"pa_laoasukoht-tartumaa","34":"pa_pindalam-15355","35":"pa_tellimisaeg-tilausaika-alekeskus","36":"pa_varv-hallikas-puidukaitse","37":"pa_varv-valkjas-puidukaitse","38":"pa_varv-viimistlemata","39":"pa_varv-pruunikas-puidukaitse","40":"pa_veame-eesti-ja-soome","42":"first","43":"instock","44":"sale","45":"featured","46":"taxable","47":"shipping-taxable","48":"purchasable","49":"product-type-variable","50":"has-default-attributes"},"yoast_head":"<!-- This site is optimized with the Yoast SEO plugin v27.3 - https:\/\/yoast.com\/product\/yoast-seo-wordpress\/ -->\n<title>Aiamaja Klaus 11,5 m\u00b2 L\u00d5PUM\u00dc\u00dcGI ALE! - Alekeskus<\/title>\n<meta name=\"description\" content=\"freespalk aiamaja l\u00f5pum\u00fc\u00fcgi hinnaga\" \/>\n<meta name=\"robots\" content=\"index, follow, max-snippet:-1, max-image-preview:large, max-video-preview:-1\" \/>\n<link rel=\"canonical\" href=\"https:\/\/alekeskus.eu\/et\/toode\/aiamaja-klaus-115m-alekeskus\/\" \/>\n<meta property=\"og:locale\" content=\"et_EE\" \/>\n<meta property=\"og:type\" content=\"article\" \/>\n<meta property=\"og:title\" content=\"Aiamaja Klaus 11,5 m\u00b2 L\u00d5PUM\u00dc\u00dcGI ALE! - Alekeskus\" \/>\n<meta property=\"og:description\" content=\"freespalk aiamaja l\u00f5pum\u00fc\u00fcgi hinnaga\" \/>\n<meta property=\"og:url\" content=\"https:\/\/alekeskus.eu\/et\/toode\/aiamaja-klaus-115m-alekeskus\/\" \/>\n<meta property=\"og:site_name\" content=\"Alekeskus\" \/>\n<meta property=\"article:modified_time\" content=\"2026-03-30T10:46:23+00:00\" \/>\n<meta property=\"og:image\" content=\"https:\/\/alekeskus.eu\/wp-content\/uploads\/2021\/11\/568aiamaja-claudia-11-5m-0.jpg\" \/>\n\t<meta property=\"og:image:width\" content=\"900\" \/>\n\t<meta property=\"og:image:height\" content=\"602\" \/>\n\t<meta property=\"og:image:type\" content=\"image\/jpeg\" \/>\n<meta name=\"twitter:card\" content=\"summary_large_image\" \/>\n<meta name=\"twitter:label1\" content=\"Est. reading time\" \/>\n\t<meta name=\"twitter:data1\" content=\"1 minut\" \/>\n<script type=\"application\/ld+json\" class=\"yoast-schema-graph\">{\"@context\":\"https:\\\/\\\/schema.org\",\"@graph\":[{\"@type\":\"WebPage\",\"@id\":\"https:\\\/\\\/alekeskus.eu\\\/et\\\/toode\\\/aiamaja-klaus-115m-alekeskus\\\/\",\"url\":\"https:\\\/\\\/alekeskus.eu\\\/et\\\/toode\\\/aiamaja-klaus-115m-alekeskus\\\/\",\"name\":\"Aiamaja Klaus 11,5 m\u00b2 L\u00d5PUM\u00dc\u00dcGI ALE! - Alekeskus\",\"isPartOf\":{\"@id\":\"https:\\\/\\\/alekeskus.eu\\\/#website\"},\"primaryImageOfPage\":{\"@id\":\"https:\\\/\\\/alekeskus.eu\\\/et\\\/toode\\\/aiamaja-klaus-115m-alekeskus\\\/#primaryimage\"},\"image\":{\"@id\":\"https:\\\/\\\/alekeskus.eu\\\/et\\\/toode\\\/aiamaja-klaus-115m-alekeskus\\\/#primaryimage\"},\"thumbnailUrl\":\"https:\\\/\\\/alekeskus.eu\\\/wp-content\\\/uploads\\\/2021\\\/11\\\/568aiamaja-claudia-11-5m-0.jpg\",\"datePublished\":\"2026-03-11T22:41:41+00:00\",\"dateModified\":\"2026-03-30T10:46:23+00:00\",\"description\":\"freespalk aiamaja l\u00f5pum\u00fc\u00fcgi hinnaga\",\"breadcrumb\":{\"@id\":\"https:\\\/\\\/alekeskus.eu\\\/et\\\/toode\\\/aiamaja-klaus-115m-alekeskus\\\/#breadcrumb\"},\"inLanguage\":\"et\",\"potentialAction\":[{\"@type\":\"ReadAction\",\"target\":[\"https:\\\/\\\/alekeskus.eu\\\/et\\\/toode\\\/aiamaja-klaus-115m-alekeskus\\\/\"]}]},{\"@type\":\"ImageObject\",\"inLanguage\":\"et\",\"@id\":\"https:\\\/\\\/alekeskus.eu\\\/et\\\/toode\\\/aiamaja-klaus-115m-alekeskus\\\/#primaryimage\",\"url\":\"https:\\\/\\\/alekeskus.eu\\\/wp-content\\\/uploads\\\/2021\\\/11\\\/568aiamaja-claudia-11-5m-0.jpg\",\"contentUrl\":\"https:\\\/\\\/alekeskus.eu\\\/wp-content\\\/uploads\\\/2021\\\/11\\\/568aiamaja-claudia-11-5m-0.jpg\",\"width\":900,\"height\":602},{\"@type\":\"BreadcrumbList\",\"@id\":\"https:\\\/\\\/alekeskus.eu\\\/et\\\/toode\\\/aiamaja-klaus-115m-alekeskus\\\/#breadcrumb\",\"itemListElement\":[{\"@type\":\"ListItem\",\"position\":1,\"name\":\"Avaleht\",\"item\":\"https:\\\/\\\/alekeskus.eu\\\/et\\\/\"},{\"@type\":\"ListItem\",\"position\":2,\"name\":\"Pood\",\"item\":\"https:\\\/\\\/alekeskus.eu\\\/pood\\\/\"},{\"@type\":\"ListItem\",\"position\":3,\"name\":\"Aiamaja Klaus 11,5 m\u00b2 L\u00d5PUM\u00dc\u00dcGI ALE!\"}]},{\"@type\":\"WebSite\",\"@id\":\"https:\\\/\\\/alekeskus.eu\\\/#website\",\"url\":\"https:\\\/\\\/alekeskus.eu\\\/\",\"name\":\"Alekeskus\",\"description\":\"Alekeskus.eu\",\"potentialAction\":[{\"@type\":\"SearchAction\",\"target\":{\"@type\":\"EntryPoint\",\"urlTemplate\":\"https:\\\/\\\/alekeskus.eu\\\/?s={search_term_string}\"},\"query-input\":{\"@type\":\"PropertyValueSpecification\",\"valueRequired\":true,\"valueName\":\"search_term_string\"}}],\"inLanguage\":\"et\"}]}<\/script>\n<!-- \/ Yoast SEO plugin. -->","yoast_head_json":{"title":"Aiamaja Klaus 11,5 m\u00b2 L\u00d5PUM\u00dc\u00dcGI ALE! - Alekeskus","description":"freespalk aiamaja l\u00f5pum\u00fc\u00fcgi hinnaga","robots":{"index":"index","follow":"follow","max-snippet":"max-snippet:-1","max-image-preview":"max-image-preview:large","max-video-preview":"max-video-preview:-1"},"canonical":"https:\/\/alekeskus.eu\/et\/toode\/aiamaja-klaus-115m-alekeskus\/","og_locale":"et_EE","og_type":"article","og_title":"Aiamaja Klaus 11,5 m\u00b2 L\u00d5PUM\u00dc\u00dcGI ALE! - Alekeskus","og_description":"freespalk aiamaja l\u00f5pum\u00fc\u00fcgi hinnaga","og_url":"https:\/\/alekeskus.eu\/et\/toode\/aiamaja-klaus-115m-alekeskus\/","og_site_name":"Alekeskus","article_modified_time":"2026-03-30T10:46:23+00:00","og_image":[{"width":900,"height":602,"url":"https:\/\/alekeskus.eu\/wp-content\/uploads\/2021\/11\/568aiamaja-claudia-11-5m-0.jpg","type":"image\/jpeg"}],"twitter_card":"summary_large_image","twitter_misc":{"Est. reading time":"1 minut"},"schema":{"@context":"https:\/\/schema.org","@graph":[{"@type":"WebPage","@id":"https:\/\/alekeskus.eu\/et\/toode\/aiamaja-klaus-115m-alekeskus\/","url":"https:\/\/alekeskus.eu\/et\/toode\/aiamaja-klaus-115m-alekeskus\/","name":"Aiamaja Klaus 11,5 m\u00b2 L\u00d5PUM\u00dc\u00dcGI ALE! - Alekeskus","isPartOf":{"@id":"https:\/\/alekeskus.eu\/#website"},"primaryImageOfPage":{"@id":"https:\/\/alekeskus.eu\/et\/toode\/aiamaja-klaus-115m-alekeskus\/#primaryimage"},"image":{"@id":"https:\/\/alekeskus.eu\/et\/toode\/aiamaja-klaus-115m-alekeskus\/#primaryimage"},"thumbnailUrl":"https:\/\/alekeskus.eu\/wp-content\/uploads\/2021\/11\/568aiamaja-claudia-11-5m-0.jpg","datePublished":"2026-03-11T22:41:41+00:00","dateModified":"2026-03-30T10:46:23+00:00","description":"freespalk aiamaja l\u00f5pum\u00fc\u00fcgi hinnaga","breadcrumb":{"@id":"https:\/\/alekeskus.eu\/et\/toode\/aiamaja-klaus-115m-alekeskus\/#breadcrumb"},"inLanguage":"et","potentialAction":[{"@type":"ReadAction","target":["https:\/\/alekeskus.eu\/et\/toode\/aiamaja-klaus-115m-alekeskus\/"]}]},{"@type":"ImageObject","inLanguage":"et","@id":"https:\/\/alekeskus.eu\/et\/toode\/aiamaja-klaus-115m-alekeskus\/#primaryimage","url":"https:\/\/alekeskus.eu\/wp-content\/uploads\/2021\/11\/568aiamaja-claudia-11-5m-0.jpg","contentUrl":"https:\/\/alekeskus.eu\/wp-content\/uploads\/2021\/11\/568aiamaja-claudia-11-5m-0.jpg","width":900,"height":602},{"@type":"BreadcrumbList","@id":"https:\/\/alekeskus.eu\/et\/toode\/aiamaja-klaus-115m-alekeskus\/#breadcrumb","itemListElement":[{"@type":"ListItem","position":1,"name":"Avaleht","item":"https:\/\/alekeskus.eu\/et\/"},{"@type":"ListItem","position":2,"name":"Pood","item":"https:\/\/alekeskus.eu\/pood\/"},{"@type":"ListItem","position":3,"name":"Aiamaja Klaus 11,5 m\u00b2 L\u00d5PUM\u00dc\u00dcGI ALE!"}]},{"@type":"WebSite","@id":"https:\/\/alekeskus.eu\/#website","url":"https:\/\/alekeskus.eu\/","name":"Alekeskus","description":"Alekeskus.eu","potentialAction":[{"@type":"SearchAction","target":{"@type":"EntryPoint","urlTemplate":"https:\/\/alekeskus.eu\/?s={search_term_string}"},"query-input":{"@type":"PropertyValueSpecification","valueRequired":true,"valueName":"search_term_string"}}],"inLanguage":"et"}]}},"brands":[{"id":18577,"name":"Eesti","slug":"eesti"}],"_links":{"self":[{"href":"https:\/\/alekeskus.eu\/et\/wp-json\/wp\/v2\/product\/67130","targetHints":{"allow":["GET"]}}],"collection":[{"href":"https:\/\/alekeskus.eu\/et\/wp-json\/wp\/v2\/product"}],"about":[{"href":"https:\/\/alekeskus.eu\/et\/wp-json\/wp\/v2\/types\/product"}],"wp:featuredmedia":[{"embeddable":true,"href":"https:\/\/alekeskus.eu\/et\/wp-json\/wp\/v2\/media\/67120"}],"wp:attachment":[{"href":"https:\/\/alekeskus.eu\/et\/wp-json\/wp\/v2\/media?parent=67130"}],"wp:term":[{"taxonomy":"pwb-brand","embeddable":true,"href":"https:\/\/alekeskus.eu\/et\/wp-json\/wp\/v2\/pwb-brand?post=67130"},{"taxonomy":"product_brand","embeddable":true,"href":"https:\/\/alekeskus.eu\/et\/wp-json\/wp\/v2\/product_brand?post=67130"},{"taxonomy":"product_cat","embeddable":true,"href":"https:\/\/alekeskus.eu\/et\/wp-json\/wp\/v2\/product_cat?post=67130"},{"taxonomy":"product_tag","embeddable":true,"href":"https:\/\/alekeskus.eu\/et\/wp-json\/wp\/v2\/product_tag?post=67130"}],"curies":[{"name":"wp","href":"https:\/\/api.w.org\/{rel}","templated":true}]}}