{"id":67160,"date":"2022-11-11T22:41:52","date_gmt":"2022-11-11T22:41:52","guid":{"rendered":"http:\/\/alekeskus.eu\/product\/grillmaja-eva-87m%c2%b2\/"},"modified":"2026-01-06T15:37:00","modified_gmt":"2026-01-06T15:37:00","slug":"grillkoda-eeva-87m-alekeskus","status":"publish","type":"product","link":"https:\/\/alekeskus.eu\/et\/toode\/grillkoda-eeva-87m-alekeskus\/","title":{"rendered":"Grillkoda Eeva 8,7 m\u00b2"},"content":{"rendered":"<p><strong>Lisahinnaga:<\/strong><\/p>\n<p><strong>&#8211; sindelkatusekate 9 pakki\u00a0<\/strong><\/p>\n<p><strong>&#8211; grillahi k\u00fcpsetusv\u00f5re, korstna, kubu ja viimistlemata puidust lauaga<\/strong><\/p>\n<div class=\"pictogram qtip-additional-element\">\n<div class=\"description\">Pakend: 4,5&#215;1,2&#215;0,9 m, kaal\u00a0 1000 kg<\/div>\n<div>Pakend: <a href=\"https:\/\/alekeskus.eu\/wp-content\/uploads\/2021\/11\/Eva87ohje.pdf\">Eva8,7ohje<\/a><\/div>\n<\/div>\n<div class=\"pictogram qtip-additional-element\">\n<p>T\u00f5mbekubu ja sealt \u00fclesse poole on 1,2 mm plekist.\u00a0Tuleaseme jalg (mis on vahetult vastu p\u00f5randat) on 2 mm plekist.<\/p>\n<p>Tulease (kuhu s\u00f6ed\/puud asetatakse) on 2 mm plekist.\u00a0Tuleaseme tuharest 3 mm plekist.<\/p>\n<p>Tuhakast ja selle osad (mis kinnituvad tuleaseme k\u00fclge) 1,2 mm plekist.\u00a0Tuleaseme\u00e4\u00e4r on 5 mm ribaterasest.<\/p>\n<p>Lauakandurid (mis n\u00f6 riputatakse tuleaseme\u00e4\u00e4rele) on 4 mm plekist.<\/p>\n<\/div>\n","protected":false},"excerpt":{"rendered":"<p>Grillkoja l\u00e4bim\u00f5\u00f5t: <strong>3,26 m<\/strong>.<\/p>\n<ul>\n<li>\u00fcmarpalgi v\u00e4limusega freespalk <strong>44 mm<\/strong><\/li>\n<li>seina k\u00f5rgus 137 cm, kogu k\u00f5rgus 314 cm<\/li>\n<li>valmis katuse elemendid (punniga katuselauad 19 mm)<\/li>\n<li>valmis p\u00f5randaelemendid (punniga 19 mm p\u00f5randalaudadega, puidukaitsega talad)<\/li>\n<li>0,5 m lai seina\u00e4\u00e4rne pink<\/li>\n<li>katusekate ei sisaldu hinnas(tarve 9 pakki bituumensindlit)<\/li>\n<li>metallist tipum\u00fcts<\/li>\n<li>katuse pindala 18 m\u00b2 ja kalle 45\u00ba, r\u00e4\u00e4stas 23 cm<\/li>\n<li><strong>pakettklaasiga, <\/strong>liimpuidust lengiga ja silinderlukuga uks 75 x 155 cm<\/li>\n<li><strong>3<\/strong> <strong>pakettklaasiga<\/strong> avatavat akent 69 x 51 cm<\/li>\n<li>grill puitlaua ja k\u00fcpsetusv\u00f5rega, kubu ja korsten lisahinnaga +1500\u20ac<\/li>\n<li>tellitav puidukaitsevahendisse kastetuna +600\u20ac (pruun, hall v\u00f5i valkjas), tellimisaeg 2-4 n\u00e4dalat pikem<strong>\u00a0<img decoding=\"async\" class=\"\" src=\"https:\/\/www.palmako.ee\/sites\/default\/files\/styles\/product_list_item\/public\/2020-06\/BNDIP.jpg?itok=_LQkkeHM\" width=\"66\" height=\"66\" \/><img decoding=\"async\" class=\"\" src=\"https:\/\/www.palmako.ee\/sites\/default\/files\/styles\/product_list_item\/public\/2020-06\/GYDIP.jpg?itok=RrYf7KTV\" width=\"66\" height=\"66\" \/><img decoding=\"async\" class=\"\" src=\"https:\/\/www.palmako.ee\/sites\/default\/files\/styles\/product_list_item\/public\/2020-06\/WTDIP.jpg?itok=D9U46coI\" width=\"67\" height=\"67\" \/><\/strong><\/li>\n<li>5-aastane tehase garantii<\/li>\n<li>kinnitusvahendid ja koostejuhend<\/li>\n<li>Eesti toode<\/li>\n<li>vihmakindel pakend<\/li>\n<\/ul>\n<p>K\u00fcsi ka paigaldust!<\/p>\n","protected":false},"featured_media":95979,"template":"","meta":{"_monsterinsights_skip_tracking":false,"_monsterinsights_sitenote_active":false,"_monsterinsights_sitenote_note":"","_monsterinsights_sitenote_category":0},"pwb-brand":[18577],"product_brand":[],"product_cat":[17182,13592,13540,13600,13602],"product_tag":[13857,13866,13993,18833,15356,15357,15359],"class_list":{"0":"post-67160","1":"product","2":"type-product","3":"status-publish","4":"has-post-thumbnail","6":"pwb-brand-eesti","7":"product_cat-suvekoogid-alekeskus","8":"product_cat-aia-ja-grillmajad","9":"product_cat-hooned-alekeskus","10":"product_cat-kuurid-aidad-kioskid","11":"product_cat-elementmajad","12":"product_tag-koda","13":"product_tag-grillikota","14":"product_tag-kota","15":"product_tag-grillahi","16":"product_tag-grillkoda","17":"product_tag-grillmaja","18":"product_tag-eva","19":"product_shipping_class-tasuta-transport-kuni-1000kg","20":"pa_garantii-5-aastat","21":"pa_kohaletoimetamine-eestis-tasuta-alekeskus","22":"pa_laoasukoht-tartumaa","23":"pa_pindalam-14262","24":"pa_seinapaksus-17405","25":"pa_tellimisaeg-tilausaika-alekeskus","26":"pa_valilisad-grill-soomislaua-kubu-ja-korstnaga","27":"pa_valilisad-ilma-lisadeta","28":"pa_varv-viimistlemata","29":"pa_varv-pruunikas-puidukaitse","30":"pa_varv-hallikas-puidukaitse","31":"pa_varv-valkjas-puidukaitse","32":"pa_veame-eesti-ja-soome","34":"first","35":"instock","36":"taxable","37":"shipping-taxable","38":"purchasable","39":"product-type-variable","40":"has-default-attributes"},"yoast_head":"<!-- This site is optimized with the Yoast SEO plugin v27.3 - https:\/\/yoast.com\/product\/yoast-seo-wordpress\/ -->\n<title>Grillkoda Eeva 8,7 m\u00b2 - Alekeskus<\/title>\n<meta name=\"description\" content=\"grillikoda\" \/>\n<meta name=\"robots\" content=\"index, follow, max-snippet:-1, max-image-preview:large, max-video-preview:-1\" \/>\n<link rel=\"canonical\" href=\"https:\/\/alekeskus.eu\/toode\/grillkoda-eeva-87m-alekeskus\/\" \/>\n<meta property=\"og:locale\" content=\"et_EE\" \/>\n<meta property=\"og:type\" content=\"article\" \/>\n<meta property=\"og:title\" content=\"Grillkoda Eeva 8,7 m\u00b2 - Alekeskus\" \/>\n<meta property=\"og:description\" content=\"grillikoda\" \/>\n<meta property=\"og:url\" content=\"https:\/\/alekeskus.eu\/toode\/grillkoda-eeva-87m-alekeskus\/\" \/>\n<meta property=\"og:site_name\" content=\"Alekeskus\" \/>\n<meta property=\"article:modified_time\" content=\"2026-01-06T15:37:00+00:00\" \/>\n<meta property=\"og:image\" content=\"https:\/\/alekeskus.eu\/wp-content\/uploads\/2022\/11\/Eva_8.7_m2_NATURAL_wb.jpg\" \/>\n\t<meta property=\"og:image:width\" content=\"1600\" \/>\n\t<meta property=\"og:image:height\" content=\"1200\" \/>\n\t<meta property=\"og:image:type\" content=\"image\/jpeg\" \/>\n<meta name=\"twitter:card\" content=\"summary_large_image\" \/>\n<meta name=\"twitter:label1\" content=\"Est. reading time\" \/>\n\t<meta name=\"twitter:data1\" content=\"1 minut\" \/>\n<script type=\"application\/ld+json\" class=\"yoast-schema-graph\">{\"@context\":\"https:\\\/\\\/schema.org\",\"@graph\":[{\"@type\":\"WebPage\",\"@id\":\"https:\\\/\\\/alekeskus.eu\\\/toode\\\/grillkoda-eeva-87m-alekeskus\\\/\",\"url\":\"https:\\\/\\\/alekeskus.eu\\\/toode\\\/grillkoda-eeva-87m-alekeskus\\\/\",\"name\":\"Grillkoda Eeva 8,7 m\u00b2 - Alekeskus\",\"isPartOf\":{\"@id\":\"https:\\\/\\\/alekeskus.eu\\\/#website\"},\"primaryImageOfPage\":{\"@id\":\"https:\\\/\\\/alekeskus.eu\\\/toode\\\/grillkoda-eeva-87m-alekeskus\\\/#primaryimage\"},\"image\":{\"@id\":\"https:\\\/\\\/alekeskus.eu\\\/toode\\\/grillkoda-eeva-87m-alekeskus\\\/#primaryimage\"},\"thumbnailUrl\":\"https:\\\/\\\/alekeskus.eu\\\/wp-content\\\/uploads\\\/2022\\\/11\\\/Eva_8.7_m2_NATURAL_wb.jpg\",\"datePublished\":\"2022-11-11T22:41:52+00:00\",\"dateModified\":\"2026-01-06T15:37:00+00:00\",\"description\":\"grillikoda\",\"breadcrumb\":{\"@id\":\"https:\\\/\\\/alekeskus.eu\\\/toode\\\/grillkoda-eeva-87m-alekeskus\\\/#breadcrumb\"},\"inLanguage\":\"et\",\"potentialAction\":[{\"@type\":\"ReadAction\",\"target\":[\"https:\\\/\\\/alekeskus.eu\\\/toode\\\/grillkoda-eeva-87m-alekeskus\\\/\"]}]},{\"@type\":\"ImageObject\",\"inLanguage\":\"et\",\"@id\":\"https:\\\/\\\/alekeskus.eu\\\/toode\\\/grillkoda-eeva-87m-alekeskus\\\/#primaryimage\",\"url\":\"https:\\\/\\\/alekeskus.eu\\\/wp-content\\\/uploads\\\/2022\\\/11\\\/Eva_8.7_m2_NATURAL_wb.jpg\",\"contentUrl\":\"https:\\\/\\\/alekeskus.eu\\\/wp-content\\\/uploads\\\/2022\\\/11\\\/Eva_8.7_m2_NATURAL_wb.jpg\",\"width\":1600,\"height\":1200},{\"@type\":\"BreadcrumbList\",\"@id\":\"https:\\\/\\\/alekeskus.eu\\\/toode\\\/grillkoda-eeva-87m-alekeskus\\\/#breadcrumb\",\"itemListElement\":[{\"@type\":\"ListItem\",\"position\":1,\"name\":\"Avaleht\",\"item\":\"https:\\\/\\\/alekeskus.eu\\\/et\\\/\"},{\"@type\":\"ListItem\",\"position\":2,\"name\":\"Pood\",\"item\":\"https:\\\/\\\/alekeskus.eu\\\/pood\\\/\"},{\"@type\":\"ListItem\",\"position\":3,\"name\":\"Grillkoda Eeva 8,7 m\u00b2\"}]},{\"@type\":\"WebSite\",\"@id\":\"https:\\\/\\\/alekeskus.eu\\\/#website\",\"url\":\"https:\\\/\\\/alekeskus.eu\\\/\",\"name\":\"Alekeskus\",\"description\":\"Alekeskus.eu\",\"potentialAction\":[{\"@type\":\"SearchAction\",\"target\":{\"@type\":\"EntryPoint\",\"urlTemplate\":\"https:\\\/\\\/alekeskus.eu\\\/?s={search_term_string}\"},\"query-input\":{\"@type\":\"PropertyValueSpecification\",\"valueRequired\":true,\"valueName\":\"search_term_string\"}}],\"inLanguage\":\"et\"}]}<\/script>\n<!-- \/ Yoast SEO plugin. -->","yoast_head_json":{"title":"Grillkoda Eeva 8,7 m\u00b2 - Alekeskus","description":"grillikoda","robots":{"index":"index","follow":"follow","max-snippet":"max-snippet:-1","max-image-preview":"max-image-preview:large","max-video-preview":"max-video-preview:-1"},"canonical":"https:\/\/alekeskus.eu\/toode\/grillkoda-eeva-87m-alekeskus\/","og_locale":"et_EE","og_type":"article","og_title":"Grillkoda Eeva 8,7 m\u00b2 - Alekeskus","og_description":"grillikoda","og_url":"https:\/\/alekeskus.eu\/toode\/grillkoda-eeva-87m-alekeskus\/","og_site_name":"Alekeskus","article_modified_time":"2026-01-06T15:37:00+00:00","og_image":[{"width":1600,"height":1200,"url":"https:\/\/alekeskus.eu\/wp-content\/uploads\/2022\/11\/Eva_8.7_m2_NATURAL_wb.jpg","type":"image\/jpeg"}],"twitter_card":"summary_large_image","twitter_misc":{"Est. reading time":"1 minut"},"schema":{"@context":"https:\/\/schema.org","@graph":[{"@type":"WebPage","@id":"https:\/\/alekeskus.eu\/toode\/grillkoda-eeva-87m-alekeskus\/","url":"https:\/\/alekeskus.eu\/toode\/grillkoda-eeva-87m-alekeskus\/","name":"Grillkoda Eeva 8,7 m\u00b2 - Alekeskus","isPartOf":{"@id":"https:\/\/alekeskus.eu\/#website"},"primaryImageOfPage":{"@id":"https:\/\/alekeskus.eu\/toode\/grillkoda-eeva-87m-alekeskus\/#primaryimage"},"image":{"@id":"https:\/\/alekeskus.eu\/toode\/grillkoda-eeva-87m-alekeskus\/#primaryimage"},"thumbnailUrl":"https:\/\/alekeskus.eu\/wp-content\/uploads\/2022\/11\/Eva_8.7_m2_NATURAL_wb.jpg","datePublished":"2022-11-11T22:41:52+00:00","dateModified":"2026-01-06T15:37:00+00:00","description":"grillikoda","breadcrumb":{"@id":"https:\/\/alekeskus.eu\/toode\/grillkoda-eeva-87m-alekeskus\/#breadcrumb"},"inLanguage":"et","potentialAction":[{"@type":"ReadAction","target":["https:\/\/alekeskus.eu\/toode\/grillkoda-eeva-87m-alekeskus\/"]}]},{"@type":"ImageObject","inLanguage":"et","@id":"https:\/\/alekeskus.eu\/toode\/grillkoda-eeva-87m-alekeskus\/#primaryimage","url":"https:\/\/alekeskus.eu\/wp-content\/uploads\/2022\/11\/Eva_8.7_m2_NATURAL_wb.jpg","contentUrl":"https:\/\/alekeskus.eu\/wp-content\/uploads\/2022\/11\/Eva_8.7_m2_NATURAL_wb.jpg","width":1600,"height":1200},{"@type":"BreadcrumbList","@id":"https:\/\/alekeskus.eu\/toode\/grillkoda-eeva-87m-alekeskus\/#breadcrumb","itemListElement":[{"@type":"ListItem","position":1,"name":"Avaleht","item":"https:\/\/alekeskus.eu\/et\/"},{"@type":"ListItem","position":2,"name":"Pood","item":"https:\/\/alekeskus.eu\/pood\/"},{"@type":"ListItem","position":3,"name":"Grillkoda Eeva 8,7 m\u00b2"}]},{"@type":"WebSite","@id":"https:\/\/alekeskus.eu\/#website","url":"https:\/\/alekeskus.eu\/","name":"Alekeskus","description":"Alekeskus.eu","potentialAction":[{"@type":"SearchAction","target":{"@type":"EntryPoint","urlTemplate":"https:\/\/alekeskus.eu\/?s={search_term_string}"},"query-input":{"@type":"PropertyValueSpecification","valueRequired":true,"valueName":"search_term_string"}}],"inLanguage":"et"}]}},"brands":[{"id":18577,"name":"Eesti","slug":"eesti"}],"_links":{"self":[{"href":"https:\/\/alekeskus.eu\/et\/wp-json\/wp\/v2\/product\/67160","targetHints":{"allow":["GET"]}}],"collection":[{"href":"https:\/\/alekeskus.eu\/et\/wp-json\/wp\/v2\/product"}],"about":[{"href":"https:\/\/alekeskus.eu\/et\/wp-json\/wp\/v2\/types\/product"}],"wp:featuredmedia":[{"embeddable":true,"href":"https:\/\/alekeskus.eu\/et\/wp-json\/wp\/v2\/media\/95979"}],"wp:attachment":[{"href":"https:\/\/alekeskus.eu\/et\/wp-json\/wp\/v2\/media?parent=67160"}],"wp:term":[{"taxonomy":"pwb-brand","embeddable":true,"href":"https:\/\/alekeskus.eu\/et\/wp-json\/wp\/v2\/pwb-brand?post=67160"},{"taxonomy":"product_brand","embeddable":true,"href":"https:\/\/alekeskus.eu\/et\/wp-json\/wp\/v2\/product_brand?post=67160"},{"taxonomy":"product_cat","embeddable":true,"href":"https:\/\/alekeskus.eu\/et\/wp-json\/wp\/v2\/product_cat?post=67160"},{"taxonomy":"product_tag","embeddable":true,"href":"https:\/\/alekeskus.eu\/et\/wp-json\/wp\/v2\/product_tag?post=67160"}],"curies":[{"name":"wp","href":"https:\/\/api.w.org\/{rel}","templated":true}]}}