{"id":67182,"date":"2025-11-02T22:41:56","date_gmt":"2025-11-02T22:41:56","guid":{"rendered":"http:\/\/alekeskus.eu\/product\/aiamaja-heidy-197m%c2%b2\/"},"modified":"2026-01-08T13:25:54","modified_gmt":"2026-01-08T13:25:54","slug":"aiamaja-heidy-197m-alekeskus","status":"publish","type":"product","link":"https:\/\/alekeskus.eu\/et\/toode\/aiamaja-heidy-197m-alekeskus\/","title":{"rendered":"Aiamaja-kodukontor Heidy 19,7 m\u00b2"},"content":{"rendered":"<div class=\"pictogram qtip-additional-element\">\n<div class=\"description\">\n<p><strong>Telli juurde:<\/strong><\/p>\n<ul>\n<li><strong>SBS-bituumenist rullkate 6 rulli\u00a0<\/strong><\/li>\n<li><strong>vihmavees\u00fcsteem\u00a0\u00a0<\/strong><\/li>\n<\/ul>\n<p>Paigaldusohje-osaloetelu: <a href=\"https:\/\/alekeskus.eu\/wp-content\/uploads\/2024\/03\/Heidy197-EE-ja-FI-ohje.pdf\">Heidy19,7 EE ja FI ohje<\/a><\/p>\n<\/div>\n<div class=\"description\"><\/div>\n<\/div>\n","protected":false},"excerpt":{"rendered":"<p>V\u00e4lism\u00f5\u00f5dud: <strong>6,2 x 3,4 m.<\/strong><\/p>\n<p><strong>TASUTA VEDU JA MAHALAADIMINE (ka suursaartel)!<\/strong><\/p>\n<ul>\n<li><strong>70 mm<\/strong> <strong>freespalksein<\/strong> tuuletapiga, keermelatt-tormikinnitused<\/li>\n<li>seina k\u00f5rgused 229 cm ja 302 cm<\/li>\n<li>puidukaitsega t\u00f6\u00f6deldud alusprussid 45 x 70 mm ja 45 x 95 mm<\/li>\n<li>katuse pindala 37 m\u00b2 ja kalle 9,2\u00ba<\/li>\n<li>katusekate ei sisaldu hinnas(telli juurde SBS-bituumenist rullkate 6 rulli)<\/li>\n<li>r\u00e4\u00e4stas ees 78 cm<\/li>\n<li><strong>karastatud pakettklaasidega<\/strong> p\u00f6\u00f6rd-kaldavatav aken 82 x 198 cm(v\u00f5imalik paigaldada soovitud otsaseina), 2 kinnist akent 155 x 206 cm, kummitihendid, alumiiniumist tilganinad<\/li>\n<li>punnitud p\u00f5randalauad 28 mm ja katuselauad 19 mm<\/li>\n<li><strong>karastatud pakettklaasiga silinderlukuga uks<\/strong> 148 x 203 cm,\u00a0liimpuidust lengid, metalliga kaetud k\u00fcnnis<\/li>\n<\/ul>\n<ul>\n<li>5-aastane tehase garantii<\/li>\n<li>kinnitusvahendid ja p\u00fcstitusjuhend<\/li>\n<li>Eesti toode<\/li>\n<li>vihmakindel pakend<\/li>\n<\/ul>\n<p>K\u00fcsi ka paigaldust!<\/p>\n","protected":false},"featured_media":67162,"template":"","meta":{"_monsterinsights_skip_tracking":false,"_monsterinsights_sitenote_active":false,"_monsterinsights_sitenote_note":"","_monsterinsights_sitenote_category":0},"pwb-brand":[18577],"product_brand":[],"product_cat":[17182,13592,13540,13604,13608,13610],"product_tag":[16285,13913,13970,15234,18033,13813,15276,13819,15285,18565,13834,13835,15363,13840,15914,13846],"class_list":{"0":"post-67182","1":"product","2":"type-product","3":"status-publish","4":"has-post-thumbnail","6":"pwb-brand-eesti","7":"product_cat-suvekoogid-alekeskus","8":"product_cat-aia-ja-grillmajad","9":"product_cat-hooned-alekeskus","10":"product_cat-saunad","11":"product_cat-kontorid","12":"product_cat-suvilad","13":"product_tag-rantasauna","14":"product_tag-vierasmaja","15":"product_tag-suvila","16":"product_tag-heidi","17":"product_tag-rantamokki-2","18":"product_tag-aiamaja","19":"product_tag-pihatoimisto","20":"product_tag-vaja","21":"product_tag-kesamokki","22":"product_tag-etatyotila-2","23":"product_tag-toimisto","24":"product_tag-tila","25":"product_tag-70mm","26":"product_tag-kontor","27":"product_tag-pihasauna","28":"product_tag-office","29":"product_shipping_class-tasuta-transport-alates-1000kg","30":"pa_garantii-5-aastat","31":"pa_kohaletoimetamine-tasuta-mandri-eestis-ja-suursaartel-soome-alates-699e","32":"pa_laoasukoht-tartumaa","33":"pa_pindalam-15332","34":"pa_seinapaksus-70-mm","35":"pa_tellimisaeg-kuni-4-nadalat","36":"pa_varv-viimistlemata","37":"pa_veame-eesti-ja-soome","39":"first","40":"instock","41":"featured","42":"taxable","43":"shipping-taxable","44":"purchasable","45":"product-type-simple"},"yoast_head":"<!-- This site is optimized with the Yoast SEO plugin v27.3 - https:\/\/yoast.com\/product\/yoast-seo-wordpress\/ -->\n<title>Aiamaja-kodukontor Heidy 19,7 m\u00b2 - Alekeskus<\/title>\n<meta name=\"description\" content=\"Aiamaja Heidy 70 mm freespalgist ja pakettklaasidega.\" \/>\n<meta name=\"robots\" content=\"index, follow, max-snippet:-1, max-image-preview:large, max-video-preview:-1\" \/>\n<link rel=\"canonical\" href=\"https:\/\/alekeskus.eu\/toode\/aiamaja-heidy-197m-alekeskus\/\" \/>\n<meta property=\"og:locale\" content=\"et_EE\" \/>\n<meta property=\"og:type\" content=\"article\" \/>\n<meta property=\"og:title\" content=\"Aiamaja-kodukontor Heidy 19,7 m\u00b2 - Alekeskus\" \/>\n<meta property=\"og:description\" content=\"Aiamaja Heidy 70 mm freespalgist ja pakettklaasidega.\" \/>\n<meta property=\"og:url\" content=\"https:\/\/alekeskus.eu\/toode\/aiamaja-heidy-197m-alekeskus\/\" \/>\n<meta property=\"og:site_name\" content=\"Alekeskus\" \/>\n<meta property=\"article:modified_time\" content=\"2026-01-08T13:25:54+00:00\" \/>\n<meta property=\"og:image\" content=\"https:\/\/alekeskus.eu\/wp-content\/uploads\/2021\/11\/631aiamaja-heidy-19-7m-0.jpg\" \/>\n\t<meta property=\"og:image:width\" content=\"900\" \/>\n\t<meta property=\"og:image:height\" content=\"598\" \/>\n\t<meta property=\"og:image:type\" content=\"image\/jpeg\" \/>\n<meta name=\"twitter:card\" content=\"summary_large_image\" \/>\n<meta name=\"twitter:label1\" content=\"Est. reading time\" \/>\n\t<meta name=\"twitter:data1\" content=\"1 minut\" \/>\n<script type=\"application\/ld+json\" class=\"yoast-schema-graph\">{\"@context\":\"https:\\\/\\\/schema.org\",\"@graph\":[{\"@type\":\"WebPage\",\"@id\":\"https:\\\/\\\/alekeskus.eu\\\/toode\\\/aiamaja-heidy-197m-alekeskus\\\/\",\"url\":\"https:\\\/\\\/alekeskus.eu\\\/toode\\\/aiamaja-heidy-197m-alekeskus\\\/\",\"name\":\"Aiamaja-kodukontor Heidy 19,7 m\u00b2 - Alekeskus\",\"isPartOf\":{\"@id\":\"https:\\\/\\\/alekeskus.eu\\\/#website\"},\"primaryImageOfPage\":{\"@id\":\"https:\\\/\\\/alekeskus.eu\\\/toode\\\/aiamaja-heidy-197m-alekeskus\\\/#primaryimage\"},\"image\":{\"@id\":\"https:\\\/\\\/alekeskus.eu\\\/toode\\\/aiamaja-heidy-197m-alekeskus\\\/#primaryimage\"},\"thumbnailUrl\":\"https:\\\/\\\/alekeskus.eu\\\/wp-content\\\/uploads\\\/2021\\\/11\\\/631aiamaja-heidy-19-7m-0.jpg\",\"datePublished\":\"2025-11-02T22:41:56+00:00\",\"dateModified\":\"2026-01-08T13:25:54+00:00\",\"description\":\"Aiamaja Heidy 70 mm freespalgist ja pakettklaasidega.\",\"breadcrumb\":{\"@id\":\"https:\\\/\\\/alekeskus.eu\\\/toode\\\/aiamaja-heidy-197m-alekeskus\\\/#breadcrumb\"},\"inLanguage\":\"et\",\"potentialAction\":[{\"@type\":\"ReadAction\",\"target\":[\"https:\\\/\\\/alekeskus.eu\\\/toode\\\/aiamaja-heidy-197m-alekeskus\\\/\"]}]},{\"@type\":\"ImageObject\",\"inLanguage\":\"et\",\"@id\":\"https:\\\/\\\/alekeskus.eu\\\/toode\\\/aiamaja-heidy-197m-alekeskus\\\/#primaryimage\",\"url\":\"https:\\\/\\\/alekeskus.eu\\\/wp-content\\\/uploads\\\/2021\\\/11\\\/631aiamaja-heidy-19-7m-0.jpg\",\"contentUrl\":\"https:\\\/\\\/alekeskus.eu\\\/wp-content\\\/uploads\\\/2021\\\/11\\\/631aiamaja-heidy-19-7m-0.jpg\",\"width\":900,\"height\":598},{\"@type\":\"BreadcrumbList\",\"@id\":\"https:\\\/\\\/alekeskus.eu\\\/toode\\\/aiamaja-heidy-197m-alekeskus\\\/#breadcrumb\",\"itemListElement\":[{\"@type\":\"ListItem\",\"position\":1,\"name\":\"Avaleht\",\"item\":\"https:\\\/\\\/alekeskus.eu\\\/et\\\/\"},{\"@type\":\"ListItem\",\"position\":2,\"name\":\"Pood\",\"item\":\"https:\\\/\\\/alekeskus.eu\\\/pood\\\/\"},{\"@type\":\"ListItem\",\"position\":3,\"name\":\"Aiamaja-kodukontor Heidy 19,7 m\u00b2\"}]},{\"@type\":\"WebSite\",\"@id\":\"https:\\\/\\\/alekeskus.eu\\\/#website\",\"url\":\"https:\\\/\\\/alekeskus.eu\\\/\",\"name\":\"Alekeskus\",\"description\":\"Alekeskus.eu\",\"potentialAction\":[{\"@type\":\"SearchAction\",\"target\":{\"@type\":\"EntryPoint\",\"urlTemplate\":\"https:\\\/\\\/alekeskus.eu\\\/?s={search_term_string}\"},\"query-input\":{\"@type\":\"PropertyValueSpecification\",\"valueRequired\":true,\"valueName\":\"search_term_string\"}}],\"inLanguage\":\"et\"}]}<\/script>\n<!-- \/ Yoast SEO plugin. -->","yoast_head_json":{"title":"Aiamaja-kodukontor Heidy 19,7 m\u00b2 - Alekeskus","description":"Aiamaja Heidy 70 mm freespalgist ja pakettklaasidega.","robots":{"index":"index","follow":"follow","max-snippet":"max-snippet:-1","max-image-preview":"max-image-preview:large","max-video-preview":"max-video-preview:-1"},"canonical":"https:\/\/alekeskus.eu\/toode\/aiamaja-heidy-197m-alekeskus\/","og_locale":"et_EE","og_type":"article","og_title":"Aiamaja-kodukontor Heidy 19,7 m\u00b2 - Alekeskus","og_description":"Aiamaja Heidy 70 mm freespalgist ja pakettklaasidega.","og_url":"https:\/\/alekeskus.eu\/toode\/aiamaja-heidy-197m-alekeskus\/","og_site_name":"Alekeskus","article_modified_time":"2026-01-08T13:25:54+00:00","og_image":[{"width":900,"height":598,"url":"https:\/\/alekeskus.eu\/wp-content\/uploads\/2021\/11\/631aiamaja-heidy-19-7m-0.jpg","type":"image\/jpeg"}],"twitter_card":"summary_large_image","twitter_misc":{"Est. reading time":"1 minut"},"schema":{"@context":"https:\/\/schema.org","@graph":[{"@type":"WebPage","@id":"https:\/\/alekeskus.eu\/toode\/aiamaja-heidy-197m-alekeskus\/","url":"https:\/\/alekeskus.eu\/toode\/aiamaja-heidy-197m-alekeskus\/","name":"Aiamaja-kodukontor Heidy 19,7 m\u00b2 - Alekeskus","isPartOf":{"@id":"https:\/\/alekeskus.eu\/#website"},"primaryImageOfPage":{"@id":"https:\/\/alekeskus.eu\/toode\/aiamaja-heidy-197m-alekeskus\/#primaryimage"},"image":{"@id":"https:\/\/alekeskus.eu\/toode\/aiamaja-heidy-197m-alekeskus\/#primaryimage"},"thumbnailUrl":"https:\/\/alekeskus.eu\/wp-content\/uploads\/2021\/11\/631aiamaja-heidy-19-7m-0.jpg","datePublished":"2025-11-02T22:41:56+00:00","dateModified":"2026-01-08T13:25:54+00:00","description":"Aiamaja Heidy 70 mm freespalgist ja pakettklaasidega.","breadcrumb":{"@id":"https:\/\/alekeskus.eu\/toode\/aiamaja-heidy-197m-alekeskus\/#breadcrumb"},"inLanguage":"et","potentialAction":[{"@type":"ReadAction","target":["https:\/\/alekeskus.eu\/toode\/aiamaja-heidy-197m-alekeskus\/"]}]},{"@type":"ImageObject","inLanguage":"et","@id":"https:\/\/alekeskus.eu\/toode\/aiamaja-heidy-197m-alekeskus\/#primaryimage","url":"https:\/\/alekeskus.eu\/wp-content\/uploads\/2021\/11\/631aiamaja-heidy-19-7m-0.jpg","contentUrl":"https:\/\/alekeskus.eu\/wp-content\/uploads\/2021\/11\/631aiamaja-heidy-19-7m-0.jpg","width":900,"height":598},{"@type":"BreadcrumbList","@id":"https:\/\/alekeskus.eu\/toode\/aiamaja-heidy-197m-alekeskus\/#breadcrumb","itemListElement":[{"@type":"ListItem","position":1,"name":"Avaleht","item":"https:\/\/alekeskus.eu\/et\/"},{"@type":"ListItem","position":2,"name":"Pood","item":"https:\/\/alekeskus.eu\/pood\/"},{"@type":"ListItem","position":3,"name":"Aiamaja-kodukontor Heidy 19,7 m\u00b2"}]},{"@type":"WebSite","@id":"https:\/\/alekeskus.eu\/#website","url":"https:\/\/alekeskus.eu\/","name":"Alekeskus","description":"Alekeskus.eu","potentialAction":[{"@type":"SearchAction","target":{"@type":"EntryPoint","urlTemplate":"https:\/\/alekeskus.eu\/?s={search_term_string}"},"query-input":{"@type":"PropertyValueSpecification","valueRequired":true,"valueName":"search_term_string"}}],"inLanguage":"et"}]}},"brands":[{"id":18577,"name":"Eesti","slug":"eesti"}],"_links":{"self":[{"href":"https:\/\/alekeskus.eu\/et\/wp-json\/wp\/v2\/product\/67182","targetHints":{"allow":["GET"]}}],"collection":[{"href":"https:\/\/alekeskus.eu\/et\/wp-json\/wp\/v2\/product"}],"about":[{"href":"https:\/\/alekeskus.eu\/et\/wp-json\/wp\/v2\/types\/product"}],"wp:featuredmedia":[{"embeddable":true,"href":"https:\/\/alekeskus.eu\/et\/wp-json\/wp\/v2\/media\/67162"}],"wp:attachment":[{"href":"https:\/\/alekeskus.eu\/et\/wp-json\/wp\/v2\/media?parent=67182"}],"wp:term":[{"taxonomy":"pwb-brand","embeddable":true,"href":"https:\/\/alekeskus.eu\/et\/wp-json\/wp\/v2\/pwb-brand?post=67182"},{"taxonomy":"product_brand","embeddable":true,"href":"https:\/\/alekeskus.eu\/et\/wp-json\/wp\/v2\/product_brand?post=67182"},{"taxonomy":"product_cat","embeddable":true,"href":"https:\/\/alekeskus.eu\/et\/wp-json\/wp\/v2\/product_cat?post=67182"},{"taxonomy":"product_tag","embeddable":true,"href":"https:\/\/alekeskus.eu\/et\/wp-json\/wp\/v2\/product_tag?post=67182"}],"curies":[{"name":"wp","href":"https:\/\/api.w.org\/{rel}","templated":true}]}}