{"id":67239,"date":"2021-11-11T22:42:16","date_gmt":"2021-11-11T22:42:16","guid":{"rendered":"http:\/\/alekeskus.eu\/product\/pihamaja-sylvi-61106m%c2%b2\/"},"modified":"2024-12-09T14:28:09","modified_gmt":"2024-12-09T14:28:09","slug":"vierasmaja-sylvi-61106m-alekeskus","status":"publish","type":"product","link":"https:\/\/alekeskus.eu\/et\/toode\/vierasmaja-sylvi-61106m-alekeskus\/","title":{"rendered":"Vierasmaja Sylvi 6,1+10,6m\u00b2"},"content":{"rendered":"<div class=\"pictogram qtip-additional-element\">\n<div class=\"description\">\n<div class=\"pictogram qtip-additional-element\">\n<div class=\"image\">\n<p><strong>Lis\u00e4hintaan:<\/strong><\/p>\n<div class=\"pictogram qtip-additional-element\">\n<div class=\"image\">\n<div class=\"pictogram qtip-additional-element\">\n<div class=\"description\">\n<p><strong>&#8211; palahuopa 10 pkt\u00a0<\/strong><\/p>\n<p><strong>&#8211; SBS kattokermi 5 rll\u00a0<\/strong><\/p>\n<p><strong>&#8211;\u00a0<\/strong><strong>kattohuopa 5 rll\u00a0<\/strong><\/p>\n<p><strong><strong><strong>&#8211; upotus puunsuojaaineseen: \u00a0<strong>ruskea, harmaa, valkoinen\u00a0<\/strong><\/strong><\/strong><\/strong><\/p>\n<p><strong>&#8211; r\u00e4yst\u00e4skourut<\/strong><\/p>\n<\/div>\n<\/div>\n<\/div>\n<\/div>\n<\/div>\n<\/div>\n<\/div>\n<\/div>\n","protected":false},"excerpt":{"rendered":"<p>Ulkosein\u00e4mitat: <strong>3,3 x 2,0(5,4) m<\/strong>.<\/p>\n<ul>\n<li>44 mm hirsirakenne tuulitapeilla ja myrskyvahvistuksilla<\/li>\n<li>etulippa 370 cm<\/li>\n<li>ikkunaluukut<\/li>\n<li>painekyll\u00e4stetyt lattianiskat ja terassi<\/li>\n<li>pontatut lattia- ja kattolaudat<\/li>\n<li>karmi sormijatkettua massiivipuuta<\/li>\n<li>sylinterilukollinen ovi,\u00a0metallilla p\u00e4\u00e4llystetty ovikynnys<\/li>\n<li>avattavat ikkunat l\u00e4mp\u00f6laseilla ja tippalistalla<\/li>\n<li>kasausohje ja kiinnitystarvikkeet<\/li>\n<li>5-vuoden takuu<\/li>\n<li>tehty Eestiss\u00e4<\/li>\n<\/ul>\n","protected":false},"featured_media":67219,"template":"","meta":{"_monsterinsights_skip_tracking":false,"_monsterinsights_sitenote_active":false,"_monsterinsights_sitenote_note":"","_monsterinsights_sitenote_category":0},"pwb-brand":[],"product_brand":[],"product_cat":[13593,13539,13541],"product_tag":[17173,17228,17250,17277,17295,17434],"class_list":{"0":"post-67239","1":"product","2":"type-product","3":"status-publish","4":"has-post-thumbnail","6":"product_cat-vierasmajat-alekeskus","7":"product_cat-ale","8":"product_cat-rakennukset","9":"product_tag-pihamaja-fi-2","10":"product_tag-terassi-fi","11":"product_tag-palmako-fi","12":"product_tag-mokki-fi","13":"product_tag-pihamaja-fi-3","14":"product_tag-piharakennus-fi","15":"product_shipping_class-alkaen-1000-kg","16":"pa_garantii-5-vuotta-fi","17":"pa_kaalkg-1400-fi","18":"pa_kohaletoimetamine-alkaen-299e-alekeskus","19":"pa_laoasukoht-tartumaa-fi","20":"pa_pakendimoodud-60x12x07-m-fi","21":"pa_pindalam-167-fi","22":"pa_tellimisaeg-1-3-viikossa","23":"pa_varv-puuvalmis-fi","24":"pa_veame-eesti-ja-suomi","26":"first","27":"instock","28":"taxable","29":"shipping-taxable","30":"purchasable","31":"product-type-variable"},"yoast_head":"<!-- This site is optimized with the Yoast SEO plugin v27.3 - https:\/\/yoast.com\/product\/yoast-seo-wordpress\/ -->\n<title>Vierasmaja Sylvi 6,1+10,6m\u00b2 - Alekeskus<\/title>\n<meta name=\"robots\" content=\"index, follow, max-snippet:-1, max-image-preview:large, max-video-preview:-1\" \/>\n<link rel=\"canonical\" href=\"https:\/\/alekeskus.eu\/fi\/tuote\/vierasmaja-sylvi-61106m-alekeskus\/\" \/>\n<meta property=\"og:locale\" content=\"et_EE\" \/>\n<meta property=\"og:type\" content=\"article\" \/>\n<meta property=\"og:title\" content=\"Vierasmaja Sylvi 6,1+10,6m\u00b2 - Alekeskus\" \/>\n<meta property=\"og:description\" content=\"Ulkosein\u00e4mitat: 3,3 x 2,0(5,4) m.   44 mm hirsirakenne tuulitapeilla ja myrskyvahvistuksilla  etulippa 370 cm  ikkunaluukut  painekyll\u00e4stetyt lattianiskat ja terassi  pontatut lattia- ja kattolaudat  karmi sormijatkettua massiivipuuta  sylinterilukollinen ovi,\u00a0metallilla p\u00e4\u00e4llystetty ovikynnys  avattavat ikkunat l\u00e4mp\u00f6laseilla ja tippalistalla  kasausohje ja kiinnitystarvikkeet  5-vuoden takuu  tehty Eestiss\u00e4\" \/>\n<meta property=\"og:url\" content=\"https:\/\/alekeskus.eu\/fi\/tuote\/vierasmaja-sylvi-61106m-alekeskus\/\" \/>\n<meta property=\"og:site_name\" content=\"Alekeskus\" \/>\n<meta property=\"article:modified_time\" content=\"2024-12-09T14:28:09+00:00\" \/>\n<meta property=\"og:image\" content=\"https:\/\/alekeskus.eu\/wp-content\/uploads\/2021\/11\/633aiamaja-sylvi-6-1-10-6m-0.jpg\" \/>\n\t<meta property=\"og:image:width\" content=\"900\" \/>\n\t<meta property=\"og:image:height\" content=\"675\" \/>\n\t<meta property=\"og:image:type\" content=\"image\/jpeg\" \/>\n<meta name=\"twitter:card\" content=\"summary_large_image\" \/>\n<meta name=\"twitter:label1\" content=\"Est. reading time\" \/>\n\t<meta name=\"twitter:data1\" content=\"1 minut\" \/>\n<script type=\"application\/ld+json\" class=\"yoast-schema-graph\">{\"@context\":\"https:\\\/\\\/schema.org\",\"@graph\":[{\"@type\":\"WebPage\",\"@id\":\"https:\\\/\\\/alekeskus.eu\\\/fi\\\/tuote\\\/vierasmaja-sylvi-61106m-alekeskus\\\/\",\"url\":\"https:\\\/\\\/alekeskus.eu\\\/fi\\\/tuote\\\/vierasmaja-sylvi-61106m-alekeskus\\\/\",\"name\":\"Vierasmaja Sylvi 6,1+10,6m\u00b2 - Alekeskus\",\"isPartOf\":{\"@id\":\"https:\\\/\\\/alekeskus.eu\\\/#website\"},\"primaryImageOfPage\":{\"@id\":\"https:\\\/\\\/alekeskus.eu\\\/fi\\\/tuote\\\/vierasmaja-sylvi-61106m-alekeskus\\\/#primaryimage\"},\"image\":{\"@id\":\"https:\\\/\\\/alekeskus.eu\\\/fi\\\/tuote\\\/vierasmaja-sylvi-61106m-alekeskus\\\/#primaryimage\"},\"thumbnailUrl\":\"https:\\\/\\\/alekeskus.eu\\\/wp-content\\\/uploads\\\/2021\\\/11\\\/633aiamaja-sylvi-6-1-10-6m-0.jpg\",\"datePublished\":\"2021-11-11T22:42:16+00:00\",\"dateModified\":\"2024-12-09T14:28:09+00:00\",\"breadcrumb\":{\"@id\":\"https:\\\/\\\/alekeskus.eu\\\/fi\\\/tuote\\\/vierasmaja-sylvi-61106m-alekeskus\\\/#breadcrumb\"},\"inLanguage\":\"et\",\"potentialAction\":[{\"@type\":\"ReadAction\",\"target\":[\"https:\\\/\\\/alekeskus.eu\\\/fi\\\/tuote\\\/vierasmaja-sylvi-61106m-alekeskus\\\/\"]}]},{\"@type\":\"ImageObject\",\"inLanguage\":\"et\",\"@id\":\"https:\\\/\\\/alekeskus.eu\\\/fi\\\/tuote\\\/vierasmaja-sylvi-61106m-alekeskus\\\/#primaryimage\",\"url\":\"https:\\\/\\\/alekeskus.eu\\\/wp-content\\\/uploads\\\/2021\\\/11\\\/633aiamaja-sylvi-6-1-10-6m-0.jpg\",\"contentUrl\":\"https:\\\/\\\/alekeskus.eu\\\/wp-content\\\/uploads\\\/2021\\\/11\\\/633aiamaja-sylvi-6-1-10-6m-0.jpg\",\"width\":900,\"height\":675},{\"@type\":\"BreadcrumbList\",\"@id\":\"https:\\\/\\\/alekeskus.eu\\\/fi\\\/tuote\\\/vierasmaja-sylvi-61106m-alekeskus\\\/#breadcrumb\",\"itemListElement\":[{\"@type\":\"ListItem\",\"position\":1,\"name\":\"Avaleht\",\"item\":\"https:\\\/\\\/alekeskus.eu\\\/et\\\/\"},{\"@type\":\"ListItem\",\"position\":2,\"name\":\"Pood\",\"item\":\"https:\\\/\\\/alekeskus.eu\\\/pood\\\/\"},{\"@type\":\"ListItem\",\"position\":3,\"name\":\"Vierasmaja Sylvi 6,1+10,6m\u00b2\"}]},{\"@type\":\"WebSite\",\"@id\":\"https:\\\/\\\/alekeskus.eu\\\/#website\",\"url\":\"https:\\\/\\\/alekeskus.eu\\\/\",\"name\":\"Alekeskus\",\"description\":\"Alekeskus.eu\",\"potentialAction\":[{\"@type\":\"SearchAction\",\"target\":{\"@type\":\"EntryPoint\",\"urlTemplate\":\"https:\\\/\\\/alekeskus.eu\\\/?s={search_term_string}\"},\"query-input\":{\"@type\":\"PropertyValueSpecification\",\"valueRequired\":true,\"valueName\":\"search_term_string\"}}],\"inLanguage\":\"et\"}]}<\/script>\n<!-- \/ Yoast SEO plugin. -->","yoast_head_json":{"title":"Vierasmaja Sylvi 6,1+10,6m\u00b2 - Alekeskus","robots":{"index":"index","follow":"follow","max-snippet":"max-snippet:-1","max-image-preview":"max-image-preview:large","max-video-preview":"max-video-preview:-1"},"canonical":"https:\/\/alekeskus.eu\/fi\/tuote\/vierasmaja-sylvi-61106m-alekeskus\/","og_locale":"et_EE","og_type":"article","og_title":"Vierasmaja Sylvi 6,1+10,6m\u00b2 - Alekeskus","og_description":"Ulkosein\u00e4mitat: 3,3 x 2,0(5,4) m.   44 mm hirsirakenne tuulitapeilla ja myrskyvahvistuksilla  etulippa 370 cm  ikkunaluukut  painekyll\u00e4stetyt lattianiskat ja terassi  pontatut lattia- ja kattolaudat  karmi sormijatkettua massiivipuuta  sylinterilukollinen ovi,\u00a0metallilla p\u00e4\u00e4llystetty ovikynnys  avattavat ikkunat l\u00e4mp\u00f6laseilla ja tippalistalla  kasausohje ja kiinnitystarvikkeet  5-vuoden takuu  tehty Eestiss\u00e4","og_url":"https:\/\/alekeskus.eu\/fi\/tuote\/vierasmaja-sylvi-61106m-alekeskus\/","og_site_name":"Alekeskus","article_modified_time":"2024-12-09T14:28:09+00:00","og_image":[{"width":900,"height":675,"url":"https:\/\/alekeskus.eu\/wp-content\/uploads\/2021\/11\/633aiamaja-sylvi-6-1-10-6m-0.jpg","type":"image\/jpeg"}],"twitter_card":"summary_large_image","twitter_misc":{"Est. reading time":"1 minut"},"schema":{"@context":"https:\/\/schema.org","@graph":[{"@type":"WebPage","@id":"https:\/\/alekeskus.eu\/fi\/tuote\/vierasmaja-sylvi-61106m-alekeskus\/","url":"https:\/\/alekeskus.eu\/fi\/tuote\/vierasmaja-sylvi-61106m-alekeskus\/","name":"Vierasmaja Sylvi 6,1+10,6m\u00b2 - Alekeskus","isPartOf":{"@id":"https:\/\/alekeskus.eu\/#website"},"primaryImageOfPage":{"@id":"https:\/\/alekeskus.eu\/fi\/tuote\/vierasmaja-sylvi-61106m-alekeskus\/#primaryimage"},"image":{"@id":"https:\/\/alekeskus.eu\/fi\/tuote\/vierasmaja-sylvi-61106m-alekeskus\/#primaryimage"},"thumbnailUrl":"https:\/\/alekeskus.eu\/wp-content\/uploads\/2021\/11\/633aiamaja-sylvi-6-1-10-6m-0.jpg","datePublished":"2021-11-11T22:42:16+00:00","dateModified":"2024-12-09T14:28:09+00:00","breadcrumb":{"@id":"https:\/\/alekeskus.eu\/fi\/tuote\/vierasmaja-sylvi-61106m-alekeskus\/#breadcrumb"},"inLanguage":"et","potentialAction":[{"@type":"ReadAction","target":["https:\/\/alekeskus.eu\/fi\/tuote\/vierasmaja-sylvi-61106m-alekeskus\/"]}]},{"@type":"ImageObject","inLanguage":"et","@id":"https:\/\/alekeskus.eu\/fi\/tuote\/vierasmaja-sylvi-61106m-alekeskus\/#primaryimage","url":"https:\/\/alekeskus.eu\/wp-content\/uploads\/2021\/11\/633aiamaja-sylvi-6-1-10-6m-0.jpg","contentUrl":"https:\/\/alekeskus.eu\/wp-content\/uploads\/2021\/11\/633aiamaja-sylvi-6-1-10-6m-0.jpg","width":900,"height":675},{"@type":"BreadcrumbList","@id":"https:\/\/alekeskus.eu\/fi\/tuote\/vierasmaja-sylvi-61106m-alekeskus\/#breadcrumb","itemListElement":[{"@type":"ListItem","position":1,"name":"Avaleht","item":"https:\/\/alekeskus.eu\/et\/"},{"@type":"ListItem","position":2,"name":"Pood","item":"https:\/\/alekeskus.eu\/pood\/"},{"@type":"ListItem","position":3,"name":"Vierasmaja Sylvi 6,1+10,6m\u00b2"}]},{"@type":"WebSite","@id":"https:\/\/alekeskus.eu\/#website","url":"https:\/\/alekeskus.eu\/","name":"Alekeskus","description":"Alekeskus.eu","potentialAction":[{"@type":"SearchAction","target":{"@type":"EntryPoint","urlTemplate":"https:\/\/alekeskus.eu\/?s={search_term_string}"},"query-input":{"@type":"PropertyValueSpecification","valueRequired":true,"valueName":"search_term_string"}}],"inLanguage":"et"}]}},"brands":[],"_links":{"self":[{"href":"https:\/\/alekeskus.eu\/et\/wp-json\/wp\/v2\/product\/67239","targetHints":{"allow":["GET"]}}],"collection":[{"href":"https:\/\/alekeskus.eu\/et\/wp-json\/wp\/v2\/product"}],"about":[{"href":"https:\/\/alekeskus.eu\/et\/wp-json\/wp\/v2\/types\/product"}],"wp:featuredmedia":[{"embeddable":true,"href":"https:\/\/alekeskus.eu\/et\/wp-json\/wp\/v2\/media\/67219"}],"wp:attachment":[{"href":"https:\/\/alekeskus.eu\/et\/wp-json\/wp\/v2\/media?parent=67239"}],"wp:term":[{"taxonomy":"pwb-brand","embeddable":true,"href":"https:\/\/alekeskus.eu\/et\/wp-json\/wp\/v2\/pwb-brand?post=67239"},{"taxonomy":"product_brand","embeddable":true,"href":"https:\/\/alekeskus.eu\/et\/wp-json\/wp\/v2\/product_brand?post=67239"},{"taxonomy":"product_cat","embeddable":true,"href":"https:\/\/alekeskus.eu\/et\/wp-json\/wp\/v2\/product_cat?post=67239"},{"taxonomy":"product_tag","embeddable":true,"href":"https:\/\/alekeskus.eu\/et\/wp-json\/wp\/v2\/product_tag?post=67239"}],"curies":[{"name":"wp","href":"https:\/\/api.w.org\/{rel}","templated":true}]}}