{"id":67273,"date":"2021-11-11T22:42:26","date_gmt":"2021-11-11T22:42:27","guid":{"rendered":"http:\/\/alekeskus.eu\/product\/grillikota-eva-114m%c2%b2\/"},"modified":"2021-11-12T07:49:22","modified_gmt":"2021-11-12T07:49:22","slug":"grillikota-eva-114m%c2%b2","status":"publish","type":"product","link":"https:\/\/alekeskus.eu\/et\/toode\/grillikota-eva-114m%c2%b2\/","title":{"rendered":"Grillikota Eva 11,4m\u00b2"},"content":{"rendered":"<div class=\"pictogram qtip-additional-element\"><strong>Lis\u00e4hintaan:<\/strong><\/div>\n<div class=\"pictogram qtip-additional-element\">\n<p><strong>&#8211; palahuopa 12 pk 300\u20ac<\/strong><\/p>\n<p><strong>&#8211; grilli, kupu ja piippu 1200\u20ac\u00a0<img decoding=\"async\" src=\"http:\/\/pood.palmako.ee\/sites\/default\/files\/styles\/product_information_preview_thumbnail\/public\/field_optional_products_image\/grillahi_180.jpg?itok=2NlEROnl\" alt=\"\" width=\"63\" height=\"96\" \/><\/strong><\/p>\n<div class=\"pictogram qtip-additional-element\">\n<div class=\"image\"><img decoding=\"async\" src=\"http:\/\/pood.palmako.ee\/sites\/default\/files\/styles\/pictogram_thumbnail\/public\/field_pictogram_image\/pp2.png?itok=Ya16u5tg\" alt=\"\" width=\"48\" height=\"48\" \/>\u00a0 \u00a0 \u00a0 \u00a0 \u00a0 \u00a0\u00a0<img decoding=\"async\" src=\"http:\/\/pood.palmako.ee\/sites\/default\/files\/styles\/pictogram_thumbnail\/public\/field_pictogram_image\/pictogram_1_bold.png?itok=GoqvSOGg\" alt=\"\" width=\"48\" height=\"48\" \/>\u00a0 \u00a0 \u00a0 \u00a0 \u00a0 \u00a0\u00a0<img loading=\"lazy\" decoding=\"async\" src=\"http:\/\/pood.palmako.ee\/sites\/default\/files\/styles\/pictogram_thumbnail\/public\/field_pictogram_image\/pp16.png?itok=d92KXTFx\" alt=\"\" width=\"48\" height=\"48\" \/>\u00a0 \u00a0 \u00a0 \u00a0 \u00a0 \u00a0\u00a0<img loading=\"lazy\" decoding=\"async\" src=\"http:\/\/pood.palmako.ee\/sites\/default\/files\/styles\/pictogram_thumbnail\/public\/field_pictogram_image\/pp15.png?itok=BnrnTd4O\" alt=\"\" width=\"48\" height=\"48\" \/>\u00a0 \u00a0 \u00a0 \u00a0 \u00a0 \u00a0\u00a0<img loading=\"lazy\" decoding=\"async\" src=\"http:\/\/pood.palmako.ee\/sites\/default\/files\/styles\/pictogram_thumbnail\/public\/field_pictogram_image\/pp5.png?itok=5vRJP9ok\" alt=\"\" width=\"48\" height=\"48\" \/><\/div>\n<div class=\"description\">44 mm \u00a0 \u00a0 \u00a0 \u00a0 \u00a0 \u00a0 \u00a0379 cm \u00a0 \u00a0 \u00a0 \u00a0 \u00a0 \u00a0 \u00a0137 cm \u00a0 \u00a0 \u00a0 \u00a0 \u00a0 \u00a0 \u00a0346 cm \u00a0 \u00a0 \u00a0 \u00a0 \u00a0 \u00a0 11,4 m\u00b2<\/div>\n<\/div>\n<div class=\"pictogram qtip-additional-element\">\n<div class=\"image\"><\/div>\n<div class=\"description\"><img loading=\"lazy\" decoding=\"async\" src=\"http:\/\/pood.palmako.ee\/sites\/default\/files\/styles\/pictogram_thumbnail\/public\/field_pictogram_image\/pp6_0.png?itok=14ZoC7Np\" alt=\"\" width=\"48\" height=\"48\" \/>\u00a0 \u00a0 \u00a0 \u00a0 \u00a0 \u00a0 \u00a0 \u00a0 \u00a0 \u00a0 \u00a0 \u00a0 \u00a0 \u00a0 \u00a0<img loading=\"lazy\" decoding=\"async\" src=\"http:\/\/pood.palmako.ee\/sites\/default\/files\/styles\/pictogram_thumbnail\/public\/field_pictogram_image\/pp17.png?itok=EIsI6q9F\" alt=\"\" width=\"48\" height=\"48\" \/>\u00a0 \u00a0 \u00a0 \u00a0 \u00a0 \u00a0 \u00a0 \u00a0 \u00a0 \u00a0 \u00a0 \u00a0 \u00a0 \u00a0\u00a0<img loading=\"lazy\" decoding=\"async\" src=\"http:\/\/pood.palmako.ee\/sites\/default\/files\/styles\/pictogram_thumbnail\/public\/field_pictogram_image\/floor-and-roof-boards.png?itok=nW82fACW\" alt=\"\" width=\"48\" height=\"48\" \/><\/div>\n<\/div>\n<div class=\"pictogram qtip-additional-element\">\n<div class=\"description\">26,0 m\u00b3 \u00a0 \u00a0 \u00a0 \u00a0 \u00a0 \u00a0 \u00a0 \u00a0 \u00a0 \u00a0 \u00a0 \u00a022,0 m\u00b2 \/ 45,0\u00ba \u00a0 \u00a0 \u00a0 \u00a0 \u00a0 \u00a0 \u00a0 \u00a0 \u00a0 \u00a0 \u00a019 mm<\/div>\n<\/div>\n<div class=\"pictogram qtip-additional-element\"><\/div>\n<div class=\"pictogram qtip-additional-element\"><\/div>\n<div class=\"pictogram qtip-additional-element\">\n<div class=\"image\"><img loading=\"lazy\" decoding=\"async\" src=\"http:\/\/pood.palmako.ee\/sites\/default\/files\/styles\/pictogram_thumbnail\/public\/field_pictogram_image\/real-double-glass.png?itok=Upg8J926\" alt=\"\" width=\"48\" height=\"48\" \/>\u00a0 \u00a0 \u00a0 \u00a0 \u00a0 \u00a0 \u00a0 \u00a0 \u00a0 \u00a0 \u00a0 \u00a0 \u00a0 \u00a0\u00a0<img loading=\"lazy\" decoding=\"async\" src=\"http:\/\/pood.palmako.ee\/sites\/default\/files\/styles\/pictogram_thumbnail\/public\/field_pictogram_image\/pp24.png?itok=P4ql8ut7\" alt=\"\" width=\"48\" height=\"48\" \/>\u00a0 \u00a0 \u00a0 \u00a0 \u00a0 \u00a0 \u00a0 \u00a0 \u00a0 \u00a0 \u00a0 \u00a0 \u00a0 \u00a0 \u00a0<img loading=\"lazy\" decoding=\"async\" src=\"http:\/\/pood.palmako.ee\/sites\/default\/files\/styles\/pictogram_thumbnail\/public\/field_pictogram_image\/pp25.png?itok=8xQVzSvW\" alt=\"\" width=\"48\" height=\"48\" \/><\/div>\n<div class=\"description\">3-6-3 mm \u00a0 \u00a0 \u00a0 \u00a0 \u00a0 \u00a0 \u00a0 \u00a0 \u00a0 \u00a0 \u00a0 \u00a065&#215;147 cm \u00a0 \u00a0 \u00a0 \u00a0 \u00a0 \u00a0 \u00a0 \u00a0 \u00a0 \u00a0 \u00a0 \u00a0 \u00a053&#215;35 cm<\/div>\n<\/div>\n<div class=\"pictogram qtip-additional-element\"><\/div>\n<div class=\"pictogram qtip-additional-element\">\n<div class=\"image\"><img loading=\"lazy\" decoding=\"async\" src=\"http:\/\/pood.palmako.ee\/sites\/default\/files\/styles\/pictogram_thumbnail\/public\/field_pictogram_image\/pakim66t.jpg?itok=qCgjXGZJ\" alt=\"\" width=\"48\" height=\"48\" \/>\u00a0 \u00a0 \u00a0 \u00a0 \u00a0 \u00a0 \u00a0 \u00a0 \u00a0 \u00a0 \u00a0 \u00a0 \u00a0 \u00a0 \u00a0 \u00a0 \u00a0 \u00a0 \u00a0 \u00a0 \u00a0 \u00a0 \u00a0 \u00a0 \u00a0 \u00a0 \u00a0 \u00a0 \u00a0\u00a0<img loading=\"lazy\" decoding=\"async\" src=\"http:\/\/pood.palmako.ee\/sites\/default\/files\/styles\/pictogram_thumbnail\/public\/field_pictogram_image\/kaal.jpg?itok=E2dctUS7\" alt=\"\" width=\"48\" height=\"48\" \/><\/div>\n<div class=\"description\">5,1&#215;1,2&#215;0,9 m \u00a0 \u00a0 \u00a0 \u00a0 \u00a0 \u00a0 \u00a0 \u00a0 \u00a0 \u00a0 \u00a0 \u00a0 \u00a0 \u00a0 \u00a0 \u00a0 \u00a0 \u00a0 \u00a0 \u00a0 \u00a0 \u00a0 \u00a0 \u00a0 \u00a01500 kg<\/div>\n<\/div>\n<\/div>\n","protected":false},"excerpt":{"rendered":"<p>Grillikodan sis\u00e4halkaisija\u00a0<strong>379 cm<\/strong>. Sein\u00e4\u00a0<strong>44 mm<\/strong>.\u00a0<\/p>\n<ul>\n<li>painekyll\u00e4stetyt lattianiskat \u00a0<img loading=\"lazy\" decoding=\"async\" src=\"http:\/\/pood.palmako.ee\/sites\/default\/files\/styles\/product_information_preview_thumbnail\/public\/field_product_information_image\/treated-found-joists_180.jpg?itok=bTDHP0B8\" alt=\"\" width=\"64\" height=\"51\" \/>\u00a0<\/li>\n<li>katto elementeist\u00e4\u00a0<img loading=\"lazy\" decoding=\"async\" src=\"http:\/\/pood.palmako.ee\/sites\/default\/files\/styles\/product_information_preview_thumbnail\/public\/field_product_information_image\/pavillon_roof_180.jpg?itok=kDRMK4Nb\" alt=\"\" width=\"73\" height=\"55\" \/>\u00a0<\/li>\n<li>pontatut kattolaudat\u00a0<img loading=\"lazy\" decoding=\"async\" src=\"http:\/\/pood.palmako.ee\/sites\/default\/files\/styles\/product_information_preview_thumbnail\/public\/field_product_information_image\/roof-floor-boards_180.jpg?itok=3L5R_tp7\" alt=\"\" width=\"84\" height=\"58\" \/><\/li>\n<li>l\u00e4mp\u00f6lasit\u00a0<img loading=\"lazy\" decoding=\"async\" src=\"http:\/\/pood.palmako.ee\/sites\/default\/files\/styles\/product_information_preview_thumbnail\/public\/field_product_information_image\/glass_double_180_0.jpg?itok=X0AsvIUC\" alt=\"\" width=\"59\" height=\"55\" \/>\u00a0<\/li>\n<li>kumitiivisteet ja silikoni\u00a0<img loading=\"lazy\" decoding=\"async\" src=\"http:\/\/pood.palmako.ee\/sites\/default\/files\/styles\/product_information_preview_thumbnail\/public\/field_product_information_image\/rubber-seals_180.jpg?itok=1wauf2KL\" alt=\"\" width=\"80\" height=\"53\" \/><\/li>\n<li>karmi sormijatkettua massiivipuuta<\/li>\n<li>kiinnikkeet\u00a0<img loading=\"lazy\" decoding=\"async\" src=\"http:\/\/pood.palmako.ee\/sites\/default\/files\/styles\/product_information_preview_thumbnail\/public\/field_product_information_image\/fix-kit_180_0.jpg?itok=tCGJh7M0\" alt=\"\" width=\"83\" height=\"55\" \/>\u00a0ja kasausohje\u00a0<\/li>\n<li>grilli, kupu ja piippu ei sis\u00e4lly toimitukseen<\/li>\n<li>lattia ritil\u00e4elementeist\u00e4<\/li>\n<li>5-vuoden takuu\u00a0<img loading=\"lazy\" decoding=\"async\" src=\"http:\/\/pood.palmako.ee\/sites\/default\/files\/styles\/product_information_preview_thumbnail\/public\/field_product_information_image\/5-years-guarantee_180.jpg?itok=Oa1VNq7D\" alt=\"\" width=\"78\" height=\"78\" \/>\u00a0<\/li>\n<\/ul>\n","protected":false},"featured_media":67253,"template":"","meta":{"_monsterinsights_skip_tracking":false,"_monsterinsights_sitenote_active":false,"_monsterinsights_sitenote_note":"","_monsterinsights_sitenote_category":0},"pwb-brand":[],"product_brand":[],"product_cat":[13593,17183,13541],"product_tag":[17281,17283,17903],"class_list":{"0":"post-67273","1":"product","2":"type-product","3":"status-publish","4":"has-post-thumbnail","6":"product_cat-vierasmajat-alekeskus","7":"product_cat-kesakeittiot","8":"product_cat-rakennukset","9":"product_tag-grillikota-fi","10":"product_tag-kota-fi-2","11":"product_tag-huvimaja-fi-2","12":"product_shipping_class-tasuta-transport-kuni-300kg-fi","13":"pa_garantii-5-vuotta-fi","14":"pa_kaalkg-1500kg-fi","15":"pa_kohaletoimetamine-alkaen-160e-fi","16":"pa_laoasukoht-tartumaa-fi","17":"pa_pakendimoodud-51x12x09-m-fi","18":"pa_pindalam-114-fi","19":"pa_tellimisaeg-1-3-viikossa","20":"pa_varv-puuvalmis-fi","21":"pa_veame-eesti-ja-suomi","23":"first","24":"instock","25":"taxable","26":"shipping-taxable","27":"purchasable","28":"product-type-simple"},"yoast_head":"<!-- This site is optimized with the Yoast SEO plugin v27.3 - https:\/\/yoast.com\/product\/yoast-seo-wordpress\/ -->\n<title>Grillikota Eva 11,4m\u00b2 - Alekeskus<\/title>\n<meta name=\"robots\" content=\"index, follow, max-snippet:-1, max-image-preview:large, max-video-preview:-1\" \/>\n<link rel=\"canonical\" href=\"https:\/\/alekeskus.eu\/fi\/tuote\/grillikota-eva-114m\u00b2\/\" \/>\n<meta property=\"og:locale\" content=\"et_EE\" \/>\n<meta property=\"og:type\" content=\"article\" \/>\n<meta property=\"og:title\" content=\"Grillikota Eva 11,4m\u00b2 - Alekeskus\" \/>\n<meta property=\"og:description\" content=\"Grillikodan sis\u00e4halkaisija\u00a0379 cm. Sein\u00e4\u00a044 mm.\u00a0  painekyll\u00e4stetyt lattianiskat \u00a0\u00a0 katto elementeist\u00e4\u00a0\u00a0 pontatut kattolaudat\u00a0 l\u00e4mp\u00f6lasit\u00a0\u00a0 kumitiivisteet ja silikoni\u00a0 karmi sormijatkettua massiivipuuta kiinnikkeet\u00a0\u00a0ja kasausohje\u00a0 grilli, kupu ja piippu ei sis\u00e4lly toimitukseen lattia ritil\u00e4elementeist\u00e4 5-vuoden takuu\u00a0\u00a0\" \/>\n<meta property=\"og:url\" content=\"https:\/\/alekeskus.eu\/fi\/tuote\/grillikota-eva-114m\u00b2\/\" \/>\n<meta property=\"og:site_name\" content=\"Alekeskus\" \/>\n<meta property=\"article:modified_time\" content=\"2021-11-12T07:49:22+00:00\" \/>\n<meta property=\"og:image\" content=\"https:\/\/alekeskus.eu\/wp-content\/uploads\/2021\/11\/654grillmaja-eva-11-4m-0.jpg\" \/>\n\t<meta property=\"og:image:width\" content=\"900\" \/>\n\t<meta property=\"og:image:height\" content=\"722\" \/>\n\t<meta property=\"og:image:type\" content=\"image\/jpeg\" \/>\n<meta name=\"twitter:card\" content=\"summary_large_image\" \/>\n<script type=\"application\/ld+json\" class=\"yoast-schema-graph\">{\"@context\":\"https:\\\/\\\/schema.org\",\"@graph\":[{\"@type\":\"WebPage\",\"@id\":\"https:\\\/\\\/alekeskus.eu\\\/fi\\\/tuote\\\/grillikota-eva-114m%c2%b2\\\/\",\"url\":\"https:\\\/\\\/alekeskus.eu\\\/fi\\\/tuote\\\/grillikota-eva-114m%c2%b2\\\/\",\"name\":\"Grillikota Eva 11,4m\u00b2 - Alekeskus\",\"isPartOf\":{\"@id\":\"https:\\\/\\\/alekeskus.eu\\\/#website\"},\"primaryImageOfPage\":{\"@id\":\"https:\\\/\\\/alekeskus.eu\\\/fi\\\/tuote\\\/grillikota-eva-114m%c2%b2\\\/#primaryimage\"},\"image\":{\"@id\":\"https:\\\/\\\/alekeskus.eu\\\/fi\\\/tuote\\\/grillikota-eva-114m%c2%b2\\\/#primaryimage\"},\"thumbnailUrl\":\"https:\\\/\\\/alekeskus.eu\\\/wp-content\\\/uploads\\\/2021\\\/11\\\/654grillmaja-eva-11-4m-0.jpg\",\"datePublished\":\"2021-11-11T22:42:27+00:00\",\"dateModified\":\"2021-11-12T07:49:22+00:00\",\"breadcrumb\":{\"@id\":\"https:\\\/\\\/alekeskus.eu\\\/fi\\\/tuote\\\/grillikota-eva-114m%c2%b2\\\/#breadcrumb\"},\"inLanguage\":\"et\",\"potentialAction\":[{\"@type\":\"ReadAction\",\"target\":[\"https:\\\/\\\/alekeskus.eu\\\/fi\\\/tuote\\\/grillikota-eva-114m%c2%b2\\\/\"]}]},{\"@type\":\"ImageObject\",\"inLanguage\":\"et\",\"@id\":\"https:\\\/\\\/alekeskus.eu\\\/fi\\\/tuote\\\/grillikota-eva-114m%c2%b2\\\/#primaryimage\",\"url\":\"https:\\\/\\\/alekeskus.eu\\\/wp-content\\\/uploads\\\/2021\\\/11\\\/654grillmaja-eva-11-4m-0.jpg\",\"contentUrl\":\"https:\\\/\\\/alekeskus.eu\\\/wp-content\\\/uploads\\\/2021\\\/11\\\/654grillmaja-eva-11-4m-0.jpg\",\"width\":900,\"height\":722},{\"@type\":\"BreadcrumbList\",\"@id\":\"https:\\\/\\\/alekeskus.eu\\\/fi\\\/tuote\\\/grillikota-eva-114m%c2%b2\\\/#breadcrumb\",\"itemListElement\":[{\"@type\":\"ListItem\",\"position\":1,\"name\":\"Avaleht\",\"item\":\"https:\\\/\\\/alekeskus.eu\\\/et\\\/\"},{\"@type\":\"ListItem\",\"position\":2,\"name\":\"Pood\",\"item\":\"https:\\\/\\\/alekeskus.eu\\\/pood\\\/\"},{\"@type\":\"ListItem\",\"position\":3,\"name\":\"Grillikota Eva 11,4m\u00b2\"}]},{\"@type\":\"WebSite\",\"@id\":\"https:\\\/\\\/alekeskus.eu\\\/#website\",\"url\":\"https:\\\/\\\/alekeskus.eu\\\/\",\"name\":\"Alekeskus\",\"description\":\"Alekeskus.eu\",\"potentialAction\":[{\"@type\":\"SearchAction\",\"target\":{\"@type\":\"EntryPoint\",\"urlTemplate\":\"https:\\\/\\\/alekeskus.eu\\\/?s={search_term_string}\"},\"query-input\":{\"@type\":\"PropertyValueSpecification\",\"valueRequired\":true,\"valueName\":\"search_term_string\"}}],\"inLanguage\":\"et\"}]}<\/script>\n<!-- \/ Yoast SEO plugin. -->","yoast_head_json":{"title":"Grillikota Eva 11,4m\u00b2 - Alekeskus","robots":{"index":"index","follow":"follow","max-snippet":"max-snippet:-1","max-image-preview":"max-image-preview:large","max-video-preview":"max-video-preview:-1"},"canonical":"https:\/\/alekeskus.eu\/fi\/tuote\/grillikota-eva-114m\u00b2\/","og_locale":"et_EE","og_type":"article","og_title":"Grillikota Eva 11,4m\u00b2 - Alekeskus","og_description":"Grillikodan sis\u00e4halkaisija\u00a0379 cm. Sein\u00e4\u00a044 mm.\u00a0  painekyll\u00e4stetyt lattianiskat \u00a0\u00a0 katto elementeist\u00e4\u00a0\u00a0 pontatut kattolaudat\u00a0 l\u00e4mp\u00f6lasit\u00a0\u00a0 kumitiivisteet ja silikoni\u00a0 karmi sormijatkettua massiivipuuta kiinnikkeet\u00a0\u00a0ja kasausohje\u00a0 grilli, kupu ja piippu ei sis\u00e4lly toimitukseen lattia ritil\u00e4elementeist\u00e4 5-vuoden takuu\u00a0\u00a0","og_url":"https:\/\/alekeskus.eu\/fi\/tuote\/grillikota-eva-114m\u00b2\/","og_site_name":"Alekeskus","article_modified_time":"2021-11-12T07:49:22+00:00","og_image":[{"width":900,"height":722,"url":"https:\/\/alekeskus.eu\/wp-content\/uploads\/2021\/11\/654grillmaja-eva-11-4m-0.jpg","type":"image\/jpeg"}],"twitter_card":"summary_large_image","schema":{"@context":"https:\/\/schema.org","@graph":[{"@type":"WebPage","@id":"https:\/\/alekeskus.eu\/fi\/tuote\/grillikota-eva-114m%c2%b2\/","url":"https:\/\/alekeskus.eu\/fi\/tuote\/grillikota-eva-114m%c2%b2\/","name":"Grillikota Eva 11,4m\u00b2 - Alekeskus","isPartOf":{"@id":"https:\/\/alekeskus.eu\/#website"},"primaryImageOfPage":{"@id":"https:\/\/alekeskus.eu\/fi\/tuote\/grillikota-eva-114m%c2%b2\/#primaryimage"},"image":{"@id":"https:\/\/alekeskus.eu\/fi\/tuote\/grillikota-eva-114m%c2%b2\/#primaryimage"},"thumbnailUrl":"https:\/\/alekeskus.eu\/wp-content\/uploads\/2021\/11\/654grillmaja-eva-11-4m-0.jpg","datePublished":"2021-11-11T22:42:27+00:00","dateModified":"2021-11-12T07:49:22+00:00","breadcrumb":{"@id":"https:\/\/alekeskus.eu\/fi\/tuote\/grillikota-eva-114m%c2%b2\/#breadcrumb"},"inLanguage":"et","potentialAction":[{"@type":"ReadAction","target":["https:\/\/alekeskus.eu\/fi\/tuote\/grillikota-eva-114m%c2%b2\/"]}]},{"@type":"ImageObject","inLanguage":"et","@id":"https:\/\/alekeskus.eu\/fi\/tuote\/grillikota-eva-114m%c2%b2\/#primaryimage","url":"https:\/\/alekeskus.eu\/wp-content\/uploads\/2021\/11\/654grillmaja-eva-11-4m-0.jpg","contentUrl":"https:\/\/alekeskus.eu\/wp-content\/uploads\/2021\/11\/654grillmaja-eva-11-4m-0.jpg","width":900,"height":722},{"@type":"BreadcrumbList","@id":"https:\/\/alekeskus.eu\/fi\/tuote\/grillikota-eva-114m%c2%b2\/#breadcrumb","itemListElement":[{"@type":"ListItem","position":1,"name":"Avaleht","item":"https:\/\/alekeskus.eu\/et\/"},{"@type":"ListItem","position":2,"name":"Pood","item":"https:\/\/alekeskus.eu\/pood\/"},{"@type":"ListItem","position":3,"name":"Grillikota Eva 11,4m\u00b2"}]},{"@type":"WebSite","@id":"https:\/\/alekeskus.eu\/#website","url":"https:\/\/alekeskus.eu\/","name":"Alekeskus","description":"Alekeskus.eu","potentialAction":[{"@type":"SearchAction","target":{"@type":"EntryPoint","urlTemplate":"https:\/\/alekeskus.eu\/?s={search_term_string}"},"query-input":{"@type":"PropertyValueSpecification","valueRequired":true,"valueName":"search_term_string"}}],"inLanguage":"et"}]}},"brands":[],"_links":{"self":[{"href":"https:\/\/alekeskus.eu\/et\/wp-json\/wp\/v2\/product\/67273","targetHints":{"allow":["GET"]}}],"collection":[{"href":"https:\/\/alekeskus.eu\/et\/wp-json\/wp\/v2\/product"}],"about":[{"href":"https:\/\/alekeskus.eu\/et\/wp-json\/wp\/v2\/types\/product"}],"wp:featuredmedia":[{"embeddable":true,"href":"https:\/\/alekeskus.eu\/et\/wp-json\/wp\/v2\/media\/67253"}],"wp:attachment":[{"href":"https:\/\/alekeskus.eu\/et\/wp-json\/wp\/v2\/media?parent=67273"}],"wp:term":[{"taxonomy":"pwb-brand","embeddable":true,"href":"https:\/\/alekeskus.eu\/et\/wp-json\/wp\/v2\/pwb-brand?post=67273"},{"taxonomy":"product_brand","embeddable":true,"href":"https:\/\/alekeskus.eu\/et\/wp-json\/wp\/v2\/product_brand?post=67273"},{"taxonomy":"product_cat","embeddable":true,"href":"https:\/\/alekeskus.eu\/et\/wp-json\/wp\/v2\/product_cat?post=67273"},{"taxonomy":"product_tag","embeddable":true,"href":"https:\/\/alekeskus.eu\/et\/wp-json\/wp\/v2\/product_tag?post=67273"}],"curies":[{"name":"wp","href":"https:\/\/api.w.org\/{rel}","templated":true}]}}