{"id":67364,"date":"2025-04-11T22:43:05","date_gmt":"2025-04-11T22:43:05","guid":{"rendered":"http:\/\/alekeskus.eu\/product\/aiamaja-claudia-194m%c2%b2\/"},"modified":"2026-01-29T18:56:14","modified_gmt":"2026-01-29T18:56:14","slug":"aiamaja-klaus-194-alekeskus","status":"publish","type":"product","link":"https:\/\/alekeskus.eu\/et\/toode\/aiamaja-klaus-194-alekeskus\/","title":{"rendered":"Aiamaja-kodukontor Klaus 19,4 m\u00b2"},"content":{"rendered":"<div class=\"pictogram qtip-additional-element\">\n<div class=\"image\">\n<p><strong>Telli juurde:<\/strong><\/p>\n<p><strong>&#8211; bituumensindel 12 pakki, ajutine <\/strong><strong>katusepapp v\u00f5i SBS-bituumenkate 7 rulli\u00a0<\/strong><\/p>\n<p><strong>&#8211;\u00a0<strong>puitosa kastmine puukaitseainesse: <strong>\u00a0pruun<strong>, hall, valge<\/strong><\/strong><\/strong><\/strong><\/p>\n<p><strong>&#8211; v\u00e4ljast v\u00e4rvituna\u00a0<\/strong><\/p>\n<\/div>\n<\/div>\n<div class=\"pictogram qtip-additional-element\">\n<div class=\"description\">Pakend: 6,0&#215;1,2&#215;0,9 m; kaal 1650 kg<\/div>\n<\/div>\n<div class=\"clearfix\"><\/div>\n<div class=\"pictogram qtip-additional-element\"><\/div>\n","protected":false},"excerpt":{"rendered":"<p>V\u00e4lism\u00f5\u00f5dud:<strong> 5,3 x 3,8 m.\u00a0<\/strong><\/p>\n<p><strong>TASUTA VEDU JA MAHALAADIMINE(ka suursaartele)!<\/strong><\/p>\n<ul>\n<li>tuuletapiga freespalksein<strong> 44 mm<\/strong>, tormikinnitused<\/li>\n<li>seina k\u00f5rgus 222 cm, harja k\u00f5rgus 363 cm<\/li>\n<li>katusetalad 60 x 160 mm, punniga katuselauad 19 mm<\/li>\n<li>katuse pindala 30 m\u00b2 ja kalle 35\u00ba, r\u00e4\u00e4stas 23 cm<\/li>\n<li>katusekate lisahinnaga(tarve 12 pakki bituumensindlit, 7 rulli SBS-bituumenkatet v\u00f5i ajutist katusepappi)<\/li>\n<li>punniga p\u00f5randalauad 19 mm, puidukaitsega k\u00e4sitletud p\u00f5randatalad 60 x 80 mm<\/li>\n<li>liimpuidust ukseleng, metalliga kaetud k\u00fcnnis, silinderlukk, pakettklaasiga uks 151 \u00d7 175 cm<\/li>\n<li>p\u00f6\u00f6rd-ja kaldavanemisega pakettaknad 8 tk 60 x 111 cm tilganinaga<\/li>\n<li>tellitav puidukaitsevahendisse kastetuna +1000\u20ac (pruun, hall v\u00f5i valkjas)<strong><img decoding=\"async\" class=\"\" src=\"https:\/\/www.palmako.ee\/sites\/default\/files\/styles\/product_list_item\/public\/2020-06\/BNDIP.jpg?itok=_LQkkeHM\" width=\"66\" height=\"66\" \/><img decoding=\"async\" class=\"\" src=\"https:\/\/www.palmako.ee\/sites\/default\/files\/styles\/product_list_item\/public\/2020-06\/GYDIP.jpg?itok=RrYf7KTV\" width=\"66\" height=\"66\" \/><img decoding=\"async\" class=\"\" src=\"https:\/\/www.palmako.ee\/sites\/default\/files\/styles\/product_list_item\/public\/2020-06\/WTDIP.jpg?itok=D9U46coI\" width=\"67\" height=\"67\" \/> <\/strong>v\u00f5i v\u00e4ljast v\u00e4rvituna(4 v\u00e4rvilahendust) +2000\u20ac, tellimisaeg 2-4 n\u00e4dalat pikem<\/li>\n<li>kinnitusvahendid ja koostejuhend<\/li>\n<li>Eesti toode<\/li>\n<li>garantii 5 aastat<\/li>\n<li>vihmakindel pakend<\/li>\n<\/ul>\n<p>K\u00fcsi ka paigaldust!<\/p>\n<p>&nbsp;<\/p>\n","protected":false},"featured_media":87640,"template":"","meta":{"_monsterinsights_skip_tracking":false,"_monsterinsights_sitenote_active":false,"_monsterinsights_sitenote_note":"","_monsterinsights_sitenote_category":0},"pwb-brand":[18577],"product_brand":[],"product_cat":[17182,13592,13540,13600,13608,13610],"product_tag":[18330,15277,13832,18565,13848,15389,13851,15516,15914,13899,13913,13978,13813,14220,13816,14310],"class_list":{"0":"post-67364","1":"product","2":"type-product","3":"status-publish","4":"has-post-thumbnail","6":"pwb-brand-eesti","7":"product_cat-suvekoogid-alekeskus","8":"product_cat-aia-ja-grillmajad","9":"product_cat-hooned-alekeskus","10":"product_cat-kuurid-aidad-kioskid","11":"product_cat-kontorid","12":"product_cat-suvilad","13":"product_tag-palmako-vierasmaja","14":"product_tag-aiapaviljon","15":"product_tag-kesakeittio","16":"product_tag-etatyotila-2","17":"product_tag-lehtla","18":"product_tag-pool-house","19":"product_tag-gazebo","20":"product_tag-suvekook","21":"product_tag-pihasauna","22":"product_tag-garden-house","23":"product_tag-vierasmaja","24":"product_tag-huvila","25":"product_tag-aiamaja","26":"product_tag-talveaed","27":"product_tag-peomaja","28":"product_tag-kodukontor","29":"product_shipping_class-tasuta-transport-alates-1000kg","30":"pa_garantii-5-aastat","31":"pa_kohaletoimetamine-tasuta-mandri-eestis-ja-suursaartel-soome-alates-699e","32":"pa_laoasukoht-tartumaa","33":"pa_pindalam-15390","34":"pa_seinapaksus-17405","35":"pa_tellimisaeg-tilausaika-alekeskus","36":"pa_varv-helehall-sein-mustad-avataited-ja-liistud","37":"pa_varv-viimistlemata","38":"pa_varv-pruunikas-puidukaitse","39":"pa_varv-tumehall-sein-mustad-avataited-ja-liistud","40":"pa_varv-hallikas-puidukaitse","41":"pa_varv-helehall-sein-valged-avataited-liistud","42":"pa_varv-valkjas-puidukaitse","43":"pa_varv-tumehall-sein-valged-avataited-ja-liistud-alekeskus","44":"pa_veame-eesti-ja-soome","46":"first","47":"instock","48":"featured","49":"taxable","50":"shipping-taxable","51":"purchasable","52":"product-type-variable","53":"has-default-attributes"},"yoast_head":"<!-- This site is optimized with the Yoast SEO plugin v27.3 - https:\/\/yoast.com\/product\/yoast-seo-wordpress\/ -->\n<title>Aiamaja-kodukontor Klaus 19,4 m\u00b2 - Alekeskus<\/title>\n<meta name=\"description\" content=\"soojapidav kodukontor freespalgist\" \/>\n<meta name=\"robots\" content=\"index, follow, max-snippet:-1, max-image-preview:large, max-video-preview:-1\" \/>\n<link rel=\"canonical\" href=\"https:\/\/alekeskus.eu\/et\/toode\/aiamaja-klaus-194-alekeskus\/\" \/>\n<meta property=\"og:locale\" content=\"et_EE\" \/>\n<meta property=\"og:type\" content=\"article\" \/>\n<meta property=\"og:title\" content=\"Aiamaja-kodukontor Klaus 19,4 m\u00b2 - Alekeskus\" \/>\n<meta property=\"og:description\" content=\"soojapidav kodukontor freespalgist\" \/>\n<meta property=\"og:url\" content=\"https:\/\/alekeskus.eu\/et\/toode\/aiamaja-klaus-194-alekeskus\/\" \/>\n<meta property=\"og:site_name\" content=\"Alekeskus\" \/>\n<meta property=\"article:modified_time\" content=\"2026-01-29T18:56:14+00:00\" \/>\n<meta property=\"og:image\" content=\"https:\/\/alekeskus.eu\/wp-content\/uploads\/2023\/06\/Claudia_19.4_-interior2025.jpg\" \/>\n\t<meta property=\"og:image:width\" content=\"1600\" \/>\n\t<meta property=\"og:image:height\" content=\"1200\" \/>\n\t<meta property=\"og:image:type\" content=\"image\/jpeg\" \/>\n<meta name=\"twitter:card\" content=\"summary_large_image\" \/>\n<meta name=\"twitter:label1\" content=\"Est. reading time\" \/>\n\t<meta name=\"twitter:data1\" content=\"1 minut\" \/>\n<script type=\"application\/ld+json\" class=\"yoast-schema-graph\">{\"@context\":\"https:\\\/\\\/schema.org\",\"@graph\":[{\"@type\":\"WebPage\",\"@id\":\"https:\\\/\\\/alekeskus.eu\\\/et\\\/toode\\\/aiamaja-klaus-194-alekeskus\\\/\",\"url\":\"https:\\\/\\\/alekeskus.eu\\\/et\\\/toode\\\/aiamaja-klaus-194-alekeskus\\\/\",\"name\":\"Aiamaja-kodukontor Klaus 19,4 m\u00b2 - Alekeskus\",\"isPartOf\":{\"@id\":\"https:\\\/\\\/alekeskus.eu\\\/#website\"},\"primaryImageOfPage\":{\"@id\":\"https:\\\/\\\/alekeskus.eu\\\/et\\\/toode\\\/aiamaja-klaus-194-alekeskus\\\/#primaryimage\"},\"image\":{\"@id\":\"https:\\\/\\\/alekeskus.eu\\\/et\\\/toode\\\/aiamaja-klaus-194-alekeskus\\\/#primaryimage\"},\"thumbnailUrl\":\"https:\\\/\\\/alekeskus.eu\\\/wp-content\\\/uploads\\\/2023\\\/06\\\/Claudia_19.4_-interior2025.jpg\",\"datePublished\":\"2025-04-11T22:43:05+00:00\",\"dateModified\":\"2026-01-29T18:56:14+00:00\",\"description\":\"soojapidav kodukontor freespalgist\",\"breadcrumb\":{\"@id\":\"https:\\\/\\\/alekeskus.eu\\\/et\\\/toode\\\/aiamaja-klaus-194-alekeskus\\\/#breadcrumb\"},\"inLanguage\":\"et\",\"potentialAction\":[{\"@type\":\"ReadAction\",\"target\":[\"https:\\\/\\\/alekeskus.eu\\\/et\\\/toode\\\/aiamaja-klaus-194-alekeskus\\\/\"]}]},{\"@type\":\"ImageObject\",\"inLanguage\":\"et\",\"@id\":\"https:\\\/\\\/alekeskus.eu\\\/et\\\/toode\\\/aiamaja-klaus-194-alekeskus\\\/#primaryimage\",\"url\":\"https:\\\/\\\/alekeskus.eu\\\/wp-content\\\/uploads\\\/2023\\\/06\\\/Claudia_19.4_-interior2025.jpg\",\"contentUrl\":\"https:\\\/\\\/alekeskus.eu\\\/wp-content\\\/uploads\\\/2023\\\/06\\\/Claudia_19.4_-interior2025.jpg\",\"width\":1600,\"height\":1200},{\"@type\":\"BreadcrumbList\",\"@id\":\"https:\\\/\\\/alekeskus.eu\\\/et\\\/toode\\\/aiamaja-klaus-194-alekeskus\\\/#breadcrumb\",\"itemListElement\":[{\"@type\":\"ListItem\",\"position\":1,\"name\":\"Avaleht\",\"item\":\"https:\\\/\\\/alekeskus.eu\\\/et\\\/\"},{\"@type\":\"ListItem\",\"position\":2,\"name\":\"Pood\",\"item\":\"https:\\\/\\\/alekeskus.eu\\\/pood\\\/\"},{\"@type\":\"ListItem\",\"position\":3,\"name\":\"Aiamaja-kodukontor Klaus 19,4 m\u00b2\"}]},{\"@type\":\"WebSite\",\"@id\":\"https:\\\/\\\/alekeskus.eu\\\/#website\",\"url\":\"https:\\\/\\\/alekeskus.eu\\\/\",\"name\":\"Alekeskus\",\"description\":\"Alekeskus.eu\",\"potentialAction\":[{\"@type\":\"SearchAction\",\"target\":{\"@type\":\"EntryPoint\",\"urlTemplate\":\"https:\\\/\\\/alekeskus.eu\\\/?s={search_term_string}\"},\"query-input\":{\"@type\":\"PropertyValueSpecification\",\"valueRequired\":true,\"valueName\":\"search_term_string\"}}],\"inLanguage\":\"et\"}]}<\/script>\n<!-- \/ Yoast SEO plugin. -->","yoast_head_json":{"title":"Aiamaja-kodukontor Klaus 19,4 m\u00b2 - Alekeskus","description":"soojapidav kodukontor freespalgist","robots":{"index":"index","follow":"follow","max-snippet":"max-snippet:-1","max-image-preview":"max-image-preview:large","max-video-preview":"max-video-preview:-1"},"canonical":"https:\/\/alekeskus.eu\/et\/toode\/aiamaja-klaus-194-alekeskus\/","og_locale":"et_EE","og_type":"article","og_title":"Aiamaja-kodukontor Klaus 19,4 m\u00b2 - Alekeskus","og_description":"soojapidav kodukontor freespalgist","og_url":"https:\/\/alekeskus.eu\/et\/toode\/aiamaja-klaus-194-alekeskus\/","og_site_name":"Alekeskus","article_modified_time":"2026-01-29T18:56:14+00:00","og_image":[{"width":1600,"height":1200,"url":"https:\/\/alekeskus.eu\/wp-content\/uploads\/2023\/06\/Claudia_19.4_-interior2025.jpg","type":"image\/jpeg"}],"twitter_card":"summary_large_image","twitter_misc":{"Est. reading time":"1 minut"},"schema":{"@context":"https:\/\/schema.org","@graph":[{"@type":"WebPage","@id":"https:\/\/alekeskus.eu\/et\/toode\/aiamaja-klaus-194-alekeskus\/","url":"https:\/\/alekeskus.eu\/et\/toode\/aiamaja-klaus-194-alekeskus\/","name":"Aiamaja-kodukontor Klaus 19,4 m\u00b2 - Alekeskus","isPartOf":{"@id":"https:\/\/alekeskus.eu\/#website"},"primaryImageOfPage":{"@id":"https:\/\/alekeskus.eu\/et\/toode\/aiamaja-klaus-194-alekeskus\/#primaryimage"},"image":{"@id":"https:\/\/alekeskus.eu\/et\/toode\/aiamaja-klaus-194-alekeskus\/#primaryimage"},"thumbnailUrl":"https:\/\/alekeskus.eu\/wp-content\/uploads\/2023\/06\/Claudia_19.4_-interior2025.jpg","datePublished":"2025-04-11T22:43:05+00:00","dateModified":"2026-01-29T18:56:14+00:00","description":"soojapidav kodukontor freespalgist","breadcrumb":{"@id":"https:\/\/alekeskus.eu\/et\/toode\/aiamaja-klaus-194-alekeskus\/#breadcrumb"},"inLanguage":"et","potentialAction":[{"@type":"ReadAction","target":["https:\/\/alekeskus.eu\/et\/toode\/aiamaja-klaus-194-alekeskus\/"]}]},{"@type":"ImageObject","inLanguage":"et","@id":"https:\/\/alekeskus.eu\/et\/toode\/aiamaja-klaus-194-alekeskus\/#primaryimage","url":"https:\/\/alekeskus.eu\/wp-content\/uploads\/2023\/06\/Claudia_19.4_-interior2025.jpg","contentUrl":"https:\/\/alekeskus.eu\/wp-content\/uploads\/2023\/06\/Claudia_19.4_-interior2025.jpg","width":1600,"height":1200},{"@type":"BreadcrumbList","@id":"https:\/\/alekeskus.eu\/et\/toode\/aiamaja-klaus-194-alekeskus\/#breadcrumb","itemListElement":[{"@type":"ListItem","position":1,"name":"Avaleht","item":"https:\/\/alekeskus.eu\/et\/"},{"@type":"ListItem","position":2,"name":"Pood","item":"https:\/\/alekeskus.eu\/pood\/"},{"@type":"ListItem","position":3,"name":"Aiamaja-kodukontor Klaus 19,4 m\u00b2"}]},{"@type":"WebSite","@id":"https:\/\/alekeskus.eu\/#website","url":"https:\/\/alekeskus.eu\/","name":"Alekeskus","description":"Alekeskus.eu","potentialAction":[{"@type":"SearchAction","target":{"@type":"EntryPoint","urlTemplate":"https:\/\/alekeskus.eu\/?s={search_term_string}"},"query-input":{"@type":"PropertyValueSpecification","valueRequired":true,"valueName":"search_term_string"}}],"inLanguage":"et"}]}},"brands":[{"id":18577,"name":"Eesti","slug":"eesti"}],"_links":{"self":[{"href":"https:\/\/alekeskus.eu\/et\/wp-json\/wp\/v2\/product\/67364","targetHints":{"allow":["GET"]}}],"collection":[{"href":"https:\/\/alekeskus.eu\/et\/wp-json\/wp\/v2\/product"}],"about":[{"href":"https:\/\/alekeskus.eu\/et\/wp-json\/wp\/v2\/types\/product"}],"wp:featuredmedia":[{"embeddable":true,"href":"https:\/\/alekeskus.eu\/et\/wp-json\/wp\/v2\/media\/87640"}],"wp:attachment":[{"href":"https:\/\/alekeskus.eu\/et\/wp-json\/wp\/v2\/media?parent=67364"}],"wp:term":[{"taxonomy":"pwb-brand","embeddable":true,"href":"https:\/\/alekeskus.eu\/et\/wp-json\/wp\/v2\/pwb-brand?post=67364"},{"taxonomy":"product_brand","embeddable":true,"href":"https:\/\/alekeskus.eu\/et\/wp-json\/wp\/v2\/product_brand?post=67364"},{"taxonomy":"product_cat","embeddable":true,"href":"https:\/\/alekeskus.eu\/et\/wp-json\/wp\/v2\/product_cat?post=67364"},{"taxonomy":"product_tag","embeddable":true,"href":"https:\/\/alekeskus.eu\/et\/wp-json\/wp\/v2\/product_tag?post=67364"}],"curies":[{"name":"wp","href":"https:\/\/api.w.org\/{rel}","templated":true}]}}