{"id":67399,"date":"2022-11-11T22:43:18","date_gmt":"2023-11-11T22:43:18","guid":{"rendered":"http:\/\/alekeskus.eu\/product\/pihamaja-lara-60-59m%c2%b2\/"},"modified":"2025-01-10T18:27:43","modified_gmt":"2025-01-10T18:27:43","slug":"pihavaja-lara-60-59m-alekeskus","status":"publish","type":"product","link":"https:\/\/alekeskus.eu\/et\/toode\/pihavaja-lara-60-59m-alekeskus\/","title":{"rendered":"Pihavaja Lara 6,0 + katos 5,9 m\u00b2"},"content":{"rendered":"<div class=\"pictogram qtip-additional-element\">\n<p><strong>Lis\u00e4hintaan:<\/strong><\/p>\n<p><strong>&#8211; kattohuopa 5 rll tai SBS kattokermi 5 rll\u00a0<\/strong><\/p>\n<p><strong>&#8211; lattialaudat 19mm ja kyll\u00e4stetyt lattianiskat\u00a0<\/strong><\/p>\n<div class=\"pictogram qtip-additional-element\">\n<div class=\"image\">\n<p><strong>&#8211; r\u00e4yst\u00e4skourut<\/strong><\/p>\n<p><strong>&#8211; mittatarkka EPDM tasakattokate liimalla\u00a0<\/strong><\/p>\n<\/div>\n<\/div>\n<\/div>\n<div class=\"pictogram qtip-additional-element\">\n<div class=\"pictogram qtip-additional-element\"><\/div>\n<div class=\"pictogram qtip-additional-element\">\n<div class=\"image\">Rahtipakkaus: 3,2&#215;1,2&#215;0,5; 3,2&#215;0,6&#215;0,3 m;\u00a0 paino 690 kg<\/div>\n<\/div>\n<\/div>\n","protected":false},"excerpt":{"rendered":"<p>Ulkosein\u00e4mitat:<strong> 4,87 x 2,5 m.<\/strong><\/p>\n<ul>\n<li>kevythirsirakenne<strong> 28 mm tuulitapilla,<\/strong> sile\u00e4 ruuvattava kulmarakenne<\/li>\n<li>kattokorkeudet 221 cm ja 197 cm<\/li>\n<li>r\u00e4yst\u00e4\u00e4t 25 cm, katon pinta-ala 15 m\u00b2 ja kaltevuus 1\u00ba<\/li>\n<li>pontatut kattolaudat 16 mm<\/li>\n<li>kattokate lis\u00e4hintaan(tarve 5 rll SBS kattokermia)<\/li>\n<li>lattialaudat 19 mm ja kyll\u00e4stetyt lattianiskat lis\u00e4hintaan<\/li>\n<li>tolpat 90 x 90 mm ja s\u00e4\u00e4tett\u00e4v\u00e4t ter\u00e4sjalat<\/li>\n<li>voidaan asentaa peilikuvassa<\/li>\n<li>lasitettu sylinterilukollinen pariovi 140 x 180 cm, karmi sormijatkettua massiivipuuta, kynnys metallip\u00e4\u00e4llysteell\u00e4<\/li>\n<li>kasausohje ja kiinnikkeet<\/li>\n<li>5-vuoden tehtaan takuu<\/li>\n<li>tehty Eestiss\u00e4<\/li>\n<li>sateentiivis rahtipakkaus<\/li>\n<\/ul>\n<p>Asennusohje: <a href=\"https:\/\/alekeskus.eu\/wp-content\/uploads\/2021\/11\/Lara-659-ohje.pdf\">Lara 6+5,9 ohje<\/a><\/p>\n","protected":false},"featured_media":67389,"template":"","meta":{"_monsterinsights_skip_tracking":false,"_monsterinsights_sitenote_active":false,"_monsterinsights_sitenote_note":"","_monsterinsights_sitenote_category":0},"pwb-brand":[18577],"product_brand":[],"product_cat":[13593,17183,13541,13601,13597],"product_tag":[17937,16361,17201,17202,17250,17295,17300,17370,17434,17173,17849,17175,17906],"class_list":{"0":"post-67399","1":"product","2":"type-product","3":"status-publish","4":"has-post-thumbnail","6":"pwb-brand-eesti","7":"product_cat-vierasmajat-alekeskus","8":"product_cat-kesakeittiot","9":"product_cat-rakennukset","10":"product_cat-vajat-aitat-kioskit","11":"product_cat-katokset-paviljongit-ja-kesahuoneet","12":"product_tag-pihavarasto-fi","13":"product_tag-vaja-fi","14":"product_tag-kesakeittio-fi-2","15":"product_tag-pihavaja-katoksella-fi","16":"product_tag-palmako-fi","17":"product_tag-pihamaja-fi-3","18":"product_tag-katos-fi-3","19":"product_tag-pihavaja-fi-3","20":"product_tag-piharakennus-fi","21":"product_tag-pihamaja-fi-2","22":"product_tag-lara-fi","23":"product_tag-pihavaja-fi","24":"product_tag-pihakatos-fi","25":"product_shipping_class-tasuta-transport-kuni-1000kg-fi","26":"pa_garantii-5-vuotta-fi","27":"pa_kohaletoimetamine-alkaen-299e-alekeskus","28":"pa_laoasukoht-tartumaa-fi","29":"pa_pindalam-119-fi","30":"pa_seinapaksus-28-mm-fi","31":"pa_tellimisaeg-1-3-viikossa","32":"pa_valilisad-ilma-porandata-fi","33":"pa_valilisad-lattialaudat-fi","34":"pa_varv-puuvalmis-fi","35":"pa_veame-eesti-ja-suomi","37":"first","38":"instock","39":"taxable","40":"shipping-taxable","41":"purchasable","42":"product-type-variable","43":"has-default-attributes"},"yoast_head":"<!-- This site is optimized with the Yoast SEO plugin v27.3 - https:\/\/yoast.com\/product\/yoast-seo-wordpress\/ -->\n<title>Pihavaja Lara 6,0 + katos 5,9 m\u00b2 - Alekeskus<\/title>\n<meta name=\"description\" content=\"pihavaja katoksella\" \/>\n<meta name=\"robots\" content=\"index, follow, max-snippet:-1, max-image-preview:large, max-video-preview:-1\" \/>\n<link rel=\"canonical\" href=\"https:\/\/alekeskus.eu\/tuote\/pihavaja-lara-60-59m-alekeskus\/\" \/>\n<meta property=\"og:locale\" content=\"et_EE\" \/>\n<meta property=\"og:type\" content=\"article\" \/>\n<meta property=\"og:title\" content=\"Pihavaja Lara 6,0 + katos 5,9 m\u00b2 - Alekeskus\" \/>\n<meta property=\"og:description\" content=\"pihavaja katoksella\" \/>\n<meta property=\"og:url\" content=\"https:\/\/alekeskus.eu\/tuote\/pihavaja-lara-60-59m-alekeskus\/\" \/>\n<meta property=\"og:site_name\" content=\"Alekeskus\" \/>\n<meta property=\"article:modified_time\" content=\"2025-01-10T18:27:43+00:00\" \/>\n<meta property=\"og:image\" content=\"https:\/\/alekeskus.eu\/wp-content\/uploads\/2021\/11\/706aiamaja-lara-6-0-5-9m-varjualusega-0.jpg\" \/>\n\t<meta property=\"og:image:width\" content=\"900\" \/>\n\t<meta property=\"og:image:height\" content=\"595\" \/>\n\t<meta property=\"og:image:type\" content=\"image\/jpeg\" \/>\n<meta name=\"twitter:card\" content=\"summary_large_image\" \/>\n<meta name=\"twitter:label1\" content=\"Est. reading time\" \/>\n\t<meta name=\"twitter:data1\" content=\"1 minut\" \/>\n<script type=\"application\/ld+json\" class=\"yoast-schema-graph\">{\"@context\":\"https:\\\/\\\/schema.org\",\"@graph\":[{\"@type\":\"WebPage\",\"@id\":\"https:\\\/\\\/alekeskus.eu\\\/tuote\\\/pihavaja-lara-60-59m-alekeskus\\\/\",\"url\":\"https:\\\/\\\/alekeskus.eu\\\/tuote\\\/pihavaja-lara-60-59m-alekeskus\\\/\",\"name\":\"Pihavaja Lara 6,0 + katos 5,9 m\u00b2 - Alekeskus\",\"isPartOf\":{\"@id\":\"https:\\\/\\\/alekeskus.eu\\\/#website\"},\"primaryImageOfPage\":{\"@id\":\"https:\\\/\\\/alekeskus.eu\\\/tuote\\\/pihavaja-lara-60-59m-alekeskus\\\/#primaryimage\"},\"image\":{\"@id\":\"https:\\\/\\\/alekeskus.eu\\\/tuote\\\/pihavaja-lara-60-59m-alekeskus\\\/#primaryimage\"},\"thumbnailUrl\":\"https:\\\/\\\/alekeskus.eu\\\/wp-content\\\/uploads\\\/2021\\\/11\\\/706aiamaja-lara-6-0-5-9m-varjualusega-0.jpg\",\"datePublished\":\"2023-11-11T22:43:18+00:00\",\"dateModified\":\"2025-01-10T18:27:43+00:00\",\"description\":\"pihavaja katoksella\",\"breadcrumb\":{\"@id\":\"https:\\\/\\\/alekeskus.eu\\\/tuote\\\/pihavaja-lara-60-59m-alekeskus\\\/#breadcrumb\"},\"inLanguage\":\"et\",\"potentialAction\":[{\"@type\":\"ReadAction\",\"target\":[\"https:\\\/\\\/alekeskus.eu\\\/tuote\\\/pihavaja-lara-60-59m-alekeskus\\\/\"]}]},{\"@type\":\"ImageObject\",\"inLanguage\":\"et\",\"@id\":\"https:\\\/\\\/alekeskus.eu\\\/tuote\\\/pihavaja-lara-60-59m-alekeskus\\\/#primaryimage\",\"url\":\"https:\\\/\\\/alekeskus.eu\\\/wp-content\\\/uploads\\\/2021\\\/11\\\/706aiamaja-lara-6-0-5-9m-varjualusega-0.jpg\",\"contentUrl\":\"https:\\\/\\\/alekeskus.eu\\\/wp-content\\\/uploads\\\/2021\\\/11\\\/706aiamaja-lara-6-0-5-9m-varjualusega-0.jpg\",\"width\":900,\"height\":595},{\"@type\":\"BreadcrumbList\",\"@id\":\"https:\\\/\\\/alekeskus.eu\\\/tuote\\\/pihavaja-lara-60-59m-alekeskus\\\/#breadcrumb\",\"itemListElement\":[{\"@type\":\"ListItem\",\"position\":1,\"name\":\"Avaleht\",\"item\":\"https:\\\/\\\/alekeskus.eu\\\/et\\\/\"},{\"@type\":\"ListItem\",\"position\":2,\"name\":\"Pood\",\"item\":\"https:\\\/\\\/alekeskus.eu\\\/pood\\\/\"},{\"@type\":\"ListItem\",\"position\":3,\"name\":\"Pihavaja Lara 6,0 + katos 5,9 m\u00b2\"}]},{\"@type\":\"WebSite\",\"@id\":\"https:\\\/\\\/alekeskus.eu\\\/#website\",\"url\":\"https:\\\/\\\/alekeskus.eu\\\/\",\"name\":\"Alekeskus\",\"description\":\"Alekeskus.eu\",\"potentialAction\":[{\"@type\":\"SearchAction\",\"target\":{\"@type\":\"EntryPoint\",\"urlTemplate\":\"https:\\\/\\\/alekeskus.eu\\\/?s={search_term_string}\"},\"query-input\":{\"@type\":\"PropertyValueSpecification\",\"valueRequired\":true,\"valueName\":\"search_term_string\"}}],\"inLanguage\":\"et\"}]}<\/script>\n<!-- \/ Yoast SEO plugin. -->","yoast_head_json":{"title":"Pihavaja Lara 6,0 + katos 5,9 m\u00b2 - Alekeskus","description":"pihavaja katoksella","robots":{"index":"index","follow":"follow","max-snippet":"max-snippet:-1","max-image-preview":"max-image-preview:large","max-video-preview":"max-video-preview:-1"},"canonical":"https:\/\/alekeskus.eu\/tuote\/pihavaja-lara-60-59m-alekeskus\/","og_locale":"et_EE","og_type":"article","og_title":"Pihavaja Lara 6,0 + katos 5,9 m\u00b2 - Alekeskus","og_description":"pihavaja katoksella","og_url":"https:\/\/alekeskus.eu\/tuote\/pihavaja-lara-60-59m-alekeskus\/","og_site_name":"Alekeskus","article_modified_time":"2025-01-10T18:27:43+00:00","og_image":[{"width":900,"height":595,"url":"https:\/\/alekeskus.eu\/wp-content\/uploads\/2021\/11\/706aiamaja-lara-6-0-5-9m-varjualusega-0.jpg","type":"image\/jpeg"}],"twitter_card":"summary_large_image","twitter_misc":{"Est. reading time":"1 minut"},"schema":{"@context":"https:\/\/schema.org","@graph":[{"@type":"WebPage","@id":"https:\/\/alekeskus.eu\/tuote\/pihavaja-lara-60-59m-alekeskus\/","url":"https:\/\/alekeskus.eu\/tuote\/pihavaja-lara-60-59m-alekeskus\/","name":"Pihavaja Lara 6,0 + katos 5,9 m\u00b2 - Alekeskus","isPartOf":{"@id":"https:\/\/alekeskus.eu\/#website"},"primaryImageOfPage":{"@id":"https:\/\/alekeskus.eu\/tuote\/pihavaja-lara-60-59m-alekeskus\/#primaryimage"},"image":{"@id":"https:\/\/alekeskus.eu\/tuote\/pihavaja-lara-60-59m-alekeskus\/#primaryimage"},"thumbnailUrl":"https:\/\/alekeskus.eu\/wp-content\/uploads\/2021\/11\/706aiamaja-lara-6-0-5-9m-varjualusega-0.jpg","datePublished":"2023-11-11T22:43:18+00:00","dateModified":"2025-01-10T18:27:43+00:00","description":"pihavaja katoksella","breadcrumb":{"@id":"https:\/\/alekeskus.eu\/tuote\/pihavaja-lara-60-59m-alekeskus\/#breadcrumb"},"inLanguage":"et","potentialAction":[{"@type":"ReadAction","target":["https:\/\/alekeskus.eu\/tuote\/pihavaja-lara-60-59m-alekeskus\/"]}]},{"@type":"ImageObject","inLanguage":"et","@id":"https:\/\/alekeskus.eu\/tuote\/pihavaja-lara-60-59m-alekeskus\/#primaryimage","url":"https:\/\/alekeskus.eu\/wp-content\/uploads\/2021\/11\/706aiamaja-lara-6-0-5-9m-varjualusega-0.jpg","contentUrl":"https:\/\/alekeskus.eu\/wp-content\/uploads\/2021\/11\/706aiamaja-lara-6-0-5-9m-varjualusega-0.jpg","width":900,"height":595},{"@type":"BreadcrumbList","@id":"https:\/\/alekeskus.eu\/tuote\/pihavaja-lara-60-59m-alekeskus\/#breadcrumb","itemListElement":[{"@type":"ListItem","position":1,"name":"Avaleht","item":"https:\/\/alekeskus.eu\/et\/"},{"@type":"ListItem","position":2,"name":"Pood","item":"https:\/\/alekeskus.eu\/pood\/"},{"@type":"ListItem","position":3,"name":"Pihavaja Lara 6,0 + katos 5,9 m\u00b2"}]},{"@type":"WebSite","@id":"https:\/\/alekeskus.eu\/#website","url":"https:\/\/alekeskus.eu\/","name":"Alekeskus","description":"Alekeskus.eu","potentialAction":[{"@type":"SearchAction","target":{"@type":"EntryPoint","urlTemplate":"https:\/\/alekeskus.eu\/?s={search_term_string}"},"query-input":{"@type":"PropertyValueSpecification","valueRequired":true,"valueName":"search_term_string"}}],"inLanguage":"et"}]}},"brands":[{"id":18577,"name":"Eesti","slug":"eesti"}],"_links":{"self":[{"href":"https:\/\/alekeskus.eu\/et\/wp-json\/wp\/v2\/product\/67399","targetHints":{"allow":["GET"]}}],"collection":[{"href":"https:\/\/alekeskus.eu\/et\/wp-json\/wp\/v2\/product"}],"about":[{"href":"https:\/\/alekeskus.eu\/et\/wp-json\/wp\/v2\/types\/product"}],"wp:featuredmedia":[{"embeddable":true,"href":"https:\/\/alekeskus.eu\/et\/wp-json\/wp\/v2\/media\/67389"}],"wp:attachment":[{"href":"https:\/\/alekeskus.eu\/et\/wp-json\/wp\/v2\/media?parent=67399"}],"wp:term":[{"taxonomy":"pwb-brand","embeddable":true,"href":"https:\/\/alekeskus.eu\/et\/wp-json\/wp\/v2\/pwb-brand?post=67399"},{"taxonomy":"product_brand","embeddable":true,"href":"https:\/\/alekeskus.eu\/et\/wp-json\/wp\/v2\/product_brand?post=67399"},{"taxonomy":"product_cat","embeddable":true,"href":"https:\/\/alekeskus.eu\/et\/wp-json\/wp\/v2\/product_cat?post=67399"},{"taxonomy":"product_tag","embeddable":true,"href":"https:\/\/alekeskus.eu\/et\/wp-json\/wp\/v2\/product_tag?post=67399"}],"curies":[{"name":"wp","href":"https:\/\/api.w.org\/{rel}","templated":true}]}}