{"id":67411,"date":"2023-11-11T22:43:21","date_gmt":"2021-11-11T22:43:22","guid":{"rendered":"http:\/\/alekeskus.eu\/product\/pihamaja-lara-8459-m%c2%b2\/"},"modified":"2025-01-12T16:09:29","modified_gmt":"2025-01-12T16:09:29","slug":"pihavaja-lara-8459-alekeskus","status":"publish","type":"product","link":"https:\/\/alekeskus.eu\/et\/toode\/pihavaja-lara-8459-alekeskus\/","title":{"rendered":"Pihavaja Lara 8,4 + katos 5,9 m\u00b2"},"content":{"rendered":"<div class=\"pictogram qtip-additional-element\">\n<p><strong>Lis\u00e4hintaan:<\/strong><\/p>\n<p><strong>&#8211; SBS-bitumikermi 5 rll\u00a0<\/strong><\/p>\n<p><strong>&#8211; lattialaudat 19 mm ja kyll\u00e4stetyt lattianiskat\u00a0<\/strong><\/p>\n<div class=\"pictogram qtip-additional-element\">\n<div class=\"image\">\n<p><strong>&#8211; r\u00e4yst\u00e4skourut\u00a0<\/strong><\/p>\n<p><strong>&#8211; mittatarkka EPDM tasakattokate asennusliimalla\u00a0<\/strong><\/p>\n<\/div>\n<\/div>\n<\/div>\n<div class=\"pictogram qtip-additional-element\">\n<div class=\"pictogram qtip-additional-element\">Rahtipakkaus: 4,5&#215;1,2&#215;0,5; 3,2&#215;0,6&#215;0,3 m; rahtipaino 790 kg<\/div>\n<\/div>\n<div class=\"pictogram qtip-additional-element\"><\/div>\n","protected":false},"excerpt":{"rendered":"<p>Ulkosein\u00e4mitat:<strong> 5,87 x 2,5 m. \u00a0 \u00a0<\/strong><\/p>\n<ul>\n<li><strong>kevythirsirakenne 28 mm tuulitapeilla, sile\u00e4 ruuvattava kulmarakenne<\/strong><\/li>\n<li>kattokorkeus 221 cm, r\u00e4yst\u00e4skorkeus 197 cm<\/li>\n<li>r\u00e4yst\u00e4s 25 cm, katon pinta-ala 18 m\u00b2 ja kaltevuus 1\u00ba<\/li>\n<li>pontatut kattolaudat 16 mm; kattopalkit 44 x 120 mm<\/li>\n<li>kattokate lis\u00e4hintaan(tarve 5 rll SBS kattokermia)<\/li>\n<li>lattialaudat 19 mm ja kyll\u00e4stetyt lattianiskat lis\u00e4hintaan<\/li>\n<li>katoksen tolpat 2 kpl 90 x 90 mm ja s\u00e4\u00e4dett\u00e4v\u00e4t ter\u00e4stukijalat<\/li>\n<li>sylinterilukollinen pariovi lasilla 140 x 180 cm, karmi sormijatkettua massiivipuuta, kynnys metallip\u00e4\u00e4llysteell\u00e4<\/li>\n<li>kasausohje ja kiinnikkeet<\/li>\n<li>5-vuoden tehtaan takuu<\/li>\n<li>voidaan asentaa peilikuvassa<\/li>\n<li>sateentiivis rahtipakkaus<\/li>\n<li>tehty Eestiss\u00e4<\/li>\n<\/ul>\n<p>Rahti alkaen 299\u20ac (Uusimaa).<\/p>\n<p>Asennusohje:\u00a0 <a href=\"https:\/\/alekeskus.eu\/wp-content\/uploads\/2022\/11\/Lara-84-59-ohje.pdf\">Lara 8,4 + 5,9 ohje<\/a><\/p>\n","protected":false},"featured_media":67401,"template":"","meta":{"_monsterinsights_skip_tracking":false,"_monsterinsights_sitenote_active":false,"_monsterinsights_sitenote_note":"","_monsterinsights_sitenote_category":0},"pwb-brand":[18577],"product_brand":[],"product_cat":[13593,17183,13541,13601,13597],"product_tag":[17277,17288,17295,17370,17173,17434,17174,17444,17175,17460,16361,17615,17202,17616,17225],"class_list":{"0":"post-67411","1":"product","2":"type-product","3":"status-publish","4":"has-post-thumbnail","6":"pwb-brand-eesti","7":"product_cat-vierasmajat-alekeskus","8":"product_cat-kesakeittiot","9":"product_cat-rakennukset","10":"product_cat-vajat-aitat-kioskit","11":"product_cat-katokset-paviljongit-ja-kesahuoneet","12":"product_tag-mokki-fi","13":"product_tag-katos-fi-2","14":"product_tag-pihamaja-fi-3","15":"product_tag-pihavaja-fi-3","16":"product_tag-pihamaja-fi-2","17":"product_tag-piharakennus-fi","18":"product_tag-katos-fi","19":"product_tag-tyokaluvaja-fi","20":"product_tag-pihavaja-fi","21":"product_tag-pyoravaja-fi","22":"product_tag-vaja-fi","23":"product_tag-paviljonki-fi-2","24":"product_tag-pihavaja-katoksella-fi","25":"product_tag-gazebo-fi","26":"product_tag-huvila-fi","27":"product_shipping_class-tasuta-transport-kuni-1000kg-fi","28":"pa_garantii-5-vuotta-fi","29":"pa_kohaletoimetamine-alkaen-299e-alekeskus","30":"pa_laoasukoht-tartumaa-fi","31":"pa_pindalam-143-fi","32":"pa_seinapaksus-28-mm-fi","33":"pa_tellimisaeg-1-3-viikossa","34":"pa_valilisad-ilma-porandata-fi","35":"pa_valilisad-lattialaudat-fi","36":"pa_varv-puuvalmis-fi","37":"pa_veame-eesti-ja-suomi","39":"first","40":"instock","41":"taxable","42":"shipping-taxable","43":"purchasable","44":"product-type-variable","45":"has-default-attributes"},"yoast_head":"<!-- This site is optimized with the Yoast SEO plugin v27.3 - https:\/\/yoast.com\/product\/yoast-seo-wordpress\/ -->\n<title>Pihavaja Lara 8,4 + katos 5,9 m\u00b2 - Alekeskus<\/title>\n<meta name=\"description\" content=\"pihavaja katoksella\" \/>\n<meta name=\"robots\" content=\"index, follow, max-snippet:-1, max-image-preview:large, max-video-preview:-1\" \/>\n<link rel=\"canonical\" href=\"https:\/\/alekeskus.eu\/tuote\/pihavaja-lara-8459-alekeskus\/\" \/>\n<meta property=\"og:locale\" content=\"et_EE\" \/>\n<meta property=\"og:type\" content=\"article\" \/>\n<meta property=\"og:title\" content=\"Pihavaja Lara 8,4 + katos 5,9 m\u00b2 - Alekeskus\" \/>\n<meta property=\"og:description\" content=\"pihavaja katoksella\" \/>\n<meta property=\"og:url\" content=\"https:\/\/alekeskus.eu\/tuote\/pihavaja-lara-8459-alekeskus\/\" \/>\n<meta property=\"og:site_name\" content=\"Alekeskus\" \/>\n<meta property=\"article:modified_time\" content=\"2025-01-12T16:09:29+00:00\" \/>\n<meta property=\"og:image\" content=\"https:\/\/alekeskus.eu\/wp-content\/uploads\/2021\/11\/707aiamaja-lara-8-4-5-9-m-varjualusega-0.jpg\" \/>\n\t<meta property=\"og:image:width\" content=\"900\" \/>\n\t<meta property=\"og:image:height\" content=\"462\" \/>\n\t<meta property=\"og:image:type\" content=\"image\/jpeg\" \/>\n<meta name=\"twitter:card\" content=\"summary_large_image\" \/>\n<meta name=\"twitter:label1\" content=\"Est. reading time\" \/>\n\t<meta name=\"twitter:data1\" content=\"1 minut\" \/>\n<script type=\"application\/ld+json\" class=\"yoast-schema-graph\">{\"@context\":\"https:\\\/\\\/schema.org\",\"@graph\":[{\"@type\":\"WebPage\",\"@id\":\"https:\\\/\\\/alekeskus.eu\\\/tuote\\\/pihavaja-lara-8459-alekeskus\\\/\",\"url\":\"https:\\\/\\\/alekeskus.eu\\\/tuote\\\/pihavaja-lara-8459-alekeskus\\\/\",\"name\":\"Pihavaja Lara 8,4 + katos 5,9 m\u00b2 - Alekeskus\",\"isPartOf\":{\"@id\":\"https:\\\/\\\/alekeskus.eu\\\/#website\"},\"primaryImageOfPage\":{\"@id\":\"https:\\\/\\\/alekeskus.eu\\\/tuote\\\/pihavaja-lara-8459-alekeskus\\\/#primaryimage\"},\"image\":{\"@id\":\"https:\\\/\\\/alekeskus.eu\\\/tuote\\\/pihavaja-lara-8459-alekeskus\\\/#primaryimage\"},\"thumbnailUrl\":\"https:\\\/\\\/alekeskus.eu\\\/wp-content\\\/uploads\\\/2021\\\/11\\\/707aiamaja-lara-8-4-5-9-m-varjualusega-0.jpg\",\"datePublished\":\"2021-11-11T22:43:22+00:00\",\"dateModified\":\"2025-01-12T16:09:29+00:00\",\"description\":\"pihavaja katoksella\",\"breadcrumb\":{\"@id\":\"https:\\\/\\\/alekeskus.eu\\\/tuote\\\/pihavaja-lara-8459-alekeskus\\\/#breadcrumb\"},\"inLanguage\":\"et\",\"potentialAction\":[{\"@type\":\"ReadAction\",\"target\":[\"https:\\\/\\\/alekeskus.eu\\\/tuote\\\/pihavaja-lara-8459-alekeskus\\\/\"]}]},{\"@type\":\"ImageObject\",\"inLanguage\":\"et\",\"@id\":\"https:\\\/\\\/alekeskus.eu\\\/tuote\\\/pihavaja-lara-8459-alekeskus\\\/#primaryimage\",\"url\":\"https:\\\/\\\/alekeskus.eu\\\/wp-content\\\/uploads\\\/2021\\\/11\\\/707aiamaja-lara-8-4-5-9-m-varjualusega-0.jpg\",\"contentUrl\":\"https:\\\/\\\/alekeskus.eu\\\/wp-content\\\/uploads\\\/2021\\\/11\\\/707aiamaja-lara-8-4-5-9-m-varjualusega-0.jpg\",\"width\":900,\"height\":462},{\"@type\":\"BreadcrumbList\",\"@id\":\"https:\\\/\\\/alekeskus.eu\\\/tuote\\\/pihavaja-lara-8459-alekeskus\\\/#breadcrumb\",\"itemListElement\":[{\"@type\":\"ListItem\",\"position\":1,\"name\":\"Avaleht\",\"item\":\"https:\\\/\\\/alekeskus.eu\\\/et\\\/\"},{\"@type\":\"ListItem\",\"position\":2,\"name\":\"Pood\",\"item\":\"https:\\\/\\\/alekeskus.eu\\\/pood\\\/\"},{\"@type\":\"ListItem\",\"position\":3,\"name\":\"Pihavaja Lara 8,4 + katos 5,9 m\u00b2\"}]},{\"@type\":\"WebSite\",\"@id\":\"https:\\\/\\\/alekeskus.eu\\\/#website\",\"url\":\"https:\\\/\\\/alekeskus.eu\\\/\",\"name\":\"Alekeskus\",\"description\":\"Alekeskus.eu\",\"potentialAction\":[{\"@type\":\"SearchAction\",\"target\":{\"@type\":\"EntryPoint\",\"urlTemplate\":\"https:\\\/\\\/alekeskus.eu\\\/?s={search_term_string}\"},\"query-input\":{\"@type\":\"PropertyValueSpecification\",\"valueRequired\":true,\"valueName\":\"search_term_string\"}}],\"inLanguage\":\"et\"}]}<\/script>\n<!-- \/ Yoast SEO plugin. -->","yoast_head_json":{"title":"Pihavaja Lara 8,4 + katos 5,9 m\u00b2 - Alekeskus","description":"pihavaja katoksella","robots":{"index":"index","follow":"follow","max-snippet":"max-snippet:-1","max-image-preview":"max-image-preview:large","max-video-preview":"max-video-preview:-1"},"canonical":"https:\/\/alekeskus.eu\/tuote\/pihavaja-lara-8459-alekeskus\/","og_locale":"et_EE","og_type":"article","og_title":"Pihavaja Lara 8,4 + katos 5,9 m\u00b2 - Alekeskus","og_description":"pihavaja katoksella","og_url":"https:\/\/alekeskus.eu\/tuote\/pihavaja-lara-8459-alekeskus\/","og_site_name":"Alekeskus","article_modified_time":"2025-01-12T16:09:29+00:00","og_image":[{"width":900,"height":462,"url":"https:\/\/alekeskus.eu\/wp-content\/uploads\/2021\/11\/707aiamaja-lara-8-4-5-9-m-varjualusega-0.jpg","type":"image\/jpeg"}],"twitter_card":"summary_large_image","twitter_misc":{"Est. reading time":"1 minut"},"schema":{"@context":"https:\/\/schema.org","@graph":[{"@type":"WebPage","@id":"https:\/\/alekeskus.eu\/tuote\/pihavaja-lara-8459-alekeskus\/","url":"https:\/\/alekeskus.eu\/tuote\/pihavaja-lara-8459-alekeskus\/","name":"Pihavaja Lara 8,4 + katos 5,9 m\u00b2 - Alekeskus","isPartOf":{"@id":"https:\/\/alekeskus.eu\/#website"},"primaryImageOfPage":{"@id":"https:\/\/alekeskus.eu\/tuote\/pihavaja-lara-8459-alekeskus\/#primaryimage"},"image":{"@id":"https:\/\/alekeskus.eu\/tuote\/pihavaja-lara-8459-alekeskus\/#primaryimage"},"thumbnailUrl":"https:\/\/alekeskus.eu\/wp-content\/uploads\/2021\/11\/707aiamaja-lara-8-4-5-9-m-varjualusega-0.jpg","datePublished":"2021-11-11T22:43:22+00:00","dateModified":"2025-01-12T16:09:29+00:00","description":"pihavaja katoksella","breadcrumb":{"@id":"https:\/\/alekeskus.eu\/tuote\/pihavaja-lara-8459-alekeskus\/#breadcrumb"},"inLanguage":"et","potentialAction":[{"@type":"ReadAction","target":["https:\/\/alekeskus.eu\/tuote\/pihavaja-lara-8459-alekeskus\/"]}]},{"@type":"ImageObject","inLanguage":"et","@id":"https:\/\/alekeskus.eu\/tuote\/pihavaja-lara-8459-alekeskus\/#primaryimage","url":"https:\/\/alekeskus.eu\/wp-content\/uploads\/2021\/11\/707aiamaja-lara-8-4-5-9-m-varjualusega-0.jpg","contentUrl":"https:\/\/alekeskus.eu\/wp-content\/uploads\/2021\/11\/707aiamaja-lara-8-4-5-9-m-varjualusega-0.jpg","width":900,"height":462},{"@type":"BreadcrumbList","@id":"https:\/\/alekeskus.eu\/tuote\/pihavaja-lara-8459-alekeskus\/#breadcrumb","itemListElement":[{"@type":"ListItem","position":1,"name":"Avaleht","item":"https:\/\/alekeskus.eu\/et\/"},{"@type":"ListItem","position":2,"name":"Pood","item":"https:\/\/alekeskus.eu\/pood\/"},{"@type":"ListItem","position":3,"name":"Pihavaja Lara 8,4 + katos 5,9 m\u00b2"}]},{"@type":"WebSite","@id":"https:\/\/alekeskus.eu\/#website","url":"https:\/\/alekeskus.eu\/","name":"Alekeskus","description":"Alekeskus.eu","potentialAction":[{"@type":"SearchAction","target":{"@type":"EntryPoint","urlTemplate":"https:\/\/alekeskus.eu\/?s={search_term_string}"},"query-input":{"@type":"PropertyValueSpecification","valueRequired":true,"valueName":"search_term_string"}}],"inLanguage":"et"}]}},"brands":[{"id":18577,"name":"Eesti","slug":"eesti"}],"_links":{"self":[{"href":"https:\/\/alekeskus.eu\/et\/wp-json\/wp\/v2\/product\/67411","targetHints":{"allow":["GET"]}}],"collection":[{"href":"https:\/\/alekeskus.eu\/et\/wp-json\/wp\/v2\/product"}],"about":[{"href":"https:\/\/alekeskus.eu\/et\/wp-json\/wp\/v2\/types\/product"}],"wp:featuredmedia":[{"embeddable":true,"href":"https:\/\/alekeskus.eu\/et\/wp-json\/wp\/v2\/media\/67401"}],"wp:attachment":[{"href":"https:\/\/alekeskus.eu\/et\/wp-json\/wp\/v2\/media?parent=67411"}],"wp:term":[{"taxonomy":"pwb-brand","embeddable":true,"href":"https:\/\/alekeskus.eu\/et\/wp-json\/wp\/v2\/pwb-brand?post=67411"},{"taxonomy":"product_brand","embeddable":true,"href":"https:\/\/alekeskus.eu\/et\/wp-json\/wp\/v2\/product_brand?post=67411"},{"taxonomy":"product_cat","embeddable":true,"href":"https:\/\/alekeskus.eu\/et\/wp-json\/wp\/v2\/product_cat?post=67411"},{"taxonomy":"product_tag","embeddable":true,"href":"https:\/\/alekeskus.eu\/et\/wp-json\/wp\/v2\/product_tag?post=67411"}],"curies":[{"name":"wp","href":"https:\/\/api.w.org\/{rel}","templated":true}]}}