{"id":67448,"date":"2024-12-11T22:43:31","date_gmt":"2024-12-11T22:43:31","guid":{"rendered":"http:\/\/alekeskus.eu\/product\/aiamaja-sally-191m%c2%b2\/"},"modified":"2026-01-21T05:11:52","modified_gmt":"2026-01-21T05:11:52","slug":"aiamaja-sally-191-alekeskus","status":"publish","type":"product","link":"https:\/\/alekeskus.eu\/et\/toode\/aiamaja-sally-191-alekeskus\/","title":{"rendered":"Aiamaja Sally 19,1 m\u00b2 44 mm freespalgist"},"content":{"rendered":"<div class=\"pictogram qtip-additional-element\">\n<div class=\"image\"><strong>Telli juurde:<\/strong><\/div>\n<\/div>\n<div class=\"pictogram qtip-additional-element\">\n<p><strong>&#8211; bituumesindel 13 pakki<\/strong><\/p>\n<p><strong>&#8211;\u00a0<\/strong><strong>katusepapp v\u00f5i SBS-bituumenkate 8 rulli\u00a0<\/strong><\/p>\n<p><strong>&#8211; vihmaveerennid\u00a0<\/strong><\/p>\n<p>&#8211;\u00a0<strong>puidukaitsevahendisse kastmine: pruunikas, hallikas v\u00f5i valkjas<\/strong><\/p>\n<p><strong>&#8211; v\u00e4ljast v\u00e4rvituna<\/strong><\/p>\n<\/div>\n","protected":false},"excerpt":{"rendered":"<p>V\u00e4lism\u00f5\u00f5dud:<strong> 5,1 x 3,9 m.<\/strong><\/p>\n<p><strong>TASUTA VEDU JA MAHALAADIMINE(ka suursaartel)!\u00a0\u00a0<\/strong><\/p>\n<ul>\n<li>tuuletapiga freespalksein\u00a0<strong>44 mm<\/strong>, tormikinnitused<\/li>\n<li>harja k\u00f5rgus 267 cm ja seina k\u00f5rgus 205 cm<\/li>\n<li>puidukaitsega t\u00f6\u00f6deldud p\u00f5randatalad 60 x 80 mm ja punniga p\u00f5randalauad 19 x 89 mm<\/li>\n<li>katusekate ei sisaldu hinnas(tarve 13 pakki sindlit v\u00f5i ajutist katusepappi\/kestvat SBS-bituumenkatet 8 rulli)<\/li>\n<li>katuse pindala 35 m\u00b2 \/ kalle 14\u00ba, punnitud katuselauad 19 x 89 mm, katusetalad 70 x 140 mm<\/li>\n<li><strong>r\u00e4\u00e4stas ees<\/strong> <strong>150 cm<\/strong><\/li>\n<li>liimpuidust ukselengiga 3D-hingedega paarisuks 151 x 186 cm, madal metalliga kaetud k\u00fcnnis, silinderlukk, pakettklaas<\/li>\n<li>2 pakettklaasiga akent 117 x 87 cm p\u00f6\u00f6rd- kaldavanemisega ja alumiiniumist tilganinaga<\/li>\n<li>tellitav puidukaitsevahendisse kastetuna +1000\u20ac (pruun, hall v\u00f5i valkjas)<strong><img decoding=\"async\" class=\"\" src=\"https:\/\/www.palmako.ee\/sites\/default\/files\/styles\/product_list_item\/public\/2020-06\/BNDIP.jpg?itok=_LQkkeHM\" width=\"66\" height=\"66\" \/><img decoding=\"async\" class=\"\" src=\"https:\/\/www.palmako.ee\/sites\/default\/files\/styles\/product_list_item\/public\/2020-06\/GYDIP.jpg?itok=RrYf7KTV\" width=\"66\" height=\"66\" \/><img decoding=\"async\" class=\"\" src=\"https:\/\/www.palmako.ee\/sites\/default\/files\/styles\/product_list_item\/public\/2020-06\/WTDIP.jpg?itok=D9U46coI\" width=\"67\" height=\"67\" \/><\/strong>v\u00f5i v\u00e4ljast v\u00e4rvituna (helehall ja tumehall sein mustade v\u00f5i valgete avat\u00e4idete-liistudega) +2000\u20ac, tellimisaeg 2-4 n\u00e4dalat pikem<\/li>\n<li>paigaldusjuhend ja kinnitusvahendid<\/li>\n<li>tehase garantii 5 aastat<\/li>\n<li>ilmastikukindel pakend<\/li>\n<li>peegelpildis paigaldatav<\/li>\n<li>Eesti toode<\/li>\n<\/ul>\n<p>K\u00fcsi ka paigaldust!<\/p>\n","protected":false},"featured_media":97016,"template":"","meta":{"_monsterinsights_skip_tracking":false,"_monsterinsights_sitenote_active":false,"_monsterinsights_sitenote_note":"","_monsterinsights_sitenote_category":0},"pwb-brand":[],"product_brand":[],"product_cat":[17182,13538,13592,13540,13596,13600,13604,13608],"product_tag":[13864,17390,13899,13910,17449,13978,14252,15233,15271,18578,13813,15403],"class_list":{"0":"post-67448","1":"product","2":"type-product","3":"status-publish","4":"has-post-thumbnail","6":"product_cat-suvekoogid-alekeskus","7":"product_cat-ale","8":"product_cat-aia-ja-grillmajad","9":"product_cat-hooned-alekeskus","10":"product_cat-varjualused-talveaiad-alekeskus","11":"product_cat-kuurid-aidad-kioskid","12":"product_cat-saunad","13":"product_cat-kontorid","14":"product_tag-huvimaja","15":"product_tag-freespalksuvila","16":"product_tag-garden-house","17":"product_tag-majutus","18":"product_tag-freespalkmaja","19":"product_tag-huvila","20":"product_tag-suvemaja","21":"product_tag-loghouse","22":"product_tag-palkmaja","23":"product_tag-palksuvila","24":"product_tag-aiamaja","25":"product_tag-sally","26":"product_shipping_class-tasuta-transport-alates-1000kg","27":"pa_garantii-5-aastat","28":"pa_kohaletoimetamine-tasuta-mandri-eestis-ja-suursaartel-soome-alates-699e","29":"pa_laoasukoht-tartumaa","30":"pa_pindalam-17809","31":"pa_seinapaksus-17405","32":"pa_tellimisaeg-tilausaika-alekeskus","33":"pa_varv-viimistlemata","34":"pa_varv-pruunikas-puidukaitse","35":"pa_varv-hallikas-puidukaitse","36":"pa_varv-valkjas-puidukaitse","37":"pa_varv-helehall-sein-mustad-avataited-ja-liistud","38":"pa_varv-tumehall-sein-mustad-avataited-ja-liistud","39":"pa_varv-helehall-sein-valged-avataited-liistud","40":"pa_varv-tumehall-sein-valged-avataited-ja-liistud-alekeskus","41":"pa_veame-eesti-ja-soome","43":"first","44":"instock","45":"sale","46":"featured","47":"taxable","48":"shipping-taxable","49":"purchasable","50":"product-type-variable","51":"has-default-attributes"},"yoast_head":"<!-- This site is optimized with the Yoast SEO plugin v27.3 - https:\/\/yoast.com\/product\/yoast-seo-wordpress\/ -->\n<title>Aiamaja Sally 19,1 m\u00b2 44 mm freespalgist - Alekeskus<\/title>\n<meta name=\"description\" content=\"aiamaja sally tasuta veo ja mahalaadimisega\" \/>\n<meta name=\"robots\" content=\"index, follow, max-snippet:-1, max-image-preview:large, max-video-preview:-1\" \/>\n<link rel=\"canonical\" href=\"https:\/\/alekeskus.eu\/et\/toode\/aiamaja-sally-191-alekeskus\/\" \/>\n<meta property=\"og:locale\" content=\"et_EE\" \/>\n<meta property=\"og:type\" content=\"article\" \/>\n<meta property=\"og:title\" content=\"Aiamaja Sally 19,1 m\u00b2 44 mm freespalgist - Alekeskus\" \/>\n<meta property=\"og:description\" content=\"aiamaja sally tasuta veo ja mahalaadimisega\" \/>\n<meta property=\"og:url\" content=\"https:\/\/alekeskus.eu\/et\/toode\/aiamaja-sally-191-alekeskus\/\" \/>\n<meta property=\"og:site_name\" content=\"Alekeskus\" \/>\n<meta property=\"article:modified_time\" content=\"2026-01-21T05:11:52+00:00\" \/>\n<meta property=\"og:image\" content=\"https:\/\/alekeskus.eu\/wp-content\/uploads\/2024\/05\/Sally_19.1-NATURAL2025-1.jpg\" \/>\n\t<meta property=\"og:image:width\" content=\"1600\" \/>\n\t<meta property=\"og:image:height\" content=\"1201\" \/>\n\t<meta property=\"og:image:type\" content=\"image\/jpeg\" \/>\n<meta name=\"twitter:card\" content=\"summary_large_image\" \/>\n<meta name=\"twitter:label1\" content=\"Est. reading time\" \/>\n\t<meta name=\"twitter:data1\" content=\"1 minut\" \/>\n<script type=\"application\/ld+json\" class=\"yoast-schema-graph\">{\"@context\":\"https:\\\/\\\/schema.org\",\"@graph\":[{\"@type\":\"WebPage\",\"@id\":\"https:\\\/\\\/alekeskus.eu\\\/et\\\/toode\\\/aiamaja-sally-191-alekeskus\\\/\",\"url\":\"https:\\\/\\\/alekeskus.eu\\\/et\\\/toode\\\/aiamaja-sally-191-alekeskus\\\/\",\"name\":\"Aiamaja Sally 19,1 m\u00b2 44 mm freespalgist - Alekeskus\",\"isPartOf\":{\"@id\":\"https:\\\/\\\/alekeskus.eu\\\/#website\"},\"primaryImageOfPage\":{\"@id\":\"https:\\\/\\\/alekeskus.eu\\\/et\\\/toode\\\/aiamaja-sally-191-alekeskus\\\/#primaryimage\"},\"image\":{\"@id\":\"https:\\\/\\\/alekeskus.eu\\\/et\\\/toode\\\/aiamaja-sally-191-alekeskus\\\/#primaryimage\"},\"thumbnailUrl\":\"https:\\\/\\\/alekeskus.eu\\\/wp-content\\\/uploads\\\/2024\\\/05\\\/Sally_19.1-NATURAL2025-1.jpg\",\"datePublished\":\"2024-12-11T22:43:31+00:00\",\"dateModified\":\"2026-01-21T05:11:52+00:00\",\"description\":\"aiamaja sally tasuta veo ja mahalaadimisega\",\"breadcrumb\":{\"@id\":\"https:\\\/\\\/alekeskus.eu\\\/et\\\/toode\\\/aiamaja-sally-191-alekeskus\\\/#breadcrumb\"},\"inLanguage\":\"et\",\"potentialAction\":[{\"@type\":\"ReadAction\",\"target\":[\"https:\\\/\\\/alekeskus.eu\\\/et\\\/toode\\\/aiamaja-sally-191-alekeskus\\\/\"]}]},{\"@type\":\"ImageObject\",\"inLanguage\":\"et\",\"@id\":\"https:\\\/\\\/alekeskus.eu\\\/et\\\/toode\\\/aiamaja-sally-191-alekeskus\\\/#primaryimage\",\"url\":\"https:\\\/\\\/alekeskus.eu\\\/wp-content\\\/uploads\\\/2024\\\/05\\\/Sally_19.1-NATURAL2025-1.jpg\",\"contentUrl\":\"https:\\\/\\\/alekeskus.eu\\\/wp-content\\\/uploads\\\/2024\\\/05\\\/Sally_19.1-NATURAL2025-1.jpg\",\"width\":1600,\"height\":1201},{\"@type\":\"BreadcrumbList\",\"@id\":\"https:\\\/\\\/alekeskus.eu\\\/et\\\/toode\\\/aiamaja-sally-191-alekeskus\\\/#breadcrumb\",\"itemListElement\":[{\"@type\":\"ListItem\",\"position\":1,\"name\":\"Avaleht\",\"item\":\"https:\\\/\\\/alekeskus.eu\\\/et\\\/\"},{\"@type\":\"ListItem\",\"position\":2,\"name\":\"Pood\",\"item\":\"https:\\\/\\\/alekeskus.eu\\\/pood\\\/\"},{\"@type\":\"ListItem\",\"position\":3,\"name\":\"Aiamaja Sally 19,1 m\u00b2 44 mm freespalgist\"}]},{\"@type\":\"WebSite\",\"@id\":\"https:\\\/\\\/alekeskus.eu\\\/#website\",\"url\":\"https:\\\/\\\/alekeskus.eu\\\/\",\"name\":\"Alekeskus\",\"description\":\"Alekeskus.eu\",\"potentialAction\":[{\"@type\":\"SearchAction\",\"target\":{\"@type\":\"EntryPoint\",\"urlTemplate\":\"https:\\\/\\\/alekeskus.eu\\\/?s={search_term_string}\"},\"query-input\":{\"@type\":\"PropertyValueSpecification\",\"valueRequired\":true,\"valueName\":\"search_term_string\"}}],\"inLanguage\":\"et\"}]}<\/script>\n<!-- \/ Yoast SEO plugin. -->","yoast_head_json":{"title":"Aiamaja Sally 19,1 m\u00b2 44 mm freespalgist - Alekeskus","description":"aiamaja sally tasuta veo ja mahalaadimisega","robots":{"index":"index","follow":"follow","max-snippet":"max-snippet:-1","max-image-preview":"max-image-preview:large","max-video-preview":"max-video-preview:-1"},"canonical":"https:\/\/alekeskus.eu\/et\/toode\/aiamaja-sally-191-alekeskus\/","og_locale":"et_EE","og_type":"article","og_title":"Aiamaja Sally 19,1 m\u00b2 44 mm freespalgist - Alekeskus","og_description":"aiamaja sally tasuta veo ja mahalaadimisega","og_url":"https:\/\/alekeskus.eu\/et\/toode\/aiamaja-sally-191-alekeskus\/","og_site_name":"Alekeskus","article_modified_time":"2026-01-21T05:11:52+00:00","og_image":[{"width":1600,"height":1201,"url":"https:\/\/alekeskus.eu\/wp-content\/uploads\/2024\/05\/Sally_19.1-NATURAL2025-1.jpg","type":"image\/jpeg"}],"twitter_card":"summary_large_image","twitter_misc":{"Est. reading time":"1 minut"},"schema":{"@context":"https:\/\/schema.org","@graph":[{"@type":"WebPage","@id":"https:\/\/alekeskus.eu\/et\/toode\/aiamaja-sally-191-alekeskus\/","url":"https:\/\/alekeskus.eu\/et\/toode\/aiamaja-sally-191-alekeskus\/","name":"Aiamaja Sally 19,1 m\u00b2 44 mm freespalgist - Alekeskus","isPartOf":{"@id":"https:\/\/alekeskus.eu\/#website"},"primaryImageOfPage":{"@id":"https:\/\/alekeskus.eu\/et\/toode\/aiamaja-sally-191-alekeskus\/#primaryimage"},"image":{"@id":"https:\/\/alekeskus.eu\/et\/toode\/aiamaja-sally-191-alekeskus\/#primaryimage"},"thumbnailUrl":"https:\/\/alekeskus.eu\/wp-content\/uploads\/2024\/05\/Sally_19.1-NATURAL2025-1.jpg","datePublished":"2024-12-11T22:43:31+00:00","dateModified":"2026-01-21T05:11:52+00:00","description":"aiamaja sally tasuta veo ja mahalaadimisega","breadcrumb":{"@id":"https:\/\/alekeskus.eu\/et\/toode\/aiamaja-sally-191-alekeskus\/#breadcrumb"},"inLanguage":"et","potentialAction":[{"@type":"ReadAction","target":["https:\/\/alekeskus.eu\/et\/toode\/aiamaja-sally-191-alekeskus\/"]}]},{"@type":"ImageObject","inLanguage":"et","@id":"https:\/\/alekeskus.eu\/et\/toode\/aiamaja-sally-191-alekeskus\/#primaryimage","url":"https:\/\/alekeskus.eu\/wp-content\/uploads\/2024\/05\/Sally_19.1-NATURAL2025-1.jpg","contentUrl":"https:\/\/alekeskus.eu\/wp-content\/uploads\/2024\/05\/Sally_19.1-NATURAL2025-1.jpg","width":1600,"height":1201},{"@type":"BreadcrumbList","@id":"https:\/\/alekeskus.eu\/et\/toode\/aiamaja-sally-191-alekeskus\/#breadcrumb","itemListElement":[{"@type":"ListItem","position":1,"name":"Avaleht","item":"https:\/\/alekeskus.eu\/et\/"},{"@type":"ListItem","position":2,"name":"Pood","item":"https:\/\/alekeskus.eu\/pood\/"},{"@type":"ListItem","position":3,"name":"Aiamaja Sally 19,1 m\u00b2 44 mm freespalgist"}]},{"@type":"WebSite","@id":"https:\/\/alekeskus.eu\/#website","url":"https:\/\/alekeskus.eu\/","name":"Alekeskus","description":"Alekeskus.eu","potentialAction":[{"@type":"SearchAction","target":{"@type":"EntryPoint","urlTemplate":"https:\/\/alekeskus.eu\/?s={search_term_string}"},"query-input":{"@type":"PropertyValueSpecification","valueRequired":true,"valueName":"search_term_string"}}],"inLanguage":"et"}]}},"brands":[],"_links":{"self":[{"href":"https:\/\/alekeskus.eu\/et\/wp-json\/wp\/v2\/product\/67448","targetHints":{"allow":["GET"]}}],"collection":[{"href":"https:\/\/alekeskus.eu\/et\/wp-json\/wp\/v2\/product"}],"about":[{"href":"https:\/\/alekeskus.eu\/et\/wp-json\/wp\/v2\/types\/product"}],"wp:featuredmedia":[{"embeddable":true,"href":"https:\/\/alekeskus.eu\/et\/wp-json\/wp\/v2\/media\/97016"}],"wp:attachment":[{"href":"https:\/\/alekeskus.eu\/et\/wp-json\/wp\/v2\/media?parent=67448"}],"wp:term":[{"taxonomy":"pwb-brand","embeddable":true,"href":"https:\/\/alekeskus.eu\/et\/wp-json\/wp\/v2\/pwb-brand?post=67448"},{"taxonomy":"product_brand","embeddable":true,"href":"https:\/\/alekeskus.eu\/et\/wp-json\/wp\/v2\/product_brand?post=67448"},{"taxonomy":"product_cat","embeddable":true,"href":"https:\/\/alekeskus.eu\/et\/wp-json\/wp\/v2\/product_cat?post=67448"},{"taxonomy":"product_tag","embeddable":true,"href":"https:\/\/alekeskus.eu\/et\/wp-json\/wp\/v2\/product_tag?post=67448"}],"curies":[{"name":"wp","href":"https:\/\/api.w.org\/{rel}","templated":true}]}}