{"id":67471,"date":"2024-11-11T22:43:36","date_gmt":"2021-11-11T22:43:37","guid":{"rendered":"http:\/\/alekeskus.eu\/product\/pihamaja-sally-155m%c2%b2\/"},"modified":"2025-01-02T11:56:18","modified_gmt":"2025-01-02T11:56:18","slug":"vierasmaja-sally-155-alekeskus","status":"publish","type":"product","link":"https:\/\/alekeskus.eu\/et\/toode\/vierasmaja-sally-155-alekeskus\/","title":{"rendered":"Vierasmaja Sally 15,5 m\u00b2 44 mm h\u00f6yl\u00e4hirrest\u00e4"},"content":{"rendered":"<div class=\"pictogram qtip-additional-element\">\n<div class=\"image\"><strong>Lis\u00e4hintaan:<\/strong><\/div>\n<\/div>\n<div class=\"pictogram qtip-additional-element\">\n<div class=\"pictogram qtip-additional-element\">\n<div class=\"image\">\n<div class=\"pictogram qtip-additional-element\">\n<div class=\"description\">\n<p><strong>&#8211; palahuopa 11 pkt\u00a0<\/strong><\/p>\n<p><strong>&#8211;\u00a0<\/strong><strong>kattohuopa tai SBS kattokermi 7 rll\u00a0\u00a0<\/strong><\/p>\n<p><strong>&#8211; r\u00e4yst\u00e4skourut<\/strong><\/p>\n<p><strong>&#8211;\u00a0<\/strong><strong>katos<\/strong> tai <strong>sivuvaja\u00a0<\/strong><\/p>\n<p><strong>&#8211; upotusk\u00e4sittely puunsuojaaineella (kuultavat ruskea, harmaa tai valkoinen):\u00a0<img decoding=\"async\" class=\"\" src=\"https:\/\/www.palmako.ee\/sites\/default\/files\/styles\/product_list_item\/public\/2020-06\/BNDIP.jpg?itok=_LQkkeHM\" width=\"66\" height=\"66\" \/><img decoding=\"async\" class=\"\" src=\"https:\/\/www.palmako.ee\/sites\/default\/files\/styles\/product_list_item\/public\/2020-06\/GYDIP.jpg?itok=RrYf7KTV\" width=\"66\" height=\"66\" \/><img decoding=\"async\" class=\"\" src=\"https:\/\/www.palmako.ee\/sites\/default\/files\/styles\/product_list_item\/public\/2020-06\/WTDIP.jpg?itok=D9U46coI\" width=\"67\" height=\"67\" \/><\/strong><\/p>\n<\/div>\n<\/div>\n<\/div>\n<\/div>\n<\/div>\n","protected":false},"excerpt":{"rendered":"<p>Ulkosein\u00e4mitat:<strong> 4,5 x 3,6 m. <\/strong><\/p>\n<ul>\n<li><strong>h\u00f6yl\u00e4hirsirakenne 44 mm<\/strong> tuulitapeilla ja myrskynvahvistuksilla<\/li>\n<li>harjakorkeus 278 cm, sein\u00e4korkeus 205 cm<\/li>\n<li><strong>etulippa 150 cm<\/strong>, katto 28m\u00b2 \/ 16\u00ba, pontatut kattolaudat 19 mm<\/li>\n<li>kattokate lis\u00e4hintaan(tarve 7 rll kattohuopaa\/SBS kattokermi tai 11 pkt palahuopaa)<\/li>\n<li>pontatut lattialaudat 19 mm ja puunsuojatut lattianiskat<\/li>\n<li>sylinterilukollinen pariovi l\u00e4mp\u00f6lasilla 151 x 186 cm, karmi sormijatkettua massiivipuuta, kynnys metallip\u00e4\u00e4llysteell\u00e4<\/li>\n<li>avattava ikkuna l\u00e4mp\u00f6lasilla ja alumiinitippalistalla 117 x 87 cm<\/li>\n<li>upotusk\u00e4sittely puunsuojaaineella +600\u20ac(kuultavat ruskea, harmaa tai valkoinen), tilausaika n 1 kk<strong>:\u00a0<img decoding=\"async\" class=\"\" src=\"https:\/\/www.palmako.ee\/sites\/default\/files\/styles\/product_list_item\/public\/2020-06\/BNDIP.jpg?itok=_LQkkeHM\" width=\"66\" height=\"66\" \/><img decoding=\"async\" class=\"\" src=\"https:\/\/www.palmako.ee\/sites\/default\/files\/styles\/product_list_item\/public\/2020-06\/GYDIP.jpg?itok=RrYf7KTV\" width=\"66\" height=\"66\" \/><img decoding=\"async\" class=\"\" src=\"https:\/\/www.palmako.ee\/sites\/default\/files\/styles\/product_list_item\/public\/2020-06\/WTDIP.jpg?itok=D9U46coI\" width=\"67\" height=\"67\" \/><\/strong><\/li>\n<li>tilauksesta sivuvajalla tai katoksella (katso kuva)<\/li>\n<li>kasausohje ja kiinnikkeet<\/li>\n<li>5-vuoden tehtaan takuu<\/li>\n<li>sateentiivis rahtipakkaus<\/li>\n<li>voidaan asentaa peilikuvassa<\/li>\n<li>tehty Eestiss\u00e4<\/li>\n<\/ul>\n<p>Rahti alkaen 699\u20ac (Uusimaa).<\/p>\n","protected":false},"featured_media":78470,"template":"","meta":{"_monsterinsights_skip_tracking":false,"_monsterinsights_sitenote_active":false,"_monsterinsights_sitenote_note":"","_monsterinsights_sitenote_category":0},"pwb-brand":[],"product_brand":[],"product_cat":[13593,17183,13541,13605,13601,13609,13597],"product_tag":[17223,17225,18564,17229,16364,17295,17370,17392,17434,17173,17517,18034],"class_list":{"0":"post-67471","1":"product","2":"type-product","3":"status-publish","4":"has-post-thumbnail","6":"product_cat-vierasmajat-alekeskus","7":"product_cat-kesakeittiot","8":"product_cat-rakennukset","9":"product_cat-pihasaunat","10":"product_cat-vajat-aitat-kioskit","11":"product_cat-pihatoimistot","12":"product_cat-katokset-paviljongit-ja-kesahuoneet","13":"product_tag-vierasmaja-fi","14":"product_tag-huvila-fi","15":"product_tag-etatyotila","16":"product_tag-kesamokki-fi-3","17":"product_tag-huvimaja-fi","18":"product_tag-pihamaja-fi-3","19":"product_tag-pihavaja-fi-3","20":"product_tag-pihasauna-fi","21":"product_tag-piharakennus-fi","22":"product_tag-pihamaja-fi-2","23":"product_tag-saunamokki-fi","24":"product_tag-rantamokki-fi","25":"product_shipping_class-tasuta-transport-alates-1000kg-fi","26":"pa_garantii-5-vuotta-fi","27":"pa_kohaletoimetamine-alkaen-699e-alekeskus","28":"pa_laoasukoht-tartumaa-fi","29":"pa_pindalam-155-fi","30":"pa_seinapaksus-44-mm","31":"pa_tellimisaeg-1-3-viikossa","32":"pa_varv-ruskea-puunsuoja","33":"pa_varv-valkoinen-puunsuoja","34":"pa_varv-puuvalmis-fi","35":"pa_varv-harmaa-puunsuoja","36":"pa_veame-eesti-ja-suomi","38":"first","39":"instock","40":"taxable","41":"shipping-taxable","42":"purchasable","43":"product-type-variable","44":"has-default-attributes"},"yoast_head":"<!-- This site is optimized with the Yoast SEO plugin v27.3 - https:\/\/yoast.com\/product\/yoast-seo-wordpress\/ -->\n<title>Vierasmaja Sally 15,5 m\u00b2 44 mm h\u00f6yl\u00e4hirrest\u00e4 - Alekeskus<\/title>\n<meta name=\"description\" content=\"vierasmaja Sally 44 mm h\u00f6yl\u00e4hirrest\u00e4\" \/>\n<meta name=\"robots\" content=\"index, follow, max-snippet:-1, max-image-preview:large, max-video-preview:-1\" \/>\n<link rel=\"canonical\" href=\"https:\/\/alekeskus.eu\/tuote\/vierasmaja-sally-155-alekeskus\/\" \/>\n<meta property=\"og:locale\" content=\"et_EE\" \/>\n<meta property=\"og:type\" content=\"article\" \/>\n<meta property=\"og:title\" content=\"Vierasmaja Sally 15,5 m\u00b2 44 mm h\u00f6yl\u00e4hirrest\u00e4 - Alekeskus\" \/>\n<meta property=\"og:description\" content=\"vierasmaja Sally 44 mm h\u00f6yl\u00e4hirrest\u00e4\" \/>\n<meta property=\"og:url\" content=\"https:\/\/alekeskus.eu\/tuote\/vierasmaja-sally-155-alekeskus\/\" \/>\n<meta property=\"og:site_name\" content=\"Alekeskus\" \/>\n<meta property=\"article:modified_time\" content=\"2025-01-02T11:56:18+00:00\" \/>\n<meta property=\"og:image\" content=\"https:\/\/alekeskus.eu\/wp-content\/uploads\/2021\/11\/Sally_15.5_m2_redwhite-scaled.jpg\" \/>\n\t<meta property=\"og:image:width\" content=\"2560\" \/>\n\t<meta property=\"og:image:height\" content=\"1473\" \/>\n\t<meta property=\"og:image:type\" content=\"image\/jpeg\" \/>\n<meta name=\"twitter:card\" content=\"summary_large_image\" \/>\n<meta name=\"twitter:label1\" content=\"Est. reading time\" \/>\n\t<meta name=\"twitter:data1\" content=\"1 minut\" \/>\n<script type=\"application\/ld+json\" class=\"yoast-schema-graph\">{\"@context\":\"https:\\\/\\\/schema.org\",\"@graph\":[{\"@type\":\"WebPage\",\"@id\":\"https:\\\/\\\/alekeskus.eu\\\/tuote\\\/vierasmaja-sally-155-alekeskus\\\/\",\"url\":\"https:\\\/\\\/alekeskus.eu\\\/tuote\\\/vierasmaja-sally-155-alekeskus\\\/\",\"name\":\"Vierasmaja Sally 15,5 m\u00b2 44 mm h\u00f6yl\u00e4hirrest\u00e4 - Alekeskus\",\"isPartOf\":{\"@id\":\"https:\\\/\\\/alekeskus.eu\\\/#website\"},\"primaryImageOfPage\":{\"@id\":\"https:\\\/\\\/alekeskus.eu\\\/tuote\\\/vierasmaja-sally-155-alekeskus\\\/#primaryimage\"},\"image\":{\"@id\":\"https:\\\/\\\/alekeskus.eu\\\/tuote\\\/vierasmaja-sally-155-alekeskus\\\/#primaryimage\"},\"thumbnailUrl\":\"https:\\\/\\\/alekeskus.eu\\\/wp-content\\\/uploads\\\/2021\\\/11\\\/Sally_15.5_m2_redwhite-scaled.jpg\",\"datePublished\":\"2021-11-11T22:43:37+00:00\",\"dateModified\":\"2025-01-02T11:56:18+00:00\",\"description\":\"vierasmaja Sally 44 mm h\u00f6yl\u00e4hirrest\u00e4\",\"breadcrumb\":{\"@id\":\"https:\\\/\\\/alekeskus.eu\\\/tuote\\\/vierasmaja-sally-155-alekeskus\\\/#breadcrumb\"},\"inLanguage\":\"et\",\"potentialAction\":[{\"@type\":\"ReadAction\",\"target\":[\"https:\\\/\\\/alekeskus.eu\\\/tuote\\\/vierasmaja-sally-155-alekeskus\\\/\"]}]},{\"@type\":\"ImageObject\",\"inLanguage\":\"et\",\"@id\":\"https:\\\/\\\/alekeskus.eu\\\/tuote\\\/vierasmaja-sally-155-alekeskus\\\/#primaryimage\",\"url\":\"https:\\\/\\\/alekeskus.eu\\\/wp-content\\\/uploads\\\/2021\\\/11\\\/Sally_15.5_m2_redwhite-scaled.jpg\",\"contentUrl\":\"https:\\\/\\\/alekeskus.eu\\\/wp-content\\\/uploads\\\/2021\\\/11\\\/Sally_15.5_m2_redwhite-scaled.jpg\",\"width\":2560,\"height\":1473},{\"@type\":\"BreadcrumbList\",\"@id\":\"https:\\\/\\\/alekeskus.eu\\\/tuote\\\/vierasmaja-sally-155-alekeskus\\\/#breadcrumb\",\"itemListElement\":[{\"@type\":\"ListItem\",\"position\":1,\"name\":\"Avaleht\",\"item\":\"https:\\\/\\\/alekeskus.eu\\\/et\\\/\"},{\"@type\":\"ListItem\",\"position\":2,\"name\":\"Pood\",\"item\":\"https:\\\/\\\/alekeskus.eu\\\/pood\\\/\"},{\"@type\":\"ListItem\",\"position\":3,\"name\":\"Vierasmaja Sally 15,5 m\u00b2 44 mm h\u00f6yl\u00e4hirrest\u00e4\"}]},{\"@type\":\"WebSite\",\"@id\":\"https:\\\/\\\/alekeskus.eu\\\/#website\",\"url\":\"https:\\\/\\\/alekeskus.eu\\\/\",\"name\":\"Alekeskus\",\"description\":\"Alekeskus.eu\",\"potentialAction\":[{\"@type\":\"SearchAction\",\"target\":{\"@type\":\"EntryPoint\",\"urlTemplate\":\"https:\\\/\\\/alekeskus.eu\\\/?s={search_term_string}\"},\"query-input\":{\"@type\":\"PropertyValueSpecification\",\"valueRequired\":true,\"valueName\":\"search_term_string\"}}],\"inLanguage\":\"et\"}]}<\/script>\n<!-- \/ Yoast SEO plugin. -->","yoast_head_json":{"title":"Vierasmaja Sally 15,5 m\u00b2 44 mm h\u00f6yl\u00e4hirrest\u00e4 - Alekeskus","description":"vierasmaja Sally 44 mm h\u00f6yl\u00e4hirrest\u00e4","robots":{"index":"index","follow":"follow","max-snippet":"max-snippet:-1","max-image-preview":"max-image-preview:large","max-video-preview":"max-video-preview:-1"},"canonical":"https:\/\/alekeskus.eu\/tuote\/vierasmaja-sally-155-alekeskus\/","og_locale":"et_EE","og_type":"article","og_title":"Vierasmaja Sally 15,5 m\u00b2 44 mm h\u00f6yl\u00e4hirrest\u00e4 - Alekeskus","og_description":"vierasmaja Sally 44 mm h\u00f6yl\u00e4hirrest\u00e4","og_url":"https:\/\/alekeskus.eu\/tuote\/vierasmaja-sally-155-alekeskus\/","og_site_name":"Alekeskus","article_modified_time":"2025-01-02T11:56:18+00:00","og_image":[{"width":2560,"height":1473,"url":"https:\/\/alekeskus.eu\/wp-content\/uploads\/2021\/11\/Sally_15.5_m2_redwhite-scaled.jpg","type":"image\/jpeg"}],"twitter_card":"summary_large_image","twitter_misc":{"Est. reading time":"1 minut"},"schema":{"@context":"https:\/\/schema.org","@graph":[{"@type":"WebPage","@id":"https:\/\/alekeskus.eu\/tuote\/vierasmaja-sally-155-alekeskus\/","url":"https:\/\/alekeskus.eu\/tuote\/vierasmaja-sally-155-alekeskus\/","name":"Vierasmaja Sally 15,5 m\u00b2 44 mm h\u00f6yl\u00e4hirrest\u00e4 - Alekeskus","isPartOf":{"@id":"https:\/\/alekeskus.eu\/#website"},"primaryImageOfPage":{"@id":"https:\/\/alekeskus.eu\/tuote\/vierasmaja-sally-155-alekeskus\/#primaryimage"},"image":{"@id":"https:\/\/alekeskus.eu\/tuote\/vierasmaja-sally-155-alekeskus\/#primaryimage"},"thumbnailUrl":"https:\/\/alekeskus.eu\/wp-content\/uploads\/2021\/11\/Sally_15.5_m2_redwhite-scaled.jpg","datePublished":"2021-11-11T22:43:37+00:00","dateModified":"2025-01-02T11:56:18+00:00","description":"vierasmaja Sally 44 mm h\u00f6yl\u00e4hirrest\u00e4","breadcrumb":{"@id":"https:\/\/alekeskus.eu\/tuote\/vierasmaja-sally-155-alekeskus\/#breadcrumb"},"inLanguage":"et","potentialAction":[{"@type":"ReadAction","target":["https:\/\/alekeskus.eu\/tuote\/vierasmaja-sally-155-alekeskus\/"]}]},{"@type":"ImageObject","inLanguage":"et","@id":"https:\/\/alekeskus.eu\/tuote\/vierasmaja-sally-155-alekeskus\/#primaryimage","url":"https:\/\/alekeskus.eu\/wp-content\/uploads\/2021\/11\/Sally_15.5_m2_redwhite-scaled.jpg","contentUrl":"https:\/\/alekeskus.eu\/wp-content\/uploads\/2021\/11\/Sally_15.5_m2_redwhite-scaled.jpg","width":2560,"height":1473},{"@type":"BreadcrumbList","@id":"https:\/\/alekeskus.eu\/tuote\/vierasmaja-sally-155-alekeskus\/#breadcrumb","itemListElement":[{"@type":"ListItem","position":1,"name":"Avaleht","item":"https:\/\/alekeskus.eu\/et\/"},{"@type":"ListItem","position":2,"name":"Pood","item":"https:\/\/alekeskus.eu\/pood\/"},{"@type":"ListItem","position":3,"name":"Vierasmaja Sally 15,5 m\u00b2 44 mm h\u00f6yl\u00e4hirrest\u00e4"}]},{"@type":"WebSite","@id":"https:\/\/alekeskus.eu\/#website","url":"https:\/\/alekeskus.eu\/","name":"Alekeskus","description":"Alekeskus.eu","potentialAction":[{"@type":"SearchAction","target":{"@type":"EntryPoint","urlTemplate":"https:\/\/alekeskus.eu\/?s={search_term_string}"},"query-input":{"@type":"PropertyValueSpecification","valueRequired":true,"valueName":"search_term_string"}}],"inLanguage":"et"}]}},"brands":[],"_links":{"self":[{"href":"https:\/\/alekeskus.eu\/et\/wp-json\/wp\/v2\/product\/67471","targetHints":{"allow":["GET"]}}],"collection":[{"href":"https:\/\/alekeskus.eu\/et\/wp-json\/wp\/v2\/product"}],"about":[{"href":"https:\/\/alekeskus.eu\/et\/wp-json\/wp\/v2\/types\/product"}],"wp:featuredmedia":[{"embeddable":true,"href":"https:\/\/alekeskus.eu\/et\/wp-json\/wp\/v2\/media\/78470"}],"wp:attachment":[{"href":"https:\/\/alekeskus.eu\/et\/wp-json\/wp\/v2\/media?parent=67471"}],"wp:term":[{"taxonomy":"pwb-brand","embeddable":true,"href":"https:\/\/alekeskus.eu\/et\/wp-json\/wp\/v2\/pwb-brand?post=67471"},{"taxonomy":"product_brand","embeddable":true,"href":"https:\/\/alekeskus.eu\/et\/wp-json\/wp\/v2\/product_brand?post=67471"},{"taxonomy":"product_cat","embeddable":true,"href":"https:\/\/alekeskus.eu\/et\/wp-json\/wp\/v2\/product_cat?post=67471"},{"taxonomy":"product_tag","embeddable":true,"href":"https:\/\/alekeskus.eu\/et\/wp-json\/wp\/v2\/product_tag?post=67471"}],"curies":[{"name":"wp","href":"https:\/\/api.w.org\/{rel}","templated":true}]}}