{"id":67608,"date":"2025-06-11T22:44:14","date_gmt":"2025-06-11T22:44:14","guid":{"rendered":"http:\/\/alekeskus.eu\/product\/aiamaja-lea-194m%c2%b2\/"},"modified":"2026-01-21T18:37:59","modified_gmt":"2026-01-21T18:37:59","slug":"aiamaja-leo-194-alekeskus","status":"publish","type":"product","link":"https:\/\/alekeskus.eu\/et\/toode\/aiamaja-leo-194-alekeskus\/","title":{"rendered":"Aiamaja-kodukontor Leo 19,4 m\u00b2 voldikuksega"},"content":{"rendered":"<div class=\"pictogram qtip-additional-element\">\n<div class=\"image\">\n<p><strong>Telli juurde:<\/strong><\/p>\n<p><strong>&#8211; SBS-bituumenkate 6 rulli\u00a0<\/strong><\/p>\n<p><strong>&#8211;\u00a0<\/strong><strong>puitosa kastmine puukaitseainesse: <strong>pruun<strong>, hall v\u00f5i valkjas<\/strong><\/strong><\/strong><\/p>\n<p><strong>&#8211; v\u00e4ljast v\u00e4rvituna (4 v\u00e4rvilahendust)<\/strong><\/p>\n<\/div>\n<\/div>\n<div class=\"pictogram qtip-additional-element\">\n<div class=\"description\">Pakend: 6,0&#215;1,2&#215;1.2 m; kaal 1550 kg<\/div>\n<\/div>\n","protected":false},"excerpt":{"rendered":"<p>V\u00e4lism\u00f5\u00f5dud:<strong> 5,3 x 3,8 m.\u00a0<\/strong><\/p>\n<p><strong>TASUTA VEDU JA MAHALAADIMINE(ka suursaartele)!<\/strong><\/p>\n<ul>\n<li>tuuletapiga\u00a0<strong>freespalksein 44 mm<\/strong>, tormikinnitused<\/li>\n<li>seinte k\u00f5rgused 200 cm ja 249 cm<\/li>\n<li>katusetalad 70 x 140 mm, punniga katuselauad 19 mm<\/li>\n<li>katuse pindala 26 m\u00b2 ja kalle 5\u00ba, r\u00e4\u00e4stas ees 0,5 m<\/li>\n<li>katusekate lisahinnaga(tarve 6 rulli SBS-bituumenkatet v\u00f5i iseliimuvat EPDM-kummikatet 1,5 x 10 m 3 rulli)<\/li>\n<li>punniga p\u00f5randalauad 19 mm, puidukaitsega k\u00e4sitletud p\u00f5randatalad 60 x 80 mm<\/li>\n<li><strong>klaasiga voldikuksed 264 \u00d7 184 cm<\/strong>(lengi m\u00f5\u00f5dud 2,79 x 1,94 m)<strong>; <\/strong>liimpuidust ukseleng, metalliga kaetud k\u00fcnnis, silinderlukk (pakettklaasidega +900\u20ac)<\/li>\n<li>tellitav puidukaitsevahendisse kastetuna +900\u20ac (pruun, hall v\u00f5i valkjas)<strong><img decoding=\"async\" class=\"\" src=\"https:\/\/www.palmako.ee\/sites\/default\/files\/styles\/product_list_item\/public\/2020-06\/BNDIP.jpg?itok=_LQkkeHM\" width=\"66\" height=\"66\" \/><img decoding=\"async\" class=\"\" src=\"https:\/\/www.palmako.ee\/sites\/default\/files\/styles\/product_list_item\/public\/2020-06\/GYDIP.jpg?itok=RrYf7KTV\" width=\"66\" height=\"66\" \/><img decoding=\"async\" class=\"\" src=\"https:\/\/www.palmako.ee\/sites\/default\/files\/styles\/product_list_item\/public\/2020-06\/WTDIP.jpg?itok=D9U46coI\" width=\"67\" height=\"67\" \/> <\/strong>v\u00f5i v\u00e4ljast v\u00e4rvituna +1800\u20ac(hele- v\u00f5i tumehall sein mustade v\u00f5i valgete liistudega), tellimisaeg 2-4 n\u00e4dalat pikem<\/li>\n<\/ul>\n<ul>\n<li>kinnitusvahendid ja koostejuhend<\/li>\n<li>Eesti toode<\/li>\n<li>tehase garantii 5 aastat<\/li>\n<li>ilmastikukindel pakend<\/li>\n<\/ul>\n<p>K\u00fcsi ka paigaldust!<\/p>\n","protected":false},"featured_media":79499,"template":"","meta":{"_monsterinsights_skip_tracking":false,"_monsterinsights_sitenote_active":false,"_monsterinsights_sitenote_note":"","_monsterinsights_sitenote_category":0},"pwb-brand":[],"product_brand":[],"product_cat":[17182,13592,13540,13596,13608,13610],"product_tag":[15276,15389,13848,17390,13899,13900,13913,17852,13978,17854,14310,14311,13813],"class_list":{"0":"post-67608","1":"product","2":"type-product","3":"status-publish","4":"has-post-thumbnail","6":"product_cat-suvekoogid-alekeskus","7":"product_cat-aia-ja-grillmajad","8":"product_cat-hooned-alekeskus","9":"product_cat-varjualused-talveaiad-alekeskus","10":"product_cat-kontorid","11":"product_cat-suvilad","12":"product_tag-pihatoimisto","13":"product_tag-pool-house","14":"product_tag-lehtla","15":"product_tag-freespalksuvila","16":"product_tag-garden-house","17":"product_tag-liuguksed","18":"product_tag-vierasmaja","19":"product_tag-voldikuks","20":"product_tag-huvila","21":"product_tag-taitto-ovi-2","22":"product_tag-kodukontor","23":"product_tag-freespalkaiamaja","24":"product_tag-aiamaja","25":"product_shipping_class-tasuta-transport-alates-1000kg","26":"pa_garantii-5-aastat","27":"pa_kohaletoimetamine-tasuta-mandri-eestis-ja-suursaartel-soome-alates-699e","28":"pa_laoasukoht-tartumaa","29":"pa_pindalam-15390","30":"pa_seinapaksus-17405","31":"pa_tellimisaeg-tilausaika-alekeskus","32":"pa_varv-viimistlemata","33":"pa_varv-pruunikas-puidukaitse","34":"pa_varv-hallikas-puidukaitse","35":"pa_varv-valkjas-puidukaitse","36":"pa_veame-eesti-ja-soome","38":"first","39":"instock","40":"taxable","41":"shipping-taxable","42":"purchasable","43":"product-type-variable","44":"has-default-attributes"},"yoast_head":"<!-- This site is optimized with the Yoast SEO plugin v27.3 - https:\/\/yoast.com\/product\/yoast-seo-wordpress\/ -->\n<title>Aiamaja-kodukontor Leo 19,4 m\u00b2 voldikuksega - Alekeskus<\/title>\n<meta name=\"description\" content=\"kodukontor Lea freespalgist laia voldikuksega\" \/>\n<meta name=\"robots\" content=\"index, follow, max-snippet:-1, max-image-preview:large, max-video-preview:-1\" \/>\n<link rel=\"canonical\" href=\"https:\/\/alekeskus.eu\/et\/toode\/aiamaja-leo-194-alekeskus\/\" \/>\n<meta property=\"og:locale\" content=\"et_EE\" \/>\n<meta property=\"og:type\" content=\"article\" \/>\n<meta property=\"og:title\" content=\"Aiamaja-kodukontor Leo 19,4 m\u00b2 voldikuksega - Alekeskus\" \/>\n<meta property=\"og:description\" content=\"kodukontor Lea freespalgist laia voldikuksega\" \/>\n<meta property=\"og:url\" content=\"https:\/\/alekeskus.eu\/et\/toode\/aiamaja-leo-194-alekeskus\/\" \/>\n<meta property=\"og:site_name\" content=\"Alekeskus\" \/>\n<meta property=\"article:modified_time\" content=\"2026-01-21T18:37:59+00:00\" \/>\n<meta property=\"og:image\" content=\"https:\/\/alekeskus.eu\/wp-content\/uploads\/2021\/11\/Lea_19.4-punane-talvises-metsas.jpg\" \/>\n\t<meta property=\"og:image:width\" content=\"1600\" \/>\n\t<meta property=\"og:image:height\" content=\"1131\" \/>\n\t<meta property=\"og:image:type\" content=\"image\/jpeg\" \/>\n<meta name=\"twitter:card\" content=\"summary_large_image\" \/>\n<meta name=\"twitter:label1\" content=\"Est. reading time\" \/>\n\t<meta name=\"twitter:data1\" content=\"1 minut\" \/>\n<script type=\"application\/ld+json\" class=\"yoast-schema-graph\">{\"@context\":\"https:\\\/\\\/schema.org\",\"@graph\":[{\"@type\":\"WebPage\",\"@id\":\"https:\\\/\\\/alekeskus.eu\\\/et\\\/toode\\\/aiamaja-leo-194-alekeskus\\\/\",\"url\":\"https:\\\/\\\/alekeskus.eu\\\/et\\\/toode\\\/aiamaja-leo-194-alekeskus\\\/\",\"name\":\"Aiamaja-kodukontor Leo 19,4 m\u00b2 voldikuksega - Alekeskus\",\"isPartOf\":{\"@id\":\"https:\\\/\\\/alekeskus.eu\\\/#website\"},\"primaryImageOfPage\":{\"@id\":\"https:\\\/\\\/alekeskus.eu\\\/et\\\/toode\\\/aiamaja-leo-194-alekeskus\\\/#primaryimage\"},\"image\":{\"@id\":\"https:\\\/\\\/alekeskus.eu\\\/et\\\/toode\\\/aiamaja-leo-194-alekeskus\\\/#primaryimage\"},\"thumbnailUrl\":\"https:\\\/\\\/alekeskus.eu\\\/wp-content\\\/uploads\\\/2021\\\/11\\\/Lea_19.4-punane-talvises-metsas.jpg\",\"datePublished\":\"2025-06-11T22:44:14+00:00\",\"dateModified\":\"2026-01-21T18:37:59+00:00\",\"description\":\"kodukontor Lea freespalgist laia voldikuksega\",\"breadcrumb\":{\"@id\":\"https:\\\/\\\/alekeskus.eu\\\/et\\\/toode\\\/aiamaja-leo-194-alekeskus\\\/#breadcrumb\"},\"inLanguage\":\"et\",\"potentialAction\":[{\"@type\":\"ReadAction\",\"target\":[\"https:\\\/\\\/alekeskus.eu\\\/et\\\/toode\\\/aiamaja-leo-194-alekeskus\\\/\"]}]},{\"@type\":\"ImageObject\",\"inLanguage\":\"et\",\"@id\":\"https:\\\/\\\/alekeskus.eu\\\/et\\\/toode\\\/aiamaja-leo-194-alekeskus\\\/#primaryimage\",\"url\":\"https:\\\/\\\/alekeskus.eu\\\/wp-content\\\/uploads\\\/2021\\\/11\\\/Lea_19.4-punane-talvises-metsas.jpg\",\"contentUrl\":\"https:\\\/\\\/alekeskus.eu\\\/wp-content\\\/uploads\\\/2021\\\/11\\\/Lea_19.4-punane-talvises-metsas.jpg\",\"width\":1600,\"height\":1131},{\"@type\":\"BreadcrumbList\",\"@id\":\"https:\\\/\\\/alekeskus.eu\\\/et\\\/toode\\\/aiamaja-leo-194-alekeskus\\\/#breadcrumb\",\"itemListElement\":[{\"@type\":\"ListItem\",\"position\":1,\"name\":\"Avaleht\",\"item\":\"https:\\\/\\\/alekeskus.eu\\\/et\\\/\"},{\"@type\":\"ListItem\",\"position\":2,\"name\":\"Pood\",\"item\":\"https:\\\/\\\/alekeskus.eu\\\/pood\\\/\"},{\"@type\":\"ListItem\",\"position\":3,\"name\":\"Aiamaja-kodukontor Leo 19,4 m\u00b2 voldikuksega\"}]},{\"@type\":\"WebSite\",\"@id\":\"https:\\\/\\\/alekeskus.eu\\\/#website\",\"url\":\"https:\\\/\\\/alekeskus.eu\\\/\",\"name\":\"Alekeskus\",\"description\":\"Alekeskus.eu\",\"potentialAction\":[{\"@type\":\"SearchAction\",\"target\":{\"@type\":\"EntryPoint\",\"urlTemplate\":\"https:\\\/\\\/alekeskus.eu\\\/?s={search_term_string}\"},\"query-input\":{\"@type\":\"PropertyValueSpecification\",\"valueRequired\":true,\"valueName\":\"search_term_string\"}}],\"inLanguage\":\"et\"}]}<\/script>\n<!-- \/ Yoast SEO plugin. -->","yoast_head_json":{"title":"Aiamaja-kodukontor Leo 19,4 m\u00b2 voldikuksega - Alekeskus","description":"kodukontor Lea freespalgist laia voldikuksega","robots":{"index":"index","follow":"follow","max-snippet":"max-snippet:-1","max-image-preview":"max-image-preview:large","max-video-preview":"max-video-preview:-1"},"canonical":"https:\/\/alekeskus.eu\/et\/toode\/aiamaja-leo-194-alekeskus\/","og_locale":"et_EE","og_type":"article","og_title":"Aiamaja-kodukontor Leo 19,4 m\u00b2 voldikuksega - Alekeskus","og_description":"kodukontor Lea freespalgist laia voldikuksega","og_url":"https:\/\/alekeskus.eu\/et\/toode\/aiamaja-leo-194-alekeskus\/","og_site_name":"Alekeskus","article_modified_time":"2026-01-21T18:37:59+00:00","og_image":[{"width":1600,"height":1131,"url":"https:\/\/alekeskus.eu\/wp-content\/uploads\/2021\/11\/Lea_19.4-punane-talvises-metsas.jpg","type":"image\/jpeg"}],"twitter_card":"summary_large_image","twitter_misc":{"Est. reading time":"1 minut"},"schema":{"@context":"https:\/\/schema.org","@graph":[{"@type":"WebPage","@id":"https:\/\/alekeskus.eu\/et\/toode\/aiamaja-leo-194-alekeskus\/","url":"https:\/\/alekeskus.eu\/et\/toode\/aiamaja-leo-194-alekeskus\/","name":"Aiamaja-kodukontor Leo 19,4 m\u00b2 voldikuksega - Alekeskus","isPartOf":{"@id":"https:\/\/alekeskus.eu\/#website"},"primaryImageOfPage":{"@id":"https:\/\/alekeskus.eu\/et\/toode\/aiamaja-leo-194-alekeskus\/#primaryimage"},"image":{"@id":"https:\/\/alekeskus.eu\/et\/toode\/aiamaja-leo-194-alekeskus\/#primaryimage"},"thumbnailUrl":"https:\/\/alekeskus.eu\/wp-content\/uploads\/2021\/11\/Lea_19.4-punane-talvises-metsas.jpg","datePublished":"2025-06-11T22:44:14+00:00","dateModified":"2026-01-21T18:37:59+00:00","description":"kodukontor Lea freespalgist laia voldikuksega","breadcrumb":{"@id":"https:\/\/alekeskus.eu\/et\/toode\/aiamaja-leo-194-alekeskus\/#breadcrumb"},"inLanguage":"et","potentialAction":[{"@type":"ReadAction","target":["https:\/\/alekeskus.eu\/et\/toode\/aiamaja-leo-194-alekeskus\/"]}]},{"@type":"ImageObject","inLanguage":"et","@id":"https:\/\/alekeskus.eu\/et\/toode\/aiamaja-leo-194-alekeskus\/#primaryimage","url":"https:\/\/alekeskus.eu\/wp-content\/uploads\/2021\/11\/Lea_19.4-punane-talvises-metsas.jpg","contentUrl":"https:\/\/alekeskus.eu\/wp-content\/uploads\/2021\/11\/Lea_19.4-punane-talvises-metsas.jpg","width":1600,"height":1131},{"@type":"BreadcrumbList","@id":"https:\/\/alekeskus.eu\/et\/toode\/aiamaja-leo-194-alekeskus\/#breadcrumb","itemListElement":[{"@type":"ListItem","position":1,"name":"Avaleht","item":"https:\/\/alekeskus.eu\/et\/"},{"@type":"ListItem","position":2,"name":"Pood","item":"https:\/\/alekeskus.eu\/pood\/"},{"@type":"ListItem","position":3,"name":"Aiamaja-kodukontor Leo 19,4 m\u00b2 voldikuksega"}]},{"@type":"WebSite","@id":"https:\/\/alekeskus.eu\/#website","url":"https:\/\/alekeskus.eu\/","name":"Alekeskus","description":"Alekeskus.eu","potentialAction":[{"@type":"SearchAction","target":{"@type":"EntryPoint","urlTemplate":"https:\/\/alekeskus.eu\/?s={search_term_string}"},"query-input":{"@type":"PropertyValueSpecification","valueRequired":true,"valueName":"search_term_string"}}],"inLanguage":"et"}]}},"brands":[],"_links":{"self":[{"href":"https:\/\/alekeskus.eu\/et\/wp-json\/wp\/v2\/product\/67608","targetHints":{"allow":["GET"]}}],"collection":[{"href":"https:\/\/alekeskus.eu\/et\/wp-json\/wp\/v2\/product"}],"about":[{"href":"https:\/\/alekeskus.eu\/et\/wp-json\/wp\/v2\/types\/product"}],"wp:featuredmedia":[{"embeddable":true,"href":"https:\/\/alekeskus.eu\/et\/wp-json\/wp\/v2\/media\/79499"}],"wp:attachment":[{"href":"https:\/\/alekeskus.eu\/et\/wp-json\/wp\/v2\/media?parent=67608"}],"wp:term":[{"taxonomy":"pwb-brand","embeddable":true,"href":"https:\/\/alekeskus.eu\/et\/wp-json\/wp\/v2\/pwb-brand?post=67608"},{"taxonomy":"product_brand","embeddable":true,"href":"https:\/\/alekeskus.eu\/et\/wp-json\/wp\/v2\/product_brand?post=67608"},{"taxonomy":"product_cat","embeddable":true,"href":"https:\/\/alekeskus.eu\/et\/wp-json\/wp\/v2\/product_cat?post=67608"},{"taxonomy":"product_tag","embeddable":true,"href":"https:\/\/alekeskus.eu\/et\/wp-json\/wp\/v2\/product_tag?post=67608"}],"curies":[{"name":"wp","href":"https:\/\/api.w.org\/{rel}","templated":true}]}}