{"id":67666,"date":"2024-11-11T22:44:36","date_gmt":"2024-11-11T22:44:36","guid":{"rendered":"http:\/\/alekeskus.eu\/product\/aiamaja-vanker-85m%c2%b2\/"},"modified":"2025-03-27T07:32:43","modified_gmt":"2025-03-27T07:32:43","slug":"aiamaja-vanker-85m-alekeskus","status":"publish","type":"product","link":"https:\/\/alekeskus.eu\/et\/toode\/aiamaja-vanker-85m-alekeskus\/","title":{"rendered":"Teisaldatav aiamaja Vanker 8,5 m\u00b2"},"content":{"rendered":"<div><\/div>\n","protected":false},"excerpt":{"rendered":"<p>V\u00e4lism\u00f5\u00f5dud: <strong>3,6 x 2,4 m<\/strong>.<\/p>\n<p>Eristuva v\u00e4limusega aiamaja, mis sobib kontoriks, majutuseks v\u00f5i m\u00e4ngumajaks.<\/p>\n<p><span style=\"text-decoration: underline;\">Puudub vajadus ehitada vundamenti<\/span>, sest seisab muudetava k\u00f5rgusega pulberv\u00e4rvitud terastugedel. Tugede k\u00fcljes on p\u00e4ris terasrattad, mida saab kasutada tugede k\u00f5rgust maha keerates. Ukse asukohta saab paigaldusel valida: otsaseina v\u00f5i k\u00fcljele. Pakettklaasiga aknad(1 avatav). Punnitud seina-, p\u00f5randa ja katuselauad 19 mm. Kinnitusvahendid ja koostejuhend. Katusekate ei sisaldu hinnas.<\/p>\n<p>Vedu mandril tellijapoolse mahalaadimisega 100\u20ac v\u00f5i kraana-autoga 350\u20ac(suursaartele vastavalt 180\u20ac ja 590\u20ac).<\/p>\n<p>K\u00fcsi ka paigaldust!<\/p>\n","protected":false},"featured_media":67654,"template":"","meta":{"_monsterinsights_skip_tracking":false,"_monsterinsights_sitenote_active":false,"_monsterinsights_sitenote_note":"","_monsterinsights_sitenote_category":0},"pwb-brand":[],"product_brand":[],"product_cat":[17182,13592,13540,13594,13600,13602,13604],"product_tag":[13909,13910,13913,13813,13947,13818,15285,13824,13839,13864,18550,13908],"class_list":{"0":"post-67666","1":"product","2":"type-product","3":"status-publish","4":"has-post-thumbnail","6":"product_cat-suvekoogid-alekeskus","7":"product_cat-aia-ja-grillmajad","8":"product_cat-hooned-alekeskus","9":"product_cat-mangumajad","10":"product_cat-kuurid-aidad-kioskid","11":"product_cat-elementmajad","12":"product_cat-saunad","13":"product_tag-kamping","14":"product_tag-majutus","15":"product_tag-vierasmaja","16":"product_tag-aiamaja","17":"product_tag-leikkimokki","18":"product_tag-wagon","19":"product_tag-kesamokki","20":"product_tag-vankkuri","21":"product_tag-hut","22":"product_tag-huvimaja","23":"product_tag-glamping","24":"product_tag-vanker","25":"product_shipping_class-kuni-1000kg","26":"pa_garantii-2-aastat","27":"pa_kohaletoimetamine-alates-100e","28":"pa_laoasukoht-vorumaa","29":"pa_pindalam-15425","30":"pa_tellimisaeg-tilausaika-alekeskus","31":"pa_varv-viimistlemata","32":"pa_veame-eesti-ja-soome","34":"first","35":"instock","36":"taxable","37":"shipping-taxable","38":"purchasable","39":"product-type-simple"},"yoast_head":"<!-- This site is optimized with the Yoast SEO plugin v27.3 - https:\/\/yoast.com\/product\/yoast-seo-wordpress\/ -->\n<title>Teisaldatav aiamaja Vanker 8,5 m\u00b2 - Alekeskus<\/title>\n<meta name=\"description\" content=\"Aiamaja, mida saab teisaldada, sest seisab tugeval ratastega alusvankril\" \/>\n<meta name=\"robots\" content=\"index, follow, max-snippet:-1, max-image-preview:large, max-video-preview:-1\" \/>\n<link rel=\"canonical\" href=\"https:\/\/alekeskus.eu\/toode\/aiamaja-vanker-85m-alekeskus\/\" \/>\n<meta property=\"og:locale\" content=\"et_EE\" \/>\n<meta property=\"og:type\" content=\"article\" \/>\n<meta property=\"og:title\" content=\"Teisaldatav aiamaja Vanker 8,5 m\u00b2 - Alekeskus\" \/>\n<meta property=\"og:description\" content=\"Aiamaja, mida saab teisaldada, sest seisab tugeval ratastega alusvankril\" \/>\n<meta property=\"og:url\" content=\"https:\/\/alekeskus.eu\/toode\/aiamaja-vanker-85m-alekeskus\/\" \/>\n<meta property=\"og:site_name\" content=\"Alekeskus\" \/>\n<meta property=\"article:modified_time\" content=\"2025-03-27T07:32:43+00:00\" \/>\n<meta property=\"og:image\" content=\"https:\/\/alekeskus.eu\/wp-content\/uploads\/2021\/11\/850aiamaja-vanker-8-5m-0.jpg\" \/>\n\t<meta property=\"og:image:width\" content=\"600\" \/>\n\t<meta property=\"og:image:height\" content=\"400\" \/>\n\t<meta property=\"og:image:type\" content=\"image\/jpeg\" \/>\n<meta name=\"twitter:card\" content=\"summary_large_image\" \/>\n<meta name=\"twitter:label1\" content=\"Est. reading time\" \/>\n\t<meta name=\"twitter:data1\" content=\"1 minut\" \/>\n<script type=\"application\/ld+json\" class=\"yoast-schema-graph\">{\"@context\":\"https:\\\/\\\/schema.org\",\"@graph\":[{\"@type\":\"WebPage\",\"@id\":\"https:\\\/\\\/alekeskus.eu\\\/toode\\\/aiamaja-vanker-85m-alekeskus\\\/\",\"url\":\"https:\\\/\\\/alekeskus.eu\\\/toode\\\/aiamaja-vanker-85m-alekeskus\\\/\",\"name\":\"Teisaldatav aiamaja Vanker 8,5 m\u00b2 - Alekeskus\",\"isPartOf\":{\"@id\":\"https:\\\/\\\/alekeskus.eu\\\/#website\"},\"primaryImageOfPage\":{\"@id\":\"https:\\\/\\\/alekeskus.eu\\\/toode\\\/aiamaja-vanker-85m-alekeskus\\\/#primaryimage\"},\"image\":{\"@id\":\"https:\\\/\\\/alekeskus.eu\\\/toode\\\/aiamaja-vanker-85m-alekeskus\\\/#primaryimage\"},\"thumbnailUrl\":\"https:\\\/\\\/alekeskus.eu\\\/wp-content\\\/uploads\\\/2021\\\/11\\\/850aiamaja-vanker-8-5m-0.jpg\",\"datePublished\":\"2024-11-11T22:44:36+00:00\",\"dateModified\":\"2025-03-27T07:32:43+00:00\",\"description\":\"Aiamaja, mida saab teisaldada, sest seisab tugeval ratastega alusvankril\",\"breadcrumb\":{\"@id\":\"https:\\\/\\\/alekeskus.eu\\\/toode\\\/aiamaja-vanker-85m-alekeskus\\\/#breadcrumb\"},\"inLanguage\":\"et\",\"potentialAction\":[{\"@type\":\"ReadAction\",\"target\":[\"https:\\\/\\\/alekeskus.eu\\\/toode\\\/aiamaja-vanker-85m-alekeskus\\\/\"]}]},{\"@type\":\"ImageObject\",\"inLanguage\":\"et\",\"@id\":\"https:\\\/\\\/alekeskus.eu\\\/toode\\\/aiamaja-vanker-85m-alekeskus\\\/#primaryimage\",\"url\":\"https:\\\/\\\/alekeskus.eu\\\/wp-content\\\/uploads\\\/2021\\\/11\\\/850aiamaja-vanker-8-5m-0.jpg\",\"contentUrl\":\"https:\\\/\\\/alekeskus.eu\\\/wp-content\\\/uploads\\\/2021\\\/11\\\/850aiamaja-vanker-8-5m-0.jpg\",\"width\":600,\"height\":400},{\"@type\":\"BreadcrumbList\",\"@id\":\"https:\\\/\\\/alekeskus.eu\\\/toode\\\/aiamaja-vanker-85m-alekeskus\\\/#breadcrumb\",\"itemListElement\":[{\"@type\":\"ListItem\",\"position\":1,\"name\":\"Avaleht\",\"item\":\"https:\\\/\\\/alekeskus.eu\\\/et\\\/\"},{\"@type\":\"ListItem\",\"position\":2,\"name\":\"Pood\",\"item\":\"https:\\\/\\\/alekeskus.eu\\\/pood\\\/\"},{\"@type\":\"ListItem\",\"position\":3,\"name\":\"Teisaldatav aiamaja Vanker 8,5 m\u00b2\"}]},{\"@type\":\"WebSite\",\"@id\":\"https:\\\/\\\/alekeskus.eu\\\/#website\",\"url\":\"https:\\\/\\\/alekeskus.eu\\\/\",\"name\":\"Alekeskus\",\"description\":\"Alekeskus.eu\",\"potentialAction\":[{\"@type\":\"SearchAction\",\"target\":{\"@type\":\"EntryPoint\",\"urlTemplate\":\"https:\\\/\\\/alekeskus.eu\\\/?s={search_term_string}\"},\"query-input\":{\"@type\":\"PropertyValueSpecification\",\"valueRequired\":true,\"valueName\":\"search_term_string\"}}],\"inLanguage\":\"et\"}]}<\/script>\n<!-- \/ Yoast SEO plugin. -->","yoast_head_json":{"title":"Teisaldatav aiamaja Vanker 8,5 m\u00b2 - Alekeskus","description":"Aiamaja, mida saab teisaldada, sest seisab tugeval ratastega alusvankril","robots":{"index":"index","follow":"follow","max-snippet":"max-snippet:-1","max-image-preview":"max-image-preview:large","max-video-preview":"max-video-preview:-1"},"canonical":"https:\/\/alekeskus.eu\/toode\/aiamaja-vanker-85m-alekeskus\/","og_locale":"et_EE","og_type":"article","og_title":"Teisaldatav aiamaja Vanker 8,5 m\u00b2 - Alekeskus","og_description":"Aiamaja, mida saab teisaldada, sest seisab tugeval ratastega alusvankril","og_url":"https:\/\/alekeskus.eu\/toode\/aiamaja-vanker-85m-alekeskus\/","og_site_name":"Alekeskus","article_modified_time":"2025-03-27T07:32:43+00:00","og_image":[{"width":600,"height":400,"url":"https:\/\/alekeskus.eu\/wp-content\/uploads\/2021\/11\/850aiamaja-vanker-8-5m-0.jpg","type":"image\/jpeg"}],"twitter_card":"summary_large_image","twitter_misc":{"Est. reading time":"1 minut"},"schema":{"@context":"https:\/\/schema.org","@graph":[{"@type":"WebPage","@id":"https:\/\/alekeskus.eu\/toode\/aiamaja-vanker-85m-alekeskus\/","url":"https:\/\/alekeskus.eu\/toode\/aiamaja-vanker-85m-alekeskus\/","name":"Teisaldatav aiamaja Vanker 8,5 m\u00b2 - Alekeskus","isPartOf":{"@id":"https:\/\/alekeskus.eu\/#website"},"primaryImageOfPage":{"@id":"https:\/\/alekeskus.eu\/toode\/aiamaja-vanker-85m-alekeskus\/#primaryimage"},"image":{"@id":"https:\/\/alekeskus.eu\/toode\/aiamaja-vanker-85m-alekeskus\/#primaryimage"},"thumbnailUrl":"https:\/\/alekeskus.eu\/wp-content\/uploads\/2021\/11\/850aiamaja-vanker-8-5m-0.jpg","datePublished":"2024-11-11T22:44:36+00:00","dateModified":"2025-03-27T07:32:43+00:00","description":"Aiamaja, mida saab teisaldada, sest seisab tugeval ratastega alusvankril","breadcrumb":{"@id":"https:\/\/alekeskus.eu\/toode\/aiamaja-vanker-85m-alekeskus\/#breadcrumb"},"inLanguage":"et","potentialAction":[{"@type":"ReadAction","target":["https:\/\/alekeskus.eu\/toode\/aiamaja-vanker-85m-alekeskus\/"]}]},{"@type":"ImageObject","inLanguage":"et","@id":"https:\/\/alekeskus.eu\/toode\/aiamaja-vanker-85m-alekeskus\/#primaryimage","url":"https:\/\/alekeskus.eu\/wp-content\/uploads\/2021\/11\/850aiamaja-vanker-8-5m-0.jpg","contentUrl":"https:\/\/alekeskus.eu\/wp-content\/uploads\/2021\/11\/850aiamaja-vanker-8-5m-0.jpg","width":600,"height":400},{"@type":"BreadcrumbList","@id":"https:\/\/alekeskus.eu\/toode\/aiamaja-vanker-85m-alekeskus\/#breadcrumb","itemListElement":[{"@type":"ListItem","position":1,"name":"Avaleht","item":"https:\/\/alekeskus.eu\/et\/"},{"@type":"ListItem","position":2,"name":"Pood","item":"https:\/\/alekeskus.eu\/pood\/"},{"@type":"ListItem","position":3,"name":"Teisaldatav aiamaja Vanker 8,5 m\u00b2"}]},{"@type":"WebSite","@id":"https:\/\/alekeskus.eu\/#website","url":"https:\/\/alekeskus.eu\/","name":"Alekeskus","description":"Alekeskus.eu","potentialAction":[{"@type":"SearchAction","target":{"@type":"EntryPoint","urlTemplate":"https:\/\/alekeskus.eu\/?s={search_term_string}"},"query-input":{"@type":"PropertyValueSpecification","valueRequired":true,"valueName":"search_term_string"}}],"inLanguage":"et"}]}},"brands":[],"_links":{"self":[{"href":"https:\/\/alekeskus.eu\/et\/wp-json\/wp\/v2\/product\/67666","targetHints":{"allow":["GET"]}}],"collection":[{"href":"https:\/\/alekeskus.eu\/et\/wp-json\/wp\/v2\/product"}],"about":[{"href":"https:\/\/alekeskus.eu\/et\/wp-json\/wp\/v2\/types\/product"}],"wp:featuredmedia":[{"embeddable":true,"href":"https:\/\/alekeskus.eu\/et\/wp-json\/wp\/v2\/media\/67654"}],"wp:attachment":[{"href":"https:\/\/alekeskus.eu\/et\/wp-json\/wp\/v2\/media?parent=67666"}],"wp:term":[{"taxonomy":"pwb-brand","embeddable":true,"href":"https:\/\/alekeskus.eu\/et\/wp-json\/wp\/v2\/pwb-brand?post=67666"},{"taxonomy":"product_brand","embeddable":true,"href":"https:\/\/alekeskus.eu\/et\/wp-json\/wp\/v2\/product_brand?post=67666"},{"taxonomy":"product_cat","embeddable":true,"href":"https:\/\/alekeskus.eu\/et\/wp-json\/wp\/v2\/product_cat?post=67666"},{"taxonomy":"product_tag","embeddable":true,"href":"https:\/\/alekeskus.eu\/et\/wp-json\/wp\/v2\/product_tag?post=67666"}],"curies":[{"name":"wp","href":"https:\/\/api.w.org\/{rel}","templated":true}]}}