{"id":67706,"date":"2022-06-11T22:44:48","date_gmt":"2022-06-11T22:44:48","guid":{"rendered":"http:\/\/alekeskus.eu\/product\/aiamaja-sally-123m%c2%b2\/"},"modified":"2025-01-01T18:46:56","modified_gmt":"2025-01-01T18:46:56","slug":"aiamaja-sally-123-alekeskus","status":"publish","type":"product","link":"https:\/\/alekeskus.eu\/et\/toode\/aiamaja-sally-123-alekeskus\/","title":{"rendered":"Aiamaja Sally 12,3 m\u00b2 44 mm freespalgist"},"content":{"rendered":"<div class=\"pictogram qtip-additional-element\">\n<div class=\"image\"><strong>Telli juurde:<\/strong><\/div>\n<\/div>\n<div class=\"pictogram qtip-additional-element\">\n<p><strong>&#8211; katusesindel 9 pakki<\/strong><\/p>\n<p><strong>&#8211;\u00a0<\/strong><strong>katusepapp v\u00f5i SBS rullkate 6 rulli<\/strong><\/p>\n<p><strong>&#8211; vihmaveerennid\u00a0<\/strong><\/p>\n<p><strong>&#8211; tellitav puidukaitsevahendisse kastetuna (pruun, hall v\u00f5i valkjas) : <img decoding=\"async\" class=\"\" src=\"https:\/\/www.palmako.ee\/sites\/default\/files\/styles\/product_list_item\/public\/2020-06\/BNDIP.jpg?itok=_LQkkeHM\" width=\"66\" height=\"66\" \/><img decoding=\"async\" class=\"\" src=\"https:\/\/www.palmako.ee\/sites\/default\/files\/styles\/product_list_item\/public\/2020-06\/GYDIP.jpg?itok=RrYf7KTV\" width=\"66\" height=\"66\" \/><img decoding=\"async\" class=\"\" src=\"https:\/\/www.palmako.ee\/sites\/default\/files\/styles\/product_list_item\/public\/2020-06\/WTDIP.jpg?itok=D9U46coI\" width=\"67\" height=\"67\" \/><\/strong><\/p>\n<p>&nbsp;<\/p>\n<\/div>\n","protected":false},"excerpt":{"rendered":"<p>V\u00e4lism\u00f5\u00f5dud:<strong>\u00a03,6 x 3,6 m.<\/strong><\/p>\n<p><strong>TASUTA VEDU JA MAHALAADIMINE(<\/strong>ka suursaartel)!<\/p>\n<ul>\n<li>tuuletapiga freespalksein\u00a0<strong>44 mm<\/strong>, tormikinnitused<\/li>\n<li>harja k\u00f5rgus 256 cm ja seina k\u00f5rgus 205 cm<\/li>\n<li>puidukaitsega t\u00f6\u00f6deldud p\u00f5randatalad ja punniga p\u00f5randalauad 19 mm<\/li>\n<li>katusekate ei sisaldu hinnas(tarve 9 pakki sindlit v\u00f5i ajutist katusepappi\/kestvat SBS-bituumenkatet 6 rulli)<\/li>\n<li>katus 23 m\u00b2 \/ kalle 16\u00ba, punniga katuselauad 19 mm<\/li>\n<li><strong>r\u00e4\u00e4stas ees<\/strong> <strong>150 cm<\/strong><\/li>\n<li>liimpuidust ukselengiga 3D-hingedega paarisuks 151 x 186 cm, madal metalliga kaetud k\u00fcnnis, silinderlukk, pakettklaas<\/li>\n<li>pakettklaasiga aken 76 x 87 cm p\u00f6\u00f6rd-kaldavanemisega ja alumiiniumist tilganinaga<\/li>\n<li>tellitav puidukaitsevahendisse kastetuna +500\u20ac (pruun, hall v\u00f5i valkjas), tellimisaeg u 1 kuu<strong>\u00a0:\u00a0<img decoding=\"async\" class=\"\" src=\"https:\/\/www.palmako.ee\/sites\/default\/files\/styles\/product_list_item\/public\/2020-06\/BNDIP.jpg?itok=_LQkkeHM\" width=\"66\" height=\"66\" \/><img decoding=\"async\" class=\"\" src=\"https:\/\/www.palmako.ee\/sites\/default\/files\/styles\/product_list_item\/public\/2020-06\/GYDIP.jpg?itok=RrYf7KTV\" width=\"66\" height=\"66\" \/><img decoding=\"async\" class=\"\" src=\"https:\/\/www.palmako.ee\/sites\/default\/files\/styles\/product_list_item\/public\/2020-06\/WTDIP.jpg?itok=D9U46coI\" width=\"67\" height=\"67\" \/><\/strong><\/li>\n<li>paigaldusjuhend ja kinnitusvahendid<\/li>\n<li>tehase garantii 5 aastat<\/li>\n<li>ilmastikukindel pakend<\/li>\n<li>peegelpildis paigaldatav<\/li>\n<li>Eesti toode<\/li>\n<\/ul>\n<p>K\u00fcsi ka paigaldust!<\/p>\n","protected":false},"featured_media":78396,"template":"","meta":{"_monsterinsights_skip_tracking":false,"_monsterinsights_sitenote_active":false,"_monsterinsights_sitenote_note":"","_monsterinsights_sitenote_category":0},"pwb-brand":[],"product_brand":[],"product_cat":[17182,13592,13540,13596,13600,13604,13608],"product_tag":[13864,13899,17515,13913,17973,13978,13983,18565,15403,13813,15914,17388],"class_list":{"0":"post-67706","1":"product","2":"type-product","3":"status-publish","4":"has-post-thumbnail","6":"product_cat-suvekoogid-alekeskus","7":"product_cat-aia-ja-grillmajad","8":"product_cat-hooned-alekeskus","9":"product_cat-varjualused-talveaiad-alekeskus","10":"product_cat-kuurid-aidad-kioskid","11":"product_cat-saunad","12":"product_cat-kontorid","13":"product_tag-huvimaja","14":"product_tag-garden-house","15":"product_tag-saunamokki","16":"product_tag-vierasmaja","17":"product_tag-aiasaun","18":"product_tag-huvila","19":"product_tag-piharakennus","20":"product_tag-etatyotila-2","21":"product_tag-sally","22":"product_tag-aiamaja","23":"product_tag-pihasauna","24":"product_tag-saunamaja","25":"product_shipping_class-tasuta-transport-alates-1000kg","26":"pa_garantii-5-aastat","27":"pa_kohaletoimetamine-tasuta-mandri-eestis-ja-suursaartel-soome-alates-699e","28":"pa_laoasukoht-tartumaa","29":"pa_pindalam-15435","30":"pa_seinapaksus-17405","31":"pa_tellimisaeg-tilausaika-alekeskus","32":"pa_varv-viimistlemata","33":"pa_varv-pruunikas-puidukaitse","34":"pa_varv-hallikas-puidukaitse","35":"pa_varv-valkjas-puidukaitse","36":"pa_veame-eesti-ja-soome","38":"first","39":"instock","40":"taxable","41":"shipping-taxable","42":"purchasable","43":"product-type-variable","44":"has-default-attributes"},"yoast_head":"<!-- This site is optimized with the Yoast SEO plugin v27.3 - https:\/\/yoast.com\/product\/yoast-seo-wordpress\/ -->\n<title>Aiamaja Sally 12,3 m\u00b2 44 mm freespalgist - Alekeskus<\/title>\n<meta name=\"description\" content=\"aiamaja Sally 44 mm freespalgist\" \/>\n<meta name=\"robots\" content=\"index, follow, max-snippet:-1, max-image-preview:large, max-video-preview:-1\" \/>\n<link rel=\"canonical\" href=\"https:\/\/alekeskus.eu\/et\/toode\/aiamaja-sally-123-alekeskus\/\" \/>\n<meta property=\"og:locale\" content=\"et_EE\" \/>\n<meta property=\"og:type\" content=\"article\" \/>\n<meta property=\"og:title\" content=\"Aiamaja Sally 12,3 m\u00b2 44 mm freespalgist - Alekeskus\" \/>\n<meta property=\"og:description\" content=\"aiamaja Sally 44 mm freespalgist\" \/>\n<meta property=\"og:url\" content=\"https:\/\/alekeskus.eu\/et\/toode\/aiamaja-sally-123-alekeskus\/\" \/>\n<meta property=\"og:site_name\" content=\"Alekeskus\" \/>\n<meta property=\"article:modified_time\" content=\"2025-01-01T18:46:56+00:00\" \/>\n<meta property=\"og:image\" content=\"https:\/\/alekeskus.eu\/wp-content\/uploads\/2021\/11\/Sally_12.3-pruun-aias.jpg\" \/>\n\t<meta property=\"og:image:width\" content=\"2000\" \/>\n\t<meta property=\"og:image:height\" content=\"1127\" \/>\n\t<meta property=\"og:image:type\" content=\"image\/jpeg\" \/>\n<meta name=\"twitter:card\" content=\"summary_large_image\" \/>\n<meta name=\"twitter:label1\" content=\"Est. reading time\" \/>\n\t<meta name=\"twitter:data1\" content=\"1 minut\" \/>\n<script type=\"application\/ld+json\" class=\"yoast-schema-graph\">{\"@context\":\"https:\\\/\\\/schema.org\",\"@graph\":[{\"@type\":\"WebPage\",\"@id\":\"https:\\\/\\\/alekeskus.eu\\\/et\\\/toode\\\/aiamaja-sally-123-alekeskus\\\/\",\"url\":\"https:\\\/\\\/alekeskus.eu\\\/et\\\/toode\\\/aiamaja-sally-123-alekeskus\\\/\",\"name\":\"Aiamaja Sally 12,3 m\u00b2 44 mm freespalgist - Alekeskus\",\"isPartOf\":{\"@id\":\"https:\\\/\\\/alekeskus.eu\\\/#website\"},\"primaryImageOfPage\":{\"@id\":\"https:\\\/\\\/alekeskus.eu\\\/et\\\/toode\\\/aiamaja-sally-123-alekeskus\\\/#primaryimage\"},\"image\":{\"@id\":\"https:\\\/\\\/alekeskus.eu\\\/et\\\/toode\\\/aiamaja-sally-123-alekeskus\\\/#primaryimage\"},\"thumbnailUrl\":\"https:\\\/\\\/alekeskus.eu\\\/wp-content\\\/uploads\\\/2021\\\/11\\\/Sally_12.3-pruun-aias.jpg\",\"datePublished\":\"2022-06-11T22:44:48+00:00\",\"dateModified\":\"2025-01-01T18:46:56+00:00\",\"description\":\"aiamaja Sally 44 mm freespalgist\",\"breadcrumb\":{\"@id\":\"https:\\\/\\\/alekeskus.eu\\\/et\\\/toode\\\/aiamaja-sally-123-alekeskus\\\/#breadcrumb\"},\"inLanguage\":\"et\",\"potentialAction\":[{\"@type\":\"ReadAction\",\"target\":[\"https:\\\/\\\/alekeskus.eu\\\/et\\\/toode\\\/aiamaja-sally-123-alekeskus\\\/\"]}]},{\"@type\":\"ImageObject\",\"inLanguage\":\"et\",\"@id\":\"https:\\\/\\\/alekeskus.eu\\\/et\\\/toode\\\/aiamaja-sally-123-alekeskus\\\/#primaryimage\",\"url\":\"https:\\\/\\\/alekeskus.eu\\\/wp-content\\\/uploads\\\/2021\\\/11\\\/Sally_12.3-pruun-aias.jpg\",\"contentUrl\":\"https:\\\/\\\/alekeskus.eu\\\/wp-content\\\/uploads\\\/2021\\\/11\\\/Sally_12.3-pruun-aias.jpg\",\"width\":1600,\"height\":902},{\"@type\":\"BreadcrumbList\",\"@id\":\"https:\\\/\\\/alekeskus.eu\\\/et\\\/toode\\\/aiamaja-sally-123-alekeskus\\\/#breadcrumb\",\"itemListElement\":[{\"@type\":\"ListItem\",\"position\":1,\"name\":\"Avaleht\",\"item\":\"https:\\\/\\\/alekeskus.eu\\\/et\\\/\"},{\"@type\":\"ListItem\",\"position\":2,\"name\":\"Pood\",\"item\":\"https:\\\/\\\/alekeskus.eu\\\/pood\\\/\"},{\"@type\":\"ListItem\",\"position\":3,\"name\":\"Aiamaja Sally 12,3 m\u00b2 44 mm freespalgist\"}]},{\"@type\":\"WebSite\",\"@id\":\"https:\\\/\\\/alekeskus.eu\\\/#website\",\"url\":\"https:\\\/\\\/alekeskus.eu\\\/\",\"name\":\"Alekeskus\",\"description\":\"Alekeskus.eu\",\"potentialAction\":[{\"@type\":\"SearchAction\",\"target\":{\"@type\":\"EntryPoint\",\"urlTemplate\":\"https:\\\/\\\/alekeskus.eu\\\/?s={search_term_string}\"},\"query-input\":{\"@type\":\"PropertyValueSpecification\",\"valueRequired\":true,\"valueName\":\"search_term_string\"}}],\"inLanguage\":\"et\"}]}<\/script>\n<!-- \/ Yoast SEO plugin. -->","yoast_head_json":{"title":"Aiamaja Sally 12,3 m\u00b2 44 mm freespalgist - Alekeskus","description":"aiamaja Sally 44 mm freespalgist","robots":{"index":"index","follow":"follow","max-snippet":"max-snippet:-1","max-image-preview":"max-image-preview:large","max-video-preview":"max-video-preview:-1"},"canonical":"https:\/\/alekeskus.eu\/et\/toode\/aiamaja-sally-123-alekeskus\/","og_locale":"et_EE","og_type":"article","og_title":"Aiamaja Sally 12,3 m\u00b2 44 mm freespalgist - Alekeskus","og_description":"aiamaja Sally 44 mm freespalgist","og_url":"https:\/\/alekeskus.eu\/et\/toode\/aiamaja-sally-123-alekeskus\/","og_site_name":"Alekeskus","article_modified_time":"2025-01-01T18:46:56+00:00","og_image":[{"width":2000,"height":1127,"url":"https:\/\/alekeskus.eu\/wp-content\/uploads\/2021\/11\/Sally_12.3-pruun-aias.jpg","type":"image\/jpeg"}],"twitter_card":"summary_large_image","twitter_misc":{"Est. reading time":"1 minut"},"schema":{"@context":"https:\/\/schema.org","@graph":[{"@type":"WebPage","@id":"https:\/\/alekeskus.eu\/et\/toode\/aiamaja-sally-123-alekeskus\/","url":"https:\/\/alekeskus.eu\/et\/toode\/aiamaja-sally-123-alekeskus\/","name":"Aiamaja Sally 12,3 m\u00b2 44 mm freespalgist - Alekeskus","isPartOf":{"@id":"https:\/\/alekeskus.eu\/#website"},"primaryImageOfPage":{"@id":"https:\/\/alekeskus.eu\/et\/toode\/aiamaja-sally-123-alekeskus\/#primaryimage"},"image":{"@id":"https:\/\/alekeskus.eu\/et\/toode\/aiamaja-sally-123-alekeskus\/#primaryimage"},"thumbnailUrl":"https:\/\/alekeskus.eu\/wp-content\/uploads\/2021\/11\/Sally_12.3-pruun-aias.jpg","datePublished":"2022-06-11T22:44:48+00:00","dateModified":"2025-01-01T18:46:56+00:00","description":"aiamaja Sally 44 mm freespalgist","breadcrumb":{"@id":"https:\/\/alekeskus.eu\/et\/toode\/aiamaja-sally-123-alekeskus\/#breadcrumb"},"inLanguage":"et","potentialAction":[{"@type":"ReadAction","target":["https:\/\/alekeskus.eu\/et\/toode\/aiamaja-sally-123-alekeskus\/"]}]},{"@type":"ImageObject","inLanguage":"et","@id":"https:\/\/alekeskus.eu\/et\/toode\/aiamaja-sally-123-alekeskus\/#primaryimage","url":"https:\/\/alekeskus.eu\/wp-content\/uploads\/2021\/11\/Sally_12.3-pruun-aias.jpg","contentUrl":"https:\/\/alekeskus.eu\/wp-content\/uploads\/2021\/11\/Sally_12.3-pruun-aias.jpg","width":1600,"height":902},{"@type":"BreadcrumbList","@id":"https:\/\/alekeskus.eu\/et\/toode\/aiamaja-sally-123-alekeskus\/#breadcrumb","itemListElement":[{"@type":"ListItem","position":1,"name":"Avaleht","item":"https:\/\/alekeskus.eu\/et\/"},{"@type":"ListItem","position":2,"name":"Pood","item":"https:\/\/alekeskus.eu\/pood\/"},{"@type":"ListItem","position":3,"name":"Aiamaja Sally 12,3 m\u00b2 44 mm freespalgist"}]},{"@type":"WebSite","@id":"https:\/\/alekeskus.eu\/#website","url":"https:\/\/alekeskus.eu\/","name":"Alekeskus","description":"Alekeskus.eu","potentialAction":[{"@type":"SearchAction","target":{"@type":"EntryPoint","urlTemplate":"https:\/\/alekeskus.eu\/?s={search_term_string}"},"query-input":{"@type":"PropertyValueSpecification","valueRequired":true,"valueName":"search_term_string"}}],"inLanguage":"et"}]}},"brands":[],"_links":{"self":[{"href":"https:\/\/alekeskus.eu\/et\/wp-json\/wp\/v2\/product\/67706","targetHints":{"allow":["GET"]}}],"collection":[{"href":"https:\/\/alekeskus.eu\/et\/wp-json\/wp\/v2\/product"}],"about":[{"href":"https:\/\/alekeskus.eu\/et\/wp-json\/wp\/v2\/types\/product"}],"wp:featuredmedia":[{"embeddable":true,"href":"https:\/\/alekeskus.eu\/et\/wp-json\/wp\/v2\/media\/78396"}],"wp:attachment":[{"href":"https:\/\/alekeskus.eu\/et\/wp-json\/wp\/v2\/media?parent=67706"}],"wp:term":[{"taxonomy":"pwb-brand","embeddable":true,"href":"https:\/\/alekeskus.eu\/et\/wp-json\/wp\/v2\/pwb-brand?post=67706"},{"taxonomy":"product_brand","embeddable":true,"href":"https:\/\/alekeskus.eu\/et\/wp-json\/wp\/v2\/product_brand?post=67706"},{"taxonomy":"product_cat","embeddable":true,"href":"https:\/\/alekeskus.eu\/et\/wp-json\/wp\/v2\/product_cat?post=67706"},{"taxonomy":"product_tag","embeddable":true,"href":"https:\/\/alekeskus.eu\/et\/wp-json\/wp\/v2\/product_tag?post=67706"}],"curies":[{"name":"wp","href":"https:\/\/api.w.org\/{rel}","templated":true}]}}