{"id":67792,"date":"2025-11-11T22:45:16","date_gmt":"2025-11-11T22:45:16","guid":{"rendered":"http:\/\/alekeskus.eu\/product\/aiamaja-susanna-124m%c2%b2\/"},"modified":"2026-02-16T18:11:12","modified_gmt":"2026-02-16T18:11:12","slug":"aiamaja-susi-124-veranda21-alekeskus","status":"publish","type":"product","link":"https:\/\/alekeskus.eu\/et\/toode\/aiamaja-susi-124-veranda21-alekeskus\/","title":{"rendered":"Aiamaja Susi 12,4 + veranda 2,1 m\u00b2 freespalk 44mm, pakettklaasid"},"content":{"rendered":"<div class=\"pictogram qtip-additional-element\">\n<div class=\"image\">\n<div class=\"description\"><strong>Lisad:<\/strong><\/div>\n<div class=\"description\"><strong>&#8211; bituumensindel 9 pakki\u00a0<\/strong><\/div>\n<div class=\"description\">\n<div class=\"product-optional-products-item\" data-tid=\"215\" data-nid=\"210\">\n<div class=\"product-optional-products-item-image\"><strong>&#8211; katusepapp v\u00f5i SBS-bituumenkate 5 rulli\u00a0\u00a0<\/strong><\/div>\n<div class=\"product-optional-products-item-image\"><strong>&#8211; vihmaveetorustik\u00a0<\/strong><\/div>\n<div class=\"product-optional-products-item-image\">&#8211; <strong>puitosa kastmine puukaitseainesse (hallikas, pruunikas v\u00f5i valkjas)<\/strong><\/div>\n<\/div>\n<\/div>\n<\/div>\n<div class=\"image\"><img decoding=\"async\" src=\"http:\/\/pood.palmako.ee\/sites\/default\/files\/styles\/pictogram_thumbnail\/public\/field_pictogram_image\/pakim66t.jpg?itok=qCgjXGZJ\" alt=\"\" \/>\u00a0 \u00a0 \u00a0 \u00a0 \u00a0 \u00a0 \u00a0 \u00a0 \u00a0 \u00a0 \u00a0 \u00a0 \u00a0 \u00a0 \u00a0\u00a0<img decoding=\"async\" src=\"http:\/\/pood.palmako.ee\/sites\/default\/files\/styles\/pictogram_thumbnail\/public\/field_pictogram_image\/kaal.jpg?itok=E2dctUS7\" alt=\"\" \/><\/div>\n<\/div>\n<div class=\"pictogram qtip-additional-element\">\n<div class=\"description\">Pakend: 6,0 x 1,2 x 0,7 m, kaal 1400 kg<\/div>\n<\/div>\n","protected":false},"excerpt":{"rendered":"<p><strong>V\u00e4lism\u00f5\u00f5dud 5,1 x 3,0 m.\u00a0<\/strong><\/p>\n<p><strong>TASUTA VEDU JA MAHALAADIMINE(ka suursaartel)!<\/strong><\/p>\n<ul>\n<li><strong>tuuletapiga freespalksein\u00a044 mm<\/strong>, tormikinnitused<\/li>\n<li>harja k\u00f5rgus 263 cm ja seina k\u00f5rgus 205 cm<\/li>\n<li>katusekate ei sisaldu hinnas(tarve sindlit 9 pakki v\u00f5i ajutist katusepappi ja SBS-bituumenkatet 5 rulli)<\/li>\n<li>punniga katuselaudis 19 mm, laetalad 60 x 200 mm<\/li>\n<li>katuse pindala 21 m\u00b2 ja kalle 18\u00ba, r\u00e4\u00e4stas 33 cm<\/li>\n<li>punniga p\u00f5randalauad 19 mm ja puidukaitsega t\u00f6\u00f6deldud alustalad 60 x 80 mm<\/li>\n<li>terrassilauad 19 mm<\/li>\n<li>liimpuidust ukselengiga pakettklaasiga paarisuks 151 x 186 cm, madal metalliga kaetud k\u00fcnnis, silinderlukk<\/li>\n<li>3 pakettklaasiga akent 76 x 87 cm p\u00f6\u00f6rd-ja kaldavanemisega ja tilganinaga<\/li>\n<li>tellitav puidukaitsevahendisse kastetuna +800\u20ac (pruun, hall v\u00f5i valkjas), tellimisaeg 2-4 n\u00e4dalat pikem<strong>\u00a0:\u00a0<img decoding=\"async\" class=\"\" src=\"https:\/\/www.palmako.ee\/sites\/default\/files\/styles\/product_list_item\/public\/2020-06\/BNDIP.jpg?itok=_LQkkeHM\" width=\"66\" height=\"66\" \/><img decoding=\"async\" class=\"\" src=\"https:\/\/www.palmako.ee\/sites\/default\/files\/styles\/product_list_item\/public\/2020-06\/GYDIP.jpg?itok=RrYf7KTV\" width=\"66\" height=\"66\" \/><img decoding=\"async\" class=\"\" src=\"https:\/\/www.palmako.ee\/sites\/default\/files\/styles\/product_list_item\/public\/2020-06\/WTDIP.jpg?itok=D9U46coI\" width=\"67\" height=\"67\" \/><\/strong><\/li>\n<li>koostejuhend ja kinnitusvahendid<\/li>\n<li>tehase garantii 5 aastat<\/li>\n<li>Eesti toode<\/li>\n<li>ilmastikukindel pakend<\/li>\n<li>peegelpildis paigaldatav<\/li>\n<\/ul>\n<p>K\u00fcsi ka paigaldust!<\/p>\n","protected":false},"featured_media":98815,"template":"","meta":{"_monsterinsights_skip_tracking":false,"_monsterinsights_sitenote_active":false,"_monsterinsights_sitenote_note":"","_monsterinsights_sitenote_category":0},"pwb-brand":[],"product_brand":[],"product_cat":[17182,13592,13538,13540,13608],"product_tag":[15440,13909,13910,17390,13913,13970,13978,14252,19085,14311,13813,15410],"class_list":{"0":"post-67792","1":"product","2":"type-product","3":"status-publish","4":"has-post-thumbnail","6":"product_cat-suvekoogid-alekeskus","7":"product_cat-aia-ja-grillmajad","8":"product_cat-ale","9":"product_cat-hooned-alekeskus","10":"product_cat-kontorid","11":"product_tag-puhkekodu","12":"product_tag-kamping","13":"product_tag-majutus","14":"product_tag-freespalksuvila","15":"product_tag-vierasmaja","16":"product_tag-suvila","17":"product_tag-huvila","18":"product_tag-suvemaja","19":"product_tag-verandaga-aiamaja","20":"product_tag-freespalkaiamaja","21":"product_tag-aiamaja","22":"product_tag-cottage","23":"product_shipping_class-tasuta-transport-alates-1000kg","24":"pa_garantii-5-aastat","25":"pa_kohaletoimetamine-tasuta-mandri-eestis-ja-suursaartel-soome-alates-699e","26":"pa_laoasukoht-tartumaa","27":"pa_pindalam-15338","28":"pa_seinapaksus-17405","29":"pa_tellimisaeg-tilausaika-alekeskus","30":"pa_varv-viimistlemata","31":"pa_varv-pruunikas-puidukaitse","32":"pa_varv-hallikas-puidukaitse","33":"pa_varv-valkjas-puidukaitse","34":"pa_veame-eesti-ja-soome","36":"first","37":"instock","38":"sale","39":"featured","40":"taxable","41":"shipping-taxable","42":"purchasable","43":"product-type-variable","44":"has-default-attributes"},"yoast_head":"<!-- This site is optimized with the Yoast SEO plugin v27.3 - https:\/\/yoast.com\/product\/yoast-seo-wordpress\/ -->\n<title>Aiamaja Susi 12,4 + veranda 2,1 m\u00b2 freespalk 44mm, pakettklaasid - Alekeskus<\/title>\n<meta name=\"description\" content=\"puidust aiamaja susanna tasuta veoga ja mahalaadimisega\" \/>\n<meta name=\"robots\" content=\"index, follow, max-snippet:-1, max-image-preview:large, max-video-preview:-1\" \/>\n<link rel=\"canonical\" href=\"https:\/\/alekeskus.eu\/et\/toode\/aiamaja-susi-124-veranda21-alekeskus\/\" \/>\n<meta property=\"og:locale\" content=\"et_EE\" \/>\n<meta property=\"og:type\" content=\"article\" \/>\n<meta property=\"og:title\" content=\"Aiamaja Susi 12,4 + veranda 2,1 m\u00b2 freespalk 44mm, pakettklaasid - Alekeskus\" \/>\n<meta property=\"og:description\" content=\"puidust aiamaja susanna tasuta veoga ja mahalaadimisega\" \/>\n<meta property=\"og:url\" content=\"https:\/\/alekeskus.eu\/et\/toode\/aiamaja-susi-124-veranda21-alekeskus\/\" \/>\n<meta property=\"og:site_name\" content=\"Alekeskus\" \/>\n<meta property=\"article:modified_time\" content=\"2026-02-16T18:11:12+00:00\" \/>\n<meta property=\"og:image\" content=\"https:\/\/alekeskus.eu\/wp-content\/uploads\/2021\/11\/Susi_12.4_m2_NATURAL_wb.jpg\" \/>\n\t<meta property=\"og:image:width\" content=\"2500\" \/>\n\t<meta property=\"og:image:height\" content=\"1875\" \/>\n\t<meta property=\"og:image:type\" content=\"image\/jpeg\" \/>\n<meta name=\"twitter:card\" content=\"summary_large_image\" \/>\n<meta name=\"twitter:label1\" content=\"Est. reading time\" \/>\n\t<meta name=\"twitter:data1\" content=\"1 minut\" \/>\n<script type=\"application\/ld+json\" class=\"yoast-schema-graph\">{\"@context\":\"https:\\\/\\\/schema.org\",\"@graph\":[{\"@type\":\"WebPage\",\"@id\":\"https:\\\/\\\/alekeskus.eu\\\/et\\\/toode\\\/aiamaja-susi-124-veranda21-alekeskus\\\/\",\"url\":\"https:\\\/\\\/alekeskus.eu\\\/et\\\/toode\\\/aiamaja-susi-124-veranda21-alekeskus\\\/\",\"name\":\"Aiamaja Susi 12,4 + veranda 2,1 m\u00b2 freespalk 44mm, pakettklaasid - Alekeskus\",\"isPartOf\":{\"@id\":\"https:\\\/\\\/alekeskus.eu\\\/#website\"},\"primaryImageOfPage\":{\"@id\":\"https:\\\/\\\/alekeskus.eu\\\/et\\\/toode\\\/aiamaja-susi-124-veranda21-alekeskus\\\/#primaryimage\"},\"image\":{\"@id\":\"https:\\\/\\\/alekeskus.eu\\\/et\\\/toode\\\/aiamaja-susi-124-veranda21-alekeskus\\\/#primaryimage\"},\"thumbnailUrl\":\"https:\\\/\\\/alekeskus.eu\\\/wp-content\\\/uploads\\\/2021\\\/11\\\/Susi_12.4_m2_NATURAL_wb.jpg\",\"datePublished\":\"2025-11-11T22:45:16+00:00\",\"dateModified\":\"2026-02-16T18:11:12+00:00\",\"description\":\"puidust aiamaja susanna tasuta veoga ja mahalaadimisega\",\"breadcrumb\":{\"@id\":\"https:\\\/\\\/alekeskus.eu\\\/et\\\/toode\\\/aiamaja-susi-124-veranda21-alekeskus\\\/#breadcrumb\"},\"inLanguage\":\"et\",\"potentialAction\":[{\"@type\":\"ReadAction\",\"target\":[\"https:\\\/\\\/alekeskus.eu\\\/et\\\/toode\\\/aiamaja-susi-124-veranda21-alekeskus\\\/\"]}]},{\"@type\":\"ImageObject\",\"inLanguage\":\"et\",\"@id\":\"https:\\\/\\\/alekeskus.eu\\\/et\\\/toode\\\/aiamaja-susi-124-veranda21-alekeskus\\\/#primaryimage\",\"url\":\"https:\\\/\\\/alekeskus.eu\\\/wp-content\\\/uploads\\\/2021\\\/11\\\/Susi_12.4_m2_NATURAL_wb.jpg\",\"contentUrl\":\"https:\\\/\\\/alekeskus.eu\\\/wp-content\\\/uploads\\\/2021\\\/11\\\/Susi_12.4_m2_NATURAL_wb.jpg\",\"width\":2500,\"height\":1875},{\"@type\":\"BreadcrumbList\",\"@id\":\"https:\\\/\\\/alekeskus.eu\\\/et\\\/toode\\\/aiamaja-susi-124-veranda21-alekeskus\\\/#breadcrumb\",\"itemListElement\":[{\"@type\":\"ListItem\",\"position\":1,\"name\":\"Avaleht\",\"item\":\"https:\\\/\\\/alekeskus.eu\\\/et\\\/\"},{\"@type\":\"ListItem\",\"position\":2,\"name\":\"Pood\",\"item\":\"https:\\\/\\\/alekeskus.eu\\\/pood\\\/\"},{\"@type\":\"ListItem\",\"position\":3,\"name\":\"Aiamaja Susi 12,4 + veranda 2,1 m\u00b2 freespalk 44mm, pakettklaasid\"}]},{\"@type\":\"WebSite\",\"@id\":\"https:\\\/\\\/alekeskus.eu\\\/#website\",\"url\":\"https:\\\/\\\/alekeskus.eu\\\/\",\"name\":\"Alekeskus\",\"description\":\"Alekeskus.eu\",\"potentialAction\":[{\"@type\":\"SearchAction\",\"target\":{\"@type\":\"EntryPoint\",\"urlTemplate\":\"https:\\\/\\\/alekeskus.eu\\\/?s={search_term_string}\"},\"query-input\":{\"@type\":\"PropertyValueSpecification\",\"valueRequired\":true,\"valueName\":\"search_term_string\"}}],\"inLanguage\":\"et\"}]}<\/script>\n<!-- \/ Yoast SEO plugin. -->","yoast_head_json":{"title":"Aiamaja Susi 12,4 + veranda 2,1 m\u00b2 freespalk 44mm, pakettklaasid - Alekeskus","description":"puidust aiamaja susanna tasuta veoga ja mahalaadimisega","robots":{"index":"index","follow":"follow","max-snippet":"max-snippet:-1","max-image-preview":"max-image-preview:large","max-video-preview":"max-video-preview:-1"},"canonical":"https:\/\/alekeskus.eu\/et\/toode\/aiamaja-susi-124-veranda21-alekeskus\/","og_locale":"et_EE","og_type":"article","og_title":"Aiamaja Susi 12,4 + veranda 2,1 m\u00b2 freespalk 44mm, pakettklaasid - Alekeskus","og_description":"puidust aiamaja susanna tasuta veoga ja mahalaadimisega","og_url":"https:\/\/alekeskus.eu\/et\/toode\/aiamaja-susi-124-veranda21-alekeskus\/","og_site_name":"Alekeskus","article_modified_time":"2026-02-16T18:11:12+00:00","og_image":[{"width":2500,"height":1875,"url":"https:\/\/alekeskus.eu\/wp-content\/uploads\/2021\/11\/Susi_12.4_m2_NATURAL_wb.jpg","type":"image\/jpeg"}],"twitter_card":"summary_large_image","twitter_misc":{"Est. reading time":"1 minut"},"schema":{"@context":"https:\/\/schema.org","@graph":[{"@type":"WebPage","@id":"https:\/\/alekeskus.eu\/et\/toode\/aiamaja-susi-124-veranda21-alekeskus\/","url":"https:\/\/alekeskus.eu\/et\/toode\/aiamaja-susi-124-veranda21-alekeskus\/","name":"Aiamaja Susi 12,4 + veranda 2,1 m\u00b2 freespalk 44mm, pakettklaasid - Alekeskus","isPartOf":{"@id":"https:\/\/alekeskus.eu\/#website"},"primaryImageOfPage":{"@id":"https:\/\/alekeskus.eu\/et\/toode\/aiamaja-susi-124-veranda21-alekeskus\/#primaryimage"},"image":{"@id":"https:\/\/alekeskus.eu\/et\/toode\/aiamaja-susi-124-veranda21-alekeskus\/#primaryimage"},"thumbnailUrl":"https:\/\/alekeskus.eu\/wp-content\/uploads\/2021\/11\/Susi_12.4_m2_NATURAL_wb.jpg","datePublished":"2025-11-11T22:45:16+00:00","dateModified":"2026-02-16T18:11:12+00:00","description":"puidust aiamaja susanna tasuta veoga ja mahalaadimisega","breadcrumb":{"@id":"https:\/\/alekeskus.eu\/et\/toode\/aiamaja-susi-124-veranda21-alekeskus\/#breadcrumb"},"inLanguage":"et","potentialAction":[{"@type":"ReadAction","target":["https:\/\/alekeskus.eu\/et\/toode\/aiamaja-susi-124-veranda21-alekeskus\/"]}]},{"@type":"ImageObject","inLanguage":"et","@id":"https:\/\/alekeskus.eu\/et\/toode\/aiamaja-susi-124-veranda21-alekeskus\/#primaryimage","url":"https:\/\/alekeskus.eu\/wp-content\/uploads\/2021\/11\/Susi_12.4_m2_NATURAL_wb.jpg","contentUrl":"https:\/\/alekeskus.eu\/wp-content\/uploads\/2021\/11\/Susi_12.4_m2_NATURAL_wb.jpg","width":2500,"height":1875},{"@type":"BreadcrumbList","@id":"https:\/\/alekeskus.eu\/et\/toode\/aiamaja-susi-124-veranda21-alekeskus\/#breadcrumb","itemListElement":[{"@type":"ListItem","position":1,"name":"Avaleht","item":"https:\/\/alekeskus.eu\/et\/"},{"@type":"ListItem","position":2,"name":"Pood","item":"https:\/\/alekeskus.eu\/pood\/"},{"@type":"ListItem","position":3,"name":"Aiamaja Susi 12,4 + veranda 2,1 m\u00b2 freespalk 44mm, pakettklaasid"}]},{"@type":"WebSite","@id":"https:\/\/alekeskus.eu\/#website","url":"https:\/\/alekeskus.eu\/","name":"Alekeskus","description":"Alekeskus.eu","potentialAction":[{"@type":"SearchAction","target":{"@type":"EntryPoint","urlTemplate":"https:\/\/alekeskus.eu\/?s={search_term_string}"},"query-input":{"@type":"PropertyValueSpecification","valueRequired":true,"valueName":"search_term_string"}}],"inLanguage":"et"}]}},"brands":[],"_links":{"self":[{"href":"https:\/\/alekeskus.eu\/et\/wp-json\/wp\/v2\/product\/67792","targetHints":{"allow":["GET"]}}],"collection":[{"href":"https:\/\/alekeskus.eu\/et\/wp-json\/wp\/v2\/product"}],"about":[{"href":"https:\/\/alekeskus.eu\/et\/wp-json\/wp\/v2\/types\/product"}],"wp:featuredmedia":[{"embeddable":true,"href":"https:\/\/alekeskus.eu\/et\/wp-json\/wp\/v2\/media\/98815"}],"wp:attachment":[{"href":"https:\/\/alekeskus.eu\/et\/wp-json\/wp\/v2\/media?parent=67792"}],"wp:term":[{"taxonomy":"pwb-brand","embeddable":true,"href":"https:\/\/alekeskus.eu\/et\/wp-json\/wp\/v2\/pwb-brand?post=67792"},{"taxonomy":"product_brand","embeddable":true,"href":"https:\/\/alekeskus.eu\/et\/wp-json\/wp\/v2\/product_brand?post=67792"},{"taxonomy":"product_cat","embeddable":true,"href":"https:\/\/alekeskus.eu\/et\/wp-json\/wp\/v2\/product_cat?post=67792"},{"taxonomy":"product_tag","embeddable":true,"href":"https:\/\/alekeskus.eu\/et\/wp-json\/wp\/v2\/product_tag?post=67792"}],"curies":[{"name":"wp","href":"https:\/\/api.w.org\/{rel}","templated":true}]}}