{"id":67842,"date":"2024-06-11T22:45:31","date_gmt":"2024-06-11T22:45:31","guid":{"rendered":"http:\/\/alekeskus.eu\/product\/aiamaja-ines-137m%c2%b2\/"},"modified":"2026-01-21T17:47:13","modified_gmt":"2026-01-21T17:47:13","slug":"aiamaja-inessa137m-alekeskus","status":"publish","type":"product","link":"https:\/\/alekeskus.eu\/et\/toode\/aiamaja-inessa137m-alekeskus\/","title":{"rendered":"Aiamaja Inessa 13,7 m\u00b2 voldikuksega"},"content":{"rendered":"<div class=\"pictogram qtip-additional-element\">\n<div class=\"image\">\n<div class=\"description\"><strong>Telli juurde:<\/strong><\/div>\n<div class=\"description\"><\/div>\n<div class=\"description\"><strong>&#8211; vihmaveerennid\u00a0<\/strong><\/div>\n<div class=\"description\"><strong>&#8211; 5 rulli SBS-bituumenkatet 1 x 10 m v\u00f5i 2 rulli iseliimuvat EPDM-kummikatet 1,5 x 10 m<\/strong><\/div>\n<div class=\"description\">\n<p><strong>&#8211; puitosa kastmine puukaitseainesse (hallikas, pruunikas v\u00f5i valkjas)<\/strong><\/p>\n<p><img decoding=\"async\" src=\"https:\/\/www.palmako.ee\/sites\/default\/files\/styles\/product_list_item\/public\/2020-06\/BNDIP.jpg?itok=_LQkkeHM\" \/> <img decoding=\"async\" src=\"https:\/\/www.palmako.ee\/sites\/default\/files\/styles\/product_list_item\/public\/2020-06\/WTDIP.jpg?itok=D9U46coI\" \/> <img decoding=\"async\" src=\"https:\/\/www.palmako.ee\/sites\/default\/files\/styles\/product_list_item\/public\/2020-06\/GYDIP.jpg?itok=RrYf7KTV\" \/><\/p>\n<p><strong>\u2013 v\u00e4ljast v\u00e4rvituna (4 v\u00e4rvilahendust)<\/strong><\/p>\n<\/div>\n<\/div>\n<div class=\"description\">Pakend: 6,0&#215;1,2&#215;0,7 m , kaal 1350 kg<\/div>\n<\/div>\n","protected":false},"excerpt":{"rendered":"<div id=\"short_description_block\">\n<div id=\"short_description_content\" class=\"rte align_justify\">\n<p>V\u00e4lism\u00f5\u00f5dud:<strong>\u00a04,8 x 3,0 m<\/strong>.<\/p>\n<div id=\"short_description_block\">\n<div id=\"short_description_content\" class=\"rte align_justify\">\n<p><strong>TASUTA VEDU JA MAHALAADIMINE(ka suursaartel)!\u00a0<\/strong><\/p>\n<ul>\n<li>tuuletapiga <strong>freespalksein<\/strong> <strong>44 mm<\/strong>, tormikinnitused<\/li>\n<li>immutatud alusprussid 45 x 70 mm<\/li>\n<li>harja k\u00f5rgus 250 cm, seina k\u00f5rgus 211 cm<\/li>\n<li>katusetalad 60 x 200 mm<\/li>\n<li>katuse pindala 20 m\u00b2 ja kalle 8\u00ba, eesr\u00e4\u00e4stas 50 cm<\/li>\n<li>punnsoonega p\u00f5randa- ja katuselauad 19 mm<\/li>\n<li><strong>silinderlukuga voldikuks pakettklaasiga<\/strong> 263 x 184 cm (tellitav ka kallima liuguksega, k\u00fcsi hinda)<\/li>\n<li>madal metalliga kaetud l\u00e4vepakk, silinderlukk, liimpuidust ukseleng kummitihendiga, pakettklaas<\/li>\n<li>tellitav puidukaitsevahendisse kastetuna +900\u20ac (pruun, hall v\u00f5i valkjas)<strong><img decoding=\"async\" class=\"\" src=\"https:\/\/www.palmako.ee\/sites\/default\/files\/styles\/product_list_item\/public\/2020-06\/BNDIP.jpg?itok=_LQkkeHM\" width=\"66\" height=\"66\" \/><img decoding=\"async\" class=\"\" src=\"https:\/\/www.palmako.ee\/sites\/default\/files\/styles\/product_list_item\/public\/2020-06\/GYDIP.jpg?itok=RrYf7KTV\" width=\"66\" height=\"66\" \/><img decoding=\"async\" class=\"\" src=\"https:\/\/www.palmako.ee\/sites\/default\/files\/styles\/product_list_item\/public\/2020-06\/WTDIP.jpg?itok=D9U46coI\" width=\"65\" height=\"65\" \/> <\/strong>v\u00f5i v\u00e4ljast v\u00e4rvituna +1700\u20ac(hele- v\u00f5i tumehall sein mustade v\u00f5i valgete liistudega), tellimisaeg 2-4 n\u00e4dalat pikem<\/li>\n<li>katusekate ei sisaldu hinnas(tarve 5 rulli SBS-bituumenkatet v\u00f5i iseliimuvat EPDM-kummikatet 1,5 x 10 m 2 rulli)<\/li>\n<li>5-aastane tehase garantii<\/li>\n<li>kinnitusvahendid, paigaldusjuhend<\/li>\n<li>Eesti toode<\/li>\n<li>ilmastikukindel pakend<\/li>\n<\/ul>\n<p>K\u00fcsi ka paigaldust!<\/p>\n<\/div>\n<\/div>\n<\/div>\n<\/div>\n<div id=\"product_comments_block_extra\" class=\"no-print\"><\/div>\n","protected":false},"featured_media":87592,"template":"","meta":{"_monsterinsights_skip_tracking":false,"_monsterinsights_sitenote_active":false,"_monsterinsights_sitenote_note":"","_monsterinsights_sitenote_category":0},"pwb-brand":[],"product_brand":[],"product_cat":[17182,13592,13540,13596,13608],"product_tag":[13913,13970,14310,15409,13813,15410,15445,13832,13899],"class_list":{"0":"post-67842","1":"product","2":"type-product","3":"status-publish","4":"has-post-thumbnail","6":"product_cat-suvekoogid-alekeskus","7":"product_cat-aia-ja-grillmajad","8":"product_cat-hooned-alekeskus","9":"product_cat-varjualused-talveaiad-alekeskus","10":"product_cat-kontorid","11":"product_tag-vierasmaja","12":"product_tag-suvila","13":"product_tag-kodukontor","14":"product_tag-summer-house","15":"product_tag-aiamaja","16":"product_tag-cottage","17":"product_tag-ines","18":"product_tag-kesakeittio","19":"product_tag-garden-house","20":"product_shipping_class-tasuta-transport-alates-1000kg","21":"pa_garantii-5-aastat","22":"pa_kohaletoimetamine-tasuta-mandri-eestis-ja-suursaartel-soome-alates-699e","23":"pa_laoasukoht-tartumaa","24":"pa_pindalam-15327","25":"pa_seinapaksus-17405","26":"pa_tellimisaeg-tilausaika-alekeskus","27":"pa_varv-pruunikas-puidukaitse","28":"pa_varv-hallikas-puidukaitse","29":"pa_varv-valkjas-puidukaitse","30":"pa_varv-viimistlemata","31":"pa_veame-eesti-ja-soome","33":"first","34":"instock","35":"taxable","36":"shipping-taxable","37":"purchasable","38":"product-type-variable","39":"has-default-attributes"},"yoast_head":"<!-- This site is optimized with the Yoast SEO plugin v27.3 - https:\/\/yoast.com\/product\/yoast-seo-wordpress\/ -->\n<title>Aiamaja Inessa 13,7 m\u00b2 voldikuksega - Alekeskus<\/title>\n<meta name=\"description\" content=\"aiamaja voldikustega\" \/>\n<meta name=\"robots\" content=\"index, follow, max-snippet:-1, max-image-preview:large, max-video-preview:-1\" \/>\n<link rel=\"canonical\" href=\"https:\/\/alekeskus.eu\/et\/toode\/aiamaja-inessa137m-alekeskus\/\" \/>\n<meta property=\"og:locale\" content=\"et_EE\" \/>\n<meta property=\"og:type\" content=\"article\" \/>\n<meta property=\"og:title\" content=\"Aiamaja Inessa 13,7 m\u00b2 voldikuksega - Alekeskus\" \/>\n<meta property=\"og:description\" content=\"aiamaja voldikustega\" \/>\n<meta property=\"og:url\" content=\"https:\/\/alekeskus.eu\/et\/toode\/aiamaja-inessa137m-alekeskus\/\" \/>\n<meta property=\"og:site_name\" content=\"Alekeskus\" \/>\n<meta property=\"article:modified_time\" content=\"2026-01-21T17:47:13+00:00\" \/>\n<meta property=\"og:image\" content=\"https:\/\/alekeskus.eu\/wp-content\/uploads\/2022\/06\/Ines_13.7_Bifold_PNT7042W2.jpg\" \/>\n\t<meta property=\"og:image:width\" content=\"1600\" \/>\n\t<meta property=\"og:image:height\" content=\"1200\" \/>\n\t<meta property=\"og:image:type\" content=\"image\/jpeg\" \/>\n<meta name=\"twitter:card\" content=\"summary_large_image\" \/>\n<meta name=\"twitter:label1\" content=\"Est. reading time\" \/>\n\t<meta name=\"twitter:data1\" content=\"1 minut\" \/>\n<script type=\"application\/ld+json\" class=\"yoast-schema-graph\">{\"@context\":\"https:\\\/\\\/schema.org\",\"@graph\":[{\"@type\":\"WebPage\",\"@id\":\"https:\\\/\\\/alekeskus.eu\\\/et\\\/toode\\\/aiamaja-inessa137m-alekeskus\\\/\",\"url\":\"https:\\\/\\\/alekeskus.eu\\\/et\\\/toode\\\/aiamaja-inessa137m-alekeskus\\\/\",\"name\":\"Aiamaja Inessa 13,7 m\u00b2 voldikuksega - Alekeskus\",\"isPartOf\":{\"@id\":\"https:\\\/\\\/alekeskus.eu\\\/#website\"},\"primaryImageOfPage\":{\"@id\":\"https:\\\/\\\/alekeskus.eu\\\/et\\\/toode\\\/aiamaja-inessa137m-alekeskus\\\/#primaryimage\"},\"image\":{\"@id\":\"https:\\\/\\\/alekeskus.eu\\\/et\\\/toode\\\/aiamaja-inessa137m-alekeskus\\\/#primaryimage\"},\"thumbnailUrl\":\"https:\\\/\\\/alekeskus.eu\\\/wp-content\\\/uploads\\\/2022\\\/06\\\/Ines_13.7_Bifold_PNT7042W2.jpg\",\"datePublished\":\"2024-06-11T22:45:31+00:00\",\"dateModified\":\"2026-01-21T17:47:13+00:00\",\"description\":\"aiamaja voldikustega\",\"breadcrumb\":{\"@id\":\"https:\\\/\\\/alekeskus.eu\\\/et\\\/toode\\\/aiamaja-inessa137m-alekeskus\\\/#breadcrumb\"},\"inLanguage\":\"et\",\"potentialAction\":[{\"@type\":\"ReadAction\",\"target\":[\"https:\\\/\\\/alekeskus.eu\\\/et\\\/toode\\\/aiamaja-inessa137m-alekeskus\\\/\"]}]},{\"@type\":\"ImageObject\",\"inLanguage\":\"et\",\"@id\":\"https:\\\/\\\/alekeskus.eu\\\/et\\\/toode\\\/aiamaja-inessa137m-alekeskus\\\/#primaryimage\",\"url\":\"https:\\\/\\\/alekeskus.eu\\\/wp-content\\\/uploads\\\/2022\\\/06\\\/Ines_13.7_Bifold_PNT7042W2.jpg\",\"contentUrl\":\"https:\\\/\\\/alekeskus.eu\\\/wp-content\\\/uploads\\\/2022\\\/06\\\/Ines_13.7_Bifold_PNT7042W2.jpg\",\"width\":1600,\"height\":1200},{\"@type\":\"BreadcrumbList\",\"@id\":\"https:\\\/\\\/alekeskus.eu\\\/et\\\/toode\\\/aiamaja-inessa137m-alekeskus\\\/#breadcrumb\",\"itemListElement\":[{\"@type\":\"ListItem\",\"position\":1,\"name\":\"Avaleht\",\"item\":\"https:\\\/\\\/alekeskus.eu\\\/et\\\/\"},{\"@type\":\"ListItem\",\"position\":2,\"name\":\"Pood\",\"item\":\"https:\\\/\\\/alekeskus.eu\\\/pood\\\/\"},{\"@type\":\"ListItem\",\"position\":3,\"name\":\"Aiamaja Inessa 13,7 m\u00b2 voldikuksega\"}]},{\"@type\":\"WebSite\",\"@id\":\"https:\\\/\\\/alekeskus.eu\\\/#website\",\"url\":\"https:\\\/\\\/alekeskus.eu\\\/\",\"name\":\"Alekeskus\",\"description\":\"Alekeskus.eu\",\"potentialAction\":[{\"@type\":\"SearchAction\",\"target\":{\"@type\":\"EntryPoint\",\"urlTemplate\":\"https:\\\/\\\/alekeskus.eu\\\/?s={search_term_string}\"},\"query-input\":{\"@type\":\"PropertyValueSpecification\",\"valueRequired\":true,\"valueName\":\"search_term_string\"}}],\"inLanguage\":\"et\"}]}<\/script>\n<!-- \/ Yoast SEO plugin. -->","yoast_head_json":{"title":"Aiamaja Inessa 13,7 m\u00b2 voldikuksega - Alekeskus","description":"aiamaja voldikustega","robots":{"index":"index","follow":"follow","max-snippet":"max-snippet:-1","max-image-preview":"max-image-preview:large","max-video-preview":"max-video-preview:-1"},"canonical":"https:\/\/alekeskus.eu\/et\/toode\/aiamaja-inessa137m-alekeskus\/","og_locale":"et_EE","og_type":"article","og_title":"Aiamaja Inessa 13,7 m\u00b2 voldikuksega - Alekeskus","og_description":"aiamaja voldikustega","og_url":"https:\/\/alekeskus.eu\/et\/toode\/aiamaja-inessa137m-alekeskus\/","og_site_name":"Alekeskus","article_modified_time":"2026-01-21T17:47:13+00:00","og_image":[{"width":1600,"height":1200,"url":"https:\/\/alekeskus.eu\/wp-content\/uploads\/2022\/06\/Ines_13.7_Bifold_PNT7042W2.jpg","type":"image\/jpeg"}],"twitter_card":"summary_large_image","twitter_misc":{"Est. reading time":"1 minut"},"schema":{"@context":"https:\/\/schema.org","@graph":[{"@type":"WebPage","@id":"https:\/\/alekeskus.eu\/et\/toode\/aiamaja-inessa137m-alekeskus\/","url":"https:\/\/alekeskus.eu\/et\/toode\/aiamaja-inessa137m-alekeskus\/","name":"Aiamaja Inessa 13,7 m\u00b2 voldikuksega - Alekeskus","isPartOf":{"@id":"https:\/\/alekeskus.eu\/#website"},"primaryImageOfPage":{"@id":"https:\/\/alekeskus.eu\/et\/toode\/aiamaja-inessa137m-alekeskus\/#primaryimage"},"image":{"@id":"https:\/\/alekeskus.eu\/et\/toode\/aiamaja-inessa137m-alekeskus\/#primaryimage"},"thumbnailUrl":"https:\/\/alekeskus.eu\/wp-content\/uploads\/2022\/06\/Ines_13.7_Bifold_PNT7042W2.jpg","datePublished":"2024-06-11T22:45:31+00:00","dateModified":"2026-01-21T17:47:13+00:00","description":"aiamaja voldikustega","breadcrumb":{"@id":"https:\/\/alekeskus.eu\/et\/toode\/aiamaja-inessa137m-alekeskus\/#breadcrumb"},"inLanguage":"et","potentialAction":[{"@type":"ReadAction","target":["https:\/\/alekeskus.eu\/et\/toode\/aiamaja-inessa137m-alekeskus\/"]}]},{"@type":"ImageObject","inLanguage":"et","@id":"https:\/\/alekeskus.eu\/et\/toode\/aiamaja-inessa137m-alekeskus\/#primaryimage","url":"https:\/\/alekeskus.eu\/wp-content\/uploads\/2022\/06\/Ines_13.7_Bifold_PNT7042W2.jpg","contentUrl":"https:\/\/alekeskus.eu\/wp-content\/uploads\/2022\/06\/Ines_13.7_Bifold_PNT7042W2.jpg","width":1600,"height":1200},{"@type":"BreadcrumbList","@id":"https:\/\/alekeskus.eu\/et\/toode\/aiamaja-inessa137m-alekeskus\/#breadcrumb","itemListElement":[{"@type":"ListItem","position":1,"name":"Avaleht","item":"https:\/\/alekeskus.eu\/et\/"},{"@type":"ListItem","position":2,"name":"Pood","item":"https:\/\/alekeskus.eu\/pood\/"},{"@type":"ListItem","position":3,"name":"Aiamaja Inessa 13,7 m\u00b2 voldikuksega"}]},{"@type":"WebSite","@id":"https:\/\/alekeskus.eu\/#website","url":"https:\/\/alekeskus.eu\/","name":"Alekeskus","description":"Alekeskus.eu","potentialAction":[{"@type":"SearchAction","target":{"@type":"EntryPoint","urlTemplate":"https:\/\/alekeskus.eu\/?s={search_term_string}"},"query-input":{"@type":"PropertyValueSpecification","valueRequired":true,"valueName":"search_term_string"}}],"inLanguage":"et"}]}},"brands":[],"_links":{"self":[{"href":"https:\/\/alekeskus.eu\/et\/wp-json\/wp\/v2\/product\/67842","targetHints":{"allow":["GET"]}}],"collection":[{"href":"https:\/\/alekeskus.eu\/et\/wp-json\/wp\/v2\/product"}],"about":[{"href":"https:\/\/alekeskus.eu\/et\/wp-json\/wp\/v2\/types\/product"}],"wp:featuredmedia":[{"embeddable":true,"href":"https:\/\/alekeskus.eu\/et\/wp-json\/wp\/v2\/media\/87592"}],"wp:attachment":[{"href":"https:\/\/alekeskus.eu\/et\/wp-json\/wp\/v2\/media?parent=67842"}],"wp:term":[{"taxonomy":"pwb-brand","embeddable":true,"href":"https:\/\/alekeskus.eu\/et\/wp-json\/wp\/v2\/pwb-brand?post=67842"},{"taxonomy":"product_brand","embeddable":true,"href":"https:\/\/alekeskus.eu\/et\/wp-json\/wp\/v2\/product_brand?post=67842"},{"taxonomy":"product_cat","embeddable":true,"href":"https:\/\/alekeskus.eu\/et\/wp-json\/wp\/v2\/product_cat?post=67842"},{"taxonomy":"product_tag","embeddable":true,"href":"https:\/\/alekeskus.eu\/et\/wp-json\/wp\/v2\/product_tag?post=67842"}],"curies":[{"name":"wp","href":"https:\/\/api.w.org\/{rel}","templated":true}]}}