{"id":67966,"date":"2025-11-11T22:46:23","date_gmt":"2025-11-11T22:46:23","guid":{"rendered":"http:\/\/alekeskus.eu\/product\/aiamaja-lotta-139m%c2%b2\/"},"modified":"2026-02-14T17:26:42","modified_gmt":"2026-02-14T17:26:42","slug":"aiamaja-lotta-139m-alekeskus","status":"publish","type":"product","link":"https:\/\/alekeskus.eu\/et\/toode\/aiamaja-lotta-139m-alekeskus\/","title":{"rendered":"Aiamaja Lotta 13,9 m\u00b2"},"content":{"rendered":"<div class=\"pictogram qtip-additional-element\">\n<div class=\"image\">\n<p><strong>Telli juurde:<\/strong><\/p>\n<p><strong>&#8211; bituumensindel 8 pakki\u00a0<\/strong><\/p>\n<p><strong>&#8211; ajutine <\/strong><strong>katusepapp 3 rulli <\/strong><\/p>\n<p><strong>&#8211; SBS-bituumenkate 3 rulli<\/strong><\/p>\n<p><strong>&#8211; p\u00f5randalauad 19mm, liistud ja alusprussid\u00a0<\/strong><\/p>\n<p>&#8211;\u00a0<strong>puidukaitsevahendisse kastmine: pruun<strong>, hall, valge<\/strong><\/strong><\/p>\n<p><strong><strong>&#8211; v\u00e4ljast v\u00e4rvituna(4 v\u00e4rvilahendust) \u00a0<\/strong><\/strong><\/p>\n<\/div>\n<\/div>\n<div class=\"pictogram qtip-additional-element\">\n<div class=\"description\">Pakend: 4,5&#215;1,2&#215;0,5m,\u00a0 kaal 820 kg<\/div>\n<\/div>\n<div class=\"clearfix\"><\/div>\n<div class=\"pictogram qtip-additional-element\"><\/div>\n","protected":false},"excerpt":{"rendered":"<p>V\u00e4lism\u00f5\u00f5dud: <strong>3,8 x 3,8 m<\/strong>.<\/p>\n<p><strong>TASUTA VEDU Eestis (ka suursaared)!\u00a0<\/strong><\/p>\n<ul>\n<li>tuuletapiga freespalk <strong>34\u00a0mm<\/strong>, tormikinnitused<\/li>\n<li>seina k\u00f5rgus 182 cm, harja k\u00f5rgus 245 cm<\/li>\n<li>punnsoonega katuselaudis 16 mm, katuse pindala 19 m\u00b2 ja kalle 19\u00ba; r\u00e4\u00e4stas ees 40 cm<\/li>\n<li>katusekate lisahinnaga(8 pk bituumensindlit v\u00f5i 3 rullkatet)<\/li>\n<li>p\u00f5randat ei ole (maja on algselt v\u00e4lja t\u00f6\u00f6tatud Prantsuse turu tarbeks ja prantslased eelistavad tihtipeale puidust p\u00f5randa asemel kasutada n\u00e4iteks kivist plaate).<\/li>\n<li>silinderlukuga klaasitud paarisuks(ava 151 x 175 cm), liimpuidust ukseleng, madal metalliga kaetud l\u00e4vepakk<\/li>\n<li>tellitav puidukaitsevahendisse kastetuna +700\u20ac (pruun, hall v\u00f5i valkjas)<strong><img decoding=\"async\" class=\"\" src=\"https:\/\/www.palmako.ee\/sites\/default\/files\/styles\/product_list_item\/public\/2020-06\/BNDIP.jpg?itok=_LQkkeHM\" width=\"66\" height=\"66\" \/><img decoding=\"async\" class=\"\" src=\"https:\/\/www.palmako.ee\/sites\/default\/files\/styles\/product_list_item\/public\/2020-06\/GYDIP.jpg?itok=RrYf7KTV\" width=\"66\" height=\"66\" \/><img decoding=\"async\" class=\"\" src=\"https:\/\/www.palmako.ee\/sites\/default\/files\/styles\/product_list_item\/public\/2020-06\/WTDIP.jpg?itok=D9U46coI\" width=\"67\" height=\"67\" \/> <\/strong>v\u00f5i v\u00e4ljast v\u00e4rvituna(4 v\u00e4rvilahendust) +1300\u20ac, tellimisaeg 2-4 n\u00e4dalat pikem<\/li>\n<li>kinnitusvahendid ja koostejuhend<\/li>\n<li>5-aastane tehase garantii<\/li>\n<li>Eesti toode<\/li>\n<li>vihmakindel pakend<\/li>\n<\/ul>\n<p>K\u00fcsi meilt ka paigaldust!<\/p>\n","protected":false},"featured_media":98596,"template":"","meta":{"_monsterinsights_skip_tracking":false,"_monsterinsights_sitenote_active":false,"_monsterinsights_sitenote_note":"","_monsterinsights_sitenote_category":0},"pwb-brand":[],"product_brand":[],"product_cat":[17182,13538,13592,13540,13600],"product_tag":[13983,13813,14264,17936,13815,14265,13817,14277,13831,15706,15842,13899,13978,17443],"class_list":{"0":"post-67966","1":"product","2":"type-product","3":"status-publish","4":"has-post-thumbnail","6":"product_cat-suvekoogid-alekeskus","7":"product_cat-ale","8":"product_cat-aia-ja-grillmajad","9":"product_cat-hooned-alekeskus","10":"product_cat-kuurid-aidad-kioskid","11":"product_tag-piharakennus","12":"product_tag-aiamaja","13":"product_tag-aiakuur","14":"product_tag-pihavarasto","15":"product_tag-kuur","16":"product_tag-pihavaja","17":"product_tag-maja","18":"product_tag-freespalk","19":"product_tag-mokki","20":"product_tag-abihoone","21":"product_tag-tooriistakuur","22":"product_tag-garden-house","23":"product_tag-huvila","24":"product_tag-tyokaluvaja","25":"product_shipping_class-tasuta-transport-alates-1000kg","26":"pa_garantii-5-aastat","27":"pa_kohaletoimetamine-tasuta-mandri-eestis-ja-suursaartel-soome-alates-699e","28":"pa_laoasukoht-tartumaa","29":"pa_pindalam-14216","30":"pa_seinapaksus-34-mm","31":"pa_tellimisaeg-tilausaika-alekeskus","32":"pa_varv-tumehall-sein-mustad-avataited-ja-liistud","33":"pa_varv-helehall-sein-mustad-avataited-ja-liistud","34":"pa_varv-helehall-sein-valged-avataited-liistud","35":"pa_varv-viimistlemata","36":"pa_varv-tumehall-sein-valged-avataited-ja-liistud-alekeskus","37":"pa_varv-pruunikas-puidukaitse","38":"pa_varv-hallikas-puidukaitse","39":"pa_varv-valkjas-puidukaitse","40":"pa_veame-eesti-ja-soome","42":"first","43":"instock","44":"sale","45":"featured","46":"taxable","47":"shipping-taxable","48":"purchasable","49":"product-type-variable","50":"has-default-attributes"},"yoast_head":"<!-- This site is optimized with the Yoast SEO plugin v27.3 - https:\/\/yoast.com\/product\/yoast-seo-wordpress\/ -->\n<title>Aiamaja Lotta 13,9 m\u00b2 - Alekeskus<\/title>\n<meta name=\"description\" content=\"34mm freespalgist aiamaja Lotta\" \/>\n<meta name=\"robots\" content=\"index, follow, max-snippet:-1, max-image-preview:large, max-video-preview:-1\" \/>\n<link rel=\"canonical\" href=\"https:\/\/alekeskus.eu\/et\/toode\/aiamaja-lotta-139m-alekeskus\/\" \/>\n<meta property=\"og:locale\" content=\"et_EE\" \/>\n<meta property=\"og:type\" content=\"article\" \/>\n<meta property=\"og:title\" content=\"Aiamaja Lotta 13,9 m\u00b2 - Alekeskus\" \/>\n<meta property=\"og:description\" content=\"34mm freespalgist aiamaja Lotta\" \/>\n<meta property=\"og:url\" content=\"https:\/\/alekeskus.eu\/et\/toode\/aiamaja-lotta-139m-alekeskus\/\" \/>\n<meta property=\"og:site_name\" content=\"Alekeskus\" \/>\n<meta property=\"article:modified_time\" content=\"2026-02-14T17:26:42+00:00\" \/>\n<meta property=\"og:image\" content=\"https:\/\/alekeskus.eu\/wp-content\/uploads\/2023\/11\/Lotta_13.9_m2_NATURAL_wb.jpg\" \/>\n\t<meta property=\"og:image:width\" content=\"2500\" \/>\n\t<meta property=\"og:image:height\" content=\"1875\" \/>\n\t<meta property=\"og:image:type\" content=\"image\/jpeg\" \/>\n<meta name=\"twitter:card\" content=\"summary_large_image\" \/>\n<meta name=\"twitter:label1\" content=\"Est. reading time\" \/>\n\t<meta name=\"twitter:data1\" content=\"1 minut\" \/>\n<script type=\"application\/ld+json\" class=\"yoast-schema-graph\">{\"@context\":\"https:\\\/\\\/schema.org\",\"@graph\":[{\"@type\":\"WebPage\",\"@id\":\"https:\\\/\\\/alekeskus.eu\\\/et\\\/toode\\\/aiamaja-lotta-139m-alekeskus\\\/\",\"url\":\"https:\\\/\\\/alekeskus.eu\\\/et\\\/toode\\\/aiamaja-lotta-139m-alekeskus\\\/\",\"name\":\"Aiamaja Lotta 13,9 m\u00b2 - Alekeskus\",\"isPartOf\":{\"@id\":\"https:\\\/\\\/alekeskus.eu\\\/#website\"},\"primaryImageOfPage\":{\"@id\":\"https:\\\/\\\/alekeskus.eu\\\/et\\\/toode\\\/aiamaja-lotta-139m-alekeskus\\\/#primaryimage\"},\"image\":{\"@id\":\"https:\\\/\\\/alekeskus.eu\\\/et\\\/toode\\\/aiamaja-lotta-139m-alekeskus\\\/#primaryimage\"},\"thumbnailUrl\":\"https:\\\/\\\/alekeskus.eu\\\/wp-content\\\/uploads\\\/2023\\\/11\\\/Lotta_13.9_m2_NATURAL_wb.jpg\",\"datePublished\":\"2025-11-11T22:46:23+00:00\",\"dateModified\":\"2026-02-14T17:26:42+00:00\",\"description\":\"34mm freespalgist aiamaja Lotta\",\"breadcrumb\":{\"@id\":\"https:\\\/\\\/alekeskus.eu\\\/et\\\/toode\\\/aiamaja-lotta-139m-alekeskus\\\/#breadcrumb\"},\"inLanguage\":\"et\",\"potentialAction\":[{\"@type\":\"ReadAction\",\"target\":[\"https:\\\/\\\/alekeskus.eu\\\/et\\\/toode\\\/aiamaja-lotta-139m-alekeskus\\\/\"]}]},{\"@type\":\"ImageObject\",\"inLanguage\":\"et\",\"@id\":\"https:\\\/\\\/alekeskus.eu\\\/et\\\/toode\\\/aiamaja-lotta-139m-alekeskus\\\/#primaryimage\",\"url\":\"https:\\\/\\\/alekeskus.eu\\\/wp-content\\\/uploads\\\/2023\\\/11\\\/Lotta_13.9_m2_NATURAL_wb.jpg\",\"contentUrl\":\"https:\\\/\\\/alekeskus.eu\\\/wp-content\\\/uploads\\\/2023\\\/11\\\/Lotta_13.9_m2_NATURAL_wb.jpg\",\"width\":2500,\"height\":1875},{\"@type\":\"BreadcrumbList\",\"@id\":\"https:\\\/\\\/alekeskus.eu\\\/et\\\/toode\\\/aiamaja-lotta-139m-alekeskus\\\/#breadcrumb\",\"itemListElement\":[{\"@type\":\"ListItem\",\"position\":1,\"name\":\"Avaleht\",\"item\":\"https:\\\/\\\/alekeskus.eu\\\/et\\\/\"},{\"@type\":\"ListItem\",\"position\":2,\"name\":\"Pood\",\"item\":\"https:\\\/\\\/alekeskus.eu\\\/pood\\\/\"},{\"@type\":\"ListItem\",\"position\":3,\"name\":\"Aiamaja Lotta 13,9 m\u00b2\"}]},{\"@type\":\"WebSite\",\"@id\":\"https:\\\/\\\/alekeskus.eu\\\/#website\",\"url\":\"https:\\\/\\\/alekeskus.eu\\\/\",\"name\":\"Alekeskus\",\"description\":\"Alekeskus.eu\",\"potentialAction\":[{\"@type\":\"SearchAction\",\"target\":{\"@type\":\"EntryPoint\",\"urlTemplate\":\"https:\\\/\\\/alekeskus.eu\\\/?s={search_term_string}\"},\"query-input\":{\"@type\":\"PropertyValueSpecification\",\"valueRequired\":true,\"valueName\":\"search_term_string\"}}],\"inLanguage\":\"et\"}]}<\/script>\n<!-- \/ Yoast SEO plugin. -->","yoast_head_json":{"title":"Aiamaja Lotta 13,9 m\u00b2 - Alekeskus","description":"34mm freespalgist aiamaja Lotta","robots":{"index":"index","follow":"follow","max-snippet":"max-snippet:-1","max-image-preview":"max-image-preview:large","max-video-preview":"max-video-preview:-1"},"canonical":"https:\/\/alekeskus.eu\/et\/toode\/aiamaja-lotta-139m-alekeskus\/","og_locale":"et_EE","og_type":"article","og_title":"Aiamaja Lotta 13,9 m\u00b2 - Alekeskus","og_description":"34mm freespalgist aiamaja Lotta","og_url":"https:\/\/alekeskus.eu\/et\/toode\/aiamaja-lotta-139m-alekeskus\/","og_site_name":"Alekeskus","article_modified_time":"2026-02-14T17:26:42+00:00","og_image":[{"width":2500,"height":1875,"url":"https:\/\/alekeskus.eu\/wp-content\/uploads\/2023\/11\/Lotta_13.9_m2_NATURAL_wb.jpg","type":"image\/jpeg"}],"twitter_card":"summary_large_image","twitter_misc":{"Est. reading time":"1 minut"},"schema":{"@context":"https:\/\/schema.org","@graph":[{"@type":"WebPage","@id":"https:\/\/alekeskus.eu\/et\/toode\/aiamaja-lotta-139m-alekeskus\/","url":"https:\/\/alekeskus.eu\/et\/toode\/aiamaja-lotta-139m-alekeskus\/","name":"Aiamaja Lotta 13,9 m\u00b2 - Alekeskus","isPartOf":{"@id":"https:\/\/alekeskus.eu\/#website"},"primaryImageOfPage":{"@id":"https:\/\/alekeskus.eu\/et\/toode\/aiamaja-lotta-139m-alekeskus\/#primaryimage"},"image":{"@id":"https:\/\/alekeskus.eu\/et\/toode\/aiamaja-lotta-139m-alekeskus\/#primaryimage"},"thumbnailUrl":"https:\/\/alekeskus.eu\/wp-content\/uploads\/2023\/11\/Lotta_13.9_m2_NATURAL_wb.jpg","datePublished":"2025-11-11T22:46:23+00:00","dateModified":"2026-02-14T17:26:42+00:00","description":"34mm freespalgist aiamaja Lotta","breadcrumb":{"@id":"https:\/\/alekeskus.eu\/et\/toode\/aiamaja-lotta-139m-alekeskus\/#breadcrumb"},"inLanguage":"et","potentialAction":[{"@type":"ReadAction","target":["https:\/\/alekeskus.eu\/et\/toode\/aiamaja-lotta-139m-alekeskus\/"]}]},{"@type":"ImageObject","inLanguage":"et","@id":"https:\/\/alekeskus.eu\/et\/toode\/aiamaja-lotta-139m-alekeskus\/#primaryimage","url":"https:\/\/alekeskus.eu\/wp-content\/uploads\/2023\/11\/Lotta_13.9_m2_NATURAL_wb.jpg","contentUrl":"https:\/\/alekeskus.eu\/wp-content\/uploads\/2023\/11\/Lotta_13.9_m2_NATURAL_wb.jpg","width":2500,"height":1875},{"@type":"BreadcrumbList","@id":"https:\/\/alekeskus.eu\/et\/toode\/aiamaja-lotta-139m-alekeskus\/#breadcrumb","itemListElement":[{"@type":"ListItem","position":1,"name":"Avaleht","item":"https:\/\/alekeskus.eu\/et\/"},{"@type":"ListItem","position":2,"name":"Pood","item":"https:\/\/alekeskus.eu\/pood\/"},{"@type":"ListItem","position":3,"name":"Aiamaja Lotta 13,9 m\u00b2"}]},{"@type":"WebSite","@id":"https:\/\/alekeskus.eu\/#website","url":"https:\/\/alekeskus.eu\/","name":"Alekeskus","description":"Alekeskus.eu","potentialAction":[{"@type":"SearchAction","target":{"@type":"EntryPoint","urlTemplate":"https:\/\/alekeskus.eu\/?s={search_term_string}"},"query-input":{"@type":"PropertyValueSpecification","valueRequired":true,"valueName":"search_term_string"}}],"inLanguage":"et"}]}},"brands":[],"_links":{"self":[{"href":"https:\/\/alekeskus.eu\/et\/wp-json\/wp\/v2\/product\/67966","targetHints":{"allow":["GET"]}}],"collection":[{"href":"https:\/\/alekeskus.eu\/et\/wp-json\/wp\/v2\/product"}],"about":[{"href":"https:\/\/alekeskus.eu\/et\/wp-json\/wp\/v2\/types\/product"}],"wp:featuredmedia":[{"embeddable":true,"href":"https:\/\/alekeskus.eu\/et\/wp-json\/wp\/v2\/media\/98596"}],"wp:attachment":[{"href":"https:\/\/alekeskus.eu\/et\/wp-json\/wp\/v2\/media?parent=67966"}],"wp:term":[{"taxonomy":"pwb-brand","embeddable":true,"href":"https:\/\/alekeskus.eu\/et\/wp-json\/wp\/v2\/pwb-brand?post=67966"},{"taxonomy":"product_brand","embeddable":true,"href":"https:\/\/alekeskus.eu\/et\/wp-json\/wp\/v2\/product_brand?post=67966"},{"taxonomy":"product_cat","embeddable":true,"href":"https:\/\/alekeskus.eu\/et\/wp-json\/wp\/v2\/product_cat?post=67966"},{"taxonomy":"product_tag","embeddable":true,"href":"https:\/\/alekeskus.eu\/et\/wp-json\/wp\/v2\/product_tag?post=67966"}],"curies":[{"name":"wp","href":"https:\/\/api.w.org\/{rel}","templated":true}]}}