{"id":68102,"date":"2025-11-11T22:47:33","date_gmt":"2025-11-11T22:47:33","guid":{"rendered":"http:\/\/alekeskus.eu\/product\/aiamaja-vels5-199m%c2%b2-kohe-saadaval\/"},"modified":"2026-03-03T13:36:07","modified_gmt":"2026-03-03T13:36:07","slug":"aiamaja-vels5-199-alekeskus","status":"publish","type":"product","link":"https:\/\/alekeskus.eu\/et\/toode\/aiamaja-vels5-199-alekeskus\/","title":{"rendered":"Aiamaja Vels5 19,9 m\u00b2"},"content":{"rendered":"","protected":false},"excerpt":{"rendered":"<p>V\u00e4lism\u00f5\u00f5dud: <strong>5,1\u00a0x 4,0 m.\u00a0<\/strong>Harja k\u00f5rgus<strong>\u00a0245 cm.\u00a0\u00a0<\/strong><\/p>\n<ul>\n<li>tuuletapiga freespalk <strong>28 mm<\/strong> tormitugevdustega<\/li>\n<li>punnitud p\u00f5randa- ja katuselauad 15 x 90 mm<\/li>\n<li>s\u00fcgavimmutatud alustalad 45 x 45 mm<\/li>\n<li>liimpuidust ukseleng, metalliga kaetud l\u00e4vepakk, silinderlukk, ukse m\u00f5\u00f5dud 149 x 185 cm<\/li>\n<li>2 akent 69 x 88 cm<\/li>\n<li>kinnitusvahendid ja juhend<\/li>\n<li>lisahinnaga: 4 rulli katusepappi\/SBS-bituumenkatet v\u00f5i bituumensindlit 9 pakki<\/li>\n<li>tellitav v\u00e4ljast v\u00e4rvituna +1300\u20ac(hele-ja tumehall, punane v\u00f5i roheline; avat\u00e4ited-liistud \u00fcleni valged; loe alt kirjeldust, tellimisaeg 3-4 n\u00e4dalat pikem)<\/li>\n<li>tehase\u00a0garantii 5 a<strong>\u00a0<\/strong><\/li>\n<li>Eesti toode<\/li>\n<li>ilmastikukindel pakend<\/li>\n<\/ul>\n<p>Vedu mandri Eestis tellijapoolse mahalaadimisega 180\u20ac v\u00f5i kraana-autoga 350\u20ac(suursaartele vastavalt 280\u20ac ja 590\u20ac).<\/p>\n<p>K\u00fcsi ka paigaldust!<\/p>\n","protected":false},"featured_media":76878,"template":"","meta":{"_monsterinsights_skip_tracking":false,"_monsterinsights_sitenote_active":false,"_monsterinsights_sitenote_note":"","_monsterinsights_sitenote_category":0},"pwb-brand":[],"product_brand":[],"product_cat":[17182,13538,13592,13540,13600],"product_tag":[13864,13913,14252,17936,14264,14277,15463,13813,15516],"class_list":{"0":"post-68102","1":"product","2":"type-product","3":"status-publish","4":"has-post-thumbnail","6":"product_cat-suvekoogid-alekeskus","7":"product_cat-ale","8":"product_cat-aia-ja-grillmajad","9":"product_cat-hooned-alekeskus","10":"product_cat-kuurid-aidad-kioskid","11":"product_tag-huvimaja","12":"product_tag-vierasmaja","13":"product_tag-suvemaja","14":"product_tag-pihavarasto","15":"product_tag-aiakuur","16":"product_tag-freespalk","17":"product_tag-soodusmaja","18":"product_tag-aiamaja","19":"product_tag-suvekook","20":"product_shipping_class-alates-1000kg","21":"pa_garantii-5-aastat","22":"pa_kohaletoimetamine-alates-180e","23":"pa_laoasukoht-tartumaa","24":"pa_pindalam-15465","25":"pa_seinapaksus-28-mm","26":"pa_tellimisaeg-tilausaika-alekeskus","27":"pa_varv-roheline","28":"pa_varv-punane","29":"pa_varv-viimistlemata","30":"pa_varv-tumehall","31":"pa_varv-helehall","32":"pa_veame-eesti-ja-soome","34":"first","35":"instock","36":"sale","37":"featured","38":"taxable","39":"shipping-taxable","40":"purchasable","41":"product-type-variable","42":"has-default-attributes"},"yoast_head":"<!-- This site is optimized with the Yoast SEO plugin v27.3 - https:\/\/yoast.com\/product\/yoast-seo-wordpress\/ -->\n<title>Aiamaja Vels5 19,9 m\u00b2 - Alekeskus<\/title>\n<meta name=\"description\" content=\"Vels5 on hea hinnaga suur aiamaja paarisuksega ja p\u00f5randaga.\" \/>\n<meta name=\"robots\" content=\"index, follow, max-snippet:-1, max-image-preview:large, max-video-preview:-1\" \/>\n<link rel=\"canonical\" href=\"https:\/\/alekeskus.eu\/et\/toode\/aiamaja-vels5-199-alekeskus\/\" \/>\n<meta property=\"og:locale\" content=\"et_EE\" \/>\n<meta property=\"og:type\" content=\"article\" \/>\n<meta property=\"og:title\" content=\"Aiamaja Vels5 19,9 m\u00b2 - Alekeskus\" \/>\n<meta property=\"og:description\" content=\"Vels5 on hea hinnaga suur aiamaja paarisuksega ja p\u00f5randaga.\" \/>\n<meta property=\"og:url\" content=\"https:\/\/alekeskus.eu\/et\/toode\/aiamaja-vels5-199-alekeskus\/\" \/>\n<meta property=\"og:site_name\" content=\"Alekeskus\" \/>\n<meta property=\"article:modified_time\" content=\"2026-03-03T13:36:07+00:00\" \/>\n<meta property=\"og:image\" content=\"https:\/\/alekeskus.eu\/wp-content\/uploads\/2021\/11\/Wels5-loodus-scaled.jpg\" \/>\n\t<meta property=\"og:image:width\" content=\"1600\" \/>\n\t<meta property=\"og:image:height\" content=\"1067\" \/>\n\t<meta property=\"og:image:type\" content=\"image\/jpeg\" \/>\n<meta name=\"twitter:card\" content=\"summary_large_image\" \/>\n<meta name=\"twitter:label1\" content=\"Est. reading time\" \/>\n\t<meta name=\"twitter:data1\" content=\"1 minut\" \/>\n<script type=\"application\/ld+json\" class=\"yoast-schema-graph\">{\"@context\":\"https:\\\/\\\/schema.org\",\"@graph\":[{\"@type\":\"WebPage\",\"@id\":\"https:\\\/\\\/alekeskus.eu\\\/et\\\/toode\\\/aiamaja-vels5-199-alekeskus\\\/\",\"url\":\"https:\\\/\\\/alekeskus.eu\\\/et\\\/toode\\\/aiamaja-vels5-199-alekeskus\\\/\",\"name\":\"Aiamaja Vels5 19,9 m\u00b2 - Alekeskus\",\"isPartOf\":{\"@id\":\"https:\\\/\\\/alekeskus.eu\\\/#website\"},\"primaryImageOfPage\":{\"@id\":\"https:\\\/\\\/alekeskus.eu\\\/et\\\/toode\\\/aiamaja-vels5-199-alekeskus\\\/#primaryimage\"},\"image\":{\"@id\":\"https:\\\/\\\/alekeskus.eu\\\/et\\\/toode\\\/aiamaja-vels5-199-alekeskus\\\/#primaryimage\"},\"thumbnailUrl\":\"https:\\\/\\\/alekeskus.eu\\\/wp-content\\\/uploads\\\/2021\\\/11\\\/Wels5-loodus-scaled.jpg\",\"datePublished\":\"2025-11-11T22:47:33+00:00\",\"dateModified\":\"2026-03-03T13:36:07+00:00\",\"description\":\"Vels5 on hea hinnaga suur aiamaja paarisuksega ja p\u00f5randaga.\",\"breadcrumb\":{\"@id\":\"https:\\\/\\\/alekeskus.eu\\\/et\\\/toode\\\/aiamaja-vels5-199-alekeskus\\\/#breadcrumb\"},\"inLanguage\":\"et\",\"potentialAction\":[{\"@type\":\"ReadAction\",\"target\":[\"https:\\\/\\\/alekeskus.eu\\\/et\\\/toode\\\/aiamaja-vels5-199-alekeskus\\\/\"]}]},{\"@type\":\"ImageObject\",\"inLanguage\":\"et\",\"@id\":\"https:\\\/\\\/alekeskus.eu\\\/et\\\/toode\\\/aiamaja-vels5-199-alekeskus\\\/#primaryimage\",\"url\":\"https:\\\/\\\/alekeskus.eu\\\/wp-content\\\/uploads\\\/2021\\\/11\\\/Wels5-loodus-scaled.jpg\",\"contentUrl\":\"https:\\\/\\\/alekeskus.eu\\\/wp-content\\\/uploads\\\/2021\\\/11\\\/Wels5-loodus-scaled.jpg\",\"width\":1600,\"height\":1067},{\"@type\":\"BreadcrumbList\",\"@id\":\"https:\\\/\\\/alekeskus.eu\\\/et\\\/toode\\\/aiamaja-vels5-199-alekeskus\\\/#breadcrumb\",\"itemListElement\":[{\"@type\":\"ListItem\",\"position\":1,\"name\":\"Avaleht\",\"item\":\"https:\\\/\\\/alekeskus.eu\\\/et\\\/\"},{\"@type\":\"ListItem\",\"position\":2,\"name\":\"Pood\",\"item\":\"https:\\\/\\\/alekeskus.eu\\\/pood\\\/\"},{\"@type\":\"ListItem\",\"position\":3,\"name\":\"Aiamaja Vels5 19,9 m\u00b2\"}]},{\"@type\":\"WebSite\",\"@id\":\"https:\\\/\\\/alekeskus.eu\\\/#website\",\"url\":\"https:\\\/\\\/alekeskus.eu\\\/\",\"name\":\"Alekeskus\",\"description\":\"Alekeskus.eu\",\"potentialAction\":[{\"@type\":\"SearchAction\",\"target\":{\"@type\":\"EntryPoint\",\"urlTemplate\":\"https:\\\/\\\/alekeskus.eu\\\/?s={search_term_string}\"},\"query-input\":{\"@type\":\"PropertyValueSpecification\",\"valueRequired\":true,\"valueName\":\"search_term_string\"}}],\"inLanguage\":\"et\"}]}<\/script>\n<!-- \/ Yoast SEO plugin. -->","yoast_head_json":{"title":"Aiamaja Vels5 19,9 m\u00b2 - Alekeskus","description":"Vels5 on hea hinnaga suur aiamaja paarisuksega ja p\u00f5randaga.","robots":{"index":"index","follow":"follow","max-snippet":"max-snippet:-1","max-image-preview":"max-image-preview:large","max-video-preview":"max-video-preview:-1"},"canonical":"https:\/\/alekeskus.eu\/et\/toode\/aiamaja-vels5-199-alekeskus\/","og_locale":"et_EE","og_type":"article","og_title":"Aiamaja Vels5 19,9 m\u00b2 - Alekeskus","og_description":"Vels5 on hea hinnaga suur aiamaja paarisuksega ja p\u00f5randaga.","og_url":"https:\/\/alekeskus.eu\/et\/toode\/aiamaja-vels5-199-alekeskus\/","og_site_name":"Alekeskus","article_modified_time":"2026-03-03T13:36:07+00:00","og_image":[{"width":1600,"height":1067,"url":"https:\/\/alekeskus.eu\/wp-content\/uploads\/2021\/11\/Wels5-loodus-scaled.jpg","type":"image\/jpeg"}],"twitter_card":"summary_large_image","twitter_misc":{"Est. reading time":"1 minut"},"schema":{"@context":"https:\/\/schema.org","@graph":[{"@type":"WebPage","@id":"https:\/\/alekeskus.eu\/et\/toode\/aiamaja-vels5-199-alekeskus\/","url":"https:\/\/alekeskus.eu\/et\/toode\/aiamaja-vels5-199-alekeskus\/","name":"Aiamaja Vels5 19,9 m\u00b2 - Alekeskus","isPartOf":{"@id":"https:\/\/alekeskus.eu\/#website"},"primaryImageOfPage":{"@id":"https:\/\/alekeskus.eu\/et\/toode\/aiamaja-vels5-199-alekeskus\/#primaryimage"},"image":{"@id":"https:\/\/alekeskus.eu\/et\/toode\/aiamaja-vels5-199-alekeskus\/#primaryimage"},"thumbnailUrl":"https:\/\/alekeskus.eu\/wp-content\/uploads\/2021\/11\/Wels5-loodus-scaled.jpg","datePublished":"2025-11-11T22:47:33+00:00","dateModified":"2026-03-03T13:36:07+00:00","description":"Vels5 on hea hinnaga suur aiamaja paarisuksega ja p\u00f5randaga.","breadcrumb":{"@id":"https:\/\/alekeskus.eu\/et\/toode\/aiamaja-vels5-199-alekeskus\/#breadcrumb"},"inLanguage":"et","potentialAction":[{"@type":"ReadAction","target":["https:\/\/alekeskus.eu\/et\/toode\/aiamaja-vels5-199-alekeskus\/"]}]},{"@type":"ImageObject","inLanguage":"et","@id":"https:\/\/alekeskus.eu\/et\/toode\/aiamaja-vels5-199-alekeskus\/#primaryimage","url":"https:\/\/alekeskus.eu\/wp-content\/uploads\/2021\/11\/Wels5-loodus-scaled.jpg","contentUrl":"https:\/\/alekeskus.eu\/wp-content\/uploads\/2021\/11\/Wels5-loodus-scaled.jpg","width":1600,"height":1067},{"@type":"BreadcrumbList","@id":"https:\/\/alekeskus.eu\/et\/toode\/aiamaja-vels5-199-alekeskus\/#breadcrumb","itemListElement":[{"@type":"ListItem","position":1,"name":"Avaleht","item":"https:\/\/alekeskus.eu\/et\/"},{"@type":"ListItem","position":2,"name":"Pood","item":"https:\/\/alekeskus.eu\/pood\/"},{"@type":"ListItem","position":3,"name":"Aiamaja Vels5 19,9 m\u00b2"}]},{"@type":"WebSite","@id":"https:\/\/alekeskus.eu\/#website","url":"https:\/\/alekeskus.eu\/","name":"Alekeskus","description":"Alekeskus.eu","potentialAction":[{"@type":"SearchAction","target":{"@type":"EntryPoint","urlTemplate":"https:\/\/alekeskus.eu\/?s={search_term_string}"},"query-input":{"@type":"PropertyValueSpecification","valueRequired":true,"valueName":"search_term_string"}}],"inLanguage":"et"}]}},"brands":[],"_links":{"self":[{"href":"https:\/\/alekeskus.eu\/et\/wp-json\/wp\/v2\/product\/68102","targetHints":{"allow":["GET"]}}],"collection":[{"href":"https:\/\/alekeskus.eu\/et\/wp-json\/wp\/v2\/product"}],"about":[{"href":"https:\/\/alekeskus.eu\/et\/wp-json\/wp\/v2\/types\/product"}],"wp:featuredmedia":[{"embeddable":true,"href":"https:\/\/alekeskus.eu\/et\/wp-json\/wp\/v2\/media\/76878"}],"wp:attachment":[{"href":"https:\/\/alekeskus.eu\/et\/wp-json\/wp\/v2\/media?parent=68102"}],"wp:term":[{"taxonomy":"pwb-brand","embeddable":true,"href":"https:\/\/alekeskus.eu\/et\/wp-json\/wp\/v2\/pwb-brand?post=68102"},{"taxonomy":"product_brand","embeddable":true,"href":"https:\/\/alekeskus.eu\/et\/wp-json\/wp\/v2\/product_brand?post=68102"},{"taxonomy":"product_cat","embeddable":true,"href":"https:\/\/alekeskus.eu\/et\/wp-json\/wp\/v2\/product_cat?post=68102"},{"taxonomy":"product_tag","embeddable":true,"href":"https:\/\/alekeskus.eu\/et\/wp-json\/wp\/v2\/product_tag?post=68102"}],"curies":[{"name":"wp","href":"https:\/\/api.w.org\/{rel}","templated":true}]}}